{"id":50463,"date":"2026-04-30T12:46:00","date_gmt":"2026-04-30T10:46:00","guid":{"rendered":"https:\/\/visit.santcugat.cat\/declaracio-daccessibilitat\/"},"modified":"2026-05-04T10:07:48","modified_gmt":"2026-05-04T08:07:48","slug":"declaration-d-accessibilite","status":"publish","type":"page","link":"https:\/\/visit.santcugat.cat\/fr\/declaration-d-accessibilite\/","title":{"rendered":"D\u00e9claration d\u2019accessibilit\u00e9"},"content":{"rendered":"<div class=\"fusion-fullwidth fullwidth-box fusion-builder-row-1 fusion-flex-container nonhundred-percent-fullwidth non-hundred-percent-height-scrolling\" style=\"--awb-border-radius-top-left:0px;--awb-border-radius-top-right:0px;--awb-border-radius-bottom-right:0px;--awb-border-radius-bottom-left:0px;--awb-flex-wrap:wrap;\" ><div class=\"fusion-builder-row fusion-row fusion-flex-align-items-flex-start fusion-flex-content-wrap\" style=\"max-width:1216.8px;margin-left: calc(-4% \/ 2 );margin-right: calc(-4% \/ 2 );\"><div class=\"fusion-layout-column fusion_builder_column fusion-builder-column-0 fusion_builder_column_1_1 1_1 fusion-flex-column\" style=\"--awb-bg-blend:overlay;--awb-bg-size:cover;--awb-width-large:100%;--awb-margin-top-large:0px;--awb-spacing-right-large:1.92%;--awb-margin-bottom-large:0px;--awb-spacing-left-large:1.92%;--awb-width-medium:100%;--awb-spacing-right-medium:1.92%;--awb-spacing-left-medium:1.92%;--awb-width-small:100%;--awb-spacing-right-small:1.92%;--awb-spacing-left-small:1.92%;\"><div class=\"fusion-column-wrapper fusion-flex-justify-content-flex-start fusion-content-layout-column\"><div class=\"fusion-separator fusion-full-width-sep\" style=\"align-self: center;margin-left: auto;margin-right: auto;margin-top:30px;margin-bottom:30px;width:100%;\"><\/div><div class=\"fusion-text fusion-text-1\"><h1 class=\"p1\" style=\"--fontsize: 46; line-height: 1.11;\" data-fontsize=\"46\" data-lineheight=\"51.06px\">D\u00e9claration d\u2019accessibilit\u00e9 du service de tourisme de la mairie de Sant Cugat<\/h1>\n<p class=\"p2\"><span class=\"s1\">La mairie de Sant Cugat s\u2019est engag\u00e9e \u00e0 rendre son site web accessible conform\u00e9ment au <\/span><a class=\"ljoptimizer\" href=\"https:\/\/www.boe.es\/buscar\/act.php?id=BOE-A-2018-12699\" rel=\"nofollow nofollow\" data-hasqtip=\"41606\" aria-describedby=\"qtip-41606\" target=\"_blank\">d\u00e9cret royal 1112\/2018 du 7 septembre relatif \u00e0 l\u2019accessibilit\u00e9 des sites web et des applications mobiles du secteur public <\/a><span class=\"s1\">(ci-apr\u00e8s, d\u00e9cret royal 1112\/2018 du 7 septembre).<\/span><\/p>\n<p class=\"p2\">La pr\u00e9sente d\u00e9claration d\u2019accessibilit\u00e9 s\u2019applique \u00e0 <a href=\"https:\/\/visit.santcugat.cat\/fr\/\" rel=\"nofollow\" data-hasqtip=\"0\"><span class=\"s2\">https:\/\/visit.santcugat.cat\/ <\/span><\/a><\/p>\n<p class=\"p2\"><b>Ce site web a \u00e9t\u00e9 d\u00e9velopp\u00e9 conform\u00e9ment aux exigences de la norme UNE-EN 301549:2022, en tenant compte des exceptions pr\u00e9vues par le d\u00e9cret royal 1112\/2018.<\/b><\/p>\n<h2 class=\"p5\" style=\"--fontsize: 26; line-height: 1.69;\" data-fontsize=\"26\" data-lineheight=\"43.94px\">Niveau de conformit\u00e9<\/h2>\n<p class=\"p2\">Ce site web est partiellement conforme au d\u00e9cret royal 1112\/2018 du 7 septembre en raison de non-conformit\u00e9s sur certains aspects. Le site web a \u00e9t\u00e9 d\u00e9velopp\u00e9 conform\u00e9ment aux exigences du niveau AA de la norme UNE-EN 301549:2022, en tenant compte des exceptions pr\u00e9vues par le d\u00e9cret royal 1112\/2018.<\/p>\n<h3 class=\"p6\" style=\"--fontsize: 24; line-height: 1.67;\" data-fontsize=\"24\" data-lineheight=\"40.08px\">Contenu non accessible<\/h3>\n<p class=\"p2\">Le contenu ci-dessous n\u2019est pas accessible pour les raisons suivantes :<\/p>\n<p class=\"p2\">A) Non-conformit\u00e9 avec le d\u00e9cret royal 1112\/2018 du 7 septembre :<\/p>\n<p>Il peut exister des contenus tiers ou des pages externes non d\u00e9velopp\u00e9s par cet organisme qui ne respectent pas enti\u00e8rement les exigences d\u2019accessibilit\u00e9.<\/p>\n<p>Il peut exister des documents au format PDF publi\u00e9s apr\u00e8s le 20 septembre 2018 qui ne respectent pas enti\u00e8rement les exigences d\u2019accessibilit\u00e9.<\/p>\n<p>Il peut exister des erreurs ponctuelles de conformit\u00e9 aux crit\u00e8res WCAG 2.1 niveau AA dans certains contenus.<\/p>\n<p class=\"p9\">B) Charge disproportionn\u00e9e : Non applicable.<\/p>\n<p class=\"p9\">C) Contenu hors du champ d\u2019application de la l\u00e9gislation applicable :<\/p>\n<p class=\"p2\">Le site web peut contenir des fichiers bureautiques au format PDF, des contenus multim\u00e9dias ou d\u2019autres formats publi\u00e9s avant septembre 2018 qui ne respectent pas toutes les exigences d\u2019accessibilit\u00e9.<\/p>\n<h2 class=\"p5\" style=\"--fontsize: 26; line-height: 1.69;\" data-fontsize=\"26\" data-lineheight=\"43.94px\">Pr\u00e9paration de la pr\u00e9sente d\u00e9claration d\u2019accessibilit\u00e9<\/h2>\n<p class=\"p2\">La pr\u00e9sente d\u00e9claration a \u00e9t\u00e9 pr\u00e9par\u00e9e le 30 avril 2026.<\/p>\n<p class=\"p2\">La m\u00e9thode utilis\u00e9e pour \u00e9tablir la pr\u00e9sente d\u00e9claration a \u00e9t\u00e9 l\u2019audit d\u2019accessibilit\u00e9 externe r\u00e9alis\u00e9 par <strong>Databot Technologies S.L., une entreprise sp\u00e9cialis\u00e9e dans l\u2019accessibilit\u00e9 web.<\/strong><\/p>\n<p class=\"p2\">Derni\u00e8re r\u00e9vision de la d\u00e9claration : 30<i>\/04\/2026<\/i><\/p>\n<h2 class=\"p5\" style=\"--fontsize: 26; line-height: 1.69;\" data-fontsize=\"26\" data-lineheight=\"43.94px\">Observations et coordonn\u00e9es de contact<\/h2>\n<p class=\"p2\">Il est possible de soumettre des communications relatives aux exigences d\u2019accessibilit\u00e9 (article 10.2.a du d\u00e9cret royal 1112\/2018) via le <span class=\"s8\"><a href=\"https:\/\/santcugat.cat\/web\/formulari-de-contacte-unitat-responsable-daccessibilitat\" target=\"_blank\" rel=\"nofollow\"><b>formulaire<\/b><\/a> de contact suivant ou en appelant le 010.<\/span><\/p>\n<p class=\"p2\">Par exemple :<\/p>\n<ul>\n<li class=\"p2\">Signaler tout \u00e9ventuel manquement de ce site web.<\/li>\n<li class=\"p2\">Signaler d\u2019autres difficult\u00e9s d\u2019acc\u00e8s au contenu.<\/li>\n<li class=\"p2\">Formuler toute autre demande ou suggestion d\u2019am\u00e9lioration relative \u00e0 l\u2019accessibilit\u00e9 du site web.<\/li>\n<\/ul>\n<p class=\"p2\">Les communications seront re\u00e7ues et trait\u00e9es par la Vice-mairie charg\u00e9e de la Bonne Gouvernance, de la Transparence, de la Participation et des Quartiers, en tant qu\u2019unit\u00e9 responsable de l\u2019accessibilit\u00e9 web de la mairie de Sant Cugat.<\/p>\n<h3 class=\"p6\" style=\"--fontsize: 24; line-height: 1.67;\" data-fontsize=\"24\" data-lineheight=\"40.08px\">Demandes d\u2019informations accessibles et r\u00e9clamations<\/h3>\n<p class=\"p2\">Pour effectuer des demandes d\u2019informations accessibles et des r\u00e9clamations (article 12 du d\u00e9cret royal 1112\/2018), il convient d\u2019acc\u00e9der \u00e0 <b><a href=\"https:\/\/seu.santcugat.cat\/seu\/ProcedimientoTabs.aspx?tab=1&amp;idProc=180&amp;idnct=1768&amp;x=msla8nFlrRM64OQ\/H3Kxuw\" rel=\"nofollow\" data-hasqtip=\"2\" aria-describedby=\"qtip-2\" target=\"_blank\">la proc\u00e9dure de r\u00e9clamations de la plateforme \u00e9lectronique<\/a> <\/b><span class=\"s9\">en indiquant \u00ab <strong>URA &#8211; Demandes d\u2019informations accessibles et r\u00e9clamations<\/strong> \u00bb.<\/span><\/p>\n<p class=\"p2\">Les demandes d\u2019informations et les r\u00e9clamations seront re\u00e7ues et trait\u00e9es par le responsable du site web.<\/p>\n<p class=\"p2\">Toute personne physique ou morale peut formuler des r\u00e9clamations relatives au respect des exigences du d\u00e9cret royal 1112\/2018 et demander des informations concernant des contenus exclus du champ d\u2019application de cette r\u00e9glementation.<\/p>\n<p class=\"p2\">Les demandes et r\u00e9clamations sont enregistr\u00e9es conform\u00e9ment aux exigences \u00e9tablies par la loi 39\/2015 du 1er octobre, relative \u00e0 la proc\u00e9dure administrative commune des administrations publiques.<\/p>\n<h3 class=\"p6\" style=\"--fontsize: 24; line-height: 1.67;\" data-fontsize=\"24\" data-lineheight=\"40.08px\">Proc\u00e9dure d\u2019application<\/h3>\n<p class=\"p2\">La proc\u00e9dure d\u2019application pr\u00e9vue \u00e0 l\u2019article 13 du d\u00e9cret royal 1112\/2018 peut \u00eatre engag\u00e9e via la <a href=\"https:\/\/seu.santcugat.cat\/seu\/ProcedimientoTabs.aspx?tab=1&amp;idProc=180&amp;idnct=1768&amp;x=msla8nFlrRM64OQ\/H3Kxuw\" target=\"_blank\" rel=\"nofollow\" data-hasqtip=\"1\">proc\u00e9dure de r\u00e9clamations de la plateforme \u00e9lectronique<\/a> <span class=\"s9\">en indiquant \u00ab <strong>URA &#8211; Demandes d\u2019informations accessibles et r\u00e9clamations<\/strong> \u00bb.<\/span><\/p>\n<p class=\"p2\">Si, apr\u00e8s avoir formul\u00e9 une demande d\u2019informations accessibles ou une r\u00e9clamation, celle-ci a \u00e9t\u00e9 rejet\u00e9e, que vous n\u2019\u00eates pas d\u2019accord avec la d\u00e9cision prise ou que la r\u00e9ponse ne respecte pas les exigences de l\u2019article 12.5 du d\u00e9cret royal 1112\/2018, vous pouvez introduire une r\u00e9clamation par\u2026<\/p>\n<ul>\n<li>prendre connaissance des motifs du rejet et les contester<\/li>\n<li>demander l\u2019adoption des mesures appropri\u00e9es en cas de d\u00e9saccord avec la d\u00e9cision prise<\/li>\n<li>exposer les raisons pour lesquelles vous estimez que la r\u00e9ponse ne respecte pas les exigences requises<\/li>\n<\/ul>\n<p class=\"p2\">Il est \u00e9galement possible d\u2019introduire une r\u00e9clamation si 20 jours ouvrables se sont \u00e9coul\u00e9s sans avoir re\u00e7u de r\u00e9ponse.<\/p>\n<p class=\"p11\">Les r\u00e9clamations sont re\u00e7ues et trait\u00e9es par la Vice-mairie charg\u00e9e de la Bonne Gouvernance, de la Transparence, de la Participation et des Quartiers, en tant qu\u2019unit\u00e9 responsable de l\u2019accessibilit\u00e9 web de la mairie de Sant Cugat.<\/p>\n<h2 class=\"p6\" style=\"--fontsize: 26; line-height: 1.69;\" data-fontsize=\"26\" data-lineheight=\"43.94px\">L\u2019engagement de la mairie de Sant Cugat en faveur de l\u2019accessibilit\u00e9<\/h2>\n<p class=\"p4\">Ce site web a \u00e9t\u00e9 d\u00e9velopp\u00e9 conform\u00e9ment aux exigences de la <b>norme UNE-EN 301549:2022, en tenant compte des exceptions pr\u00e9vues par le d\u00e9cret royal 1112\/2018.<\/b><\/p>\n<p class=\"p2\">Le site web de tourisme de la mairie de Sant Cugat a \u00e9t\u00e9 con\u00e7u dans le but de faciliter l\u2019acc\u00e8s universel \u00e0 toutes les personnes qui le consultent, ind\u00e9pendamment de leurs capacit\u00e9s physiques, sensorielles ou intellectuelles, ainsi que du contexte technique d\u2019utilisation (type d\u2019appareil, logiciel, vitesse de connexion, conditions environnementales, etc.).<\/p>\n<p class=\"p2\">C\u2019est pourquoi nous travaillons afin d\u2019\u00e9liminer les obstacles qui entravent l\u2019acc\u00e8s \u00e0 l\u2019information et \u00e0 la communication.<\/p>\n<p class=\"p2\">L\u2019engagement de la mairie est de continuer \u00e0 travailler pour atteindre la conformit\u00e9 compl\u00e8te au niveau AA, comme l\u2019exigent les administrations publiques conform\u00e9ment aux l\u00e9gislations europ\u00e9enne et nationale.<\/p>\n<p class=\"p3\"><a href=\"https:\/\/eur-lex.europa.eu\/legal-content\/ES\/TXT\/?uri=uriserv:OJ.L_.2016.327.01.0001.01.SPA&amp;toc=OJ:L:2016:327:FULL\" target=\"_blank\" rel=\"nofollow\" data-hasqtip=\"2\"><span class=\"s1\">La directive (UE) 2016\/2102 du Parlement europ\u00e9en et du Conseil du 26 octobre 2016<\/span><span class=\"s2\"> <\/span><\/a>\u00e9tablit les r\u00e8gles impos\u00e9es aux \u00c9tats membres afin que tous les sites web et applications mobiles du secteur public, quel que soit le dispositif utilis\u00e9 pour y acc\u00e9der, respectent les exigences d\u2019accessibilit\u00e9 d\u00e9finies dans la norme<b> <span style=\"color: #ff0000;\"><span class=\"s10\"><span style=\"color: rgba(0, 0, 0, 0.67);\">UNE-EN 301549:2022<\/span><\/span><span style=\"color: rgba(0, 0, 0, 0.67);\">,<\/span><\/span><\/b> relative aux exigences d\u2019accessibilit\u00e9 pour la passation de march\u00e9s publics de produits et services TIC en Europe.<\/p>\n<p class=\"p2\">La norme <span class=\"s10\" style=\"color: #ff0000;\"><span style=\"color: rgba(2, 0, 0, 0.83);\"><b>UNE-EN 301549:2022<\/b><\/span> <\/span>est principalement bas\u00e9e sur les Web Content Accessibility Guidelines (WCAG) 2.1, d\u2019ao\u00fbt 2018. En particulier, le niveau AA doit \u00eatre respect\u00e9. Toutefois, la norme comprend \u00e9galement d\u2019autres exigences suppl\u00e9mentaires, obligatoires et conditionnelles.<\/p>\n<p class=\"p2\">La directive est obligatoire mais ne s\u2019applique pas directement ; c\u2019est pourquoi, au niveau national, un d\u00e9cret royal a \u00e9t\u00e9 \u00e9labor\u00e9 afin d\u2019en d\u00e9finir la port\u00e9e et les exigences, au minimum. La transposition nationale est le d\u00e9cret royal 1112\/2018 du 7 septembre relatif \u00e0 l\u2019accessibilit\u00e9 des sites web et des applications mobiles du secteur public.<\/p>\n<\/div><div class=\"fusion-separator fusion-full-width-sep\" style=\"align-self: center;margin-left: auto;margin-right: auto;margin-top:30px;margin-bottom:30px;width:100%;\"><\/div><\/div><\/div><\/div><\/div>\n","protected":false},"excerpt":{"rendered":"","protected":false},"author":2,"featured_media":0,"parent":0,"menu_order":0,"comment_status":"closed","ping_status":"closed","template":"","meta":{"_joinchat":[],"footnotes":""},"class_list":["post-50463","page","type-page","status-publish","hentry"],"yoast_head":"<!-- This site is optimized with the Yoast SEO plugin v27.5 - https:\/\/yoast.com\/product\/yoast-seo-wordpress\/ -->\n<title>d\u00e9claration d\u2019accessibilit\u00e9<\/title>\n<meta name=\"description\" content=\"La mairie de Sant Cugat travaille \u00e0 rendre son site web accessible conform\u00e9ment au d\u00e9cret royal 1112\/2018 du 7 septembre.\" \/>\n<meta name=\"robots\" content=\"noindex, nofollow\" \/>\n<meta property=\"og:locale\" content=\"fr_FR\" \/>\n<meta property=\"og:type\" content=\"article\" \/>\n<meta property=\"og:title\" content=\"d\u00e9claration d\u2019accessibilit\u00e9\" \/>\n<meta property=\"og:description\" content=\"La mairie de Sant Cugat travaille \u00e0 rendre son site web accessible conform\u00e9ment au d\u00e9cret royal 1112\/2018 du 7 septembre.\" \/>\n<meta property=\"og:url\" content=\"https:\/\/visit.santcugat.cat\/fr\/declaration-d-accessibilite\/\" \/>\n<meta property=\"og:site_name\" content=\"Visit Sant Cugat\" \/>\n<meta property=\"article:publisher\" content=\"https:\/\/www.facebook.com\/visitsantcugat\/\" \/>\n<meta property=\"article:modified_time\" content=\"2026-05-04T08:07:48+00:00\" \/>\n<meta property=\"og:image\" content=\"https:\/\/visit.santcugat.cat\/wp-content\/uploads\/2023\/03\/CLAUSTRE-MONASTERIO-DE-SANT-CUGAT_resultado.webp\" \/>\n\t<meta property=\"og:image:width\" content=\"984\" \/>\n\t<meta property=\"og:image:height\" content=\"502\" \/>\n\t<meta property=\"og:image:type\" content=\"image\/webp\" \/>\n<meta name=\"twitter:card\" content=\"summary_large_image\" \/>\n<meta name=\"twitter:site\" content=\"@ajsantcugat\" \/>\n<meta name=\"twitter:label1\" content=\"Dur\u00e9e de lecture estim\u00e9e\" \/>\n\t<meta name=\"twitter:data1\" content=\"5 minutes\" \/>\n<script type=\"application\/ld+json\" class=\"yoast-schema-graph\">{\"@context\":\"https:\\\/\\\/schema.org\",\"@graph\":[{\"@type\":\"WebPage\",\"@id\":\"https:\\\/\\\/visit.santcugat.cat\\\/fr\\\/declaration-d-accessibilite\\\/\",\"url\":\"https:\\\/\\\/visit.santcugat.cat\\\/fr\\\/declaration-d-accessibilite\\\/\",\"name\":\"d\u00e9claration d\u2019accessibilit\u00e9\",\"isPartOf\":{\"@id\":\"https:\\\/\\\/visit.santcugat.cat\\\/fr\\\/#website\"},\"datePublished\":\"2026-04-30T10:46:00+00:00\",\"dateModified\":\"2026-05-04T08:07:48+00:00\",\"description\":\"La mairie de Sant Cugat travaille \u00e0 rendre son site web accessible conform\u00e9ment au d\u00e9cret royal 1112\\\/2018 du 7 septembre.\",\"breadcrumb\":{\"@id\":\"https:\\\/\\\/visit.santcugat.cat\\\/fr\\\/declaration-d-accessibilite\\\/#breadcrumb\"},\"inLanguage\":\"fr-FR\",\"potentialAction\":[{\"@type\":\"ReadAction\",\"target\":[\"https:\\\/\\\/visit.santcugat.cat\\\/fr\\\/declaration-d-accessibilite\\\/\"]}]},{\"@type\":\"BreadcrumbList\",\"@id\":\"https:\\\/\\\/visit.santcugat.cat\\\/fr\\\/declaration-d-accessibilite\\\/#breadcrumb\",\"itemListElement\":[{\"@type\":\"ListItem\",\"position\":1,\"name\":\"Inici\",\"item\":\"https:\\\/\\\/visit.santcugat.cat\\\/en\\\/\"},{\"@type\":\"ListItem\",\"position\":2,\"name\":\"D\u00e9claration d\u2019accessibilit\u00e9\"}]},{\"@type\":\"WebSite\",\"@id\":\"https:\\\/\\\/visit.santcugat.cat\\\/fr\\\/#website\",\"url\":\"https:\\\/\\\/visit.santcugat.cat\\\/fr\\\/\",\"name\":\"Visit Sant Cugat\",\"description\":\"Turisme de Sant Cugat\",\"publisher\":{\"@id\":\"https:\\\/\\\/visit.santcugat.cat\\\/fr\\\/#organization\"},\"potentialAction\":[{\"@type\":\"SearchAction\",\"target\":{\"@type\":\"EntryPoint\",\"urlTemplate\":\"https:\\\/\\\/visit.santcugat.cat\\\/fr\\\/?s={search_term_string}\"},\"query-input\":{\"@type\":\"PropertyValueSpecification\",\"valueRequired\":true,\"valueName\":\"search_term_string\"}}],\"inLanguage\":\"fr-FR\"},{\"@type\":\"Organization\",\"@id\":\"https:\\\/\\\/visit.santcugat.cat\\\/fr\\\/#organization\",\"name\":\"Visit Sant Cugat - Turisme de Sant Cugat - Barcelona\",\"url\":\"https:\\\/\\\/visit.santcugat.cat\\\/fr\\\/\",\"logo\":{\"@type\":\"ImageObject\",\"inLanguage\":\"fr-FR\",\"@id\":\"https:\\\/\\\/visit.santcugat.cat\\\/fr\\\/#\\\/schema\\\/logo\\\/image\\\/\",\"url\":\"https:\\\/\\\/visit.santcugat.cat\\\/wp-content\\\/uploads\\\/2020\\\/09\\\/logo.png\",\"contentUrl\":\"https:\\\/\\\/visit.santcugat.cat\\\/wp-content\\\/uploads\\\/2020\\\/09\\\/logo.png\",\"width\":200,\"height\":44,\"caption\":\"Visit Sant Cugat - Turisme de Sant Cugat - Barcelona\"},\"image\":{\"@id\":\"https:\\\/\\\/visit.santcugat.cat\\\/fr\\\/#\\\/schema\\\/logo\\\/image\\\/\"},\"sameAs\":[\"https:\\\/\\\/www.facebook.com\\\/visitsantcugat\\\/\",\"https:\\\/\\\/x.com\\\/ajsantcugat\",\"https:\\\/\\\/www.instagram.com\\\/visitsantcugat\\\/\",\"https:\\\/\\\/ca.wikipedia.org\\\/wiki\\\/Sant_Cugat_del_Vall\u00e8s\"]}]}<\/script>\n<!-- \/ Yoast SEO plugin. -->","yoast_head_json":{"title":"d\u00e9claration d\u2019accessibilit\u00e9","description":"La mairie de Sant Cugat travaille \u00e0 rendre son site web accessible conform\u00e9ment au d\u00e9cret royal 1112\/2018 du 7 septembre.","robots":{"index":"noindex","follow":"nofollow"},"og_locale":"fr_FR","og_type":"article","og_title":"d\u00e9claration d\u2019accessibilit\u00e9","og_description":"La mairie de Sant Cugat travaille \u00e0 rendre son site web accessible conform\u00e9ment au d\u00e9cret royal 1112\/2018 du 7 septembre.","og_url":"https:\/\/visit.santcugat.cat\/fr\/declaration-d-accessibilite\/","og_site_name":"Visit Sant Cugat","article_publisher":"https:\/\/www.facebook.com\/visitsantcugat\/","article_modified_time":"2026-05-04T08:07:48+00:00","og_image":[{"width":984,"height":502,"url":"https:\/\/visit.santcugat.cat\/wp-content\/uploads\/2023\/03\/CLAUSTRE-MONASTERIO-DE-SANT-CUGAT_resultado.webp","type":"image\/webp"}],"twitter_card":"summary_large_image","twitter_site":"@ajsantcugat","twitter_misc":{"Dur\u00e9e de lecture estim\u00e9e":"5 minutes"},"schema":{"@context":"https:\/\/schema.org","@graph":[{"@type":"WebPage","@id":"https:\/\/visit.santcugat.cat\/fr\/declaration-d-accessibilite\/","url":"https:\/\/visit.santcugat.cat\/fr\/declaration-d-accessibilite\/","name":"d\u00e9claration d\u2019accessibilit\u00e9","isPartOf":{"@id":"https:\/\/visit.santcugat.cat\/fr\/#website"},"datePublished":"2026-04-30T10:46:00+00:00","dateModified":"2026-05-04T08:07:48+00:00","description":"La mairie de Sant Cugat travaille \u00e0 rendre son site web accessible conform\u00e9ment au d\u00e9cret royal 1112\/2018 du 7 septembre.","breadcrumb":{"@id":"https:\/\/visit.santcugat.cat\/fr\/declaration-d-accessibilite\/#breadcrumb"},"inLanguage":"fr-FR","potentialAction":[{"@type":"ReadAction","target":["https:\/\/visit.santcugat.cat\/fr\/declaration-d-accessibilite\/"]}]},{"@type":"BreadcrumbList","@id":"https:\/\/visit.santcugat.cat\/fr\/declaration-d-accessibilite\/#breadcrumb","itemListElement":[{"@type":"ListItem","position":1,"name":"Inici","item":"https:\/\/visit.santcugat.cat\/en\/"},{"@type":"ListItem","position":2,"name":"D\u00e9claration d\u2019accessibilit\u00e9"}]},{"@type":"WebSite","@id":"https:\/\/visit.santcugat.cat\/fr\/#website","url":"https:\/\/visit.santcugat.cat\/fr\/","name":"Visit Sant Cugat","description":"Turisme de Sant Cugat","publisher":{"@id":"https:\/\/visit.santcugat.cat\/fr\/#organization"},"potentialAction":[{"@type":"SearchAction","target":{"@type":"EntryPoint","urlTemplate":"https:\/\/visit.santcugat.cat\/fr\/?s={search_term_string}"},"query-input":{"@type":"PropertyValueSpecification","valueRequired":true,"valueName":"search_term_string"}}],"inLanguage":"fr-FR"},{"@type":"Organization","@id":"https:\/\/visit.santcugat.cat\/fr\/#organization","name":"Visit Sant Cugat - Turisme de Sant Cugat - Barcelona","url":"https:\/\/visit.santcugat.cat\/fr\/","logo":{"@type":"ImageObject","inLanguage":"fr-FR","@id":"https:\/\/visit.santcugat.cat\/fr\/#\/schema\/logo\/image\/","url":"https:\/\/visit.santcugat.cat\/wp-content\/uploads\/2020\/09\/logo.png","contentUrl":"https:\/\/visit.santcugat.cat\/wp-content\/uploads\/2020\/09\/logo.png","width":200,"height":44,"caption":"Visit Sant Cugat - Turisme de Sant Cugat - Barcelona"},"image":{"@id":"https:\/\/visit.santcugat.cat\/fr\/#\/schema\/logo\/image\/"},"sameAs":["https:\/\/www.facebook.com\/visitsantcugat\/","https:\/\/x.com\/ajsantcugat","https:\/\/www.instagram.com\/visitsantcugat\/","https:\/\/ca.wikipedia.org\/wiki\/Sant_Cugat_del_Vall\u00e8s"]}]}},"_links":{"self":[{"href":"https:\/\/visit.santcugat.cat\/fr\/wp-json\/wp\/v2\/pages\/50463","targetHints":{"allow":["GET"]}}],"collection":[{"href":"https:\/\/visit.santcugat.cat\/fr\/wp-json\/wp\/v2\/pages"}],"about":[{"href":"https:\/\/visit.santcugat.cat\/fr\/wp-json\/wp\/v2\/types\/page"}],"author":[{"embeddable":true,"href":"https:\/\/visit.santcugat.cat\/fr\/wp-json\/wp\/v2\/users\/2"}],"replies":[{"embeddable":true,"href":"https:\/\/visit.santcugat.cat\/fr\/wp-json\/wp\/v2\/comments?post=50463"}],"version-history":[{"count":3,"href":"https:\/\/visit.santcugat.cat\/fr\/wp-json\/wp\/v2\/pages\/50463\/revisions"}],"predecessor-version":[{"id":50496,"href":"https:\/\/visit.santcugat.cat\/fr\/wp-json\/wp\/v2\/pages\/50463\/revisions\/50496"}],"wp:attachment":[{"href":"https:\/\/visit.santcugat.cat\/fr\/wp-json\/wp\/v2\/media?parent=50463"}],"curies":[{"name":"wp","href":"https:\/\/api.w.org\/{rel}","templated":true}]}}