{"id":24934,"date":"2021-02-10T12:16:55","date_gmt":"2021-02-10T11:16:55","guid":{"rendered":"https:\/\/visit.santcugat.cat\/horaires-du-monastere\/"},"modified":"2026-01-09T12:02:56","modified_gmt":"2026-01-09T11:02:56","slug":"horaires-du-monastere","status":"publish","type":"page","link":"https:\/\/visit.santcugat.cat\/fr\/horaires-du-monastere\/","title":{"rendered":"Horaires du Monast\u00e8re de Sant Cugat"},"content":{"rendered":"<div class=\"fusion-fullwidth fullwidth-box fusion-builder-row-1 fusion-flex-container nonhundred-percent-fullwidth non-hundred-percent-height-scrolling\" style=\"--awb-border-radius-top-left:0px;--awb-border-radius-top-right:0px;--awb-border-radius-bottom-right:0px;--awb-border-radius-bottom-left:0px;--awb-flex-wrap:wrap;\" ><div class=\"fusion-builder-row fusion-row fusion-flex-align-items-flex-start fusion-flex-content-wrap\" style=\"max-width:1216.8px;margin-left: calc(-4% \/ 2 );margin-right: calc(-4% \/ 2 );\"><div class=\"fusion-layout-column fusion_builder_column fusion-builder-column-0 fusion_builder_column_1_2 1_2 fusion-flex-column\" style=\"--awb-bg-size:cover;--awb-width-large:50%;--awb-margin-top-large:0px;--awb-spacing-right-large:3.84%;--awb-margin-bottom-large:0px;--awb-spacing-left-large:3.84%;--awb-width-medium:100%;--awb-spacing-right-medium:1.92%;--awb-spacing-left-medium:1.92%;--awb-width-small:100%;--awb-spacing-right-small:1.92%;--awb-spacing-left-small:1.92%;\"><div class=\"fusion-column-wrapper fusion-flex-justify-content-flex-start fusion-content-layout-column\"><div class=\"fusion-text fusion-text-1\"><h2><strong>Heures d\u2019ouverture du Monast\u00e8re de Sant Cugat<\/strong><\/h2>\n<h3>Horaires d\u2019ouverture du 1er octobre au 31 mai<\/h3>\n<p>Du mardi au samedi : de 10h30 \u00e0 13h30 et de 16h00 \u00e0 19h00<br \/>\nDimanche et jours f\u00e9ri\u00e9s : de 10h30 \u00e0 14h30<br \/>\nFermeture : les lundis (sauf jours f\u00e9ri\u00e9s), les 25 et 26 d\u00e9cembre, ainsi que les 1er et 6 janvier.<\/p>\n<h3>Heures d\u2019ouverture du 1er juin au 30 septembre<\/h3>\n<p>Du mardi au samedi : de 10h30 \u00e0 13h30 et de 17h00 \u00e0 20h00<br \/>\nDimanche et jours f\u00e9ri\u00e9s : de 10h30 \u00e0 14h30<br \/>\nFermeture : les lundis (sauf jours f\u00e9ri\u00e9s).<\/p>\n<h2><strong>Horaires de l\u2019\u00e9glise du monast\u00e8re<\/strong><\/h2>\n<p>Matin : de 8h00 \u00e0 13h00<br \/>\nApr\u00e8s-midi : de 17h00 \u00e0 21h00<\/p>\n<\/div><\/div><\/div><div class=\"fusion-layout-column fusion_builder_column fusion-builder-column-1 fusion_builder_column_1_2 1_2 fusion-flex-column\" style=\"--awb-bg-size:cover;--awb-width-large:50%;--awb-margin-top-large:0px;--awb-spacing-right-large:3.84%;--awb-margin-bottom-large:0px;--awb-spacing-left-large:3.84%;--awb-width-medium:100%;--awb-spacing-right-medium:1.92%;--awb-spacing-left-medium:1.92%;--awb-width-small:100%;--awb-spacing-right-small:1.92%;--awb-spacing-left-small:1.92%;\"><div class=\"fusion-column-wrapper fusion-flex-justify-content-flex-start fusion-content-layout-column\"><div class=\"fusion-image-element \" style=\"--awb-caption-title-font-family:var(--h2_typography-font-family);--awb-caption-title-font-weight:var(--h2_typography-font-weight);--awb-caption-title-font-style:var(--h2_typography-font-style);--awb-caption-title-size:var(--h2_typography-font-size);--awb-caption-title-transform:var(--h2_typography-text-transform);--awb-caption-title-line-height:var(--h2_typography-line-height);--awb-caption-title-letter-spacing:var(--h2_typography-letter-spacing);\"><span class=\" fusion-imageframe imageframe-none imageframe-1 hover-type-none\"><img decoding=\"async\" width=\"367\" height=\"531\" alt=\"Horaire Monast\u00e8re de Sant Cugat\" title=\"horarios del monasterio claustro\" src=\"https:\/\/visit.santcugat.cat\/wp-content\/uploads\/2026\/01\/horarios-del-monasterio-claustro-1.jpg\" class=\"img-responsive wp-image-46082\" srcset=\"https:\/\/visit.santcugat.cat\/wp-content\/uploads\/2026\/01\/horarios-del-monasterio-claustro-1-200x289.jpg 200w, https:\/\/visit.santcugat.cat\/wp-content\/uploads\/2026\/01\/horarios-del-monasterio-claustro-1.jpg 367w\" sizes=\"(max-width: 1024px) 100vw, (max-width: 640px) 100vw, 367px\" \/><\/span><\/div><\/div><\/div><\/div><\/div>\n","protected":false},"excerpt":{"rendered":"","protected":false},"author":2,"featured_media":0,"parent":0,"menu_order":0,"comment_status":"closed","ping_status":"closed","template":"","meta":{"_joinchat":[],"footnotes":""},"class_list":["post-24934","page","type-page","status-publish","hentry"],"yoast_head":"<!-- This site is optimized with the Yoast SEO plugin v27.4 - https:\/\/yoast.com\/product\/yoast-seo-wordpress\/ -->\n<title>Horaires du Monast\u00e8re de Sant Cugat<\/title>\n<meta name=\"description\" content=\"Ici vous trouverez toutes les informations sur les heures du monast\u00e8re et de l&#039;\u00e9glise du monast\u00e8re de Sant Cugat. Entre dans!\" \/>\n<meta name=\"robots\" content=\"index, follow, max-snippet:-1, max-image-preview:large, max-video-preview:-1\" \/>\n<link rel=\"canonical\" href=\"https:\/\/visit.santcugat.cat\/fr\/horaires-du-monastere\/\" \/>\n<meta property=\"og:locale\" content=\"fr_FR\" \/>\n<meta property=\"og:type\" content=\"article\" \/>\n<meta property=\"og:title\" content=\"Horaires du Monast\u00e8re de Sant Cugat\" \/>\n<meta property=\"og:description\" content=\"Ici vous trouverez toutes les informations sur les heures du monast\u00e8re et de l&#039;\u00e9glise du monast\u00e8re de Sant Cugat. Entre dans!\" \/>\n<meta property=\"og:url\" content=\"https:\/\/visit.santcugat.cat\/fr\/horaires-du-monastere\/\" \/>\n<meta property=\"og:site_name\" content=\"Visit Sant Cugat\" \/>\n<meta property=\"article:publisher\" content=\"https:\/\/www.facebook.com\/visitsantcugat\/\" \/>\n<meta property=\"article:modified_time\" content=\"2026-01-09T11:02:56+00:00\" \/>\n<meta property=\"og:image\" content=\"https:\/\/visit.santcugat.cat\/wp-content\/uploads\/2023\/03\/CLAUSTRE-MONASTERIO-DE-SANT-CUGAT_resultado.webp\" \/>\n\t<meta property=\"og:image:width\" content=\"984\" \/>\n\t<meta property=\"og:image:height\" content=\"502\" \/>\n\t<meta property=\"og:image:type\" content=\"image\/webp\" \/>\n<meta name=\"twitter:card\" content=\"summary_large_image\" \/>\n<meta name=\"twitter:site\" content=\"@ajsantcugat\" \/>\n<meta name=\"twitter:label1\" content=\"Dur\u00e9e de lecture estim\u00e9e\" \/>\n\t<meta name=\"twitter:data1\" content=\"1 minute\" \/>\n<script type=\"application\/ld+json\" class=\"yoast-schema-graph\">{\"@context\":\"https:\\\/\\\/schema.org\",\"@graph\":[{\"@type\":\"WebPage\",\"@id\":\"https:\\\/\\\/visit.santcugat.cat\\\/fr\\\/horaires-du-monastere\\\/\",\"url\":\"https:\\\/\\\/visit.santcugat.cat\\\/fr\\\/horaires-du-monastere\\\/\",\"name\":\"Horaires du Monast\u00e8re de Sant Cugat\",\"isPartOf\":{\"@id\":\"https:\\\/\\\/visit.santcugat.cat\\\/fr\\\/#website\"},\"datePublished\":\"2021-02-10T11:16:55+00:00\",\"dateModified\":\"2026-01-09T11:02:56+00:00\",\"description\":\"Ici vous trouverez toutes les informations sur les heures du monast\u00e8re et de l'\u00e9glise du monast\u00e8re de Sant Cugat. Entre dans!\",\"breadcrumb\":{\"@id\":\"https:\\\/\\\/visit.santcugat.cat\\\/fr\\\/horaires-du-monastere\\\/#breadcrumb\"},\"inLanguage\":\"fr-FR\",\"potentialAction\":[{\"@type\":\"ReadAction\",\"target\":[\"https:\\\/\\\/visit.santcugat.cat\\\/fr\\\/horaires-du-monastere\\\/\"]}]},{\"@type\":\"BreadcrumbList\",\"@id\":\"https:\\\/\\\/visit.santcugat.cat\\\/fr\\\/horaires-du-monastere\\\/#breadcrumb\",\"itemListElement\":[{\"@type\":\"ListItem\",\"position\":1,\"name\":\"Inici\",\"item\":\"https:\\\/\\\/visit.santcugat.cat\\\/fr\\\/\"},{\"@type\":\"ListItem\",\"position\":2,\"name\":\"Horaires du Monast\u00e8re de Sant Cugat\"}]},{\"@type\":\"WebSite\",\"@id\":\"https:\\\/\\\/visit.santcugat.cat\\\/fr\\\/#website\",\"url\":\"https:\\\/\\\/visit.santcugat.cat\\\/fr\\\/\",\"name\":\"Visit Sant Cugat\",\"description\":\"Turisme de Sant Cugat\",\"publisher\":{\"@id\":\"https:\\\/\\\/visit.santcugat.cat\\\/fr\\\/#organization\"},\"potentialAction\":[{\"@type\":\"SearchAction\",\"target\":{\"@type\":\"EntryPoint\",\"urlTemplate\":\"https:\\\/\\\/visit.santcugat.cat\\\/fr\\\/?s={search_term_string}\"},\"query-input\":{\"@type\":\"PropertyValueSpecification\",\"valueRequired\":true,\"valueName\":\"search_term_string\"}}],\"inLanguage\":\"fr-FR\"},{\"@type\":\"Organization\",\"@id\":\"https:\\\/\\\/visit.santcugat.cat\\\/fr\\\/#organization\",\"name\":\"Visit Sant Cugat - Turisme de Sant Cugat - Barcelona\",\"url\":\"https:\\\/\\\/visit.santcugat.cat\\\/fr\\\/\",\"logo\":{\"@type\":\"ImageObject\",\"inLanguage\":\"fr-FR\",\"@id\":\"https:\\\/\\\/visit.santcugat.cat\\\/fr\\\/#\\\/schema\\\/logo\\\/image\\\/\",\"url\":\"https:\\\/\\\/visit.santcugat.cat\\\/wp-content\\\/uploads\\\/2020\\\/09\\\/logo.png\",\"contentUrl\":\"https:\\\/\\\/visit.santcugat.cat\\\/wp-content\\\/uploads\\\/2020\\\/09\\\/logo.png\",\"width\":200,\"height\":44,\"caption\":\"Visit Sant Cugat - Turisme de Sant Cugat - Barcelona\"},\"image\":{\"@id\":\"https:\\\/\\\/visit.santcugat.cat\\\/fr\\\/#\\\/schema\\\/logo\\\/image\\\/\"},\"sameAs\":[\"https:\\\/\\\/www.facebook.com\\\/visitsantcugat\\\/\",\"https:\\\/\\\/x.com\\\/ajsantcugat\",\"https:\\\/\\\/www.instagram.com\\\/visitsantcugat\\\/\",\"https:\\\/\\\/ca.wikipedia.org\\\/wiki\\\/Sant_Cugat_del_Vall\u00e8s\"]}]}<\/script>\n<!-- \/ Yoast SEO plugin. -->","yoast_head_json":{"title":"Horaires du Monast\u00e8re de Sant Cugat","description":"Ici vous trouverez toutes les informations sur les heures du monast\u00e8re et de l'\u00e9glise du monast\u00e8re de Sant Cugat. Entre dans!","robots":{"index":"index","follow":"follow","max-snippet":"max-snippet:-1","max-image-preview":"max-image-preview:large","max-video-preview":"max-video-preview:-1"},"canonical":"https:\/\/visit.santcugat.cat\/fr\/horaires-du-monastere\/","og_locale":"fr_FR","og_type":"article","og_title":"Horaires du Monast\u00e8re de Sant Cugat","og_description":"Ici vous trouverez toutes les informations sur les heures du monast\u00e8re et de l'\u00e9glise du monast\u00e8re de Sant Cugat. Entre dans!","og_url":"https:\/\/visit.santcugat.cat\/fr\/horaires-du-monastere\/","og_site_name":"Visit Sant Cugat","article_publisher":"https:\/\/www.facebook.com\/visitsantcugat\/","article_modified_time":"2026-01-09T11:02:56+00:00","og_image":[{"width":984,"height":502,"url":"https:\/\/visit.santcugat.cat\/wp-content\/uploads\/2023\/03\/CLAUSTRE-MONASTERIO-DE-SANT-CUGAT_resultado.webp","type":"image\/webp"}],"twitter_card":"summary_large_image","twitter_site":"@ajsantcugat","twitter_misc":{"Dur\u00e9e de lecture estim\u00e9e":"1 minute"},"schema":{"@context":"https:\/\/schema.org","@graph":[{"@type":"WebPage","@id":"https:\/\/visit.santcugat.cat\/fr\/horaires-du-monastere\/","url":"https:\/\/visit.santcugat.cat\/fr\/horaires-du-monastere\/","name":"Horaires du Monast\u00e8re de Sant Cugat","isPartOf":{"@id":"https:\/\/visit.santcugat.cat\/fr\/#website"},"datePublished":"2021-02-10T11:16:55+00:00","dateModified":"2026-01-09T11:02:56+00:00","description":"Ici vous trouverez toutes les informations sur les heures du monast\u00e8re et de l'\u00e9glise du monast\u00e8re de Sant Cugat. Entre dans!","breadcrumb":{"@id":"https:\/\/visit.santcugat.cat\/fr\/horaires-du-monastere\/#breadcrumb"},"inLanguage":"fr-FR","potentialAction":[{"@type":"ReadAction","target":["https:\/\/visit.santcugat.cat\/fr\/horaires-du-monastere\/"]}]},{"@type":"BreadcrumbList","@id":"https:\/\/visit.santcugat.cat\/fr\/horaires-du-monastere\/#breadcrumb","itemListElement":[{"@type":"ListItem","position":1,"name":"Inici","item":"https:\/\/visit.santcugat.cat\/fr\/"},{"@type":"ListItem","position":2,"name":"Horaires du Monast\u00e8re de Sant Cugat"}]},{"@type":"WebSite","@id":"https:\/\/visit.santcugat.cat\/fr\/#website","url":"https:\/\/visit.santcugat.cat\/fr\/","name":"Visit Sant Cugat","description":"Turisme de Sant Cugat","publisher":{"@id":"https:\/\/visit.santcugat.cat\/fr\/#organization"},"potentialAction":[{"@type":"SearchAction","target":{"@type":"EntryPoint","urlTemplate":"https:\/\/visit.santcugat.cat\/fr\/?s={search_term_string}"},"query-input":{"@type":"PropertyValueSpecification","valueRequired":true,"valueName":"search_term_string"}}],"inLanguage":"fr-FR"},{"@type":"Organization","@id":"https:\/\/visit.santcugat.cat\/fr\/#organization","name":"Visit Sant Cugat - Turisme de Sant Cugat - Barcelona","url":"https:\/\/visit.santcugat.cat\/fr\/","logo":{"@type":"ImageObject","inLanguage":"fr-FR","@id":"https:\/\/visit.santcugat.cat\/fr\/#\/schema\/logo\/image\/","url":"https:\/\/visit.santcugat.cat\/wp-content\/uploads\/2020\/09\/logo.png","contentUrl":"https:\/\/visit.santcugat.cat\/wp-content\/uploads\/2020\/09\/logo.png","width":200,"height":44,"caption":"Visit Sant Cugat - Turisme de Sant Cugat - Barcelona"},"image":{"@id":"https:\/\/visit.santcugat.cat\/fr\/#\/schema\/logo\/image\/"},"sameAs":["https:\/\/www.facebook.com\/visitsantcugat\/","https:\/\/x.com\/ajsantcugat","https:\/\/www.instagram.com\/visitsantcugat\/","https:\/\/ca.wikipedia.org\/wiki\/Sant_Cugat_del_Vall\u00e8s"]}]}},"_links":{"self":[{"href":"https:\/\/visit.santcugat.cat\/fr\/wp-json\/wp\/v2\/pages\/24934","targetHints":{"allow":["GET"]}}],"collection":[{"href":"https:\/\/visit.santcugat.cat\/fr\/wp-json\/wp\/v2\/pages"}],"about":[{"href":"https:\/\/visit.santcugat.cat\/fr\/wp-json\/wp\/v2\/types\/page"}],"author":[{"embeddable":true,"href":"https:\/\/visit.santcugat.cat\/fr\/wp-json\/wp\/v2\/users\/2"}],"replies":[{"embeddable":true,"href":"https:\/\/visit.santcugat.cat\/fr\/wp-json\/wp\/v2\/comments?post=24934"}],"version-history":[{"count":8,"href":"https:\/\/visit.santcugat.cat\/fr\/wp-json\/wp\/v2\/pages\/24934\/revisions"}],"predecessor-version":[{"id":46086,"href":"https:\/\/visit.santcugat.cat\/fr\/wp-json\/wp\/v2\/pages\/24934\/revisions\/46086"}],"wp:attachment":[{"href":"https:\/\/visit.santcugat.cat\/fr\/wp-json\/wp\/v2\/media?parent=24934"}],"curies":[{"name":"wp","href":"https:\/\/api.w.org\/{rel}","templated":true}]}}