{"id":21159,"date":"2020-04-27T13:37:36","date_gmt":"2020-04-27T11:37:36","guid":{"rendered":"https:\/\/visit.santcugat.cat\/clocher\/"},"modified":"2023-12-03T22:07:57","modified_gmt":"2023-12-03T21:07:57","slug":"clocher","status":"publish","type":"page","link":"https:\/\/visit.santcugat.cat\/fr\/clocher\/","title":{"rendered":"Clocher"},"content":{"rendered":"<p><div class=\"fusion-fullwidth fullwidth-box fusion-builder-row-1 nonhundred-percent-fullwidth non-hundred-percent-height-scrolling\" style=\"--awb-border-radius-top-left:0px;--awb-border-radius-top-right:0px;--awb-border-radius-bottom-right:0px;--awb-border-radius-bottom-left:0px;--awb-margin-top:15px;--awb-margin-bottom:0px;--awb-flex-wrap:wrap;\" ><div class=\"fusion-builder-row fusion-row\"><div class=\"fusion-layout-column fusion_builder_column fusion-builder-column-0 fusion_builder_column_1_1 1_1 fusion-one-full fusion-column-first fusion-column-last\" style=\"--awb-padding-top:20px;--awb-padding-right:40px;--awb-padding-bottom:1px;--awb-padding-left:40px;--awb-bg-color:#ffffff;--awb-bg-color-hover:#ffffff;--awb-bg-size:cover;--awb-border-color:#dddddd;--awb-border-top:1px;--awb-border-right:1px;--awb-border-bottom:1px;--awb-border-left:1px;--awb-border-style:solid;\"><div class=\"fusion-column-wrapper fusion-flex-column-wrapper-legacy\"><div class=\"fusion-column-content-centered\"><div class=\"fusion-column-content\"><div class=\"fusion-title title fusion-title-1 fusion-sep-none fusion-title-text fusion-title-size-two\"><h2 class=\"fusion-title-heading title-heading-left fusion-responsive-typography-calculated\" style=\"margin:0;--fontSize:26;line-height:1.69;\"><h2 style=\"text-align: center;\">Le clocher, seul t\u00e9moin visible du deuxi\u00e8me temple monastique.<\/h2><\/h2><\/div><div class=\"fusion-text fusion-text-1\"><p>Le clocher de l\u2019\u00e9glise est l\u2019un des \u00e9l\u00e9ments les plus embl\u00e9matiques du complexe monastique. Construit pendant plusieurs p\u00e9riodes, cette structure de quarante-deux m\u00e8tres de haut ne fut achev\u00e9e qu\u2019au XVIIIe si\u00e8cle. La sonnerie des cloches marque le rythme de vie des moines et, en m\u00eame temps, permet la communication avec la ville de Sant Cugat et ses environs sous un code de sons et de rythmes connu de tous.<\/p>\n<\/div><\/div><\/div><div class=\"fusion-clearfix\"><\/div><\/div><\/div><div class=\"fusion-layout-column fusion_builder_column fusion-builder-column-1 fusion_builder_column_1_2 1_2 fusion-one-half fusion-column-first fusion-animated\" style=\"--awb-padding-bottom:20px;--awb-bg-color:#f2f5f8;--awb-bg-color-hover:#f2f5f8;--awb-bg-size:cover;width:50%;width:calc(50% - ( ( 25px ) * 0.5 ) );margin-right: 25px;\" data-animationType=\"fadeInLeft\" data-animationDuration=\"0.6\" data-animationOffset=\"top-into-view\"><div class=\"fusion-column-wrapper fusion-flex-column-wrapper-legacy\"><div class=\"fusion-image-element fusion-image-align-center in-legacy-container\" style=\"text-align:center;--awb-caption-title-font-family:var(--h2_typography-font-family);--awb-caption-title-font-weight:var(--h2_typography-font-weight);--awb-caption-title-font-style:var(--h2_typography-font-style);--awb-caption-title-size:var(--h2_typography-font-size);--awb-caption-title-transform:var(--h2_typography-text-transform);--awb-caption-title-line-height:var(--h2_typography-line-height);--awb-caption-title-letter-spacing:var(--h2_typography-letter-spacing);\"><div class=\"imageframe-align-center\"><span class=\" fusion-imageframe imageframe-none imageframe-1 hover-type-none\"><img decoding=\"async\" width=\"600\" height=\"800\" alt=\"Clocher- Monast\u00e8re de Sant Cugat \" title=\"Clocher\" src=\"https:\/\/visit.santcugat.cat\/wp-content\/uploads\/2019\/01\/Campanar-Esglesia-Monestir-de-Sant-Cugat.jpg\" class=\"img-responsive wp-image-16818\" srcset=\"https:\/\/visit.santcugat.cat\/wp-content\/uploads\/2019\/01\/Campanar-Esglesia-Monestir-de-Sant-Cugat-200x267.jpg 200w, https:\/\/visit.santcugat.cat\/wp-content\/uploads\/2019\/01\/Campanar-Esglesia-Monestir-de-Sant-Cugat-400x533.jpg 400w, https:\/\/visit.santcugat.cat\/wp-content\/uploads\/2019\/01\/Campanar-Esglesia-Monestir-de-Sant-Cugat.jpg 600w\" sizes=\"(max-width: 800px) 100vw, 600px\" \/><\/span><\/div><\/div><div class=\"fusion-clearfix\"><\/div><\/div><\/div><div class=\"fusion-layout-column fusion_builder_column fusion-builder-column-2 fusion_builder_column_1_2 1_2 fusion-one-half fusion-column-last fusion-animated\" style=\"--awb-padding-bottom:20px;--awb-bg-color:#f2f5f8;--awb-bg-color-hover:#f2f5f8;--awb-bg-size:cover;width:50%;width:calc(50% - ( ( 25px ) * 0.5 ) );\" data-animationType=\"fadeInDown\" data-animationDuration=\"0.6\" data-animationOffset=\"top-into-view\"><div class=\"fusion-column-wrapper fusion-flex-column-wrapper-legacy\"><div class=\"fusion-image-element fusion-image-align-center in-legacy-container\" style=\"text-align:center;--awb-caption-title-font-family:var(--h2_typography-font-family);--awb-caption-title-font-weight:var(--h2_typography-font-weight);--awb-caption-title-font-style:var(--h2_typography-font-style);--awb-caption-title-size:var(--h2_typography-font-size);--awb-caption-title-transform:var(--h2_typography-text-transform);--awb-caption-title-line-height:var(--h2_typography-line-height);--awb-caption-title-letter-spacing:var(--h2_typography-letter-spacing);\"><div class=\"imageframe-align-center\"><span class=\" fusion-imageframe imageframe-none imageframe-2 hover-type-none\"><img decoding=\"async\" width=\"600\" height=\"800\" alt=\"Clocher- Monast\u00e8re de Sant Cugat \" title=\"Clocher- Monast\u00e8re de Sant Cugat\" src=\"https:\/\/visit.santcugat.cat\/wp-content\/uploads\/2019\/01\/Campanar-Esglesia-Monestir-de-Sant-Cugat-1.jpg\" class=\"img-responsive wp-image-16823\" srcset=\"https:\/\/visit.santcugat.cat\/wp-content\/uploads\/2019\/01\/Campanar-Esglesia-Monestir-de-Sant-Cugat-1-200x267.jpg 200w, https:\/\/visit.santcugat.cat\/wp-content\/uploads\/2019\/01\/Campanar-Esglesia-Monestir-de-Sant-Cugat-1-400x533.jpg 400w, https:\/\/visit.santcugat.cat\/wp-content\/uploads\/2019\/01\/Campanar-Esglesia-Monestir-de-Sant-Cugat-1.jpg 600w\" sizes=\"(max-width: 800px) 100vw, 600px\" \/><\/span><\/div><\/div><div class=\"fusion-clearfix\"><\/div><\/div><\/div><div class=\"fusion-layout-column fusion_builder_column fusion-builder-column-3 fusion_builder_column_1_1 1_1 fusion-one-full fusion-column-first fusion-column-last\" style=\"--awb-padding-top:20px;--awb-padding-right:40px;--awb-padding-bottom:1px;--awb-padding-left:40px;--awb-bg-color:#ffffff;--awb-bg-color-hover:#ffffff;--awb-bg-size:cover;--awb-border-color:#dddddd;--awb-border-top:1px;--awb-border-right:1px;--awb-border-bottom:1px;--awb-border-left:1px;--awb-border-style:solid;\"><div class=\"fusion-column-wrapper fusion-flex-column-wrapper-legacy\"><div class=\"fusion-column-content-centered\"><div class=\"fusion-column-content\"><div class=\"fusion-text fusion-text-2\"><p>Le clocher est le seul t\u00e9moin visible qui subsiste du deuxi\u00e8me temple monastique. Initialement, il est con\u00e7u comme un \u00e9l\u00e9ment ext\u00e9rieur, bien qu\u2019aujourd\u2019hui nous le trouvions int\u00e9gr\u00e9 dans le b\u00e2timent de l\u2019\u00e9glise. \u00c9tant donn\u00e9 que la hauteur et la monumentalit\u00e9 du clocher n\u00e9cessitent une fondation solide, les constructeurs d\u00e9cident de le construire au sommet de l\u2019une des tours de l\u2019ancienne forteresse romaine. Les travaux commencent \u00e0 partir de l\u2019ann\u00e9e 1062.<\/p>\n<p>La premi\u00e8re section du b\u00e2timent atteint les arcades aveugles, un motif de d\u00e9coration propre du style lombard, bien qu\u2019ici, elles soient r\u00e9alis\u00e9es avec des voussoirs bicolores, blancs et rouges, d\u2019influence islamique. Au-dessus de ces arcades se trouve un \u00e9tage o\u00f9 nous pouvons deviner les ouvertures qui sont aujourd\u2019hui recouvertes, mais qui furent utilis\u00e9es pour installer les premi\u00e8res cloches, comme nous le voyons dans la peinture du Martyre de Saint Cugat, de l\u2019artiste allemande Ayne Bru, du d\u00e9but du XVIe si\u00e8cle, o\u00f9 nous trouvons repr\u00e9sent\u00e9e l\u2019\u00e9glise du Monast\u00e8re telle qu\u2019elle \u00e9tait \u00e0 l\u2019\u00e9poque.<\/p>\n<p>En 1760, la construction avance en hauteur \u00e0 l\u2019initiative de l\u2019abb\u00e9 Gayol\u00e0, et un nouvel \u00e9tage sup\u00e9rieur est construit pour les cloches liturgiques et, encore au-dessus, deux petits corps superpos\u00e9s pour les cloches de l\u2019horloge.<\/p>\n<p>Aujourd\u2019hui, la tour du clocher est divis\u00e9e en plusieurs \u00e9tages, dont certains peuvent \u00eatre visit\u00e9s. Au rez-de-chauss\u00e9e, se trouve actuellement la Chapelle de La Pi\u00e9t\u00e9, qui fut d\u00e9molie au XVIe si\u00e8cle afin d\u2019y installer l\u2019orgue de la Renaissance. Au deuxi\u00e8me niveau se trouve le soufflet de l\u2019orgue actuel et, au troisi\u00e8me, l\u2019on observe les anciennes vo\u00fbtes en berceau. Au m\u00eame \u00e9tage, l\u2019on trouve une passerelle m\u00e9tallique qui passe au-dessus des chapelles baroques de l\u2019\u00e9glise, pr\u00e8s des anciennes vo\u00fbtes gothiques qui les abritent. Le quatri\u00e8me niveau est occup\u00e9 par l\u2019horloge de la fin du XVIIe si\u00e8cle, qui a \u00e9t\u00e9 r\u00e9cemment restaur\u00e9e et est toujours responsable de la sonnerie des cloches. Le cinqui\u00e8me \u00e9tage est l\u2019espace r\u00e9serv\u00e9 aux quatre cloches liturgiques. Au sixi\u00e8me, la terrasse sup\u00e9rieure, d\u2019o\u00f9 nous pouvons profiter de vues extraordinaires et contempler, les jours de beau temps, les monast\u00e8res de Montserrat et de Sant Lloren\u00e7 de Munt.<\/p>\n<\/div><\/div><\/div><div class=\"fusion-clearfix\"><\/div><\/div><\/div><\/div><\/div><div class=\"fusion-fullwidth fullwidth-box fusion-builder-row-2 nonhundred-percent-fullwidth non-hundred-percent-height-scrolling fusion-equal-height-columns\" style=\"--awb-background-position:left top;--awb-border-radius-top-left:0px;--awb-border-radius-top-right:0px;--awb-border-radius-bottom-right:0px;--awb-border-radius-bottom-left:0px;--awb-padding-top:2%;--awb-padding-bottom:2%;--awb-flex-wrap:wrap;\" ><div class=\"fusion-builder-row fusion-row\"><\/div><\/div><\/p>\n","protected":false},"excerpt":{"rendered":"","protected":false},"author":2,"featured_media":0,"parent":0,"menu_order":0,"comment_status":"closed","ping_status":"closed","template":"","meta":{"_joinchat":[],"footnotes":""},"class_list":["post-21159","page","type-page","status-publish","hentry"],"yoast_head":"<!-- This site is optimized with the Yoast SEO plugin v27.3 - https:\/\/yoast.com\/product\/yoast-seo-wordpress\/ -->\n<title>Clocher du Monast\u00e8re| Visit Sant Cugat<\/title>\n<meta name=\"description\" content=\"Le clocher du Monast\u00e8re, seul t\u00e9moin visible du deuxi\u00e8me temple monastique et l&#039;un des plus beaux points de vue de la ville\" \/>\n<meta name=\"robots\" content=\"index, follow, max-snippet:-1, max-image-preview:large, max-video-preview:-1\" \/>\n<link rel=\"canonical\" href=\"https:\/\/visit.santcugat.cat\/fr\/clocher\/\" \/>\n<meta property=\"og:locale\" content=\"fr_FR\" \/>\n<meta property=\"og:type\" content=\"article\" \/>\n<meta property=\"og:title\" content=\"Clocher du Monast\u00e8re| Visit Sant Cugat\" \/>\n<meta property=\"og:description\" content=\"Le clocher du Monast\u00e8re, seul t\u00e9moin visible du deuxi\u00e8me temple monastique et l&#039;un des plus beaux points de vue de la ville\" \/>\n<meta property=\"og:url\" content=\"https:\/\/visit.santcugat.cat\/fr\/clocher\/\" \/>\n<meta property=\"og:site_name\" content=\"Visit Sant Cugat\" \/>\n<meta property=\"article:publisher\" content=\"https:\/\/www.facebook.com\/visitsantcugat\/\" \/>\n<meta property=\"article:modified_time\" content=\"2023-12-03T21:07:57+00:00\" \/>\n<meta property=\"og:image\" content=\"https:\/\/visit.santcugat.cat\/wp-content\/uploads\/2023\/03\/CLAUSTRE-MONASTERIO-DE-SANT-CUGAT_resultado.webp\" \/>\n\t<meta property=\"og:image:width\" content=\"984\" \/>\n\t<meta property=\"og:image:height\" content=\"502\" \/>\n\t<meta property=\"og:image:type\" content=\"image\/webp\" \/>\n<meta name=\"twitter:card\" content=\"summary_large_image\" \/>\n<meta name=\"twitter:site\" content=\"@ajsantcugat\" \/>\n<meta name=\"twitter:label1\" content=\"Dur\u00e9e de lecture estim\u00e9e\" \/>\n\t<meta name=\"twitter:data1\" content=\"7 minutes\" \/>\n<script type=\"application\/ld+json\" class=\"yoast-schema-graph\">{\"@context\":\"https:\\\/\\\/schema.org\",\"@graph\":[{\"@type\":\"WebPage\",\"@id\":\"https:\\\/\\\/visit.santcugat.cat\\\/fr\\\/clocher\\\/\",\"url\":\"https:\\\/\\\/visit.santcugat.cat\\\/fr\\\/clocher\\\/\",\"name\":\"Clocher du Monast\u00e8re| Visit Sant Cugat\",\"isPartOf\":{\"@id\":\"https:\\\/\\\/visit.santcugat.cat\\\/fr\\\/#website\"},\"datePublished\":\"2020-04-27T11:37:36+00:00\",\"dateModified\":\"2023-12-03T21:07:57+00:00\",\"description\":\"Le clocher du Monast\u00e8re, seul t\u00e9moin visible du deuxi\u00e8me temple monastique et l'un des plus beaux points de vue de la ville\",\"breadcrumb\":{\"@id\":\"https:\\\/\\\/visit.santcugat.cat\\\/fr\\\/clocher\\\/#breadcrumb\"},\"inLanguage\":\"fr-FR\",\"potentialAction\":[{\"@type\":\"ReadAction\",\"target\":[\"https:\\\/\\\/visit.santcugat.cat\\\/fr\\\/clocher\\\/\"]}]},{\"@type\":\"BreadcrumbList\",\"@id\":\"https:\\\/\\\/visit.santcugat.cat\\\/fr\\\/clocher\\\/#breadcrumb\",\"itemListElement\":[{\"@type\":\"ListItem\",\"position\":1,\"name\":\"Inici\",\"item\":\"https:\\\/\\\/visit.santcugat.cat\\\/fr\\\/\"},{\"@type\":\"ListItem\",\"position\":2,\"name\":\"Clocher\"}]},{\"@type\":\"WebSite\",\"@id\":\"https:\\\/\\\/visit.santcugat.cat\\\/fr\\\/#website\",\"url\":\"https:\\\/\\\/visit.santcugat.cat\\\/fr\\\/\",\"name\":\"Visit Sant Cugat\",\"description\":\"Turisme de Sant Cugat\",\"publisher\":{\"@id\":\"https:\\\/\\\/visit.santcugat.cat\\\/fr\\\/#organization\"},\"potentialAction\":[{\"@type\":\"SearchAction\",\"target\":{\"@type\":\"EntryPoint\",\"urlTemplate\":\"https:\\\/\\\/visit.santcugat.cat\\\/fr\\\/?s={search_term_string}\"},\"query-input\":{\"@type\":\"PropertyValueSpecification\",\"valueRequired\":true,\"valueName\":\"search_term_string\"}}],\"inLanguage\":\"fr-FR\"},{\"@type\":\"Organization\",\"@id\":\"https:\\\/\\\/visit.santcugat.cat\\\/fr\\\/#organization\",\"name\":\"Visit Sant Cugat - Turisme de Sant Cugat - Barcelona\",\"url\":\"https:\\\/\\\/visit.santcugat.cat\\\/fr\\\/\",\"logo\":{\"@type\":\"ImageObject\",\"inLanguage\":\"fr-FR\",\"@id\":\"https:\\\/\\\/visit.santcugat.cat\\\/fr\\\/#\\\/schema\\\/logo\\\/image\\\/\",\"url\":\"https:\\\/\\\/visit.santcugat.cat\\\/wp-content\\\/uploads\\\/2020\\\/09\\\/logo.png\",\"contentUrl\":\"https:\\\/\\\/visit.santcugat.cat\\\/wp-content\\\/uploads\\\/2020\\\/09\\\/logo.png\",\"width\":200,\"height\":44,\"caption\":\"Visit Sant Cugat - Turisme de Sant Cugat - Barcelona\"},\"image\":{\"@id\":\"https:\\\/\\\/visit.santcugat.cat\\\/fr\\\/#\\\/schema\\\/logo\\\/image\\\/\"},\"sameAs\":[\"https:\\\/\\\/www.facebook.com\\\/visitsantcugat\\\/\",\"https:\\\/\\\/x.com\\\/ajsantcugat\",\"https:\\\/\\\/www.instagram.com\\\/visitsantcugat\\\/\",\"https:\\\/\\\/ca.wikipedia.org\\\/wiki\\\/Sant_Cugat_del_Vall\u00e8s\"]}]}<\/script>\n<!-- \/ Yoast SEO plugin. -->","yoast_head_json":{"title":"Clocher du Monast\u00e8re| Visit Sant Cugat","description":"Le clocher du Monast\u00e8re, seul t\u00e9moin visible du deuxi\u00e8me temple monastique et l'un des plus beaux points de vue de la ville","robots":{"index":"index","follow":"follow","max-snippet":"max-snippet:-1","max-image-preview":"max-image-preview:large","max-video-preview":"max-video-preview:-1"},"canonical":"https:\/\/visit.santcugat.cat\/fr\/clocher\/","og_locale":"fr_FR","og_type":"article","og_title":"Clocher du Monast\u00e8re| Visit Sant Cugat","og_description":"Le clocher du Monast\u00e8re, seul t\u00e9moin visible du deuxi\u00e8me temple monastique et l'un des plus beaux points de vue de la ville","og_url":"https:\/\/visit.santcugat.cat\/fr\/clocher\/","og_site_name":"Visit Sant Cugat","article_publisher":"https:\/\/www.facebook.com\/visitsantcugat\/","article_modified_time":"2023-12-03T21:07:57+00:00","og_image":[{"width":984,"height":502,"url":"https:\/\/visit.santcugat.cat\/wp-content\/uploads\/2023\/03\/CLAUSTRE-MONASTERIO-DE-SANT-CUGAT_resultado.webp","type":"image\/webp"}],"twitter_card":"summary_large_image","twitter_site":"@ajsantcugat","twitter_misc":{"Dur\u00e9e de lecture estim\u00e9e":"7 minutes"},"schema":{"@context":"https:\/\/schema.org","@graph":[{"@type":"WebPage","@id":"https:\/\/visit.santcugat.cat\/fr\/clocher\/","url":"https:\/\/visit.santcugat.cat\/fr\/clocher\/","name":"Clocher du Monast\u00e8re| Visit Sant Cugat","isPartOf":{"@id":"https:\/\/visit.santcugat.cat\/fr\/#website"},"datePublished":"2020-04-27T11:37:36+00:00","dateModified":"2023-12-03T21:07:57+00:00","description":"Le clocher du Monast\u00e8re, seul t\u00e9moin visible du deuxi\u00e8me temple monastique et l'un des plus beaux points de vue de la ville","breadcrumb":{"@id":"https:\/\/visit.santcugat.cat\/fr\/clocher\/#breadcrumb"},"inLanguage":"fr-FR","potentialAction":[{"@type":"ReadAction","target":["https:\/\/visit.santcugat.cat\/fr\/clocher\/"]}]},{"@type":"BreadcrumbList","@id":"https:\/\/visit.santcugat.cat\/fr\/clocher\/#breadcrumb","itemListElement":[{"@type":"ListItem","position":1,"name":"Inici","item":"https:\/\/visit.santcugat.cat\/fr\/"},{"@type":"ListItem","position":2,"name":"Clocher"}]},{"@type":"WebSite","@id":"https:\/\/visit.santcugat.cat\/fr\/#website","url":"https:\/\/visit.santcugat.cat\/fr\/","name":"Visit Sant Cugat","description":"Turisme de Sant Cugat","publisher":{"@id":"https:\/\/visit.santcugat.cat\/fr\/#organization"},"potentialAction":[{"@type":"SearchAction","target":{"@type":"EntryPoint","urlTemplate":"https:\/\/visit.santcugat.cat\/fr\/?s={search_term_string}"},"query-input":{"@type":"PropertyValueSpecification","valueRequired":true,"valueName":"search_term_string"}}],"inLanguage":"fr-FR"},{"@type":"Organization","@id":"https:\/\/visit.santcugat.cat\/fr\/#organization","name":"Visit Sant Cugat - Turisme de Sant Cugat - Barcelona","url":"https:\/\/visit.santcugat.cat\/fr\/","logo":{"@type":"ImageObject","inLanguage":"fr-FR","@id":"https:\/\/visit.santcugat.cat\/fr\/#\/schema\/logo\/image\/","url":"https:\/\/visit.santcugat.cat\/wp-content\/uploads\/2020\/09\/logo.png","contentUrl":"https:\/\/visit.santcugat.cat\/wp-content\/uploads\/2020\/09\/logo.png","width":200,"height":44,"caption":"Visit Sant Cugat - Turisme de Sant Cugat - Barcelona"},"image":{"@id":"https:\/\/visit.santcugat.cat\/fr\/#\/schema\/logo\/image\/"},"sameAs":["https:\/\/www.facebook.com\/visitsantcugat\/","https:\/\/x.com\/ajsantcugat","https:\/\/www.instagram.com\/visitsantcugat\/","https:\/\/ca.wikipedia.org\/wiki\/Sant_Cugat_del_Vall\u00e8s"]}]}},"_links":{"self":[{"href":"https:\/\/visit.santcugat.cat\/fr\/wp-json\/wp\/v2\/pages\/21159","targetHints":{"allow":["GET"]}}],"collection":[{"href":"https:\/\/visit.santcugat.cat\/fr\/wp-json\/wp\/v2\/pages"}],"about":[{"href":"https:\/\/visit.santcugat.cat\/fr\/wp-json\/wp\/v2\/types\/page"}],"author":[{"embeddable":true,"href":"https:\/\/visit.santcugat.cat\/fr\/wp-json\/wp\/v2\/users\/2"}],"replies":[{"embeddable":true,"href":"https:\/\/visit.santcugat.cat\/fr\/wp-json\/wp\/v2\/comments?post=21159"}],"version-history":[{"count":3,"href":"https:\/\/visit.santcugat.cat\/fr\/wp-json\/wp\/v2\/pages\/21159\/revisions"}],"predecessor-version":[{"id":39091,"href":"https:\/\/visit.santcugat.cat\/fr\/wp-json\/wp\/v2\/pages\/21159\/revisions\/39091"}],"wp:attachment":[{"href":"https:\/\/visit.santcugat.cat\/fr\/wp-json\/wp\/v2\/media?parent=21159"}],"curies":[{"name":"wp","href":"https:\/\/api.w.org\/{rel}","templated":true}]}}