{"id":21152,"date":"2020-04-27T13:29:03","date_gmt":"2020-04-27T11:29:03","guid":{"rendered":"https:\/\/visit.santcugat.cat\/palais-abbatial\/"},"modified":"2023-12-03T22:00:33","modified_gmt":"2023-12-03T21:00:33","slug":"palais-abbatial","status":"publish","type":"page","link":"https:\/\/visit.santcugat.cat\/fr\/palais-abbatial\/","title":{"rendered":"Palais Abbatial"},"content":{"rendered":"<p><div class=\"fusion-fullwidth fullwidth-box fusion-builder-row-1 nonhundred-percent-fullwidth non-hundred-percent-height-scrolling\" style=\"--awb-border-radius-top-left:0px;--awb-border-radius-top-right:0px;--awb-border-radius-bottom-right:0px;--awb-border-radius-bottom-left:0px;--awb-margin-top:15px;--awb-margin-bottom:0px;--awb-flex-wrap:wrap;\" ><div class=\"fusion-builder-row fusion-row\"><div class=\"fusion-layout-column fusion_builder_column fusion-builder-column-0 fusion_builder_column_1_1 1_1 fusion-one-full fusion-column-first fusion-column-last\" style=\"--awb-padding-top:20px;--awb-padding-right:40px;--awb-padding-bottom:1px;--awb-padding-left:40px;--awb-bg-color:#ffffff;--awb-bg-color-hover:#ffffff;--awb-bg-size:cover;--awb-border-color:#dddddd;--awb-border-top:1px;--awb-border-right:1px;--awb-border-bottom:1px;--awb-border-left:1px;--awb-border-style:solid;\"><div class=\"fusion-column-wrapper fusion-flex-column-wrapper-legacy\"><div class=\"fusion-column-content-centered\"><div class=\"fusion-column-content\"><div class=\"fusion-title title fusion-title-1 fusion-sep-none fusion-title-text fusion-title-size-two\"><h2 class=\"fusion-title-heading title-heading-left fusion-responsive-typography-calculated\" style=\"margin:0;--fontSize:26;line-height:1.69;\"><h2 style=\"text-align: center;\">Palais abbatial, symbole de la puissance f\u00e9odale du Monast\u00e8re de Sant Cugat.<\/h2><\/h2><\/div><div class=\"fusion-text fusion-text-1\"><p>Profitant des vestiges d\u2019un ancien b\u00e2timent, probablement d\u2019un h\u00f4pital, l\u2019on construit au XIIIe si\u00e8cle un ch\u00e2teau o\u00f9 les diff\u00e9rents rois d\u2019Aragon se rendaient pendant un certain temps. La forteresse, symbole de la puissance f\u00e9odale du monast\u00e8re, devient finalement la r\u00e9sidence de l\u2019abb\u00e9 \u00e0 partir du XIVe si\u00e8cle. Celle-ci dispose d\u2019une citerne annexe et sur\u00e9lev\u00e9e qui fournit de l\u2019eau aux moines et \u00e0 la fontaine du Clo\u00eetre. L\u2019ordre de Philippe V de d\u00e9truire les ch\u00e2teaux catalans oblige \u00e0 transformer le b\u00e2timent en palais, de sorte que les fa\u00e7ades soient modifi\u00e9es et que l\u2019on construise sur l\u2019ancienne cour gothique. Depuis l\u2019exclaustration monastique, il abrite la maison paroissiale.<\/p>\n<\/div><\/div><\/div><div class=\"fusion-clearfix\"><\/div><\/div><\/div><\/div><\/div><div class=\"fusion-fullwidth fullwidth-box fusion-builder-row-2 nonhundred-percent-fullwidth non-hundred-percent-height-scrolling\" style=\"--awb-background-position:left top;--awb-border-radius-top-left:0px;--awb-border-radius-top-right:0px;--awb-border-radius-bottom-right:0px;--awb-border-radius-bottom-left:0px;--awb-padding-top:2%;--awb-padding-bottom:2%;--awb-flex-wrap:wrap;\" ><div class=\"fusion-builder-row fusion-row\"><div class=\"fusion-layout-column fusion_builder_column fusion-builder-column-1 fusion_builder_column_1_2 1_2 fusion-one-half fusion-column-first fusion-animated\" style=\"--awb-padding-bottom:20px;--awb-bg-color:#f2f5f8;--awb-bg-color-hover:#f2f5f8;--awb-bg-size:cover;width:50%;width:calc(50% - ( ( 25px ) * 0.5 ) );margin-right: 25px;\" data-animationType=\"fadeInLeft\" data-animationDuration=\"0.6\" data-animationOffset=\"top-into-view\"><div class=\"fusion-column-wrapper fusion-flex-column-wrapper-legacy\"><div class=\"fusion-image-element fusion-image-align-center in-legacy-container\" style=\"text-align:center;--awb-caption-title-font-family:var(--h2_typography-font-family);--awb-caption-title-font-weight:var(--h2_typography-font-weight);--awb-caption-title-font-style:var(--h2_typography-font-style);--awb-caption-title-size:var(--h2_typography-font-size);--awb-caption-title-transform:var(--h2_typography-text-transform);--awb-caption-title-line-height:var(--h2_typography-line-height);--awb-caption-title-letter-spacing:var(--h2_typography-letter-spacing);\"><div class=\"imageframe-align-center\"><span class=\" fusion-imageframe imageframe-none imageframe-1 hover-type-none\"><img decoding=\"async\" width=\"600\" height=\"400\" alt=\"Palais abbatial\" title=\"D\u2019h\u00f4pital \u00e0 Palais abbatial\" src=\"https:\/\/visit.santcugat.cat\/wp-content\/uploads\/2018\/12\/41cABACIAL-compressor.jpg\" class=\"img-responsive wp-image-16573\" srcset=\"https:\/\/visit.santcugat.cat\/wp-content\/uploads\/2018\/12\/41cABACIAL-compressor-200x133.jpg 200w, https:\/\/visit.santcugat.cat\/wp-content\/uploads\/2018\/12\/41cABACIAL-compressor-400x267.jpg 400w, https:\/\/visit.santcugat.cat\/wp-content\/uploads\/2018\/12\/41cABACIAL-compressor.jpg 600w\" sizes=\"(max-width: 800px) 100vw, 600px\" \/><\/span><\/div><\/div><div class=\"fusion-builder-row fusion-builder-row-inner fusion-row\"><div class=\"fusion-layout-column fusion_builder_column_inner fusion-builder-nested-column-0 fusion_builder_column_inner_1_1 1_1 fusion-one-full fusion-column-first fusion-column-last\" style=\"--awb-padding-top:30px;--awb-padding-right:20px;--awb-padding-bottom:30px;--awb-padding-left:20px;--awb-bg-color:#ffffff;--awb-bg-color-hover:#ffffff;--awb-bg-size:cover;\"><div class=\"fusion-column-wrapper fusion-flex-column-wrapper-legacy\"><div class=\"fusion-title title fusion-title-2 fusion-sep-none fusion-title-center fusion-title-text fusion-title-size-three\" style=\"--awb-margin-bottom:10px;\"><h3 class=\"fusion-title-heading title-heading-center fusion-responsive-typography-calculated\" style=\"margin:0;--fontSize:24;line-height:1.67;\"><h2 style=\"text-align: center;\">D\u2019h\u00f4pital \u00e0 Palais abbatial<\/h2><\/h3><\/div><div class=\"fusion-text fusion-text-2\"><p>Au Xe si\u00e8cle, un premier b\u00e2timent \u00e9tait situ\u00e9 \u00e0 l\u2019endroit qui est aujourd\u2019hui occup\u00e9 par le Palais abbatial, probablement un h\u00f4pital dont la fonction \u00e9tait d&#8217;h\u00e9berger les pauvres et les p\u00e8lerins. Deux cents ans plus tard, l\u2019h\u00f4pital est d\u00e9plac\u00e9 de l\u2019autre c\u00f4t\u00e9 de la Place d\u2019Octavia, dans la rue qui porte son nom.<\/p>\n<\/div><div class=\"accordian fusion-accordian\" style=\"--awb-border-size:1px;--awb-icon-size:15px;--awb-content-font-size:16px;--awb-icon-alignment:left;--awb-hover-color:#f9f9f9;--awb-border-color:#cccccc;--awb-background-color:#ffffff;--awb-divider-color:#7ac142;--awb-divider-hover-color:#7ac142;--awb-icon-color:#ffffff;--awb-title-color:#7ac142;--awb-content-color:#666666;--awb-icon-box-color:#7ac142;--awb-toggle-hover-accent-color:#64bc47;--awb-title-font-family:&quot;Roboto&quot;;--awb-title-font-weight:400;--awb-title-font-style:normal;--awb-title-font-size:15px;--awb-content-font-family:&quot;Roboto&quot;;--awb-content-font-style:normal;--awb-content-font-weight:400;\"><div class=\"panel-group fusion-toggle-icon-boxed\" id=\"accordion-21152-1\"><div class=\"fusion-panel panel-default panel-66ddbcbd219c08b1a fusion-toggle-no-divider\"><div class=\"panel-heading\"><h4 class=\"panel-title toggle\" id=\"toggle_66ddbcbd219c08b1a\"><a aria-expanded=\"false\" aria-controls=\"66ddbcbd219c08b1a\" role=\"button\" data-toggle=\"collapse\" data-parent=\"#accordion-21152-1\" data-target=\"#66ddbcbd219c08b1a\" href=\"#66ddbcbd219c08b1a\"><span class=\"fusion-toggle-icon-wrapper\" aria-hidden=\"true\"><i class=\"fa-fusion-box active-icon awb-icon-minus\" aria-hidden=\"true\"><\/i><i class=\"fa-fusion-box inactive-icon awb-icon-plus\" aria-hidden=\"true\"><\/i><\/span><span class=\"fusion-toggle-heading\">Lire la suite<\/span><\/a><\/h4><\/div><div id=\"66ddbcbd219c08b1a\" class=\"panel-collapse collapse \" aria-labelledby=\"toggle_66ddbcbd219c08b1a\"><div class=\"panel-body toggle-content fusion-clearfix\">\n<p>Profitant des vestiges du b\u00e2timent pr\u00e9c\u00e9dent, le ch\u00e2teau d\u2019Octavia fut construit au XIIIe si\u00e8cle, puis agrandi au XIVe si\u00e8cle. Plus qu\u2019une forteresse militaire, il repr\u00e9sentait un \u00e9l\u00e9ment de prestige, un symbole de la seigneurie f\u00e9odale des moines. Diff\u00e9rents rois d\u2019Aragon s\u2019y rendaient pour passer quelque temps, il remplissait donc la m\u00eame fonction que le palais royal de Poblet ou celui de Santas Creus. En 1343, il servit de prison au roi Jaime III de Majorque, vaincu par Pierre III \u00ab Le c\u00e9r\u00e9monieux \u00bb<\/p>\n<p>Suite \u00e0 l\u2019ordre de Philippe V de d\u00e9truire les fortifications, en 1716 les moines d\u00e9cident d\u2019ouvrir des fen\u00eatres et des balcons sur les fa\u00e7ades afin de perdre l\u2019air militaire et d\u2019adopter l\u2019apparence d\u2019un palais, celui de l\u2019abb\u00e9. Des toits sont construits sur les cr\u00e9neaux et les espaces entre eux sont recouverts ou transform\u00e9s en fen\u00eatres. Les plafonds int\u00e9rieurs sont \u00e9galement sur\u00e9lev\u00e9s et l\u2019on installe des portes plus hautes et majestueuses. L\u2019abb\u00e9 Llupi\u00e0 construit sur la cour gothique et recouvre l\u2019escalier. Il ajoute \u00e9galement son blason sur le fronton de la nouvelle porte d\u2019entr\u00e9e. En 1844, cet espace devient un presbyt\u00e8re, une fonction qu\u2019il m\u00e8ne encore aujourd\u2019hui.<\/p>\n<\/div><\/div><\/div><\/div><\/div><div class=\"fusion-clearfix\"><\/div><\/div><\/div><\/div><div class=\"fusion-clearfix\"><\/div><\/div><\/div><div class=\"fusion-layout-column fusion_builder_column fusion-builder-column-2 fusion_builder_column_1_2 1_2 fusion-one-half fusion-column-last fusion-animated\" style=\"--awb-padding-bottom:20px;--awb-bg-color:#f2f5f8;--awb-bg-color-hover:#f2f5f8;--awb-bg-size:cover;width:50%;width:calc(50% - ( ( 25px ) * 0.5 ) );\" data-animationType=\"fadeInDown\" data-animationDuration=\"0.6\" data-animationOffset=\"top-into-view\"><div class=\"fusion-column-wrapper fusion-flex-column-wrapper-legacy\"><div class=\"fusion-image-element fusion-image-align-center in-legacy-container\" style=\"text-align:center;--awb-caption-title-font-family:var(--h2_typography-font-family);--awb-caption-title-font-weight:var(--h2_typography-font-weight);--awb-caption-title-font-style:var(--h2_typography-font-style);--awb-caption-title-size:var(--h2_typography-font-size);--awb-caption-title-transform:var(--h2_typography-text-transform);--awb-caption-title-line-height:var(--h2_typography-line-height);--awb-caption-title-letter-spacing:var(--h2_typography-letter-spacing);\"><div class=\"imageframe-align-center\"><span class=\" fusion-imageframe imageframe-none imageframe-2 hover-type-none\"><img decoding=\"async\" width=\"600\" height=\"400\" alt=\"Citerne du Monast\u00e8re\" title=\"Citerne du Monast\u00e8re- Monast\u00e8re de Sant Cugat\" src=\"https:\/\/visit.santcugat.cat\/wp-content\/uploads\/2018\/12\/Cisterna-del-monestir_Monestir-de-Sant-Cugat-compressor.jpg\" class=\"img-responsive wp-image-16577\" srcset=\"https:\/\/visit.santcugat.cat\/wp-content\/uploads\/2018\/12\/Cisterna-del-monestir_Monestir-de-Sant-Cugat-compressor-200x133.jpg 200w, https:\/\/visit.santcugat.cat\/wp-content\/uploads\/2018\/12\/Cisterna-del-monestir_Monestir-de-Sant-Cugat-compressor-400x267.jpg 400w, https:\/\/visit.santcugat.cat\/wp-content\/uploads\/2018\/12\/Cisterna-del-monestir_Monestir-de-Sant-Cugat-compressor.jpg 600w\" sizes=\"(max-width: 800px) 100vw, 600px\" \/><\/span><\/div><\/div><div class=\"fusion-builder-row fusion-builder-row-inner fusion-row\"><div class=\"fusion-layout-column fusion_builder_column_inner fusion-builder-nested-column-1 fusion_builder_column_inner_1_1 1_1 fusion-one-full fusion-column-first fusion-column-last\" style=\"--awb-padding-top:30px;--awb-padding-right:20px;--awb-padding-bottom:30px;--awb-padding-left:20px;--awb-bg-color:#ffffff;--awb-bg-color-hover:#ffffff;--awb-bg-size:cover;\"><div class=\"fusion-column-wrapper fusion-flex-column-wrapper-legacy\"><div class=\"fusion-title title fusion-title-3 fusion-sep-none fusion-title-center fusion-title-text fusion-title-size-three\" style=\"--awb-margin-bottom:10px;\"><h3 class=\"fusion-title-heading title-heading-center fusion-responsive-typography-calculated\" style=\"margin:0;--fontSize:24;line-height:1.67;\"><h2 style=\"text-align: center;\">Citerne du Monast\u00e8re<\/h2><\/h3><\/div><div class=\"fusion-text fusion-text-3\"><p>L\u2019approvisionnement en eau du Monast\u00e8re et de la ville de Sant Cugat a toujours \u00e9t\u00e9 assur\u00e9 par des puits. La construction du Clo\u00eetre roman et le d\u00e9sir de vouloir disposer d\u2019une fontaine centrale obligent \u00e0 aller chercher de l\u2019eau \u00e0 une certaine distance et \u00e0 construire une mine ou canalisation qui se termine par une citerne sur\u00e9lev\u00e9e.<\/p>\n<\/div><div class=\"accordian fusion-accordian\" style=\"--awb-border-size:1px;--awb-icon-size:15px;--awb-content-font-size:16px;--awb-icon-alignment:left;--awb-hover-color:#f9f9f9;--awb-border-color:#cccccc;--awb-background-color:#ffffff;--awb-divider-color:#7ac142;--awb-divider-hover-color:#7ac142;--awb-icon-color:#ffffff;--awb-title-color:#7ac142;--awb-content-color:#666666;--awb-icon-box-color:#7ac142;--awb-toggle-hover-accent-color:#64bc47;--awb-title-font-family:&quot;Roboto&quot;;--awb-title-font-weight:400;--awb-title-font-style:normal;--awb-title-font-size:15px;--awb-content-font-family:&quot;Roboto&quot;;--awb-content-font-style:normal;--awb-content-font-weight:400;\"><div class=\"panel-group fusion-toggle-icon-boxed\" id=\"accordion-21152-2\"><div class=\"fusion-panel panel-default panel-d07498d74eba7ebf1 fusion-toggle-no-divider\"><div class=\"panel-heading\"><h4 class=\"panel-title toggle\" id=\"toggle_d07498d74eba7ebf1\"><a aria-expanded=\"false\" aria-controls=\"d07498d74eba7ebf1\" role=\"button\" data-toggle=\"collapse\" data-parent=\"#accordion-21152-2\" data-target=\"#d07498d74eba7ebf1\" href=\"#d07498d74eba7ebf1\"><span class=\"fusion-toggle-icon-wrapper\" aria-hidden=\"true\"><i class=\"fa-fusion-box active-icon awb-icon-minus\" aria-hidden=\"true\"><\/i><i class=\"fa-fusion-box inactive-icon awb-icon-plus\" aria-hidden=\"true\"><\/i><\/span><span class=\"fusion-toggle-heading\">Lire la suite<\/span><\/a><\/h4><\/div><div id=\"d07498d74eba7ebf1\" class=\"panel-collapse collapse \" aria-labelledby=\"toggle_d07498d74eba7ebf1\"><div class=\"panel-body toggle-content fusion-clearfix\">\n<p>De cette fa\u00e7on, la diff\u00e9rence de niveau entre la citerne et le centre du Clo\u00eetre permet, au moyen d\u2019un verre communicant, qu\u2019il y ait suffisamment de pression pour faire sortir un jet vertical.<br \/>\nLe monast\u00e8re est situ\u00e9 entre deux ruisseaux, celui de Sant Cugat et celui de Vulpelleres. Pour des raisons topographiques, l\u2019on choisit le second, ce qui facilite le trac\u00e9 de la canalisation de l\u2019origine jusqu\u2019au Monast\u00e8re. L\u2019eau transport\u00e9e est \u00e0 l\u2019usage exclusif du Monast\u00e8re et pendant une courte p\u00e9riode du XVIIIe si\u00e8cle elle arrive \u00e9galement \u00e0 la seule fontaine de la ville. Au moment du d\u00e9samortissement, il s\u2019agit naturellement d\u2019un des premiers biens revendiqu\u00e9s.<\/p>\n<p>La citerne est un corps prismatique construit avec des pierres de grande taille, au plan rectangulaire, actuellement int\u00e9gr\u00e9 au Palais abbatial. Dans l\u2019espace nord se trouve une trappe en fer qui servait de d\u00e9versoir, sous laquelle se trouvait un tombeau romain en marbre utilis\u00e9 comme auge, qui se trouve aujourd\u2019hui au Mus\u00e9e d\u2019arch\u00e9ologie de Catalogne, remplac\u00e9 par un \u00e9vier en pierre. Au-dessus de la porte se trouve la plus ancienne repr\u00e9sentation du blason h\u00e9raldique du Monast\u00e8re, compos\u00e9 d\u2019un ch\u00e2teau: l\u2019Octavianum castrum.<\/p>\n<\/div><\/div><\/div><\/div><\/div><div class=\"fusion-clearfix\"><\/div><\/div><\/div><\/div><div class=\"fusion-clearfix\"><\/div><\/div><\/div><\/div><\/div><\/p>\n","protected":false},"excerpt":{"rendered":"","protected":false},"author":2,"featured_media":0,"parent":0,"menu_order":0,"comment_status":"closed","ping_status":"closed","template":"","meta":{"_joinchat":[],"footnotes":""},"class_list":["post-21152","page","type-page","status-publish","hentry"],"yoast_head":"<!-- This site is optimized with the Yoast SEO plugin v27.4 - https:\/\/yoast.com\/product\/yoast-seo-wordpress\/ -->\n<title>Palais Abbatial | Visit Sant Cugat<\/title>\n<meta name=\"description\" content=\"Palais abbatial, symbole de la puissance f\u00e9odale du Monast\u00e8re de Sant Cugat. Au c\u00f4t\u00e9 la Citerne du Monast\u00e8re\" \/>\n<meta name=\"robots\" content=\"index, follow, max-snippet:-1, max-image-preview:large, max-video-preview:-1\" \/>\n<link rel=\"canonical\" href=\"https:\/\/visit.santcugat.cat\/fr\/palais-abbatial\/\" \/>\n<meta property=\"og:locale\" content=\"fr_FR\" \/>\n<meta property=\"og:type\" content=\"article\" \/>\n<meta property=\"og:title\" content=\"Palais Abbatial | Visit Sant Cugat\" \/>\n<meta property=\"og:description\" content=\"Palais abbatial, symbole de la puissance f\u00e9odale du Monast\u00e8re de Sant Cugat. Au c\u00f4t\u00e9 la Citerne du Monast\u00e8re\" \/>\n<meta property=\"og:url\" content=\"https:\/\/visit.santcugat.cat\/fr\/palais-abbatial\/\" \/>\n<meta property=\"og:site_name\" content=\"Visit Sant Cugat\" \/>\n<meta property=\"article:publisher\" content=\"https:\/\/www.facebook.com\/visitsantcugat\/\" \/>\n<meta property=\"article:modified_time\" content=\"2023-12-03T21:00:33+00:00\" \/>\n<meta property=\"og:image\" content=\"https:\/\/visit.santcugat.cat\/wp-content\/uploads\/2023\/03\/CLAUSTRE-MONASTERIO-DE-SANT-CUGAT_resultado.webp\" \/>\n\t<meta property=\"og:image:width\" content=\"984\" \/>\n\t<meta property=\"og:image:height\" content=\"502\" \/>\n\t<meta property=\"og:image:type\" content=\"image\/webp\" \/>\n<meta name=\"twitter:card\" content=\"summary_large_image\" \/>\n<meta name=\"twitter:site\" content=\"@ajsantcugat\" \/>\n<meta name=\"twitter:label1\" content=\"Dur\u00e9e de lecture estim\u00e9e\" \/>\n\t<meta name=\"twitter:data1\" content=\"12 minutes\" \/>\n<script type=\"application\/ld+json\" class=\"yoast-schema-graph\">{\"@context\":\"https:\\\/\\\/schema.org\",\"@graph\":[{\"@type\":\"WebPage\",\"@id\":\"https:\\\/\\\/visit.santcugat.cat\\\/fr\\\/palais-abbatial\\\/\",\"url\":\"https:\\\/\\\/visit.santcugat.cat\\\/fr\\\/palais-abbatial\\\/\",\"name\":\"Palais Abbatial | Visit Sant Cugat\",\"isPartOf\":{\"@id\":\"https:\\\/\\\/visit.santcugat.cat\\\/fr\\\/#website\"},\"datePublished\":\"2020-04-27T11:29:03+00:00\",\"dateModified\":\"2023-12-03T21:00:33+00:00\",\"description\":\"Palais abbatial, symbole de la puissance f\u00e9odale du Monast\u00e8re de Sant Cugat. Au c\u00f4t\u00e9 la Citerne du Monast\u00e8re\",\"breadcrumb\":{\"@id\":\"https:\\\/\\\/visit.santcugat.cat\\\/fr\\\/palais-abbatial\\\/#breadcrumb\"},\"inLanguage\":\"fr-FR\",\"potentialAction\":[{\"@type\":\"ReadAction\",\"target\":[\"https:\\\/\\\/visit.santcugat.cat\\\/fr\\\/palais-abbatial\\\/\"]}]},{\"@type\":\"BreadcrumbList\",\"@id\":\"https:\\\/\\\/visit.santcugat.cat\\\/fr\\\/palais-abbatial\\\/#breadcrumb\",\"itemListElement\":[{\"@type\":\"ListItem\",\"position\":1,\"name\":\"Inici\",\"item\":\"https:\\\/\\\/visit.santcugat.cat\\\/fr\\\/\"},{\"@type\":\"ListItem\",\"position\":2,\"name\":\"Palais Abbatial\"}]},{\"@type\":\"WebSite\",\"@id\":\"https:\\\/\\\/visit.santcugat.cat\\\/fr\\\/#website\",\"url\":\"https:\\\/\\\/visit.santcugat.cat\\\/fr\\\/\",\"name\":\"Visit Sant Cugat\",\"description\":\"Turisme de Sant Cugat\",\"publisher\":{\"@id\":\"https:\\\/\\\/visit.santcugat.cat\\\/fr\\\/#organization\"},\"potentialAction\":[{\"@type\":\"SearchAction\",\"target\":{\"@type\":\"EntryPoint\",\"urlTemplate\":\"https:\\\/\\\/visit.santcugat.cat\\\/fr\\\/?s={search_term_string}\"},\"query-input\":{\"@type\":\"PropertyValueSpecification\",\"valueRequired\":true,\"valueName\":\"search_term_string\"}}],\"inLanguage\":\"fr-FR\"},{\"@type\":\"Organization\",\"@id\":\"https:\\\/\\\/visit.santcugat.cat\\\/fr\\\/#organization\",\"name\":\"Visit Sant Cugat - Turisme de Sant Cugat - Barcelona\",\"url\":\"https:\\\/\\\/visit.santcugat.cat\\\/fr\\\/\",\"logo\":{\"@type\":\"ImageObject\",\"inLanguage\":\"fr-FR\",\"@id\":\"https:\\\/\\\/visit.santcugat.cat\\\/fr\\\/#\\\/schema\\\/logo\\\/image\\\/\",\"url\":\"https:\\\/\\\/visit.santcugat.cat\\\/wp-content\\\/uploads\\\/2020\\\/09\\\/logo.png\",\"contentUrl\":\"https:\\\/\\\/visit.santcugat.cat\\\/wp-content\\\/uploads\\\/2020\\\/09\\\/logo.png\",\"width\":200,\"height\":44,\"caption\":\"Visit Sant Cugat - Turisme de Sant Cugat - Barcelona\"},\"image\":{\"@id\":\"https:\\\/\\\/visit.santcugat.cat\\\/fr\\\/#\\\/schema\\\/logo\\\/image\\\/\"},\"sameAs\":[\"https:\\\/\\\/www.facebook.com\\\/visitsantcugat\\\/\",\"https:\\\/\\\/x.com\\\/ajsantcugat\",\"https:\\\/\\\/www.instagram.com\\\/visitsantcugat\\\/\",\"https:\\\/\\\/ca.wikipedia.org\\\/wiki\\\/Sant_Cugat_del_Vall\u00e8s\"]}]}<\/script>\n<!-- \/ Yoast SEO plugin. -->","yoast_head_json":{"title":"Palais Abbatial | Visit Sant Cugat","description":"Palais abbatial, symbole de la puissance f\u00e9odale du Monast\u00e8re de Sant Cugat. Au c\u00f4t\u00e9 la Citerne du Monast\u00e8re","robots":{"index":"index","follow":"follow","max-snippet":"max-snippet:-1","max-image-preview":"max-image-preview:large","max-video-preview":"max-video-preview:-1"},"canonical":"https:\/\/visit.santcugat.cat\/fr\/palais-abbatial\/","og_locale":"fr_FR","og_type":"article","og_title":"Palais Abbatial | Visit Sant Cugat","og_description":"Palais abbatial, symbole de la puissance f\u00e9odale du Monast\u00e8re de Sant Cugat. Au c\u00f4t\u00e9 la Citerne du Monast\u00e8re","og_url":"https:\/\/visit.santcugat.cat\/fr\/palais-abbatial\/","og_site_name":"Visit Sant Cugat","article_publisher":"https:\/\/www.facebook.com\/visitsantcugat\/","article_modified_time":"2023-12-03T21:00:33+00:00","og_image":[{"width":984,"height":502,"url":"https:\/\/visit.santcugat.cat\/wp-content\/uploads\/2023\/03\/CLAUSTRE-MONASTERIO-DE-SANT-CUGAT_resultado.webp","type":"image\/webp"}],"twitter_card":"summary_large_image","twitter_site":"@ajsantcugat","twitter_misc":{"Dur\u00e9e de lecture estim\u00e9e":"12 minutes"},"schema":{"@context":"https:\/\/schema.org","@graph":[{"@type":"WebPage","@id":"https:\/\/visit.santcugat.cat\/fr\/palais-abbatial\/","url":"https:\/\/visit.santcugat.cat\/fr\/palais-abbatial\/","name":"Palais Abbatial | Visit Sant Cugat","isPartOf":{"@id":"https:\/\/visit.santcugat.cat\/fr\/#website"},"datePublished":"2020-04-27T11:29:03+00:00","dateModified":"2023-12-03T21:00:33+00:00","description":"Palais abbatial, symbole de la puissance f\u00e9odale du Monast\u00e8re de Sant Cugat. Au c\u00f4t\u00e9 la Citerne du Monast\u00e8re","breadcrumb":{"@id":"https:\/\/visit.santcugat.cat\/fr\/palais-abbatial\/#breadcrumb"},"inLanguage":"fr-FR","potentialAction":[{"@type":"ReadAction","target":["https:\/\/visit.santcugat.cat\/fr\/palais-abbatial\/"]}]},{"@type":"BreadcrumbList","@id":"https:\/\/visit.santcugat.cat\/fr\/palais-abbatial\/#breadcrumb","itemListElement":[{"@type":"ListItem","position":1,"name":"Inici","item":"https:\/\/visit.santcugat.cat\/fr\/"},{"@type":"ListItem","position":2,"name":"Palais Abbatial"}]},{"@type":"WebSite","@id":"https:\/\/visit.santcugat.cat\/fr\/#website","url":"https:\/\/visit.santcugat.cat\/fr\/","name":"Visit Sant Cugat","description":"Turisme de Sant Cugat","publisher":{"@id":"https:\/\/visit.santcugat.cat\/fr\/#organization"},"potentialAction":[{"@type":"SearchAction","target":{"@type":"EntryPoint","urlTemplate":"https:\/\/visit.santcugat.cat\/fr\/?s={search_term_string}"},"query-input":{"@type":"PropertyValueSpecification","valueRequired":true,"valueName":"search_term_string"}}],"inLanguage":"fr-FR"},{"@type":"Organization","@id":"https:\/\/visit.santcugat.cat\/fr\/#organization","name":"Visit Sant Cugat - Turisme de Sant Cugat - Barcelona","url":"https:\/\/visit.santcugat.cat\/fr\/","logo":{"@type":"ImageObject","inLanguage":"fr-FR","@id":"https:\/\/visit.santcugat.cat\/fr\/#\/schema\/logo\/image\/","url":"https:\/\/visit.santcugat.cat\/wp-content\/uploads\/2020\/09\/logo.png","contentUrl":"https:\/\/visit.santcugat.cat\/wp-content\/uploads\/2020\/09\/logo.png","width":200,"height":44,"caption":"Visit Sant Cugat - Turisme de Sant Cugat - Barcelona"},"image":{"@id":"https:\/\/visit.santcugat.cat\/fr\/#\/schema\/logo\/image\/"},"sameAs":["https:\/\/www.facebook.com\/visitsantcugat\/","https:\/\/x.com\/ajsantcugat","https:\/\/www.instagram.com\/visitsantcugat\/","https:\/\/ca.wikipedia.org\/wiki\/Sant_Cugat_del_Vall\u00e8s"]}]}},"_links":{"self":[{"href":"https:\/\/visit.santcugat.cat\/fr\/wp-json\/wp\/v2\/pages\/21152","targetHints":{"allow":["GET"]}}],"collection":[{"href":"https:\/\/visit.santcugat.cat\/fr\/wp-json\/wp\/v2\/pages"}],"about":[{"href":"https:\/\/visit.santcugat.cat\/fr\/wp-json\/wp\/v2\/types\/page"}],"author":[{"embeddable":true,"href":"https:\/\/visit.santcugat.cat\/fr\/wp-json\/wp\/v2\/users\/2"}],"replies":[{"embeddable":true,"href":"https:\/\/visit.santcugat.cat\/fr\/wp-json\/wp\/v2\/comments?post=21152"}],"version-history":[{"count":4,"href":"https:\/\/visit.santcugat.cat\/fr\/wp-json\/wp\/v2\/pages\/21152\/revisions"}],"predecessor-version":[{"id":39088,"href":"https:\/\/visit.santcugat.cat\/fr\/wp-json\/wp\/v2\/pages\/21152\/revisions\/39088"}],"wp:attachment":[{"href":"https:\/\/visit.santcugat.cat\/fr\/wp-json\/wp\/v2\/media?parent=21152"}],"curies":[{"name":"wp","href":"https:\/\/api.w.org\/{rel}","templated":true}]}}