{"id":10780,"date":"2017-03-23T00:57:21","date_gmt":"2017-03-22T23:57:21","guid":{"rendered":"https:\/\/visit.santcugat.cat\/que-faire\/sports-dans-la-nature\/senderisme-i-cicloturisme\/"},"modified":"2022-07-05T09:26:29","modified_gmt":"2022-07-05T07:26:29","slug":"randonnees-et-cyclotourisme","status":"publish","type":"page","link":"https:\/\/visit.santcugat.cat\/fr\/que-faire\/sports-dans-la-nature-un-parc-naturel-por-a\/randonnees-et-cyclotourisme\/","title":{"rendered":"Randonn\u00e9es et cyclotourisme"},"content":{"rendered":"<p><div class=\"fusion-fullwidth fullwidth-box fusion-builder-row-1 nonhundred-percent-fullwidth non-hundred-percent-height-scrolling fusion-equal-height-columns\" style=\"--awb-border-radius-top-left:0px;--awb-border-radius-top-right:0px;--awb-border-radius-bottom-right:0px;--awb-border-radius-bottom-left:0px;--awb-padding-top:5px;--awb-padding-bottom:5px;--awb-margin-top:15px;--awb-flex-wrap:wrap;\" ><div class=\"fusion-builder-row fusion-row\"><div class=\"fusion-layout-column fusion_builder_column fusion-builder-column-0 fusion_builder_column_1_1 1_1 fusion-one-full fusion-column-first fusion-column-last\" style=\"--awb-padding-top:20px;--awb-padding-right:40px;--awb-padding-bottom:20px;--awb-padding-left:40px;--awb-bg-color:#ffffff;--awb-bg-color-hover:#ffffff;--awb-bg-size:cover;--awb-margin-bottom:15px;\"><div class=\"fusion-column-wrapper fusion-flex-column-wrapper-legacy\"><div class=\"fusion-title title fusion-title-1 fusion-sep-none fusion-title-text fusion-title-size-two\"><h2 class=\"fusion-title-heading title-heading-left fusion-responsive-typography-calculated\" style=\"margin:0;--fontSize:26;line-height:1.69;\"><h2>En route<\/h2><\/h2><\/div><div class=\"fusion-text fusion-text-1\"><p>Si une couleur domine la ville, c\u2019est le vert. Viens nous rendre visite et tu sauras pourquoi. N\u2019oublies pas d\u2019emporter tes chaussures de sport car tu auras certainement envie de courir ou d\u2019enfourcher une bicyclette et de faire des kilom\u00e8tres. Respire, respire et ton corps se remplira d\u2019\u00e9nergie positive. Nous avons pr\u00e9par\u00e9 pour toi une s\u00e9lection de circuits qui te mettront en forme.<\/p>\n<\/div><div class=\"fusion-clearfix\"><\/div><\/div><\/div><\/div><\/div><div class=\"fusion-fullwidth fullwidth-box fusion-builder-row-2 nonhundred-percent-fullwidth non-hundred-percent-height-scrolling\" style=\"--awb-border-radius-top-left:0px;--awb-border-radius-top-right:0px;--awb-border-radius-bottom-right:0px;--awb-border-radius-bottom-left:0px;--awb-padding-top:1px;--awb-padding-bottom:1px;--awb-margin-bottom:15px;--awb-flex-wrap:wrap;\" ><div class=\"fusion-builder-row fusion-row\"><div class=\"fusion-layout-column fusion_builder_column fusion-builder-column-1 fusion_builder_column_1_1 1_1 fusion-one-full fusion-column-first fusion-column-last\" style=\"--awb-padding-top:20px;--awb-padding-right:20px;--awb-padding-bottom:20px;--awb-padding-left:20px;--awb-bg-color:#ffffff;--awb-bg-color-hover:#ffffff;--awb-bg-size:cover;\"><div class=\"fusion-column-wrapper fusion-flex-column-wrapper-legacy\"><div class=\"fusion-builder-row fusion-builder-row-inner fusion-row\"><div class=\"fusion-layout-column fusion_builder_column_inner fusion-builder-nested-column-0 fusion_builder_column_inner_2_3 2_3 fusion-two-third fusion-column-first\" style=\"--awb-bg-size:cover;width:66.666666666667%;width:calc(66.666666666667% - ( ( 4% ) * 0.66666666666667 ) );margin-right: 4%;\"><div class=\"fusion-column-wrapper fusion-flex-column-wrapper-legacy\"><div class=\"fusion-image-element in-legacy-container\" style=\"--awb-caption-title-font-family:var(--h2_typography-font-family);--awb-caption-title-font-weight:var(--h2_typography-font-weight);--awb-caption-title-font-style:var(--h2_typography-font-style);--awb-caption-title-size:var(--h2_typography-font-size);--awb-caption-title-transform:var(--h2_typography-text-transform);--awb-caption-title-line-height:var(--h2_typography-line-height);--awb-caption-title-letter-spacing:var(--h2_typography-letter-spacing);\"><span class=\" fusion-imageframe imageframe-none imageframe-1 hover-type-none\"><img decoding=\"async\" width=\"800\" height=\"400\" alt=\"Randonn\u00e9es dan le Parc naturel de Collserola, Sant Cugat\" title=\"FOTO:MAN\u00c9 ESPINOSA. PARC DE COLLSEROLA. CAM\u00cd DE CAN BORRELL A SANT MEDIR.\" src=\"https:\/\/visit.santcugat.cat\/wp-content\/uploads\/2017\/03\/Collserola.jpg\" class=\"img-responsive wp-image-10781\" srcset=\"https:\/\/visit.santcugat.cat\/wp-content\/uploads\/2017\/03\/Collserola-200x100.jpg 200w, https:\/\/visit.santcugat.cat\/wp-content\/uploads\/2017\/03\/Collserola-400x200.jpg 400w, https:\/\/visit.santcugat.cat\/wp-content\/uploads\/2017\/03\/Collserola-600x300.jpg 600w, https:\/\/visit.santcugat.cat\/wp-content\/uploads\/2017\/03\/Collserola.jpg 800w\" sizes=\"(max-width: 800px) 100vw, 800px\" \/><\/span><\/div><div class=\"fusion-text fusion-text-2\"><h3 style=\"font-weight: 400;\"><span style=\"color: #7ac142;\">Randonn\u00e9es<\/span><\/h3>\n<\/div><div class=\"fusion-text fusion-text-3\"><p>De nombreux chemins s\u2019ouvrent \u00e0 toi, cela d\u00e9pend de ton choix\u00a0: promenade ou excursion plus longue. Tu trouveras ici toute l\u2019information r\u00e9sum\u00e9e dans les propositions que nous avons actuellement. Tu peux t\u00e9l\u00e9charger une <em>appli<\/em> ou une carte d\u2019itin\u00e9raires de courte dur\u00e9e ou m\u00eame t\u00e9l\u00e9charger les <em>tracks<\/em> des sentiers plus longs.<\/p>\n<ul>\n<li>T\u00e9l\u00e9charge sur ton portable <a href=\"https:\/\/www.naturalocal.net\/ca\" target=\"_blank\" rel=\"noopener nofollow\">l\u2019<em>appli<\/em> de Natura Local.<\/a> Il s\u2019agit de quatre itin\u00e9raires autoguid\u00e9s qui durent entre une et deux heures.<\/li>\n<li><strong>Itin\u00e9raires \u00e0 pied. <\/strong>Nous te proposons huit itin\u00e9raires \u00e0 pied qui te permettront de d\u00e9couvrir des sources, des vall\u00e9es, des chemins et de beaux mas.\u00a0<a href=\"https:\/\/visit.santcugat.cat\/wp-content\/uploads\/2017\/05\/12itinerariscompressed_2.pdf\" target=\"_blank\" rel=\"noopener\">T\u00e9l\u00e9charge-les en PDF.<\/a><\/li>\n<li><strong>Chemin des Moines, <\/strong>PR C-38, sentier court. C\u2019est un trajet historique de 25 kilom\u00e8tres qui unit les communes de Sant Lloren\u00e7, Matadepera, Terrassa, Sant Quirze et Sant Cugat. <a href=\"https:\/\/visit.santcugat.cat\/wp-content\/uploads\/2017\/05\/PRC-38-original-feec.kml_.zip\" target=\"_blank\" rel=\"noopener\"><em>Tracks.<\/em><\/a><\/li>\n<li><strong>Chemin de Sant Jaume (Saint Jacques).<\/strong> Cette route internationale historique va de Barcelone au monast\u00e8re de Montserrat et passe par Sant Cugat. Cette premi\u00e8re portion du parcours est de 10,7 km. <em><a href=\"https:\/\/visit.santcugat.cat\/wp-content\/uploads\/2017\/05\/CAMI-SANT-JAUME_per-Sant-Cugat.zip\" target=\"_blank\" rel=\"noopener\">Tracks<\/a>.<\/em><\/li>\n<li><strong>Vall\u00e8s naturel,<\/strong> GR 17 \u2013 \u00e9tape 2, elle va de Santa Maria de Barber\u00e0 \u00e0 Sant Cugat. Au total 7,7 km. <a href=\"https:\/\/visit.santcugat.cat\/wp-content\/uploads\/2017\/05\/VallesNatural-Gr173.zip\" target=\"_blank\" rel=\"noopener\"><em>Tracks<\/em><\/a><em>.<\/em><\/li>\n<\/ul>\n<\/div><div class=\"fusion-alignleft\"><a class=\"fusion-button button-flat button-small button-default fusion-button-default button-1 fusion-button-default-span fusion-button-default-type\" target=\"_self\" href=\"https:\/\/visit.santcugat.cat\/fr\/que-faire\/itineraires-et-visites\/\"><span class=\"fusion-button-text awb-button__text awb-button__text--default fusion-button-text-right\">PLUS D\u2019INFORMATION<\/span><span class=\"fusion-button-icon-divider button-icon-divider-right\"><i class=\" fa fa-chevron-right awb-button__icon awb-button__icon--default\" aria-hidden=\"true\"><\/i><\/span><\/a><\/div><div class=\"fusion-clearfix\"><\/div><\/div><\/div><div class=\"fusion-layout-column fusion_builder_column_inner fusion-builder-nested-column-1 fusion_builder_column_inner_1_3 1_3 fusion-one-third fusion-column-last\" style=\"--awb-bg-size:cover;width:33.333333333333%;width:calc(33.333333333333% - ( ( 4% ) * 0.33333333333333 ) );\"><div class=\"fusion-column-wrapper fusion-flex-column-wrapper-legacy\"><div class=\"fusion-text fusion-text-4\"><h4 style=\"font-weight: 400; text-align: center;\"><i class=\"fa fa-info-circle\"><\/i> INFORMATION G\u00c9N\u00c9RALE<\/h4>\n<\/div><div class=\"fusion-sep-clear\"><\/div><div class=\"fusion-separator fusion-full-width-sep\" style=\"margin-left: auto;margin-right: auto;margin-top:0px;margin-bottom:30px;width:100%;max-width:100%;\"><div class=\"fusion-separator-border sep-single sep-solid\" style=\"--awb-height:20px;--awb-amount:20px;border-color:#7ac142;border-top-width:2px;\"><\/div><\/div><div class=\"fusion-sep-clear\"><\/div><div class=\"fusion-text fusion-text-5\"><p><strong>Office du Tourisme<\/strong><br \/>\nPla\u00e7a d\u2019Octavi\u00e0, 10<br \/>\nT\u00e9l. +(34) 936 759 952<br \/>\nturisme@santcugat.cat<\/p>\n<\/div><div class=\"fusion-sep-clear\"><\/div><div class=\"fusion-separator fusion-full-width-sep\" style=\"margin-left: auto;margin-right: auto;margin-top:1px;margin-bottom:1px;width:100%;\"><\/div><div class=\"fusion-sep-clear\"><\/div><div class=\"fusion-clearfix\"><\/div><\/div><\/div><\/div><div class=\"fusion-clearfix\"><\/div><\/div><\/div><\/div><\/div><div class=\"fusion-fullwidth fullwidth-box fusion-builder-row-3 nonhundred-percent-fullwidth non-hundred-percent-height-scrolling\" style=\"--awb-border-radius-top-left:0px;--awb-border-radius-top-right:0px;--awb-border-radius-bottom-right:0px;--awb-border-radius-bottom-left:0px;--awb-padding-top:1px;--awb-padding-bottom:20px;--awb-flex-wrap:wrap;\" ><div class=\"fusion-builder-row fusion-row\"><div class=\"fusion-layout-column fusion_builder_column fusion-builder-column-2 fusion_builder_column_1_1 1_1 fusion-one-full fusion-column-first fusion-column-last\" style=\"--awb-padding-top:20px;--awb-padding-right:20px;--awb-padding-bottom:20px;--awb-padding-left:20px;--awb-bg-color:#ffffff;--awb-bg-color-hover:#ffffff;--awb-bg-size:cover;\"><div class=\"fusion-column-wrapper fusion-flex-column-wrapper-legacy\"><div class=\"fusion-builder-row fusion-builder-row-inner fusion-row\"><div class=\"fusion-layout-column fusion_builder_column_inner fusion-builder-nested-column-2 fusion_builder_column_inner_2_3 2_3 fusion-two-third fusion-column-first\" style=\"--awb-bg-size:cover;width:66.666666666667%;width:calc(66.666666666667% - ( ( 4% ) * 0.66666666666667 ) );margin-right: 4%;\"><div class=\"fusion-column-wrapper fusion-flex-column-wrapper-legacy\"><div class=\"fusion-image-element in-legacy-container\" style=\"--awb-caption-title-font-family:var(--h2_typography-font-family);--awb-caption-title-font-weight:var(--h2_typography-font-weight);--awb-caption-title-font-style:var(--h2_typography-font-style);--awb-caption-title-size:var(--h2_typography-font-size);--awb-caption-title-transform:var(--h2_typography-text-transform);--awb-caption-title-line-height:var(--h2_typography-line-height);--awb-caption-title-letter-spacing:var(--h2_typography-letter-spacing);\"><span class=\" fusion-imageframe imageframe-none imageframe-2 hover-type-none\"><img decoding=\"async\" width=\"800\" height=\"400\" alt=\"Randonn\u00e9es et cyclotourisme \u00e0 Sant Cugat\" title=\"FOTO: MAN\u00c9 ESPINOSA. PASSEJADES AMB BICICLETAS EL\u00c8CTRIQUES AMB VAIC.\" src=\"https:\/\/visit.santcugat.cat\/wp-content\/uploads\/2017\/03\/Itineraris-amb-bicicleta.jpg\" class=\"img-responsive wp-image-10131\" srcset=\"https:\/\/visit.santcugat.cat\/wp-content\/uploads\/2017\/03\/Itineraris-amb-bicicleta-200x100.jpg 200w, https:\/\/visit.santcugat.cat\/wp-content\/uploads\/2017\/03\/Itineraris-amb-bicicleta-400x200.jpg 400w, https:\/\/visit.santcugat.cat\/wp-content\/uploads\/2017\/03\/Itineraris-amb-bicicleta-600x300.jpg 600w, https:\/\/visit.santcugat.cat\/wp-content\/uploads\/2017\/03\/Itineraris-amb-bicicleta.jpg 800w\" sizes=\"(max-width: 800px) 100vw, 800px\" \/><\/span><\/div><div class=\"fusion-text fusion-text-6\"><h3 style=\"font-weight: 400;\"><span style=\"color: #7ac142;\">Cyclotourisme<\/span><\/h3>\n<\/div><div class=\"fusion-text fusion-text-7\"><p>Si tu aimes la bicyclette, <a href=\"https:\/\/visit.santcugat.cat\/fr\/itineraires-en-vtt\/\">trois itin\u00e9raires<\/a> sont \u00e0 ta disposition, ils se terminent \u00e0 une gare de Rodalies-Renfe ou de FGC. Les indications qui permettent de suivre ces itin\u00e9raires correspondent \u00e0 la signalisation de pistes du parc, ce sont les signaux verticaux \u00e0 chaque bifurcation. Il existe aussi d\u2019autres chemins cyclables.<\/p>\n<\/div><div class=\"fusion-alignleft\"><a class=\"fusion-button button-flat button-small button-default fusion-button-default button-2 fusion-button-default-span fusion-button-default-type\" target=\"_blank\" rel=\"noopener noreferrer\" href=\"https:\/\/visit.santcugat.cat\/wp-content\/uploads\/2017\/06\/12mountain-bike-routes-and-routes-on-foot-2.pdf\"><span class=\"fusion-button-text awb-button__text awb-button__text--default fusion-button-text-right\">T\u00c9L\u00c9CHARGE EN PDF<\/span><span class=\"fusion-button-icon-divider button-icon-divider-right\"><i class=\" fa fa-arrow-down awb-button__icon awb-button__icon--default\" aria-hidden=\"true\"><\/i><\/span><\/a><\/div><div class=\"fusion-clearfix\"><\/div><\/div><\/div><div class=\"fusion-layout-column fusion_builder_column_inner fusion-builder-nested-column-3 fusion_builder_column_inner_1_3 1_3 fusion-one-third fusion-column-last\" style=\"--awb-bg-size:cover;width:33.333333333333%;width:calc(33.333333333333% - ( ( 4% ) * 0.33333333333333 ) );\"><div class=\"fusion-column-wrapper fusion-flex-column-wrapper-legacy\"><div class=\"fusion-text fusion-text-8\"><h4 style=\"font-weight: 400; text-align: center;\"><i class=\"fa fa-info-circle\"><\/i> INFORMATION G\u00c9N\u00c9RALE<\/h4>\n<\/div><div class=\"fusion-sep-clear\"><\/div><div class=\"fusion-separator fusion-full-width-sep\" style=\"margin-left: auto;margin-right: auto;margin-top:0px;margin-bottom:30px;width:100%;max-width:100%;\"><div class=\"fusion-separator-border sep-single sep-solid\" style=\"--awb-height:20px;--awb-amount:20px;border-color:#7ac142;border-top-width:2px;\"><\/div><\/div><div class=\"fusion-sep-clear\"><\/div><div class=\"fusion-text fusion-text-9\"><p><strong>Office du Tourisme\u00a0<\/strong><br \/>\nPla\u00e7a d\u2019Octavi\u00e0, 10<br \/>\nT\u00e9l. +(34) 936 759 952<br \/>\nturisme@santcugat.cat<\/p>\n<\/div><div class=\"fusion-sep-clear\"><\/div><div class=\"fusion-separator fusion-full-width-sep\" style=\"margin-left: auto;margin-right: auto;margin-top:1px;margin-bottom:1px;width:100%;\"><\/div><div class=\"fusion-sep-clear\"><\/div><div class=\"fusion-clearfix\"><\/div><\/div><\/div><\/div><div class=\"fusion-clearfix\"><\/div><\/div><\/div><\/div><\/div><\/p>\n","protected":false},"excerpt":{"rendered":"","protected":false},"author":2,"featured_media":0,"parent":10130,"menu_order":0,"comment_status":"closed","ping_status":"closed","template":"","meta":{"_joinchat":[],"footnotes":""},"class_list":["post-10780","page","type-page","status-publish","hentry"],"yoast_head":"<!-- This site is optimized with the Yoast SEO plugin v27.3 - https:\/\/yoast.com\/product\/yoast-seo-wordpress\/ -->\n<title>Randonn\u00e9es et cyclotourisme \u00e0 c\u00f4t\u00e9 de Barcelone - Visit Sant Cugat<\/title>\n<meta name=\"description\" content=\"Si une couleur domine Sant Cugat, c\u2019est le vert. Nous avons pr\u00e9par\u00e9 pour toi une s\u00e9lection de randonn\u00e9es et cyclotourisme \u00e0 c\u00f4t\u00e9 de Barcelone.\" \/>\n<meta name=\"robots\" content=\"index, follow, max-snippet:-1, max-image-preview:large, max-video-preview:-1\" \/>\n<link rel=\"canonical\" href=\"https:\/\/visit.santcugat.cat\/fr\/que-faire\/sports-dans-la-nature-un-parc-naturel-por-a\/randonnees-et-cyclotourisme\/\" \/>\n<meta property=\"og:locale\" content=\"fr_FR\" \/>\n<meta property=\"og:type\" content=\"article\" \/>\n<meta property=\"og:title\" content=\"Randonn\u00e9es et cyclotourisme \u00e0 c\u00f4t\u00e9 de Barcelone - Visit Sant Cugat\" \/>\n<meta property=\"og:description\" content=\"Si une couleur domine Sant Cugat, c\u2019est le vert. Nous avons pr\u00e9par\u00e9 pour toi une s\u00e9lection de randonn\u00e9es et cyclotourisme \u00e0 c\u00f4t\u00e9 de Barcelone.\" \/>\n<meta property=\"og:url\" content=\"https:\/\/visit.santcugat.cat\/fr\/que-faire\/sports-dans-la-nature-un-parc-naturel-por-a\/randonnees-et-cyclotourisme\/\" \/>\n<meta property=\"og:site_name\" content=\"Visit Sant Cugat\" \/>\n<meta property=\"article:publisher\" content=\"https:\/\/www.facebook.com\/visitsantcugat\/\" \/>\n<meta property=\"article:modified_time\" content=\"2022-07-05T07:26:29+00:00\" \/>\n<meta property=\"og:image\" content=\"https:\/\/visit.santcugat.cat\/wp-content\/uploads\/2023\/03\/CLAUSTRE-MONASTERIO-DE-SANT-CUGAT_resultado.webp\" \/>\n\t<meta property=\"og:image:width\" content=\"984\" \/>\n\t<meta property=\"og:image:height\" content=\"502\" \/>\n\t<meta property=\"og:image:type\" content=\"image\/webp\" \/>\n<meta name=\"twitter:card\" content=\"summary_large_image\" \/>\n<meta name=\"twitter:site\" content=\"@ajsantcugat\" \/>\n<meta name=\"twitter:label1\" content=\"Dur\u00e9e de lecture estim\u00e9e\" \/>\n\t<meta name=\"twitter:data1\" content=\"8 minutes\" \/>\n<script type=\"application\/ld+json\" class=\"yoast-schema-graph\">{\"@context\":\"https:\\\/\\\/schema.org\",\"@graph\":[{\"@type\":\"WebPage\",\"@id\":\"https:\\\/\\\/visit.santcugat.cat\\\/fr\\\/que-faire\\\/sports-dans-la-nature-un-parc-naturel-por-a\\\/randonnees-et-cyclotourisme\\\/\",\"url\":\"https:\\\/\\\/visit.santcugat.cat\\\/fr\\\/que-faire\\\/sports-dans-la-nature-un-parc-naturel-por-a\\\/randonnees-et-cyclotourisme\\\/\",\"name\":\"Randonn\u00e9es et cyclotourisme \u00e0 c\u00f4t\u00e9 de Barcelone - Visit Sant Cugat\",\"isPartOf\":{\"@id\":\"https:\\\/\\\/visit.santcugat.cat\\\/fr\\\/#website\"},\"datePublished\":\"2017-03-22T23:57:21+00:00\",\"dateModified\":\"2022-07-05T07:26:29+00:00\",\"description\":\"Si une couleur domine Sant Cugat, c\u2019est le vert. Nous avons pr\u00e9par\u00e9 pour toi une s\u00e9lection de randonn\u00e9es et cyclotourisme \u00e0 c\u00f4t\u00e9 de Barcelone.\",\"breadcrumb\":{\"@id\":\"https:\\\/\\\/visit.santcugat.cat\\\/fr\\\/que-faire\\\/sports-dans-la-nature-un-parc-naturel-por-a\\\/randonnees-et-cyclotourisme\\\/#breadcrumb\"},\"inLanguage\":\"fr-FR\",\"potentialAction\":[{\"@type\":\"ReadAction\",\"target\":[\"https:\\\/\\\/visit.santcugat.cat\\\/fr\\\/que-faire\\\/sports-dans-la-nature-un-parc-naturel-por-a\\\/randonnees-et-cyclotourisme\\\/\"]}]},{\"@type\":\"BreadcrumbList\",\"@id\":\"https:\\\/\\\/visit.santcugat.cat\\\/fr\\\/que-faire\\\/sports-dans-la-nature-un-parc-naturel-por-a\\\/randonnees-et-cyclotourisme\\\/#breadcrumb\",\"itemListElement\":[{\"@type\":\"ListItem\",\"position\":1,\"name\":\"Inici\",\"item\":\"https:\\\/\\\/visit.santcugat.cat\\\/fr\\\/\"},{\"@type\":\"ListItem\",\"position\":2,\"name\":\"Que faire?\",\"item\":\"https:\\\/\\\/visit.santcugat.cat\\\/fr\\\/?page_id=10120\"},{\"@type\":\"ListItem\",\"position\":3,\"name\":\"Sports dans la nature\",\"item\":\"https:\\\/\\\/visit.santcugat.cat\\\/fr\\\/que-faire\\\/sports-dans-la-nature-un-parc-naturel-por-a\\\/\"},{\"@type\":\"ListItem\",\"position\":4,\"name\":\"Randonn\u00e9es et cyclotourisme\"}]},{\"@type\":\"WebSite\",\"@id\":\"https:\\\/\\\/visit.santcugat.cat\\\/fr\\\/#website\",\"url\":\"https:\\\/\\\/visit.santcugat.cat\\\/fr\\\/\",\"name\":\"Visit Sant Cugat\",\"description\":\"Turisme de Sant Cugat\",\"publisher\":{\"@id\":\"https:\\\/\\\/visit.santcugat.cat\\\/fr\\\/#organization\"},\"potentialAction\":[{\"@type\":\"SearchAction\",\"target\":{\"@type\":\"EntryPoint\",\"urlTemplate\":\"https:\\\/\\\/visit.santcugat.cat\\\/fr\\\/?s={search_term_string}\"},\"query-input\":{\"@type\":\"PropertyValueSpecification\",\"valueRequired\":true,\"valueName\":\"search_term_string\"}}],\"inLanguage\":\"fr-FR\"},{\"@type\":\"Organization\",\"@id\":\"https:\\\/\\\/visit.santcugat.cat\\\/fr\\\/#organization\",\"name\":\"Visit Sant Cugat - Turisme de Sant Cugat - Barcelona\",\"url\":\"https:\\\/\\\/visit.santcugat.cat\\\/fr\\\/\",\"logo\":{\"@type\":\"ImageObject\",\"inLanguage\":\"fr-FR\",\"@id\":\"https:\\\/\\\/visit.santcugat.cat\\\/fr\\\/#\\\/schema\\\/logo\\\/image\\\/\",\"url\":\"https:\\\/\\\/visit.santcugat.cat\\\/wp-content\\\/uploads\\\/2020\\\/09\\\/logo.png\",\"contentUrl\":\"https:\\\/\\\/visit.santcugat.cat\\\/wp-content\\\/uploads\\\/2020\\\/09\\\/logo.png\",\"width\":200,\"height\":44,\"caption\":\"Visit Sant Cugat - Turisme de Sant Cugat - Barcelona\"},\"image\":{\"@id\":\"https:\\\/\\\/visit.santcugat.cat\\\/fr\\\/#\\\/schema\\\/logo\\\/image\\\/\"},\"sameAs\":[\"https:\\\/\\\/www.facebook.com\\\/visitsantcugat\\\/\",\"https:\\\/\\\/x.com\\\/ajsantcugat\",\"https:\\\/\\\/www.instagram.com\\\/visitsantcugat\\\/\",\"https:\\\/\\\/ca.wikipedia.org\\\/wiki\\\/Sant_Cugat_del_Vall\u00e8s\"]}]}<\/script>\n<!-- \/ Yoast SEO plugin. -->","yoast_head_json":{"title":"Randonn\u00e9es et cyclotourisme \u00e0 c\u00f4t\u00e9 de Barcelone - Visit Sant Cugat","description":"Si une couleur domine Sant Cugat, c\u2019est le vert. Nous avons pr\u00e9par\u00e9 pour toi une s\u00e9lection de randonn\u00e9es et cyclotourisme \u00e0 c\u00f4t\u00e9 de Barcelone.","robots":{"index":"index","follow":"follow","max-snippet":"max-snippet:-1","max-image-preview":"max-image-preview:large","max-video-preview":"max-video-preview:-1"},"canonical":"https:\/\/visit.santcugat.cat\/fr\/que-faire\/sports-dans-la-nature-un-parc-naturel-por-a\/randonnees-et-cyclotourisme\/","og_locale":"fr_FR","og_type":"article","og_title":"Randonn\u00e9es et cyclotourisme \u00e0 c\u00f4t\u00e9 de Barcelone - Visit Sant Cugat","og_description":"Si une couleur domine Sant Cugat, c\u2019est le vert. Nous avons pr\u00e9par\u00e9 pour toi une s\u00e9lection de randonn\u00e9es et cyclotourisme \u00e0 c\u00f4t\u00e9 de Barcelone.","og_url":"https:\/\/visit.santcugat.cat\/fr\/que-faire\/sports-dans-la-nature-un-parc-naturel-por-a\/randonnees-et-cyclotourisme\/","og_site_name":"Visit Sant Cugat","article_publisher":"https:\/\/www.facebook.com\/visitsantcugat\/","article_modified_time":"2022-07-05T07:26:29+00:00","og_image":[{"width":984,"height":502,"url":"https:\/\/visit.santcugat.cat\/wp-content\/uploads\/2023\/03\/CLAUSTRE-MONASTERIO-DE-SANT-CUGAT_resultado.webp","type":"image\/webp"}],"twitter_card":"summary_large_image","twitter_site":"@ajsantcugat","twitter_misc":{"Dur\u00e9e de lecture estim\u00e9e":"8 minutes"},"schema":{"@context":"https:\/\/schema.org","@graph":[{"@type":"WebPage","@id":"https:\/\/visit.santcugat.cat\/fr\/que-faire\/sports-dans-la-nature-un-parc-naturel-por-a\/randonnees-et-cyclotourisme\/","url":"https:\/\/visit.santcugat.cat\/fr\/que-faire\/sports-dans-la-nature-un-parc-naturel-por-a\/randonnees-et-cyclotourisme\/","name":"Randonn\u00e9es et cyclotourisme \u00e0 c\u00f4t\u00e9 de Barcelone - Visit Sant Cugat","isPartOf":{"@id":"https:\/\/visit.santcugat.cat\/fr\/#website"},"datePublished":"2017-03-22T23:57:21+00:00","dateModified":"2022-07-05T07:26:29+00:00","description":"Si une couleur domine Sant Cugat, c\u2019est le vert. Nous avons pr\u00e9par\u00e9 pour toi une s\u00e9lection de randonn\u00e9es et cyclotourisme \u00e0 c\u00f4t\u00e9 de Barcelone.","breadcrumb":{"@id":"https:\/\/visit.santcugat.cat\/fr\/que-faire\/sports-dans-la-nature-un-parc-naturel-por-a\/randonnees-et-cyclotourisme\/#breadcrumb"},"inLanguage":"fr-FR","potentialAction":[{"@type":"ReadAction","target":["https:\/\/visit.santcugat.cat\/fr\/que-faire\/sports-dans-la-nature-un-parc-naturel-por-a\/randonnees-et-cyclotourisme\/"]}]},{"@type":"BreadcrumbList","@id":"https:\/\/visit.santcugat.cat\/fr\/que-faire\/sports-dans-la-nature-un-parc-naturel-por-a\/randonnees-et-cyclotourisme\/#breadcrumb","itemListElement":[{"@type":"ListItem","position":1,"name":"Inici","item":"https:\/\/visit.santcugat.cat\/fr\/"},{"@type":"ListItem","position":2,"name":"Que faire?","item":"https:\/\/visit.santcugat.cat\/fr\/?page_id=10120"},{"@type":"ListItem","position":3,"name":"Sports dans la nature","item":"https:\/\/visit.santcugat.cat\/fr\/que-faire\/sports-dans-la-nature-un-parc-naturel-por-a\/"},{"@type":"ListItem","position":4,"name":"Randonn\u00e9es et cyclotourisme"}]},{"@type":"WebSite","@id":"https:\/\/visit.santcugat.cat\/fr\/#website","url":"https:\/\/visit.santcugat.cat\/fr\/","name":"Visit Sant Cugat","description":"Turisme de Sant Cugat","publisher":{"@id":"https:\/\/visit.santcugat.cat\/fr\/#organization"},"potentialAction":[{"@type":"SearchAction","target":{"@type":"EntryPoint","urlTemplate":"https:\/\/visit.santcugat.cat\/fr\/?s={search_term_string}"},"query-input":{"@type":"PropertyValueSpecification","valueRequired":true,"valueName":"search_term_string"}}],"inLanguage":"fr-FR"},{"@type":"Organization","@id":"https:\/\/visit.santcugat.cat\/fr\/#organization","name":"Visit Sant Cugat - Turisme de Sant Cugat - Barcelona","url":"https:\/\/visit.santcugat.cat\/fr\/","logo":{"@type":"ImageObject","inLanguage":"fr-FR","@id":"https:\/\/visit.santcugat.cat\/fr\/#\/schema\/logo\/image\/","url":"https:\/\/visit.santcugat.cat\/wp-content\/uploads\/2020\/09\/logo.png","contentUrl":"https:\/\/visit.santcugat.cat\/wp-content\/uploads\/2020\/09\/logo.png","width":200,"height":44,"caption":"Visit Sant Cugat - Turisme de Sant Cugat - Barcelona"},"image":{"@id":"https:\/\/visit.santcugat.cat\/fr\/#\/schema\/logo\/image\/"},"sameAs":["https:\/\/www.facebook.com\/visitsantcugat\/","https:\/\/x.com\/ajsantcugat","https:\/\/www.instagram.com\/visitsantcugat\/","https:\/\/ca.wikipedia.org\/wiki\/Sant_Cugat_del_Vall\u00e8s"]}]}},"_links":{"self":[{"href":"https:\/\/visit.santcugat.cat\/fr\/wp-json\/wp\/v2\/pages\/10780","targetHints":{"allow":["GET"]}}],"collection":[{"href":"https:\/\/visit.santcugat.cat\/fr\/wp-json\/wp\/v2\/pages"}],"about":[{"href":"https:\/\/visit.santcugat.cat\/fr\/wp-json\/wp\/v2\/types\/page"}],"author":[{"embeddable":true,"href":"https:\/\/visit.santcugat.cat\/fr\/wp-json\/wp\/v2\/users\/2"}],"replies":[{"embeddable":true,"href":"https:\/\/visit.santcugat.cat\/fr\/wp-json\/wp\/v2\/comments?post=10780"}],"version-history":[{"count":2,"href":"https:\/\/visit.santcugat.cat\/fr\/wp-json\/wp\/v2\/pages\/10780\/revisions"}],"predecessor-version":[{"id":30413,"href":"https:\/\/visit.santcugat.cat\/fr\/wp-json\/wp\/v2\/pages\/10780\/revisions\/30413"}],"up":[{"embeddable":true,"href":"https:\/\/visit.santcugat.cat\/fr\/wp-json\/wp\/v2\/pages\/10130"}],"wp:attachment":[{"href":"https:\/\/visit.santcugat.cat\/fr\/wp-json\/wp\/v2\/media?parent=10780"}],"curies":[{"name":"wp","href":"https:\/\/api.w.org\/{rel}","templated":true}]}}