{"id":10776,"date":"2017-03-21T22:16:27","date_gmt":"2017-03-21T21:16:27","guid":{"rendered":"https:\/\/visit.santcugat.cat\/que-faire\/sports-dans-la-nature\/hipica\/"},"modified":"2024-09-12T19:28:59","modified_gmt":"2024-09-12T17:28:59","slug":"randonnees-a-cheval","status":"publish","type":"page","link":"https:\/\/visit.santcugat.cat\/fr\/que-faire\/sports-dans-la-nature-un-parc-naturel-por-a\/randonnees-a-cheval\/","title":{"rendered":"\u00c9quitation"},"content":{"rendered":"<p><div class=\"fusion-fullwidth fullwidth-box fusion-builder-row-1 nonhundred-percent-fullwidth non-hundred-percent-height-scrolling fusion-equal-height-columns\" style=\"--awb-border-radius-top-left:0px;--awb-border-radius-top-right:0px;--awb-border-radius-bottom-right:0px;--awb-border-radius-bottom-left:0px;--awb-padding-top:;--awb-padding-bottom:;--awb-margin-top:-100px;--awb-margin-bottom:15px;--awb-flex-wrap:wrap;\" ><div class=\"fusion-builder-row fusion-row\"><div class=\"fusion-layout-column fusion_builder_column fusion-builder-column-0 fusion_builder_column_1_1 1_1 fusion-one-full fusion-column-first fusion-column-last\" style=\"--awb-padding-top:15px;--awb-padding-right:40px;--awb-padding-bottom:40px;--awb-padding-left:40px;--awb-bg-color:#ffffff;--awb-bg-color-hover:#ffffff;--awb-bg-size:cover;\"><div class=\"fusion-column-wrapper fusion-flex-column-wrapper-legacy\"><div class=\"fusion-title title fusion-title-1 fusion-sep-none fusion-title-text fusion-title-size-two\"><h2 class=\"fusion-title-heading title-heading-left fusion-responsive-typography-calculated\" style=\"margin:0;--fontSize:26;line-height:1.69;\">Randonn\u00e9es \u00e0 cheval<\/h2><\/div><div class=\"fusion-text fusion-text-1\"><p><span style=\"font-weight: 400;\">La ville a une longue tradition hippique. Pourquoi ne ferais-tu pas une randonn\u00e9e dans le Parc naturel ou ne vivrais-tu pas ta premi\u00e8re exp\u00e9rience dans le monde du cheval?<\/span><\/p>\n<\/div><div class=\"fusion-clearfix\"><\/div><\/div><\/div><\/div><\/div><div class=\"fusion-fullwidth fullwidth-box fusion-builder-row-2 nonhundred-percent-fullwidth non-hundred-percent-height-scrolling\" style=\"--awb-border-radius-top-left:0px;--awb-border-radius-top-right:0px;--awb-border-radius-bottom-right:0px;--awb-border-radius-bottom-left:0px;--awb-padding-top:1px;--awb-padding-bottom:20px;--awb-flex-wrap:wrap;\" ><div class=\"fusion-builder-row fusion-row\"><div class=\"fusion-layout-column fusion_builder_column fusion-builder-column-1 fusion_builder_column_1_1 1_1 fusion-one-full fusion-column-first fusion-column-last\" style=\"--awb-padding-top:20px;--awb-padding-right:20px;--awb-padding-bottom:20px;--awb-padding-left:20px;--awb-bg-color:#ffffff;--awb-bg-color-hover:#ffffff;--awb-bg-size:cover;\"><div class=\"fusion-column-wrapper fusion-flex-column-wrapper-legacy\"><div class=\"fusion-builder-row fusion-builder-row-inner fusion-row\"><div class=\"fusion-layout-column fusion_builder_column_inner fusion-builder-nested-column-0 fusion_builder_column_inner_2_3 2_3 fusion-two-third fusion-column-first\" style=\"--awb-bg-size:cover;width:66.666666666667%;width:calc(66.666666666667% - ( ( 4% ) * 0.66666666666667 ) );margin-right: 4%;\"><div class=\"fusion-column-wrapper fusion-flex-column-wrapper-legacy\"><div class=\"fusion-image-element in-legacy-container\" style=\"--awb-caption-title-font-family:var(--h2_typography-font-family);--awb-caption-title-font-weight:var(--h2_typography-font-weight);--awb-caption-title-font-style:var(--h2_typography-font-style);--awb-caption-title-size:var(--h2_typography-font-size);--awb-caption-title-transform:var(--h2_typography-text-transform);--awb-caption-title-line-height:var(--h2_typography-line-height);--awb-caption-title-letter-spacing:var(--h2_typography-letter-spacing);\"><span class=\" fusion-imageframe imageframe-none imageframe-1 hover-type-none\"><img decoding=\"async\" width=\"800\" height=\"400\" alt=\" \u00c9quitation Can Cald\u00e9s-sant-cugat-barcelona. Randon\u00e9es\" title=\"hipicacancaldesDSC_1825\" src=\"https:\/\/visit.santcugat.cat\/wp-content\/uploads\/2017\/03\/hipicacancaldesDSC_1825-1.jpg\" class=\"img-responsive wp-image-11081\" srcset=\"https:\/\/visit.santcugat.cat\/wp-content\/uploads\/2017\/03\/hipicacancaldesDSC_1825-1-200x100.jpg 200w, https:\/\/visit.santcugat.cat\/wp-content\/uploads\/2017\/03\/hipicacancaldesDSC_1825-1-400x200.jpg 400w, https:\/\/visit.santcugat.cat\/wp-content\/uploads\/2017\/03\/hipicacancaldesDSC_1825-1-600x300.jpg 600w, https:\/\/visit.santcugat.cat\/wp-content\/uploads\/2017\/03\/hipicacancaldesDSC_1825-1.jpg 800w\" sizes=\"(max-width: 800px) 100vw, 800px\" \/><\/span><\/div><div class=\"fusion-text fusion-text-2\"><h3 style=\"font-weight: 400;\"><span style=\"color: #7ac142;\">\u00c9quitation Can Cald\u00e9s<\/span><\/h3>\n<\/div><div class=\"fusion-text fusion-text-3\"><p>Les vastes installations de Can Cald\u00e9s sont un endroit privil\u00e9gi\u00e9, au pied de Collserola et \u00e0 quelques minutes seulement du centre de Sant Cugat. Tu y trouveras des services et des activit\u00e9s vari\u00e9s du monde de l\u2019\u00e9quitation\u00a0: une \u00e9cole \u00e9questre (\u00e0 partir de 3 ans), de la comp\u00e9tition de saut, du domptage, des randonn\u00e9es \u00e0 cheval \u00e0 travers le Parc naturel, des th\u00e9rapies par les chevaux, du coaching, la possibilit\u00e9 de f\u00eater ton anniversaire et un restaurant familial. Pendant les fins de semaine, entre 10h30 et 13h30, ils organisent aussi des promenades \u00e0 poney.<\/p>\n<\/div><div class=\"fusion-clearfix\"><\/div><\/div><\/div><div class=\"fusion-layout-column fusion_builder_column_inner fusion-builder-nested-column-1 fusion_builder_column_inner_1_3 1_3 fusion-one-third fusion-column-last\" style=\"--awb-bg-size:cover;width:33.333333333333%;width:calc(33.333333333333% - ( ( 4% ) * 0.33333333333333 ) );\"><div class=\"fusion-column-wrapper fusion-flex-column-wrapper-legacy\"><div class=\"fusion-text fusion-text-4\"><h4 style=\"font-weight: 400; text-align: center;\"><i class=\"fa fa-info-circle\"><\/i> INFORMATION G\u00c9N\u00c9RALE<\/h4>\n<\/div><div class=\"fusion-sep-clear\"><\/div><div class=\"fusion-separator fusion-full-width-sep\" style=\"margin-left: auto;margin-right: auto;margin-top:0px;margin-bottom:30px;width:100%;max-width:100%;\"><div class=\"fusion-separator-border sep-single sep-solid\" style=\"--awb-height:20px;--awb-amount:20px;--awb-sep-color:#8bc34a;border-color:#8bc34a;border-top-width:2px;\"><\/div><\/div><div class=\"fusion-sep-clear\"><\/div><div class=\"fusion-text fusion-text-5\"><p>Avinguda de les Corts Catalanes, s\/n<br \/>\nT\u00e9l. +(34) 935 531 183<br \/>\n+(34) 618 815 800<br \/>\ninfo@cancaldes.com<br \/>\n<a href=\"http:\/\/www.cancaldes.com\/\" target=\"_blank\" rel=\"noopener nofollow\"><span style=\"font-weight: 400;\">cancaldes.com<\/span><\/a><\/p>\n<\/div><div class=\"fusion-sep-clear\"><\/div><div class=\"fusion-separator fusion-full-width-sep\" style=\"margin-left: auto;margin-right: auto;margin-top:1px;margin-bottom:1px;width:100%;\"><\/div><div class=\"fusion-sep-clear\"><\/div><div class=\"fusion-text fusion-text-6\"><h4 style=\"font-weight: 400; text-align: center;\"><i class=\"fa fa-map-marker\"><\/i> LOCALISATION<\/h4>\n<\/div><div class=\"fusion-sep-clear\"><\/div><div class=\"fusion-separator fusion-full-width-sep\" style=\"margin-left: auto;margin-right: auto;margin-top:0px;margin-bottom:30px;width:100%;max-width:100%;\"><div class=\"fusion-separator-border sep-single sep-solid\" style=\"--awb-height:20px;--awb-amount:20px;--awb-sep-color:#8bc34a;border-color:#8bc34a;border-top-width:2px;\"><\/div><\/div><div class=\"fusion-sep-clear\"><\/div><div class=\"fusion-text fusion-text-7\"><p style=\"text-align: center;\"><iframe style=\"border: 0;\" src=\"https:\/\/www.google.com\/maps\/embed?pb=!1m18!1m12!1m3!1d2989.504367028952!2d2.0952473159588356!3d41.4716639792565!2m3!1f0!2f0!3f0!3m2!1i1024!2i768!4f13.1!3m3!1m2!1s0x12a496f045ed2583%3A0x9f816738a944616f!2zSMOtcGljYSBDYW4gQ2FsZMOpcw!5e0!3m2!1ses!2ses!4v1490119407349\" width=\"300\" height=\"200\" frameborder=\"0\" allowfullscreen=\"allowfullscreen\"><\/iframe><\/p>\n<\/div><div class=\"fusion-clearfix\"><\/div><\/div><\/div><\/div><div class=\"fusion-clearfix\"><\/div><\/div><\/div><\/div><\/div><div class=\"fusion-fullwidth fullwidth-box fusion-builder-row-3 nonhundred-percent-fullwidth non-hundred-percent-height-scrolling\" style=\"--awb-border-radius-top-left:0px;--awb-border-radius-top-right:0px;--awb-border-radius-bottom-right:0px;--awb-border-radius-bottom-left:0px;--awb-padding-top:1px;--awb-padding-bottom:20px;--awb-flex-wrap:wrap;\" ><div class=\"fusion-builder-row fusion-row\"><div class=\"fusion-layout-column fusion_builder_column fusion-builder-column-2 fusion_builder_column_1_1 1_1 fusion-one-full fusion-column-first fusion-column-last\" style=\"--awb-padding-top:20px;--awb-padding-right:20px;--awb-padding-bottom:20px;--awb-padding-left:20px;--awb-bg-color:#ffffff;--awb-bg-color-hover:#ffffff;--awb-bg-size:cover;\"><div class=\"fusion-column-wrapper fusion-flex-column-wrapper-legacy\"><div class=\"fusion-builder-row fusion-builder-row-inner fusion-row\"><div class=\"fusion-layout-column fusion_builder_column_inner fusion-builder-nested-column-2 fusion_builder_column_inner_2_3 2_3 fusion-two-third fusion-column-first\" style=\"--awb-bg-size:cover;width:66.666666666667%;width:calc(66.666666666667% - ( ( 4% ) * 0.66666666666667 ) );margin-right: 4%;\"><div class=\"fusion-column-wrapper fusion-flex-column-wrapper-legacy\"><div class=\"fusion-image-element in-legacy-container\" style=\"--awb-caption-title-font-family:var(--h2_typography-font-family);--awb-caption-title-font-weight:var(--h2_typography-font-weight);--awb-caption-title-font-style:var(--h2_typography-font-style);--awb-caption-title-size:var(--h2_typography-font-size);--awb-caption-title-transform:var(--h2_typography-text-transform);--awb-caption-title-line-height:var(--h2_typography-line-height);--awb-caption-title-letter-spacing:var(--h2_typography-letter-spacing);\"><span class=\" fusion-imageframe imageframe-none imageframe-2 hover-type-none\"><img decoding=\"async\" width=\"600\" height=\"400\" alt=\"Randonn\u00e9es \u00e0 cheval \u00e0 Sant Cugat \u00e0 c\u00f4t\u00e9 de Barcelone. \u00c9quitation Severino\" title=\"FOTO:MAN\u00c9 ESPINOSA. PASSEIG A CAVALL PER COLLSEROLA.\" src=\"https:\/\/visit.santcugat.cat\/wp-content\/uploads\/2017\/03\/117gHIPIQUES-e1653989269389.jpg\" class=\"img-responsive wp-image-40722\" srcset=\"https:\/\/visit.santcugat.cat\/wp-content\/uploads\/2017\/03\/117gHIPIQUES-e1653989269389-200x133.jpg 200w, https:\/\/visit.santcugat.cat\/wp-content\/uploads\/2017\/03\/117gHIPIQUES-e1653989269389-400x267.jpg 400w, https:\/\/visit.santcugat.cat\/wp-content\/uploads\/2017\/03\/117gHIPIQUES-e1653989269389.jpg 600w\" sizes=\"(max-width: 800px) 100vw, 800px\" \/><\/span><\/div><div class=\"fusion-text fusion-text-8\"><h3 style=\"font-weight: 400;\"><span style=\"color: #7ac142;\">\u00c9quitation Severino<\/span><\/h3>\n<\/div><div class=\"fusion-text fusion-text-9\"><p>Depuis plus de soixante ans, et dans des installations confortables, ce centre offre ses services \u00e0 toutes les personnes qui veulent se lancer dans une discipline \u00e9questre, s\u2019y perfectionner ou m\u00eame s\u2019y sp\u00e9cialiser. On y organise aussi des sorties en groupe ou personnalis\u00e9es adapt\u00e9es au niveau des cavaliers, depuis le niveau d\u2019initiation, promenades d\u2019une heure, jusqu\u2019au niveau avanc\u00e9, sorties de sept heures. En outre, le centre organise, sous le guidage de personnel dipl\u00f4m\u00e9, des s\u00e9ances de coaching avec des chevaux.<\/p>\n<\/div><div class=\"fusion-clearfix\"><\/div><\/div><\/div><div class=\"fusion-layout-column fusion_builder_column_inner fusion-builder-nested-column-3 fusion_builder_column_inner_1_3 1_3 fusion-one-third fusion-column-last\" style=\"--awb-bg-size:cover;width:33.333333333333%;width:calc(33.333333333333% - ( ( 4% ) * 0.33333333333333 ) );\"><div class=\"fusion-column-wrapper fusion-flex-column-wrapper-legacy\"><div class=\"fusion-text fusion-text-10\"><h4 style=\"font-weight: 400; text-align: center;\"><i class=\"fa fa-info-circle\"><\/i> INFORMATION G\u00c9N\u00c9RALE<\/h4>\n<\/div><div class=\"fusion-sep-clear\"><\/div><div class=\"fusion-separator fusion-full-width-sep\" style=\"margin-left: auto;margin-right: auto;margin-top:0px;margin-bottom:30px;width:100%;max-width:100%;\"><div class=\"fusion-separator-border sep-single sep-solid\" style=\"--awb-height:20px;--awb-amount:20px;border-color:#7ac142;border-top-width:2px;\"><\/div><\/div><div class=\"fusion-sep-clear\"><\/div><div class=\"fusion-text fusion-text-11\"><p>Carrer del Pr\u00edncep, s\/n<br \/>\nT\u00e9l. +(34) 600 638 896<br \/>\ninfo@hipicaseverino.com<br \/>\n<a href=\"http:\/\/hipicaseverino.com\/\" target=\"_blank\" rel=\"noopener nofollow\">hipicaseverino.com<\/a><\/p>\n<\/div><div class=\"fusion-sep-clear\"><\/div><div class=\"fusion-separator fusion-full-width-sep\" style=\"margin-left: auto;margin-right: auto;margin-top:1px;margin-bottom:1px;width:100%;\"><\/div><div class=\"fusion-sep-clear\"><\/div><div class=\"fusion-text fusion-text-12\"><h4 style=\"font-weight: 400; text-align: center;\"><i class=\"fa fa-map-marker\"><\/i> LOCALISATION<\/h4>\n<\/div><div class=\"fusion-sep-clear\"><\/div><div class=\"fusion-separator fusion-full-width-sep\" style=\"margin-left: auto;margin-right: auto;margin-top:0px;margin-bottom:30px;width:100%;max-width:100%;\"><div class=\"fusion-separator-border sep-single sep-solid\" style=\"--awb-height:20px;--awb-amount:20px;border-color:#7ac142;border-top-width:2px;\"><\/div><\/div><div class=\"fusion-sep-clear\"><\/div><div class=\"fusion-text fusion-text-13\"><p style=\"text-align: center;\"><iframe style=\"border: 0;\" src=\"https:\/\/www.google.com\/maps\/embed?pb=!1m18!1m12!1m3!1d2989.948929613063!2d2.0947983158893764!3d41.46202297925733!2m3!1f0!2f0!3f0!3m2!1i1024!2i768!4f13.1!3m3!1m2!1s0x12a49702a03c0d07%3A0x676740007964b9ba!2sClub+H%C3%ADpica+Severino!5e0!3m2!1ses!2ses!4v1490130904402\" width=\"300\" height=\"200\" frameborder=\"0\" allowfullscreen=\"allowfullscreen\"><\/iframe><\/p>\n<\/div><div class=\"fusion-clearfix\"><\/div><\/div><\/div><\/div><div class=\"fusion-clearfix\"><\/div><\/div><\/div><\/div><\/div><div class=\"fusion-fullwidth fullwidth-box fusion-builder-row-4 nonhundred-percent-fullwidth non-hundred-percent-height-scrolling\" style=\"--awb-border-radius-top-left:0px;--awb-border-radius-top-right:0px;--awb-border-radius-bottom-right:0px;--awb-border-radius-bottom-left:0px;--awb-margin-top:-25px;--awb-margin-bottom:25px;--awb-flex-wrap:wrap;\" ><div class=\"fusion-builder-row fusion-row\"><div class=\"fusion-layout-column fusion_builder_column fusion-builder-column-3 fusion_builder_column_1_1 1_1 fusion-one-full fusion-column-first fusion-column-last\" style=\"--awb-bg-size:cover;\"><div class=\"fusion-column-wrapper fusion-flex-column-wrapper-legacy\"><div class=\"fusion-text fusion-text-14\"><h4>Autres \u00e9quitations \u00e0 Sant Cugat<\/h4>\n<\/div><div class=\"fusion-alignleft\"><a class=\"fusion-button button-flat button-small button-default fusion-button-default button-1 fusion-button-default-span fusion-button-default-type\" target=\"_blank\" rel=\"noopener noreferrer\" href=\"https:\/\/santcugat.cat\/web\/hipica27\"><span class=\"fusion-button-text awb-button__text awb-button__text--default fusion-button-text-right\">PLUS D\u2019INFORMATION<\/span><span class=\"fusion-button-icon-divider button-icon-divider-right\"><i class=\" fa fa-chevron-right awb-button__icon awb-button__icon--default\" aria-hidden=\"true\"><\/i><\/span><\/a><\/div><div class=\"fusion-clearfix\"><\/div><\/div><\/div><\/div><\/div><\/p>\n","protected":false},"excerpt":{"rendered":"","protected":false},"author":2,"featured_media":0,"parent":10130,"menu_order":0,"comment_status":"closed","ping_status":"closed","template":"","meta":{"_joinchat":[],"footnotes":""},"class_list":["post-10776","page","type-page","status-publish","hentry"],"yoast_head":"<!-- This site is optimized with the Yoast SEO plugin v27.4 - https:\/\/yoast.com\/product\/yoast-seo-wordpress\/ -->\n<title>Randonn\u00e9es \u00e0 cheval \u00e0 Sant Cugat \u00e0 c\u00f4t\u00e9 de Barcelone. Visit Sant Cugat<\/title>\n<meta name=\"description\" content=\"La ville a une longue tradition hippique. Randonn\u00e9es \u00e0 cheval dans le Parc naturel ou vivrai la premi\u00e8re exp\u00e9rience dans le monde du cheval.\" \/>\n<meta name=\"robots\" content=\"index, follow, max-snippet:-1, max-image-preview:large, max-video-preview:-1\" \/>\n<link rel=\"canonical\" href=\"https:\/\/visit.santcugat.cat\/fr\/que-faire\/sports-dans-la-nature-un-parc-naturel-por-a\/randonnees-a-cheval\/\" \/>\n<meta property=\"og:locale\" content=\"fr_FR\" \/>\n<meta property=\"og:type\" content=\"article\" \/>\n<meta property=\"og:title\" content=\"Randonn\u00e9es \u00e0 cheval \u00e0 Sant Cugat \u00e0 c\u00f4t\u00e9 de Barcelone. Visit Sant Cugat\" \/>\n<meta property=\"og:description\" content=\"La ville a une longue tradition hippique. Randonn\u00e9es \u00e0 cheval dans le Parc naturel ou vivrai la premi\u00e8re exp\u00e9rience dans le monde du cheval.\" \/>\n<meta property=\"og:url\" content=\"https:\/\/visit.santcugat.cat\/fr\/que-faire\/sports-dans-la-nature-un-parc-naturel-por-a\/randonnees-a-cheval\/\" \/>\n<meta property=\"og:site_name\" content=\"Visit Sant Cugat\" \/>\n<meta property=\"article:publisher\" content=\"https:\/\/www.facebook.com\/visitsantcugat\/\" \/>\n<meta property=\"article:modified_time\" content=\"2024-09-12T17:28:59+00:00\" \/>\n<meta property=\"og:image\" content=\"https:\/\/visit.santcugat.cat\/wp-content\/uploads\/2023\/03\/CLAUSTRE-MONASTERIO-DE-SANT-CUGAT_resultado.webp\" \/>\n\t<meta property=\"og:image:width\" content=\"984\" \/>\n\t<meta property=\"og:image:height\" content=\"502\" \/>\n\t<meta property=\"og:image:type\" content=\"image\/webp\" \/>\n<meta name=\"twitter:card\" content=\"summary_large_image\" \/>\n<meta name=\"twitter:site\" content=\"@ajsantcugat\" \/>\n<meta name=\"twitter:label1\" content=\"Dur\u00e9e de lecture estim\u00e9e\" \/>\n\t<meta name=\"twitter:data1\" content=\"2 minutes\" \/>\n<script type=\"application\/ld+json\" class=\"yoast-schema-graph\">{\"@context\":\"https:\\\/\\\/schema.org\",\"@graph\":[{\"@type\":\"WebPage\",\"@id\":\"https:\\\/\\\/visit.santcugat.cat\\\/fr\\\/que-faire\\\/sports-dans-la-nature-un-parc-naturel-por-a\\\/randonnees-a-cheval\\\/\",\"url\":\"https:\\\/\\\/visit.santcugat.cat\\\/fr\\\/que-faire\\\/sports-dans-la-nature-un-parc-naturel-por-a\\\/randonnees-a-cheval\\\/\",\"name\":\"Randonn\u00e9es \u00e0 cheval \u00e0 Sant Cugat \u00e0 c\u00f4t\u00e9 de Barcelone. Visit Sant Cugat\",\"isPartOf\":{\"@id\":\"https:\\\/\\\/visit.santcugat.cat\\\/fr\\\/#website\"},\"datePublished\":\"2017-03-21T21:16:27+00:00\",\"dateModified\":\"2024-09-12T17:28:59+00:00\",\"description\":\"La ville a une longue tradition hippique. Randonn\u00e9es \u00e0 cheval dans le Parc naturel ou vivrai la premi\u00e8re exp\u00e9rience dans le monde du cheval.\",\"breadcrumb\":{\"@id\":\"https:\\\/\\\/visit.santcugat.cat\\\/fr\\\/que-faire\\\/sports-dans-la-nature-un-parc-naturel-por-a\\\/randonnees-a-cheval\\\/#breadcrumb\"},\"inLanguage\":\"fr-FR\",\"potentialAction\":[{\"@type\":\"ReadAction\",\"target\":[\"https:\\\/\\\/visit.santcugat.cat\\\/fr\\\/que-faire\\\/sports-dans-la-nature-un-parc-naturel-por-a\\\/randonnees-a-cheval\\\/\"]}]},{\"@type\":\"BreadcrumbList\",\"@id\":\"https:\\\/\\\/visit.santcugat.cat\\\/fr\\\/que-faire\\\/sports-dans-la-nature-un-parc-naturel-por-a\\\/randonnees-a-cheval\\\/#breadcrumb\",\"itemListElement\":[{\"@type\":\"ListItem\",\"position\":1,\"name\":\"Inici\",\"item\":\"https:\\\/\\\/visit.santcugat.cat\\\/fr\\\/\"},{\"@type\":\"ListItem\",\"position\":2,\"name\":\"Que faire?\",\"item\":\"https:\\\/\\\/visit.santcugat.cat\\\/fr\\\/?page_id=10120\"},{\"@type\":\"ListItem\",\"position\":3,\"name\":\"Sports dans la nature\",\"item\":\"https:\\\/\\\/visit.santcugat.cat\\\/fr\\\/que-faire\\\/sports-dans-la-nature-un-parc-naturel-por-a\\\/\"},{\"@type\":\"ListItem\",\"position\":4,\"name\":\"\u00c9quitation\"}]},{\"@type\":\"WebSite\",\"@id\":\"https:\\\/\\\/visit.santcugat.cat\\\/fr\\\/#website\",\"url\":\"https:\\\/\\\/visit.santcugat.cat\\\/fr\\\/\",\"name\":\"Visit Sant Cugat\",\"description\":\"Turisme de Sant Cugat\",\"publisher\":{\"@id\":\"https:\\\/\\\/visit.santcugat.cat\\\/fr\\\/#organization\"},\"potentialAction\":[{\"@type\":\"SearchAction\",\"target\":{\"@type\":\"EntryPoint\",\"urlTemplate\":\"https:\\\/\\\/visit.santcugat.cat\\\/fr\\\/?s={search_term_string}\"},\"query-input\":{\"@type\":\"PropertyValueSpecification\",\"valueRequired\":true,\"valueName\":\"search_term_string\"}}],\"inLanguage\":\"fr-FR\"},{\"@type\":\"Organization\",\"@id\":\"https:\\\/\\\/visit.santcugat.cat\\\/fr\\\/#organization\",\"name\":\"Visit Sant Cugat - Turisme de Sant Cugat - Barcelona\",\"url\":\"https:\\\/\\\/visit.santcugat.cat\\\/fr\\\/\",\"logo\":{\"@type\":\"ImageObject\",\"inLanguage\":\"fr-FR\",\"@id\":\"https:\\\/\\\/visit.santcugat.cat\\\/fr\\\/#\\\/schema\\\/logo\\\/image\\\/\",\"url\":\"https:\\\/\\\/visit.santcugat.cat\\\/wp-content\\\/uploads\\\/2020\\\/09\\\/logo.png\",\"contentUrl\":\"https:\\\/\\\/visit.santcugat.cat\\\/wp-content\\\/uploads\\\/2020\\\/09\\\/logo.png\",\"width\":200,\"height\":44,\"caption\":\"Visit Sant Cugat - Turisme de Sant Cugat - Barcelona\"},\"image\":{\"@id\":\"https:\\\/\\\/visit.santcugat.cat\\\/fr\\\/#\\\/schema\\\/logo\\\/image\\\/\"},\"sameAs\":[\"https:\\\/\\\/www.facebook.com\\\/visitsantcugat\\\/\",\"https:\\\/\\\/x.com\\\/ajsantcugat\",\"https:\\\/\\\/www.instagram.com\\\/visitsantcugat\\\/\",\"https:\\\/\\\/ca.wikipedia.org\\\/wiki\\\/Sant_Cugat_del_Vall\u00e8s\"]}]}<\/script>\n<!-- \/ Yoast SEO plugin. -->","yoast_head_json":{"title":"Randonn\u00e9es \u00e0 cheval \u00e0 Sant Cugat \u00e0 c\u00f4t\u00e9 de Barcelone. Visit Sant Cugat","description":"La ville a une longue tradition hippique. Randonn\u00e9es \u00e0 cheval dans le Parc naturel ou vivrai la premi\u00e8re exp\u00e9rience dans le monde du cheval.","robots":{"index":"index","follow":"follow","max-snippet":"max-snippet:-1","max-image-preview":"max-image-preview:large","max-video-preview":"max-video-preview:-1"},"canonical":"https:\/\/visit.santcugat.cat\/fr\/que-faire\/sports-dans-la-nature-un-parc-naturel-por-a\/randonnees-a-cheval\/","og_locale":"fr_FR","og_type":"article","og_title":"Randonn\u00e9es \u00e0 cheval \u00e0 Sant Cugat \u00e0 c\u00f4t\u00e9 de Barcelone. Visit Sant Cugat","og_description":"La ville a une longue tradition hippique. Randonn\u00e9es \u00e0 cheval dans le Parc naturel ou vivrai la premi\u00e8re exp\u00e9rience dans le monde du cheval.","og_url":"https:\/\/visit.santcugat.cat\/fr\/que-faire\/sports-dans-la-nature-un-parc-naturel-por-a\/randonnees-a-cheval\/","og_site_name":"Visit Sant Cugat","article_publisher":"https:\/\/www.facebook.com\/visitsantcugat\/","article_modified_time":"2024-09-12T17:28:59+00:00","og_image":[{"width":984,"height":502,"url":"https:\/\/visit.santcugat.cat\/wp-content\/uploads\/2023\/03\/CLAUSTRE-MONASTERIO-DE-SANT-CUGAT_resultado.webp","type":"image\/webp"}],"twitter_card":"summary_large_image","twitter_site":"@ajsantcugat","twitter_misc":{"Dur\u00e9e de lecture estim\u00e9e":"2 minutes"},"schema":{"@context":"https:\/\/schema.org","@graph":[{"@type":"WebPage","@id":"https:\/\/visit.santcugat.cat\/fr\/que-faire\/sports-dans-la-nature-un-parc-naturel-por-a\/randonnees-a-cheval\/","url":"https:\/\/visit.santcugat.cat\/fr\/que-faire\/sports-dans-la-nature-un-parc-naturel-por-a\/randonnees-a-cheval\/","name":"Randonn\u00e9es \u00e0 cheval \u00e0 Sant Cugat \u00e0 c\u00f4t\u00e9 de Barcelone. Visit Sant Cugat","isPartOf":{"@id":"https:\/\/visit.santcugat.cat\/fr\/#website"},"datePublished":"2017-03-21T21:16:27+00:00","dateModified":"2024-09-12T17:28:59+00:00","description":"La ville a une longue tradition hippique. Randonn\u00e9es \u00e0 cheval dans le Parc naturel ou vivrai la premi\u00e8re exp\u00e9rience dans le monde du cheval.","breadcrumb":{"@id":"https:\/\/visit.santcugat.cat\/fr\/que-faire\/sports-dans-la-nature-un-parc-naturel-por-a\/randonnees-a-cheval\/#breadcrumb"},"inLanguage":"fr-FR","potentialAction":[{"@type":"ReadAction","target":["https:\/\/visit.santcugat.cat\/fr\/que-faire\/sports-dans-la-nature-un-parc-naturel-por-a\/randonnees-a-cheval\/"]}]},{"@type":"BreadcrumbList","@id":"https:\/\/visit.santcugat.cat\/fr\/que-faire\/sports-dans-la-nature-un-parc-naturel-por-a\/randonnees-a-cheval\/#breadcrumb","itemListElement":[{"@type":"ListItem","position":1,"name":"Inici","item":"https:\/\/visit.santcugat.cat\/fr\/"},{"@type":"ListItem","position":2,"name":"Que faire?","item":"https:\/\/visit.santcugat.cat\/fr\/?page_id=10120"},{"@type":"ListItem","position":3,"name":"Sports dans la nature","item":"https:\/\/visit.santcugat.cat\/fr\/que-faire\/sports-dans-la-nature-un-parc-naturel-por-a\/"},{"@type":"ListItem","position":4,"name":"\u00c9quitation"}]},{"@type":"WebSite","@id":"https:\/\/visit.santcugat.cat\/fr\/#website","url":"https:\/\/visit.santcugat.cat\/fr\/","name":"Visit Sant Cugat","description":"Turisme de Sant Cugat","publisher":{"@id":"https:\/\/visit.santcugat.cat\/fr\/#organization"},"potentialAction":[{"@type":"SearchAction","target":{"@type":"EntryPoint","urlTemplate":"https:\/\/visit.santcugat.cat\/fr\/?s={search_term_string}"},"query-input":{"@type":"PropertyValueSpecification","valueRequired":true,"valueName":"search_term_string"}}],"inLanguage":"fr-FR"},{"@type":"Organization","@id":"https:\/\/visit.santcugat.cat\/fr\/#organization","name":"Visit Sant Cugat - Turisme de Sant Cugat - Barcelona","url":"https:\/\/visit.santcugat.cat\/fr\/","logo":{"@type":"ImageObject","inLanguage":"fr-FR","@id":"https:\/\/visit.santcugat.cat\/fr\/#\/schema\/logo\/image\/","url":"https:\/\/visit.santcugat.cat\/wp-content\/uploads\/2020\/09\/logo.png","contentUrl":"https:\/\/visit.santcugat.cat\/wp-content\/uploads\/2020\/09\/logo.png","width":200,"height":44,"caption":"Visit Sant Cugat - Turisme de Sant Cugat - Barcelona"},"image":{"@id":"https:\/\/visit.santcugat.cat\/fr\/#\/schema\/logo\/image\/"},"sameAs":["https:\/\/www.facebook.com\/visitsantcugat\/","https:\/\/x.com\/ajsantcugat","https:\/\/www.instagram.com\/visitsantcugat\/","https:\/\/ca.wikipedia.org\/wiki\/Sant_Cugat_del_Vall\u00e8s"]}]}},"_links":{"self":[{"href":"https:\/\/visit.santcugat.cat\/fr\/wp-json\/wp\/v2\/pages\/10776","targetHints":{"allow":["GET"]}}],"collection":[{"href":"https:\/\/visit.santcugat.cat\/fr\/wp-json\/wp\/v2\/pages"}],"about":[{"href":"https:\/\/visit.santcugat.cat\/fr\/wp-json\/wp\/v2\/types\/page"}],"author":[{"embeddable":true,"href":"https:\/\/visit.santcugat.cat\/fr\/wp-json\/wp\/v2\/users\/2"}],"replies":[{"embeddable":true,"href":"https:\/\/visit.santcugat.cat\/fr\/wp-json\/wp\/v2\/comments?post=10776"}],"version-history":[{"count":2,"href":"https:\/\/visit.santcugat.cat\/fr\/wp-json\/wp\/v2\/pages\/10776\/revisions"}],"predecessor-version":[{"id":40726,"href":"https:\/\/visit.santcugat.cat\/fr\/wp-json\/wp\/v2\/pages\/10776\/revisions\/40726"}],"up":[{"embeddable":true,"href":"https:\/\/visit.santcugat.cat\/fr\/wp-json\/wp\/v2\/pages\/10130"}],"wp:attachment":[{"href":"https:\/\/visit.santcugat.cat\/fr\/wp-json\/wp\/v2\/media?parent=10776"}],"curies":[{"name":"wp","href":"https:\/\/api.w.org\/{rel}","templated":true}]}}