{"id":10758,"date":"2017-03-07T20:21:13","date_gmt":"2017-03-07T19:21:13","guid":{"rendered":"https:\/\/visit.santcugat.cat\/experiences-et-promotions\/tour-en-bicicleta-electrica\/"},"modified":"2024-09-10T19:34:09","modified_gmt":"2024-09-10T17:34:09","slug":"tour-en-bicyclette-electrique","status":"publish","type":"page","link":"https:\/\/visit.santcugat.cat\/fr\/experiences-et-promotions\/tour-en-bicyclette-electrique\/","title":{"rendered":"Tour en bicyclette \u00e9lectrique\u00a0: Monast\u00e8re de Sant Cugat &#038; Parc naturel de Collserola"},"content":{"rendered":"<div class=\"fusion-fullwidth fullwidth-box fusion-builder-row-1 nonhundred-percent-fullwidth non-hundred-percent-height-scrolling\" style=\"--awb-background-position:left top;--awb-border-sizes-top:0px;--awb-border-sizes-bottom:0px;--awb-border-sizes-left:0px;--awb-border-sizes-right:0px;--awb-border-radius-top-left:0px;--awb-border-radius-top-right:0px;--awb-border-radius-bottom-right:0px;--awb-border-radius-bottom-left:0px;--awb-padding-top:20px;--awb-padding-bottom:20px;--awb-flex-wrap:wrap;\" ><div class=\"fusion-builder-row fusion-row\"><div class=\"fusion-layout-column fusion_builder_column fusion-builder-column-0 fusion_builder_column_1_1 1_1 fusion-one-full fusion-column-first fusion-column-last fusion-column-no-min-height\" style=\"--awb-bg-size:cover;\"><div class=\"fusion-column-wrapper fusion-flex-column-wrapper-legacy\"><div class=\"fusion-column-content-centered\"><div class=\"fusion-column-content\"><div class=\"fusion-image-element in-legacy-container\" style=\"--awb-caption-title-font-family:var(--h2_typography-font-family);--awb-caption-title-font-weight:var(--h2_typography-font-weight);--awb-caption-title-font-style:var(--h2_typography-font-style);--awb-caption-title-size:var(--h2_typography-font-size);--awb-caption-title-transform:var(--h2_typography-text-transform);--awb-caption-title-line-height:var(--h2_typography-line-height);--awb-caption-title-letter-spacing:var(--h2_typography-letter-spacing);\"><span class=\" fusion-imageframe imageframe-none imageframe-1 hover-type-none\"><img decoding=\"async\" width=\"1190\" height=\"450\" alt=\"Tour en bicyclette \u00e9lectrique : Monast\u00e8re &amp; Collserola\" title=\"Productes monestir collserola\" src=\"https:\/\/visit.santcugat.cat\/wp-content\/uploads\/2017\/03\/Productes-monestir-collserola.jpg\" class=\"img-responsive wp-image-10759\" srcset=\"https:\/\/visit.santcugat.cat\/wp-content\/uploads\/2017\/03\/Productes-monestir-collserola-200x76.jpg 200w, https:\/\/visit.santcugat.cat\/wp-content\/uploads\/2017\/03\/Productes-monestir-collserola-400x151.jpg 400w, https:\/\/visit.santcugat.cat\/wp-content\/uploads\/2017\/03\/Productes-monestir-collserola-600x227.jpg 600w, https:\/\/visit.santcugat.cat\/wp-content\/uploads\/2017\/03\/Productes-monestir-collserola-800x303.jpg 800w, https:\/\/visit.santcugat.cat\/wp-content\/uploads\/2017\/03\/Productes-monestir-collserola.jpg 1190w\" sizes=\"(max-width: 800px) 100vw, 1190px\" \/><\/span><\/div><\/div><\/div><div class=\"fusion-clearfix\"><\/div><\/div><\/div><div class=\"fusion-layout-column fusion_builder_column fusion-builder-column-1 fusion_builder_column_1_1 1_1 fusion-one-full fusion-column-first fusion-column-last fusion-column-no-min-height\" style=\"--awb-padding-top:20px;--awb-padding-right:40px;--awb-padding-bottom:15px;--awb-padding-left:40px;--awb-bg-color:#ffffff;--awb-bg-color-hover:#ffffff;--awb-bg-size:cover;--awb-border-color:#dddddd;--awb-border-top:1px;--awb-border-right:1px;--awb-border-bottom:1px;--awb-border-left:1px;--awb-border-style:solid;\"><div class=\"fusion-column-wrapper fusion-flex-column-wrapper-legacy\"><div class=\"fusion-title title fusion-title-1 fusion-sep-none fusion-title-text fusion-title-size-one\" style=\"--awb-margin-bottom:-20px;--awb-font-size:32px;\"><h1 class=\"fusion-title-heading title-heading-left fusion-responsive-typography-calculated\" style=\"margin:0;font-size:1em;--fontSize:32;line-height:1.11;\"><p><strong><span style=\"color: #81d742;\">Tour en bicyclette \u00e9lectrique : Monast\u00e8re de Sant Cugat &amp; Parc naturel de Collserola<br \/>\n<\/span><\/strong><\/p><\/h1><\/div><div class=\"fusion-sep-clear\"><\/div><div class=\"fusion-separator fusion-full-width-sep\" style=\"margin-left: auto;margin-right: auto;margin-top:10px;margin-bottom:10px;width:100%;\"><\/div><div class=\"fusion-sep-clear\"><\/div><div class=\"fusion-text fusion-text-1\"><p><strong>Nous te proposons un agr\u00e9able tour en bicyclette \u00e9lectrique <\/strong>qui te m\u00e8nera \u00e0 travers <a href=\"https:\/\/visit.santcugat.cat\/fr\/que-voir\/parc-naturel-de-collserola\/\">Collserola<\/a> et ses mas embl\u00e9matiques en passant par le Parc rural de la Torre Negra. Une excursion dont le point d&#8217;orgue sera une visite du <a href=\"https:\/\/visit.santcugat.cat\/fr\/que-voir\/monastere-de-sant-cugat\/\">Monast\u00e8re<\/a> et du centre historique de la ville.<\/p>\n<p><strong>Le billet comprend\u00a0:<\/strong><\/p>\n<ul>\n<li>L\u2019entr\u00e9e au Monast\u00e8re de Sant Cugat et la location de l\u2019audioguide pour les personnes de plus de 16 ans.<\/li>\n<li>Le circuit autoguid\u00e9 d\u2019environ deux heures \u00e0 travers le Parc naturel de Collserola.<\/li>\n<li>La location d\u2019une bicyclette \u00e9lectrique avec l\u2019audioguide. Petits si\u00e8ges et chariots pour enfants ainsi que musettes et appareils de GPS disponibles.<\/li>\n<li>Billet de train<\/li>\n<\/ul>\n<p>Si tu veux le billet combin\u00e9 avec le train, tu peux l\u2019acheter directement aux guichets de FGC, renseigne-toi \u00e0 Turistren.<\/p>\n<\/div><div class=\"fusion-clearfix\"><\/div><\/div><\/div><div class=\"fusion-layout-column fusion_builder_column fusion-builder-column-2 fusion_builder_column_1_1 1_1 fusion-one-full fusion-column-first fusion-column-last fusion-column-no-min-height\" style=\"--awb-padding-top:20px;--awb-padding-right:40px;--awb-padding-bottom:15px;--awb-padding-left:40px;--awb-bg-color:#ffffff;--awb-bg-color-hover:#ffffff;--awb-bg-size:cover;--awb-border-color:#dddddd;--awb-border-top:1px;--awb-border-right:1px;--awb-border-bottom:1px;--awb-border-left:1px;--awb-border-style:solid;\"><div class=\"fusion-column-wrapper fusion-flex-column-wrapper-legacy\"><div class=\"fusion-aligncenter\"><a class=\"fusion-button button-flat button-medium button-default fusion-button-default button-1 fusion-button-span-no fusion-button-default-type\" target=\"_blank\" rel=\"noopener noreferrer\"><span class=\"fusion-button-text awb-button__text awb-button__text--default fusion-button-text-right\">BIENT\u00d4T DANS BCNSHOP <\/span><span class=\"fusion-button-icon-divider button-icon-divider-right\"><i class=\"fa-info fas awb-button__icon awb-button__icon--default\" aria-hidden=\"true\"><\/i><\/span><\/a><\/div><div class=\"fusion-clearfix\"><\/div><\/div><\/div><\/div><\/div>\n","protected":false},"excerpt":{"rendered":"","protected":false},"author":2,"featured_media":0,"parent":10127,"menu_order":0,"comment_status":"closed","ping_status":"closed","template":"","meta":{"_joinchat":[],"footnotes":""},"class_list":["post-10758","page","type-page","status-publish","hentry"],"yoast_head":"<!-- This site is optimized with the Yoast SEO plugin v27.3 - https:\/\/yoast.com\/product\/yoast-seo-wordpress\/ -->\n<title>Tour en bicyclette \u00e9lectrique\u00a0: Monast\u00e8re de Sant Cugat &amp; Collserola<\/title>\n<meta name=\"description\" content=\"Nous te proposons un tour en bicyclette \u00e9lectrique\u00a0 qui te m\u00e8nera \u00e0 travers Collserola, le Monast\u00e8re et du centre historique de la ville\" \/>\n<meta name=\"robots\" content=\"index, follow, max-snippet:-1, max-image-preview:large, max-video-preview:-1\" \/>\n<link rel=\"canonical\" href=\"https:\/\/visit.santcugat.cat\/fr\/experiences-et-promotions\/tour-en-bicyclette-electrique\/\" \/>\n<meta property=\"og:locale\" content=\"fr_FR\" \/>\n<meta property=\"og:type\" content=\"article\" \/>\n<meta property=\"og:title\" content=\"Tour en bicyclette \u00e9lectrique\u00a0: Monast\u00e8re de Sant Cugat &amp; Collserola\" \/>\n<meta property=\"og:description\" content=\"Nous te proposons un tour en bicyclette \u00e9lectrique\u00a0 qui te m\u00e8nera \u00e0 travers Collserola, le Monast\u00e8re et du centre historique de la ville\" \/>\n<meta property=\"og:url\" content=\"https:\/\/visit.santcugat.cat\/fr\/experiences-et-promotions\/tour-en-bicyclette-electrique\/\" \/>\n<meta property=\"og:site_name\" content=\"Visit Sant Cugat\" \/>\n<meta property=\"article:publisher\" content=\"https:\/\/www.facebook.com\/visitsantcugat\/\" \/>\n<meta property=\"article:modified_time\" content=\"2024-09-10T17:34:09+00:00\" \/>\n<meta property=\"og:image\" content=\"https:\/\/visit.santcugat.cat\/wp-content\/uploads\/2023\/03\/CLAUSTRE-MONASTERIO-DE-SANT-CUGAT_resultado.webp\" \/>\n\t<meta property=\"og:image:width\" content=\"984\" \/>\n\t<meta property=\"og:image:height\" content=\"502\" \/>\n\t<meta property=\"og:image:type\" content=\"image\/webp\" \/>\n<meta name=\"twitter:card\" content=\"summary_large_image\" \/>\n<meta name=\"twitter:site\" content=\"@ajsantcugat\" \/>\n<meta name=\"twitter:label1\" content=\"Dur\u00e9e de lecture estim\u00e9e\" \/>\n\t<meta name=\"twitter:data1\" content=\"1 minute\" \/>\n<script type=\"application\/ld+json\" class=\"yoast-schema-graph\">{\"@context\":\"https:\\\/\\\/schema.org\",\"@graph\":[{\"@type\":\"WebPage\",\"@id\":\"https:\\\/\\\/visit.santcugat.cat\\\/fr\\\/experiences-et-promotions\\\/tour-en-bicyclette-electrique\\\/\",\"url\":\"https:\\\/\\\/visit.santcugat.cat\\\/fr\\\/experiences-et-promotions\\\/tour-en-bicyclette-electrique\\\/\",\"name\":\"Tour en bicyclette \u00e9lectrique\u00a0: Monast\u00e8re de Sant Cugat & Collserola\",\"isPartOf\":{\"@id\":\"https:\\\/\\\/visit.santcugat.cat\\\/fr\\\/#website\"},\"datePublished\":\"2017-03-07T19:21:13+00:00\",\"dateModified\":\"2024-09-10T17:34:09+00:00\",\"description\":\"Nous te proposons un tour en bicyclette \u00e9lectrique\u00a0 qui te m\u00e8nera \u00e0 travers Collserola, le Monast\u00e8re et du centre historique de la ville\",\"breadcrumb\":{\"@id\":\"https:\\\/\\\/visit.santcugat.cat\\\/fr\\\/experiences-et-promotions\\\/tour-en-bicyclette-electrique\\\/#breadcrumb\"},\"inLanguage\":\"fr-FR\",\"potentialAction\":[{\"@type\":\"ReadAction\",\"target\":[\"https:\\\/\\\/visit.santcugat.cat\\\/fr\\\/experiences-et-promotions\\\/tour-en-bicyclette-electrique\\\/\"]}]},{\"@type\":\"BreadcrumbList\",\"@id\":\"https:\\\/\\\/visit.santcugat.cat\\\/fr\\\/experiences-et-promotions\\\/tour-en-bicyclette-electrique\\\/#breadcrumb\",\"itemListElement\":[{\"@type\":\"ListItem\",\"position\":1,\"name\":\"Inici\",\"item\":\"https:\\\/\\\/visit.santcugat.cat\\\/fr\\\/\"},{\"@type\":\"ListItem\",\"position\":2,\"name\":\"BILLETTERIE\",\"item\":\"https:\\\/\\\/visit.santcugat.cat\\\/fr\\\/experiences-et-promotions\\\/\"},{\"@type\":\"ListItem\",\"position\":3,\"name\":\"Tour en bicyclette \u00e9lectrique\u00a0: Monast\u00e8re de Sant Cugat &#038; Parc naturel de Collserola\"}]},{\"@type\":\"WebSite\",\"@id\":\"https:\\\/\\\/visit.santcugat.cat\\\/fr\\\/#website\",\"url\":\"https:\\\/\\\/visit.santcugat.cat\\\/fr\\\/\",\"name\":\"Visit Sant Cugat\",\"description\":\"Turisme de Sant Cugat\",\"publisher\":{\"@id\":\"https:\\\/\\\/visit.santcugat.cat\\\/fr\\\/#organization\"},\"potentialAction\":[{\"@type\":\"SearchAction\",\"target\":{\"@type\":\"EntryPoint\",\"urlTemplate\":\"https:\\\/\\\/visit.santcugat.cat\\\/fr\\\/?s={search_term_string}\"},\"query-input\":{\"@type\":\"PropertyValueSpecification\",\"valueRequired\":true,\"valueName\":\"search_term_string\"}}],\"inLanguage\":\"fr-FR\"},{\"@type\":\"Organization\",\"@id\":\"https:\\\/\\\/visit.santcugat.cat\\\/fr\\\/#organization\",\"name\":\"Visit Sant Cugat - Turisme de Sant Cugat - Barcelona\",\"url\":\"https:\\\/\\\/visit.santcugat.cat\\\/fr\\\/\",\"logo\":{\"@type\":\"ImageObject\",\"inLanguage\":\"fr-FR\",\"@id\":\"https:\\\/\\\/visit.santcugat.cat\\\/fr\\\/#\\\/schema\\\/logo\\\/image\\\/\",\"url\":\"https:\\\/\\\/visit.santcugat.cat\\\/wp-content\\\/uploads\\\/2020\\\/09\\\/logo.png\",\"contentUrl\":\"https:\\\/\\\/visit.santcugat.cat\\\/wp-content\\\/uploads\\\/2020\\\/09\\\/logo.png\",\"width\":200,\"height\":44,\"caption\":\"Visit Sant Cugat - Turisme de Sant Cugat - Barcelona\"},\"image\":{\"@id\":\"https:\\\/\\\/visit.santcugat.cat\\\/fr\\\/#\\\/schema\\\/logo\\\/image\\\/\"},\"sameAs\":[\"https:\\\/\\\/www.facebook.com\\\/visitsantcugat\\\/\",\"https:\\\/\\\/x.com\\\/ajsantcugat\",\"https:\\\/\\\/www.instagram.com\\\/visitsantcugat\\\/\",\"https:\\\/\\\/ca.wikipedia.org\\\/wiki\\\/Sant_Cugat_del_Vall\u00e8s\"]}]}<\/script>\n<!-- \/ Yoast SEO plugin. -->","yoast_head_json":{"title":"Tour en bicyclette \u00e9lectrique\u00a0: Monast\u00e8re de Sant Cugat & Collserola","description":"Nous te proposons un tour en bicyclette \u00e9lectrique\u00a0 qui te m\u00e8nera \u00e0 travers Collserola, le Monast\u00e8re et du centre historique de la ville","robots":{"index":"index","follow":"follow","max-snippet":"max-snippet:-1","max-image-preview":"max-image-preview:large","max-video-preview":"max-video-preview:-1"},"canonical":"https:\/\/visit.santcugat.cat\/fr\/experiences-et-promotions\/tour-en-bicyclette-electrique\/","og_locale":"fr_FR","og_type":"article","og_title":"Tour en bicyclette \u00e9lectrique\u00a0: Monast\u00e8re de Sant Cugat & Collserola","og_description":"Nous te proposons un tour en bicyclette \u00e9lectrique\u00a0 qui te m\u00e8nera \u00e0 travers Collserola, le Monast\u00e8re et du centre historique de la ville","og_url":"https:\/\/visit.santcugat.cat\/fr\/experiences-et-promotions\/tour-en-bicyclette-electrique\/","og_site_name":"Visit Sant Cugat","article_publisher":"https:\/\/www.facebook.com\/visitsantcugat\/","article_modified_time":"2024-09-10T17:34:09+00:00","og_image":[{"width":984,"height":502,"url":"https:\/\/visit.santcugat.cat\/wp-content\/uploads\/2023\/03\/CLAUSTRE-MONASTERIO-DE-SANT-CUGAT_resultado.webp","type":"image\/webp"}],"twitter_card":"summary_large_image","twitter_site":"@ajsantcugat","twitter_misc":{"Dur\u00e9e de lecture estim\u00e9e":"1 minute"},"schema":{"@context":"https:\/\/schema.org","@graph":[{"@type":"WebPage","@id":"https:\/\/visit.santcugat.cat\/fr\/experiences-et-promotions\/tour-en-bicyclette-electrique\/","url":"https:\/\/visit.santcugat.cat\/fr\/experiences-et-promotions\/tour-en-bicyclette-electrique\/","name":"Tour en bicyclette \u00e9lectrique\u00a0: Monast\u00e8re de Sant Cugat & Collserola","isPartOf":{"@id":"https:\/\/visit.santcugat.cat\/fr\/#website"},"datePublished":"2017-03-07T19:21:13+00:00","dateModified":"2024-09-10T17:34:09+00:00","description":"Nous te proposons un tour en bicyclette \u00e9lectrique\u00a0 qui te m\u00e8nera \u00e0 travers Collserola, le Monast\u00e8re et du centre historique de la ville","breadcrumb":{"@id":"https:\/\/visit.santcugat.cat\/fr\/experiences-et-promotions\/tour-en-bicyclette-electrique\/#breadcrumb"},"inLanguage":"fr-FR","potentialAction":[{"@type":"ReadAction","target":["https:\/\/visit.santcugat.cat\/fr\/experiences-et-promotions\/tour-en-bicyclette-electrique\/"]}]},{"@type":"BreadcrumbList","@id":"https:\/\/visit.santcugat.cat\/fr\/experiences-et-promotions\/tour-en-bicyclette-electrique\/#breadcrumb","itemListElement":[{"@type":"ListItem","position":1,"name":"Inici","item":"https:\/\/visit.santcugat.cat\/fr\/"},{"@type":"ListItem","position":2,"name":"BILLETTERIE","item":"https:\/\/visit.santcugat.cat\/fr\/experiences-et-promotions\/"},{"@type":"ListItem","position":3,"name":"Tour en bicyclette \u00e9lectrique\u00a0: Monast\u00e8re de Sant Cugat &#038; Parc naturel de Collserola"}]},{"@type":"WebSite","@id":"https:\/\/visit.santcugat.cat\/fr\/#website","url":"https:\/\/visit.santcugat.cat\/fr\/","name":"Visit Sant Cugat","description":"Turisme de Sant Cugat","publisher":{"@id":"https:\/\/visit.santcugat.cat\/fr\/#organization"},"potentialAction":[{"@type":"SearchAction","target":{"@type":"EntryPoint","urlTemplate":"https:\/\/visit.santcugat.cat\/fr\/?s={search_term_string}"},"query-input":{"@type":"PropertyValueSpecification","valueRequired":true,"valueName":"search_term_string"}}],"inLanguage":"fr-FR"},{"@type":"Organization","@id":"https:\/\/visit.santcugat.cat\/fr\/#organization","name":"Visit Sant Cugat - Turisme de Sant Cugat - Barcelona","url":"https:\/\/visit.santcugat.cat\/fr\/","logo":{"@type":"ImageObject","inLanguage":"fr-FR","@id":"https:\/\/visit.santcugat.cat\/fr\/#\/schema\/logo\/image\/","url":"https:\/\/visit.santcugat.cat\/wp-content\/uploads\/2020\/09\/logo.png","contentUrl":"https:\/\/visit.santcugat.cat\/wp-content\/uploads\/2020\/09\/logo.png","width":200,"height":44,"caption":"Visit Sant Cugat - Turisme de Sant Cugat - Barcelona"},"image":{"@id":"https:\/\/visit.santcugat.cat\/fr\/#\/schema\/logo\/image\/"},"sameAs":["https:\/\/www.facebook.com\/visitsantcugat\/","https:\/\/x.com\/ajsantcugat","https:\/\/www.instagram.com\/visitsantcugat\/","https:\/\/ca.wikipedia.org\/wiki\/Sant_Cugat_del_Vall\u00e8s"]}]}},"_links":{"self":[{"href":"https:\/\/visit.santcugat.cat\/fr\/wp-json\/wp\/v2\/pages\/10758","targetHints":{"allow":["GET"]}}],"collection":[{"href":"https:\/\/visit.santcugat.cat\/fr\/wp-json\/wp\/v2\/pages"}],"about":[{"href":"https:\/\/visit.santcugat.cat\/fr\/wp-json\/wp\/v2\/types\/page"}],"author":[{"embeddable":true,"href":"https:\/\/visit.santcugat.cat\/fr\/wp-json\/wp\/v2\/users\/2"}],"replies":[{"embeddable":true,"href":"https:\/\/visit.santcugat.cat\/fr\/wp-json\/wp\/v2\/comments?post=10758"}],"version-history":[{"count":5,"href":"https:\/\/visit.santcugat.cat\/fr\/wp-json\/wp\/v2\/pages\/10758\/revisions"}],"predecessor-version":[{"id":40681,"href":"https:\/\/visit.santcugat.cat\/fr\/wp-json\/wp\/v2\/pages\/10758\/revisions\/40681"}],"up":[{"embeddable":true,"href":"https:\/\/visit.santcugat.cat\/fr\/wp-json\/wp\/v2\/pages\/10127"}],"wp:attachment":[{"href":"https:\/\/visit.santcugat.cat\/fr\/wp-json\/wp\/v2\/media?parent=10758"}],"curies":[{"name":"wp","href":"https:\/\/api.w.org\/{rel}","templated":true}]}}