{"id":10750,"date":"2017-03-07T17:58:25","date_gmt":"2017-03-07T16:58:25","guid":{"rendered":"https:\/\/visit.santcugat.cat\/experiences-et-promotions\/monestir-de-sant-cugat-vintage-shopping\/"},"modified":"2026-04-21T17:03:43","modified_gmt":"2026-04-21T15:03:43","slug":"monastere-de-sant-cugat-vintage-shoppings","status":"publish","type":"page","link":"https:\/\/visit.santcugat.cat\/fr\/experiences-et-promotions\/monastere-de-sant-cugat-vintage-shoppings\/","title":{"rendered":"Monast\u00e8re de Sant Cugat &#038; Vintage Shopping"},"content":{"rendered":"<div class=\"fusion-fullwidth fullwidth-box fusion-builder-row-1 nonhundred-percent-fullwidth non-hundred-percent-height-scrolling\" style=\"--awb-background-position:left top;--awb-border-sizes-top:0px;--awb-border-sizes-bottom:0px;--awb-border-sizes-left:0px;--awb-border-sizes-right:0px;--awb-border-radius-top-left:0px;--awb-border-radius-top-right:0px;--awb-border-radius-bottom-right:0px;--awb-border-radius-bottom-left:0px;--awb-padding-top:20px;--awb-padding-bottom:20px;--awb-flex-wrap:wrap;\" ><div class=\"fusion-builder-row fusion-row\"><div class=\"fusion-layout-column fusion_builder_column fusion-builder-column-0 fusion_builder_column_1_1 1_1 fusion-one-full fusion-column-first fusion-column-last fusion-column-no-min-height\" style=\"--awb-bg-size:cover;\"><div class=\"fusion-column-wrapper fusion-flex-column-wrapper-legacy\"><div class=\"fusion-column-content-centered\"><div class=\"fusion-column-content\"><div class=\"fusion-image-element in-legacy-container\" style=\"--awb-caption-title-font-family:var(--h2_typography-font-family);--awb-caption-title-font-weight:var(--h2_typography-font-weight);--awb-caption-title-font-style:var(--h2_typography-font-style);--awb-caption-title-size:var(--h2_typography-font-size);--awb-caption-title-transform:var(--h2_typography-text-transform);--awb-caption-title-line-height:var(--h2_typography-line-height);--awb-caption-title-letter-spacing:var(--h2_typography-letter-spacing);\"><span class=\" fusion-imageframe imageframe-none imageframe-1 hover-type-none\"><img decoding=\"async\" width=\"1190\" height=\"595\" alt=\"Monestir de Sant Cugat &amp; Vintage Shopping\" title=\"Monestir de Sant Cugat &#038; Vintage Shopping\" src=\"https:\/\/visit.santcugat.cat\/wp-content\/uploads\/2017\/03\/Monestir-de-Sant-Cugat-Vintage-Shopping.jpg\" class=\"img-responsive wp-image-11056\" srcset=\"https:\/\/visit.santcugat.cat\/wp-content\/uploads\/2017\/03\/Monestir-de-Sant-Cugat-Vintage-Shopping-200x100.jpg 200w, https:\/\/visit.santcugat.cat\/wp-content\/uploads\/2017\/03\/Monestir-de-Sant-Cugat-Vintage-Shopping-400x200.jpg 400w, https:\/\/visit.santcugat.cat\/wp-content\/uploads\/2017\/03\/Monestir-de-Sant-Cugat-Vintage-Shopping-600x300.jpg 600w, https:\/\/visit.santcugat.cat\/wp-content\/uploads\/2017\/03\/Monestir-de-Sant-Cugat-Vintage-Shopping-800x400.jpg 800w, https:\/\/visit.santcugat.cat\/wp-content\/uploads\/2017\/03\/Monestir-de-Sant-Cugat-Vintage-Shopping.jpg 1190w\" sizes=\"(max-width: 800px) 100vw, 1190px\" \/><\/span><\/div><\/div><\/div><div class=\"fusion-clearfix\"><\/div><\/div><\/div><div class=\"fusion-layout-column fusion_builder_column fusion-builder-column-1 fusion_builder_column_1_1 1_1 fusion-one-full fusion-column-first fusion-column-last fusion-column-no-min-height\" style=\"--awb-padding-top:20px;--awb-padding-right:40px;--awb-padding-bottom:15px;--awb-padding-left:40px;--awb-bg-color:#ffffff;--awb-bg-color-hover:#ffffff;--awb-bg-size:cover;--awb-border-color:#dddddd;--awb-border-top:1px;--awb-border-right:1px;--awb-border-bottom:1px;--awb-border-left:1px;--awb-border-style:solid;\"><div class=\"fusion-column-wrapper fusion-flex-column-wrapper-legacy\"><div class=\"fusion-title title fusion-title-1 fusion-sep-none fusion-title-text fusion-title-size-one\" style=\"--awb-margin-bottom:-20px;\"><h1 class=\"fusion-title-heading title-heading-left fusion-responsive-typography-calculated\" style=\"margin:0;--fontSize:46;line-height:1.11;\"><h2><strong><span>Monast\u00e8re de Sant Cugat &amp; <em>Vintage Shopping<\/em><\/span><\/strong><\/h2><\/h1><\/div><div class=\"fusion-sep-clear\"><\/div><div class=\"fusion-separator fusion-full-width-sep\" style=\"margin-left: auto;margin-right: auto;margin-top:10px;margin-bottom:10px;width:100%;\"><\/div><div class=\"fusion-sep-clear\"><\/div><div class=\"fusion-text fusion-text-1\"><p><strong>Une combinaison de culture et d\u2019achats <em>vintage<\/em> <\/strong>afin de passer une journ\u00e9e tr\u00e8s bien remplie. Tout d\u2019abord, gr\u00e2ce \u00e0 l\u2019audioguide, tu pourras profiter de l\u2019un des <a href=\"https:\/\/visit.santcugat.cat\/fr\/que-voir\/monastere-de-sant-cugat\/\">tr\u00e9sors du roman catalan\u00a0: le monast\u00e8re<\/a>. Puis, en te promenant, tu arriveras \u00e0 <a href=\"https:\/\/visit.santcugat.cat\/fr\/que-voir\/mercantic\/\">Mercantic<\/a>, une surface de plus de 15 000 m<sup>2<\/sup> d\u2019exposition d\u2019antiquit\u00e9s, d\u2019objets curieux et de d\u00e9coration. Tu y trouveras \u00e9galement une offre int\u00e9ressante de gastronomie et de loisirs.<\/p>\n<p>Deux fa\u00e7ons\u00a0:<\/p>\n<ul>\n<li><strong>Tour \u00e0 pied\u00a0<\/strong><strong>:<\/strong>\n<ul>\n<li>Entr\u00e9e au monast\u00e8re de Sant Cugat et location de l\u2019audioguide pour les personnes de plus de 16 ans.<\/li>\n<li>Entr\u00e9e et cadeau \u00e0 Mercantic (au point d\u2019information de l\u2019enceinte)<\/li>\n<\/ul>\n<\/li>\n<li><strong>Tour en v\u00e9lo\u00a0<\/strong><strong>:<\/strong>\n<ul>\n<li>Location de bicyclettes \u00e9lectriques sur lesquelles est t\u00e9l\u00e9charg\u00e9 l\u2019audioguide (hauteur minimale 1,45 m ou petit si\u00e8ge enfant ou remorque).<\/li>\n<li>Entr\u00e9e au monast\u00e8re et location de l\u2019audioguide pour les personnes de plus de 16 ans.<\/li>\n<li>Entr\u00e9e et cadeau \u00e0 Mercantic (au point d\u2019information de l\u2019enceinte).<\/li>\n<\/ul>\n<\/li>\n<\/ul>\n<p>Tu peux aussi acheter ce ticket combin\u00e9 avec un billet de train aux guichets de FGC, renseigne-toi \u00e0 Turistren.<\/p>\n<\/div><div class=\"fusion-clearfix\"><\/div><\/div><\/div><div class=\"fusion-layout-column fusion_builder_column fusion-builder-column-2 fusion_builder_column_1_2 1_2 fusion-one-half fusion-column-first fusion-column-no-min-height\" style=\"--awb-padding-top:20px;--awb-padding-right:40px;--awb-padding-bottom:15px;--awb-padding-left:40px;--awb-bg-color:#ffffff;--awb-bg-color-hover:#ffffff;--awb-bg-size:cover;--awb-border-color:#dddddd;--awb-border-top:1px;--awb-border-right:1px;--awb-border-bottom:1px;--awb-border-left:1px;--awb-border-style:solid;\"><div class=\"fusion-column-wrapper fusion-flex-column-wrapper-legacy\"><div class=\"fusion-aligncenter\"><a class=\"fusion-button button-flat button-medium button-default fusion-button-default button-1 fusion-button-span-no fusion-button-default-type\" target=\"_blank\" rel=\"noopener noreferrer\" href=\"http:\/\/turistren.cat\/index.php\/fitxa\/combinat-monestir-mercantic-ebike-sant-cugat\/\"><span class=\"fusion-button-text awb-button__text awb-button__text--default fusion-button-text-right\">E-BIKE TURISTREN<\/span><span class=\"fusion-button-icon-divider button-icon-divider-right\"><i class=\" fa fa-info awb-button__icon awb-button__icon--default\" aria-hidden=\"true\"><\/i><\/span><\/a><\/div><div class=\"fusion-clearfix\"><\/div><\/div><\/div><div class=\"fusion-layout-column fusion_builder_column fusion-builder-column-3 fusion_builder_column_1_2 1_2 fusion-one-half fusion-column-last fusion-column-no-min-height\" style=\"--awb-padding-top:20px;--awb-padding-right:40px;--awb-padding-bottom:15px;--awb-padding-left:40px;--awb-bg-color:#ffffff;--awb-bg-color-hover:#ffffff;--awb-bg-size:cover;--awb-border-color:#dddddd;--awb-border-top:1px;--awb-border-right:1px;--awb-border-bottom:1px;--awb-border-left:1px;--awb-border-style:solid;\"><div class=\"fusion-column-wrapper fusion-flex-column-wrapper-legacy\"><div class=\"fusion-aligncenter\"><a class=\"fusion-button button-flat button-medium button-default fusion-button-default button-2 fusion-button-span-no fusion-button-default-type\" target=\"_blank\" rel=\"noopener noreferrer\" href=\"http:\/\/turistren.cat\/index.php\/fitxa\/combinat-monestir-mercantic-sant-cugat\/\"><span class=\"fusion-button-text awb-button__text awb-button__text--default fusion-button-text-right\">WALK-TURISTREN<\/span><span class=\"fusion-button-icon-divider button-icon-divider-right\"><i class=\" fa fa-info awb-button__icon awb-button__icon--default\" aria-hidden=\"true\"><\/i><\/span><\/a><\/div><div class=\"fusion-clearfix\"><\/div><\/div><\/div><\/div><\/div>\n","protected":false},"excerpt":{"rendered":"","protected":false},"author":2,"featured_media":0,"parent":10127,"menu_order":0,"comment_status":"closed","ping_status":"closed","template":"","meta":{"_joinchat":[],"footnotes":""},"class_list":["post-10750","page","type-page","status-publish","hentry"],"yoast_head":"<!-- This site is optimized with the Yoast SEO plugin v27.4 - https:\/\/yoast.com\/product\/yoast-seo-wordpress\/ -->\n<title>Monast\u00e8re de Sant Cugat &amp; Vintage Shopping | Experi\u00e8ncies a Sant Cugat<\/title>\n<meta name=\"description\" content=\"Une combinaison de culture et d\u2019achats vintage afin de passer une journ\u00e9e tr\u00e8s bien remplie. Visit le Monast\u00e8re de Sant Cugat et Mercantic, vintage shopping\" \/>\n<meta name=\"robots\" content=\"index, follow, max-snippet:-1, max-image-preview:large, max-video-preview:-1\" \/>\n<link rel=\"canonical\" href=\"https:\/\/visit.santcugat.cat\/fr\/experiences-et-promotions\/monastere-de-sant-cugat-vintage-shoppings\/\" \/>\n<meta property=\"og:locale\" content=\"fr_FR\" \/>\n<meta property=\"og:type\" content=\"article\" \/>\n<meta property=\"og:title\" content=\"Monast\u00e8re de Sant Cugat &amp; Vintage Shopping | Experi\u00e8ncies a Sant Cugat\" \/>\n<meta property=\"og:description\" content=\"Une combinaison de culture et d\u2019achats vintage afin de passer une journ\u00e9e tr\u00e8s bien remplie. Visit le Monast\u00e8re de Sant Cugat et Mercantic, vintage shopping\" \/>\n<meta property=\"og:url\" content=\"https:\/\/visit.santcugat.cat\/fr\/experiences-et-promotions\/monastere-de-sant-cugat-vintage-shoppings\/\" \/>\n<meta property=\"og:site_name\" content=\"Visit Sant Cugat\" \/>\n<meta property=\"article:publisher\" content=\"https:\/\/www.facebook.com\/visitsantcugat\/\" \/>\n<meta property=\"article:modified_time\" content=\"2026-04-21T15:03:43+00:00\" \/>\n<meta property=\"og:image\" content=\"https:\/\/visit.santcugat.cat\/wp-content\/uploads\/2023\/03\/CLAUSTRE-MONASTERIO-DE-SANT-CUGAT_resultado.webp\" \/>\n\t<meta property=\"og:image:width\" content=\"984\" \/>\n\t<meta property=\"og:image:height\" content=\"502\" \/>\n\t<meta property=\"og:image:type\" content=\"image\/webp\" \/>\n<meta name=\"twitter:card\" content=\"summary_large_image\" \/>\n<meta name=\"twitter:site\" content=\"@ajsantcugat\" \/>\n<meta name=\"twitter:label1\" content=\"Dur\u00e9e de lecture estim\u00e9e\" \/>\n\t<meta name=\"twitter:data1\" content=\"4 minutes\" \/>\n<script type=\"application\/ld+json\" class=\"yoast-schema-graph\">{\"@context\":\"https:\\\/\\\/schema.org\",\"@graph\":[{\"@type\":\"WebPage\",\"@id\":\"https:\\\/\\\/visit.santcugat.cat\\\/fr\\\/experiences-et-promotions\\\/monastere-de-sant-cugat-vintage-shoppings\\\/\",\"url\":\"https:\\\/\\\/visit.santcugat.cat\\\/fr\\\/experiences-et-promotions\\\/monastere-de-sant-cugat-vintage-shoppings\\\/\",\"name\":\"Monast\u00e8re de Sant Cugat & Vintage Shopping | Experi\u00e8ncies a Sant Cugat\",\"isPartOf\":{\"@id\":\"https:\\\/\\\/visit.santcugat.cat\\\/fr\\\/#website\"},\"datePublished\":\"2017-03-07T16:58:25+00:00\",\"dateModified\":\"2026-04-21T15:03:43+00:00\",\"description\":\"Une combinaison de culture et d\u2019achats vintage afin de passer une journ\u00e9e tr\u00e8s bien remplie. Visit le Monast\u00e8re de Sant Cugat et Mercantic, vintage shopping\",\"breadcrumb\":{\"@id\":\"https:\\\/\\\/visit.santcugat.cat\\\/fr\\\/experiences-et-promotions\\\/monastere-de-sant-cugat-vintage-shoppings\\\/#breadcrumb\"},\"inLanguage\":\"fr-FR\",\"potentialAction\":[{\"@type\":\"ReadAction\",\"target\":[\"https:\\\/\\\/visit.santcugat.cat\\\/fr\\\/experiences-et-promotions\\\/monastere-de-sant-cugat-vintage-shoppings\\\/\"]}]},{\"@type\":\"BreadcrumbList\",\"@id\":\"https:\\\/\\\/visit.santcugat.cat\\\/fr\\\/experiences-et-promotions\\\/monastere-de-sant-cugat-vintage-shoppings\\\/#breadcrumb\",\"itemListElement\":[{\"@type\":\"ListItem\",\"position\":1,\"name\":\"Inici\",\"item\":\"https:\\\/\\\/visit.santcugat.cat\\\/fr\\\/\"},{\"@type\":\"ListItem\",\"position\":2,\"name\":\"BILLETTERIE\",\"item\":\"https:\\\/\\\/visit.santcugat.cat\\\/fr\\\/experiences-et-promotions\\\/\"},{\"@type\":\"ListItem\",\"position\":3,\"name\":\"Monast\u00e8re de Sant Cugat &#038; Vintage Shopping\"}]},{\"@type\":\"WebSite\",\"@id\":\"https:\\\/\\\/visit.santcugat.cat\\\/fr\\\/#website\",\"url\":\"https:\\\/\\\/visit.santcugat.cat\\\/fr\\\/\",\"name\":\"Visit Sant Cugat\",\"description\":\"Turisme de Sant Cugat\",\"publisher\":{\"@id\":\"https:\\\/\\\/visit.santcugat.cat\\\/fr\\\/#organization\"},\"potentialAction\":[{\"@type\":\"SearchAction\",\"target\":{\"@type\":\"EntryPoint\",\"urlTemplate\":\"https:\\\/\\\/visit.santcugat.cat\\\/fr\\\/?s={search_term_string}\"},\"query-input\":{\"@type\":\"PropertyValueSpecification\",\"valueRequired\":true,\"valueName\":\"search_term_string\"}}],\"inLanguage\":\"fr-FR\"},{\"@type\":\"Organization\",\"@id\":\"https:\\\/\\\/visit.santcugat.cat\\\/fr\\\/#organization\",\"name\":\"Visit Sant Cugat - Turisme de Sant Cugat - Barcelona\",\"url\":\"https:\\\/\\\/visit.santcugat.cat\\\/fr\\\/\",\"logo\":{\"@type\":\"ImageObject\",\"inLanguage\":\"fr-FR\",\"@id\":\"https:\\\/\\\/visit.santcugat.cat\\\/fr\\\/#\\\/schema\\\/logo\\\/image\\\/\",\"url\":\"https:\\\/\\\/visit.santcugat.cat\\\/wp-content\\\/uploads\\\/2020\\\/09\\\/logo.png\",\"contentUrl\":\"https:\\\/\\\/visit.santcugat.cat\\\/wp-content\\\/uploads\\\/2020\\\/09\\\/logo.png\",\"width\":200,\"height\":44,\"caption\":\"Visit Sant Cugat - Turisme de Sant Cugat - Barcelona\"},\"image\":{\"@id\":\"https:\\\/\\\/visit.santcugat.cat\\\/fr\\\/#\\\/schema\\\/logo\\\/image\\\/\"},\"sameAs\":[\"https:\\\/\\\/www.facebook.com\\\/visitsantcugat\\\/\",\"https:\\\/\\\/x.com\\\/ajsantcugat\",\"https:\\\/\\\/www.instagram.com\\\/visitsantcugat\\\/\",\"https:\\\/\\\/ca.wikipedia.org\\\/wiki\\\/Sant_Cugat_del_Vall\u00e8s\"]}]}<\/script>\n<!-- \/ Yoast SEO plugin. -->","yoast_head_json":{"title":"Monast\u00e8re de Sant Cugat & Vintage Shopping | Experi\u00e8ncies a Sant Cugat","description":"Une combinaison de culture et d\u2019achats vintage afin de passer une journ\u00e9e tr\u00e8s bien remplie. Visit le Monast\u00e8re de Sant Cugat et Mercantic, vintage shopping","robots":{"index":"index","follow":"follow","max-snippet":"max-snippet:-1","max-image-preview":"max-image-preview:large","max-video-preview":"max-video-preview:-1"},"canonical":"https:\/\/visit.santcugat.cat\/fr\/experiences-et-promotions\/monastere-de-sant-cugat-vintage-shoppings\/","og_locale":"fr_FR","og_type":"article","og_title":"Monast\u00e8re de Sant Cugat & Vintage Shopping | Experi\u00e8ncies a Sant Cugat","og_description":"Une combinaison de culture et d\u2019achats vintage afin de passer une journ\u00e9e tr\u00e8s bien remplie. Visit le Monast\u00e8re de Sant Cugat et Mercantic, vintage shopping","og_url":"https:\/\/visit.santcugat.cat\/fr\/experiences-et-promotions\/monastere-de-sant-cugat-vintage-shoppings\/","og_site_name":"Visit Sant Cugat","article_publisher":"https:\/\/www.facebook.com\/visitsantcugat\/","article_modified_time":"2026-04-21T15:03:43+00:00","og_image":[{"width":984,"height":502,"url":"https:\/\/visit.santcugat.cat\/wp-content\/uploads\/2023\/03\/CLAUSTRE-MONASTERIO-DE-SANT-CUGAT_resultado.webp","type":"image\/webp"}],"twitter_card":"summary_large_image","twitter_site":"@ajsantcugat","twitter_misc":{"Dur\u00e9e de lecture estim\u00e9e":"4 minutes"},"schema":{"@context":"https:\/\/schema.org","@graph":[{"@type":"WebPage","@id":"https:\/\/visit.santcugat.cat\/fr\/experiences-et-promotions\/monastere-de-sant-cugat-vintage-shoppings\/","url":"https:\/\/visit.santcugat.cat\/fr\/experiences-et-promotions\/monastere-de-sant-cugat-vintage-shoppings\/","name":"Monast\u00e8re de Sant Cugat & Vintage Shopping | Experi\u00e8ncies a Sant Cugat","isPartOf":{"@id":"https:\/\/visit.santcugat.cat\/fr\/#website"},"datePublished":"2017-03-07T16:58:25+00:00","dateModified":"2026-04-21T15:03:43+00:00","description":"Une combinaison de culture et d\u2019achats vintage afin de passer une journ\u00e9e tr\u00e8s bien remplie. Visit le Monast\u00e8re de Sant Cugat et Mercantic, vintage shopping","breadcrumb":{"@id":"https:\/\/visit.santcugat.cat\/fr\/experiences-et-promotions\/monastere-de-sant-cugat-vintage-shoppings\/#breadcrumb"},"inLanguage":"fr-FR","potentialAction":[{"@type":"ReadAction","target":["https:\/\/visit.santcugat.cat\/fr\/experiences-et-promotions\/monastere-de-sant-cugat-vintage-shoppings\/"]}]},{"@type":"BreadcrumbList","@id":"https:\/\/visit.santcugat.cat\/fr\/experiences-et-promotions\/monastere-de-sant-cugat-vintage-shoppings\/#breadcrumb","itemListElement":[{"@type":"ListItem","position":1,"name":"Inici","item":"https:\/\/visit.santcugat.cat\/fr\/"},{"@type":"ListItem","position":2,"name":"BILLETTERIE","item":"https:\/\/visit.santcugat.cat\/fr\/experiences-et-promotions\/"},{"@type":"ListItem","position":3,"name":"Monast\u00e8re de Sant Cugat &#038; Vintage Shopping"}]},{"@type":"WebSite","@id":"https:\/\/visit.santcugat.cat\/fr\/#website","url":"https:\/\/visit.santcugat.cat\/fr\/","name":"Visit Sant Cugat","description":"Turisme de Sant Cugat","publisher":{"@id":"https:\/\/visit.santcugat.cat\/fr\/#organization"},"potentialAction":[{"@type":"SearchAction","target":{"@type":"EntryPoint","urlTemplate":"https:\/\/visit.santcugat.cat\/fr\/?s={search_term_string}"},"query-input":{"@type":"PropertyValueSpecification","valueRequired":true,"valueName":"search_term_string"}}],"inLanguage":"fr-FR"},{"@type":"Organization","@id":"https:\/\/visit.santcugat.cat\/fr\/#organization","name":"Visit Sant Cugat - Turisme de Sant Cugat - Barcelona","url":"https:\/\/visit.santcugat.cat\/fr\/","logo":{"@type":"ImageObject","inLanguage":"fr-FR","@id":"https:\/\/visit.santcugat.cat\/fr\/#\/schema\/logo\/image\/","url":"https:\/\/visit.santcugat.cat\/wp-content\/uploads\/2020\/09\/logo.png","contentUrl":"https:\/\/visit.santcugat.cat\/wp-content\/uploads\/2020\/09\/logo.png","width":200,"height":44,"caption":"Visit Sant Cugat - Turisme de Sant Cugat - Barcelona"},"image":{"@id":"https:\/\/visit.santcugat.cat\/fr\/#\/schema\/logo\/image\/"},"sameAs":["https:\/\/www.facebook.com\/visitsantcugat\/","https:\/\/x.com\/ajsantcugat","https:\/\/www.instagram.com\/visitsantcugat\/","https:\/\/ca.wikipedia.org\/wiki\/Sant_Cugat_del_Vall\u00e8s"]}]}},"_links":{"self":[{"href":"https:\/\/visit.santcugat.cat\/fr\/wp-json\/wp\/v2\/pages\/10750","targetHints":{"allow":["GET"]}}],"collection":[{"href":"https:\/\/visit.santcugat.cat\/fr\/wp-json\/wp\/v2\/pages"}],"about":[{"href":"https:\/\/visit.santcugat.cat\/fr\/wp-json\/wp\/v2\/types\/page"}],"author":[{"embeddable":true,"href":"https:\/\/visit.santcugat.cat\/fr\/wp-json\/wp\/v2\/users\/2"}],"replies":[{"embeddable":true,"href":"https:\/\/visit.santcugat.cat\/fr\/wp-json\/wp\/v2\/comments?post=10750"}],"version-history":[{"count":3,"href":"https:\/\/visit.santcugat.cat\/fr\/wp-json\/wp\/v2\/pages\/10750\/revisions"}],"predecessor-version":[{"id":49039,"href":"https:\/\/visit.santcugat.cat\/fr\/wp-json\/wp\/v2\/pages\/10750\/revisions\/49039"}],"up":[{"embeddable":true,"href":"https:\/\/visit.santcugat.cat\/fr\/wp-json\/wp\/v2\/pages\/10127"}],"wp:attachment":[{"href":"https:\/\/visit.santcugat.cat\/fr\/wp-json\/wp\/v2\/media?parent=10750"}],"curies":[{"name":"wp","href":"https:\/\/api.w.org\/{rel}","templated":true}]}}