{"id":10746,"date":"2017-03-07T20:23:12","date_gmt":"2017-03-07T19:23:12","guid":{"rendered":"https:\/\/visit.santcugat.cat\/experiences-et-promotions\/entrada-al-monestir-de-sant-cugat\/"},"modified":"2024-07-08T11:21:40","modified_gmt":"2024-07-08T09:21:40","slug":"entree-du-monastere-de-sant-cugat","status":"publish","type":"page","link":"https:\/\/visit.santcugat.cat\/fr\/experiences-et-promotions\/entree-du-monastere-de-sant-cugat\/","title":{"rendered":"Entr\u00e9e du monast\u00e8re de Sant Cugat"},"content":{"rendered":"<div class=\"fusion-fullwidth fullwidth-box fusion-builder-row-1 nonhundred-percent-fullwidth non-hundred-percent-height-scrolling\" style=\"--awb-background-position:left top;--awb-border-sizes-top:0px;--awb-border-sizes-bottom:0px;--awb-border-sizes-left:0px;--awb-border-sizes-right:0px;--awb-border-radius-top-left:0px;--awb-border-radius-top-right:0px;--awb-border-radius-bottom-right:0px;--awb-border-radius-bottom-left:0px;--awb-padding-top:20px;--awb-padding-bottom:20px;--awb-margin-top:120px;--awb-margin-bottom:40px;--awb-flex-wrap:wrap;\" ><div class=\"fusion-builder-row fusion-row\"><div class=\"fusion-layout-column fusion_builder_column fusion-builder-column-0 fusion_builder_column_1_1 1_1 fusion-one-full fusion-column-first fusion-column-last fusion-column-no-min-height\" style=\"--awb-bg-size:cover;\"><div class=\"fusion-column-wrapper fusion-flex-column-wrapper-legacy\"><div class=\"fusion-column-content-centered\"><div class=\"fusion-column-content\"><div class=\"fusion-image-element in-legacy-container\" style=\"--awb-caption-title-font-family:var(--h2_typography-font-family);--awb-caption-title-font-weight:var(--h2_typography-font-weight);--awb-caption-title-font-style:var(--h2_typography-font-style);--awb-caption-title-size:var(--h2_typography-font-size);--awb-caption-title-transform:var(--h2_typography-text-transform);--awb-caption-title-line-height:var(--h2_typography-line-height);--awb-caption-title-letter-spacing:var(--h2_typography-letter-spacing);\"><span class=\" fusion-imageframe imageframe-none imageframe-1 hover-type-none\"><img decoding=\"async\" width=\"1190\" height=\"450\" alt=\"Entr\u00e9e du Monast\u00e8re de Sant Cugat\" title=\"FOTO: MAN\u00c9 ESPINOSA. MONESTIR DE SANT CUGAT\" src=\"https:\/\/visit.santcugat.cat\/wp-content\/uploads\/2017\/03\/Producte-Monestir2.jpg\" class=\"img-responsive wp-image-11052\" srcset=\"https:\/\/visit.santcugat.cat\/wp-content\/uploads\/2017\/03\/Producte-Monestir2-200x76.jpg 200w, https:\/\/visit.santcugat.cat\/wp-content\/uploads\/2017\/03\/Producte-Monestir2-400x151.jpg 400w, https:\/\/visit.santcugat.cat\/wp-content\/uploads\/2017\/03\/Producte-Monestir2-600x227.jpg 600w, https:\/\/visit.santcugat.cat\/wp-content\/uploads\/2017\/03\/Producte-Monestir2-800x303.jpg 800w, https:\/\/visit.santcugat.cat\/wp-content\/uploads\/2017\/03\/Producte-Monestir2.jpg 1190w\" sizes=\"(max-width: 800px) 100vw, 1190px\" \/><\/span><\/div><\/div><\/div><div class=\"fusion-clearfix\"><\/div><\/div><\/div><div class=\"fusion-layout-column fusion_builder_column fusion-builder-column-1 fusion_builder_column_1_1 1_1 fusion-one-full fusion-column-first fusion-column-last fusion-column-no-min-height\" style=\"--awb-padding-top:20px;--awb-padding-right:40px;--awb-padding-bottom:15px;--awb-padding-left:40px;--awb-bg-color:#ffffff;--awb-bg-color-hover:#ffffff;--awb-bg-size:cover;--awb-border-color:#dddddd;--awb-border-top:1px;--awb-border-right:1px;--awb-border-bottom:1px;--awb-border-left:1px;--awb-border-style:solid;\"><div class=\"fusion-column-wrapper fusion-flex-column-wrapper-legacy\"><div class=\"fusion-title title fusion-title-1 fusion-sep-none fusion-title-text fusion-title-size-one\" style=\"--awb-margin-bottom:-20px;\"><h1 class=\"fusion-title-heading title-heading-left fusion-responsive-typography-calculated\" style=\"margin:0;--fontSize:46;line-height:1.11;\"><h2><strong><span style=\"color: #81d742;\">L\u2019un des plus beaux clo\u00eetres d\u2019Europe<\/span><\/strong><\/h2><\/h1><\/div><div class=\"fusion-sep-clear\"><\/div><div class=\"fusion-separator fusion-full-width-sep\" style=\"margin-left: auto;margin-right: auto;margin-top:10px;margin-bottom:10px;width:100%;\"><\/div><div class=\"fusion-sep-clear\"><\/div><div class=\"fusion-text fusion-text-1\"><p><strong>\u00c0 ton rythme, sans te presser, <\/strong>c\u2019est l\u00e0 la meilleure fa\u00e7on de profiter de la visite de ce monument en compagnie de <a href=\"https:\/\/visit.santcugat.cat\/fr\/audioguide-du-monastere\/\">l\u2019audioguide <\/a>du monast\u00e8re. Il t\u2019aidera \u00e0 comprendre les origines, les coutumes de l\u2019ordre des b\u00e9n\u00e9dictins, l\u2019architecture, l\u2019histoire, les l\u00e9gendes et des anecdotes tr\u00e8s \u00e9tranges.<\/p>\n<p><strong>Cela inclut<\/strong><\/p>\n<ul>\n<li>L\u2019entr\u00e9e au Monast\u00e8re de Sant Cugat et la location de l\u2019audioguide pour les plus de 16 ans.<\/li>\n<li>Billet de tren.<\/li>\n<\/ul>\n<p>Tu peux\u00a0 acheter ce ticket combin\u00e9 avec un billet de train aux guichets de FGC, renseigne-toi \u00e0 Turistren.<\/p>\n<\/div><div class=\"fusion-clearfix\"><\/div><\/div><\/div><div class=\"fusion-layout-column fusion_builder_column fusion-builder-column-2 fusion_builder_column_1_1 1_1 fusion-one-full fusion-column-first fusion-column-last fusion-column-no-min-height\" style=\"--awb-padding-top:20px;--awb-padding-right:40px;--awb-padding-bottom:15px;--awb-padding-left:40px;--awb-bg-color:#ffffff;--awb-bg-color-hover:#ffffff;--awb-bg-size:cover;--awb-border-color:#dddddd;--awb-border-top:1px;--awb-border-right:1px;--awb-border-bottom:1px;--awb-border-left:1px;--awb-border-style:solid;\"><div class=\"fusion-column-wrapper fusion-flex-column-wrapper-legacy\"><div class=\"fusion-aligncenter\"><a class=\"fusion-button button-flat button-medium button-default fusion-button-default button-1 fusion-button-span-no fusion-button-default-type\" target=\"_blank\" rel=\"noopener noreferrer\" href=\"http:\/\/turistren.cat\/index.php\/fitxa\/monestir-de-sant-cugat\/\"><span class=\"fusion-button-text awb-button__text awb-button__text--default fusion-button-text-right\">TURISTREN<\/span><span class=\"fusion-button-icon-divider button-icon-divider-right\"><i class=\" fa fa-info awb-button__icon awb-button__icon--default\" aria-hidden=\"true\"><\/i><\/span><\/a><\/div><div class=\"fusion-clearfix\"><\/div><\/div><\/div><\/div><\/div>\n","protected":false},"excerpt":{"rendered":"","protected":false},"author":2,"featured_media":0,"parent":10127,"menu_order":0,"comment_status":"closed","ping_status":"closed","template":"","meta":{"_joinchat":[],"footnotes":""},"class_list":["post-10746","page","type-page","status-publish","hentry"],"yoast_head":"<!-- This site is optimized with the Yoast SEO plugin v27.3 - https:\/\/yoast.com\/product\/yoast-seo-wordpress\/ -->\n<title>Entr\u00e9e du monast\u00e8re de Sant Cugat, l\u2019un des plus beaux clo\u00eetres d\u2019Europe<\/title>\n<meta name=\"description\" content=\"Entr\u00e9e du monast\u00e8re de Sant Cugat. A ton rythme, c\u2019est l\u00e0 la meilleure fa\u00e7on de visiter ce monument en compagnie de l\u2019audioguide du monast\u00e8re.\" \/>\n<meta name=\"robots\" content=\"noindex, nofollow\" \/>\n<meta property=\"og:locale\" content=\"fr_FR\" \/>\n<meta property=\"og:type\" content=\"article\" \/>\n<meta property=\"og:title\" content=\"Entr\u00e9e du monast\u00e8re de Sant Cugat, l\u2019un des plus beaux clo\u00eetres d\u2019Europe\" \/>\n<meta property=\"og:description\" content=\"Entr\u00e9e du monast\u00e8re de Sant Cugat. A ton rythme, c\u2019est l\u00e0 la meilleure fa\u00e7on de visiter ce monument en compagnie de l\u2019audioguide du monast\u00e8re.\" \/>\n<meta property=\"og:url\" content=\"https:\/\/visit.santcugat.cat\/fr\/experiences-et-promotions\/entree-du-monastere-de-sant-cugat\/\" \/>\n<meta property=\"og:site_name\" content=\"Visit Sant Cugat\" \/>\n<meta property=\"article:publisher\" content=\"https:\/\/www.facebook.com\/visitsantcugat\/\" \/>\n<meta property=\"article:modified_time\" content=\"2024-07-08T09:21:40+00:00\" \/>\n<meta property=\"og:image\" content=\"https:\/\/visit.santcugat.cat\/wp-content\/uploads\/2023\/03\/CLAUSTRE-MONASTERIO-DE-SANT-CUGAT_resultado.webp\" \/>\n\t<meta property=\"og:image:width\" content=\"984\" \/>\n\t<meta property=\"og:image:height\" content=\"502\" \/>\n\t<meta property=\"og:image:type\" content=\"image\/webp\" \/>\n<meta name=\"twitter:card\" content=\"summary_large_image\" \/>\n<meta name=\"twitter:site\" content=\"@ajsantcugat\" \/>\n<meta name=\"twitter:label1\" content=\"Dur\u00e9e de lecture estim\u00e9e\" \/>\n\t<meta name=\"twitter:data1\" content=\"3 minutes\" \/>\n<script type=\"application\/ld+json\" class=\"yoast-schema-graph\">{\"@context\":\"https:\\\/\\\/schema.org\",\"@graph\":[{\"@type\":\"WebPage\",\"@id\":\"https:\\\/\\\/visit.santcugat.cat\\\/fr\\\/experiences-et-promotions\\\/entree-du-monastere-de-sant-cugat\\\/\",\"url\":\"https:\\\/\\\/visit.santcugat.cat\\\/fr\\\/experiences-et-promotions\\\/entree-du-monastere-de-sant-cugat\\\/\",\"name\":\"Entr\u00e9e du monast\u00e8re de Sant Cugat, l\u2019un des plus beaux clo\u00eetres d\u2019Europe\",\"isPartOf\":{\"@id\":\"https:\\\/\\\/visit.santcugat.cat\\\/fr\\\/#website\"},\"datePublished\":\"2017-03-07T19:23:12+00:00\",\"dateModified\":\"2024-07-08T09:21:40+00:00\",\"description\":\"Entr\u00e9e du monast\u00e8re de Sant Cugat. A ton rythme, c\u2019est l\u00e0 la meilleure fa\u00e7on de visiter ce monument en compagnie de l\u2019audioguide du monast\u00e8re.\",\"breadcrumb\":{\"@id\":\"https:\\\/\\\/visit.santcugat.cat\\\/fr\\\/experiences-et-promotions\\\/entree-du-monastere-de-sant-cugat\\\/#breadcrumb\"},\"inLanguage\":\"fr-FR\",\"potentialAction\":[{\"@type\":\"ReadAction\",\"target\":[\"https:\\\/\\\/visit.santcugat.cat\\\/fr\\\/experiences-et-promotions\\\/entree-du-monastere-de-sant-cugat\\\/\"]}]},{\"@type\":\"BreadcrumbList\",\"@id\":\"https:\\\/\\\/visit.santcugat.cat\\\/fr\\\/experiences-et-promotions\\\/entree-du-monastere-de-sant-cugat\\\/#breadcrumb\",\"itemListElement\":[{\"@type\":\"ListItem\",\"position\":1,\"name\":\"Inici\",\"item\":\"https:\\\/\\\/visit.santcugat.cat\\\/fr\\\/\"},{\"@type\":\"ListItem\",\"position\":2,\"name\":\"BILLETTERIE\",\"item\":\"https:\\\/\\\/visit.santcugat.cat\\\/fr\\\/experiences-et-promotions\\\/\"},{\"@type\":\"ListItem\",\"position\":3,\"name\":\"Entr\u00e9e du monast\u00e8re de Sant Cugat\"}]},{\"@type\":\"WebSite\",\"@id\":\"https:\\\/\\\/visit.santcugat.cat\\\/fr\\\/#website\",\"url\":\"https:\\\/\\\/visit.santcugat.cat\\\/fr\\\/\",\"name\":\"Visit Sant Cugat\",\"description\":\"Turisme de Sant Cugat\",\"publisher\":{\"@id\":\"https:\\\/\\\/visit.santcugat.cat\\\/fr\\\/#organization\"},\"potentialAction\":[{\"@type\":\"SearchAction\",\"target\":{\"@type\":\"EntryPoint\",\"urlTemplate\":\"https:\\\/\\\/visit.santcugat.cat\\\/fr\\\/?s={search_term_string}\"},\"query-input\":{\"@type\":\"PropertyValueSpecification\",\"valueRequired\":true,\"valueName\":\"search_term_string\"}}],\"inLanguage\":\"fr-FR\"},{\"@type\":\"Organization\",\"@id\":\"https:\\\/\\\/visit.santcugat.cat\\\/fr\\\/#organization\",\"name\":\"Visit Sant Cugat - Turisme de Sant Cugat - Barcelona\",\"url\":\"https:\\\/\\\/visit.santcugat.cat\\\/fr\\\/\",\"logo\":{\"@type\":\"ImageObject\",\"inLanguage\":\"fr-FR\",\"@id\":\"https:\\\/\\\/visit.santcugat.cat\\\/fr\\\/#\\\/schema\\\/logo\\\/image\\\/\",\"url\":\"https:\\\/\\\/visit.santcugat.cat\\\/wp-content\\\/uploads\\\/2020\\\/09\\\/logo.png\",\"contentUrl\":\"https:\\\/\\\/visit.santcugat.cat\\\/wp-content\\\/uploads\\\/2020\\\/09\\\/logo.png\",\"width\":200,\"height\":44,\"caption\":\"Visit Sant Cugat - Turisme de Sant Cugat - Barcelona\"},\"image\":{\"@id\":\"https:\\\/\\\/visit.santcugat.cat\\\/fr\\\/#\\\/schema\\\/logo\\\/image\\\/\"},\"sameAs\":[\"https:\\\/\\\/www.facebook.com\\\/visitsantcugat\\\/\",\"https:\\\/\\\/x.com\\\/ajsantcugat\",\"https:\\\/\\\/www.instagram.com\\\/visitsantcugat\\\/\",\"https:\\\/\\\/ca.wikipedia.org\\\/wiki\\\/Sant_Cugat_del_Vall\u00e8s\"]}]}<\/script>\n<!-- \/ Yoast SEO plugin. -->","yoast_head_json":{"title":"Entr\u00e9e du monast\u00e8re de Sant Cugat, l\u2019un des plus beaux clo\u00eetres d\u2019Europe","description":"Entr\u00e9e du monast\u00e8re de Sant Cugat. A ton rythme, c\u2019est l\u00e0 la meilleure fa\u00e7on de visiter ce monument en compagnie de l\u2019audioguide du monast\u00e8re.","robots":{"index":"noindex","follow":"nofollow"},"og_locale":"fr_FR","og_type":"article","og_title":"Entr\u00e9e du monast\u00e8re de Sant Cugat, l\u2019un des plus beaux clo\u00eetres d\u2019Europe","og_description":"Entr\u00e9e du monast\u00e8re de Sant Cugat. A ton rythme, c\u2019est l\u00e0 la meilleure fa\u00e7on de visiter ce monument en compagnie de l\u2019audioguide du monast\u00e8re.","og_url":"https:\/\/visit.santcugat.cat\/fr\/experiences-et-promotions\/entree-du-monastere-de-sant-cugat\/","og_site_name":"Visit Sant Cugat","article_publisher":"https:\/\/www.facebook.com\/visitsantcugat\/","article_modified_time":"2024-07-08T09:21:40+00:00","og_image":[{"width":984,"height":502,"url":"https:\/\/visit.santcugat.cat\/wp-content\/uploads\/2023\/03\/CLAUSTRE-MONASTERIO-DE-SANT-CUGAT_resultado.webp","type":"image\/webp"}],"twitter_card":"summary_large_image","twitter_site":"@ajsantcugat","twitter_misc":{"Dur\u00e9e de lecture estim\u00e9e":"3 minutes"},"schema":{"@context":"https:\/\/schema.org","@graph":[{"@type":"WebPage","@id":"https:\/\/visit.santcugat.cat\/fr\/experiences-et-promotions\/entree-du-monastere-de-sant-cugat\/","url":"https:\/\/visit.santcugat.cat\/fr\/experiences-et-promotions\/entree-du-monastere-de-sant-cugat\/","name":"Entr\u00e9e du monast\u00e8re de Sant Cugat, l\u2019un des plus beaux clo\u00eetres d\u2019Europe","isPartOf":{"@id":"https:\/\/visit.santcugat.cat\/fr\/#website"},"datePublished":"2017-03-07T19:23:12+00:00","dateModified":"2024-07-08T09:21:40+00:00","description":"Entr\u00e9e du monast\u00e8re de Sant Cugat. A ton rythme, c\u2019est l\u00e0 la meilleure fa\u00e7on de visiter ce monument en compagnie de l\u2019audioguide du monast\u00e8re.","breadcrumb":{"@id":"https:\/\/visit.santcugat.cat\/fr\/experiences-et-promotions\/entree-du-monastere-de-sant-cugat\/#breadcrumb"},"inLanguage":"fr-FR","potentialAction":[{"@type":"ReadAction","target":["https:\/\/visit.santcugat.cat\/fr\/experiences-et-promotions\/entree-du-monastere-de-sant-cugat\/"]}]},{"@type":"BreadcrumbList","@id":"https:\/\/visit.santcugat.cat\/fr\/experiences-et-promotions\/entree-du-monastere-de-sant-cugat\/#breadcrumb","itemListElement":[{"@type":"ListItem","position":1,"name":"Inici","item":"https:\/\/visit.santcugat.cat\/fr\/"},{"@type":"ListItem","position":2,"name":"BILLETTERIE","item":"https:\/\/visit.santcugat.cat\/fr\/experiences-et-promotions\/"},{"@type":"ListItem","position":3,"name":"Entr\u00e9e du monast\u00e8re de Sant Cugat"}]},{"@type":"WebSite","@id":"https:\/\/visit.santcugat.cat\/fr\/#website","url":"https:\/\/visit.santcugat.cat\/fr\/","name":"Visit Sant Cugat","description":"Turisme de Sant Cugat","publisher":{"@id":"https:\/\/visit.santcugat.cat\/fr\/#organization"},"potentialAction":[{"@type":"SearchAction","target":{"@type":"EntryPoint","urlTemplate":"https:\/\/visit.santcugat.cat\/fr\/?s={search_term_string}"},"query-input":{"@type":"PropertyValueSpecification","valueRequired":true,"valueName":"search_term_string"}}],"inLanguage":"fr-FR"},{"@type":"Organization","@id":"https:\/\/visit.santcugat.cat\/fr\/#organization","name":"Visit Sant Cugat - Turisme de Sant Cugat - Barcelona","url":"https:\/\/visit.santcugat.cat\/fr\/","logo":{"@type":"ImageObject","inLanguage":"fr-FR","@id":"https:\/\/visit.santcugat.cat\/fr\/#\/schema\/logo\/image\/","url":"https:\/\/visit.santcugat.cat\/wp-content\/uploads\/2020\/09\/logo.png","contentUrl":"https:\/\/visit.santcugat.cat\/wp-content\/uploads\/2020\/09\/logo.png","width":200,"height":44,"caption":"Visit Sant Cugat - Turisme de Sant Cugat - Barcelona"},"image":{"@id":"https:\/\/visit.santcugat.cat\/fr\/#\/schema\/logo\/image\/"},"sameAs":["https:\/\/www.facebook.com\/visitsantcugat\/","https:\/\/x.com\/ajsantcugat","https:\/\/www.instagram.com\/visitsantcugat\/","https:\/\/ca.wikipedia.org\/wiki\/Sant_Cugat_del_Vall\u00e8s"]}]}},"_links":{"self":[{"href":"https:\/\/visit.santcugat.cat\/fr\/wp-json\/wp\/v2\/pages\/10746","targetHints":{"allow":["GET"]}}],"collection":[{"href":"https:\/\/visit.santcugat.cat\/fr\/wp-json\/wp\/v2\/pages"}],"about":[{"href":"https:\/\/visit.santcugat.cat\/fr\/wp-json\/wp\/v2\/types\/page"}],"author":[{"embeddable":true,"href":"https:\/\/visit.santcugat.cat\/fr\/wp-json\/wp\/v2\/users\/2"}],"replies":[{"embeddable":true,"href":"https:\/\/visit.santcugat.cat\/fr\/wp-json\/wp\/v2\/comments?post=10746"}],"version-history":[{"count":4,"href":"https:\/\/visit.santcugat.cat\/fr\/wp-json\/wp\/v2\/pages\/10746\/revisions"}],"predecessor-version":[{"id":40063,"href":"https:\/\/visit.santcugat.cat\/fr\/wp-json\/wp\/v2\/pages\/10746\/revisions\/40063"}],"up":[{"embeddable":true,"href":"https:\/\/visit.santcugat.cat\/fr\/wp-json\/wp\/v2\/pages\/10127"}],"wp:attachment":[{"href":"https:\/\/visit.santcugat.cat\/fr\/wp-json\/wp\/v2\/media?parent=10746"}],"curies":[{"name":"wp","href":"https:\/\/api.w.org\/{rel}","templated":true}]}}