{"id":10155,"date":"2016-12-14T21:29:16","date_gmt":"2016-12-14T21:29:16","guid":{"rendered":"https:\/\/visit.santcugat.cat\/multimedia\/"},"modified":"2024-09-23T12:08:36","modified_gmt":"2024-09-23T10:08:36","slug":"multimedia","status":"publish","type":"page","link":"https:\/\/visit.santcugat.cat\/fr\/multimedia\/","title":{"rendered":"Multim\u00e9dia"},"content":{"rendered":"<p><div class=\"fusion-fullwidth fullwidth-box fusion-builder-row-1 hundred-percent-fullwidth non-hundred-percent-height-scrolling\" style=\"--awb-background-position:left top;--awb-border-sizes-top:0px;--awb-border-sizes-bottom:0px;--awb-border-sizes-left:0px;--awb-border-sizes-right:0px;--awb-border-radius-top-left:0px;--awb-border-radius-top-right:0px;--awb-border-radius-bottom-right:0px;--awb-border-radius-bottom-left:0px;--awb-flex-wrap:wrap;\" ><div class=\"fusion-builder-row fusion-row\"><div class=\"fusion-layout-column fusion_builder_column fusion-builder-column-0 fusion_builder_column_1_1 1_1 fusion-one-full fusion-column-first fusion-column-last\" style=\"--awb-padding-top:20px;--awb-padding-right:40px;--awb-padding-bottom:20px;--awb-padding-left:40px;--awb-bg-color:#ffffff;--awb-bg-color-hover:#ffffff;--awb-bg-size:cover;--awb-border-color:#dddddd;--awb-border-top:1px;--awb-border-right:1px;--awb-border-bottom:1px;--awb-border-left:1px;--awb-border-style:solid;\"><div class=\"fusion-column-wrapper fusion-flex-column-wrapper-legacy\"><div class=\"fusion-column-content-centered\"><div class=\"fusion-column-content\"><div class=\"fusion-title title fusion-title-1 fusion-sep-none fusion-title-text fusion-title-size-two\" style=\"--awb-margin-top-small:0px;--awb-margin-bottom-small:20px;\"><h2 class=\"fusion-title-heading title-heading-left fusion-responsive-typography-calculated\" style=\"margin:0;--fontSize:26;line-height:1.69;\">VIENS VIVRE SANT CUGAT<\/h2><\/div><div class=\"fusion-text fusion-text-1\"><p style=\"text-align: left;\">Visite notre ville \u00e0 travers des vid\u00e9os, des visites virtuelles et les images que nous avons s\u00e9lectionn\u00e9es.<\/p>\n<\/div><\/div><\/div><div class=\"fusion-clearfix\"><\/div><\/div><\/div><\/div><\/div><div class=\"fusion-fullwidth fullwidth-box fusion-builder-row-2 nonhundred-percent-fullwidth non-hundred-percent-height-scrolling\" style=\"--awb-border-radius-top-left:0px;--awb-border-radius-top-right:0px;--awb-border-radius-bottom-right:0px;--awb-border-radius-bottom-left:0px;--awb-flex-wrap:wrap;\" id=\"custom_improved_grid\" ><div class=\"fusion-builder-row fusion-row\"><div class=\"fusion-layout-column fusion_builder_column fusion-builder-column-1 fusion_builder_column_1_2 1_2 fusion-one-half fusion-column-first\" style=\"--awb-bg-color:#ffffff;--awb-bg-color-hover:#ffffff;--awb-bg-size:cover;--awb-border-color:#f8f8f8;--awb-border-top:1px;--awb-border-right:1px;--awb-border-bottom:1px;--awb-border-left:1px;--awb-border-style:solid;--awb-margin-bottom:3%;width:48%; margin-right: 4%;\" data-scroll-devices=\"small-visibility,medium-visibility,large-visibility\"><div class=\"fusion-column-wrapper fusion-column-has-shadow fusion-flex-column-wrapper-legacy\"><div class=\"fusion-image-element fusion-image-align-center in-legacy-container\" style=\"text-align:center;--awb-caption-title-font-family:var(--h2_typography-font-family);--awb-caption-title-font-weight:var(--h2_typography-font-weight);--awb-caption-title-font-style:var(--h2_typography-font-style);--awb-caption-title-size:var(--h2_typography-font-size);--awb-caption-title-transform:var(--h2_typography-text-transform);--awb-caption-title-line-height:var(--h2_typography-line-height);--awb-caption-title-letter-spacing:var(--h2_typography-letter-spacing);\"><div class=\"imageframe-align-center\"><span class=\" fusion-imageframe imageframe-none imageframe-1 hover-type-none\" style=\"border:1px solid rgba(246,246,246,0);\"><a class=\"fusion-no-lightbox\" href=\"https:\/\/visit.santcugat.cat\/fr\/multimedia\/videos-de-sant-cugat\/\" target=\"_self\" aria-label=\"FOTO:MAN\u00c9 ESPINOSA. MUSEU DE SANT CUGAT.\"><img decoding=\"async\" width=\"575\" height=\"314\" alt=\"Multim\u00e9dia. Mus\u00e9e du Monast\u00e8re de Sant Cugat\" src=\"https:\/\/visit.santcugat.cat\/wp-content\/uploads\/2016\/12\/28bMUSEU.jpg\" class=\"img-responsive wp-image-17976\" srcset=\"https:\/\/visit.santcugat.cat\/wp-content\/uploads\/2016\/12\/28bMUSEU-200x109.jpg 200w, https:\/\/visit.santcugat.cat\/wp-content\/uploads\/2016\/12\/28bMUSEU-400x218.jpg 400w, https:\/\/visit.santcugat.cat\/wp-content\/uploads\/2016\/12\/28bMUSEU.jpg 575w\" sizes=\"(max-width: 800px) 100vw, 575px\" \/><\/a><\/span><\/div><\/div><div class=\"fusion-text fusion-text-2\"><h3 style=\"margin: 5% 0% 2.75%; text-align: center;\"><a href=\"https:\/\/visit.santcugat.cat\/multimedia\/video\/\">Vid\u00e9os<\/a><\/h3>\n<\/div><div class=\"fusion-clearfix\"><\/div><\/div><\/div><div class=\"fusion-layout-column fusion_builder_column fusion-builder-column-2 fusion_builder_column_1_2 1_2 fusion-one-half fusion-column-last\" style=\"--awb-bg-color:#ffffff;--awb-bg-color-hover:#ffffff;--awb-bg-size:cover;--awb-border-color:#f8f8f8;--awb-border-top:1px;--awb-border-right:1px;--awb-border-bottom:1px;--awb-border-left:1px;--awb-border-style:solid;--awb-margin-bottom:3%;width:48%;\"><div class=\"fusion-column-wrapper fusion-flex-column-wrapper-legacy\"><div class=\"fusion-image-element fusion-image-align-center in-legacy-container\" style=\"text-align:center;--awb-caption-title-font-family:var(--h2_typography-font-family);--awb-caption-title-font-weight:var(--h2_typography-font-weight);--awb-caption-title-font-style:var(--h2_typography-font-style);--awb-caption-title-size:var(--h2_typography-font-size);--awb-caption-title-transform:var(--h2_typography-text-transform);--awb-caption-title-line-height:var(--h2_typography-line-height);--awb-caption-title-letter-spacing:var(--h2_typography-letter-spacing);\"><div class=\"imageframe-align-center\"><span class=\" fusion-imageframe imageframe-none imageframe-2 hover-type-none\" style=\"border:1px solid rgba(246,246,246,0);\"><a class=\"fusion-no-lightbox\" href=\"https:\/\/visit.santcugat.cat\/fr\/multimedia\/visites-virtuelles\/\" target=\"_self\" aria-label=\"IMATGES DEL CELLER COOPERATIU DE SANT CUGAT. FOTO:MAN\u00c9 ESPINOSA\"><img decoding=\"async\" width=\"575\" height=\"314\" alt=\"Le Cellier Art nouveau Sant Cugat del Vall\u00e8s\" src=\"https:\/\/visit.santcugat.cat\/wp-content\/uploads\/2016\/12\/29CELLER.jpg\" class=\"img-responsive wp-image-16184\" srcset=\"https:\/\/visit.santcugat.cat\/wp-content\/uploads\/2016\/12\/29CELLER-200x109.jpg 200w, https:\/\/visit.santcugat.cat\/wp-content\/uploads\/2016\/12\/29CELLER-400x218.jpg 400w, https:\/\/visit.santcugat.cat\/wp-content\/uploads\/2016\/12\/29CELLER.jpg 575w\" sizes=\"(max-width: 800px) 100vw, 575px\" \/><\/a><\/span><\/div><\/div><div class=\"fusion-text fusion-text-3\"><h3 style=\"margin: 5% 0% 2.75%; text-align: center;\"><a href=\"https:\/\/visit.santcugat.cat\/multimedia\/visites-virtuals\/\">Visites virtuelles<\/a><\/h3>\n<\/div><div class=\"fusion-clearfix\"><\/div><\/div><\/div><\/div><\/div><\/p>\n","protected":false},"excerpt":{"rendered":"","protected":false},"author":2,"featured_media":0,"parent":0,"menu_order":0,"comment_status":"closed","ping_status":"closed","template":"","meta":{"_joinchat":[],"footnotes":""},"class_list":["post-10155","page","type-page","status-publish","hentry"],"yoast_head":"<!-- This site is optimized with the Yoast SEO plugin v27.3 - https:\/\/yoast.com\/product\/yoast-seo-wordpress\/ -->\n<title>V\u00edd\u00e9os Visites Virtuelles. Sant Cugat tout pr\u00e8s de Barcelone<\/title>\n<meta name=\"description\" content=\"Multim\u00e9dia Sant Cugat. Visite notre ville \u00e0 travers des vid\u00e9os, des visites virtuelles et les images que nous avons s\u00e9lectionn\u00e9es.\" \/>\n<meta name=\"robots\" content=\"noindex, follow\" \/>\n<meta property=\"og:locale\" content=\"fr_FR\" \/>\n<meta property=\"og:type\" content=\"article\" \/>\n<meta property=\"og:title\" content=\"V\u00edd\u00e9os Visites Virtuelles. Sant Cugat tout pr\u00e8s de Barcelone\" \/>\n<meta property=\"og:description\" content=\"Multim\u00e9dia Sant Cugat. Visite notre ville \u00e0 travers des vid\u00e9os, des visites virtuelles et les images que nous avons s\u00e9lectionn\u00e9es.\" \/>\n<meta property=\"og:url\" content=\"https:\/\/visit.santcugat.cat\/fr\/multimedia\/\" \/>\n<meta property=\"og:site_name\" content=\"Visit Sant Cugat\" \/>\n<meta property=\"article:publisher\" content=\"https:\/\/www.facebook.com\/visitsantcugat\/\" \/>\n<meta property=\"article:modified_time\" content=\"2024-09-23T10:08:36+00:00\" \/>\n<meta property=\"og:image\" content=\"https:\/\/visit.santcugat.cat\/wp-content\/uploads\/2023\/03\/CLAUSTRE-MONASTERIO-DE-SANT-CUGAT_resultado.webp\" \/>\n\t<meta property=\"og:image:width\" content=\"984\" \/>\n\t<meta property=\"og:image:height\" content=\"502\" \/>\n\t<meta property=\"og:image:type\" content=\"image\/webp\" \/>\n<meta name=\"twitter:card\" content=\"summary_large_image\" \/>\n<meta name=\"twitter:site\" content=\"@ajsantcugat\" \/>\n<meta name=\"twitter:label1\" content=\"Dur\u00e9e de lecture estim\u00e9e\" \/>\n\t<meta name=\"twitter:data1\" content=\"1 minute\" \/>\n<script type=\"application\/ld+json\" class=\"yoast-schema-graph\">{\"@context\":\"https:\\\/\\\/schema.org\",\"@graph\":[{\"@type\":\"WebPage\",\"@id\":\"https:\\\/\\\/visit.santcugat.cat\\\/fr\\\/multimedia\\\/\",\"url\":\"https:\\\/\\\/visit.santcugat.cat\\\/fr\\\/multimedia\\\/\",\"name\":\"V\u00edd\u00e9os Visites Virtuelles. Sant Cugat tout pr\u00e8s de Barcelone\",\"isPartOf\":{\"@id\":\"https:\\\/\\\/visit.santcugat.cat\\\/es\\\/#website\"},\"datePublished\":\"2016-12-14T21:29:16+00:00\",\"dateModified\":\"2024-09-23T10:08:36+00:00\",\"description\":\"Multim\u00e9dia Sant Cugat. Visite notre ville \u00e0 travers des vid\u00e9os, des visites virtuelles et les images que nous avons s\u00e9lectionn\u00e9es.\",\"breadcrumb\":{\"@id\":\"https:\\\/\\\/visit.santcugat.cat\\\/fr\\\/multimedia\\\/#breadcrumb\"},\"inLanguage\":\"fr-FR\",\"potentialAction\":[{\"@type\":\"ReadAction\",\"target\":[\"https:\\\/\\\/visit.santcugat.cat\\\/fr\\\/multimedia\\\/\"]}]},{\"@type\":\"BreadcrumbList\",\"@id\":\"https:\\\/\\\/visit.santcugat.cat\\\/fr\\\/multimedia\\\/#breadcrumb\",\"itemListElement\":[{\"@type\":\"ListItem\",\"position\":1,\"name\":\"Inici\",\"item\":\"https:\\\/\\\/visit.santcugat.cat\\\/fr\\\/\"},{\"@type\":\"ListItem\",\"position\":2,\"name\":\"Multim\u00e9dia\"}]},{\"@type\":\"WebSite\",\"@id\":\"https:\\\/\\\/visit.santcugat.cat\\\/es\\\/#website\",\"url\":\"https:\\\/\\\/visit.santcugat.cat\\\/es\\\/\",\"name\":\"Visit Sant Cugat\",\"description\":\"Turisme de Sant Cugat\",\"publisher\":{\"@id\":\"https:\\\/\\\/visit.santcugat.cat\\\/es\\\/#organization\"},\"potentialAction\":[{\"@type\":\"SearchAction\",\"target\":{\"@type\":\"EntryPoint\",\"urlTemplate\":\"https:\\\/\\\/visit.santcugat.cat\\\/es\\\/?s={search_term_string}\"},\"query-input\":{\"@type\":\"PropertyValueSpecification\",\"valueRequired\":true,\"valueName\":\"search_term_string\"}}],\"inLanguage\":\"fr-FR\"},{\"@type\":\"Organization\",\"@id\":\"https:\\\/\\\/visit.santcugat.cat\\\/es\\\/#organization\",\"name\":\"Visit Sant Cugat - Turisme de Sant Cugat - Barcelona\",\"url\":\"https:\\\/\\\/visit.santcugat.cat\\\/es\\\/\",\"logo\":{\"@type\":\"ImageObject\",\"inLanguage\":\"fr-FR\",\"@id\":\"https:\\\/\\\/visit.santcugat.cat\\\/es\\\/#\\\/schema\\\/logo\\\/image\\\/\",\"url\":\"https:\\\/\\\/visit.santcugat.cat\\\/wp-content\\\/uploads\\\/2020\\\/09\\\/logo.png\",\"contentUrl\":\"https:\\\/\\\/visit.santcugat.cat\\\/wp-content\\\/uploads\\\/2020\\\/09\\\/logo.png\",\"width\":200,\"height\":44,\"caption\":\"Visit Sant Cugat - Turisme de Sant Cugat - Barcelona\"},\"image\":{\"@id\":\"https:\\\/\\\/visit.santcugat.cat\\\/es\\\/#\\\/schema\\\/logo\\\/image\\\/\"},\"sameAs\":[\"https:\\\/\\\/www.facebook.com\\\/visitsantcugat\\\/\",\"https:\\\/\\\/x.com\\\/ajsantcugat\",\"https:\\\/\\\/www.instagram.com\\\/visitsantcugat\\\/\",\"https:\\\/\\\/ca.wikipedia.org\\\/wiki\\\/Sant_Cugat_del_Vall\u00e8s\"]}]}<\/script>\n<!-- \/ Yoast SEO plugin. -->","yoast_head_json":{"title":"V\u00edd\u00e9os Visites Virtuelles. Sant Cugat tout pr\u00e8s de Barcelone","description":"Multim\u00e9dia Sant Cugat. Visite notre ville \u00e0 travers des vid\u00e9os, des visites virtuelles et les images que nous avons s\u00e9lectionn\u00e9es.","robots":{"index":"noindex","follow":"follow"},"og_locale":"fr_FR","og_type":"article","og_title":"V\u00edd\u00e9os Visites Virtuelles. Sant Cugat tout pr\u00e8s de Barcelone","og_description":"Multim\u00e9dia Sant Cugat. Visite notre ville \u00e0 travers des vid\u00e9os, des visites virtuelles et les images que nous avons s\u00e9lectionn\u00e9es.","og_url":"https:\/\/visit.santcugat.cat\/fr\/multimedia\/","og_site_name":"Visit Sant Cugat","article_publisher":"https:\/\/www.facebook.com\/visitsantcugat\/","article_modified_time":"2024-09-23T10:08:36+00:00","og_image":[{"width":984,"height":502,"url":"https:\/\/visit.santcugat.cat\/wp-content\/uploads\/2023\/03\/CLAUSTRE-MONASTERIO-DE-SANT-CUGAT_resultado.webp","type":"image\/webp"}],"twitter_card":"summary_large_image","twitter_site":"@ajsantcugat","twitter_misc":{"Dur\u00e9e de lecture estim\u00e9e":"1 minute"},"schema":{"@context":"https:\/\/schema.org","@graph":[{"@type":"WebPage","@id":"https:\/\/visit.santcugat.cat\/fr\/multimedia\/","url":"https:\/\/visit.santcugat.cat\/fr\/multimedia\/","name":"V\u00edd\u00e9os Visites Virtuelles. Sant Cugat tout pr\u00e8s de Barcelone","isPartOf":{"@id":"https:\/\/visit.santcugat.cat\/es\/#website"},"datePublished":"2016-12-14T21:29:16+00:00","dateModified":"2024-09-23T10:08:36+00:00","description":"Multim\u00e9dia Sant Cugat. Visite notre ville \u00e0 travers des vid\u00e9os, des visites virtuelles et les images que nous avons s\u00e9lectionn\u00e9es.","breadcrumb":{"@id":"https:\/\/visit.santcugat.cat\/fr\/multimedia\/#breadcrumb"},"inLanguage":"fr-FR","potentialAction":[{"@type":"ReadAction","target":["https:\/\/visit.santcugat.cat\/fr\/multimedia\/"]}]},{"@type":"BreadcrumbList","@id":"https:\/\/visit.santcugat.cat\/fr\/multimedia\/#breadcrumb","itemListElement":[{"@type":"ListItem","position":1,"name":"Inici","item":"https:\/\/visit.santcugat.cat\/fr\/"},{"@type":"ListItem","position":2,"name":"Multim\u00e9dia"}]},{"@type":"WebSite","@id":"https:\/\/visit.santcugat.cat\/es\/#website","url":"https:\/\/visit.santcugat.cat\/es\/","name":"Visit Sant Cugat","description":"Turisme de Sant Cugat","publisher":{"@id":"https:\/\/visit.santcugat.cat\/es\/#organization"},"potentialAction":[{"@type":"SearchAction","target":{"@type":"EntryPoint","urlTemplate":"https:\/\/visit.santcugat.cat\/es\/?s={search_term_string}"},"query-input":{"@type":"PropertyValueSpecification","valueRequired":true,"valueName":"search_term_string"}}],"inLanguage":"fr-FR"},{"@type":"Organization","@id":"https:\/\/visit.santcugat.cat\/es\/#organization","name":"Visit Sant Cugat - Turisme de Sant Cugat - Barcelona","url":"https:\/\/visit.santcugat.cat\/es\/","logo":{"@type":"ImageObject","inLanguage":"fr-FR","@id":"https:\/\/visit.santcugat.cat\/es\/#\/schema\/logo\/image\/","url":"https:\/\/visit.santcugat.cat\/wp-content\/uploads\/2020\/09\/logo.png","contentUrl":"https:\/\/visit.santcugat.cat\/wp-content\/uploads\/2020\/09\/logo.png","width":200,"height":44,"caption":"Visit Sant Cugat - Turisme de Sant Cugat - Barcelona"},"image":{"@id":"https:\/\/visit.santcugat.cat\/es\/#\/schema\/logo\/image\/"},"sameAs":["https:\/\/www.facebook.com\/visitsantcugat\/","https:\/\/x.com\/ajsantcugat","https:\/\/www.instagram.com\/visitsantcugat\/","https:\/\/ca.wikipedia.org\/wiki\/Sant_Cugat_del_Vall\u00e8s"]}]}},"_links":{"self":[{"href":"https:\/\/visit.santcugat.cat\/fr\/wp-json\/wp\/v2\/pages\/10155","targetHints":{"allow":["GET"]}}],"collection":[{"href":"https:\/\/visit.santcugat.cat\/fr\/wp-json\/wp\/v2\/pages"}],"about":[{"href":"https:\/\/visit.santcugat.cat\/fr\/wp-json\/wp\/v2\/types\/page"}],"author":[{"embeddable":true,"href":"https:\/\/visit.santcugat.cat\/fr\/wp-json\/wp\/v2\/users\/2"}],"replies":[{"embeddable":true,"href":"https:\/\/visit.santcugat.cat\/fr\/wp-json\/wp\/v2\/comments?post=10155"}],"version-history":[{"count":4,"href":"https:\/\/visit.santcugat.cat\/fr\/wp-json\/wp\/v2\/pages\/10155\/revisions"}],"predecessor-version":[{"id":40901,"href":"https:\/\/visit.santcugat.cat\/fr\/wp-json\/wp\/v2\/pages\/10155\/revisions\/40901"}],"wp:attachment":[{"href":"https:\/\/visit.santcugat.cat\/fr\/wp-json\/wp\/v2\/media?parent=10155"}],"curies":[{"name":"wp","href":"https:\/\/api.w.org\/{rel}","templated":true}]}}