{"id":10149,"date":"2016-12-21T17:22:15","date_gmt":"2016-12-21T17:22:15","guid":{"rendered":"https:\/\/visit.santcugat.cat\/mouret-per-la-ciutat\/"},"modified":"2024-09-23T11:51:21","modified_gmt":"2024-09-23T09:51:21","slug":"se-deplacer-dans-la-ville","status":"publish","type":"page","link":"https:\/\/visit.santcugat.cat\/fr\/se-deplacer-dans-la-ville\/","title":{"rendered":"Se d\u00e9placer dans la ville"},"content":{"rendered":"<p><div class=\"fusion-fullwidth fullwidth-box fusion-builder-row-1 hundred-percent-fullwidth non-hundred-percent-height-scrolling\" style=\"--awb-border-radius-top-left:0px;--awb-border-radius-top-right:0px;--awb-border-radius-bottom-right:0px;--awb-border-radius-bottom-left:0px;--awb-padding-top:20px;--awb-padding-bottom:20px;--awb-margin-top:5px;--awb-flex-wrap:wrap;\" ><div class=\"fusion-builder-row fusion-row\"><div class=\"fusion-layout-column fusion_builder_column fusion-builder-column-0 fusion_builder_column_1_1 1_1 fusion-one-full fusion-column-first fusion-column-last\" style=\"--awb-padding-top:10px;--awb-padding-right:40px;--awb-padding-bottom:10px;--awb-padding-left:40px;--awb-bg-color:#ffffff;--awb-bg-color-hover:#ffffff;--awb-bg-size:cover;--awb-margin-top:5px;--awb-margin-bottom:5px;\"><div class=\"fusion-column-wrapper fusion-flex-column-wrapper-legacy\"><div class=\"fusion-title title fusion-title-1 fusion-sep-none fusion-title-text fusion-title-size-two\"><h2 class=\"fusion-title-heading title-heading-left fusion-responsive-typography-calculated\" style=\"margin:0;--fontSize:26;line-height:1.69;\">\u00c0 SANT CUGAT NOUS AIMONS MARCHER OU UTILISER LES TRANSPORTS \u00c9COLOGIQUES<\/h2><\/div><div class=\"fusion-text fusion-text-1\"><p style=\"background: white;\"><span lang=\"FR\" style=\"font-family: Arial; color: black;\">Pas de doute, la meilleure mani\u00e8re de te d\u00e9placer dans Sant Cugat c\u2019est la marche ou la bicyclette. Et si tu dois aller dans l\u2019un des quartiers sur les collines ou plus \u00e9loign\u00e9 du centre, utilise les transports publics.<\/span><\/p>\n<\/div><div class=\"fusion-clearfix\"><\/div><\/div><\/div><div class=\"fusion-layout-column fusion_builder_column fusion-builder-column-1 fusion_builder_column_1_3 1_3 fusion-one-third fusion-column-first\" style=\"--awb-bg-size:cover;--awb-margin-top:5px;--awb-margin-bottom:5px;width:33.333333333333%;width:calc(33.333333333333% - ( ( 4% + 4% ) * 0.33333333333333 ) );margin-right: 4%;\"><div class=\"fusion-column-wrapper fusion-flex-column-wrapper-legacy\"><div class=\"fusion-image-element in-legacy-container\" style=\"--awb-caption-title-font-family:var(--h2_typography-font-family);--awb-caption-title-font-weight:var(--h2_typography-font-weight);--awb-caption-title-font-style:var(--h2_typography-font-style);--awb-caption-title-size:var(--h2_typography-font-size);--awb-caption-title-transform:var(--h2_typography-text-transform);--awb-caption-title-line-height:var(--h2_typography-line-height);--awb-caption-title-letter-spacing:var(--h2_typography-letter-spacing);\"><span class=\" fusion-imageframe imageframe-none imageframe-1 hover-type-none\"><img decoding=\"async\" width=\"1024\" height=\"768\" alt=\"Parcourir \u00e0 pied le centre-ville.\" title=\"SANT CUGAT\" src=\"https:\/\/visit.santcugat.cat\/wp-content\/uploads\/2016\/12\/4GENT.jpg\" class=\"img-responsive wp-image-29118\" srcset=\"https:\/\/visit.santcugat.cat\/wp-content\/uploads\/2016\/12\/4GENT-200x150.jpg 200w, https:\/\/visit.santcugat.cat\/wp-content\/uploads\/2016\/12\/4GENT-400x300.jpg 400w, https:\/\/visit.santcugat.cat\/wp-content\/uploads\/2016\/12\/4GENT-600x450.jpg 600w, https:\/\/visit.santcugat.cat\/wp-content\/uploads\/2016\/12\/4GENT-800x600.jpg 800w, https:\/\/visit.santcugat.cat\/wp-content\/uploads\/2016\/12\/4GENT.jpg 1024w\" sizes=\"(max-width: 800px) 100vw, 400px\" \/><\/span><\/div><div class=\"fusion-reading-box-container reading-box-container-1\" style=\"--awb-title-color:#3b4251;--awb-margin-top:0px;--awb-margin-bottom:0px;\"><div class=\"reading-box\" style=\"background-color:#ffffff;border-width:1px;border-color:#aaaaaa;border-bottom-width:3px;border-bottom-color:var(--primary_color);border-style:solid;\"><h2>\u00c0 pied<\/h2><div class=\"reading-box-additional fusion-reading-box-additional\">\n<p>Le centre de Sant Cugat est pi\u00e9tonnier, tu profiteras de l\u2019offre culturelle, gastronomique ou de loisirs sans \u00eatre g\u00ean\u00e9 par la circulation des v\u00e9hicules.<\/p>\n<div class=\"fusion-sep-clear\"><\/div><div class=\"fusion-separator fusion-full-width-sep\" style=\"margin-left: auto;margin-right: auto;margin-top:52px;margin-bottom:52px;width:100%;\"><\/div><div class=\"fusion-sep-clear\"><\/div>\n<\/div><div class=\"fusion-clearfix\"><\/div><\/div><\/div><div class=\"fusion-clearfix\"><\/div><\/div><\/div><div class=\"fusion-layout-column fusion_builder_column fusion-builder-column-2 fusion_builder_column_1_3 1_3 fusion-one-third\" style=\"--awb-bg-size:cover;--awb-margin-top:5px;--awb-margin-bottom:5px;width:33.333333333333%;width:calc(33.333333333333% - ( ( 4% + 4% ) * 0.33333333333333 ) );margin-right: 4%;\"><div class=\"fusion-column-wrapper fusion-flex-column-wrapper-legacy\"><div class=\"fusion-image-element in-legacy-container\" style=\"--awb-caption-title-font-family:var(--h2_typography-font-family);--awb-caption-title-font-weight:var(--h2_typography-font-weight);--awb-caption-title-font-style:var(--h2_typography-font-style);--awb-caption-title-size:var(--h2_typography-font-size);--awb-caption-title-transform:var(--h2_typography-text-transform);--awb-caption-title-line-height:var(--h2_typography-line-height);--awb-caption-title-letter-spacing:var(--h2_typography-letter-spacing);\"><span class=\" fusion-imageframe imageframe-none imageframe-2 hover-type-none\"><img decoding=\"async\" width=\"1024\" height=\"768\" alt=\"Ferrocarrils du Gouvernement autonome de la Catalogne (FGC) Sant Cugat\" title=\"SANT CUGAT\" src=\"https:\/\/visit.santcugat.cat\/wp-content\/uploads\/2016\/12\/1FGC-e1653644513671.jpg\" class=\"img-responsive wp-image-29112\"\/><\/span><\/div><div class=\"fusion-reading-box-container reading-box-container-2\" style=\"--awb-title-color:#3b4251;--awb-margin-top:0px;--awb-margin-bottom:0px;\"><div class=\"reading-box\" style=\"background-color:#ffffff;border-width:1px;border-color:#aaaaaa;border-bottom-width:3px;border-bottom-color:var(--primary_color);border-style:solid;\"><h2>En ferrocarril<\/h2><div class=\"reading-box-additional fusion-reading-box-additional\">\n<p>Les Ferrocarrils du Gouvernement autonome de la Catalogne (FGC) de la ligne Barcelone \u2013 Vall\u00e8s (S1, S2, S5 et S55) ont sept arr\u00eats dans la municipalit\u00e9 : La Floresta, Valldoreix, Sant Cugat, Volpelleres, Sant Joan, Mira-sol et Hospital General. Ils fonctionnent avec la souplesse d\u2019un m\u00e9tro.<\/p>\n<\/div><div class=\"fusion-clearfix\"><\/div><\/div><\/div><div class=\"fusion-clearfix\"><\/div><\/div><\/div><div class=\"fusion-layout-column fusion_builder_column fusion-builder-column-3 fusion_builder_column_1_3 1_3 fusion-one-third fusion-column-last\" style=\"--awb-bg-size:cover;--awb-margin-top:5px;--awb-margin-bottom:5px;width:33.333333333333%;width:calc(33.333333333333% - ( ( 4% + 4% ) * 0.33333333333333 ) );\"><div class=\"fusion-column-wrapper fusion-flex-column-wrapper-legacy\"><div class=\"fusion-image-element in-legacy-container\" style=\"--awb-caption-title-font-family:var(--h2_typography-font-family);--awb-caption-title-font-weight:var(--h2_typography-font-weight);--awb-caption-title-font-style:var(--h2_typography-font-style);--awb-caption-title-size:var(--h2_typography-font-size);--awb-caption-title-transform:var(--h2_typography-text-transform);--awb-caption-title-line-height:var(--h2_typography-line-height);--awb-caption-title-letter-spacing:var(--h2_typography-letter-spacing);\"><span class=\" fusion-imageframe imageframe-none imageframe-3 hover-type-none\"><img decoding=\"async\" width=\"1024\" height=\"768\" alt=\" Pistes cyclables de Sant Cugat\" title=\"1BTT\" src=\"https:\/\/visit.santcugat.cat\/wp-content\/uploads\/2016\/12\/1BTT.jpg\" class=\"img-responsive wp-image-10150\" srcset=\"https:\/\/visit.santcugat.cat\/wp-content\/uploads\/2016\/12\/1BTT-200x150.jpg 200w, https:\/\/visit.santcugat.cat\/wp-content\/uploads\/2016\/12\/1BTT-400x300.jpg 400w, https:\/\/visit.santcugat.cat\/wp-content\/uploads\/2016\/12\/1BTT-600x450.jpg 600w, https:\/\/visit.santcugat.cat\/wp-content\/uploads\/2016\/12\/1BTT-800x600.jpg 800w, https:\/\/visit.santcugat.cat\/wp-content\/uploads\/2016\/12\/1BTT.jpg 1024w\" sizes=\"(max-width: 800px) 100vw, 400px\" \/><\/span><\/div><div class=\"fusion-reading-box-container reading-box-container-3\" style=\"--awb-title-color:#3b4251;--awb-margin-top:0px;--awb-margin-bottom:0px;\"><div class=\"reading-box\" style=\"background-color:#ffffff;border-width:1px;border-color:#aaaaaa;border-bottom-width:3px;border-bottom-color:var(--primary_color);border-style:solid;\"><h2>En bicyclette<\/h2><div class=\"reading-box-additional fusion-reading-box-additional\">\n<p>L\u2019orographie plate, surtout dans le centre, et la pr\u00e9sence de plus de 30 km de pistes cyclables te permettront des d\u00e9placements ais\u00e9s et rapides. T\u00e9l\u00e9charge le<a href=\"https:\/\/visit.santcugat.cat\/wp-content\/uploads\/2017\/05\/CarrilBici_StC.pdf\" target=\"_blank\" rel=\"noopener noreferrer\">\u00a0plan de poche<\/a> des pistes cyclables.<\/p>\n<div class=\"fusion-sep-clear\"><\/div><div class=\"fusion-separator fusion-full-width-sep\" style=\"margin-left: auto;margin-right: auto;margin-top:22px;margin-bottom:16px;width:100%;\"><\/div><div class=\"fusion-sep-clear\"><\/div>\n<\/div><div class=\"fusion-clearfix\"><\/div><\/div><\/div><div class=\"fusion-clearfix\"><\/div><\/div><\/div><\/div><\/div><div class=\"fusion-fullwidth fullwidth-box fusion-builder-row-2 hundred-percent-fullwidth non-hundred-percent-height-scrolling\" style=\"--awb-border-radius-top-left:0px;--awb-border-radius-top-right:0px;--awb-border-radius-bottom-right:0px;--awb-border-radius-bottom-left:0px;--awb-padding-top:20px;--awb-padding-bottom:20px;--awb-margin-top:5px;--awb-margin-bottom:5px;--awb-flex-wrap:wrap;\" ><div class=\"fusion-builder-row fusion-row\"><div class=\"fusion-layout-column fusion_builder_column fusion-builder-column-4 fusion_builder_column_1_3 1_3 fusion-one-third fusion-column-first\" style=\"--awb-bg-size:cover;--awb-margin-top:5px;--awb-margin-bottom:5px;width:33.333333333333%;width:calc(33.333333333333% - ( ( 4% + 4% ) * 0.33333333333333 ) );margin-right: 4%;\"><div class=\"fusion-column-wrapper fusion-flex-column-wrapper-legacy\"><div class=\"fusion-image-element in-legacy-container\" style=\"--awb-caption-title-font-family:var(--h2_typography-font-family);--awb-caption-title-font-weight:var(--h2_typography-font-weight);--awb-caption-title-font-style:var(--h2_typography-font-style);--awb-caption-title-size:var(--h2_typography-font-size);--awb-caption-title-transform:var(--h2_typography-text-transform);--awb-caption-title-line-height:var(--h2_typography-line-height);--awb-caption-title-letter-spacing:var(--h2_typography-letter-spacing);\"><span class=\" fusion-imageframe imageframe-none imageframe-4 hover-type-none\"><img decoding=\"async\" width=\"1024\" height=\"768\" alt=\"Autobus Sant Cugat\" title=\"SANT CUGAT\" src=\"https:\/\/visit.santcugat.cat\/wp-content\/uploads\/2016\/12\/1TRANSPORT.jpg\" class=\"img-responsive wp-image-29119\" srcset=\"https:\/\/visit.santcugat.cat\/wp-content\/uploads\/2016\/12\/1TRANSPORT-200x150.jpg 200w, https:\/\/visit.santcugat.cat\/wp-content\/uploads\/2016\/12\/1TRANSPORT-400x300.jpg 400w, https:\/\/visit.santcugat.cat\/wp-content\/uploads\/2016\/12\/1TRANSPORT-600x450.jpg 600w, https:\/\/visit.santcugat.cat\/wp-content\/uploads\/2016\/12\/1TRANSPORT-800x600.jpg 800w, https:\/\/visit.santcugat.cat\/wp-content\/uploads\/2016\/12\/1TRANSPORT.jpg 1024w\" sizes=\"(max-width: 800px) 100vw, 400px\" \/><\/span><\/div><div class=\"fusion-reading-box-container reading-box-container-4\" style=\"--awb-title-color:#3b4251;--awb-margin-top:0px;--awb-margin-bottom:0px;\"><div class=\"reading-box\" style=\"background-color:#ffffff;border-width:1px;border-color:#aaaaaa;border-bottom-width:3px;border-bottom-color:var(--primary_color);border-style:solid;\"><h2>En autobus<\/h2><div class=\"reading-box-additional fusion-reading-box-additional\">\n<p>Le r\u00e9seau d\u2019autobus sillonne la ville.<br \/>\nTu peux consulter les horaires \u00e0 l\u2019adresse <a href=\"http:\/\/santqbus.santcugat.cat\/\" target=\"_blank\" rel=\"noopener nofollow\">santqbus.santcugat.cat<\/a>.<\/p>\n<\/div><div class=\"fusion-clearfix\"><\/div><\/div><\/div><div class=\"fusion-clearfix\"><\/div><\/div><\/div><div class=\"fusion-layout-column fusion_builder_column fusion-builder-column-5 fusion_builder_column_1_3 1_3 fusion-one-third\" style=\"--awb-bg-size:cover;--awb-margin-top:5px;--awb-margin-bottom:5px;width:33.333333333333%;width:calc(33.333333333333% - ( ( 4% + 4% ) * 0.33333333333333 ) );margin-right: 4%;\"><div class=\"fusion-column-wrapper fusion-flex-column-wrapper-legacy\"><div class=\"fusion-image-element in-legacy-container\" style=\"--awb-caption-title-font-family:var(--h2_typography-font-family);--awb-caption-title-font-weight:var(--h2_typography-font-weight);--awb-caption-title-font-style:var(--h2_typography-font-style);--awb-caption-title-size:var(--h2_typography-font-size);--awb-caption-title-transform:var(--h2_typography-text-transform);--awb-caption-title-line-height:var(--h2_typography-line-height);--awb-caption-title-letter-spacing:var(--h2_typography-letter-spacing);\"><span class=\" fusion-imageframe imageframe-none imageframe-5 hover-type-none\"><img decoding=\"async\" width=\"1024\" height=\"768\" alt=\"Taxis \u00e0 Sant Cugat del Vall\u00e8s\" title=\"Taxi_Electric_MC_1024\" src=\"https:\/\/visit.santcugat.cat\/wp-content\/uploads\/2016\/12\/Taxi_Electric_MC_1024.jpg\" class=\"img-responsive wp-image-29116\" srcset=\"https:\/\/visit.santcugat.cat\/wp-content\/uploads\/2016\/12\/Taxi_Electric_MC_1024-200x150.jpg 200w, https:\/\/visit.santcugat.cat\/wp-content\/uploads\/2016\/12\/Taxi_Electric_MC_1024-400x300.jpg 400w, https:\/\/visit.santcugat.cat\/wp-content\/uploads\/2016\/12\/Taxi_Electric_MC_1024-600x450.jpg 600w, https:\/\/visit.santcugat.cat\/wp-content\/uploads\/2016\/12\/Taxi_Electric_MC_1024-800x600.jpg 800w, https:\/\/visit.santcugat.cat\/wp-content\/uploads\/2016\/12\/Taxi_Electric_MC_1024.jpg 1024w\" sizes=\"(max-width: 800px) 100vw, 400px\" \/><\/span><\/div><div class=\"fusion-reading-box-container reading-box-container-5\" style=\"--awb-title-color:#3b4251;--awb-margin-top:0px;--awb-margin-bottom:0px;\"><div class=\"reading-box\" style=\"background-color:#ffffff;border-width:1px;border-color:#aaaaaa;border-bottom-width:3px;border-bottom-color:var(--primary_color);border-style:solid;\"><h2>En taxi<\/h2><div class=\"reading-box-additional fusion-reading-box-additional\">\n<p>Plusieurs entreprises de taxis op\u00e8rent dans toute la zone m\u00e9tropolitaine de Barcelone.<div class=\"fusion-fa-align-right\"><i class=\"fb-icon-element-1 fb-icon-element fontawesome-icon fa fa-chevron-right circle-no\" style=\"--awb-iconcolor:#8bc34a;--awb-iconcolor-hover:#8bc34a;--awb-font-size:32px;--awb-margin-left:16px;\"><\/i><\/div>\n<\/div><div class=\"fusion-clearfix\"><\/div><\/div><\/div><div class=\"fusion-clearfix\"><\/div><\/div><\/div><div class=\"fusion-layout-column fusion_builder_column fusion-builder-column-6 fusion_builder_column_1_3 1_3 fusion-one-third fusion-column-last\" style=\"--awb-bg-size:cover;--awb-margin-top:5px;--awb-margin-bottom:5px;width:33.333333333333%;width:calc(33.333333333333% - ( ( 4% + 4% ) * 0.33333333333333 ) );\"><div class=\"fusion-column-wrapper fusion-flex-column-wrapper-legacy\"><div class=\"fusion-reading-box-container reading-box-container-6\" style=\"--awb-title-color:#3b4251;--awb-margin-top:0px;--awb-margin-bottom:0px;\"><div class=\"reading-box\" style=\"background-color:#ffffff;border-width:1px;border-color:#aaaaaa;border-bottom-width:3px;border-bottom-color:var(--primary_color);border-style:solid;\"><div class=\"reading-box-additional\">\n<p>R\u00e0dio Taxi Sant Cugat<br \/>\nT\u00e9l.\u00a0+(34) 935 894 422<br \/>\n+(34) 936 741 111<br \/>\nreservas@radiotaxisantcugat.com<\/p>\n<p>Il existe six arr\u00eats de taxi\u00a0: \u00e0 c\u00f4t\u00e9 du CAP Sant Cugat (rue de la Mina), \u00e0 la gare de FGC de Sant Cugat (rue Andana), \u00e0 la gare de FGC de Valldoreix (rue de l\u2019Esgl\u00e9sia), \u00e0 l\u2019AC H\u00d4TEL (place Xavier Cugat), dans la rue C\u00e8sar Martinell et \u00e0 l\u2019H\u00f4pital g\u00e9n\u00e9ral de Catalogne.<\/p>\n<\/div><div class=\"fusion-clearfix\"><\/div><\/div><\/div><div class=\"fusion-clearfix\"><\/div><\/div><\/div><\/div><\/div><\/p>\n","protected":false},"excerpt":{"rendered":"","protected":false},"author":2,"featured_media":0,"parent":0,"menu_order":0,"comment_status":"closed","ping_status":"closed","template":"","meta":{"_joinchat":[],"footnotes":""},"class_list":["post-10149","page","type-page","status-publish","hentry"],"yoast_head":"<!-- This site is optimized with the Yoast SEO plugin v27.3 - https:\/\/yoast.com\/product\/yoast-seo-wordpress\/ -->\n<title>Se d\u00e9placer dans la ville de Sant Cugat - Visit Sant Cugat<\/title>\n<meta name=\"description\" content=\"Se d\u00e9placer dans la ville de Sant Cugat, la meilleure mani\u00e8re c\u2019est la marche ou la bicyclette. La ville \u00e015 minutes de Barcelone\" \/>\n<meta name=\"robots\" content=\"index, follow, max-snippet:-1, max-image-preview:large, max-video-preview:-1\" \/>\n<link rel=\"canonical\" href=\"https:\/\/visit.santcugat.cat\/fr\/se-deplacer-dans-la-ville\/\" \/>\n<meta property=\"og:locale\" content=\"fr_FR\" \/>\n<meta property=\"og:type\" content=\"article\" \/>\n<meta property=\"og:title\" content=\"Se d\u00e9placer dans la ville de Sant Cugat - Visit Sant Cugat\" \/>\n<meta property=\"og:description\" content=\"Se d\u00e9placer dans la ville de Sant Cugat, la meilleure mani\u00e8re c\u2019est la marche ou la bicyclette. La ville \u00e015 minutes de Barcelone\" \/>\n<meta property=\"og:url\" content=\"https:\/\/visit.santcugat.cat\/fr\/se-deplacer-dans-la-ville\/\" \/>\n<meta property=\"og:site_name\" content=\"Visit Sant Cugat\" \/>\n<meta property=\"article:publisher\" content=\"https:\/\/www.facebook.com\/visitsantcugat\/\" \/>\n<meta property=\"article:modified_time\" content=\"2024-09-23T09:51:21+00:00\" \/>\n<meta property=\"og:image\" content=\"https:\/\/visit.santcugat.cat\/wp-content\/uploads\/2023\/03\/CLAUSTRE-MONASTERIO-DE-SANT-CUGAT_resultado.webp\" \/>\n\t<meta property=\"og:image:width\" content=\"984\" \/>\n\t<meta property=\"og:image:height\" content=\"502\" \/>\n\t<meta property=\"og:image:type\" content=\"image\/webp\" \/>\n<meta name=\"twitter:card\" content=\"summary_large_image\" \/>\n<meta name=\"twitter:site\" content=\"@ajsantcugat\" \/>\n<meta name=\"twitter:label1\" content=\"Dur\u00e9e de lecture estim\u00e9e\" \/>\n\t<meta name=\"twitter:data1\" content=\"3 minutes\" \/>\n<script type=\"application\/ld+json\" class=\"yoast-schema-graph\">{\"@context\":\"https:\\\/\\\/schema.org\",\"@graph\":[{\"@type\":\"WebPage\",\"@id\":\"https:\\\/\\\/visit.santcugat.cat\\\/fr\\\/se-deplacer-dans-la-ville\\\/\",\"url\":\"https:\\\/\\\/visit.santcugat.cat\\\/fr\\\/se-deplacer-dans-la-ville\\\/\",\"name\":\"Se d\u00e9placer dans la ville de Sant Cugat - Visit Sant Cugat\",\"isPartOf\":{\"@id\":\"https:\\\/\\\/visit.santcugat.cat\\\/fr\\\/#website\"},\"datePublished\":\"2016-12-21T17:22:15+00:00\",\"dateModified\":\"2024-09-23T09:51:21+00:00\",\"description\":\"Se d\u00e9placer dans la ville de Sant Cugat, la meilleure mani\u00e8re c\u2019est la marche ou la bicyclette. La ville \u00e015 minutes de Barcelone\",\"breadcrumb\":{\"@id\":\"https:\\\/\\\/visit.santcugat.cat\\\/fr\\\/se-deplacer-dans-la-ville\\\/#breadcrumb\"},\"inLanguage\":\"fr-FR\",\"potentialAction\":[{\"@type\":\"ReadAction\",\"target\":[\"https:\\\/\\\/visit.santcugat.cat\\\/fr\\\/se-deplacer-dans-la-ville\\\/\"]}]},{\"@type\":\"BreadcrumbList\",\"@id\":\"https:\\\/\\\/visit.santcugat.cat\\\/fr\\\/se-deplacer-dans-la-ville\\\/#breadcrumb\",\"itemListElement\":[{\"@type\":\"ListItem\",\"position\":1,\"name\":\"Inici\",\"item\":\"https:\\\/\\\/visit.santcugat.cat\\\/fr\\\/\"},{\"@type\":\"ListItem\",\"position\":2,\"name\":\"Se d\u00e9placer dans la ville\"}]},{\"@type\":\"WebSite\",\"@id\":\"https:\\\/\\\/visit.santcugat.cat\\\/fr\\\/#website\",\"url\":\"https:\\\/\\\/visit.santcugat.cat\\\/fr\\\/\",\"name\":\"Visit Sant Cugat\",\"description\":\"Turisme de Sant Cugat\",\"publisher\":{\"@id\":\"https:\\\/\\\/visit.santcugat.cat\\\/fr\\\/#organization\"},\"potentialAction\":[{\"@type\":\"SearchAction\",\"target\":{\"@type\":\"EntryPoint\",\"urlTemplate\":\"https:\\\/\\\/visit.santcugat.cat\\\/fr\\\/?s={search_term_string}\"},\"query-input\":{\"@type\":\"PropertyValueSpecification\",\"valueRequired\":true,\"valueName\":\"search_term_string\"}}],\"inLanguage\":\"fr-FR\"},{\"@type\":\"Organization\",\"@id\":\"https:\\\/\\\/visit.santcugat.cat\\\/fr\\\/#organization\",\"name\":\"Visit Sant Cugat - Turisme de Sant Cugat - Barcelona\",\"url\":\"https:\\\/\\\/visit.santcugat.cat\\\/fr\\\/\",\"logo\":{\"@type\":\"ImageObject\",\"inLanguage\":\"fr-FR\",\"@id\":\"https:\\\/\\\/visit.santcugat.cat\\\/fr\\\/#\\\/schema\\\/logo\\\/image\\\/\",\"url\":\"https:\\\/\\\/visit.santcugat.cat\\\/wp-content\\\/uploads\\\/2020\\\/09\\\/logo.png\",\"contentUrl\":\"https:\\\/\\\/visit.santcugat.cat\\\/wp-content\\\/uploads\\\/2020\\\/09\\\/logo.png\",\"width\":200,\"height\":44,\"caption\":\"Visit Sant Cugat - Turisme de Sant Cugat - Barcelona\"},\"image\":{\"@id\":\"https:\\\/\\\/visit.santcugat.cat\\\/fr\\\/#\\\/schema\\\/logo\\\/image\\\/\"},\"sameAs\":[\"https:\\\/\\\/www.facebook.com\\\/visitsantcugat\\\/\",\"https:\\\/\\\/x.com\\\/ajsantcugat\",\"https:\\\/\\\/www.instagram.com\\\/visitsantcugat\\\/\",\"https:\\\/\\\/ca.wikipedia.org\\\/wiki\\\/Sant_Cugat_del_Vall\u00e8s\"]}]}<\/script>\n<!-- \/ Yoast SEO plugin. -->","yoast_head_json":{"title":"Se d\u00e9placer dans la ville de Sant Cugat - Visit Sant Cugat","description":"Se d\u00e9placer dans la ville de Sant Cugat, la meilleure mani\u00e8re c\u2019est la marche ou la bicyclette. La ville \u00e015 minutes de Barcelone","robots":{"index":"index","follow":"follow","max-snippet":"max-snippet:-1","max-image-preview":"max-image-preview:large","max-video-preview":"max-video-preview:-1"},"canonical":"https:\/\/visit.santcugat.cat\/fr\/se-deplacer-dans-la-ville\/","og_locale":"fr_FR","og_type":"article","og_title":"Se d\u00e9placer dans la ville de Sant Cugat - Visit Sant Cugat","og_description":"Se d\u00e9placer dans la ville de Sant Cugat, la meilleure mani\u00e8re c\u2019est la marche ou la bicyclette. La ville \u00e015 minutes de Barcelone","og_url":"https:\/\/visit.santcugat.cat\/fr\/se-deplacer-dans-la-ville\/","og_site_name":"Visit Sant Cugat","article_publisher":"https:\/\/www.facebook.com\/visitsantcugat\/","article_modified_time":"2024-09-23T09:51:21+00:00","og_image":[{"width":984,"height":502,"url":"https:\/\/visit.santcugat.cat\/wp-content\/uploads\/2023\/03\/CLAUSTRE-MONASTERIO-DE-SANT-CUGAT_resultado.webp","type":"image\/webp"}],"twitter_card":"summary_large_image","twitter_site":"@ajsantcugat","twitter_misc":{"Dur\u00e9e de lecture estim\u00e9e":"3 minutes"},"schema":{"@context":"https:\/\/schema.org","@graph":[{"@type":"WebPage","@id":"https:\/\/visit.santcugat.cat\/fr\/se-deplacer-dans-la-ville\/","url":"https:\/\/visit.santcugat.cat\/fr\/se-deplacer-dans-la-ville\/","name":"Se d\u00e9placer dans la ville de Sant Cugat - Visit Sant Cugat","isPartOf":{"@id":"https:\/\/visit.santcugat.cat\/fr\/#website"},"datePublished":"2016-12-21T17:22:15+00:00","dateModified":"2024-09-23T09:51:21+00:00","description":"Se d\u00e9placer dans la ville de Sant Cugat, la meilleure mani\u00e8re c\u2019est la marche ou la bicyclette. La ville \u00e015 minutes de Barcelone","breadcrumb":{"@id":"https:\/\/visit.santcugat.cat\/fr\/se-deplacer-dans-la-ville\/#breadcrumb"},"inLanguage":"fr-FR","potentialAction":[{"@type":"ReadAction","target":["https:\/\/visit.santcugat.cat\/fr\/se-deplacer-dans-la-ville\/"]}]},{"@type":"BreadcrumbList","@id":"https:\/\/visit.santcugat.cat\/fr\/se-deplacer-dans-la-ville\/#breadcrumb","itemListElement":[{"@type":"ListItem","position":1,"name":"Inici","item":"https:\/\/visit.santcugat.cat\/fr\/"},{"@type":"ListItem","position":2,"name":"Se d\u00e9placer dans la ville"}]},{"@type":"WebSite","@id":"https:\/\/visit.santcugat.cat\/fr\/#website","url":"https:\/\/visit.santcugat.cat\/fr\/","name":"Visit Sant Cugat","description":"Turisme de Sant Cugat","publisher":{"@id":"https:\/\/visit.santcugat.cat\/fr\/#organization"},"potentialAction":[{"@type":"SearchAction","target":{"@type":"EntryPoint","urlTemplate":"https:\/\/visit.santcugat.cat\/fr\/?s={search_term_string}"},"query-input":{"@type":"PropertyValueSpecification","valueRequired":true,"valueName":"search_term_string"}}],"inLanguage":"fr-FR"},{"@type":"Organization","@id":"https:\/\/visit.santcugat.cat\/fr\/#organization","name":"Visit Sant Cugat - Turisme de Sant Cugat - Barcelona","url":"https:\/\/visit.santcugat.cat\/fr\/","logo":{"@type":"ImageObject","inLanguage":"fr-FR","@id":"https:\/\/visit.santcugat.cat\/fr\/#\/schema\/logo\/image\/","url":"https:\/\/visit.santcugat.cat\/wp-content\/uploads\/2020\/09\/logo.png","contentUrl":"https:\/\/visit.santcugat.cat\/wp-content\/uploads\/2020\/09\/logo.png","width":200,"height":44,"caption":"Visit Sant Cugat - Turisme de Sant Cugat - Barcelona"},"image":{"@id":"https:\/\/visit.santcugat.cat\/fr\/#\/schema\/logo\/image\/"},"sameAs":["https:\/\/www.facebook.com\/visitsantcugat\/","https:\/\/x.com\/ajsantcugat","https:\/\/www.instagram.com\/visitsantcugat\/","https:\/\/ca.wikipedia.org\/wiki\/Sant_Cugat_del_Vall\u00e8s"]}]}},"_links":{"self":[{"href":"https:\/\/visit.santcugat.cat\/fr\/wp-json\/wp\/v2\/pages\/10149","targetHints":{"allow":["GET"]}}],"collection":[{"href":"https:\/\/visit.santcugat.cat\/fr\/wp-json\/wp\/v2\/pages"}],"about":[{"href":"https:\/\/visit.santcugat.cat\/fr\/wp-json\/wp\/v2\/types\/page"}],"author":[{"embeddable":true,"href":"https:\/\/visit.santcugat.cat\/fr\/wp-json\/wp\/v2\/users\/2"}],"replies":[{"embeddable":true,"href":"https:\/\/visit.santcugat.cat\/fr\/wp-json\/wp\/v2\/comments?post=10149"}],"version-history":[{"count":5,"href":"https:\/\/visit.santcugat.cat\/fr\/wp-json\/wp\/v2\/pages\/10149\/revisions"}],"predecessor-version":[{"id":40896,"href":"https:\/\/visit.santcugat.cat\/fr\/wp-json\/wp\/v2\/pages\/10149\/revisions\/40896"}],"wp:attachment":[{"href":"https:\/\/visit.santcugat.cat\/fr\/wp-json\/wp\/v2\/media?parent=10149"}],"curies":[{"name":"wp","href":"https:\/\/api.w.org\/{rel}","templated":true}]}}