{"id":10133,"date":"2016-11-29T23:21:06","date_gmt":"2016-11-29T23:21:06","guid":{"rendered":"https:\/\/visit.santcugat.cat\/que-faire\/cultura-i-oci\/"},"modified":"2024-06-22T18:38:28","modified_gmt":"2024-06-22T16:38:28","slug":"culture-et-loisirs","status":"publish","type":"page","link":"https:\/\/visit.santcugat.cat\/fr\/que-faire\/culture-et-loisirs\/","title":{"rendered":"Culture et loisirs"},"content":{"rendered":"<p><div class=\"fusion-fullwidth fullwidth-box fusion-builder-row-1 hundred-percent-fullwidth non-hundred-percent-height-scrolling\" style=\"--awb-background-position:left top;--awb-border-sizes-top:0px;--awb-border-sizes-bottom:0px;--awb-border-sizes-left:0px;--awb-border-sizes-right:0px;--awb-border-radius-top-left:0px;--awb-border-radius-top-right:0px;--awb-border-radius-bottom-right:0px;--awb-border-radius-bottom-left:0px;--awb-flex-wrap:wrap;\" ><div class=\"fusion-builder-row fusion-row\"><div class=\"fusion-layout-column fusion_builder_column fusion-builder-column-0 fusion_builder_column_1_1 1_1 fusion-one-full fusion-column-first fusion-column-last\" style=\"--awb-padding-top:20px;--awb-padding-right:40px;--awb-padding-bottom:20px;--awb-padding-left:40px;--awb-bg-color:#ffffff;--awb-bg-color-hover:#ffffff;--awb-bg-size:cover;--awb-border-color:#dddddd;--awb-border-top:1px;--awb-border-right:1px;--awb-border-bottom:1px;--awb-border-left:1px;--awb-border-style:solid;\"><div class=\"fusion-column-wrapper fusion-flex-column-wrapper-legacy\"><div class=\"fusion-column-content-centered\"><div class=\"fusion-column-content\"><div class=\"fusion-title title fusion-title-1 fusion-sep-none fusion-title-text fusion-title-size-two\"><h2 class=\"fusion-title-heading title-heading-left fusion-responsive-typography-calculated\" style=\"margin:0;--fontSize:26;line-height:1.69;\"><h2>QUE LE SPECTACLE COMMENCE !<\/h2><\/h2><\/div><div class=\"fusion-text fusion-text-1\"><p>Si tu aimes la musique, le th\u00e9\u00e2tre, la danse, l\u2019art ou le cin\u00e9ma, Sant Cugat est ta ville. Au choix, tu pourras assister \u00e0 un spectacle au Th\u00e9\u00e2tre-Auditorium, t\u2019arr\u00eater pour \u00e9couter de la bonne musique dans la rue ou assister \u00e0 un concert dans le clo\u00eetre du monast\u00e8re.<\/p>\n<\/div><\/div><\/div><div class=\"fusion-clearfix\"><\/div><\/div><\/div><\/div><\/div><div class=\"fusion-fullwidth fullwidth-box fusion-builder-row-2 nonhundred-percent-fullwidth non-hundred-percent-height-scrolling\" style=\"--awb-border-radius-top-left:0px;--awb-border-radius-top-right:0px;--awb-border-radius-bottom-right:0px;--awb-border-radius-bottom-left:0px;--awb-flex-wrap:wrap;\" ><div class=\"fusion-builder-row fusion-row\"><div class=\"fusion-layout-column fusion_builder_column fusion-builder-column-1 fusion_builder_column_1_2 1_2 fusion-one-half fusion-column-first\" style=\"--awb-bg-color:#ffffff;--awb-bg-color-hover:#ffffff;--awb-bg-size:cover;--awb-border-color:#f8f8f8;--awb-border-top:1px;--awb-border-right:1px;--awb-border-bottom:1px;--awb-border-left:1px;--awb-border-style:solid;--awb-margin-bottom:3%;width:48%; margin-right: 4%;\"><div class=\"fusion-column-wrapper fusion-flex-column-wrapper-legacy\"><div class=\"fusion-image-element fusion-image-align-center in-legacy-container\" style=\"text-align:center;--awb-caption-title-font-family:var(--h2_typography-font-family);--awb-caption-title-font-weight:var(--h2_typography-font-weight);--awb-caption-title-font-style:var(--h2_typography-font-style);--awb-caption-title-size:var(--h2_typography-font-size);--awb-caption-title-transform:var(--h2_typography-text-transform);--awb-caption-title-line-height:var(--h2_typography-line-height);--awb-caption-title-letter-spacing:var(--h2_typography-letter-spacing);\"><div class=\"imageframe-align-center\"><span class=\" fusion-imageframe imageframe-none imageframe-1 hover-type-none\" style=\"border:1px solid rgba(246,246,246,0);\"><a class=\"fusion-no-lightbox\" href=\"https:\/\/visit.santcugat.cat\/fr\/teatre-auditori-sant-cugat\/\" target=\"_self\" aria-label=\"TEATRE-AUDITORI DE EXTERIOR DEL TEATRE AUDITORI\"><img decoding=\"async\" width=\"575\" height=\"314\" alt=\"Th\u00e9\u00e2tre-Auditorium Sant Cugat.EXTERIOR \" src=\"https:\/\/visit.santcugat.cat\/wp-content\/uploads\/2016\/11\/TEATRE-AUDITORI-DE-EXTERIOR-DEL-TEATRE-AUDITORI.jpg\" class=\"img-responsive wp-image-39779\" srcset=\"https:\/\/visit.santcugat.cat\/wp-content\/uploads\/2016\/11\/TEATRE-AUDITORI-DE-EXTERIOR-DEL-TEATRE-AUDITORI-200x109.jpg 200w, https:\/\/visit.santcugat.cat\/wp-content\/uploads\/2016\/11\/TEATRE-AUDITORI-DE-EXTERIOR-DEL-TEATRE-AUDITORI-400x218.jpg 400w, https:\/\/visit.santcugat.cat\/wp-content\/uploads\/2016\/11\/TEATRE-AUDITORI-DE-EXTERIOR-DEL-TEATRE-AUDITORI.jpg 575w\" sizes=\"(max-width: 800px) 100vw, 575px\" \/><\/a><\/span><\/div><\/div><div class=\"fusion-text fusion-text-2\"><h3 style=\"margin: 5% 0% 2.75%; text-align: center;\"><a href=\"https:\/\/visit.santcugat.cat\/teatre-auditori-sant-cugat\/\">Th\u00e9\u00e2tre<\/a><\/h3>\n<\/div><div class=\"fusion-clearfix\"><\/div><\/div><\/div><div class=\"fusion-layout-column fusion_builder_column fusion-builder-column-2 fusion_builder_column_1_2 1_2 fusion-one-half fusion-column-last\" style=\"--awb-bg-color:#ffffff;--awb-bg-color-hover:#ffffff;--awb-bg-size:cover;--awb-border-color:#e8e8e8;--awb-border-top:1px;--awb-border-right:1px;--awb-border-bottom:1px;--awb-border-left:1px;--awb-border-style:dashed;--awb-margin-bottom:3%;width:48%;\"><div class=\"fusion-column-wrapper fusion-flex-column-wrapper-legacy\"><div class=\"fusion-image-element fusion-image-align-center in-legacy-container\" style=\"text-align:center;--awb-caption-title-font-family:var(--h2_typography-font-family);--awb-caption-title-font-weight:var(--h2_typography-font-weight);--awb-caption-title-font-style:var(--h2_typography-font-style);--awb-caption-title-size:var(--h2_typography-font-size);--awb-caption-title-transform:var(--h2_typography-text-transform);--awb-caption-title-line-height:var(--h2_typography-line-height);--awb-caption-title-letter-spacing:var(--h2_typography-letter-spacing);\"><div class=\"imageframe-align-center\"><span class=\" fusion-imageframe imageframe-none imageframe-2 hover-type-none\" style=\"border:1px solid rgba(246,246,246,0);\"><a class=\"fusion-no-lightbox\" href=\"https:\/\/visit.santcugat.cat\/fr\/galeries-et-centre-dart-maristany\/\" target=\"_self\" aria-label=\"CENTRE D&#8217;ART MARISTANY\"><img decoding=\"async\" width=\"575\" height=\"314\" alt=\"Galeries et Centre d\u2019Art Maristany\" src=\"https:\/\/visit.santcugat.cat\/wp-content\/uploads\/2016\/11\/3MARISTANY.jpg\" class=\"img-responsive wp-image-39780\" srcset=\"https:\/\/visit.santcugat.cat\/wp-content\/uploads\/2016\/11\/3MARISTANY-200x109.jpg 200w, https:\/\/visit.santcugat.cat\/wp-content\/uploads\/2016\/11\/3MARISTANY-400x218.jpg 400w, https:\/\/visit.santcugat.cat\/wp-content\/uploads\/2016\/11\/3MARISTANY.jpg 575w\" sizes=\"(max-width: 800px) 100vw, 575px\" \/><\/a><\/span><\/div><\/div><div class=\"fusion-text fusion-text-3\"><h3 style=\"margin: 5% 0% 2.75%; text-align: center;\"><a href=\"https:\/\/visit.santcugat.cat\/fr\/galeries-et-centre-dart-maristany\/\"> Galeries et Centre d\u2019Art Maristany<\/a><\/h3>\n<\/div><div class=\"fusion-clearfix\"><\/div><\/div><\/div><\/div><\/div><div class=\"fusion-fullwidth fullwidth-box fusion-builder-row-3 nonhundred-percent-fullwidth non-hundred-percent-height-scrolling\" style=\"--awb-border-radius-top-left:0px;--awb-border-radius-top-right:0px;--awb-border-radius-bottom-right:0px;--awb-border-radius-bottom-left:0px;--awb-flex-wrap:wrap;\" ><div class=\"fusion-builder-row fusion-row\"><div class=\"fusion-layout-column fusion_builder_column fusion-builder-column-3 fusion_builder_column_1_2 1_2 fusion-one-half fusion-column-first\" style=\"--awb-bg-color:#ffffff;--awb-bg-color-hover:#ffffff;--awb-bg-size:cover;--awb-border-color:#f8f8f8;--awb-border-top:1px;--awb-border-right:1px;--awb-border-bottom:1px;--awb-border-left:1px;--awb-border-style:solid;--awb-margin-bottom:3%;width:48%; margin-right: 4%;\"><div class=\"fusion-column-wrapper fusion-flex-column-wrapper-legacy\"><div class=\"fusion-image-element fusion-image-align-center in-legacy-container\" style=\"text-align:center;--awb-caption-title-font-family:var(--h2_typography-font-family);--awb-caption-title-font-weight:var(--h2_typography-font-weight);--awb-caption-title-font-style:var(--h2_typography-font-style);--awb-caption-title-size:var(--h2_typography-font-size);--awb-caption-title-transform:var(--h2_typography-text-transform);--awb-caption-title-line-height:var(--h2_typography-line-height);--awb-caption-title-letter-spacing:var(--h2_typography-letter-spacing);\"><div class=\"imageframe-align-center\"><span class=\" fusion-imageframe imageframe-none imageframe-3 hover-type-none\" style=\"border:1px solid rgba(246,246,246,0);\"><a class=\"fusion-no-lightbox\" href=\"https:\/\/visit.santcugat.cat\/fr\/musique\/\" target=\"_self\" aria-label=\"Musica_alclaustre\"><img decoding=\"async\" width=\"575\" height=\"314\" alt=\" musique dans le clo\u00eetre du monast\u00e8re\" src=\"https:\/\/visit.santcugat.cat\/wp-content\/uploads\/2016\/11\/Musica_alclaustre.jpg\" class=\"img-responsive wp-image-38714\" srcset=\"https:\/\/visit.santcugat.cat\/wp-content\/uploads\/2016\/11\/Musica_alclaustre-200x109.jpg 200w, https:\/\/visit.santcugat.cat\/wp-content\/uploads\/2016\/11\/Musica_alclaustre-400x218.jpg 400w, https:\/\/visit.santcugat.cat\/wp-content\/uploads\/2016\/11\/Musica_alclaustre.jpg 575w\" sizes=\"(max-width: 800px) 100vw, 575px\" \/><\/a><\/span><\/div><\/div><div class=\"fusion-text fusion-text-4\"><h3 style=\"margin: 5% 0% 2.75%; text-align: center;\"><a href=\"https:\/\/visit.santcugat.cat\/fr\/musique\/\">Musique<br \/>\n<\/a><\/h3>\n<\/div><div class=\"fusion-clearfix\"><\/div><\/div><\/div><div class=\"fusion-layout-column fusion_builder_column fusion-builder-column-4 fusion_builder_column_1_2 1_2 fusion-one-half fusion-column-last\" style=\"--awb-bg-color:#ffffff;--awb-bg-color-hover:#ffffff;--awb-bg-size:cover;--awb-border-color:#f8f8f8;--awb-border-top:1px;--awb-border-right:1px;--awb-border-bottom:1px;--awb-border-left:1px;--awb-border-style:solid;--awb-margin-bottom:3%;width:48%;\"><div class=\"fusion-column-wrapper fusion-flex-column-wrapper-legacy\"><div class=\"fusion-image-element fusion-image-align-center in-legacy-container\" style=\"text-align:center;--awb-caption-title-font-family:var(--h2_typography-font-family);--awb-caption-title-font-weight:var(--h2_typography-font-weight);--awb-caption-title-font-style:var(--h2_typography-font-style);--awb-caption-title-size:var(--h2_typography-font-size);--awb-caption-title-transform:var(--h2_typography-text-transform);--awb-caption-title-line-height:var(--h2_typography-line-height);--awb-caption-title-letter-spacing:var(--h2_typography-letter-spacing);\"><div class=\"imageframe-align-center\"><span class=\" fusion-imageframe imageframe-none imageframe-4 hover-type-none\" style=\"border:1px solid rgba(246,246,246,0);\"><a class=\"fusion-no-lightbox\" href=\"https:\/\/visit.santcugat.cat\/fr\/cinema\/\" target=\"_self\" aria-label=\"cinema\"><img decoding=\"async\" width=\"575\" height=\"314\" alt=\" Culture et loisirs. Salle de cin\u00e9ma\" src=\"https:\/\/visit.santcugat.cat\/wp-content\/uploads\/2016\/11\/cinema.jpg\" class=\"img-responsive wp-image-10134\" srcset=\"https:\/\/visit.santcugat.cat\/wp-content\/uploads\/2016\/11\/cinema-200x109.jpg 200w, https:\/\/visit.santcugat.cat\/wp-content\/uploads\/2016\/11\/cinema-400x218.jpg 400w, https:\/\/visit.santcugat.cat\/wp-content\/uploads\/2016\/11\/cinema.jpg 575w\" sizes=\"(max-width: 800px) 100vw, 575px\" \/><\/a><\/span><\/div><\/div><div class=\"fusion-text fusion-text-5\"><h3 style=\"margin: 5% 0% 2.75%; text-align: center;\"><a href=\"https:\/\/visit.santcugat.cat\/en\/cinema\/\">Cinema<\/a><\/h3>\n<\/div><div class=\"fusion-clearfix\"><\/div><\/div><\/div><\/div><\/div><\/p>\n","protected":false},"excerpt":{"rendered":"","protected":false},"author":2,"featured_media":0,"parent":10120,"menu_order":5,"comment_status":"closed","ping_status":"closed","template":"","meta":{"_joinchat":[],"footnotes":""},"class_list":["post-10133","page","type-page","status-publish","hentry"],"yoast_head":"<!-- This site is optimized with the Yoast SEO plugin v27.4 - https:\/\/yoast.com\/product\/yoast-seo-wordpress\/ -->\n<title>Culture et loisirs \u00e0 Sant Cugat, \u00e0 15 minutes de Barcelona Visit Sant Cugat<\/title>\n<meta name=\"description\" content=\"Si tu aimes la musique, le th\u00e9\u00e2tre, l\u2019art ou le cin\u00e9ma, Sant Cugat est ta ville. Spectacles, culture et loisirs au Th\u00e9\u00e2tre-Auditorium.\" \/>\n<meta name=\"robots\" content=\"noindex, follow\" \/>\n<meta property=\"og:locale\" content=\"fr_FR\" \/>\n<meta property=\"og:type\" content=\"article\" \/>\n<meta property=\"og:title\" content=\"Culture et loisirs \u00e0 Sant Cugat, \u00e0 15 minutes de Barcelona Visit Sant Cugat\" \/>\n<meta property=\"og:description\" content=\"Si tu aimes la musique, le th\u00e9\u00e2tre, l\u2019art ou le cin\u00e9ma, Sant Cugat est ta ville. Spectacles, culture et loisirs au Th\u00e9\u00e2tre-Auditorium.\" \/>\n<meta property=\"og:url\" content=\"https:\/\/visit.santcugat.cat\/fr\/que-faire\/culture-et-loisirs\/\" \/>\n<meta property=\"og:site_name\" content=\"Visit Sant Cugat\" \/>\n<meta property=\"article:publisher\" content=\"https:\/\/www.facebook.com\/visitsantcugat\/\" \/>\n<meta property=\"article:modified_time\" content=\"2024-06-22T16:38:28+00:00\" \/>\n<meta property=\"og:image\" content=\"https:\/\/visit.santcugat.cat\/wp-content\/uploads\/2023\/03\/CLAUSTRE-MONASTERIO-DE-SANT-CUGAT_resultado.webp\" \/>\n\t<meta property=\"og:image:width\" content=\"984\" \/>\n\t<meta property=\"og:image:height\" content=\"502\" \/>\n\t<meta property=\"og:image:type\" content=\"image\/webp\" \/>\n<meta name=\"twitter:card\" content=\"summary_large_image\" \/>\n<meta name=\"twitter:site\" content=\"@ajsantcugat\" \/>\n<meta name=\"twitter:label1\" content=\"Dur\u00e9e de lecture estim\u00e9e\" \/>\n\t<meta name=\"twitter:data1\" content=\"7 minutes\" \/>\n<script type=\"application\/ld+json\" class=\"yoast-schema-graph\">{\"@context\":\"https:\\\/\\\/schema.org\",\"@graph\":[{\"@type\":\"WebPage\",\"@id\":\"https:\\\/\\\/visit.santcugat.cat\\\/fr\\\/que-faire\\\/culture-et-loisirs\\\/\",\"url\":\"https:\\\/\\\/visit.santcugat.cat\\\/fr\\\/que-faire\\\/culture-et-loisirs\\\/\",\"name\":\"Culture et loisirs \u00e0 Sant Cugat, \u00e0 15 minutes de Barcelona Visit Sant Cugat\",\"isPartOf\":{\"@id\":\"https:\\\/\\\/visit.santcugat.cat\\\/fr\\\/#website\"},\"datePublished\":\"2016-11-29T23:21:06+00:00\",\"dateModified\":\"2024-06-22T16:38:28+00:00\",\"description\":\"Si tu aimes la musique, le th\u00e9\u00e2tre, l\u2019art ou le cin\u00e9ma, Sant Cugat est ta ville. Spectacles, culture et loisirs au Th\u00e9\u00e2tre-Auditorium.\",\"breadcrumb\":{\"@id\":\"https:\\\/\\\/visit.santcugat.cat\\\/fr\\\/que-faire\\\/culture-et-loisirs\\\/#breadcrumb\"},\"inLanguage\":\"fr-FR\",\"potentialAction\":[{\"@type\":\"ReadAction\",\"target\":[\"https:\\\/\\\/visit.santcugat.cat\\\/fr\\\/que-faire\\\/culture-et-loisirs\\\/\"]}]},{\"@type\":\"BreadcrumbList\",\"@id\":\"https:\\\/\\\/visit.santcugat.cat\\\/fr\\\/que-faire\\\/culture-et-loisirs\\\/#breadcrumb\",\"itemListElement\":[{\"@type\":\"ListItem\",\"position\":1,\"name\":\"Inici\",\"item\":\"https:\\\/\\\/visit.santcugat.cat\\\/fr\\\/\"},{\"@type\":\"ListItem\",\"position\":2,\"name\":\"Que faire?\",\"item\":\"https:\\\/\\\/visit.santcugat.cat\\\/fr\\\/?page_id=10120\"},{\"@type\":\"ListItem\",\"position\":3,\"name\":\"Culture et loisirs\"}]},{\"@type\":\"WebSite\",\"@id\":\"https:\\\/\\\/visit.santcugat.cat\\\/fr\\\/#website\",\"url\":\"https:\\\/\\\/visit.santcugat.cat\\\/fr\\\/\",\"name\":\"Visit Sant Cugat\",\"description\":\"Turisme de Sant Cugat\",\"publisher\":{\"@id\":\"https:\\\/\\\/visit.santcugat.cat\\\/fr\\\/#organization\"},\"potentialAction\":[{\"@type\":\"SearchAction\",\"target\":{\"@type\":\"EntryPoint\",\"urlTemplate\":\"https:\\\/\\\/visit.santcugat.cat\\\/fr\\\/?s={search_term_string}\"},\"query-input\":{\"@type\":\"PropertyValueSpecification\",\"valueRequired\":true,\"valueName\":\"search_term_string\"}}],\"inLanguage\":\"fr-FR\"},{\"@type\":\"Organization\",\"@id\":\"https:\\\/\\\/visit.santcugat.cat\\\/fr\\\/#organization\",\"name\":\"Visit Sant Cugat - Turisme de Sant Cugat - Barcelona\",\"url\":\"https:\\\/\\\/visit.santcugat.cat\\\/fr\\\/\",\"logo\":{\"@type\":\"ImageObject\",\"inLanguage\":\"fr-FR\",\"@id\":\"https:\\\/\\\/visit.santcugat.cat\\\/fr\\\/#\\\/schema\\\/logo\\\/image\\\/\",\"url\":\"https:\\\/\\\/visit.santcugat.cat\\\/wp-content\\\/uploads\\\/2020\\\/09\\\/logo.png\",\"contentUrl\":\"https:\\\/\\\/visit.santcugat.cat\\\/wp-content\\\/uploads\\\/2020\\\/09\\\/logo.png\",\"width\":200,\"height\":44,\"caption\":\"Visit Sant Cugat - Turisme de Sant Cugat - Barcelona\"},\"image\":{\"@id\":\"https:\\\/\\\/visit.santcugat.cat\\\/fr\\\/#\\\/schema\\\/logo\\\/image\\\/\"},\"sameAs\":[\"https:\\\/\\\/www.facebook.com\\\/visitsantcugat\\\/\",\"https:\\\/\\\/x.com\\\/ajsantcugat\",\"https:\\\/\\\/www.instagram.com\\\/visitsantcugat\\\/\",\"https:\\\/\\\/ca.wikipedia.org\\\/wiki\\\/Sant_Cugat_del_Vall\u00e8s\"]}]}<\/script>\n<!-- \/ Yoast SEO plugin. -->","yoast_head_json":{"title":"Culture et loisirs \u00e0 Sant Cugat, \u00e0 15 minutes de Barcelona Visit Sant Cugat","description":"Si tu aimes la musique, le th\u00e9\u00e2tre, l\u2019art ou le cin\u00e9ma, Sant Cugat est ta ville. Spectacles, culture et loisirs au Th\u00e9\u00e2tre-Auditorium.","robots":{"index":"noindex","follow":"follow"},"og_locale":"fr_FR","og_type":"article","og_title":"Culture et loisirs \u00e0 Sant Cugat, \u00e0 15 minutes de Barcelona Visit Sant Cugat","og_description":"Si tu aimes la musique, le th\u00e9\u00e2tre, l\u2019art ou le cin\u00e9ma, Sant Cugat est ta ville. Spectacles, culture et loisirs au Th\u00e9\u00e2tre-Auditorium.","og_url":"https:\/\/visit.santcugat.cat\/fr\/que-faire\/culture-et-loisirs\/","og_site_name":"Visit Sant Cugat","article_publisher":"https:\/\/www.facebook.com\/visitsantcugat\/","article_modified_time":"2024-06-22T16:38:28+00:00","og_image":[{"width":984,"height":502,"url":"https:\/\/visit.santcugat.cat\/wp-content\/uploads\/2023\/03\/CLAUSTRE-MONASTERIO-DE-SANT-CUGAT_resultado.webp","type":"image\/webp"}],"twitter_card":"summary_large_image","twitter_site":"@ajsantcugat","twitter_misc":{"Dur\u00e9e de lecture estim\u00e9e":"7 minutes"},"schema":{"@context":"https:\/\/schema.org","@graph":[{"@type":"WebPage","@id":"https:\/\/visit.santcugat.cat\/fr\/que-faire\/culture-et-loisirs\/","url":"https:\/\/visit.santcugat.cat\/fr\/que-faire\/culture-et-loisirs\/","name":"Culture et loisirs \u00e0 Sant Cugat, \u00e0 15 minutes de Barcelona Visit Sant Cugat","isPartOf":{"@id":"https:\/\/visit.santcugat.cat\/fr\/#website"},"datePublished":"2016-11-29T23:21:06+00:00","dateModified":"2024-06-22T16:38:28+00:00","description":"Si tu aimes la musique, le th\u00e9\u00e2tre, l\u2019art ou le cin\u00e9ma, Sant Cugat est ta ville. Spectacles, culture et loisirs au Th\u00e9\u00e2tre-Auditorium.","breadcrumb":{"@id":"https:\/\/visit.santcugat.cat\/fr\/que-faire\/culture-et-loisirs\/#breadcrumb"},"inLanguage":"fr-FR","potentialAction":[{"@type":"ReadAction","target":["https:\/\/visit.santcugat.cat\/fr\/que-faire\/culture-et-loisirs\/"]}]},{"@type":"BreadcrumbList","@id":"https:\/\/visit.santcugat.cat\/fr\/que-faire\/culture-et-loisirs\/#breadcrumb","itemListElement":[{"@type":"ListItem","position":1,"name":"Inici","item":"https:\/\/visit.santcugat.cat\/fr\/"},{"@type":"ListItem","position":2,"name":"Que faire?","item":"https:\/\/visit.santcugat.cat\/fr\/?page_id=10120"},{"@type":"ListItem","position":3,"name":"Culture et loisirs"}]},{"@type":"WebSite","@id":"https:\/\/visit.santcugat.cat\/fr\/#website","url":"https:\/\/visit.santcugat.cat\/fr\/","name":"Visit Sant Cugat","description":"Turisme de Sant Cugat","publisher":{"@id":"https:\/\/visit.santcugat.cat\/fr\/#organization"},"potentialAction":[{"@type":"SearchAction","target":{"@type":"EntryPoint","urlTemplate":"https:\/\/visit.santcugat.cat\/fr\/?s={search_term_string}"},"query-input":{"@type":"PropertyValueSpecification","valueRequired":true,"valueName":"search_term_string"}}],"inLanguage":"fr-FR"},{"@type":"Organization","@id":"https:\/\/visit.santcugat.cat\/fr\/#organization","name":"Visit Sant Cugat - Turisme de Sant Cugat - Barcelona","url":"https:\/\/visit.santcugat.cat\/fr\/","logo":{"@type":"ImageObject","inLanguage":"fr-FR","@id":"https:\/\/visit.santcugat.cat\/fr\/#\/schema\/logo\/image\/","url":"https:\/\/visit.santcugat.cat\/wp-content\/uploads\/2020\/09\/logo.png","contentUrl":"https:\/\/visit.santcugat.cat\/wp-content\/uploads\/2020\/09\/logo.png","width":200,"height":44,"caption":"Visit Sant Cugat - Turisme de Sant Cugat - Barcelona"},"image":{"@id":"https:\/\/visit.santcugat.cat\/fr\/#\/schema\/logo\/image\/"},"sameAs":["https:\/\/www.facebook.com\/visitsantcugat\/","https:\/\/x.com\/ajsantcugat","https:\/\/www.instagram.com\/visitsantcugat\/","https:\/\/ca.wikipedia.org\/wiki\/Sant_Cugat_del_Vall\u00e8s"]}]}},"_links":{"self":[{"href":"https:\/\/visit.santcugat.cat\/fr\/wp-json\/wp\/v2\/pages\/10133","targetHints":{"allow":["GET"]}}],"collection":[{"href":"https:\/\/visit.santcugat.cat\/fr\/wp-json\/wp\/v2\/pages"}],"about":[{"href":"https:\/\/visit.santcugat.cat\/fr\/wp-json\/wp\/v2\/types\/page"}],"author":[{"embeddable":true,"href":"https:\/\/visit.santcugat.cat\/fr\/wp-json\/wp\/v2\/users\/2"}],"replies":[{"embeddable":true,"href":"https:\/\/visit.santcugat.cat\/fr\/wp-json\/wp\/v2\/comments?post=10133"}],"version-history":[{"count":3,"href":"https:\/\/visit.santcugat.cat\/fr\/wp-json\/wp\/v2\/pages\/10133\/revisions"}],"predecessor-version":[{"id":39783,"href":"https:\/\/visit.santcugat.cat\/fr\/wp-json\/wp\/v2\/pages\/10133\/revisions\/39783"}],"up":[{"embeddable":true,"href":"https:\/\/visit.santcugat.cat\/fr\/wp-json\/wp\/v2\/pages\/10120"}],"wp:attachment":[{"href":"https:\/\/visit.santcugat.cat\/fr\/wp-json\/wp\/v2\/media?parent=10133"}],"curies":[{"name":"wp","href":"https:\/\/api.w.org\/{rel}","templated":true}]}}