{"id":10125,"date":"2016-11-29T23:19:40","date_gmt":"2016-11-29T23:19:40","guid":{"rendered":"https:\/\/visit.santcugat.cat\/que-faire\/rutes\/"},"modified":"2023-12-05T12:15:57","modified_gmt":"2023-12-05T11:15:57","slug":"itineraires-et-visites","status":"publish","type":"page","link":"https:\/\/visit.santcugat.cat\/fr\/que-faire\/itineraires-et-visites\/","title":{"rendered":"Itin\u00e9raires et visites"},"content":{"rendered":"<div class=\"fusion-fullwidth fullwidth-box fusion-builder-row-1 nonhundred-percent-fullwidth non-hundred-percent-height-scrolling\" style=\"--awb-background-position:left top;--awb-border-sizes-top:0px;--awb-border-sizes-bottom:0px;--awb-border-sizes-left:0px;--awb-border-sizes-right:0px;--awb-border-radius-top-left:0px;--awb-border-radius-top-right:0px;--awb-border-radius-bottom-right:0px;--awb-border-radius-bottom-left:0px;--awb-padding-top:20px;--awb-padding-bottom:20px;--awb-flex-wrap:wrap;\" ><div class=\"fusion-builder-row fusion-row\"><div class=\"fusion-layout-column fusion_builder_column fusion-builder-column-0 fusion_builder_column_1_1 1_1 fusion-one-full fusion-column-first fusion-column-last fusion-column-no-min-height\" style=\"--awb-bg-size:cover;\"><div class=\"fusion-column-wrapper fusion-flex-column-wrapper-legacy\"><style type=\"text\/css\">.fusion-portfolio-wrapper#fusion-portfolio-1 .fusion-portfolio-content{ padding: 25px 25px 25px 25px; text-align: left; }<\/style><div class=\"fusion-recent-works fusion-portfolio-element fusion-portfolio fusion-portfolio-1 fusion-portfolio-grid fusion-portfolio-paging-none fusion-portfolio-three fusion-portfolio-boxed fusion-portfolio-text\" data-id=\"-rw-1\" data-columns=\"three\"><style type=\"text\/css\">.fusion-portfolio-1 .fusion-portfolio-wrapper .fusion-col-spacing{padding:10px;}<\/style><div class=\"fusion-portfolio-wrapper\" id=\"fusion-portfolio-1\" data-picturesize=\"auto\" data-pages=\"1\" style=\"margin:-10px;\"><article id=\"portfolio-1-post-28969\" class=\"fusion-portfolio-post a-ton-rythme itineraires-et-visites fusion-col-spacing post-28969\"><div class=\"fusion-portfolio-content-wrapper\" style=\"border:1px solid #ebeaea;border-bottom-width:3px;background-color:rgba(255,255,255,1);\"><span class=\"vcard rich-snippet-hidden\"><span class=\"fn\"><a href=\"https:\/\/visit.santcugat.cat\/fr\/author\/visit\/\" title=\"Articles par Visit Sant Cugat\" rel=\"author\">Visit Sant Cugat<\/a><\/span><\/span><span class=\"updated rich-snippet-hidden\">2024-12-23T18:03:12+01:00<\/span><div  class=\"fusion-image-wrapper\" aria-haspopup=\"true\">\n\t\t\t\t\t\t\t<a href=\"https:\/\/visit.santcugat.cat\/fr\/la-voie-ignatienne\/?portfolioCats=259\" aria-label=\"La Voie Ignatienne\">\n\t\t\t\t\t\t\t<img decoding=\"async\" width=\"601\" height=\"441\" src=\"https:\/\/visit.santcugat.cat\/wp-content\/uploads\/2016\/11\/Passejades-guiades-els-diumenges.jpg\" class=\"attachment-full size-full wp-post-image\" alt=\"\" srcset=\"https:\/\/visit.santcugat.cat\/wp-content\/uploads\/2016\/11\/Passejades-guiades-els-diumenges-200x147.jpg 200w, https:\/\/visit.santcugat.cat\/wp-content\/uploads\/2016\/11\/Passejades-guiades-els-diumenges-400x294.jpg 400w, https:\/\/visit.santcugat.cat\/wp-content\/uploads\/2016\/11\/Passejades-guiades-els-diumenges-600x440.jpg 600w, https:\/\/visit.santcugat.cat\/wp-content\/uploads\/2016\/11\/Passejades-guiades-els-diumenges.jpg 601w\" sizes=\"(min-width: 2200px) 100vw, (min-width: 824px) 377px, (min-width: 732px) 565px, (min-width: 640px) 732px, \" \/>\t\t\t<\/a>\n\t\t\t\t\t\t\t<\/div>\n<div class=\"fusion-portfolio-content\" style=\"background-color:rgba(255,255,255,1);\"><h2 class=\"entry-title fusion-post-title\"><a href=\"https:\/\/visit.santcugat.cat\/fr\/la-voie-ignatienne\/?portfolioCats=259\">La Voie Ignatienne<\/a><\/h2><div class=\"fusion-post-content\"><\/div><\/div><\/div><\/article><article id=\"portfolio-1-post-10858\" class=\"fusion-portfolio-post a-ton-rythme itineraires-et-visites fusion-col-spacing post-10858\"><div class=\"fusion-portfolio-content-wrapper\" style=\"border:1px solid #ebeaea;border-bottom-width:3px;background-color:rgba(255,255,255,1);\"><span class=\"vcard rich-snippet-hidden\"><span class=\"fn\"><a href=\"https:\/\/visit.santcugat.cat\/fr\/author\/visit\/\" title=\"Articles par Visit Sant Cugat\" rel=\"author\">Visit Sant Cugat<\/a><\/span><\/span><span class=\"updated rich-snippet-hidden\">2024-09-10T19:21:25+02:00<\/span><div  class=\"fusion-image-wrapper\" aria-haspopup=\"true\">\n\t\t\t\t\t\t\t<a href=\"https:\/\/visit.santcugat.cat\/fr\/chemin-des-moines\/?portfolioCats=259\" aria-label=\"Chemin des Moines\">\n\t\t\t\t\t\t\t<img decoding=\"async\" width=\"380\" height=\"253\" src=\"https:\/\/visit.santcugat.cat\/wp-content\/uploads\/2017\/03\/27fCAPITELLSHor.jpg\" class=\"attachment-full size-full wp-post-image\" alt=\"CAPITELLS DEL CLAUSTRE DEL MONESTIR DE SANT CUGAT.\" srcset=\"https:\/\/visit.santcugat.cat\/wp-content\/uploads\/2017\/03\/27fCAPITELLSHor-200x133.jpg 200w, https:\/\/visit.santcugat.cat\/wp-content\/uploads\/2017\/03\/27fCAPITELLSHor.jpg 380w\" sizes=\"(min-width: 2200px) 100vw, (min-width: 824px) 377px, (min-width: 732px) 565px, (min-width: 640px) 732px, \" \/>\t\t\t<\/a>\n\t\t\t\t\t\t\t<\/div>\n<div class=\"fusion-portfolio-content\" style=\"background-color:rgba(255,255,255,1);\"><h2 class=\"entry-title fusion-post-title\"><a href=\"https:\/\/visit.santcugat.cat\/fr\/chemin-des-moines\/?portfolioCats=259\">Chemin des Moines<\/a><\/h2><div class=\"fusion-post-content\"><\/div><\/div><\/div><\/article><article id=\"portfolio-1-post-10851\" class=\"fusion-portfolio-post a-ton-rythme itineraires-et-visites fusion-col-spacing post-10851\"><div class=\"fusion-portfolio-content-wrapper\" style=\"border:1px solid #ebeaea;border-bottom-width:3px;background-color:rgba(255,255,255,1);\"><span class=\"vcard rich-snippet-hidden\"><span class=\"fn\"><a href=\"https:\/\/visit.santcugat.cat\/fr\/author\/visit\/\" title=\"Articles par Visit Sant Cugat\" rel=\"author\">Visit Sant Cugat<\/a><\/span><\/span><span class=\"updated rich-snippet-hidden\">2024-09-12T18:52:24+02:00<\/span><div  class=\"fusion-image-wrapper\" aria-haspopup=\"true\">\n\t\t\t\t\t\t\t<a href=\"https:\/\/visit.santcugat.cat\/fr\/chemin-de-saint-jacques\/?portfolioCats=259\" aria-label=\"Chemin de Saint Jacques\">\n\t\t\t\t\t\t\t<img decoding=\"async\" width=\"380\" height=\"253\" src=\"https:\/\/visit.santcugat.cat\/wp-content\/uploads\/2017\/07\/cami_Sant_jaume_sant_cugat_2.jpg\" class=\"attachment-full size-full wp-post-image\" alt=\"Le chemin de Saint Jacques de Compostelle traverse toute la Catalogne.\" srcset=\"https:\/\/visit.santcugat.cat\/wp-content\/uploads\/2017\/07\/cami_Sant_jaume_sant_cugat_2-200x133.jpg 200w, https:\/\/visit.santcugat.cat\/wp-content\/uploads\/2017\/07\/cami_Sant_jaume_sant_cugat_2.jpg 380w\" sizes=\"(min-width: 2200px) 100vw, (min-width: 824px) 377px, (min-width: 732px) 565px, (min-width: 640px) 732px, \" \/>\t\t\t<\/a>\n\t\t\t\t\t\t\t<\/div>\n<div class=\"fusion-portfolio-content\" style=\"background-color:rgba(255,255,255,1);\"><h2 class=\"entry-title fusion-post-title\"><a href=\"https:\/\/visit.santcugat.cat\/fr\/chemin-de-saint-jacques\/?portfolioCats=259\">Chemin de Saint Jacques<\/a><\/h2><div class=\"fusion-post-content\"><\/div><\/div><\/div><\/article><article id=\"portfolio-1-post-10440\" class=\"fusion-portfolio-post a-ton-rythme itineraires-et-visites fusion-col-spacing post-10440\"><div class=\"fusion-portfolio-content-wrapper\" style=\"border:1px solid #ebeaea;border-bottom-width:3px;background-color:rgba(255,255,255,1);\"><span class=\"vcard rich-snippet-hidden\"><span class=\"fn\"><a href=\"https:\/\/visit.santcugat.cat\/fr\/author\/visit\/\" title=\"Articles par Visit Sant Cugat\" rel=\"author\">Visit Sant Cugat<\/a><\/span><\/span><span class=\"updated rich-snippet-hidden\">2024-12-23T18:11:07+01:00<\/span><div  class=\"fusion-image-wrapper\" aria-haspopup=\"true\">\n\t\t\t\t\t\t\t<a href=\"https:\/\/visit.santcugat.cat\/fr\/art-nouveau-et-noucentisme\/?portfolioCats=259\" aria-label=\"Art nouveau et noucentisme\">\n\t\t\t\t\t\t\t<img decoding=\"async\" width=\"380\" height=\"253\" src=\"https:\/\/visit.santcugat.cat\/wp-content\/uploads\/2017\/07\/69bGENERALIFEHor.jpg\" class=\"attachment-full size-full wp-post-image\" alt=\"Art Nouveau Sant Cugat\" srcset=\"https:\/\/visit.santcugat.cat\/wp-content\/uploads\/2017\/07\/69bGENERALIFEHor-200x133.jpg 200w, https:\/\/visit.santcugat.cat\/wp-content\/uploads\/2017\/07\/69bGENERALIFEHor.jpg 380w\" sizes=\"(min-width: 2200px) 100vw, (min-width: 824px) 377px, (min-width: 732px) 565px, (min-width: 640px) 732px, \" \/>\t\t\t<\/a>\n\t\t\t\t\t\t\t<\/div>\n<div class=\"fusion-portfolio-content\" style=\"background-color:rgba(255,255,255,1);\"><h2 class=\"entry-title fusion-post-title\"><a href=\"https:\/\/visit.santcugat.cat\/fr\/art-nouveau-et-noucentisme\/?portfolioCats=259\">Art nouveau et noucentisme<\/a><\/h2><div class=\"fusion-post-content\"><\/div><\/div><\/div><\/article><article id=\"portfolio-1-post-10445\" class=\"fusion-portfolio-post a-ton-rythme itineraires-et-visites fusion-col-spacing post-10445\"><div class=\"fusion-portfolio-content-wrapper\" style=\"border:1px solid #ebeaea;border-bottom-width:3px;background-color:rgba(255,255,255,1);\"><span class=\"vcard rich-snippet-hidden\"><span class=\"fn\"><a href=\"https:\/\/visit.santcugat.cat\/fr\/author\/javier\/\" title=\"Articles par javier\" rel=\"author\">javier<\/a><\/span><\/span><span class=\"updated rich-snippet-hidden\">2024-09-12T18:56:55+02:00<\/span><div  class=\"fusion-image-wrapper\" aria-haspopup=\"true\">\n\t\t\t\t\t\t\t<a href=\"https:\/\/visit.santcugat.cat\/fr\/appli-natura-local\/?portfolioCats=259\" aria-label=\"Appli Natura Local\">\n\t\t\t\t\t\t\t<img decoding=\"async\" width=\"380\" height=\"253\" src=\"https:\/\/visit.santcugat.cat\/wp-content\/uploads\/2017\/07\/naturalocalh.jpg\" class=\"attachment-full size-full wp-post-image\" alt=\"App Natura Local, Appli Natura Local\" srcset=\"https:\/\/visit.santcugat.cat\/wp-content\/uploads\/2017\/07\/naturalocalh-200x133.jpg 200w, https:\/\/visit.santcugat.cat\/wp-content\/uploads\/2017\/07\/naturalocalh.jpg 380w\" sizes=\"(min-width: 2200px) 100vw, (min-width: 824px) 377px, (min-width: 732px) 565px, (min-width: 640px) 732px, \" \/>\t\t\t<\/a>\n\t\t\t\t\t\t\t<\/div>\n<div class=\"fusion-portfolio-content\" style=\"background-color:rgba(255,255,255,1);\"><h2 class=\"entry-title fusion-post-title\"><a href=\"https:\/\/visit.santcugat.cat\/fr\/appli-natura-local\/?portfolioCats=259\">Appli Natura Local<\/a><\/h2><div class=\"fusion-post-content\"><\/div><\/div><\/div><\/article><article id=\"portfolio-1-post-10866\" class=\"fusion-portfolio-post a-ton-rythme itineraires-et-visites fusion-col-spacing post-10866\"><div class=\"fusion-portfolio-content-wrapper\" style=\"border:1px solid #ebeaea;border-bottom-width:3px;background-color:rgba(255,255,255,1);\"><span class=\"vcard rich-snippet-hidden\"><span class=\"fn\"><a href=\"https:\/\/visit.santcugat.cat\/fr\/author\/visit\/\" title=\"Articles par Visit Sant Cugat\" rel=\"author\">Visit Sant Cugat<\/a><\/span><\/span><span class=\"updated rich-snippet-hidden\">2024-12-23T18:04:43+01:00<\/span><div  class=\"fusion-image-wrapper\" aria-haspopup=\"true\">\n\t\t\t\t\t\t\t<a href=\"https:\/\/visit.santcugat.cat\/fr\/itineraires-a-pied-a-sant-cugat\/?portfolioCats=259\" aria-label=\"Itin\u00e9raires \u00e0 pied\">\n\t\t\t\t\t\t\t<img decoding=\"async\" width=\"900\" height=\"600\" src=\"https:\/\/visit.santcugat.cat\/wp-content\/uploads\/2020\/10\/Collserola-Slider3.jpg\" class=\"attachment-full size-full wp-post-image\" alt=\"Itin\u00e9raires \u00e0 pied\" srcset=\"https:\/\/visit.santcugat.cat\/wp-content\/uploads\/2020\/10\/Collserola-Slider3-200x133.jpg 200w, https:\/\/visit.santcugat.cat\/wp-content\/uploads\/2020\/10\/Collserola-Slider3-400x267.jpg 400w, https:\/\/visit.santcugat.cat\/wp-content\/uploads\/2020\/10\/Collserola-Slider3-600x400.jpg 600w, https:\/\/visit.santcugat.cat\/wp-content\/uploads\/2020\/10\/Collserola-Slider3-800x533.jpg 800w, https:\/\/visit.santcugat.cat\/wp-content\/uploads\/2020\/10\/Collserola-Slider3.jpg 900w\" sizes=\"(min-width: 2200px) 100vw, (min-width: 824px) 377px, (min-width: 732px) 565px, (min-width: 640px) 732px, \" \/>\t\t\t<\/a>\n\t\t\t\t\t\t\t<\/div>\n<div class=\"fusion-portfolio-content\" style=\"background-color:rgba(255,255,255,1);\"><h2 class=\"entry-title fusion-post-title\"><a href=\"https:\/\/visit.santcugat.cat\/fr\/itineraires-a-pied-a-sant-cugat\/?portfolioCats=259\">Itin\u00e9raires \u00e0 pied<\/a><\/h2><div class=\"fusion-post-content\"><\/div><\/div><\/div><\/article><article id=\"portfolio-1-post-10459\" class=\"fusion-portfolio-post a-ton-rythme itineraires-et-visites fusion-col-spacing post-10459\"><div class=\"fusion-portfolio-content-wrapper\" style=\"border:1px solid #ebeaea;border-bottom-width:3px;background-color:rgba(255,255,255,1);\"><span class=\"vcard rich-snippet-hidden\"><span class=\"fn\"><a href=\"https:\/\/visit.santcugat.cat\/fr\/author\/visit\/\" title=\"Articles par Visit Sant Cugat\" rel=\"author\">Visit Sant Cugat<\/a><\/span><\/span><span class=\"updated rich-snippet-hidden\">2024-09-12T18:58:55+02:00<\/span><div  class=\"fusion-image-wrapper\" aria-haspopup=\"true\">\n\t\t\t\t\t\t\t<a href=\"https:\/\/visit.santcugat.cat\/fr\/pr-c-38-de-sant-cugat-a-barcelone\/?portfolioCats=259\" aria-label=\"De Sant Cugat \u00e0 Barcelone\">\n\t\t\t\t\t\t\t<img decoding=\"async\" width=\"380\" height=\"253\" src=\"https:\/\/visit.santcugat.cat\/wp-content\/uploads\/2017\/07\/77aSANT-MEDIRC\u0327Hor.jpg\" class=\"attachment-full size-full wp-post-image\" alt=\"PR C-38 de Sant Cugat \u00e0 Barcelone\" srcset=\"https:\/\/visit.santcugat.cat\/wp-content\/uploads\/2017\/07\/77aSANT-MEDIRC\u0327Hor-200x133.jpg 200w, https:\/\/visit.santcugat.cat\/wp-content\/uploads\/2017\/07\/77aSANT-MEDIRC\u0327Hor.jpg 380w\" sizes=\"(min-width: 2200px) 100vw, (min-width: 824px) 377px, (min-width: 732px) 565px, (min-width: 640px) 732px, \" \/>\t\t\t<\/a>\n\t\t\t\t\t\t\t<\/div>\n<div class=\"fusion-portfolio-content\" style=\"background-color:rgba(255,255,255,1);\"><h2 class=\"entry-title fusion-post-title\"><a href=\"https:\/\/visit.santcugat.cat\/fr\/pr-c-38-de-sant-cugat-a-barcelone\/?portfolioCats=259\">De Sant Cugat \u00e0 Barcelone<\/a><\/h2><div class=\"fusion-post-content\"><\/div><\/div><\/div><\/article><\/div><\/div><div class=\"fusion-clearfix\"><\/div><\/div><\/div><\/div><\/div>\n","protected":false},"excerpt":{"rendered":"","protected":false},"author":2,"featured_media":0,"parent":10120,"menu_order":1,"comment_status":"closed","ping_status":"closed","template":"","meta":{"_joinchat":[],"footnotes":""},"class_list":["post-10125","page","type-page","status-publish","hentry"],"yoast_head":"<!-- This site is optimized with the Yoast SEO plugin v27.3 - https:\/\/yoast.com\/product\/yoast-seo-wordpress\/ -->\n<title>Itin\u00e9raires et visites \u00e0 Sant Cugat \u00e0 c\u00f4t\u00e9 de Barcelona<\/title>\n<meta name=\"description\" content=\"Itin\u00e9raires et visites \u00e0 Sant Cugat del Vall\u00e8s: audioguide du Monast\u00e8re de Sant Cugat, itin\u00e9raires \u00e0 pied, Chemin de Saint-Jacques, etc\" \/>\n<meta name=\"robots\" content=\"index, follow, max-snippet:-1, max-image-preview:large, max-video-preview:-1\" \/>\n<link rel=\"canonical\" href=\"https:\/\/visit.santcugat.cat\/fr\/que-faire\/itineraires-et-visites\/\" \/>\n<meta property=\"og:locale\" content=\"fr_FR\" \/>\n<meta property=\"og:type\" content=\"article\" \/>\n<meta property=\"og:title\" content=\"Itin\u00e9raires et visites \u00e0 Sant Cugat \u00e0 c\u00f4t\u00e9 de Barcelona\" \/>\n<meta property=\"og:description\" content=\"Itin\u00e9raires et visites \u00e0 Sant Cugat del Vall\u00e8s: audioguide du Monast\u00e8re de Sant Cugat, itin\u00e9raires \u00e0 pied, Chemin de Saint-Jacques, etc\" \/>\n<meta property=\"og:url\" content=\"https:\/\/visit.santcugat.cat\/fr\/que-faire\/itineraires-et-visites\/\" \/>\n<meta property=\"og:site_name\" content=\"Visit Sant Cugat\" \/>\n<meta property=\"article:publisher\" content=\"https:\/\/www.facebook.com\/visitsantcugat\/\" \/>\n<meta property=\"article:modified_time\" content=\"2023-12-05T11:15:57+00:00\" \/>\n<meta property=\"og:image\" content=\"https:\/\/visit.santcugat.cat\/wp-content\/uploads\/2023\/03\/CLAUSTRE-MONASTERIO-DE-SANT-CUGAT_resultado.webp\" \/>\n\t<meta property=\"og:image:width\" content=\"984\" \/>\n\t<meta property=\"og:image:height\" content=\"502\" \/>\n\t<meta property=\"og:image:type\" content=\"image\/webp\" \/>\n<meta name=\"twitter:card\" content=\"summary_large_image\" \/>\n<meta name=\"twitter:site\" content=\"@ajsantcugat\" \/>\n<meta name=\"twitter:label1\" content=\"Dur\u00e9e de lecture estim\u00e9e\" \/>\n\t<meta name=\"twitter:data1\" content=\"1 minute\" \/>\n<script type=\"application\/ld+json\" class=\"yoast-schema-graph\">{\"@context\":\"https:\\\/\\\/schema.org\",\"@graph\":[{\"@type\":\"WebPage\",\"@id\":\"https:\\\/\\\/visit.santcugat.cat\\\/fr\\\/que-faire\\\/itineraires-et-visites\\\/\",\"url\":\"https:\\\/\\\/visit.santcugat.cat\\\/fr\\\/que-faire\\\/itineraires-et-visites\\\/\",\"name\":\"Itin\u00e9raires et visites \u00e0 Sant Cugat \u00e0 c\u00f4t\u00e9 de Barcelona\",\"isPartOf\":{\"@id\":\"https:\\\/\\\/visit.santcugat.cat\\\/fr\\\/#website\"},\"datePublished\":\"2016-11-29T23:19:40+00:00\",\"dateModified\":\"2023-12-05T11:15:57+00:00\",\"description\":\"Itin\u00e9raires et visites \u00e0 Sant Cugat del Vall\u00e8s: audioguide du Monast\u00e8re de Sant Cugat, itin\u00e9raires \u00e0 pied, Chemin de Saint-Jacques, etc\",\"breadcrumb\":{\"@id\":\"https:\\\/\\\/visit.santcugat.cat\\\/fr\\\/que-faire\\\/itineraires-et-visites\\\/#breadcrumb\"},\"inLanguage\":\"fr-FR\",\"potentialAction\":[{\"@type\":\"ReadAction\",\"target\":[\"https:\\\/\\\/visit.santcugat.cat\\\/fr\\\/que-faire\\\/itineraires-et-visites\\\/\"]}]},{\"@type\":\"BreadcrumbList\",\"@id\":\"https:\\\/\\\/visit.santcugat.cat\\\/fr\\\/que-faire\\\/itineraires-et-visites\\\/#breadcrumb\",\"itemListElement\":[{\"@type\":\"ListItem\",\"position\":1,\"name\":\"Inici\",\"item\":\"https:\\\/\\\/visit.santcugat.cat\\\/fr\\\/\"},{\"@type\":\"ListItem\",\"position\":2,\"name\":\"Que faire?\",\"item\":\"https:\\\/\\\/visit.santcugat.cat\\\/fr\\\/?page_id=10120\"},{\"@type\":\"ListItem\",\"position\":3,\"name\":\"Itin\u00e9raires et visites\"}]},{\"@type\":\"WebSite\",\"@id\":\"https:\\\/\\\/visit.santcugat.cat\\\/fr\\\/#website\",\"url\":\"https:\\\/\\\/visit.santcugat.cat\\\/fr\\\/\",\"name\":\"Visit Sant Cugat\",\"description\":\"Turisme de Sant Cugat\",\"publisher\":{\"@id\":\"https:\\\/\\\/visit.santcugat.cat\\\/fr\\\/#organization\"},\"potentialAction\":[{\"@type\":\"SearchAction\",\"target\":{\"@type\":\"EntryPoint\",\"urlTemplate\":\"https:\\\/\\\/visit.santcugat.cat\\\/fr\\\/?s={search_term_string}\"},\"query-input\":{\"@type\":\"PropertyValueSpecification\",\"valueRequired\":true,\"valueName\":\"search_term_string\"}}],\"inLanguage\":\"fr-FR\"},{\"@type\":\"Organization\",\"@id\":\"https:\\\/\\\/visit.santcugat.cat\\\/fr\\\/#organization\",\"name\":\"Visit Sant Cugat - Turisme de Sant Cugat - Barcelona\",\"url\":\"https:\\\/\\\/visit.santcugat.cat\\\/fr\\\/\",\"logo\":{\"@type\":\"ImageObject\",\"inLanguage\":\"fr-FR\",\"@id\":\"https:\\\/\\\/visit.santcugat.cat\\\/fr\\\/#\\\/schema\\\/logo\\\/image\\\/\",\"url\":\"https:\\\/\\\/visit.santcugat.cat\\\/wp-content\\\/uploads\\\/2020\\\/09\\\/logo.png\",\"contentUrl\":\"https:\\\/\\\/visit.santcugat.cat\\\/wp-content\\\/uploads\\\/2020\\\/09\\\/logo.png\",\"width\":200,\"height\":44,\"caption\":\"Visit Sant Cugat - Turisme de Sant Cugat - Barcelona\"},\"image\":{\"@id\":\"https:\\\/\\\/visit.santcugat.cat\\\/fr\\\/#\\\/schema\\\/logo\\\/image\\\/\"},\"sameAs\":[\"https:\\\/\\\/www.facebook.com\\\/visitsantcugat\\\/\",\"https:\\\/\\\/x.com\\\/ajsantcugat\",\"https:\\\/\\\/www.instagram.com\\\/visitsantcugat\\\/\",\"https:\\\/\\\/ca.wikipedia.org\\\/wiki\\\/Sant_Cugat_del_Vall\u00e8s\"]}]}<\/script>\n<!-- \/ Yoast SEO plugin. -->","yoast_head_json":{"title":"Itin\u00e9raires et visites \u00e0 Sant Cugat \u00e0 c\u00f4t\u00e9 de Barcelona","description":"Itin\u00e9raires et visites \u00e0 Sant Cugat del Vall\u00e8s: audioguide du Monast\u00e8re de Sant Cugat, itin\u00e9raires \u00e0 pied, Chemin de Saint-Jacques, etc","robots":{"index":"index","follow":"follow","max-snippet":"max-snippet:-1","max-image-preview":"max-image-preview:large","max-video-preview":"max-video-preview:-1"},"canonical":"https:\/\/visit.santcugat.cat\/fr\/que-faire\/itineraires-et-visites\/","og_locale":"fr_FR","og_type":"article","og_title":"Itin\u00e9raires et visites \u00e0 Sant Cugat \u00e0 c\u00f4t\u00e9 de Barcelona","og_description":"Itin\u00e9raires et visites \u00e0 Sant Cugat del Vall\u00e8s: audioguide du Monast\u00e8re de Sant Cugat, itin\u00e9raires \u00e0 pied, Chemin de Saint-Jacques, etc","og_url":"https:\/\/visit.santcugat.cat\/fr\/que-faire\/itineraires-et-visites\/","og_site_name":"Visit Sant Cugat","article_publisher":"https:\/\/www.facebook.com\/visitsantcugat\/","article_modified_time":"2023-12-05T11:15:57+00:00","og_image":[{"width":984,"height":502,"url":"https:\/\/visit.santcugat.cat\/wp-content\/uploads\/2023\/03\/CLAUSTRE-MONASTERIO-DE-SANT-CUGAT_resultado.webp","type":"image\/webp"}],"twitter_card":"summary_large_image","twitter_site":"@ajsantcugat","twitter_misc":{"Dur\u00e9e de lecture estim\u00e9e":"1 minute"},"schema":{"@context":"https:\/\/schema.org","@graph":[{"@type":"WebPage","@id":"https:\/\/visit.santcugat.cat\/fr\/que-faire\/itineraires-et-visites\/","url":"https:\/\/visit.santcugat.cat\/fr\/que-faire\/itineraires-et-visites\/","name":"Itin\u00e9raires et visites \u00e0 Sant Cugat \u00e0 c\u00f4t\u00e9 de Barcelona","isPartOf":{"@id":"https:\/\/visit.santcugat.cat\/fr\/#website"},"datePublished":"2016-11-29T23:19:40+00:00","dateModified":"2023-12-05T11:15:57+00:00","description":"Itin\u00e9raires et visites \u00e0 Sant Cugat del Vall\u00e8s: audioguide du Monast\u00e8re de Sant Cugat, itin\u00e9raires \u00e0 pied, Chemin de Saint-Jacques, etc","breadcrumb":{"@id":"https:\/\/visit.santcugat.cat\/fr\/que-faire\/itineraires-et-visites\/#breadcrumb"},"inLanguage":"fr-FR","potentialAction":[{"@type":"ReadAction","target":["https:\/\/visit.santcugat.cat\/fr\/que-faire\/itineraires-et-visites\/"]}]},{"@type":"BreadcrumbList","@id":"https:\/\/visit.santcugat.cat\/fr\/que-faire\/itineraires-et-visites\/#breadcrumb","itemListElement":[{"@type":"ListItem","position":1,"name":"Inici","item":"https:\/\/visit.santcugat.cat\/fr\/"},{"@type":"ListItem","position":2,"name":"Que faire?","item":"https:\/\/visit.santcugat.cat\/fr\/?page_id=10120"},{"@type":"ListItem","position":3,"name":"Itin\u00e9raires et visites"}]},{"@type":"WebSite","@id":"https:\/\/visit.santcugat.cat\/fr\/#website","url":"https:\/\/visit.santcugat.cat\/fr\/","name":"Visit Sant Cugat","description":"Turisme de Sant Cugat","publisher":{"@id":"https:\/\/visit.santcugat.cat\/fr\/#organization"},"potentialAction":[{"@type":"SearchAction","target":{"@type":"EntryPoint","urlTemplate":"https:\/\/visit.santcugat.cat\/fr\/?s={search_term_string}"},"query-input":{"@type":"PropertyValueSpecification","valueRequired":true,"valueName":"search_term_string"}}],"inLanguage":"fr-FR"},{"@type":"Organization","@id":"https:\/\/visit.santcugat.cat\/fr\/#organization","name":"Visit Sant Cugat - Turisme de Sant Cugat - Barcelona","url":"https:\/\/visit.santcugat.cat\/fr\/","logo":{"@type":"ImageObject","inLanguage":"fr-FR","@id":"https:\/\/visit.santcugat.cat\/fr\/#\/schema\/logo\/image\/","url":"https:\/\/visit.santcugat.cat\/wp-content\/uploads\/2020\/09\/logo.png","contentUrl":"https:\/\/visit.santcugat.cat\/wp-content\/uploads\/2020\/09\/logo.png","width":200,"height":44,"caption":"Visit Sant Cugat - Turisme de Sant Cugat - Barcelona"},"image":{"@id":"https:\/\/visit.santcugat.cat\/fr\/#\/schema\/logo\/image\/"},"sameAs":["https:\/\/www.facebook.com\/visitsantcugat\/","https:\/\/x.com\/ajsantcugat","https:\/\/www.instagram.com\/visitsantcugat\/","https:\/\/ca.wikipedia.org\/wiki\/Sant_Cugat_del_Vall\u00e8s"]}]}},"_links":{"self":[{"href":"https:\/\/visit.santcugat.cat\/fr\/wp-json\/wp\/v2\/pages\/10125","targetHints":{"allow":["GET"]}}],"collection":[{"href":"https:\/\/visit.santcugat.cat\/fr\/wp-json\/wp\/v2\/pages"}],"about":[{"href":"https:\/\/visit.santcugat.cat\/fr\/wp-json\/wp\/v2\/types\/page"}],"author":[{"embeddable":true,"href":"https:\/\/visit.santcugat.cat\/fr\/wp-json\/wp\/v2\/users\/2"}],"replies":[{"embeddable":true,"href":"https:\/\/visit.santcugat.cat\/fr\/wp-json\/wp\/v2\/comments?post=10125"}],"version-history":[{"count":1,"href":"https:\/\/visit.santcugat.cat\/fr\/wp-json\/wp\/v2\/pages\/10125\/revisions"}],"predecessor-version":[{"id":39095,"href":"https:\/\/visit.santcugat.cat\/fr\/wp-json\/wp\/v2\/pages\/10125\/revisions\/39095"}],"up":[{"embeddable":true,"href":"https:\/\/visit.santcugat.cat\/fr\/wp-json\/wp\/v2\/pages\/10120"}],"wp:attachment":[{"href":"https:\/\/visit.santcugat.cat\/fr\/wp-json\/wp\/v2\/media?parent=10125"}],"curies":[{"name":"wp","href":"https:\/\/api.w.org\/{rel}","templated":true}]}}