{"id":8998,"date":"2017-06-30T11:43:23","date_gmt":"2017-06-30T10:43:23","guid":{"rendered":"https:\/\/visit.santcugat.cat\/avis-legal\/"},"modified":"2022-02-25T11:02:42","modified_gmt":"2022-02-25T10:02:42","slug":"aviso-legal","status":"publish","type":"page","link":"https:\/\/visit.santcugat.cat\/es\/aviso-legal\/","title":{"rendered":"Aviso legal"},"content":{"rendered":"<div class=\"fusion-fullwidth fullwidth-box fusion-builder-row-1 nonhundred-percent-fullwidth non-hundred-percent-height-scrolling\" style=\"--awb-border-radius-top-left:0px;--awb-border-radius-top-right:0px;--awb-border-radius-bottom-right:0px;--awb-border-radius-bottom-left:0px;--awb-flex-wrap:wrap;\" ><div class=\"fusion-builder-row fusion-row\"><div class=\"fusion-layout-column fusion_builder_column fusion-builder-column-0 fusion_builder_column_1_2 1_2 fusion-one-half fusion-column-first\" style=\"--awb-bg-size:cover;width:50%;width:calc(50% - ( ( 4% ) * 0.5 ) );margin-right: 4%;\"><div class=\"fusion-column-wrapper fusion-flex-column-wrapper-legacy\"><div class=\"fusion-sep-clear\"><\/div><div class=\"fusion-separator fusion-full-width-sep\" style=\"margin-left: auto;margin-right: auto;margin-top:10px;margin-bottom:15px;width:100%;\"><\/div><div class=\"fusion-sep-clear\"><\/div><div class=\"fusion-text fusion-text-1\"><p>El Ayuntamiento de Sant Cugat del Vall\u00e8s, en adelante <strong>Ayuntamiento de Sant Cugat<\/strong>, es el titular del dominio <strong>visit.santcugat.cat<\/strong>, un sitio web a disposici\u00f3n de cualquier usuario o usuaria con el fin de facilitar informaci\u00f3n de los diferentes servicios y gestiones propios de esta administraci\u00f3n local y, a la vez, proporcionar informaci\u00f3n general de la ciudad de Sant Cugat.<\/p>\n<p>Todos los signos distintivos, marcas, nombres comerciales, contenidos (textos, gr\u00e1ficos, im\u00e1genes, fotograf\u00edas, software, enlaces y otros contenidos audiovisuales o sonoros y c\u00f3digos fuente), estructura, dise\u00f1o y forma de presentaci\u00f3n de los elementos y cualquier otra informaci\u00f3n que aparezca en este sitio web, como las aplicaciones municipales m\u00f3viles por dispositivos Android y IOS <strong>son propiedad del Ayuntamiento de Sant Cugat<\/strong> y est\u00e1n protegidos por los derechos de propiedad industrial e intelectual.<\/p>\n<p>Est\u00e0 prohibida la reproducci\u00f3n, transformaci\u00f3n, distribuci\u00f3n, comunicaci\u00f3n p\u00fablica y, en general cualquier otra forma de explotaci\u00f3n de los elementos referidos en el apartado anterior sin autorizaci\u00f3n expresa del <strong>Ayuntamiento de Sant Cugat.<\/strong> Se autoriza la impresi\u00f3n y descarga de extractos de los contenidos de este sitio web y aplicaciones m\u00f3viles, \u00fanicamente cuando se realicen para uso personal y privado.<\/p>\n<p>En este sitio web se proporcionan varios enlaces a otras p\u00e1ginas web independientes, que no pertenecen al <strong>Ayuntamiento de Sant Cugat<\/strong>, con el objetivo de facilitar el acceso a otras fuentes de informaci\u00f3n relacionadas con esta organizaci\u00f3n municipal y con respecto de los derechos de propiedad intelectual que, si procede, puedan corresponder a sus autores. No obstante, el Ayuntamiento de Sant Cugat no asume ninguna responsabilidad derivada de las conexiones o los contenidos de estos enlaces. As\u00ed mismo, el establecimiento de enlaces al sitio web del Ayuntamiento de Sant Cugat, previa solicitud y autorizaci\u00f3n de este, tendr\u00e1 que respetar los derechos de propiedad intelectual de titularidad municipal.<\/p>\n<p>Las personas usuarias se abstendr\u00e1n de emplear medios que puedan suprimir, alterar, eludir o manipular cualquier dispositivo de protecci\u00f3n o sistemas de seguridad que puedan estar instalados y que comporten un riesgo,da\u00f1o o inutilizaci\u00f3n de este sitio web y\/o sus contenidos.<\/p>\n<p>El <strong>Ayuntamiento de Sant Cugat<\/strong> no se responsabiliza del posible uso inapropiado que terceros realicen de esta p\u00e1gina web o las diferentes aplicaciones m\u00f3viles, ni del contenido, resultado de la traducci\u00f3n autom\u00e1tica de Google y actualizaci\u00f3n de la informaci\u00f3n que proviene de otras personas f\u00edsicas o jur\u00eddicas y que conste en el sitio web o a la que se remita a partir de enlaces u otros sistemas. Los contenidos proporcionados a trav\u00e9s de esta p\u00e1gina web o las diferentes aplicaciones m\u00f3viles tienen car\u00e1cter meramente informativo, por lo cual el uso que de estos pueda hacerse y sus eventuales consecuencias, da\u00f1os o perjuicios que pudieran derivarse, son de la exclusiva responsabilidad del usuario o usuaria.<\/p>\n<p>El <strong>Ayuntamiento de Sant Cugat<\/strong> no asume ninguna responsabilidad por da\u00f1os y perjuicios de toda naturaleza que se puedan ocasionar por el uso de enlaces, directorios y herramientas de investigaci\u00f3n, que permiten acceder a sitios web o aplicaciones m\u00f3viles pertenecientes y\/o gestionados por terceros, as\u00ed como de la presencia de virus u otros c\u00f3digos maliciosos en los contenidos que puedan producir cualquier tipo de da\u00f1os en el sistema inform\u00e1tico, documentos electr\u00f3nicos o ficheros de las personas usuarias.<\/p>\n<p>El <strong>Ayuntamiento de Sant Cugat<\/strong> se reserva el derecho de ejercer las acciones legales que considere oportunas derivadas de cualquier uso il\u00edcito por parte de terceros de los contenidos de su p\u00e1gina web o sus aplicaciones m\u00f3viles.<\/p>\n<p>&nbsp;<\/p>\n<\/div><div class=\"fusion-clearfix\"><\/div><\/div><\/div><div class=\"fusion-layout-column fusion_builder_column fusion-builder-column-1 fusion_builder_column_1_2 1_2 fusion-one-half fusion-column-last\" style=\"--awb-bg-size:cover;width:50%;width:calc(50% - ( ( 4% ) * 0.5 ) );\"><div class=\"fusion-column-wrapper fusion-flex-column-wrapper-legacy\"><div class=\"fusion-text fusion-text-2\" style=\"--awb-text-transform:none;\"><h3><strong>Las Galletas de Sesi\u00f3n y de Google Analytics<\/strong><\/h3>\n<p>Una galleta -com\u00fanmente conocida como &#8220;cookie&#8221;- es una parcela de texto enviado entre un navegador web o aplicaci\u00f3n m\u00f3vil y el servidor que tiene acceso. Las galletas se utilizan para diferenciar un usuario de otro y para pasar informaci\u00f3n de una p\u00e1gina a otra p\u00e1gina web durante la sesi\u00f3n de un \u00fanico usuario.<\/p>\n<p>En el <strong>Ayuntamiento de Sant Cugat<\/strong> se usa galletas para dar una mejor experiencia de usuario. La informaci\u00f3n proporcionada por las galletas ayuda a entender como nuestros visitantes utilizan los sitios web y aplicaciones m\u00f3viles del Ayuntamiento para que podamos mejorar la forma en que presentamos nuestros contenidos.<\/p>\n<p>Estas galletas que se denominan de sesi\u00f3n, no se pueden desactivar y <strong>se borran al cerrar el navegador<\/strong>.<\/p>\n<p>El <strong>Ayuntamiento de Sant Cugat<\/strong> utiliza las galletas de <strong>Google Analytics<\/strong> para definir las sesiones de usuario y obtener datos generales de la navegaci\u00f3n a las webs municipales. No recopilan datos personales de los visitantes de los sitios web municipales y utilizan los est\u00e1ndares de identificaci\u00f3n y caducidad para atribuir correctamente la actividad del visitante.<\/p>\n<\/div><div class=\"fusion-clearfix\"><\/div><\/div><\/div><\/div><\/div>\n","protected":false},"excerpt":{"rendered":"","protected":false},"author":2,"featured_media":0,"parent":0,"menu_order":0,"comment_status":"closed","ping_status":"closed","template":"","meta":{"_joinchat":[],"footnotes":""},"class_list":["post-8998","page","type-page","status-publish","hentry"],"yoast_head":"<!-- This site is optimized with the Yoast SEO plugin v27.4 - https:\/\/yoast.com\/product\/yoast-seo-wordpress\/ -->\n<title>aviso legal<\/title>\n<meta name=\"robots\" content=\"noindex, nofollow\" \/>\n<meta property=\"og:locale\" content=\"es_ES\" \/>\n<meta property=\"og:type\" content=\"article\" \/>\n<meta property=\"og:title\" content=\"aviso legal\" \/>\n<meta property=\"og:url\" content=\"https:\/\/visit.santcugat.cat\/es\/aviso-legal\/\" \/>\n<meta property=\"og:site_name\" content=\"Visit Sant Cugat\" \/>\n<meta property=\"article:publisher\" content=\"https:\/\/www.facebook.com\/visitsantcugat\/\" \/>\n<meta property=\"article:modified_time\" content=\"2022-02-25T10:02:42+00:00\" \/>\n<meta property=\"og:image\" content=\"https:\/\/visit.santcugat.cat\/wp-content\/uploads\/2023\/03\/CLAUSTRE-MONASTERIO-DE-SANT-CUGAT_resultado.webp\" \/>\n\t<meta property=\"og:image:width\" content=\"984\" \/>\n\t<meta property=\"og:image:height\" content=\"502\" \/>\n\t<meta property=\"og:image:type\" content=\"image\/webp\" \/>\n<meta name=\"twitter:card\" content=\"summary_large_image\" \/>\n<meta name=\"twitter:site\" content=\"@ajsantcugat\" \/>\n<meta name=\"twitter:label1\" content=\"Tiempo de lectura\" \/>\n\t<meta name=\"twitter:data1\" content=\"5 minutos\" \/>\n<script type=\"application\/ld+json\" class=\"yoast-schema-graph\">{\"@context\":\"https:\\\/\\\/schema.org\",\"@graph\":[{\"@type\":\"WebPage\",\"@id\":\"https:\\\/\\\/visit.santcugat.cat\\\/es\\\/aviso-legal\\\/\",\"url\":\"https:\\\/\\\/visit.santcugat.cat\\\/es\\\/aviso-legal\\\/\",\"name\":\"aviso legal\",\"isPartOf\":{\"@id\":\"https:\\\/\\\/visit.santcugat.cat\\\/fr\\\/#website\"},\"datePublished\":\"2017-06-30T10:43:23+00:00\",\"dateModified\":\"2022-02-25T10:02:42+00:00\",\"breadcrumb\":{\"@id\":\"https:\\\/\\\/visit.santcugat.cat\\\/es\\\/aviso-legal\\\/#breadcrumb\"},\"inLanguage\":\"es\",\"potentialAction\":[{\"@type\":\"ReadAction\",\"target\":[\"https:\\\/\\\/visit.santcugat.cat\\\/es\\\/aviso-legal\\\/\"]}]},{\"@type\":\"BreadcrumbList\",\"@id\":\"https:\\\/\\\/visit.santcugat.cat\\\/es\\\/aviso-legal\\\/#breadcrumb\",\"itemListElement\":[{\"@type\":\"ListItem\",\"position\":1,\"name\":\"Inici\",\"item\":\"https:\\\/\\\/visit.santcugat.cat\\\/es\\\/\"},{\"@type\":\"ListItem\",\"position\":2,\"name\":\"Aviso legal\"}]},{\"@type\":\"WebSite\",\"@id\":\"https:\\\/\\\/visit.santcugat.cat\\\/fr\\\/#website\",\"url\":\"https:\\\/\\\/visit.santcugat.cat\\\/fr\\\/\",\"name\":\"Visit Sant Cugat\",\"description\":\"Turisme de Sant Cugat\",\"publisher\":{\"@id\":\"https:\\\/\\\/visit.santcugat.cat\\\/fr\\\/#organization\"},\"potentialAction\":[{\"@type\":\"SearchAction\",\"target\":{\"@type\":\"EntryPoint\",\"urlTemplate\":\"https:\\\/\\\/visit.santcugat.cat\\\/fr\\\/?s={search_term_string}\"},\"query-input\":{\"@type\":\"PropertyValueSpecification\",\"valueRequired\":true,\"valueName\":\"search_term_string\"}}],\"inLanguage\":\"es\"},{\"@type\":\"Organization\",\"@id\":\"https:\\\/\\\/visit.santcugat.cat\\\/fr\\\/#organization\",\"name\":\"Visit Sant Cugat - Turisme de Sant Cugat - Barcelona\",\"url\":\"https:\\\/\\\/visit.santcugat.cat\\\/fr\\\/\",\"logo\":{\"@type\":\"ImageObject\",\"inLanguage\":\"es\",\"@id\":\"https:\\\/\\\/visit.santcugat.cat\\\/fr\\\/#\\\/schema\\\/logo\\\/image\\\/\",\"url\":\"https:\\\/\\\/visit.santcugat.cat\\\/wp-content\\\/uploads\\\/2020\\\/09\\\/logo.png\",\"contentUrl\":\"https:\\\/\\\/visit.santcugat.cat\\\/wp-content\\\/uploads\\\/2020\\\/09\\\/logo.png\",\"width\":200,\"height\":44,\"caption\":\"Visit Sant Cugat - Turisme de Sant Cugat - Barcelona\"},\"image\":{\"@id\":\"https:\\\/\\\/visit.santcugat.cat\\\/fr\\\/#\\\/schema\\\/logo\\\/image\\\/\"},\"sameAs\":[\"https:\\\/\\\/www.facebook.com\\\/visitsantcugat\\\/\",\"https:\\\/\\\/x.com\\\/ajsantcugat\",\"https:\\\/\\\/www.instagram.com\\\/visitsantcugat\\\/\",\"https:\\\/\\\/ca.wikipedia.org\\\/wiki\\\/Sant_Cugat_del_Vall\u00e8s\"]}]}<\/script>\n<!-- \/ Yoast SEO plugin. -->","yoast_head_json":{"title":"aviso legal","robots":{"index":"noindex","follow":"nofollow"},"og_locale":"es_ES","og_type":"article","og_title":"aviso legal","og_url":"https:\/\/visit.santcugat.cat\/es\/aviso-legal\/","og_site_name":"Visit Sant Cugat","article_publisher":"https:\/\/www.facebook.com\/visitsantcugat\/","article_modified_time":"2022-02-25T10:02:42+00:00","og_image":[{"width":984,"height":502,"url":"https:\/\/visit.santcugat.cat\/wp-content\/uploads\/2023\/03\/CLAUSTRE-MONASTERIO-DE-SANT-CUGAT_resultado.webp","type":"image\/webp"}],"twitter_card":"summary_large_image","twitter_site":"@ajsantcugat","twitter_misc":{"Tiempo de lectura":"5 minutos"},"schema":{"@context":"https:\/\/schema.org","@graph":[{"@type":"WebPage","@id":"https:\/\/visit.santcugat.cat\/es\/aviso-legal\/","url":"https:\/\/visit.santcugat.cat\/es\/aviso-legal\/","name":"aviso legal","isPartOf":{"@id":"https:\/\/visit.santcugat.cat\/fr\/#website"},"datePublished":"2017-06-30T10:43:23+00:00","dateModified":"2022-02-25T10:02:42+00:00","breadcrumb":{"@id":"https:\/\/visit.santcugat.cat\/es\/aviso-legal\/#breadcrumb"},"inLanguage":"es","potentialAction":[{"@type":"ReadAction","target":["https:\/\/visit.santcugat.cat\/es\/aviso-legal\/"]}]},{"@type":"BreadcrumbList","@id":"https:\/\/visit.santcugat.cat\/es\/aviso-legal\/#breadcrumb","itemListElement":[{"@type":"ListItem","position":1,"name":"Inici","item":"https:\/\/visit.santcugat.cat\/es\/"},{"@type":"ListItem","position":2,"name":"Aviso legal"}]},{"@type":"WebSite","@id":"https:\/\/visit.santcugat.cat\/fr\/#website","url":"https:\/\/visit.santcugat.cat\/fr\/","name":"Visit Sant Cugat","description":"Turisme de Sant Cugat","publisher":{"@id":"https:\/\/visit.santcugat.cat\/fr\/#organization"},"potentialAction":[{"@type":"SearchAction","target":{"@type":"EntryPoint","urlTemplate":"https:\/\/visit.santcugat.cat\/fr\/?s={search_term_string}"},"query-input":{"@type":"PropertyValueSpecification","valueRequired":true,"valueName":"search_term_string"}}],"inLanguage":"es"},{"@type":"Organization","@id":"https:\/\/visit.santcugat.cat\/fr\/#organization","name":"Visit Sant Cugat - Turisme de Sant Cugat - Barcelona","url":"https:\/\/visit.santcugat.cat\/fr\/","logo":{"@type":"ImageObject","inLanguage":"es","@id":"https:\/\/visit.santcugat.cat\/fr\/#\/schema\/logo\/image\/","url":"https:\/\/visit.santcugat.cat\/wp-content\/uploads\/2020\/09\/logo.png","contentUrl":"https:\/\/visit.santcugat.cat\/wp-content\/uploads\/2020\/09\/logo.png","width":200,"height":44,"caption":"Visit Sant Cugat - Turisme de Sant Cugat - Barcelona"},"image":{"@id":"https:\/\/visit.santcugat.cat\/fr\/#\/schema\/logo\/image\/"},"sameAs":["https:\/\/www.facebook.com\/visitsantcugat\/","https:\/\/x.com\/ajsantcugat","https:\/\/www.instagram.com\/visitsantcugat\/","https:\/\/ca.wikipedia.org\/wiki\/Sant_Cugat_del_Vall\u00e8s"]}]}},"_links":{"self":[{"href":"https:\/\/visit.santcugat.cat\/es\/wp-json\/wp\/v2\/pages\/8998","targetHints":{"allow":["GET"]}}],"collection":[{"href":"https:\/\/visit.santcugat.cat\/es\/wp-json\/wp\/v2\/pages"}],"about":[{"href":"https:\/\/visit.santcugat.cat\/es\/wp-json\/wp\/v2\/types\/page"}],"author":[{"embeddable":true,"href":"https:\/\/visit.santcugat.cat\/es\/wp-json\/wp\/v2\/users\/2"}],"replies":[{"embeddable":true,"href":"https:\/\/visit.santcugat.cat\/es\/wp-json\/wp\/v2\/comments?post=8998"}],"version-history":[{"count":1,"href":"https:\/\/visit.santcugat.cat\/es\/wp-json\/wp\/v2\/pages\/8998\/revisions"}],"predecessor-version":[{"id":28948,"href":"https:\/\/visit.santcugat.cat\/es\/wp-json\/wp\/v2\/pages\/8998\/revisions\/28948"}],"wp:attachment":[{"href":"https:\/\/visit.santcugat.cat\/es\/wp-json\/wp\/v2\/media?parent=8998"}],"curies":[{"name":"wp","href":"https:\/\/api.w.org\/{rel}","templated":true}]}}