{"id":7201,"date":"2017-03-23T00:57:21","date_gmt":"2017-03-22T23:57:21","guid":{"rendered":"https:\/\/visit.santcugat.cat\/deportes-en-plena-naturaleza\/senderisme-i-cicloturisme\/"},"modified":"2021-03-02T12:38:15","modified_gmt":"2021-03-02T11:38:15","slug":"senderismo-y-cicloturismo","status":"publish","type":"page","link":"https:\/\/visit.santcugat.cat\/es\/deportes-en-la-naturaleza\/senderismo-y-cicloturismo\/","title":{"rendered":"Senderismo y cicloturismo"},"content":{"rendered":"<p><div class=\"fusion-fullwidth fullwidth-box fusion-builder-row-1 nonhundred-percent-fullwidth non-hundred-percent-height-scrolling fusion-equal-height-columns\" style=\"--awb-border-radius-top-left:0px;--awb-border-radius-top-right:0px;--awb-border-radius-bottom-right:0px;--awb-border-radius-bottom-left:0px;--awb-padding-top:5px;--awb-padding-bottom:5px;--awb-margin-top:15px;--awb-flex-wrap:wrap;\" ><div class=\"fusion-builder-row fusion-row\"><div class=\"fusion-layout-column fusion_builder_column fusion-builder-column-0 fusion_builder_column_1_1 1_1 fusion-one-full fusion-column-first fusion-column-last\" style=\"--awb-padding-top:20px;--awb-padding-right:40px;--awb-padding-bottom:20px;--awb-padding-left:40px;--awb-bg-color:#ffffff;--awb-bg-color-hover:#ffffff;--awb-bg-size:cover;--awb-margin-bottom:15px;\"><div class=\"fusion-column-wrapper fusion-flex-column-wrapper-legacy\"><div class=\"fusion-title title fusion-title-1 fusion-sep-none fusion-title-text fusion-title-size-two\"><h2 class=\"fusion-title-heading title-heading-left fusion-responsive-typography-calculated\" style=\"margin:0;--fontSize:26;line-height:1.69;\">Ponte en camino<\/h2><\/div><div class=\"fusion-text fusion-text-1\"><p>Si hay un color que predomina en la ciudad, este es el verde. Si vienes a visitarnos, sabr\u00e1s el porqu\u00e9. No te olvides de llevar las zapatillas, porque seguro que tendr\u00e1s ganas de salir a correr o coger una bicicleta y comenzar a hacer kil\u00f3metros. Respira, respira, tu cuerpo se llenar\u00e1 de buena energ\u00eda. Te hemos preparado una selecci\u00f3n de caminos para que te pongas en forma.<\/p>\n<\/div><div class=\"fusion-clearfix\"><\/div><\/div><\/div><\/div><\/div><div class=\"fusion-fullwidth fullwidth-box fusion-builder-row-2 nonhundred-percent-fullwidth non-hundred-percent-height-scrolling\" style=\"--awb-border-radius-top-left:0px;--awb-border-radius-top-right:0px;--awb-border-radius-bottom-right:0px;--awb-border-radius-bottom-left:0px;--awb-padding-top:1px;--awb-padding-bottom:1px;--awb-margin-bottom:15px;--awb-flex-wrap:wrap;\" ><div class=\"fusion-builder-row fusion-row\"><div class=\"fusion-layout-column fusion_builder_column fusion-builder-column-1 fusion_builder_column_1_1 1_1 fusion-one-full fusion-column-first fusion-column-last\" style=\"--awb-padding-top:20px;--awb-padding-right:20px;--awb-padding-bottom:20px;--awb-padding-left:20px;--awb-bg-color:#ffffff;--awb-bg-color-hover:#ffffff;--awb-bg-size:cover;\"><div class=\"fusion-column-wrapper fusion-flex-column-wrapper-legacy\"><div class=\"fusion-builder-row fusion-builder-row-inner fusion-row\"><div class=\"fusion-layout-column fusion_builder_column_inner fusion-builder-nested-column-0 fusion_builder_column_inner_2_3 2_3 fusion-two-third fusion-column-first\" style=\"--awb-bg-size:cover;width:66.666666666667%;width:calc(66.666666666667% - ( ( 4% ) * 0.66666666666667 ) );margin-right: 4%;\"><div class=\"fusion-column-wrapper fusion-flex-column-wrapper-legacy\"><div class=\"fusion-image-element in-legacy-container\" style=\"--awb-caption-title-font-family:var(--h2_typography-font-family);--awb-caption-title-font-weight:var(--h2_typography-font-weight);--awb-caption-title-font-style:var(--h2_typography-font-style);--awb-caption-title-size:var(--h2_typography-font-size);--awb-caption-title-transform:var(--h2_typography-text-transform);--awb-caption-title-line-height:var(--h2_typography-line-height);--awb-caption-title-letter-spacing:var(--h2_typography-letter-spacing);\"><span class=\" fusion-imageframe imageframe-none imageframe-1 hover-type-none\"><img decoding=\"async\" width=\"800\" height=\"400\" alt=\"Rutas a pie Parque Natural de Collserola\" title=\"FOTO:MAN\u00c9 ESPINOSA. PARC DE COLLSEROLA. CAM\u00cd DE CAN BORRELL A SANT MEDIR.\" src=\"https:\/\/visit.santcugat.cat\/wp-content\/uploads\/2017\/03\/Collserola.jpg\" class=\"img-responsive wp-image-7202\" srcset=\"https:\/\/visit.santcugat.cat\/wp-content\/uploads\/2017\/03\/Collserola-200x100.jpg 200w, https:\/\/visit.santcugat.cat\/wp-content\/uploads\/2017\/03\/Collserola-400x200.jpg 400w, https:\/\/visit.santcugat.cat\/wp-content\/uploads\/2017\/03\/Collserola-600x300.jpg 600w, https:\/\/visit.santcugat.cat\/wp-content\/uploads\/2017\/03\/Collserola.jpg 800w\" sizes=\"(max-width: 800px) 100vw, 800px\" \/><\/span><\/div><div class=\"fusion-text fusion-text-2\"><h3 style=\"font-weight: 400;\"><span style=\"color: #7ac142;\">Senderismo<\/span><\/h3>\n<\/div><div class=\"fusion-text fusion-text-3\"><p>Tienes muchos caminos por recorrer, todo depende de si quieres dar un paseo o realizar una excursi\u00f3n que implique m\u00e1s tiempo. Aqu\u00ed puedes encontrar toda la informaci\u00f3n sintetizada de las propuestas que tenemos en la actualidad. Puedes elegir desde descargarte una <em>app<\/em> o un mapa con itinerarios de corta duraci\u00f3n hasta bajarte los <em>tracks<\/em> de senderos de m\u00e1s larga duraci\u00f3n.<\/p>\n<ul>\n<li>Desc\u00e1rgate en el m\u00f3vil la <a href=\"https:\/\/naturalocal.net\/es\/search\/all?sft=sant+cugat\" target=\"_blank\" rel=\"nofollow\">app de Natura Local.<\/a><strong>\u00a0<\/strong> Ofrece cuatro itinerarios autoguiados de una duraci\u00f3n de entre una y dos horas.<\/li>\n<li><strong>Itinerarios a pie.<\/strong> Puedes disfrutar de un total de diez itinerarios a pie para descubrir fuentes, valles, caminos y bellas mas\u00edas. <a href=\"https:\/\/visit.santcugat.cat\/es\/parque-natural-de-collserola\/#visitescollserola_es\">Visita la p\u00e1gina del Parque Natural de Collserola<\/a>, encontrar\u00e1s diferentes propuestas en PDFpara descargarte.<\/li>\n<li><strong>Camino de los Monjes. <\/strong>PR C-38, sendero de peque\u00f1o recorrido. Es un trayecto hist\u00f3rico de 25 km que une los municipios de Sant Lloren\u00e7, Matadepera, Terrassa, Sant Quirze y Sant Cugat. <a href=\"https:\/\/visit.santcugat.cat\/es\/camino-de-los-monjes\/?portfolioCats=130%2C116\">M\u00e9s informaci\u00f3.<\/a><\/li>\n<li><strong>Camino de Santiago.<\/strong>\u00a0 La hist\u00f3rica ruta internacional pasa tambi\u00e9n por Sant Cugat, \u00a0es la vertiente que va de Barcelona para ir al Monasterio de Montserrat pasando por Sant Cugat del Vall\u00e8s. Este primer tramo son 10,7 km. <a href=\"https:\/\/visit.santcugat.cat\/es\/camino-de-santiago\/\">M\u00e1s informaci\u00f3n.<\/a><\/li>\n<li><strong>De Sant Cugat a Barcelona<\/strong>. El PR C-38 es un sendero que va desde Sant Cugat hasta Vista Rica (Horta-Guinard\u00f3, Barcelona),\u00a0 con\u00a0 una distancia de 14,72 km. <a href=\"https:\/\/visit.santcugat.cat\/es\/pr-c-38-santcugat-a-barcelona\/\">M\u00e1s informaci\u00f3n.<\/a><\/li>\n<\/ul>\n<p>Para conocer m\u00e1s detalles de cada una de las propuestas, consulta el apartado <a href=\"https:\/\/visit.santcugat.cat\/es\/rutas\/\">Rutas y visitas<\/a>. y el <a href=\"https:\/\/visit.santcugat.cat\/es\/parque-natural-de-collserola\/\">Parque Natural de Collserola<\/a><\/p>\n<\/div><div class=\"fusion-alignleft\"><a class=\"fusion-button button-flat button-small button-default fusion-button-default button-1 fusion-button-default-span fusion-button-default-type\" target=\"_self\" href=\"https:\/\/visit.santcugat.cat\/es\/rutas\/\"><span class=\"fusion-button-text awb-button__text awb-button__text--default fusion-button-text-right\">M\u00e1s informaci\u00f3n<\/span><span class=\"fusion-button-icon-divider button-icon-divider-right\"><i class=\" fa fa-chevron-right awb-button__icon awb-button__icon--default\" aria-hidden=\"true\"><\/i><\/span><\/a><\/div><div class=\"fusion-clearfix\"><\/div><\/div><\/div><div class=\"fusion-layout-column fusion_builder_column_inner fusion-builder-nested-column-1 fusion_builder_column_inner_1_3 1_3 fusion-one-third fusion-column-last\" style=\"--awb-bg-size:cover;width:33.333333333333%;width:calc(33.333333333333% - ( ( 4% ) * 0.33333333333333 ) );\"><div class=\"fusion-column-wrapper fusion-flex-column-wrapper-legacy\"><div class=\"fusion-text fusion-text-4\"><h4 style=\"font-weight: 400; text-align: center;\"><i class=\"fa fa-info-circle\"><\/i> INFORMACI\u00d3N GENERAL<\/h4>\n<\/div><div class=\"fusion-sep-clear\"><\/div><div class=\"fusion-separator fusion-full-width-sep\" style=\"margin-left: auto;margin-right: auto;margin-top:0px;margin-bottom:30px;width:100%;max-width:100%;\"><div class=\"fusion-separator-border sep-single sep-solid\" style=\"--awb-height:20px;--awb-amount:20px;border-color:#7ac142;border-top-width:2px;\"><\/div><\/div><div class=\"fusion-sep-clear\"><\/div><div class=\"fusion-text fusion-text-5\"><p><strong>Oficina de Turismo<\/strong><br \/>\nPlaza d\u2019Octavi\u00e0, 10<br \/>\nTel.: +(34) 936 759 952<br \/>\nturisme@santcugat.cat<\/p>\n<\/div><div class=\"fusion-sep-clear\"><\/div><div class=\"fusion-separator fusion-full-width-sep\" style=\"margin-left: auto;margin-right: auto;margin-top:1px;margin-bottom:1px;width:100%;\"><\/div><div class=\"fusion-sep-clear\"><\/div><div class=\"fusion-clearfix\"><\/div><\/div><\/div><\/div><div class=\"fusion-clearfix\"><\/div><\/div><\/div><\/div><\/div><div class=\"fusion-fullwidth fullwidth-box fusion-builder-row-3 nonhundred-percent-fullwidth non-hundred-percent-height-scrolling\" style=\"--awb-border-radius-top-left:0px;--awb-border-radius-top-right:0px;--awb-border-radius-bottom-right:0px;--awb-border-radius-bottom-left:0px;--awb-padding-top:1px;--awb-padding-bottom:20px;--awb-flex-wrap:wrap;\" ><div class=\"fusion-builder-row fusion-row\"><div class=\"fusion-layout-column fusion_builder_column fusion-builder-column-2 fusion_builder_column_1_1 1_1 fusion-one-full fusion-column-first fusion-column-last\" style=\"--awb-padding-top:20px;--awb-padding-right:20px;--awb-padding-bottom:20px;--awb-padding-left:20px;--awb-bg-color:#ffffff;--awb-bg-color-hover:#ffffff;--awb-bg-size:cover;\"><div class=\"fusion-column-wrapper fusion-flex-column-wrapper-legacy\"><div class=\"fusion-builder-row fusion-builder-row-inner fusion-row\"><div class=\"fusion-layout-column fusion_builder_column_inner fusion-builder-nested-column-2 fusion_builder_column_inner_2_3 2_3 fusion-two-third fusion-column-first\" style=\"--awb-bg-size:cover;width:66.666666666667%;width:calc(66.666666666667% - ( ( 4% ) * 0.66666666666667 ) );margin-right: 4%;\"><div class=\"fusion-column-wrapper fusion-flex-column-wrapper-legacy\"><div class=\"fusion-image-element in-legacy-container\" style=\"--awb-caption-title-font-family:var(--h2_typography-font-family);--awb-caption-title-font-weight:var(--h2_typography-font-weight);--awb-caption-title-font-style:var(--h2_typography-font-style);--awb-caption-title-size:var(--h2_typography-font-size);--awb-caption-title-transform:var(--h2_typography-text-transform);--awb-caption-title-line-height:var(--h2_typography-line-height);--awb-caption-title-letter-spacing:var(--h2_typography-letter-spacing);\"><span class=\" fusion-imageframe imageframe-none imageframe-2 hover-type-none\"><img decoding=\"async\" width=\"800\" height=\"400\" alt=\"Cicloturismo Parque Natural de Collserola\" title=\"FOTO: MAN\u00c9 ESPINOSA. PASSEJADES AMB BICICLETAS EL\u00c8CTRIQUES AMB VAIC.\" src=\"https:\/\/visit.santcugat.cat\/wp-content\/uploads\/2017\/03\/Itineraris-amb-bicicleta.jpg\" class=\"img-responsive wp-image-17951\" srcset=\"https:\/\/visit.santcugat.cat\/wp-content\/uploads\/2017\/03\/Itineraris-amb-bicicleta-200x100.jpg 200w, https:\/\/visit.santcugat.cat\/wp-content\/uploads\/2017\/03\/Itineraris-amb-bicicleta-400x200.jpg 400w, https:\/\/visit.santcugat.cat\/wp-content\/uploads\/2017\/03\/Itineraris-amb-bicicleta-600x300.jpg 600w, https:\/\/visit.santcugat.cat\/wp-content\/uploads\/2017\/03\/Itineraris-amb-bicicleta.jpg 800w\" sizes=\"(max-width: 800px) 100vw, 800px\" \/><\/span><\/div><div class=\"fusion-text fusion-text-6\"><h3 style=\"font-weight: 400;\"><span style=\"color: #7ac142;\">Cicloturismo<\/span><\/h3>\n<\/div><div class=\"fusion-text fusion-text-7\"><p>Si lo que te gusta es la bicicleta, dispones de diferentes pistas,\u00a0 recuerda que los caminos tienen que tener por lo menos 3 m de anchura. Puedes ir o volver con tu\u00a0 bicicleta en tren, tanto en la estaci\u00f3n de Cercan\u00edas-Renfe o las estaciones de FGC. Las indicaciones para seguir los itinerarios corresponden a la se\u00f1alizaci\u00f3n de las\u00a0 pistas del parque, que son las se\u00f1ales verticales de cada cruce. Tambi\u00e9n te hemos preparado dos propuestas:<\/p>\n<ul>\n<li><strong>De Sant Cugat a Sant Cugat por Can Borrell<\/strong>, para ir con los ni\u00f1os en bicicleta son 6 km. <a href=\"https:\/\/visit.santcugat.cat\/wp-content\/uploads\/2020\/07\/07-Sant-Cugat-Sant-Cugat-per-Can-Borrell-CAS.pdf\">Descarga PDF<\/a><\/li>\n<li><strong>Sant Cugat-Apeadero de Vallvidrera<\/strong>, son 10,4 km y tambi\u00e9n es una ruta f\u00e1cil. <a href=\"https:\/\/visit.santcugat.cat\/wp-content\/uploads\/2020\/07\/08-Sant-Cugat-Baixador-de-Vallvidrera-CAS.pdf\">Descarga PDF<\/a><\/li>\n<\/ul>\n<\/div><div class=\"fusion-alignleft\"><a class=\"fusion-button button-flat button-small button-default fusion-button-default button-2 fusion-button-default-span fusion-button-default-type\" target=\"_blank\" rel=\"noopener noreferrer\" href=\"https:\/\/visit.santcugat.cat\/wp-content\/uploads\/2017\/06\/12mountain-bike-routes-and-routes-on-foot-2.pdf\"><span class=\"fusion-button-text awb-button__text awb-button__text--default fusion-button-text-right\">Descarga PDF<\/span><span class=\"fusion-button-icon-divider button-icon-divider-right\"><i class=\" fa fa-arrow-down awb-button__icon awb-button__icon--default\" aria-hidden=\"true\"><\/i><\/span><\/a><\/div><div class=\"fusion-clearfix\"><\/div><\/div><\/div><div class=\"fusion-layout-column fusion_builder_column_inner fusion-builder-nested-column-3 fusion_builder_column_inner_1_3 1_3 fusion-one-third fusion-column-last\" style=\"--awb-bg-size:cover;width:33.333333333333%;width:calc(33.333333333333% - ( ( 4% ) * 0.33333333333333 ) );\"><div class=\"fusion-column-wrapper fusion-flex-column-wrapper-legacy\"><div class=\"fusion-text fusion-text-8\"><h4 style=\"font-weight: 400; text-align: center;\"><i class=\"fa fa-info-circle\"><\/i> INFORMACI\u00d3N GENERAL<\/h4>\n<\/div><div class=\"fusion-sep-clear\"><\/div><div class=\"fusion-separator fusion-full-width-sep\" style=\"margin-left: auto;margin-right: auto;margin-top:0px;margin-bottom:30px;width:100%;max-width:100%;\"><div class=\"fusion-separator-border sep-single sep-solid\" style=\"--awb-height:20px;--awb-amount:20px;border-color:#7ac142;border-top-width:2px;\"><\/div><\/div><div class=\"fusion-sep-clear\"><\/div><div class=\"fusion-text fusion-text-9\"><p><strong>Oficina de Turismo<\/strong><br \/>\nPlaza d\u2019Octavi\u00e0, 10<br \/>\nTel.: +(34) 936 759 952<br \/>\nturisme@santcugat.cat<\/p>\n<\/div><div class=\"fusion-sep-clear\"><\/div><div class=\"fusion-separator fusion-full-width-sep\" style=\"margin-left: auto;margin-right: auto;margin-top:1px;margin-bottom:1px;width:100%;\"><\/div><div class=\"fusion-sep-clear\"><\/div><div class=\"fusion-clearfix\"><\/div><\/div><\/div><\/div><div class=\"fusion-clearfix\"><\/div><\/div><\/div><\/div><\/div><\/p>\n","protected":false},"excerpt":{"rendered":"","protected":false},"author":2,"featured_media":0,"parent":7107,"menu_order":0,"comment_status":"closed","ping_status":"closed","template":"","meta":{"_joinchat":[],"footnotes":""},"class_list":["post-7201","page","type-page","status-publish","hentry"],"yoast_head":"<!-- This site is optimized with the Yoast SEO plugin v27.4 - https:\/\/yoast.com\/product\/yoast-seo-wordpress\/ -->\n<title>Rutas de Senderismo y Cicloturismo en Barcelona | Visit Sant Cugat<\/title>\n<meta name=\"description\" content=\"Hacer senderismo y cicloturismo en Sant Cugat es un placer\ud83d\udeb5\ud83c\udffb\u200d\u2642\ufe0f. Consulta nuestra selecci\u00f3n de caminos para que te pongas en forma a un paso de Barcelona.\" \/>\n<meta name=\"robots\" content=\"index, follow, max-snippet:-1, max-image-preview:large, max-video-preview:-1\" \/>\n<link rel=\"canonical\" href=\"https:\/\/visit.santcugat.cat\/que-fer\/esports-a-la-natura\/senderisme-i-cicloturisme\/\" \/>\n<meta property=\"og:locale\" content=\"es_ES\" \/>\n<meta property=\"og:type\" content=\"article\" \/>\n<meta property=\"og:title\" content=\"Rutas de Senderismo y Cicloturismo en Barcelona | Visit Sant Cugat\" \/>\n<meta property=\"og:description\" content=\"Hacer senderismo y cicloturismo en Sant Cugat es un placer\ud83d\udeb5\ud83c\udffb\u200d\u2642\ufe0f. Consulta nuestra selecci\u00f3n de caminos para que te pongas en forma a un paso de Barcelona.\" \/>\n<meta property=\"og:url\" content=\"https:\/\/visit.santcugat.cat\/que-fer\/esports-a-la-natura\/senderisme-i-cicloturisme\/\" \/>\n<meta property=\"og:site_name\" content=\"Visit Sant Cugat\" \/>\n<meta property=\"article:publisher\" content=\"https:\/\/www.facebook.com\/visitsantcugat\/\" \/>\n<meta property=\"article:modified_time\" content=\"2021-03-02T11:38:15+00:00\" \/>\n<meta property=\"og:image\" content=\"https:\/\/visit.santcugat.cat\/wp-content\/uploads\/2023\/03\/CLAUSTRE-MONASTERIO-DE-SANT-CUGAT_resultado.webp\" \/>\n\t<meta property=\"og:image:width\" content=\"984\" \/>\n\t<meta property=\"og:image:height\" content=\"502\" \/>\n\t<meta property=\"og:image:type\" content=\"image\/webp\" \/>\n<meta name=\"twitter:card\" content=\"summary_large_image\" \/>\n<meta name=\"twitter:site\" content=\"@ajsantcugat\" \/>\n<meta name=\"twitter:label1\" content=\"Tiempo de lectura\" \/>\n\t<meta name=\"twitter:data1\" content=\"5 minutos\" \/>\n<script type=\"application\/ld+json\" class=\"yoast-schema-graph\">{\"@context\":\"https:\\\/\\\/schema.org\",\"@graph\":[{\"@type\":\"WebPage\",\"@id\":\"https:\\\/\\\/visit.santcugat.cat\\\/que-fer\\\/esports-a-la-natura\\\/senderisme-i-cicloturisme\\\/\",\"url\":\"https:\\\/\\\/visit.santcugat.cat\\\/que-fer\\\/esports-a-la-natura\\\/senderisme-i-cicloturisme\\\/\",\"name\":\"Rutas de Senderismo y Cicloturismo en Barcelona | Visit Sant Cugat\",\"isPartOf\":{\"@id\":\"https:\\\/\\\/visit.santcugat.cat\\\/fr\\\/#website\"},\"datePublished\":\"2017-03-22T23:57:21+00:00\",\"dateModified\":\"2021-03-02T11:38:15+00:00\",\"description\":\"Hacer senderismo y cicloturismo en Sant Cugat es un placer\ud83d\udeb5\ud83c\udffb\u200d\u2642\ufe0f. Consulta nuestra selecci\u00f3n de caminos para que te pongas en forma a un paso de Barcelona.\",\"breadcrumb\":{\"@id\":\"https:\\\/\\\/visit.santcugat.cat\\\/que-fer\\\/esports-a-la-natura\\\/senderisme-i-cicloturisme\\\/#breadcrumb\"},\"inLanguage\":\"es\",\"potentialAction\":[{\"@type\":\"ReadAction\",\"target\":[\"https:\\\/\\\/visit.santcugat.cat\\\/que-fer\\\/esports-a-la-natura\\\/senderisme-i-cicloturisme\\\/\"]}]},{\"@type\":\"BreadcrumbList\",\"@id\":\"https:\\\/\\\/visit.santcugat.cat\\\/que-fer\\\/esports-a-la-natura\\\/senderisme-i-cicloturisme\\\/#breadcrumb\",\"itemListElement\":[{\"@type\":\"ListItem\",\"position\":1,\"name\":\"Inici\",\"item\":\"https:\\\/\\\/visit.santcugat.cat\\\/es\\\/\"},{\"@type\":\"ListItem\",\"position\":2,\"name\":\"Deportes en la naturaleza\",\"item\":\"https:\\\/\\\/visit.santcugat.cat\\\/que-fer\\\/esports-a-la-natura\\\/\"},{\"@type\":\"ListItem\",\"position\":3,\"name\":\"Senderismo y cicloturismo\"}]},{\"@type\":\"WebSite\",\"@id\":\"https:\\\/\\\/visit.santcugat.cat\\\/fr\\\/#website\",\"url\":\"https:\\\/\\\/visit.santcugat.cat\\\/fr\\\/\",\"name\":\"Visit Sant Cugat\",\"description\":\"Turisme de Sant Cugat\",\"publisher\":{\"@id\":\"https:\\\/\\\/visit.santcugat.cat\\\/fr\\\/#organization\"},\"potentialAction\":[{\"@type\":\"SearchAction\",\"target\":{\"@type\":\"EntryPoint\",\"urlTemplate\":\"https:\\\/\\\/visit.santcugat.cat\\\/fr\\\/?s={search_term_string}\"},\"query-input\":{\"@type\":\"PropertyValueSpecification\",\"valueRequired\":true,\"valueName\":\"search_term_string\"}}],\"inLanguage\":\"es\"},{\"@type\":\"Organization\",\"@id\":\"https:\\\/\\\/visit.santcugat.cat\\\/fr\\\/#organization\",\"name\":\"Visit Sant Cugat - Turisme de Sant Cugat - Barcelona\",\"url\":\"https:\\\/\\\/visit.santcugat.cat\\\/fr\\\/\",\"logo\":{\"@type\":\"ImageObject\",\"inLanguage\":\"es\",\"@id\":\"https:\\\/\\\/visit.santcugat.cat\\\/fr\\\/#\\\/schema\\\/logo\\\/image\\\/\",\"url\":\"https:\\\/\\\/visit.santcugat.cat\\\/wp-content\\\/uploads\\\/2020\\\/09\\\/logo.png\",\"contentUrl\":\"https:\\\/\\\/visit.santcugat.cat\\\/wp-content\\\/uploads\\\/2020\\\/09\\\/logo.png\",\"width\":200,\"height\":44,\"caption\":\"Visit Sant Cugat - Turisme de Sant Cugat - Barcelona\"},\"image\":{\"@id\":\"https:\\\/\\\/visit.santcugat.cat\\\/fr\\\/#\\\/schema\\\/logo\\\/image\\\/\"},\"sameAs\":[\"https:\\\/\\\/www.facebook.com\\\/visitsantcugat\\\/\",\"https:\\\/\\\/x.com\\\/ajsantcugat\",\"https:\\\/\\\/www.instagram.com\\\/visitsantcugat\\\/\",\"https:\\\/\\\/ca.wikipedia.org\\\/wiki\\\/Sant_Cugat_del_Vall\u00e8s\"]}]}<\/script>\n<!-- \/ Yoast SEO plugin. -->","yoast_head_json":{"title":"Rutas de Senderismo y Cicloturismo en Barcelona | Visit Sant Cugat","description":"Hacer senderismo y cicloturismo en Sant Cugat es un placer\ud83d\udeb5\ud83c\udffb\u200d\u2642\ufe0f. Consulta nuestra selecci\u00f3n de caminos para que te pongas en forma a un paso de Barcelona.","robots":{"index":"index","follow":"follow","max-snippet":"max-snippet:-1","max-image-preview":"max-image-preview:large","max-video-preview":"max-video-preview:-1"},"canonical":"https:\/\/visit.santcugat.cat\/que-fer\/esports-a-la-natura\/senderisme-i-cicloturisme\/","og_locale":"es_ES","og_type":"article","og_title":"Rutas de Senderismo y Cicloturismo en Barcelona | Visit Sant Cugat","og_description":"Hacer senderismo y cicloturismo en Sant Cugat es un placer\ud83d\udeb5\ud83c\udffb\u200d\u2642\ufe0f. Consulta nuestra selecci\u00f3n de caminos para que te pongas en forma a un paso de Barcelona.","og_url":"https:\/\/visit.santcugat.cat\/que-fer\/esports-a-la-natura\/senderisme-i-cicloturisme\/","og_site_name":"Visit Sant Cugat","article_publisher":"https:\/\/www.facebook.com\/visitsantcugat\/","article_modified_time":"2021-03-02T11:38:15+00:00","og_image":[{"width":984,"height":502,"url":"https:\/\/visit.santcugat.cat\/wp-content\/uploads\/2023\/03\/CLAUSTRE-MONASTERIO-DE-SANT-CUGAT_resultado.webp","type":"image\/webp"}],"twitter_card":"summary_large_image","twitter_site":"@ajsantcugat","twitter_misc":{"Tiempo de lectura":"5 minutos"},"schema":{"@context":"https:\/\/schema.org","@graph":[{"@type":"WebPage","@id":"https:\/\/visit.santcugat.cat\/que-fer\/esports-a-la-natura\/senderisme-i-cicloturisme\/","url":"https:\/\/visit.santcugat.cat\/que-fer\/esports-a-la-natura\/senderisme-i-cicloturisme\/","name":"Rutas de Senderismo y Cicloturismo en Barcelona | Visit Sant Cugat","isPartOf":{"@id":"https:\/\/visit.santcugat.cat\/fr\/#website"},"datePublished":"2017-03-22T23:57:21+00:00","dateModified":"2021-03-02T11:38:15+00:00","description":"Hacer senderismo y cicloturismo en Sant Cugat es un placer\ud83d\udeb5\ud83c\udffb\u200d\u2642\ufe0f. Consulta nuestra selecci\u00f3n de caminos para que te pongas en forma a un paso de Barcelona.","breadcrumb":{"@id":"https:\/\/visit.santcugat.cat\/que-fer\/esports-a-la-natura\/senderisme-i-cicloturisme\/#breadcrumb"},"inLanguage":"es","potentialAction":[{"@type":"ReadAction","target":["https:\/\/visit.santcugat.cat\/que-fer\/esports-a-la-natura\/senderisme-i-cicloturisme\/"]}]},{"@type":"BreadcrumbList","@id":"https:\/\/visit.santcugat.cat\/que-fer\/esports-a-la-natura\/senderisme-i-cicloturisme\/#breadcrumb","itemListElement":[{"@type":"ListItem","position":1,"name":"Inici","item":"https:\/\/visit.santcugat.cat\/es\/"},{"@type":"ListItem","position":2,"name":"Deportes en la naturaleza","item":"https:\/\/visit.santcugat.cat\/que-fer\/esports-a-la-natura\/"},{"@type":"ListItem","position":3,"name":"Senderismo y cicloturismo"}]},{"@type":"WebSite","@id":"https:\/\/visit.santcugat.cat\/fr\/#website","url":"https:\/\/visit.santcugat.cat\/fr\/","name":"Visit Sant Cugat","description":"Turisme de Sant Cugat","publisher":{"@id":"https:\/\/visit.santcugat.cat\/fr\/#organization"},"potentialAction":[{"@type":"SearchAction","target":{"@type":"EntryPoint","urlTemplate":"https:\/\/visit.santcugat.cat\/fr\/?s={search_term_string}"},"query-input":{"@type":"PropertyValueSpecification","valueRequired":true,"valueName":"search_term_string"}}],"inLanguage":"es"},{"@type":"Organization","@id":"https:\/\/visit.santcugat.cat\/fr\/#organization","name":"Visit Sant Cugat - Turisme de Sant Cugat - Barcelona","url":"https:\/\/visit.santcugat.cat\/fr\/","logo":{"@type":"ImageObject","inLanguage":"es","@id":"https:\/\/visit.santcugat.cat\/fr\/#\/schema\/logo\/image\/","url":"https:\/\/visit.santcugat.cat\/wp-content\/uploads\/2020\/09\/logo.png","contentUrl":"https:\/\/visit.santcugat.cat\/wp-content\/uploads\/2020\/09\/logo.png","width":200,"height":44,"caption":"Visit Sant Cugat - Turisme de Sant Cugat - Barcelona"},"image":{"@id":"https:\/\/visit.santcugat.cat\/fr\/#\/schema\/logo\/image\/"},"sameAs":["https:\/\/www.facebook.com\/visitsantcugat\/","https:\/\/x.com\/ajsantcugat","https:\/\/www.instagram.com\/visitsantcugat\/","https:\/\/ca.wikipedia.org\/wiki\/Sant_Cugat_del_Vall\u00e8s"]}]}},"_links":{"self":[{"href":"https:\/\/visit.santcugat.cat\/es\/wp-json\/wp\/v2\/pages\/7201","targetHints":{"allow":["GET"]}}],"collection":[{"href":"https:\/\/visit.santcugat.cat\/es\/wp-json\/wp\/v2\/pages"}],"about":[{"href":"https:\/\/visit.santcugat.cat\/es\/wp-json\/wp\/v2\/types\/page"}],"author":[{"embeddable":true,"href":"https:\/\/visit.santcugat.cat\/es\/wp-json\/wp\/v2\/users\/2"}],"replies":[{"embeddable":true,"href":"https:\/\/visit.santcugat.cat\/es\/wp-json\/wp\/v2\/comments?post=7201"}],"version-history":[{"count":5,"href":"https:\/\/visit.santcugat.cat\/es\/wp-json\/wp\/v2\/pages\/7201\/revisions"}],"predecessor-version":[{"id":25202,"href":"https:\/\/visit.santcugat.cat\/es\/wp-json\/wp\/v2\/pages\/7201\/revisions\/25202"}],"up":[{"embeddable":true,"href":"https:\/\/visit.santcugat.cat\/es\/wp-json\/wp\/v2\/pages\/7107"}],"wp:attachment":[{"href":"https:\/\/visit.santcugat.cat\/es\/wp-json\/wp\/v2\/media?parent=7201"}],"curies":[{"name":"wp","href":"https:\/\/api.w.org\/{rel}","templated":true}]}}