{"id":7112,"date":"2017-05-02T09:43:03","date_gmt":"2017-05-02T08:43:03","guid":{"rendered":"https:\/\/visit.santcugat.cat\/gastronomia\/"},"modified":"2026-04-28T10:19:20","modified_gmt":"2026-04-28T08:19:20","slug":"gastronomia","status":"publish","type":"page","link":"https:\/\/visit.santcugat.cat\/es\/gastronomia\/","title":{"rendered":"Gastronom\u00eda"},"content":{"rendered":"<div class=\"fusion-fullwidth fullwidth-box fusion-builder-row-1 fusion-flex-container hundred-percent-fullwidth non-hundred-percent-height-scrolling\" style=\"--awb-background-position:left top;--awb-border-sizes-top:0px;--awb-border-sizes-bottom:0px;--awb-border-sizes-left:0px;--awb-border-sizes-right:0px;--awb-border-radius-top-left:0px;--awb-border-radius-top-right:0px;--awb-border-radius-bottom-right:0px;--awb-border-radius-bottom-left:0px;--awb-padding-top:15px;--awb-padding-right:0px;--awb-padding-bottom:0px;--awb-padding-left:0px;--awb-background-color:rgba(255,255,255,0);--awb-flex-wrap:wrap;\" ><div class=\"fusion-builder-row fusion-row fusion-flex-align-items-flex-start fusion-flex-content-wrap\" style=\"width:104% !important;max-width:104% !important;margin-left: calc(-4% \/ 2 );margin-right: calc(-4% \/ 2 );\"><div class=\"fusion-layout-column fusion_builder_column fusion-builder-column-0 fusion_builder_column_1_1 1_1 fusion-flex-column\" style=\"--awb-padding-top:15px;--awb-padding-right:40px;--awb-padding-bottom:10px;--awb-padding-left:40px;--awb-bg-color:#ffffff;--awb-bg-color-hover:#ffffff;--awb-bg-size:cover;--awb-border-color:#dddddd;--awb-border-top:1px;--awb-border-right:1px;--awb-border-bottom:1px;--awb-border-left:1px;--awb-border-style:solid;--awb-width-large:100%;--awb-margin-top-large:0px;--awb-spacing-right-large:1.92%;--awb-margin-bottom-large:0px;--awb-spacing-left-large:1.92%;--awb-width-medium:100%;--awb-spacing-right-medium:1.92%;--awb-spacing-left-medium:1.92%;--awb-width-small:100%;--awb-spacing-right-small:1.92%;--awb-spacing-left-small:1.92%;\"><div class=\"fusion-column-wrapper fusion-flex-justify-content-center fusion-content-layout-column\"><div class=\"fusion-title title fusion-title-1 fusion-sep-none fusion-title-text fusion-title-size-two\" style=\"--awb-margin-top-small:0px;--awb-margin-bottom-small:20px;\"><h2 class=\"fusion-title-heading title-heading-left fusion-responsive-typography-calculated\" style=\"margin:0;--fontSize:26;line-height:1.69;\">GASTRONOM\u00cdA DE SAN CUGAT: RESTAURANTES PARA REPETIR<\/h2><\/div><div class=\"fusion-text fusion-text-1\" style=\"--awb-text-transform:none;\"><p>Si buscas vivir una buena experiencia gastron\u00f3mica, Sant Cugat es el sitio ideal. Esta ciudad combina la mejor <strong>gastronom\u00eda de proximidad<\/strong> con una oferta de <strong>restaurantes en Sant Cugat<\/strong> que te sorprender\u00e1n, tanto por su calidad como por su diversidad. <\/p>\n<h3>Restaurantes de Sant Cugat: para todos los momentos<\/h3>\n<p>En Sant Cugat encontrar\u00e1s opciones para todos los gustos: desde peque\u00f1os locales con encanto en el centro hasta restaurantes rodeados de naturaleza en Collserola. <strong>La cocina catalana,<\/strong> reconocida mundialmente, es una de las protagonistas indiscutibles, con platos tradicionales y creativos que conectar\u00e1n con el territorio. Adem\u00e1s, podr\u00e1s disfrutar de una excelente oferta de <strong>gastronom\u00eda internacional.<\/strong> Si quieres asegurarte la elecci\u00f3n perfecta, consulta los mejores <a href=\"https:\/\/www.tripadvisor.es\/Restaurants-g1080422-Sant_Cugat_del_Valles_Catalonia.html\" target=\"_blank\" rel=\"noopener nofollow\">restaurantes de Sant Cugat en TripAdvisor.<\/a>  <\/p>\n<h3>Gastronom\u00eda de proximidad y entornos \u00fanicos<\/h3>\n<p>En Sant Cugat, cada plato cuenta una historia. Los ingredientes frescos y de proximidad son el punto de partida de una cocina que destaca por su autenticidad. Y el entorno acompa\u00f1a: desde el almuerzo con vistas al Monasterio hasta una cena tranquila en un restaurante rodeado de bosques, cada comida se vive de una manera especial.  <\/p>\n<h2>\u00bfPor qu\u00e9 visitar los restaurantes de Sant Cugat?<\/h2>\n<ul>\n<li><strong>Cercan\u00eda y calidad:<\/strong> <a href=\"https:\/\/visit.santcugat.cat\/que-veure\/productes-de-la-terra\/\">Productos de la tierra<\/a> que dan a los platos un sabor aut\u00e9ntico.<\/li>\n<li><strong>Diversidad gastron\u00f3mica<\/strong> : Hay restaurantes para todas las preferencias, desde la cocina tradicional catalana hasta la internacional.<\/li>\n<li><strong>Escenarios \u00fanicos:<\/strong> El centro hist\u00f3rico, Collserola o las terrazas de la ciudad hacen que comer aqu\u00ed sea una experiencia inolvidable.<\/li>\n<li><strong>Una buena combinaci\u00f3n:<\/strong> Los sabores, texturas, aromas, cultura y buen clima son los ingredientes de la gastronom\u00eda de los restaurantes de Sant Cugat.<\/li>\n<\/ul>\n<\/div><\/div><\/div><div class=\"fusion-layout-column fusion_builder_column fusion-builder-column-1 fusion_builder_column_1_2 1_2 fusion-flex-column\" style=\"--awb-bg-color:#f5f5f5;--awb-bg-color-hover:#f5f5f5;--awb-bg-size:cover;--awb-border-color:#dddddd;--awb-border-top:0;--awb-border-right:0;--awb-border-bottom:0;--awb-border-left:0;--awb-border-style:solid;--awb-width-large:50%;--awb-margin-top-large:0px;--awb-spacing-right-large:3.84%;--awb-margin-bottom-large:0px;--awb-spacing-left-large:3.84%;--awb-width-medium:100%;--awb-spacing-right-medium:1.92%;--awb-spacing-left-medium:1.92%;--awb-width-small:100%;--awb-spacing-right-small:1.92%;--awb-spacing-left-small:1.92%;\"><div class=\"fusion-column-wrapper fusion-flex-justify-content-center fusion-content-layout-column\"><div class=\"fusion-image-carousel fusion-image-carousel-auto fusion-image-carousel-1 section-image-carousel-only-one-plus-dots-improved\"><div data-slide-effect=\"fade\" class=\"awb-carousel awb-swiper awb-swiper-carousel awb-carousel--slider awb-swiper-dots-position-bottom\" data-layout=\"slider\" data-autoplay=\"no\" data-autoplayspeed=\"5000\" data-autoplaypause=\"yes\" data-loop=\"yes\" data-columns=\"5\" data-columnsmedium=\"1\" data-columnssmall=\"1\" data-itemmargin=\"13\" data-itemwidth=\"180\" data-touchscroll=\"no\" data-freemode=\"no\" data-imagesize=\"auto\" data-scrollitems=\"0\" data-centeredslides=\"no\" data-rotationangle=\"50\" data-depth=\"100\" data-speed=\"500\" data-shadow=\"no\" data-pagination=\"bullets\" style=\"--awb-arrow-position-horizontal:4px;--awb-arrow-size:32px;--awb-arrow-box-width:48px;--awb-arrow-box-height:48px;--awb-arrow-color:#ffffff;--awb-arrow-hover-bgcolor:#ffffff;--awb-arrow-hover-color:#000000;--awb-dots-color:#ffffff;--awb-dots-size:18px;--awb-dots-active-size:18px;--awb-dots-spacing:8px;--awb-dots-align:center;\"><div class=\"swiper-wrapper awb-image-carousel-wrapper fusion-flex-align-items-center\"><div class=\"swiper-slide\"><div class=\"fusion-carousel-item-wrapper\"><div class=\"fusion-image-wrapper hover-type-zoomin\"><img decoding=\"async\" width=\"566\" height=\"377\" src=\"https:\/\/visit.santcugat.cat\/wp-content\/uploads\/2017\/05\/4STA-MARIA-1-e1494612574687.jpg\" class=\"attachment-full size-full\" alt=\"Pan y embutido\" srcset=\"https:\/\/visit.santcugat.cat\/wp-content\/uploads\/2017\/05\/4STA-MARIA-1-e1494612574687-500x333.jpg 500w, https:\/\/visit.santcugat.cat\/wp-content\/uploads\/2017\/05\/4STA-MARIA-1-e1494612574687.jpg 566w\" sizes=\"(max-width: 566px) 100vw, 566px\" \/><\/div><\/div><\/div><div class=\"swiper-slide\"><div class=\"fusion-carousel-item-wrapper\"><div class=\"fusion-image-wrapper hover-type-zoomin\"><img decoding=\"async\" width=\"565\" height=\"377\" src=\"https:\/\/visit.santcugat.cat\/wp-content\/uploads\/2017\/05\/5TERRASSES_sant_cugat.jpg\" class=\"attachment-full size-full\" alt=\"Un bar de Sant Cugat\" srcset=\"https:\/\/visit.santcugat.cat\/wp-content\/uploads\/2017\/05\/5TERRASSES_sant_cugat-200x133.jpg 200w, https:\/\/visit.santcugat.cat\/wp-content\/uploads\/2017\/05\/5TERRASSES_sant_cugat-300x200.jpg 300w, https:\/\/visit.santcugat.cat\/wp-content\/uploads\/2017\/05\/5TERRASSES_sant_cugat-400x267.jpg 400w, https:\/\/visit.santcugat.cat\/wp-content\/uploads\/2017\/05\/5TERRASSES_sant_cugat-500x334.jpg 500w, https:\/\/visit.santcugat.cat\/wp-content\/uploads\/2017\/05\/5TERRASSES_sant_cugat.jpg 565w\" sizes=\"(max-width: 565px) 100vw, 565px\" \/><\/div><\/div><\/div><\/div><div class=\"swiper-pagination\"><\/div><div class=\"awb-swiper-button awb-swiper-button-prev\"><i class=\"fa-angle-left far\" aria-hidden=\"true\"><\/i><\/div><div class=\"awb-swiper-button awb-swiper-button-next\"><i class=\"fa-angle-right far\" aria-hidden=\"true\"><\/i><\/div><\/div><\/div><\/div><\/div><div class=\"fusion-layout-column fusion_builder_column fusion-builder-column-2 fusion_builder_column_1_2 1_2 fusion-flex-column\" style=\"--awb-bg-color:#f5f5f5;--awb-bg-color-hover:#f5f5f5;--awb-bg-size:cover;--awb-border-color:#dddddd;--awb-border-top:0;--awb-border-right:0;--awb-border-bottom:0;--awb-border-left:0;--awb-border-style:solid;--awb-width-large:50%;--awb-margin-top-large:0px;--awb-spacing-right-large:3.84%;--awb-margin-bottom-large:0px;--awb-spacing-left-large:3.84%;--awb-width-medium:100%;--awb-spacing-right-medium:1.92%;--awb-spacing-left-medium:1.92%;--awb-width-small:100%;--awb-spacing-right-small:1.92%;--awb-spacing-left-small:1.92%;\"><div class=\"fusion-column-wrapper fusion-flex-justify-content-center fusion-content-layout-column\"><div class=\"fusion-image-carousel fusion-image-carousel-auto fusion-image-carousel-2 section-image-carousel-only-one-plus-dots-improved\"><div data-slide-effect=\"fade\" class=\"awb-carousel awb-swiper awb-swiper-carousel awb-carousel--slider awb-swiper-dots-position-bottom\" data-layout=\"slider\" data-autoplay=\"no\" data-autoplayspeed=\"5000\" data-autoplaypause=\"yes\" data-loop=\"yes\" data-columns=\"5\" data-columnsmedium=\"1\" data-columnssmall=\"1\" data-itemmargin=\"13\" data-itemwidth=\"180\" data-touchscroll=\"no\" data-freemode=\"no\" data-imagesize=\"auto\" data-scrollitems=\"0\" data-centeredslides=\"no\" data-rotationangle=\"50\" data-depth=\"100\" data-speed=\"500\" data-shadow=\"no\" data-pagination=\"bullets\" style=\"--awb-arrow-position-horizontal:4px;--awb-arrow-size:32px;--awb-arrow-box-width:48px;--awb-arrow-box-height:48px;--awb-arrow-color:#ffffff;--awb-arrow-hover-bgcolor:#ffffff;--awb-arrow-hover-color:#000000;--awb-dots-color:#ffffff;--awb-dots-size:18px;--awb-dots-active-size:18px;--awb-dots-spacing:8px;--awb-dots-align:center;\"><div class=\"swiper-wrapper awb-image-carousel-wrapper fusion-flex-align-items-center\"><div class=\"swiper-slide\"><div class=\"fusion-carousel-item-wrapper\"><div class=\"fusion-image-wrapper hover-type-zoomin\"><img decoding=\"async\" width=\"565\" height=\"377\" src=\"https:\/\/visit.santcugat.cat\/wp-content\/uploads\/2017\/05\/2MATILDA.jpg\" class=\"attachment-full size-full\" alt=\"Un restaurante llamado Matilda\" srcset=\"https:\/\/visit.santcugat.cat\/wp-content\/uploads\/2017\/05\/2MATILDA-200x133.jpg 200w, https:\/\/visit.santcugat.cat\/wp-content\/uploads\/2017\/05\/2MATILDA-300x200.jpg 300w, https:\/\/visit.santcugat.cat\/wp-content\/uploads\/2017\/05\/2MATILDA-400x267.jpg 400w, https:\/\/visit.santcugat.cat\/wp-content\/uploads\/2017\/05\/2MATILDA-500x334.jpg 500w, https:\/\/visit.santcugat.cat\/wp-content\/uploads\/2017\/05\/2MATILDA.jpg 565w\" sizes=\"(max-width: 565px) 100vw, 565px\" \/><\/div><\/div><\/div><div class=\"swiper-slide\"><div class=\"fusion-carousel-item-wrapper\"><div class=\"fusion-image-wrapper hover-type-zoomin\"><img decoding=\"async\" width=\"565\" height=\"377\" src=\"https:\/\/visit.santcugat.cat\/wp-content\/uploads\/2024\/11\/2TERRASSES-sant-cugat.jpg\" class=\"attachment-full size-full\" alt=\"Una terraza de Sant Cugat\" srcset=\"https:\/\/visit.santcugat.cat\/wp-content\/uploads\/2024\/11\/2TERRASSES-sant-cugat-200x133.jpg 200w, https:\/\/visit.santcugat.cat\/wp-content\/uploads\/2024\/11\/2TERRASSES-sant-cugat-300x200.jpg 300w, https:\/\/visit.santcugat.cat\/wp-content\/uploads\/2024\/11\/2TERRASSES-sant-cugat-400x267.jpg 400w, https:\/\/visit.santcugat.cat\/wp-content\/uploads\/2024\/11\/2TERRASSES-sant-cugat.jpg 565w\" sizes=\"(max-width: 565px) 100vw, 565px\" \/><\/div><\/div><\/div><\/div><div class=\"swiper-pagination\"><\/div><div class=\"awb-swiper-button awb-swiper-button-prev\"><i class=\"fa-angle-left far\" aria-hidden=\"true\"><\/i><\/div><div class=\"awb-swiper-button awb-swiper-button-next\"><i class=\"fa-angle-right far\" aria-hidden=\"true\"><\/i><\/div><\/div><\/div><\/div><\/div><\/div><\/div>\n","protected":false},"excerpt":{"rendered":"","protected":false},"author":2,"featured_media":0,"parent":0,"menu_order":0,"comment_status":"closed","ping_status":"closed","template":"","meta":{"_joinchat":[],"footnotes":""},"class_list":["post-7112","page","type-page","status-publish","hentry"],"yoast_head":"<!-- This site is optimized with the Yoast SEO plugin v27.5 - https:\/\/yoast.com\/product\/yoast-seo-wordpress\/ -->\n<title>Gastronom\u00eda en Sant Cugat y Collserola | Visit Sant Cugat<\/title>\n<meta name=\"description\" content=\"Para comer en Sant Cugat\ud83c\udf7d descubrir\u00e1s restaurantes ubicados en el centro y en medio de la naturaleza, en Collserola Entra y consulta m\u00e1s informaci\u00f3n.\" \/>\n<meta name=\"robots\" content=\"index, follow, max-snippet:-1, max-image-preview:large, max-video-preview:-1\" \/>\n<link rel=\"canonical\" href=\"https:\/\/visit.santcugat.cat\/es\/gastronomia\/\" \/>\n<meta property=\"og:locale\" content=\"es_ES\" \/>\n<meta property=\"og:type\" content=\"article\" \/>\n<meta property=\"og:title\" content=\"Gastronom\u00eda en Sant Cugat y Collserola | Visit Sant Cugat\" \/>\n<meta property=\"og:description\" content=\"Para comer en Sant Cugat\ud83c\udf7d descubrir\u00e1s restaurantes ubicados en el centro y en medio de la naturaleza, en Collserola Entra y consulta m\u00e1s informaci\u00f3n.\" \/>\n<meta property=\"og:url\" content=\"https:\/\/visit.santcugat.cat\/es\/gastronomia\/\" \/>\n<meta property=\"og:site_name\" content=\"Visit Sant Cugat\" \/>\n<meta property=\"article:publisher\" content=\"https:\/\/www.facebook.com\/visitsantcugat\/\" \/>\n<meta property=\"article:modified_time\" content=\"2026-04-28T08:19:20+00:00\" \/>\n<meta property=\"og:image\" content=\"https:\/\/visit.santcugat.cat\/wp-content\/uploads\/2023\/03\/CLAUSTRE-MONASTERIO-DE-SANT-CUGAT_resultado.webp\" \/>\n\t<meta property=\"og:image:width\" content=\"984\" \/>\n\t<meta property=\"og:image:height\" content=\"502\" \/>\n\t<meta property=\"og:image:type\" content=\"image\/webp\" \/>\n<meta name=\"twitter:card\" content=\"summary_large_image\" \/>\n<meta name=\"twitter:site\" content=\"@ajsantcugat\" \/>\n<meta name=\"twitter:label1\" content=\"Tiempo de lectura\" \/>\n\t<meta name=\"twitter:data1\" content=\"5 minutos\" \/>\n<script type=\"application\/ld+json\" class=\"yoast-schema-graph\">{\"@context\":\"https:\\\/\\\/schema.org\",\"@graph\":[{\"@type\":\"WebPage\",\"@id\":\"https:\\\/\\\/visit.santcugat.cat\\\/es\\\/gastronomia\\\/\",\"url\":\"https:\\\/\\\/visit.santcugat.cat\\\/es\\\/gastronomia\\\/\",\"name\":\"Gastronom\u00eda en Sant Cugat y Collserola | Visit Sant Cugat\",\"isPartOf\":{\"@id\":\"https:\\\/\\\/visit.santcugat.cat\\\/fr\\\/#website\"},\"datePublished\":\"2017-05-02T08:43:03+00:00\",\"dateModified\":\"2026-04-28T08:19:20+00:00\",\"description\":\"Para comer en Sant Cugat\ud83c\udf7d descubrir\u00e1s restaurantes ubicados en el centro y en medio de la naturaleza, en Collserola Entra y consulta m\u00e1s informaci\u00f3n.\",\"breadcrumb\":{\"@id\":\"https:\\\/\\\/visit.santcugat.cat\\\/es\\\/gastronomia\\\/#breadcrumb\"},\"inLanguage\":\"es\",\"potentialAction\":[{\"@type\":\"ReadAction\",\"target\":[\"https:\\\/\\\/visit.santcugat.cat\\\/es\\\/gastronomia\\\/\"]}]},{\"@type\":\"BreadcrumbList\",\"@id\":\"https:\\\/\\\/visit.santcugat.cat\\\/es\\\/gastronomia\\\/#breadcrumb\",\"itemListElement\":[{\"@type\":\"ListItem\",\"position\":1,\"name\":\"Inici\",\"item\":\"https:\\\/\\\/visit.santcugat.cat\\\/es\\\/\"},{\"@type\":\"ListItem\",\"position\":2,\"name\":\"Gastronom\u00eda\"}]},{\"@type\":\"WebSite\",\"@id\":\"https:\\\/\\\/visit.santcugat.cat\\\/fr\\\/#website\",\"url\":\"https:\\\/\\\/visit.santcugat.cat\\\/fr\\\/\",\"name\":\"Visit Sant Cugat\",\"description\":\"Turisme de Sant Cugat\",\"publisher\":{\"@id\":\"https:\\\/\\\/visit.santcugat.cat\\\/fr\\\/#organization\"},\"potentialAction\":[{\"@type\":\"SearchAction\",\"target\":{\"@type\":\"EntryPoint\",\"urlTemplate\":\"https:\\\/\\\/visit.santcugat.cat\\\/fr\\\/?s={search_term_string}\"},\"query-input\":{\"@type\":\"PropertyValueSpecification\",\"valueRequired\":true,\"valueName\":\"search_term_string\"}}],\"inLanguage\":\"es\"},{\"@type\":\"Organization\",\"@id\":\"https:\\\/\\\/visit.santcugat.cat\\\/fr\\\/#organization\",\"name\":\"Visit Sant Cugat - Turisme de Sant Cugat - Barcelona\",\"url\":\"https:\\\/\\\/visit.santcugat.cat\\\/fr\\\/\",\"logo\":{\"@type\":\"ImageObject\",\"inLanguage\":\"es\",\"@id\":\"https:\\\/\\\/visit.santcugat.cat\\\/fr\\\/#\\\/schema\\\/logo\\\/image\\\/\",\"url\":\"https:\\\/\\\/visit.santcugat.cat\\\/wp-content\\\/uploads\\\/2020\\\/09\\\/logo.png\",\"contentUrl\":\"https:\\\/\\\/visit.santcugat.cat\\\/wp-content\\\/uploads\\\/2020\\\/09\\\/logo.png\",\"width\":200,\"height\":44,\"caption\":\"Visit Sant Cugat - Turisme de Sant Cugat - Barcelona\"},\"image\":{\"@id\":\"https:\\\/\\\/visit.santcugat.cat\\\/fr\\\/#\\\/schema\\\/logo\\\/image\\\/\"},\"sameAs\":[\"https:\\\/\\\/www.facebook.com\\\/visitsantcugat\\\/\",\"https:\\\/\\\/x.com\\\/ajsantcugat\",\"https:\\\/\\\/www.instagram.com\\\/visitsantcugat\\\/\",\"https:\\\/\\\/ca.wikipedia.org\\\/wiki\\\/Sant_Cugat_del_Vall\u00e8s\"]}]}<\/script>\n<!-- \/ Yoast SEO plugin. -->","yoast_head_json":{"title":"Gastronom\u00eda en Sant Cugat y Collserola | Visit Sant Cugat","description":"Para comer en Sant Cugat\ud83c\udf7d descubrir\u00e1s restaurantes ubicados en el centro y en medio de la naturaleza, en Collserola Entra y consulta m\u00e1s informaci\u00f3n.","robots":{"index":"index","follow":"follow","max-snippet":"max-snippet:-1","max-image-preview":"max-image-preview:large","max-video-preview":"max-video-preview:-1"},"canonical":"https:\/\/visit.santcugat.cat\/es\/gastronomia\/","og_locale":"es_ES","og_type":"article","og_title":"Gastronom\u00eda en Sant Cugat y Collserola | Visit Sant Cugat","og_description":"Para comer en Sant Cugat\ud83c\udf7d descubrir\u00e1s restaurantes ubicados en el centro y en medio de la naturaleza, en Collserola Entra y consulta m\u00e1s informaci\u00f3n.","og_url":"https:\/\/visit.santcugat.cat\/es\/gastronomia\/","og_site_name":"Visit Sant Cugat","article_publisher":"https:\/\/www.facebook.com\/visitsantcugat\/","article_modified_time":"2026-04-28T08:19:20+00:00","og_image":[{"width":984,"height":502,"url":"https:\/\/visit.santcugat.cat\/wp-content\/uploads\/2023\/03\/CLAUSTRE-MONASTERIO-DE-SANT-CUGAT_resultado.webp","type":"image\/webp"}],"twitter_card":"summary_large_image","twitter_site":"@ajsantcugat","twitter_misc":{"Tiempo de lectura":"5 minutos"},"schema":{"@context":"https:\/\/schema.org","@graph":[{"@type":"WebPage","@id":"https:\/\/visit.santcugat.cat\/es\/gastronomia\/","url":"https:\/\/visit.santcugat.cat\/es\/gastronomia\/","name":"Gastronom\u00eda en Sant Cugat y Collserola | Visit Sant Cugat","isPartOf":{"@id":"https:\/\/visit.santcugat.cat\/fr\/#website"},"datePublished":"2017-05-02T08:43:03+00:00","dateModified":"2026-04-28T08:19:20+00:00","description":"Para comer en Sant Cugat\ud83c\udf7d descubrir\u00e1s restaurantes ubicados en el centro y en medio de la naturaleza, en Collserola Entra y consulta m\u00e1s informaci\u00f3n.","breadcrumb":{"@id":"https:\/\/visit.santcugat.cat\/es\/gastronomia\/#breadcrumb"},"inLanguage":"es","potentialAction":[{"@type":"ReadAction","target":["https:\/\/visit.santcugat.cat\/es\/gastronomia\/"]}]},{"@type":"BreadcrumbList","@id":"https:\/\/visit.santcugat.cat\/es\/gastronomia\/#breadcrumb","itemListElement":[{"@type":"ListItem","position":1,"name":"Inici","item":"https:\/\/visit.santcugat.cat\/es\/"},{"@type":"ListItem","position":2,"name":"Gastronom\u00eda"}]},{"@type":"WebSite","@id":"https:\/\/visit.santcugat.cat\/fr\/#website","url":"https:\/\/visit.santcugat.cat\/fr\/","name":"Visit Sant Cugat","description":"Turisme de Sant Cugat","publisher":{"@id":"https:\/\/visit.santcugat.cat\/fr\/#organization"},"potentialAction":[{"@type":"SearchAction","target":{"@type":"EntryPoint","urlTemplate":"https:\/\/visit.santcugat.cat\/fr\/?s={search_term_string}"},"query-input":{"@type":"PropertyValueSpecification","valueRequired":true,"valueName":"search_term_string"}}],"inLanguage":"es"},{"@type":"Organization","@id":"https:\/\/visit.santcugat.cat\/fr\/#organization","name":"Visit Sant Cugat - Turisme de Sant Cugat - Barcelona","url":"https:\/\/visit.santcugat.cat\/fr\/","logo":{"@type":"ImageObject","inLanguage":"es","@id":"https:\/\/visit.santcugat.cat\/fr\/#\/schema\/logo\/image\/","url":"https:\/\/visit.santcugat.cat\/wp-content\/uploads\/2020\/09\/logo.png","contentUrl":"https:\/\/visit.santcugat.cat\/wp-content\/uploads\/2020\/09\/logo.png","width":200,"height":44,"caption":"Visit Sant Cugat - Turisme de Sant Cugat - Barcelona"},"image":{"@id":"https:\/\/visit.santcugat.cat\/fr\/#\/schema\/logo\/image\/"},"sameAs":["https:\/\/www.facebook.com\/visitsantcugat\/","https:\/\/x.com\/ajsantcugat","https:\/\/www.instagram.com\/visitsantcugat\/","https:\/\/ca.wikipedia.org\/wiki\/Sant_Cugat_del_Vall\u00e8s"]}]}},"_links":{"self":[{"href":"https:\/\/visit.santcugat.cat\/es\/wp-json\/wp\/v2\/pages\/7112","targetHints":{"allow":["GET"]}}],"collection":[{"href":"https:\/\/visit.santcugat.cat\/es\/wp-json\/wp\/v2\/pages"}],"about":[{"href":"https:\/\/visit.santcugat.cat\/es\/wp-json\/wp\/v2\/types\/page"}],"author":[{"embeddable":true,"href":"https:\/\/visit.santcugat.cat\/es\/wp-json\/wp\/v2\/users\/2"}],"replies":[{"embeddable":true,"href":"https:\/\/visit.santcugat.cat\/es\/wp-json\/wp\/v2\/comments?post=7112"}],"version-history":[{"count":9,"href":"https:\/\/visit.santcugat.cat\/es\/wp-json\/wp\/v2\/pages\/7112\/revisions"}],"predecessor-version":[{"id":49877,"href":"https:\/\/visit.santcugat.cat\/es\/wp-json\/wp\/v2\/pages\/7112\/revisions\/49877"}],"wp:attachment":[{"href":"https:\/\/visit.santcugat.cat\/es\/wp-json\/wp\/v2\/media?parent=7112"}],"curies":[{"name":"wp","href":"https:\/\/api.w.org\/{rel}","templated":true}]}}