{"id":7103,"date":"2017-03-07T20:20:15","date_gmt":"2017-03-07T19:20:15","guid":{"rendered":"https:\/\/visit.santcugat.cat\/experiencies-i-promocions\/museu-marilyn-monroe-monestir-de-sant-cugat\/"},"modified":"2022-07-06T11:28:41","modified_gmt":"2022-07-06T09:28:41","slug":"museo-marilyn-monroe-monasterio-de-sant-cugat","status":"publish","type":"page","link":"https:\/\/visit.santcugat.cat\/es\/experiencias-y-planes\/museo-marilyn-monroe-monasterio-de-sant-cugat\/","title":{"rendered":"Museo Marilyn Monroe &#038; Monasterio de Sant Cugat"},"content":{"rendered":"<div class=\"fusion-fullwidth fullwidth-box fusion-builder-row-1 nonhundred-percent-fullwidth non-hundred-percent-height-scrolling\" style=\"--awb-background-position:left top;--awb-border-sizes-top:0px;--awb-border-sizes-bottom:0px;--awb-border-sizes-left:0px;--awb-border-sizes-right:0px;--awb-border-radius-top-left:0px;--awb-border-radius-top-right:0px;--awb-border-radius-bottom-right:0px;--awb-border-radius-bottom-left:0px;--awb-padding-top:20px;--awb-padding-bottom:20px;--awb-flex-wrap:wrap;\" ><div class=\"fusion-builder-row fusion-row\"><div class=\"fusion-layout-column fusion_builder_column fusion-builder-column-0 fusion_builder_column_1_1 1_1 fusion-one-full fusion-column-first fusion-column-last fusion-column-no-min-height\" style=\"--awb-bg-size:cover;\"><div class=\"fusion-column-wrapper fusion-flex-column-wrapper-legacy\"><div class=\"fusion-column-content-centered\"><div class=\"fusion-column-content\"><div class=\"fusion-image-element in-legacy-container\" style=\"--awb-caption-title-font-family:var(--h2_typography-font-family);--awb-caption-title-font-weight:var(--h2_typography-font-weight);--awb-caption-title-font-style:var(--h2_typography-font-style);--awb-caption-title-size:var(--h2_typography-font-size);--awb-caption-title-transform:var(--h2_typography-text-transform);--awb-caption-title-line-height:var(--h2_typography-line-height);--awb-caption-title-letter-spacing:var(--h2_typography-letter-spacing);\"><span class=\" fusion-imageframe imageframe-none imageframe-1 hover-type-none\"><img decoding=\"async\" width=\"1190\" height=\"450\" alt=\"Monestir de Sant Cugat - Cal Gerrer\" title=\"Productes i promocions monestur marilyn\" src=\"https:\/\/visit.santcugat.cat\/wp-content\/uploads\/2017\/03\/Productes-i-promocions-monestur-marilyn.jpg\" class=\"img-responsive wp-image-7104\" srcset=\"https:\/\/visit.santcugat.cat\/wp-content\/uploads\/2017\/03\/Productes-i-promocions-monestur-marilyn-200x76.jpg 200w, https:\/\/visit.santcugat.cat\/wp-content\/uploads\/2017\/03\/Productes-i-promocions-monestur-marilyn-400x151.jpg 400w, https:\/\/visit.santcugat.cat\/wp-content\/uploads\/2017\/03\/Productes-i-promocions-monestur-marilyn-600x227.jpg 600w, https:\/\/visit.santcugat.cat\/wp-content\/uploads\/2017\/03\/Productes-i-promocions-monestur-marilyn-800x303.jpg 800w, https:\/\/visit.santcugat.cat\/wp-content\/uploads\/2017\/03\/Productes-i-promocions-monestur-marilyn.jpg 1190w\" sizes=\"(max-width: 800px) 100vw, 1190px\" \/><\/span><\/div><\/div><\/div><div class=\"fusion-clearfix\"><\/div><\/div><\/div><div class=\"fusion-layout-column fusion_builder_column fusion-builder-column-1 fusion_builder_column_1_1 1_1 fusion-one-full fusion-column-first fusion-column-last fusion-column-no-min-height\" style=\"--awb-padding-top:20px;--awb-padding-right:40px;--awb-padding-bottom:15px;--awb-padding-left:40px;--awb-bg-color:#ffffff;--awb-bg-color-hover:#ffffff;--awb-bg-size:cover;--awb-border-color:#dddddd;--awb-border-top:1px;--awb-border-right:1px;--awb-border-bottom:1px;--awb-border-left:1px;--awb-border-style:solid;\"><div class=\"fusion-column-wrapper fusion-flex-column-wrapper-legacy\"><div class=\"fusion-title title fusion-title-1 fusion-sep-none fusion-title-text fusion-title-size-one\" style=\"--awb-margin-bottom:-20px;\"><h1 class=\"fusion-title-heading title-heading-left fusion-responsive-typography-calculated\" style=\"margin:0;--fontSize:46;line-height:1.11;\"><h2><strong><span style=\"color: #81d742;\">Museo Marilyn Monroe &amp; Monasterio de Sant Cugat<\/span><\/strong><\/h2><\/h1><\/div><div class=\"fusion-sep-clear\"><\/div><div class=\"fusion-separator fusion-full-width-sep\" style=\"margin-left: auto;margin-right: auto;margin-top:10px;margin-bottom:10px;width:100%;\"><\/div><div class=\"fusion-sep-clear\"><\/div><div class=\"fusion-text fusion-text-1\" style=\"--awb-text-transform:none;\"><p><strong>Un combinado sorprenendente:<\/strong> visitar el \u00fanico museo de Europa dedicado a <a href=\"https:\/\/visit.santcugat.cat\/es\/casa-museu-cal-gerrer\/?portfolioCats=130\">Marilyn Monroe<\/a>, situado en la antigua f\u00e1brica de cer\u00e1mica Arp\u00ed, y disfrutar del <a href=\"https:\/\/visit.santcugat.cat\/es\/monasterio-de-sant-cugat\/\">Monasterio de Sant Cugat<\/a>, con uno de los mejores claustros de Europa, escuchando la audiogu\u00eda. Ambos est\u00e1n en la plaza d\u2019Octavi\u00e0.<\/p>\n<p><strong>\u00bfQu\u00e9 incluye?<\/strong><\/p>\n<ul>\n<li>Entrada al Museo Marilyn Monroe.<\/li>\n<li>Entrada al Monasterio de Sant Cugat y alquiler de la audiogu\u00eda para los mayores de 16 a\u00f1os.<\/li>\n<li>Entrega de un talonario de descuentos de la ciudad, disponible en la Oficina de Turismo o en el Monasterio.<\/li>\n<\/ul>\n<\/div><div class=\"fusion-clearfix\"><\/div><\/div><\/div><div class=\"fusion-layout-column fusion_builder_column fusion-builder-column-2 fusion_builder_column_1_2 1_2 fusion-one-half fusion-column-first fusion-column-no-min-height\" style=\"--awb-padding-top:20px;--awb-padding-right:40px;--awb-padding-bottom:15px;--awb-padding-left:40px;--awb-bg-color:#ffffff;--awb-bg-color-hover:#ffffff;--awb-bg-size:cover;--awb-border-color:#dddddd;--awb-border-top:1px;--awb-border-right:1px;--awb-border-bottom:1px;--awb-border-left:1px;--awb-border-style:solid;\"><div class=\"fusion-column-wrapper fusion-flex-column-wrapper-legacy\"><div class=\"fusion-aligncenter\"><a class=\"fusion-button button-flat button-medium button-default fusion-button-default button-1 fusion-button-span-no fusion-button-default-type\" target=\"_blank\" rel=\"noopener noreferrer\" href=\"http:\/\/bcnshop.barcelonaturisme.com\/shopv3\/es\/product\/23920\/museo-marilyn-monroe-y-monasterio-de-sant-cugat.html?o=b\"><span class=\"fusion-button-text awb-button__text awb-button__text--default fusion-button-text-right\">BCNSHOP<\/span><span class=\"fusion-button-icon-divider button-icon-divider-right\"><i class=\" fa fa-shopping-cart awb-button__icon awb-button__icon--default\" aria-hidden=\"true\"><\/i><\/span><\/a><\/div><div class=\"fusion-clearfix\"><\/div><\/div><\/div><div class=\"fusion-layout-column fusion_builder_column fusion-builder-column-3 fusion_builder_column_1_2 1_2 fusion-one-half fusion-column-last fusion-column-no-min-height\" style=\"--awb-padding-top:20px;--awb-padding-right:40px;--awb-padding-bottom:15px;--awb-padding-left:40px;--awb-bg-color:#ffffff;--awb-bg-color-hover:#ffffff;--awb-bg-size:cover;--awb-border-color:#dddddd;--awb-border-top:1px;--awb-border-right:1px;--awb-border-bottom:1px;--awb-border-left:1px;--awb-border-style:solid;\"><div class=\"fusion-column-wrapper fusion-flex-column-wrapper-legacy\"><div class=\"fusion-aligncenter\"><a class=\"fusion-button button-flat button-medium button-default fusion-button-default button-2 fusion-button-span-no fusion-button-default-type\" target=\"_blank\" rel=\"noopener noreferrer\" href=\"http:\/\/turistren.cat\/index.php\/fitxa\/combinat-museu-marilyn-monroe-monestir-sant-cugat\/?lang=es\"><span class=\"fusion-button-text awb-button__text awb-button__text--default fusion-button-text-right\">TURISTREN<\/span><span class=\"fusion-button-icon-divider button-icon-divider-right\"><i class=\" fa fa-info awb-button__icon awb-button__icon--default\" aria-hidden=\"true\"><\/i><\/span><\/a><\/div><div class=\"fusion-clearfix\"><\/div><\/div><\/div><\/div><\/div>\n","protected":false},"excerpt":{"rendered":"","protected":false},"author":2,"featured_media":0,"parent":7095,"menu_order":0,"comment_status":"closed","ping_status":"closed","template":"","meta":{"_joinchat":[],"footnotes":""},"class_list":["post-7103","page","type-page","status-publish","hentry"],"yoast_head":"<!-- This site is optimized with the Yoast SEO plugin v27.3 - https:\/\/yoast.com\/product\/yoast-seo-wordpress\/ -->\n<title>Museo Marilyn Monroe &amp; Monasterio de Sant Cugat - Cerca de Barcelona<\/title>\n<meta name=\"description\" content=\"Un combinado sorprenendente: visitar el \u00fanico museo de Europa dedicado a Marilyn Monroe, y disfrutar del Monasterio de Sant Cugat.\" \/>\n<meta name=\"robots\" content=\"index, follow, max-snippet:-1, max-image-preview:large, max-video-preview:-1\" \/>\n<link rel=\"canonical\" href=\"https:\/\/visit.santcugat.cat\/es\/experiencias-y-planes\/museo-marilyn-monroe-monasterio-de-sant-cugat\/\" \/>\n<meta property=\"og:locale\" content=\"es_ES\" \/>\n<meta property=\"og:type\" content=\"article\" \/>\n<meta property=\"og:title\" content=\"Museo Marilyn Monroe &amp; Monasterio de Sant Cugat - Cerca de Barcelona\" \/>\n<meta property=\"og:description\" content=\"Un combinado sorprenendente: visitar el \u00fanico museo de Europa dedicado a Marilyn Monroe, y disfrutar del Monasterio de Sant Cugat.\" \/>\n<meta property=\"og:url\" content=\"https:\/\/visit.santcugat.cat\/es\/experiencias-y-planes\/museo-marilyn-monroe-monasterio-de-sant-cugat\/\" \/>\n<meta property=\"og:site_name\" content=\"Visit Sant Cugat\" \/>\n<meta property=\"article:publisher\" content=\"https:\/\/www.facebook.com\/visitsantcugat\/\" \/>\n<meta property=\"article:modified_time\" content=\"2022-07-06T09:28:41+00:00\" \/>\n<meta property=\"og:image\" content=\"https:\/\/visit.santcugat.cat\/wp-content\/uploads\/2023\/03\/CLAUSTRE-MONASTERIO-DE-SANT-CUGAT_resultado.webp\" \/>\n\t<meta property=\"og:image:width\" content=\"984\" \/>\n\t<meta property=\"og:image:height\" content=\"502\" \/>\n\t<meta property=\"og:image:type\" content=\"image\/webp\" \/>\n<meta name=\"twitter:card\" content=\"summary_large_image\" \/>\n<meta name=\"twitter:site\" content=\"@ajsantcugat\" \/>\n<meta name=\"twitter:label1\" content=\"Tiempo de lectura\" \/>\n\t<meta name=\"twitter:data1\" content=\"4 minutos\" \/>\n<script type=\"application\/ld+json\" class=\"yoast-schema-graph\">{\"@context\":\"https:\\\/\\\/schema.org\",\"@graph\":[{\"@type\":\"WebPage\",\"@id\":\"https:\\\/\\\/visit.santcugat.cat\\\/es\\\/experiencias-y-planes\\\/museo-marilyn-monroe-monasterio-de-sant-cugat\\\/\",\"url\":\"https:\\\/\\\/visit.santcugat.cat\\\/es\\\/experiencias-y-planes\\\/museo-marilyn-monroe-monasterio-de-sant-cugat\\\/\",\"name\":\"Museo Marilyn Monroe & Monasterio de Sant Cugat - Cerca de Barcelona\",\"isPartOf\":{\"@id\":\"https:\\\/\\\/visit.santcugat.cat\\\/fr\\\/#website\"},\"datePublished\":\"2017-03-07T19:20:15+00:00\",\"dateModified\":\"2022-07-06T09:28:41+00:00\",\"description\":\"Un combinado sorprenendente: visitar el \u00fanico museo de Europa dedicado a Marilyn Monroe, y disfrutar del Monasterio de Sant Cugat.\",\"breadcrumb\":{\"@id\":\"https:\\\/\\\/visit.santcugat.cat\\\/es\\\/experiencias-y-planes\\\/museo-marilyn-monroe-monasterio-de-sant-cugat\\\/#breadcrumb\"},\"inLanguage\":\"es\",\"potentialAction\":[{\"@type\":\"ReadAction\",\"target\":[\"https:\\\/\\\/visit.santcugat.cat\\\/es\\\/experiencias-y-planes\\\/museo-marilyn-monroe-monasterio-de-sant-cugat\\\/\"]}]},{\"@type\":\"BreadcrumbList\",\"@id\":\"https:\\\/\\\/visit.santcugat.cat\\\/es\\\/experiencias-y-planes\\\/museo-marilyn-monroe-monasterio-de-sant-cugat\\\/#breadcrumb\",\"itemListElement\":[{\"@type\":\"ListItem\",\"position\":1,\"name\":\"Inici\",\"item\":\"https:\\\/\\\/visit.santcugat.cat\\\/es\\\/\"},{\"@type\":\"ListItem\",\"position\":2,\"name\":\"Experiencias y planes\",\"item\":\"https:\\\/\\\/visit.santcugat.cat\\\/es\\\/experiencias-y-planes\\\/\"},{\"@type\":\"ListItem\",\"position\":3,\"name\":\"Museo Marilyn Monroe &#038; Monasterio de Sant Cugat\"}]},{\"@type\":\"WebSite\",\"@id\":\"https:\\\/\\\/visit.santcugat.cat\\\/fr\\\/#website\",\"url\":\"https:\\\/\\\/visit.santcugat.cat\\\/fr\\\/\",\"name\":\"Visit Sant Cugat\",\"description\":\"Turisme de Sant Cugat\",\"publisher\":{\"@id\":\"https:\\\/\\\/visit.santcugat.cat\\\/fr\\\/#organization\"},\"potentialAction\":[{\"@type\":\"SearchAction\",\"target\":{\"@type\":\"EntryPoint\",\"urlTemplate\":\"https:\\\/\\\/visit.santcugat.cat\\\/fr\\\/?s={search_term_string}\"},\"query-input\":{\"@type\":\"PropertyValueSpecification\",\"valueRequired\":true,\"valueName\":\"search_term_string\"}}],\"inLanguage\":\"es\"},{\"@type\":\"Organization\",\"@id\":\"https:\\\/\\\/visit.santcugat.cat\\\/fr\\\/#organization\",\"name\":\"Visit Sant Cugat - Turisme de Sant Cugat - Barcelona\",\"url\":\"https:\\\/\\\/visit.santcugat.cat\\\/fr\\\/\",\"logo\":{\"@type\":\"ImageObject\",\"inLanguage\":\"es\",\"@id\":\"https:\\\/\\\/visit.santcugat.cat\\\/fr\\\/#\\\/schema\\\/logo\\\/image\\\/\",\"url\":\"https:\\\/\\\/visit.santcugat.cat\\\/wp-content\\\/uploads\\\/2020\\\/09\\\/logo.png\",\"contentUrl\":\"https:\\\/\\\/visit.santcugat.cat\\\/wp-content\\\/uploads\\\/2020\\\/09\\\/logo.png\",\"width\":200,\"height\":44,\"caption\":\"Visit Sant Cugat - Turisme de Sant Cugat - Barcelona\"},\"image\":{\"@id\":\"https:\\\/\\\/visit.santcugat.cat\\\/fr\\\/#\\\/schema\\\/logo\\\/image\\\/\"},\"sameAs\":[\"https:\\\/\\\/www.facebook.com\\\/visitsantcugat\\\/\",\"https:\\\/\\\/x.com\\\/ajsantcugat\",\"https:\\\/\\\/www.instagram.com\\\/visitsantcugat\\\/\",\"https:\\\/\\\/ca.wikipedia.org\\\/wiki\\\/Sant_Cugat_del_Vall\u00e8s\"]}]}<\/script>\n<!-- \/ Yoast SEO plugin. -->","yoast_head_json":{"title":"Museo Marilyn Monroe & Monasterio de Sant Cugat - Cerca de Barcelona","description":"Un combinado sorprenendente: visitar el \u00fanico museo de Europa dedicado a Marilyn Monroe, y disfrutar del Monasterio de Sant Cugat.","robots":{"index":"index","follow":"follow","max-snippet":"max-snippet:-1","max-image-preview":"max-image-preview:large","max-video-preview":"max-video-preview:-1"},"canonical":"https:\/\/visit.santcugat.cat\/es\/experiencias-y-planes\/museo-marilyn-monroe-monasterio-de-sant-cugat\/","og_locale":"es_ES","og_type":"article","og_title":"Museo Marilyn Monroe & Monasterio de Sant Cugat - Cerca de Barcelona","og_description":"Un combinado sorprenendente: visitar el \u00fanico museo de Europa dedicado a Marilyn Monroe, y disfrutar del Monasterio de Sant Cugat.","og_url":"https:\/\/visit.santcugat.cat\/es\/experiencias-y-planes\/museo-marilyn-monroe-monasterio-de-sant-cugat\/","og_site_name":"Visit Sant Cugat","article_publisher":"https:\/\/www.facebook.com\/visitsantcugat\/","article_modified_time":"2022-07-06T09:28:41+00:00","og_image":[{"width":984,"height":502,"url":"https:\/\/visit.santcugat.cat\/wp-content\/uploads\/2023\/03\/CLAUSTRE-MONASTERIO-DE-SANT-CUGAT_resultado.webp","type":"image\/webp"}],"twitter_card":"summary_large_image","twitter_site":"@ajsantcugat","twitter_misc":{"Tiempo de lectura":"4 minutos"},"schema":{"@context":"https:\/\/schema.org","@graph":[{"@type":"WebPage","@id":"https:\/\/visit.santcugat.cat\/es\/experiencias-y-planes\/museo-marilyn-monroe-monasterio-de-sant-cugat\/","url":"https:\/\/visit.santcugat.cat\/es\/experiencias-y-planes\/museo-marilyn-monroe-monasterio-de-sant-cugat\/","name":"Museo Marilyn Monroe & Monasterio de Sant Cugat - Cerca de Barcelona","isPartOf":{"@id":"https:\/\/visit.santcugat.cat\/fr\/#website"},"datePublished":"2017-03-07T19:20:15+00:00","dateModified":"2022-07-06T09:28:41+00:00","description":"Un combinado sorprenendente: visitar el \u00fanico museo de Europa dedicado a Marilyn Monroe, y disfrutar del Monasterio de Sant Cugat.","breadcrumb":{"@id":"https:\/\/visit.santcugat.cat\/es\/experiencias-y-planes\/museo-marilyn-monroe-monasterio-de-sant-cugat\/#breadcrumb"},"inLanguage":"es","potentialAction":[{"@type":"ReadAction","target":["https:\/\/visit.santcugat.cat\/es\/experiencias-y-planes\/museo-marilyn-monroe-monasterio-de-sant-cugat\/"]}]},{"@type":"BreadcrumbList","@id":"https:\/\/visit.santcugat.cat\/es\/experiencias-y-planes\/museo-marilyn-monroe-monasterio-de-sant-cugat\/#breadcrumb","itemListElement":[{"@type":"ListItem","position":1,"name":"Inici","item":"https:\/\/visit.santcugat.cat\/es\/"},{"@type":"ListItem","position":2,"name":"Experiencias y planes","item":"https:\/\/visit.santcugat.cat\/es\/experiencias-y-planes\/"},{"@type":"ListItem","position":3,"name":"Museo Marilyn Monroe &#038; Monasterio de Sant Cugat"}]},{"@type":"WebSite","@id":"https:\/\/visit.santcugat.cat\/fr\/#website","url":"https:\/\/visit.santcugat.cat\/fr\/","name":"Visit Sant Cugat","description":"Turisme de Sant Cugat","publisher":{"@id":"https:\/\/visit.santcugat.cat\/fr\/#organization"},"potentialAction":[{"@type":"SearchAction","target":{"@type":"EntryPoint","urlTemplate":"https:\/\/visit.santcugat.cat\/fr\/?s={search_term_string}"},"query-input":{"@type":"PropertyValueSpecification","valueRequired":true,"valueName":"search_term_string"}}],"inLanguage":"es"},{"@type":"Organization","@id":"https:\/\/visit.santcugat.cat\/fr\/#organization","name":"Visit Sant Cugat - Turisme de Sant Cugat - Barcelona","url":"https:\/\/visit.santcugat.cat\/fr\/","logo":{"@type":"ImageObject","inLanguage":"es","@id":"https:\/\/visit.santcugat.cat\/fr\/#\/schema\/logo\/image\/","url":"https:\/\/visit.santcugat.cat\/wp-content\/uploads\/2020\/09\/logo.png","contentUrl":"https:\/\/visit.santcugat.cat\/wp-content\/uploads\/2020\/09\/logo.png","width":200,"height":44,"caption":"Visit Sant Cugat - Turisme de Sant Cugat - Barcelona"},"image":{"@id":"https:\/\/visit.santcugat.cat\/fr\/#\/schema\/logo\/image\/"},"sameAs":["https:\/\/www.facebook.com\/visitsantcugat\/","https:\/\/x.com\/ajsantcugat","https:\/\/www.instagram.com\/visitsantcugat\/","https:\/\/ca.wikipedia.org\/wiki\/Sant_Cugat_del_Vall\u00e8s"]}]}},"_links":{"self":[{"href":"https:\/\/visit.santcugat.cat\/es\/wp-json\/wp\/v2\/pages\/7103","targetHints":{"allow":["GET"]}}],"collection":[{"href":"https:\/\/visit.santcugat.cat\/es\/wp-json\/wp\/v2\/pages"}],"about":[{"href":"https:\/\/visit.santcugat.cat\/es\/wp-json\/wp\/v2\/types\/page"}],"author":[{"embeddable":true,"href":"https:\/\/visit.santcugat.cat\/es\/wp-json\/wp\/v2\/users\/2"}],"replies":[{"embeddable":true,"href":"https:\/\/visit.santcugat.cat\/es\/wp-json\/wp\/v2\/comments?post=7103"}],"version-history":[{"count":4,"href":"https:\/\/visit.santcugat.cat\/es\/wp-json\/wp\/v2\/pages\/7103\/revisions"}],"predecessor-version":[{"id":30594,"href":"https:\/\/visit.santcugat.cat\/es\/wp-json\/wp\/v2\/pages\/7103\/revisions\/30594"}],"up":[{"embeddable":true,"href":"https:\/\/visit.santcugat.cat\/es\/wp-json\/wp\/v2\/pages\/7095"}],"wp:attachment":[{"href":"https:\/\/visit.santcugat.cat\/es\/wp-json\/wp\/v2\/media?parent=7103"}],"curies":[{"name":"wp","href":"https:\/\/api.w.org\/{rel}","templated":true}]}}