{"id":7099,"date":"2017-03-07T17:58:25","date_gmt":"2017-03-07T16:58:25","guid":{"rendered":"https:\/\/visit.santcugat.cat\/experiencies-i-promocions\/monestir-de-sant-cugat-vintage-shopping\/"},"modified":"2022-07-05T11:15:03","modified_gmt":"2022-07-05T09:15:03","slug":"monasterio-de-sant-cugat-vintage-shopping","status":"publish","type":"page","link":"https:\/\/visit.santcugat.cat\/es\/experiencias-y-planes\/monasterio-de-sant-cugat-vintage-shopping\/","title":{"rendered":"Monasterio de Sant Cugat &#038; Vintage Shopping"},"content":{"rendered":"<div class=\"fusion-fullwidth fullwidth-box fusion-builder-row-1 nonhundred-percent-fullwidth non-hundred-percent-height-scrolling\" style=\"--awb-background-position:left top;--awb-border-sizes-top:0px;--awb-border-sizes-bottom:0px;--awb-border-sizes-left:0px;--awb-border-sizes-right:0px;--awb-border-radius-top-left:0px;--awb-border-radius-top-right:0px;--awb-border-radius-bottom-right:0px;--awb-border-radius-bottom-left:0px;--awb-padding-top:20px;--awb-padding-bottom:20px;--awb-flex-wrap:wrap;\" ><div class=\"fusion-builder-row fusion-row\"><div class=\"fusion-layout-column fusion_builder_column fusion-builder-column-0 fusion_builder_column_1_1 1_1 fusion-one-full fusion-column-first fusion-column-last fusion-column-no-min-height\" style=\"--awb-bg-size:cover;\"><div class=\"fusion-column-wrapper fusion-flex-column-wrapper-legacy\"><div class=\"fusion-column-content-centered\"><div class=\"fusion-column-content\"><div class=\"fusion-image-element in-legacy-container\" style=\"--awb-caption-title-font-family:var(--h2_typography-font-family);--awb-caption-title-font-weight:var(--h2_typography-font-weight);--awb-caption-title-font-style:var(--h2_typography-font-style);--awb-caption-title-size:var(--h2_typography-font-size);--awb-caption-title-transform:var(--h2_typography-text-transform);--awb-caption-title-line-height:var(--h2_typography-line-height);--awb-caption-title-letter-spacing:var(--h2_typography-letter-spacing);\"><span class=\" fusion-imageframe imageframe-none imageframe-1 hover-type-none\"><img decoding=\"async\" width=\"1190\" height=\"595\" alt=\"Monestir de Sant Cugat &amp; Vintage Shopping\" title=\"Monestir de Sant Cugat &#038; Vintage Shopping\" src=\"https:\/\/visit.santcugat.cat\/wp-content\/uploads\/2017\/03\/Monestir-de-Sant-Cugat-Vintage-Shopping.jpg\" class=\"img-responsive wp-image-11057\" srcset=\"https:\/\/visit.santcugat.cat\/wp-content\/uploads\/2017\/03\/Monestir-de-Sant-Cugat-Vintage-Shopping-200x100.jpg 200w, https:\/\/visit.santcugat.cat\/wp-content\/uploads\/2017\/03\/Monestir-de-Sant-Cugat-Vintage-Shopping-400x200.jpg 400w, https:\/\/visit.santcugat.cat\/wp-content\/uploads\/2017\/03\/Monestir-de-Sant-Cugat-Vintage-Shopping-600x300.jpg 600w, https:\/\/visit.santcugat.cat\/wp-content\/uploads\/2017\/03\/Monestir-de-Sant-Cugat-Vintage-Shopping-800x400.jpg 800w, https:\/\/visit.santcugat.cat\/wp-content\/uploads\/2017\/03\/Monestir-de-Sant-Cugat-Vintage-Shopping.jpg 1190w\" sizes=\"(max-width: 800px) 100vw, 1190px\" \/><\/span><\/div><\/div><\/div><div class=\"fusion-clearfix\"><\/div><\/div><\/div><div class=\"fusion-layout-column fusion_builder_column fusion-builder-column-1 fusion_builder_column_1_1 1_1 fusion-one-full fusion-column-first fusion-column-last fusion-column-no-min-height\" style=\"--awb-padding-top:20px;--awb-padding-right:40px;--awb-padding-bottom:15px;--awb-padding-left:40px;--awb-bg-color:#ffffff;--awb-bg-color-hover:#ffffff;--awb-bg-size:cover;--awb-border-color:#dddddd;--awb-border-top:1px;--awb-border-right:1px;--awb-border-bottom:1px;--awb-border-left:1px;--awb-border-style:solid;\"><div class=\"fusion-column-wrapper fusion-flex-column-wrapper-legacy\"><div class=\"fusion-title title fusion-title-1 fusion-sep-none fusion-title-text fusion-title-size-one\" style=\"--awb-margin-bottom:-20px;\"><h1 class=\"fusion-title-heading title-heading-left fusion-responsive-typography-calculated\" style=\"margin:0;--fontSize:46;line-height:1.11;\"><h2><strong><span style=\"color: #81d742;\">Monasterio de Sant Cugat &amp; Vintage Shopping<\/span><\/strong><\/h2><\/h1><\/div><div class=\"fusion-sep-clear\"><\/div><div class=\"fusion-separator fusion-full-width-sep\" style=\"margin-left: auto;margin-right: auto;margin-top:10px;margin-bottom:10px;width:100%;\"><\/div><div class=\"fusion-sep-clear\"><\/div><div class=\"fusion-text fusion-text-1\" style=\"--awb-text-transform:none;\"><p><strong>Un combinado de cultura y compra <em>vintage<\/em><\/strong> para pasar un d\u00eda muy completo. Primero disfrutar\u00e1s con la audiogu\u00eda de una de las joyas del rom\u00e1nico catal\u00e1n, el <a href=\"https:\/\/visit.santcugat.cat\/es\/monasterio-de-sant-cugat\/\">Monasterio<\/a>. Luego, llegar\u00e1s paseando a <a href=\"https:\/\/visit.santcugat.cat\/es\/mercantic\/\">Mercantic<\/a>, con m\u00e1s de 15.000\u00a0m<sup>2<\/sup> de exposici\u00f3n de antig\u00fcedades, de objetos curiosos y decoraci\u00f3n, de una buena oferta gastron\u00f3mica y de ocio.<\/p>\n<p>Dos modalidades:<\/p>\n<ul>\n<li><strong>Walking Tour:<\/strong>\n<ul>\n<li>Entrada al Monasterio de Sant Cugat y alquiler de la audiogu\u00eda para los mayores de 16 anys.<\/li>\n<li>Entrada y regalo en Mercantic (en el punto de informaci\u00f3n del recinto).<\/li>\n<\/ul>\n<\/li>\n<li><strong>E-Bike Tour:<\/strong>\n<ul>\n<li>Alquiler de bicicletas el\u00e9ctricas con autogu\u00eda cargada (altura m\u00ednima 1,45 m o bien sillita o remolque).<\/li>\n<li>Entrada al Monasterio y alquiler de la audiogu\u00eda para los mayores de 16 a\u00f1os.<\/li>\n<li>Entrada y regalo en Mercantic (en el punto de informaci\u00f3n del recinto).<\/li>\n<\/ul>\n<\/li>\n<\/ul>\n<p>Tambi\u00e9n puedes comprar el combinado con tren en las taquillas de FGC; inf\u00f3rmate en Turistren.<\/p>\n<\/div><div class=\"fusion-clearfix\"><\/div><\/div><\/div><div class=\"fusion-layout-column fusion_builder_column fusion-builder-column-2 fusion_builder_column_1_3 1_3 fusion-one-third fusion-column-first fusion-column-no-min-height\" style=\"--awb-padding-top:20px;--awb-padding-right:40px;--awb-padding-bottom:15px;--awb-padding-left:40px;--awb-bg-color:#ffffff;--awb-bg-color-hover:#ffffff;--awb-bg-size:cover;--awb-border-color:#dddddd;--awb-border-top:1px;--awb-border-right:1px;--awb-border-bottom:1px;--awb-border-left:1px;--awb-border-style:solid;\"><div class=\"fusion-column-wrapper fusion-flex-column-wrapper-legacy\"><div class=\"fusion-aligncenter\"><a class=\"fusion-button button-flat button-medium button-default fusion-button-default button-1 fusion-button-span-no fusion-button-default-type\" target=\"_blank\" rel=\"noopener noreferrer\" href=\"http:\/\/bcnshop.barcelonaturisme.com\/shopv3\/es\/product\/23786\/monasterio-de-sant-cugat-y-vintage-village.html?o=b\"><span class=\"fusion-button-text awb-button__text awb-button__text--default fusion-button-text-right\">BCNSHOP<\/span><span class=\"fusion-button-icon-divider button-icon-divider-right\"><i class=\" fa fa-shopping-cart awb-button__icon awb-button__icon--default\" aria-hidden=\"true\"><\/i><\/span><\/a><\/div><div class=\"fusion-clearfix\"><\/div><\/div><\/div><div class=\"fusion-layout-column fusion_builder_column fusion-builder-column-3 fusion_builder_column_1_3 1_3 fusion-one-third fusion-column-no-min-height\" style=\"--awb-padding-top:20px;--awb-padding-right:40px;--awb-padding-bottom:15px;--awb-padding-left:40px;--awb-bg-color:#ffffff;--awb-bg-color-hover:#ffffff;--awb-bg-size:cover;--awb-border-color:#dddddd;--awb-border-top:1px;--awb-border-right:1px;--awb-border-bottom:1px;--awb-border-left:1px;--awb-border-style:solid;\"><div class=\"fusion-column-wrapper fusion-flex-column-wrapper-legacy\"><div class=\"fusion-aligncenter\"><a class=\"fusion-button button-flat button-medium button-default fusion-button-default button-2 fusion-button-span-no fusion-button-default-type\" target=\"_blank\" rel=\"noopener noreferrer\" href=\"http:\/\/turistren.cat\/index.php\/fitxa\/combinado-monasterio-mercantic-ebike-sant-cugat\/?lang=es\"><span class=\"fusion-button-text awb-button__text awb-button__text--default fusion-button-text-right\">E-BIKE TURISTREN<\/span><span class=\"fusion-button-icon-divider button-icon-divider-right\"><i class=\" fa fa-info awb-button__icon awb-button__icon--default\" aria-hidden=\"true\"><\/i><\/span><\/a><\/div><div class=\"fusion-clearfix\"><\/div><\/div><\/div><div class=\"fusion-layout-column fusion_builder_column fusion-builder-column-4 fusion_builder_column_1_3 1_3 fusion-one-third fusion-column-last fusion-column-no-min-height\" style=\"--awb-padding-top:20px;--awb-padding-right:40px;--awb-padding-bottom:15px;--awb-padding-left:40px;--awb-bg-color:#ffffff;--awb-bg-color-hover:#ffffff;--awb-bg-size:cover;--awb-border-color:#dddddd;--awb-border-top:1px;--awb-border-right:1px;--awb-border-bottom:1px;--awb-border-left:1px;--awb-border-style:solid;\"><div class=\"fusion-column-wrapper fusion-flex-column-wrapper-legacy\"><div class=\"fusion-aligncenter\"><a class=\"fusion-button button-flat button-medium button-default fusion-button-default button-3 fusion-button-span-no fusion-button-default-type\" target=\"_blank\" rel=\"noopener noreferrer\" href=\"http:\/\/turistren.cat\/index.php\/fitxa\/combinado-monasterio-mercantic-sant-cugat\/?lang=es\"><span class=\"fusion-button-text awb-button__text awb-button__text--default fusion-button-text-right\">WALK-TURISTREN<\/span><span class=\"fusion-button-icon-divider button-icon-divider-right\"><i class=\" fa fa-info awb-button__icon awb-button__icon--default\" aria-hidden=\"true\"><\/i><\/span><\/a><\/div><div class=\"fusion-clearfix\"><\/div><\/div><\/div><\/div><\/div>\n","protected":false},"excerpt":{"rendered":"","protected":false},"author":2,"featured_media":0,"parent":7095,"menu_order":0,"comment_status":"closed","ping_status":"closed","template":"","meta":{"_joinchat":[],"footnotes":""},"class_list":["post-7099","page","type-page","status-publish","hentry"],"yoast_head":"<!-- This site is optimized with the Yoast SEO plugin v27.3 - https:\/\/yoast.com\/product\/yoast-seo-wordpress\/ -->\n<title>Monasterio de Sant Cugat &amp; Vintage Shopping | Experi\u00e8ncies a Sant Cugat<\/title>\n<meta name=\"description\" content=\"Disfrutar\u00e1s del Monasterio con la audiogu\u00eda. Luego, llegar\u00e1s paseando a Mercantic, con m\u00e1s de 15.000\u00a0m2 de exposici\u00f3n de antig\u00fcedades.\" \/>\n<meta name=\"robots\" content=\"index, follow, max-snippet:-1, max-image-preview:large, max-video-preview:-1\" \/>\n<link rel=\"canonical\" href=\"https:\/\/visit.santcugat.cat\/es\/experiencias-y-planes\/monasterio-de-sant-cugat-vintage-shopping\/\" \/>\n<meta property=\"og:locale\" content=\"es_ES\" \/>\n<meta property=\"og:type\" content=\"article\" \/>\n<meta property=\"og:title\" content=\"Monasterio de Sant Cugat &amp; Vintage Shopping | Experi\u00e8ncies a Sant Cugat\" \/>\n<meta property=\"og:description\" content=\"Disfrutar\u00e1s del Monasterio con la audiogu\u00eda. Luego, llegar\u00e1s paseando a Mercantic, con m\u00e1s de 15.000\u00a0m2 de exposici\u00f3n de antig\u00fcedades.\" \/>\n<meta property=\"og:url\" content=\"https:\/\/visit.santcugat.cat\/es\/experiencias-y-planes\/monasterio-de-sant-cugat-vintage-shopping\/\" \/>\n<meta property=\"og:site_name\" content=\"Visit Sant Cugat\" \/>\n<meta property=\"article:publisher\" content=\"https:\/\/www.facebook.com\/visitsantcugat\/\" \/>\n<meta property=\"article:modified_time\" content=\"2022-07-05T09:15:03+00:00\" \/>\n<meta property=\"og:image\" content=\"https:\/\/visit.santcugat.cat\/wp-content\/uploads\/2023\/03\/CLAUSTRE-MONASTERIO-DE-SANT-CUGAT_resultado.webp\" \/>\n\t<meta property=\"og:image:width\" content=\"984\" \/>\n\t<meta property=\"og:image:height\" content=\"502\" \/>\n\t<meta property=\"og:image:type\" content=\"image\/webp\" \/>\n<meta name=\"twitter:card\" content=\"summary_large_image\" \/>\n<meta name=\"twitter:site\" content=\"@ajsantcugat\" \/>\n<meta name=\"twitter:label1\" content=\"Tiempo de lectura\" \/>\n\t<meta name=\"twitter:data1\" content=\"6 minutos\" \/>\n<script type=\"application\/ld+json\" class=\"yoast-schema-graph\">{\"@context\":\"https:\\\/\\\/schema.org\",\"@graph\":[{\"@type\":\"WebPage\",\"@id\":\"https:\\\/\\\/visit.santcugat.cat\\\/es\\\/experiencias-y-planes\\\/monasterio-de-sant-cugat-vintage-shopping\\\/\",\"url\":\"https:\\\/\\\/visit.santcugat.cat\\\/es\\\/experiencias-y-planes\\\/monasterio-de-sant-cugat-vintage-shopping\\\/\",\"name\":\"Monasterio de Sant Cugat & Vintage Shopping | Experi\u00e8ncies a Sant Cugat\",\"isPartOf\":{\"@id\":\"https:\\\/\\\/visit.santcugat.cat\\\/fr\\\/#website\"},\"datePublished\":\"2017-03-07T16:58:25+00:00\",\"dateModified\":\"2022-07-05T09:15:03+00:00\",\"description\":\"Disfrutar\u00e1s del Monasterio con la audiogu\u00eda. Luego, llegar\u00e1s paseando a Mercantic, con m\u00e1s de 15.000\u00a0m2 de exposici\u00f3n de antig\u00fcedades.\",\"breadcrumb\":{\"@id\":\"https:\\\/\\\/visit.santcugat.cat\\\/es\\\/experiencias-y-planes\\\/monasterio-de-sant-cugat-vintage-shopping\\\/#breadcrumb\"},\"inLanguage\":\"es\",\"potentialAction\":[{\"@type\":\"ReadAction\",\"target\":[\"https:\\\/\\\/visit.santcugat.cat\\\/es\\\/experiencias-y-planes\\\/monasterio-de-sant-cugat-vintage-shopping\\\/\"]}]},{\"@type\":\"BreadcrumbList\",\"@id\":\"https:\\\/\\\/visit.santcugat.cat\\\/es\\\/experiencias-y-planes\\\/monasterio-de-sant-cugat-vintage-shopping\\\/#breadcrumb\",\"itemListElement\":[{\"@type\":\"ListItem\",\"position\":1,\"name\":\"Inici\",\"item\":\"https:\\\/\\\/visit.santcugat.cat\\\/es\\\/\"},{\"@type\":\"ListItem\",\"position\":2,\"name\":\"Experiencias y planes\",\"item\":\"https:\\\/\\\/visit.santcugat.cat\\\/es\\\/experiencias-y-planes\\\/\"},{\"@type\":\"ListItem\",\"position\":3,\"name\":\"Monasterio de Sant Cugat &#038; Vintage Shopping\"}]},{\"@type\":\"WebSite\",\"@id\":\"https:\\\/\\\/visit.santcugat.cat\\\/fr\\\/#website\",\"url\":\"https:\\\/\\\/visit.santcugat.cat\\\/fr\\\/\",\"name\":\"Visit Sant Cugat\",\"description\":\"Turisme de Sant Cugat\",\"publisher\":{\"@id\":\"https:\\\/\\\/visit.santcugat.cat\\\/fr\\\/#organization\"},\"potentialAction\":[{\"@type\":\"SearchAction\",\"target\":{\"@type\":\"EntryPoint\",\"urlTemplate\":\"https:\\\/\\\/visit.santcugat.cat\\\/fr\\\/?s={search_term_string}\"},\"query-input\":{\"@type\":\"PropertyValueSpecification\",\"valueRequired\":true,\"valueName\":\"search_term_string\"}}],\"inLanguage\":\"es\"},{\"@type\":\"Organization\",\"@id\":\"https:\\\/\\\/visit.santcugat.cat\\\/fr\\\/#organization\",\"name\":\"Visit Sant Cugat - Turisme de Sant Cugat - Barcelona\",\"url\":\"https:\\\/\\\/visit.santcugat.cat\\\/fr\\\/\",\"logo\":{\"@type\":\"ImageObject\",\"inLanguage\":\"es\",\"@id\":\"https:\\\/\\\/visit.santcugat.cat\\\/fr\\\/#\\\/schema\\\/logo\\\/image\\\/\",\"url\":\"https:\\\/\\\/visit.santcugat.cat\\\/wp-content\\\/uploads\\\/2020\\\/09\\\/logo.png\",\"contentUrl\":\"https:\\\/\\\/visit.santcugat.cat\\\/wp-content\\\/uploads\\\/2020\\\/09\\\/logo.png\",\"width\":200,\"height\":44,\"caption\":\"Visit Sant Cugat - Turisme de Sant Cugat - Barcelona\"},\"image\":{\"@id\":\"https:\\\/\\\/visit.santcugat.cat\\\/fr\\\/#\\\/schema\\\/logo\\\/image\\\/\"},\"sameAs\":[\"https:\\\/\\\/www.facebook.com\\\/visitsantcugat\\\/\",\"https:\\\/\\\/x.com\\\/ajsantcugat\",\"https:\\\/\\\/www.instagram.com\\\/visitsantcugat\\\/\",\"https:\\\/\\\/ca.wikipedia.org\\\/wiki\\\/Sant_Cugat_del_Vall\u00e8s\"]}]}<\/script>\n<!-- \/ Yoast SEO plugin. -->","yoast_head_json":{"title":"Monasterio de Sant Cugat & Vintage Shopping | Experi\u00e8ncies a Sant Cugat","description":"Disfrutar\u00e1s del Monasterio con la audiogu\u00eda. Luego, llegar\u00e1s paseando a Mercantic, con m\u00e1s de 15.000\u00a0m2 de exposici\u00f3n de antig\u00fcedades.","robots":{"index":"index","follow":"follow","max-snippet":"max-snippet:-1","max-image-preview":"max-image-preview:large","max-video-preview":"max-video-preview:-1"},"canonical":"https:\/\/visit.santcugat.cat\/es\/experiencias-y-planes\/monasterio-de-sant-cugat-vintage-shopping\/","og_locale":"es_ES","og_type":"article","og_title":"Monasterio de Sant Cugat & Vintage Shopping | Experi\u00e8ncies a Sant Cugat","og_description":"Disfrutar\u00e1s del Monasterio con la audiogu\u00eda. Luego, llegar\u00e1s paseando a Mercantic, con m\u00e1s de 15.000\u00a0m2 de exposici\u00f3n de antig\u00fcedades.","og_url":"https:\/\/visit.santcugat.cat\/es\/experiencias-y-planes\/monasterio-de-sant-cugat-vintage-shopping\/","og_site_name":"Visit Sant Cugat","article_publisher":"https:\/\/www.facebook.com\/visitsantcugat\/","article_modified_time":"2022-07-05T09:15:03+00:00","og_image":[{"width":984,"height":502,"url":"https:\/\/visit.santcugat.cat\/wp-content\/uploads\/2023\/03\/CLAUSTRE-MONASTERIO-DE-SANT-CUGAT_resultado.webp","type":"image\/webp"}],"twitter_card":"summary_large_image","twitter_site":"@ajsantcugat","twitter_misc":{"Tiempo de lectura":"6 minutos"},"schema":{"@context":"https:\/\/schema.org","@graph":[{"@type":"WebPage","@id":"https:\/\/visit.santcugat.cat\/es\/experiencias-y-planes\/monasterio-de-sant-cugat-vintage-shopping\/","url":"https:\/\/visit.santcugat.cat\/es\/experiencias-y-planes\/monasterio-de-sant-cugat-vintage-shopping\/","name":"Monasterio de Sant Cugat & Vintage Shopping | Experi\u00e8ncies a Sant Cugat","isPartOf":{"@id":"https:\/\/visit.santcugat.cat\/fr\/#website"},"datePublished":"2017-03-07T16:58:25+00:00","dateModified":"2022-07-05T09:15:03+00:00","description":"Disfrutar\u00e1s del Monasterio con la audiogu\u00eda. Luego, llegar\u00e1s paseando a Mercantic, con m\u00e1s de 15.000\u00a0m2 de exposici\u00f3n de antig\u00fcedades.","breadcrumb":{"@id":"https:\/\/visit.santcugat.cat\/es\/experiencias-y-planes\/monasterio-de-sant-cugat-vintage-shopping\/#breadcrumb"},"inLanguage":"es","potentialAction":[{"@type":"ReadAction","target":["https:\/\/visit.santcugat.cat\/es\/experiencias-y-planes\/monasterio-de-sant-cugat-vintage-shopping\/"]}]},{"@type":"BreadcrumbList","@id":"https:\/\/visit.santcugat.cat\/es\/experiencias-y-planes\/monasterio-de-sant-cugat-vintage-shopping\/#breadcrumb","itemListElement":[{"@type":"ListItem","position":1,"name":"Inici","item":"https:\/\/visit.santcugat.cat\/es\/"},{"@type":"ListItem","position":2,"name":"Experiencias y planes","item":"https:\/\/visit.santcugat.cat\/es\/experiencias-y-planes\/"},{"@type":"ListItem","position":3,"name":"Monasterio de Sant Cugat &#038; Vintage Shopping"}]},{"@type":"WebSite","@id":"https:\/\/visit.santcugat.cat\/fr\/#website","url":"https:\/\/visit.santcugat.cat\/fr\/","name":"Visit Sant Cugat","description":"Turisme de Sant Cugat","publisher":{"@id":"https:\/\/visit.santcugat.cat\/fr\/#organization"},"potentialAction":[{"@type":"SearchAction","target":{"@type":"EntryPoint","urlTemplate":"https:\/\/visit.santcugat.cat\/fr\/?s={search_term_string}"},"query-input":{"@type":"PropertyValueSpecification","valueRequired":true,"valueName":"search_term_string"}}],"inLanguage":"es"},{"@type":"Organization","@id":"https:\/\/visit.santcugat.cat\/fr\/#organization","name":"Visit Sant Cugat - Turisme de Sant Cugat - Barcelona","url":"https:\/\/visit.santcugat.cat\/fr\/","logo":{"@type":"ImageObject","inLanguage":"es","@id":"https:\/\/visit.santcugat.cat\/fr\/#\/schema\/logo\/image\/","url":"https:\/\/visit.santcugat.cat\/wp-content\/uploads\/2020\/09\/logo.png","contentUrl":"https:\/\/visit.santcugat.cat\/wp-content\/uploads\/2020\/09\/logo.png","width":200,"height":44,"caption":"Visit Sant Cugat - Turisme de Sant Cugat - Barcelona"},"image":{"@id":"https:\/\/visit.santcugat.cat\/fr\/#\/schema\/logo\/image\/"},"sameAs":["https:\/\/www.facebook.com\/visitsantcugat\/","https:\/\/x.com\/ajsantcugat","https:\/\/www.instagram.com\/visitsantcugat\/","https:\/\/ca.wikipedia.org\/wiki\/Sant_Cugat_del_Vall\u00e8s"]}]}},"_links":{"self":[{"href":"https:\/\/visit.santcugat.cat\/es\/wp-json\/wp\/v2\/pages\/7099","targetHints":{"allow":["GET"]}}],"collection":[{"href":"https:\/\/visit.santcugat.cat\/es\/wp-json\/wp\/v2\/pages"}],"about":[{"href":"https:\/\/visit.santcugat.cat\/es\/wp-json\/wp\/v2\/types\/page"}],"author":[{"embeddable":true,"href":"https:\/\/visit.santcugat.cat\/es\/wp-json\/wp\/v2\/users\/2"}],"replies":[{"embeddable":true,"href":"https:\/\/visit.santcugat.cat\/es\/wp-json\/wp\/v2\/comments?post=7099"}],"version-history":[{"count":4,"href":"https:\/\/visit.santcugat.cat\/es\/wp-json\/wp\/v2\/pages\/7099\/revisions"}],"predecessor-version":[{"id":30444,"href":"https:\/\/visit.santcugat.cat\/es\/wp-json\/wp\/v2\/pages\/7099\/revisions\/30444"}],"up":[{"embeddable":true,"href":"https:\/\/visit.santcugat.cat\/es\/wp-json\/wp\/v2\/pages\/7095"}],"wp:attachment":[{"href":"https:\/\/visit.santcugat.cat\/es\/wp-json\/wp\/v2\/media?parent=7099"}],"curies":[{"name":"wp","href":"https:\/\/api.w.org\/{rel}","templated":true}]}}