{"id":6849,"date":"2016-11-30T17:07:15","date_gmt":"2016-11-30T17:07:15","guid":{"rendered":"https:\/\/visit.santcugat.cat\/festes-i-tradicions\/"},"modified":"2024-09-05T20:08:31","modified_gmt":"2024-09-05T18:08:31","slug":"fiestas-y-tradiciones-en-sant-cugat","status":"publish","type":"page","link":"https:\/\/visit.santcugat.cat\/es\/fiestas-y-tradiciones-en-sant-cugat\/","title":{"rendered":"Fiestas y tradiciones en Sant Cugat"},"content":{"rendered":"<p><div class=\"fusion-fullwidth fullwidth-box fusion-builder-row-1 hundred-percent-fullwidth non-hundred-percent-height-scrolling\" style=\"--awb-background-position:left top;--awb-border-sizes-top:0px;--awb-border-sizes-bottom:0px;--awb-border-sizes-left:0px;--awb-border-sizes-right:0px;--awb-border-radius-top-left:0px;--awb-border-radius-top-right:0px;--awb-border-radius-bottom-right:0px;--awb-border-radius-bottom-left:0px;--awb-flex-wrap:wrap;\" ><div class=\"fusion-builder-row fusion-row\"><div class=\"fusion-layout-column fusion_builder_column fusion-builder-column-0 fusion_builder_column_1_1 1_1 fusion-one-full fusion-column-first fusion-column-last\" style=\"--awb-padding-top:20px;--awb-padding-right:40px;--awb-padding-bottom:20px;--awb-padding-left:40px;--awb-bg-color:#ffffff;--awb-bg-color-hover:#ffffff;--awb-bg-size:cover;--awb-border-color:#dddddd;--awb-border-top:1px;--awb-border-right:1px;--awb-border-bottom:1px;--awb-border-left:1px;--awb-border-style:solid;\"><div class=\"fusion-column-wrapper fusion-flex-column-wrapper-legacy\"><div class=\"fusion-column-content-centered\"><div class=\"fusion-column-content\"><div class=\"fusion-title title fusion-title-1 fusion-sep-none fusion-title-text fusion-title-size-two\"><h2 class=\"fusion-title-heading title-heading-left fusion-responsive-typography-calculated\" style=\"margin:0;--fontSize:26;line-height:1.69;\"><p style=\"text-align: left;\">\u00bfTE ANIMAS A VENIR DE FIESTA?<\/p><\/h2><\/div><div class=\"fusion-text fusion-text-1\"><p>Sant Cugat es una ciudad rica en fiestas y tradiciones. El Aplec de Sant Medir, la Fiesta Mayor, la Fiesta de Oto\u00f1o y la Navidad son algunas de las m\u00e1s significativas. \u00a1An\u00edmate y ap\u00fantate a la fiesta!<\/p>\n<\/div><\/div><\/div><div class=\"fusion-clearfix\"><\/div><\/div><\/div><\/div><\/div><div class=\"fusion-fullwidth fullwidth-box fusion-builder-row-2 hundred-percent-fullwidth non-hundred-percent-height-scrolling\" style=\"--awb-background-position:left top;--awb-border-sizes-top:0px;--awb-border-sizes-bottom:0px;--awb-border-sizes-left:0px;--awb-border-sizes-right:0px;--awb-border-radius-top-left:0px;--awb-border-radius-top-right:0px;--awb-border-radius-bottom-right:0px;--awb-border-radius-bottom-left:0px;--awb-padding-top:0px;--awb-padding-right:0px;--awb-padding-bottom:0px;--awb-padding-left:0px;--awb-margin-top:10px;--awb-margin-bottom:10px;--awb-flex-wrap:wrap;\" ><div class=\"fusion-builder-row fusion-row\"><div class=\"fusion-layout-column fusion_builder_column fusion-builder-column-1 fusion_builder_column_1_2 1_2 fusion-one-half fusion-column-first\" style=\"--awb-bg-size:cover;--awb-margin-top:5px;--awb-margin-bottom:5px;width:50%;width:calc(50% - ( ( 4% ) * 0.5 ) );margin-right: 4%;\"><div class=\"fusion-column-wrapper fusion-flex-column-wrapper-legacy\"><div class=\"fusion-image-element in-legacy-container\" style=\"--awb-caption-title-font-family:var(--h2_typography-font-family);--awb-caption-title-font-weight:var(--h2_typography-font-weight);--awb-caption-title-font-style:var(--h2_typography-font-style);--awb-caption-title-size:var(--h2_typography-font-size);--awb-caption-title-transform:var(--h2_typography-text-transform);--awb-caption-title-line-height:var(--h2_typography-line-height);--awb-caption-title-letter-spacing:var(--h2_typography-letter-spacing);\"><span class=\" fusion-imageframe imageframe-none imageframe-1 hover-type-none\"><img decoding=\"async\" width=\"572\" height=\"344\" alt=\"Fiesta de Sant Medir Sant Cugat\" title=\"FOTO: MAN\u00c9 ESPINOSA. FESTA DE SANT MEDIR.\" src=\"https:\/\/visit.santcugat.cat\/wp-content\/uploads\/2016\/11\/7MEDIRrec.jpg\" class=\"img-responsive wp-image-6850\" srcset=\"https:\/\/visit.santcugat.cat\/wp-content\/uploads\/2016\/11\/7MEDIRrec-200x120.jpg 200w, https:\/\/visit.santcugat.cat\/wp-content\/uploads\/2016\/11\/7MEDIRrec-400x241.jpg 400w, https:\/\/visit.santcugat.cat\/wp-content\/uploads\/2016\/11\/7MEDIRrec.jpg 572w\" sizes=\"(max-width: 800px) 100vw, 572px\" \/><\/span><\/div><div class=\"fusion-reading-box-container reading-box-container-1\" style=\"--awb-title-color:#3b4251;--awb-margin-top:0px;--awb-margin-bottom:0px;\"><div class=\"reading-box\" style=\"background-color:#ffffff;border-width:1px;border-color:#aaaaaa;border-bottom-width:3px;border-bottom-color:var(--primary_color);border-style:solid;\"><div class=\"reading-box-additional\">\n<h3>Aplec de Sant Medir<\/h3>\n<p>Sant Medir es el copatr\u00f3n de Sant Cugat y esta fiesta es una de las m\u00e1s esperadas por la poblaci\u00f3n. Tiene lugar el 3 de marzo y consiste en un encuentro multitudinario que re\u00fane a todo el pueblo en la ermita del mismo nombre, del siglo X, que se encuentra en el coraz\u00f3n del Parque Natural de Collserola.<br \/>\nLa fiesta comienza con el pasacalle, que, acompa\u00f1ado por los gigantes, recorre el camino desde el Monasterio hasta la ermita de Sant Medir. Cuando llega a su destino, los cabezudos, los <em>cast<\/em><em>ellers<\/em> y las sardanas y el oficio religioso se convierten en protagonistas.<\/p>\n<p><strong>Fecha: <\/strong>3 de marzo<br \/>\n<strong>Lugar: <\/strong>punto de encuentro en la plaza d\u2019Octavi\u00e0, caminata hasta la ermita<\/p>\n<div class=\"fusion-sep-clear\"><\/div><div class=\"fusion-separator fusion-full-width-sep\" style=\"margin-left: auto;margin-right: auto;margin-top:10px;width:100%;\"><\/div><div class=\"fusion-sep-clear\"><\/div>\n<\/div><div class=\"fusion-clearfix\"><\/div><\/div><\/div><div class=\"fusion-clearfix\"><\/div><\/div><\/div><div class=\"fusion-layout-column fusion_builder_column fusion-builder-column-2 fusion_builder_column_1_2 1_2 fusion-one-half fusion-column-last\" style=\"--awb-bg-size:cover;--awb-margin-top:5px;--awb-margin-bottom:5px;width:50%;width:calc(50% - ( ( 4% ) * 0.5 ) );\"><div class=\"fusion-column-wrapper fusion-flex-column-wrapper-legacy\"><div class=\"fusion-image-element in-legacy-container\" style=\"--awb-caption-title-font-family:var(--h2_typography-font-family);--awb-caption-title-font-weight:var(--h2_typography-font-weight);--awb-caption-title-font-style:var(--h2_typography-font-style);--awb-caption-title-size:var(--h2_typography-font-size);--awb-caption-title-transform:var(--h2_typography-text-transform);--awb-caption-title-line-height:var(--h2_typography-line-height);--awb-caption-title-letter-spacing:var(--h2_typography-letter-spacing);\"><span class=\" fusion-imageframe imageframe-none imageframe-2 hover-type-none\"><img decoding=\"async\" width=\"572\" height=\"344\" alt=\"Fiesta Mayor\" title=\"Festa major GEGANTERSREc\" src=\"https:\/\/visit.santcugat.cat\/wp-content\/uploads\/2016\/11\/Festa-major-GEGANTERSREc.jpg\" class=\"img-responsive wp-image-18062\" srcset=\"https:\/\/visit.santcugat.cat\/wp-content\/uploads\/2016\/11\/Festa-major-GEGANTERSREc-200x120.jpg 200w, https:\/\/visit.santcugat.cat\/wp-content\/uploads\/2016\/11\/Festa-major-GEGANTERSREc-400x241.jpg 400w, https:\/\/visit.santcugat.cat\/wp-content\/uploads\/2016\/11\/Festa-major-GEGANTERSREc.jpg 572w\" sizes=\"(max-width: 800px) 100vw, 572px\" \/><\/span><\/div><div class=\"fusion-reading-box-container reading-box-container-2\" style=\"--awb-title-color:#3b4251;--awb-margin-top:0px;--awb-margin-bottom:0px;\"><div class=\"reading-box\" style=\"background-color:#ffffff;border-width:1px;border-color:#aaaaaa;border-bottom-width:3px;border-bottom-color:var(--primary_color);border-style:solid;\"><div class=\"reading-box-additional\">\n<h3>Fiesta Mayor<\/h3>\n<p>Es la gran fiesta de los santcugatenses, de cuatro d\u00edas de duraci\u00f3n aproximadamente, en que las calles y plazas se llenan hasta los topes. La Fiesta Mayor tiene los ingredientes imprescindibles de una gran celebraci\u00f3n: el tradicional preg\u00f3n, pasacalles, bailes, fuegos artificiales, competiciones deportivas, conciertos y el baile del \u201cPaga-li, Joan\u00bb (29 de junio).<br \/>\nLas entidades de la ciudad participan en ella con actividades como <em>correfocs<\/em>, sardanas, comidas populares y otras ya consolidadas, como la Trobada de Puntaires (\u2018el Encuentro de Encajeras\u2019), la Muestra de Artesan\u00eda y la Botiga al Carrer (\u2018la Tienda en la Calle\u2019).<\/p>\n<p><strong>Fecha:<\/strong> alrededor del 29 de junio, el d\u00eda de San Pedro, copatr\u00f3n de la ciudad<br \/>\n<strong>Lugar:<\/strong> diferentes ubicaciones<\/p>\n<\/div><div class=\"fusion-clearfix\"><\/div><\/div><\/div><div class=\"fusion-clearfix\"><\/div><\/div><\/div><div class=\"fusion-layout-column fusion_builder_column fusion-builder-column-3 fusion_builder_column_1_2 1_2 fusion-one-half fusion-column-first\" style=\"--awb-bg-size:cover;--awb-margin-top:5px;--awb-margin-bottom:5px;width:50%;width:calc(50% - ( ( 4% ) * 0.5 ) );margin-right: 4%;\"><div class=\"fusion-column-wrapper fusion-flex-column-wrapper-legacy\"><div class=\"fusion-image-element in-legacy-container\" style=\"--awb-caption-title-font-family:var(--h2_typography-font-family);--awb-caption-title-font-weight:var(--h2_typography-font-weight);--awb-caption-title-font-style:var(--h2_typography-font-style);--awb-caption-title-size:var(--h2_typography-font-size);--awb-caption-title-transform:var(--h2_typography-text-transform);--awb-caption-title-line-height:var(--h2_typography-line-height);--awb-caption-title-letter-spacing:var(--h2_typography-letter-spacing);\"><span class=\" fusion-imageframe imageframe-none imageframe-3 hover-type-none\"><img decoding=\"async\" width=\"572\" height=\"344\" alt=\"Fiesta de Oto\u00f1o Sant Cugat\" title=\"Festa de Tardor Sant Cugat\" src=\"https:\/\/visit.santcugat.cat\/wp-content\/uploads\/2016\/11\/Festa-de-Tardor-Sant-Cugat.jpg\" class=\"img-responsive wp-image-18066\" srcset=\"https:\/\/visit.santcugat.cat\/wp-content\/uploads\/2016\/11\/Festa-de-Tardor-Sant-Cugat-200x120.jpg 200w, https:\/\/visit.santcugat.cat\/wp-content\/uploads\/2016\/11\/Festa-de-Tardor-Sant-Cugat-400x241.jpg 400w, https:\/\/visit.santcugat.cat\/wp-content\/uploads\/2016\/11\/Festa-de-Tardor-Sant-Cugat.jpg 572w\" sizes=\"(max-width: 800px) 100vw, 572px\" \/><\/span><\/div><div class=\"fusion-reading-box-container reading-box-container-3\" style=\"--awb-title-color:#3b4251;--awb-margin-top:0px;--awb-margin-bottom:0px;\"><div class=\"reading-box\" style=\"background-color:#ffffff;border-width:1px;border-color:#aaaaaa;border-bottom-width:3px;border-bottom-color:var(--primary_color);border-style:solid;\"><div class=\"reading-box-additional\">\n<h3>Fiesta de Oto\u00f1o<\/h3>\n<p>La Fiesta de Oto\u00f1o es la fiesta de las entidades de Sant Cugat, donde cada una muestra su trabajo y da a conocer su actividad mediante actuaciones, talleres y una feria que llena el centro del pueblo de tenderetes y de vida. En esta fiesta se pone de relieve la riqueza del tejido asociativo de la ciudad dentro de los \u00e1mbitos sociales, de la cultura, la tradici\u00f3n, el deporte y la cooperaci\u00f3n, entre otros.<br \/>\nLa Fiesta de Oto\u00f1o se celebra desde el a\u00f1o 1976 en el mismo escenario, el entorno del Monasterio. Las diferentes entidades de Sant Cugat se agrupan para reivindicar a\u00f1o tras a\u00f1o un tema com\u00fan a trav\u00e9s de un lema y un manifiesto.<\/p>\n<p><strong>Fecha:<\/strong> fin de semana de octubre o noviembre (tradicionalmente el primero de noviembre)<br \/>\n<strong>Lugar:<\/strong> plaza d\u2019Octavi\u00e0<\/p>\n<div class=\"fusion-sep-clear\"><\/div><div class=\"fusion-separator fusion-full-width-sep\" style=\"margin-left: auto;margin-right: auto;margin-top:18px;margin-bottom:25px;width:100%;\"><\/div><div class=\"fusion-sep-clear\"><\/div>\n<\/div><div class=\"fusion-clearfix\"><\/div><\/div><\/div><div class=\"fusion-clearfix\"><\/div><\/div><\/div><div class=\"fusion-layout-column fusion_builder_column fusion-builder-column-4 fusion_builder_column_1_2 1_2 fusion-one-half fusion-column-last\" style=\"--awb-bg-size:cover;--awb-margin-top:5px;--awb-margin-bottom:5px;width:50%;width:calc(50% - ( ( 4% ) * 0.5 ) );\"><div class=\"fusion-column-wrapper fusion-flex-column-wrapper-legacy\"><div class=\"fusion-image-element in-legacy-container\" style=\"--awb-caption-title-font-family:var(--h2_typography-font-family);--awb-caption-title-font-weight:var(--h2_typography-font-weight);--awb-caption-title-font-style:var(--h2_typography-font-style);--awb-caption-title-size:var(--h2_typography-font-size);--awb-caption-title-transform:var(--h2_typography-text-transform);--awb-caption-title-line-height:var(--h2_typography-line-height);--awb-caption-title-letter-spacing:var(--h2_typography-letter-spacing);\"><span class=\" fusion-imageframe imageframe-none imageframe-4 hover-type-none\"><img decoding=\"async\" width=\"572\" height=\"344\" alt=\"Navidad en Sant Cugat\" title=\"nadal3rec\" src=\"https:\/\/visit.santcugat.cat\/wp-content\/uploads\/2016\/11\/nadal3rec.jpg\" class=\"img-responsive wp-image-18065\" srcset=\"https:\/\/visit.santcugat.cat\/wp-content\/uploads\/2016\/11\/nadal3rec-200x120.jpg 200w, https:\/\/visit.santcugat.cat\/wp-content\/uploads\/2016\/11\/nadal3rec-400x241.jpg 400w, https:\/\/visit.santcugat.cat\/wp-content\/uploads\/2016\/11\/nadal3rec.jpg 572w\" sizes=\"(max-width: 800px) 100vw, 572px\" \/><\/span><\/div><div class=\"fusion-reading-box-container reading-box-container-4\" style=\"--awb-title-color:#3b4251;--awb-margin-top:0px;--awb-margin-bottom:0px;\"><div class=\"reading-box\" style=\"background-color:#ffffff;border-width:1px;border-color:#aaaaaa;border-bottom-width:3px;border-bottom-color:var(--primary_color);border-style:solid;\"><div class=\"reading-box-additional\">\n<h3>Navidad en Sant Cugat<\/h3>\n<p>Se celebra con diferentes tradiciones, como el Pessebre Vivent, la representaci\u00f3n de los Pastorets, Nadal a l\u2019Envelat, el Quinto de Nadal, el Caga Ti\u00f3, la comida de Navidad, el Fin de A\u00f1o y la Cabalgata de Reyes.<br \/>\nLa Misa del Gallo, que tiene lugar en la noche de Navidad, posee una significaci\u00f3n especial porque recordamos los sucesos de 1350, a\u00f1o en que Ramon Berenguer de Saltells asesin\u00f3 al abad Biure en plena ceremonia por un problema de herencia. La leyenda dice que el gallo de la veleta del Monasterio, estremecido, cant\u00f3 tan fuerte en el instante del crimen que, luego, se qued\u00f3 mudo para siempre. Este mismo gallo de hierro preside la misa de Noche Buena. Cada a\u00f1o se representa en la sala capitular del Claustro la obra <em>Pedra i sang<\/em>, basada en estos hechos.<\/p>\n<p><strong>Fecha:<\/strong> desde el 24 de diciembre hasta el 6 de enero<br \/>\n<strong>Lugar:<\/strong> diferentes ubicaciones<\/p>\n<\/div><div class=\"fusion-clearfix\"><\/div><\/div><\/div><div class=\"fusion-clearfix\"><\/div><\/div><\/div><\/div><\/div><div class=\"fusion-fullwidth fullwidth-box fusion-builder-row-3 nonhundred-percent-fullwidth non-hundred-percent-height-scrolling\" style=\"--awb-border-radius-top-left:0px;--awb-border-radius-top-right:0px;--awb-border-radius-bottom-right:0px;--awb-border-radius-bottom-left:0px;--awb-flex-wrap:wrap;\" ><div class=\"fusion-builder-row fusion-row\"><div class=\"fusion-layout-column fusion_builder_column fusion-builder-column-5 fusion_builder_column_1_1 1_1 fusion-one-full fusion-column-first fusion-column-last\" style=\"--awb-bg-size:cover;\"><div class=\"fusion-column-wrapper fusion-flex-column-wrapper-legacy\"><div class=\"fusion-clearfix\"><\/div><\/div><\/div><\/div><\/div><\/p>\n","protected":false},"excerpt":{"rendered":"","protected":false},"author":2,"featured_media":0,"parent":0,"menu_order":8,"comment_status":"closed","ping_status":"closed","template":"","meta":{"_joinchat":[],"footnotes":""},"class_list":["post-6849","page","type-page","status-publish","hentry"],"yoast_head":"<!-- This site is optimized with the Yoast SEO plugin v26.7 - https:\/\/yoast.com\/wordpress\/plugins\/seo\/ -->\n<title>Fiestas y tradiciones en Sant Cugat - Visit Sant Cugat<\/title>\n<meta name=\"description\" content=\"Fiestas y tradiciones en Sant Cugat: el Aplec de Sant Medir, la Fiesta Mayor, la Fiesta de Oto\u00f1o y la Navidad son algunas de las m\u00e1s significativas.\" \/>\n<meta name=\"robots\" content=\"index, follow, max-snippet:-1, max-image-preview:large, max-video-preview:-1\" \/>\n<link rel=\"canonical\" href=\"https:\/\/visit.santcugat.cat\/es\/fiestas-y-tradiciones-en-sant-cugat\/\" \/>\n<meta property=\"og:locale\" content=\"es_ES\" \/>\n<meta property=\"og:type\" content=\"article\" \/>\n<meta property=\"og:title\" content=\"Fiestas y tradiciones en Sant Cugat - Visit Sant Cugat\" \/>\n<meta property=\"og:description\" content=\"Fiestas y tradiciones en Sant Cugat: el Aplec de Sant Medir, la Fiesta Mayor, la Fiesta de Oto\u00f1o y la Navidad son algunas de las m\u00e1s significativas.\" \/>\n<meta property=\"og:url\" content=\"https:\/\/visit.santcugat.cat\/es\/fiestas-y-tradiciones-en-sant-cugat\/\" \/>\n<meta property=\"og:site_name\" content=\"Visit Sant Cugat\" \/>\n<meta property=\"article:publisher\" content=\"https:\/\/www.facebook.com\/visitsantcugat\/\" \/>\n<meta property=\"article:modified_time\" content=\"2024-09-05T18:08:31+00:00\" \/>\n<meta property=\"og:image\" content=\"https:\/\/visit.santcugat.cat\/wp-content\/uploads\/2023\/03\/CLAUSTRE-MONASTERIO-DE-SANT-CUGAT_resultado.webp\" \/>\n\t<meta property=\"og:image:width\" content=\"984\" \/>\n\t<meta property=\"og:image:height\" content=\"502\" \/>\n\t<meta property=\"og:image:type\" content=\"image\/webp\" \/>\n<meta name=\"twitter:card\" content=\"summary_large_image\" \/>\n<meta name=\"twitter:site\" content=\"@ajsantcugat\" \/>\n<meta name=\"twitter:label1\" content=\"Tiempo de lectura\" \/>\n\t<meta name=\"twitter:data1\" content=\"4 minutos\" \/>\n<script type=\"application\/ld+json\" class=\"yoast-schema-graph\">{\"@context\":\"https:\/\/schema.org\",\"@graph\":[{\"@type\":\"WebPage\",\"@id\":\"https:\/\/visit.santcugat.cat\/es\/fiestas-y-tradiciones-en-sant-cugat\/\",\"url\":\"https:\/\/visit.santcugat.cat\/es\/fiestas-y-tradiciones-en-sant-cugat\/\",\"name\":\"Fiestas y tradiciones en Sant Cugat - Visit Sant Cugat\",\"isPartOf\":{\"@id\":\"https:\/\/visit.santcugat.cat\/fr\/#website\"},\"datePublished\":\"2016-11-30T17:07:15+00:00\",\"dateModified\":\"2024-09-05T18:08:31+00:00\",\"description\":\"Fiestas y tradiciones en Sant Cugat: el Aplec de Sant Medir, la Fiesta Mayor, la Fiesta de Oto\u00f1o y la Navidad son algunas de las m\u00e1s significativas.\",\"breadcrumb\":{\"@id\":\"https:\/\/visit.santcugat.cat\/es\/fiestas-y-tradiciones-en-sant-cugat\/#breadcrumb\"},\"inLanguage\":\"es\",\"potentialAction\":[{\"@type\":\"ReadAction\",\"target\":[\"https:\/\/visit.santcugat.cat\/es\/fiestas-y-tradiciones-en-sant-cugat\/\"]}]},{\"@type\":\"BreadcrumbList\",\"@id\":\"https:\/\/visit.santcugat.cat\/es\/fiestas-y-tradiciones-en-sant-cugat\/#breadcrumb\",\"itemListElement\":[{\"@type\":\"ListItem\",\"position\":1,\"name\":\"Inici\",\"item\":\"https:\/\/visit.santcugat.cat\/es\/\"},{\"@type\":\"ListItem\",\"position\":2,\"name\":\"Fiestas y tradiciones en Sant Cugat\"}]},{\"@type\":\"WebSite\",\"@id\":\"https:\/\/visit.santcugat.cat\/fr\/#website\",\"url\":\"https:\/\/visit.santcugat.cat\/fr\/\",\"name\":\"Visit Sant Cugat\",\"description\":\"Turisme de Sant Cugat\",\"publisher\":{\"@id\":\"https:\/\/visit.santcugat.cat\/fr\/#organization\"},\"potentialAction\":[{\"@type\":\"SearchAction\",\"target\":{\"@type\":\"EntryPoint\",\"urlTemplate\":\"https:\/\/visit.santcugat.cat\/fr\/?s={search_term_string}\"},\"query-input\":{\"@type\":\"PropertyValueSpecification\",\"valueRequired\":true,\"valueName\":\"search_term_string\"}}],\"inLanguage\":\"es\"},{\"@type\":\"Organization\",\"@id\":\"https:\/\/visit.santcugat.cat\/fr\/#organization\",\"name\":\"Visit Sant Cugat - Turisme de Sant Cugat - Barcelona\",\"url\":\"https:\/\/visit.santcugat.cat\/fr\/\",\"logo\":{\"@type\":\"ImageObject\",\"inLanguage\":\"es\",\"@id\":\"https:\/\/visit.santcugat.cat\/fr\/#\/schema\/logo\/image\/\",\"url\":\"https:\/\/visit.santcugat.cat\/wp-content\/uploads\/2020\/09\/logo.png\",\"contentUrl\":\"https:\/\/visit.santcugat.cat\/wp-content\/uploads\/2020\/09\/logo.png\",\"width\":200,\"height\":44,\"caption\":\"Visit Sant Cugat - Turisme de Sant Cugat - Barcelona\"},\"image\":{\"@id\":\"https:\/\/visit.santcugat.cat\/fr\/#\/schema\/logo\/image\/\"},\"sameAs\":[\"https:\/\/www.facebook.com\/visitsantcugat\/\",\"https:\/\/x.com\/ajsantcugat\",\"https:\/\/www.instagram.com\/visitsantcugat\/\",\"https:\/\/ca.wikipedia.org\/wiki\/Sant_Cugat_del_Vall\u00e8s\"]}]}<\/script>\n<!-- \/ Yoast SEO plugin. -->","yoast_head_json":{"title":"Fiestas y tradiciones en Sant Cugat - Visit Sant Cugat","description":"Fiestas y tradiciones en Sant Cugat: el Aplec de Sant Medir, la Fiesta Mayor, la Fiesta de Oto\u00f1o y la Navidad son algunas de las m\u00e1s significativas.","robots":{"index":"index","follow":"follow","max-snippet":"max-snippet:-1","max-image-preview":"max-image-preview:large","max-video-preview":"max-video-preview:-1"},"canonical":"https:\/\/visit.santcugat.cat\/es\/fiestas-y-tradiciones-en-sant-cugat\/","og_locale":"es_ES","og_type":"article","og_title":"Fiestas y tradiciones en Sant Cugat - Visit Sant Cugat","og_description":"Fiestas y tradiciones en Sant Cugat: el Aplec de Sant Medir, la Fiesta Mayor, la Fiesta de Oto\u00f1o y la Navidad son algunas de las m\u00e1s significativas.","og_url":"https:\/\/visit.santcugat.cat\/es\/fiestas-y-tradiciones-en-sant-cugat\/","og_site_name":"Visit Sant Cugat","article_publisher":"https:\/\/www.facebook.com\/visitsantcugat\/","article_modified_time":"2024-09-05T18:08:31+00:00","og_image":[{"width":984,"height":502,"url":"https:\/\/visit.santcugat.cat\/wp-content\/uploads\/2023\/03\/CLAUSTRE-MONASTERIO-DE-SANT-CUGAT_resultado.webp","type":"image\/webp"}],"twitter_card":"summary_large_image","twitter_site":"@ajsantcugat","twitter_misc":{"Tiempo de lectura":"4 minutos"},"schema":{"@context":"https:\/\/schema.org","@graph":[{"@type":"WebPage","@id":"https:\/\/visit.santcugat.cat\/es\/fiestas-y-tradiciones-en-sant-cugat\/","url":"https:\/\/visit.santcugat.cat\/es\/fiestas-y-tradiciones-en-sant-cugat\/","name":"Fiestas y tradiciones en Sant Cugat - Visit Sant Cugat","isPartOf":{"@id":"https:\/\/visit.santcugat.cat\/fr\/#website"},"datePublished":"2016-11-30T17:07:15+00:00","dateModified":"2024-09-05T18:08:31+00:00","description":"Fiestas y tradiciones en Sant Cugat: el Aplec de Sant Medir, la Fiesta Mayor, la Fiesta de Oto\u00f1o y la Navidad son algunas de las m\u00e1s significativas.","breadcrumb":{"@id":"https:\/\/visit.santcugat.cat\/es\/fiestas-y-tradiciones-en-sant-cugat\/#breadcrumb"},"inLanguage":"es","potentialAction":[{"@type":"ReadAction","target":["https:\/\/visit.santcugat.cat\/es\/fiestas-y-tradiciones-en-sant-cugat\/"]}]},{"@type":"BreadcrumbList","@id":"https:\/\/visit.santcugat.cat\/es\/fiestas-y-tradiciones-en-sant-cugat\/#breadcrumb","itemListElement":[{"@type":"ListItem","position":1,"name":"Inici","item":"https:\/\/visit.santcugat.cat\/es\/"},{"@type":"ListItem","position":2,"name":"Fiestas y tradiciones en Sant Cugat"}]},{"@type":"WebSite","@id":"https:\/\/visit.santcugat.cat\/fr\/#website","url":"https:\/\/visit.santcugat.cat\/fr\/","name":"Visit Sant Cugat","description":"Turisme de Sant Cugat","publisher":{"@id":"https:\/\/visit.santcugat.cat\/fr\/#organization"},"potentialAction":[{"@type":"SearchAction","target":{"@type":"EntryPoint","urlTemplate":"https:\/\/visit.santcugat.cat\/fr\/?s={search_term_string}"},"query-input":{"@type":"PropertyValueSpecification","valueRequired":true,"valueName":"search_term_string"}}],"inLanguage":"es"},{"@type":"Organization","@id":"https:\/\/visit.santcugat.cat\/fr\/#organization","name":"Visit Sant Cugat - Turisme de Sant Cugat - Barcelona","url":"https:\/\/visit.santcugat.cat\/fr\/","logo":{"@type":"ImageObject","inLanguage":"es","@id":"https:\/\/visit.santcugat.cat\/fr\/#\/schema\/logo\/image\/","url":"https:\/\/visit.santcugat.cat\/wp-content\/uploads\/2020\/09\/logo.png","contentUrl":"https:\/\/visit.santcugat.cat\/wp-content\/uploads\/2020\/09\/logo.png","width":200,"height":44,"caption":"Visit Sant Cugat - Turisme de Sant Cugat - Barcelona"},"image":{"@id":"https:\/\/visit.santcugat.cat\/fr\/#\/schema\/logo\/image\/"},"sameAs":["https:\/\/www.facebook.com\/visitsantcugat\/","https:\/\/x.com\/ajsantcugat","https:\/\/www.instagram.com\/visitsantcugat\/","https:\/\/ca.wikipedia.org\/wiki\/Sant_Cugat_del_Vall\u00e8s"]}]}},"_links":{"self":[{"href":"https:\/\/visit.santcugat.cat\/es\/wp-json\/wp\/v2\/pages\/6849","targetHints":{"allow":["GET"]}}],"collection":[{"href":"https:\/\/visit.santcugat.cat\/es\/wp-json\/wp\/v2\/pages"}],"about":[{"href":"https:\/\/visit.santcugat.cat\/es\/wp-json\/wp\/v2\/types\/page"}],"author":[{"embeddable":true,"href":"https:\/\/visit.santcugat.cat\/es\/wp-json\/wp\/v2\/users\/2"}],"replies":[{"embeddable":true,"href":"https:\/\/visit.santcugat.cat\/es\/wp-json\/wp\/v2\/comments?post=6849"}],"version-history":[{"count":3,"href":"https:\/\/visit.santcugat.cat\/es\/wp-json\/wp\/v2\/pages\/6849\/revisions"}],"predecessor-version":[{"id":40449,"href":"https:\/\/visit.santcugat.cat\/es\/wp-json\/wp\/v2\/pages\/6849\/revisions\/40449"}],"wp:attachment":[{"href":"https:\/\/visit.santcugat.cat\/es\/wp-json\/wp\/v2\/media?parent=6849"}],"curies":[{"name":"wp","href":"https:\/\/api.w.org\/{rel}","templated":true}]}}