{"id":50442,"date":"2026-04-30T12:46:00","date_gmt":"2026-04-30T10:46:00","guid":{"rendered":"https:\/\/visit.santcugat.cat\/declaracio-daccessibilitat\/"},"modified":"2026-05-04T10:07:44","modified_gmt":"2026-05-04T08:07:44","slug":"declaracion-de-accesibilidad","status":"publish","type":"page","link":"https:\/\/visit.santcugat.cat\/es\/declaracion-de-accesibilidad\/","title":{"rendered":"Declaraci\u00f3n de accesibilidad"},"content":{"rendered":"<div class=\"fusion-fullwidth fullwidth-box fusion-builder-row-1 fusion-flex-container nonhundred-percent-fullwidth non-hundred-percent-height-scrolling\" style=\"--awb-border-radius-top-left:0px;--awb-border-radius-top-right:0px;--awb-border-radius-bottom-right:0px;--awb-border-radius-bottom-left:0px;--awb-flex-wrap:wrap;\" ><div class=\"fusion-builder-row fusion-row fusion-flex-align-items-flex-start fusion-flex-content-wrap\" style=\"max-width:1216.8px;margin-left: calc(-4% \/ 2 );margin-right: calc(-4% \/ 2 );\"><div class=\"fusion-layout-column fusion_builder_column fusion-builder-column-0 fusion_builder_column_1_1 1_1 fusion-flex-column\" style=\"--awb-bg-blend:overlay;--awb-bg-size:cover;--awb-width-large:100%;--awb-margin-top-large:0px;--awb-spacing-right-large:1.92%;--awb-margin-bottom-large:0px;--awb-spacing-left-large:1.92%;--awb-width-medium:100%;--awb-spacing-right-medium:1.92%;--awb-spacing-left-medium:1.92%;--awb-width-small:100%;--awb-spacing-right-small:1.92%;--awb-spacing-left-small:1.92%;\"><div class=\"fusion-column-wrapper fusion-flex-justify-content-flex-start fusion-content-layout-column\"><div class=\"fusion-separator fusion-full-width-sep\" style=\"align-self: center;margin-left: auto;margin-right: auto;margin-top:30px;margin-bottom:30px;width:100%;\"><\/div><div class=\"fusion-text fusion-text-1\"><h1 class=\"p1\" style=\"--fontsize: 46; line-height: 1.11;\" data-fontsize=\"46\" data-lineheight=\"51.06px\">Declaraci\u00f3n de accesibilidad de Turismo del Ayuntamiento de Sant Cugat<\/h1>\n<p class=\"p2\"><span class=\"s1\">El Ayuntamiento de Sant Cugat se ha comprometido a hacer accesible su sitio web de conformidad con el <\/span><a class=\"ljoptimizer\" href=\"https:\/\/www.boe.es\/buscar\/act.php?id=BOE-A-2018-12699\" rel=\"nofollow nofollow\" data-hasqtip=\"41606\" aria-describedby=\"qtip-41606\" target=\"_blank\">RReal Decreto 1112\/2018, de 7 de septiembre, sobre la accesibilidad de los sitios web y aplicaciones para dispositivos m\u00f3viles del sector p\u00fablico <\/a><span class=\"s1\">(en adelante, Real Decreto 1112\/2018, de 7 de septiembre).<\/span><\/p>\n<p class=\"p2\">La presente declaraci\u00f3n de accesibilidad se aplica a <a href=\"https:\/\/visit.santcugat.cat\/es\/\" rel=\"nofollow\" data-hasqtip=\"0\"><span class=\"s2\">https:\/\/visit.santcugat.cat\/ <\/span><\/a><\/p>\n<p class=\"p2\"><b>Este sitio web se ha desarrollado siguiendo los requisitos de la norma UNE-EN 301549:2022, teniendo en cuenta las excepciones del RD 1112\/2018.<\/b><\/p>\n<h2 class=\"p5\" style=\"--fontsize: 26; line-height: 1.69;\" data-fontsize=\"26\" data-lineheight=\"43.94px\">Situaci\u00f3n de cumplimiento<\/h2>\n<p class=\"p2\">Este sitio web es parcialmente conforme con el Real Decreto 1112\/2018, de 7 de septiembre, debido a la falta de conformidad en algunos aspectos. El sitio web se ha desarrollado siguiendo los requisitos del nivel AA de acuerdo con la norma UNE-EN 301549:2022, teniendo en cuenta las excepciones previstas por el RD 1112\/2018.<\/p>\n<h3 class=\"p6\" style=\"--fontsize: 24; line-height: 1.67;\" data-fontsize=\"24\" data-lineheight=\"40.08px\">Contenido no accesible<\/h3>\n<p class=\"p2\">El contenido que se recoge a continuaci\u00f3n no es accesible por los siguientes motivos:<\/p>\n<p class=\"p2\">A) Falta de conformidad con el Real Decreto 1112\/2018, de 7 de septiembre:<\/p>\n<p>Pueden existir contenidos de terceros o p\u00e1ginas externas no desarrolladas por este organismo que no cumplan totalmente los requisitos de accesibilidad.<\/p>\n<p>Pueden existir documentos en formato PDF publicados con posterioridad al 20 de septiembre de 2018 que no cumplen totalmente los requisitos de accesibilidad.<\/p>\n<p>Pueden existir errores puntuales de conformidad con los criterios WCAG 2.1 nivel AA en algunos contenidos.<\/p>\n<p>B) Carga desproporcionada: No aplica.<\/p>\n<p>C) El contenido no entra dentro del \u00e1mbito de la legislaci\u00f3n aplicable:<br \/>\nEl sitio web podr\u00eda contener archivos ofim\u00e1ticos en formato PDF, contenido multimedia u otros formatos publicados con anterioridad a septiembre de 2018 que no cumplan todos los requisitos de accesibilidad.<\/p>\n<h2 class=\"p5\" style=\"--fontsize: 26; line-height: 1.69;\" data-fontsize=\"26\" data-lineheight=\"43.94px\">Preparaci\u00f3n de la presente declaraci\u00f3n de accesibilidad<\/h2>\n<p class=\"p2\">La presente declaraci\u00f3n fue preparada el 30 de abril de 2026.<\/p>\n<p class=\"p2\">El m\u00e9todo utilizado para preparar la declaraci\u00f3n fue la auditor\u00eda de accesibilidad externa llevada a cabo por <b>Databot Technologies S.L., empresa especializada en accesibilidad web.<\/b><\/p>\n<p class=\"p2\">\u00daltima revisi\u00f3n de la declaraci\u00f3n: 30<i>\/04\/2026<\/i><\/p>\n<h2 class=\"p5\" style=\"--fontsize: 26; line-height: 1.69;\" data-fontsize=\"26\" data-lineheight=\"43.94px\">Observaciones y datos de contacto<\/h2>\n<p class=\"p2\">Se pueden realizar comunicaciones sobre requisitos de accesibilidad (art\u00edculo 10.2.a del Real Decreto 1112\/2018) a trav\u00e9s del siguiente <span class=\"s8\"><a href=\"https:\/\/santcugat.cat\/web\/formulari-de-contacte-unitat-responsable-daccessibilitat\" target=\"_blank\" rel=\"nofollow\"><b>formulario<\/b><\/a> de contacto o llamando al 010.<\/span><\/p>\n<p class=\"p2\">Por ejemplo:<\/p>\n<ul>\n<li class=\"p2\">Informar sobre cualquier posible incumplimiento por parte de este sitio web.<\/li>\n<li class=\"p2\">Transmitir otras dificultades de acceso al contenido.<\/li>\n<li class=\"p2\">Formular cualquier otra consulta o sugerencia de mejora relativa a la accesibilidad del sitio web.<\/li>\n<\/ul>\n<p class=\"p2\">Las comunicaciones ser\u00e1n recibidas y tratadas por la Tenencia de Alcald\u00eda de Buen Gobierno, Transparencia, Participaci\u00f3n y Barrios, como Unidad Responsable de Accesibilidad Web del Ayuntamiento de Sant Cugat.<\/p>\n<h3 class=\"p6\" style=\"--fontsize: 24; line-height: 1.67;\" data-fontsize=\"24\" data-lineheight=\"40.08px\">Solicitudes de informaci\u00f3n accesible y quejas<\/h3>\n<p class=\"p2\">Para realizar solicitudes de informaci\u00f3n accesible y quejas (art\u00edculo 12 del Real Decreto 1112\/2018) es necesario acceder al <b><a href=\"https:\/\/seu.santcugat.cat\/seu\/ProcedimientoTabs.aspx?tab=1&amp;idProc=180&amp;idnct=1768&amp;x=msla8nFlrRM64OQ\/H3Kxuw\" rel=\"nofollow\" data-hasqtip=\"2\" aria-describedby=\"qtip-2\" target=\"_blank\">tr\u00e1mite de Reclamaciones de la sede electr\u00f3nica<\/a> <\/b><span class=\"s9\">indicando \u201c<strong>URA &#8211; Solicitudes de informaci\u00f3n accesible y quejas<\/strong><\/span><strong>\u201d.<\/strong><\/p>\n<p>Las solicitudes de informaci\u00f3n y quejas ser\u00e1n recibidas y atendidas por el responsable del sitio web.<\/p>\n<p>Cualquier persona f\u00edsica o jur\u00eddica puede formular quejas relativas al cumplimiento de los requisitos del Real Decreto 1112\/2018 y solicitar informaci\u00f3n relativa a contenidos que est\u00e9n excluidos del \u00e1mbito de aplicaci\u00f3n de esta normativa.<\/p>\n<p>Las solicitudes y quejas se registran conforme a los requisitos establecidos por la Ley 39\/2015, de 1 de octubre, del Procedimiento Administrativo Com\u00fan de las Administraciones P\u00fablicas.<\/p>\n<h3 class=\"p6\" style=\"--fontsize: 24; line-height: 1.67;\" data-fontsize=\"24\" data-lineheight=\"40.08px\">Procedimiento de aplicaci\u00f3n<\/h3>\n<p class=\"p2\">El procedimiento de aplicaci\u00f3n recogido en el art\u00edculo 13 del Real Decreto 1112\/2018 puede iniciarse en el tr\u00e1mite de<a href=\"https:\/\/seu.santcugat.cat\/seu\/ProcedimientoTabs.aspx?tab=1&amp;idProc=180&amp;idnct=1768&amp;x=msla8nFlrRM64OQ\/H3Kxuw\" target=\"_blank\" rel=\"nofollow\" data-hasqtip=\"1\"> Reclamaciones de la sede electr\u00f3nica indicando<\/a> <span class=\"s9\">indicando \u201cURA &#8211; Solicitudes de informaci\u00f3n accesible y quejas<\/span>\u201d.<\/p>\n<p class=\"p2\">Si una vez realizada una solicitud de informaci\u00f3n accesible o queja esta ha sido desestimada, no est\u00e1s de acuerdo con la decisi\u00f3n adoptada o la respuesta no cumple con los requisitos del art\u00edculo 12.5 del RD 1112\/2018, puedes iniciar una reclamaci\u00f3n por\u2026<\/p>\n<ul>\n<li>conocer y oponerte a los motivos de la desestimaci\u00f3n<\/li>\n<li>instar a la adopci\u00f3n de las medidas oportunas en caso de no estar de acuerdo con la decisi\u00f3n adoptada<\/li>\n<li>exponer las razones por las que consideras que la respuesta no cumple con los requisitos exigidos<\/li>\n<\/ul>\n<p class=\"p2\">Tambi\u00e9n se puede iniciar una reclamaci\u00f3n en caso de que hayan transcurrido 20 d\u00edas h\u00e1biles sin haber obtenido ninguna respuesta.<\/p>\n<p class=\"p11\">Las reclamaciones son recibidas y tratadas por la Tenencia de Alcald\u00eda de Buen Gobierno, Transparencia, Participaci\u00f3n y Barrios, como Unidad Responsable de Accesibilidad Web del Ayuntamiento de Sant Cugat.<\/p>\n<h2 class=\"p6\" style=\"--fontsize: 26; line-height: 1.69;\" data-fontsize=\"26\" data-lineheight=\"43.94px\">El compromiso del Ayuntamiento de Sant Cugat con la accesibilidad<\/h2>\n<p class=\"p4\">Este sitio web se ha desarrollado siguiendo los requisitos de la <b>norma UNE-EN 301549:2022, teniendo en cuenta las excepciones del RD 1112\/2018.<\/b><\/p>\n<p class=\"p2\">El sitio web de Turismo del Ayuntamiento de Sant Cugat se ha construido con el objetivo de facilitar el acceso universal a todas las personas que lo consultan, independientemente de sus capacidades f\u00edsicas, sensoriales o intelectuales, y del contexto t\u00e9cnico de uso en el que lo hagan (tipo de dispositivo, software, velocidad de la conexi\u00f3n, condiciones ambientales, etc.).<\/p>\n<p>Por ello, trabajamos con el objetivo de eliminar las barreras que dificultan el acceso a la informaci\u00f3n y la comunicaci\u00f3n.<\/p>\n<p>El compromiso del Ayuntamiento es continuar trabajando para lograr el cumplimiento completo del nivel AA, tal como exigen a las administraciones p\u00fablicas las legislaciones europea y estatal.<\/p>\n<p class=\"p3\"><a href=\"https:\/\/eur-lex.europa.eu\/legal-content\/ES\/TXT\/?uri=uriserv:OJ.L_.2016.327.01.0001.01.SPA&amp;toc=OJ:L:2016:327:FULL\" target=\"_blank\" rel=\"nofollow\" data-hasqtip=\"2\"><span class=\"s1\">La Directiva (UE) 2016\/2102 del Parlamento Europeo y del Consejo, de 26 de octubre de 2016,<\/span><span class=\"s2\"> <\/span><\/a>establece las normas que se exigen a los Estados miembros para que todos los sitios web y aplicaciones m\u00f3viles del sector p\u00fablico, independientemente del dispositivo utilizado para acceder a ellos, cumplan los requisitos de accesibilidad recogidos en la norma<b> <span style=\"color: #ff0000;\"><span class=\"s10\"><span style=\"color: rgba(0, 0, 0, 0.67);\">UNE-EN 301549:2022<\/span><\/span><span style=\"color: rgba(0, 0, 0, 0.67);\">,<\/span><\/span><\/b> sobre requisitos de accesibilidad para la contrataci\u00f3n p\u00fablica de productos y servicios TIC en Europa.<\/p>\n<p class=\"p2\">La norma <span class=\"s10\" style=\"color: #ff0000;\"><span style=\"color: rgba(2, 0, 0, 0.83);\"><b>UNE-EN 301549:2022<\/b><\/span> <\/span>se basa principalmente en las Web Content Accessibility Guidelines (WCAG) 2.1, de agosto de 2018. Concretamente, debe cumplirse el nivel AA. No obstante, la norma tambi\u00e9n incluye otros requisitos adicionales, obligatorios y condicionales.<\/p>\n<p class=\"p2\">La directiva es de obligado cumplimiento, pero no es de aplicaci\u00f3n directa; por ello, en el \u00e1mbito estatal se ha desarrollado un real decreto que define su alcance y requisitos como m\u00ednimo. La transposici\u00f3n a nivel estatal es el Real Decreto 1112\/2018, de 7 de septiembre, sobre accesibilidad de los sitios web y aplicaciones para dispositivos m\u00f3viles del sector p\u00fablico.<\/p>\n<\/div><div class=\"fusion-separator fusion-full-width-sep\" style=\"align-self: center;margin-left: auto;margin-right: auto;margin-top:30px;margin-bottom:30px;width:100%;\"><\/div><\/div><\/div><\/div><\/div>\n","protected":false},"excerpt":{"rendered":"","protected":false},"author":2,"featured_media":0,"parent":0,"menu_order":0,"comment_status":"closed","ping_status":"closed","template":"","meta":{"_joinchat":[],"footnotes":""},"class_list":["post-50442","page","type-page","status-publish","hentry"],"yoast_head":"<!-- This site is optimized with the Yoast SEO plugin v27.5 - https:\/\/yoast.com\/product\/yoast-seo-wordpress\/ -->\n<title>declaracion de accesibilidad<\/title>\n<meta name=\"description\" content=\"El Ayuntamiento de Sant Cugat est\u00e1 trabajando para hacer accesible su sitio web de conformidad con el Real Decreto 1112\/2018, de 7 de septiembre.\" \/>\n<meta name=\"robots\" content=\"noindex, nofollow\" \/>\n<meta property=\"og:locale\" content=\"es_ES\" \/>\n<meta property=\"og:type\" content=\"article\" \/>\n<meta property=\"og:title\" content=\"declaracion de accesibilidad\" \/>\n<meta property=\"og:description\" content=\"El Ayuntamiento de Sant Cugat est\u00e1 trabajando para hacer accesible su sitio web de conformidad con el Real Decreto 1112\/2018, de 7 de septiembre.\" \/>\n<meta property=\"og:url\" content=\"https:\/\/visit.santcugat.cat\/fr\/declaration-d-accessibilite\/\" \/>\n<meta property=\"og:site_name\" content=\"Visit Sant Cugat\" \/>\n<meta property=\"article:publisher\" content=\"https:\/\/www.facebook.com\/visitsantcugat\/\" \/>\n<meta property=\"article:modified_time\" content=\"2026-05-04T08:07:44+00:00\" \/>\n<meta property=\"og:image\" content=\"https:\/\/visit.santcugat.cat\/wp-content\/uploads\/2023\/03\/CLAUSTRE-MONASTERIO-DE-SANT-CUGAT_resultado.webp\" \/>\n\t<meta property=\"og:image:width\" content=\"984\" \/>\n\t<meta property=\"og:image:height\" content=\"502\" \/>\n\t<meta property=\"og:image:type\" content=\"image\/webp\" \/>\n<meta name=\"twitter:card\" content=\"summary_large_image\" \/>\n<meta name=\"twitter:site\" content=\"@ajsantcugat\" \/>\n<meta name=\"twitter:label1\" content=\"Tiempo de lectura\" \/>\n\t<meta name=\"twitter:data1\" content=\"6 minutos\" \/>\n<script type=\"application\/ld+json\" class=\"yoast-schema-graph\">{\"@context\":\"https:\\\/\\\/schema.org\",\"@graph\":[{\"@type\":\"WebPage\",\"@id\":\"https:\\\/\\\/visit.santcugat.cat\\\/fr\\\/declaration-d-accessibilite\\\/\",\"url\":\"https:\\\/\\\/visit.santcugat.cat\\\/fr\\\/declaration-d-accessibilite\\\/\",\"name\":\"declaracion de accesibilidad\",\"isPartOf\":{\"@id\":\"https:\\\/\\\/visit.santcugat.cat\\\/fr\\\/#website\"},\"datePublished\":\"2026-04-30T10:46:00+00:00\",\"dateModified\":\"2026-05-04T08:07:44+00:00\",\"description\":\"El Ayuntamiento de Sant Cugat est\u00e1 trabajando para hacer accesible su sitio web de conformidad con el Real Decreto 1112\\\/2018, de 7 de septiembre.\",\"breadcrumb\":{\"@id\":\"https:\\\/\\\/visit.santcugat.cat\\\/fr\\\/declaration-d-accessibilite\\\/#breadcrumb\"},\"inLanguage\":\"es\",\"potentialAction\":[{\"@type\":\"ReadAction\",\"target\":[\"https:\\\/\\\/visit.santcugat.cat\\\/fr\\\/declaration-d-accessibilite\\\/\"]}]},{\"@type\":\"BreadcrumbList\",\"@id\":\"https:\\\/\\\/visit.santcugat.cat\\\/fr\\\/declaration-d-accessibilite\\\/#breadcrumb\",\"itemListElement\":[{\"@type\":\"ListItem\",\"position\":1,\"name\":\"Inici\",\"item\":\"https:\\\/\\\/visit.santcugat.cat\\\/es\\\/\"},{\"@type\":\"ListItem\",\"position\":2,\"name\":\"Declaraci\u00f3n de accesibilidad\"}]},{\"@type\":\"WebSite\",\"@id\":\"https:\\\/\\\/visit.santcugat.cat\\\/fr\\\/#website\",\"url\":\"https:\\\/\\\/visit.santcugat.cat\\\/fr\\\/\",\"name\":\"Visit Sant Cugat\",\"description\":\"Turisme de Sant Cugat\",\"publisher\":{\"@id\":\"https:\\\/\\\/visit.santcugat.cat\\\/fr\\\/#organization\"},\"potentialAction\":[{\"@type\":\"SearchAction\",\"target\":{\"@type\":\"EntryPoint\",\"urlTemplate\":\"https:\\\/\\\/visit.santcugat.cat\\\/fr\\\/?s={search_term_string}\"},\"query-input\":{\"@type\":\"PropertyValueSpecification\",\"valueRequired\":true,\"valueName\":\"search_term_string\"}}],\"inLanguage\":\"es\"},{\"@type\":\"Organization\",\"@id\":\"https:\\\/\\\/visit.santcugat.cat\\\/fr\\\/#organization\",\"name\":\"Visit Sant Cugat - Turisme de Sant Cugat - Barcelona\",\"url\":\"https:\\\/\\\/visit.santcugat.cat\\\/fr\\\/\",\"logo\":{\"@type\":\"ImageObject\",\"inLanguage\":\"es\",\"@id\":\"https:\\\/\\\/visit.santcugat.cat\\\/fr\\\/#\\\/schema\\\/logo\\\/image\\\/\",\"url\":\"https:\\\/\\\/visit.santcugat.cat\\\/wp-content\\\/uploads\\\/2020\\\/09\\\/logo.png\",\"contentUrl\":\"https:\\\/\\\/visit.santcugat.cat\\\/wp-content\\\/uploads\\\/2020\\\/09\\\/logo.png\",\"width\":200,\"height\":44,\"caption\":\"Visit Sant Cugat - Turisme de Sant Cugat - Barcelona\"},\"image\":{\"@id\":\"https:\\\/\\\/visit.santcugat.cat\\\/fr\\\/#\\\/schema\\\/logo\\\/image\\\/\"},\"sameAs\":[\"https:\\\/\\\/www.facebook.com\\\/visitsantcugat\\\/\",\"https:\\\/\\\/x.com\\\/ajsantcugat\",\"https:\\\/\\\/www.instagram.com\\\/visitsantcugat\\\/\",\"https:\\\/\\\/ca.wikipedia.org\\\/wiki\\\/Sant_Cugat_del_Vall\u00e8s\"]}]}<\/script>\n<!-- \/ Yoast SEO plugin. -->","yoast_head_json":{"title":"declaracion de accesibilidad","description":"El Ayuntamiento de Sant Cugat est\u00e1 trabajando para hacer accesible su sitio web de conformidad con el Real Decreto 1112\/2018, de 7 de septiembre.","robots":{"index":"noindex","follow":"nofollow"},"og_locale":"es_ES","og_type":"article","og_title":"declaracion de accesibilidad","og_description":"El Ayuntamiento de Sant Cugat est\u00e1 trabajando para hacer accesible su sitio web de conformidad con el Real Decreto 1112\/2018, de 7 de septiembre.","og_url":"https:\/\/visit.santcugat.cat\/fr\/declaration-d-accessibilite\/","og_site_name":"Visit Sant Cugat","article_publisher":"https:\/\/www.facebook.com\/visitsantcugat\/","article_modified_time":"2026-05-04T08:07:44+00:00","og_image":[{"width":984,"height":502,"url":"https:\/\/visit.santcugat.cat\/wp-content\/uploads\/2023\/03\/CLAUSTRE-MONASTERIO-DE-SANT-CUGAT_resultado.webp","type":"image\/webp"}],"twitter_card":"summary_large_image","twitter_site":"@ajsantcugat","twitter_misc":{"Tiempo de lectura":"6 minutos"},"schema":{"@context":"https:\/\/schema.org","@graph":[{"@type":"WebPage","@id":"https:\/\/visit.santcugat.cat\/fr\/declaration-d-accessibilite\/","url":"https:\/\/visit.santcugat.cat\/fr\/declaration-d-accessibilite\/","name":"declaracion de accesibilidad","isPartOf":{"@id":"https:\/\/visit.santcugat.cat\/fr\/#website"},"datePublished":"2026-04-30T10:46:00+00:00","dateModified":"2026-05-04T08:07:44+00:00","description":"El Ayuntamiento de Sant Cugat est\u00e1 trabajando para hacer accesible su sitio web de conformidad con el Real Decreto 1112\/2018, de 7 de septiembre.","breadcrumb":{"@id":"https:\/\/visit.santcugat.cat\/fr\/declaration-d-accessibilite\/#breadcrumb"},"inLanguage":"es","potentialAction":[{"@type":"ReadAction","target":["https:\/\/visit.santcugat.cat\/fr\/declaration-d-accessibilite\/"]}]},{"@type":"BreadcrumbList","@id":"https:\/\/visit.santcugat.cat\/fr\/declaration-d-accessibilite\/#breadcrumb","itemListElement":[{"@type":"ListItem","position":1,"name":"Inici","item":"https:\/\/visit.santcugat.cat\/es\/"},{"@type":"ListItem","position":2,"name":"Declaraci\u00f3n de accesibilidad"}]},{"@type":"WebSite","@id":"https:\/\/visit.santcugat.cat\/fr\/#website","url":"https:\/\/visit.santcugat.cat\/fr\/","name":"Visit Sant Cugat","description":"Turisme de Sant Cugat","publisher":{"@id":"https:\/\/visit.santcugat.cat\/fr\/#organization"},"potentialAction":[{"@type":"SearchAction","target":{"@type":"EntryPoint","urlTemplate":"https:\/\/visit.santcugat.cat\/fr\/?s={search_term_string}"},"query-input":{"@type":"PropertyValueSpecification","valueRequired":true,"valueName":"search_term_string"}}],"inLanguage":"es"},{"@type":"Organization","@id":"https:\/\/visit.santcugat.cat\/fr\/#organization","name":"Visit Sant Cugat - Turisme de Sant Cugat - Barcelona","url":"https:\/\/visit.santcugat.cat\/fr\/","logo":{"@type":"ImageObject","inLanguage":"es","@id":"https:\/\/visit.santcugat.cat\/fr\/#\/schema\/logo\/image\/","url":"https:\/\/visit.santcugat.cat\/wp-content\/uploads\/2020\/09\/logo.png","contentUrl":"https:\/\/visit.santcugat.cat\/wp-content\/uploads\/2020\/09\/logo.png","width":200,"height":44,"caption":"Visit Sant Cugat - Turisme de Sant Cugat - Barcelona"},"image":{"@id":"https:\/\/visit.santcugat.cat\/fr\/#\/schema\/logo\/image\/"},"sameAs":["https:\/\/www.facebook.com\/visitsantcugat\/","https:\/\/x.com\/ajsantcugat","https:\/\/www.instagram.com\/visitsantcugat\/","https:\/\/ca.wikipedia.org\/wiki\/Sant_Cugat_del_Vall\u00e8s"]}]}},"_links":{"self":[{"href":"https:\/\/visit.santcugat.cat\/es\/wp-json\/wp\/v2\/pages\/50442","targetHints":{"allow":["GET"]}}],"collection":[{"href":"https:\/\/visit.santcugat.cat\/es\/wp-json\/wp\/v2\/pages"}],"about":[{"href":"https:\/\/visit.santcugat.cat\/es\/wp-json\/wp\/v2\/types\/page"}],"author":[{"embeddable":true,"href":"https:\/\/visit.santcugat.cat\/es\/wp-json\/wp\/v2\/users\/2"}],"replies":[{"embeddable":true,"href":"https:\/\/visit.santcugat.cat\/es\/wp-json\/wp\/v2\/comments?post=50442"}],"version-history":[{"count":4,"href":"https:\/\/visit.santcugat.cat\/es\/wp-json\/wp\/v2\/pages\/50442\/revisions"}],"predecessor-version":[{"id":50494,"href":"https:\/\/visit.santcugat.cat\/es\/wp-json\/wp\/v2\/pages\/50442\/revisions\/50494"}],"wp:attachment":[{"href":"https:\/\/visit.santcugat.cat\/es\/wp-json\/wp\/v2\/media?parent=50442"}],"curies":[{"name":"wp","href":"https:\/\/api.w.org\/{rel}","templated":true}]}}