{"id":49096,"date":"2025-12-29T18:00:37","date_gmt":"2025-12-29T17:00:37","guid":{"rendered":"https:\/\/visit.santcugat.cat\/cityoffilm\/sostenibilitat\/"},"modified":"2026-04-22T10:10:22","modified_gmt":"2026-04-22T08:10:22","slug":"sostenibilidad","status":"publish","type":"page","link":"https:\/\/visit.santcugat.cat\/es\/cityoffilm\/sostenibilidad\/","title":{"rendered":"Sostenibilidad"},"content":{"rendered":"<p><div class=\"fusion-fullwidth fullwidth-box fusion-builder-row-1 fusion-flex-container has-pattern-background has-mask-background nonhundred-percent-fullwidth non-hundred-percent-height-scrolling\" style=\"--awb-border-radius-top-left:0px;--awb-border-radius-top-right:0px;--awb-border-radius-bottom-right:0px;--awb-border-radius-bottom-left:0px;--awb-margin-top:50px;--awb-background-color:var(--awb-color1);--awb-flex-wrap:wrap;\" ><div class=\"fusion-builder-row fusion-row fusion-flex-align-items-flex-start fusion-flex-content-wrap\" style=\"max-width:1216.8px;margin-left: calc(-4% \/ 2 );margin-right: calc(-4% \/ 2 );\"><div class=\"fusion-layout-column fusion_builder_column fusion-builder-column-0 fusion_builder_column_1_1 1_1 fusion-flex-column\" style=\"--awb-padding-right-small:30px;--awb-padding-left-small:30px;--awb-bg-size:cover;--awb-width-large:100%;--awb-margin-top-large:0px;--awb-spacing-right-large:1.92%;--awb-margin-bottom-large:0px;--awb-spacing-left-large:67px;--awb-width-medium:100%;--awb-order-medium:0;--awb-spacing-right-medium:1.92%;--awb-spacing-left-medium:1.92%;--awb-width-small:100%;--awb-order-small:0;--awb-spacing-right-small:1.92%;--awb-spacing-left-small:1.92%;\"><div class=\"fusion-column-wrapper fusion-column-has-shadow fusion-flex-justify-content-flex-start fusion-content-layout-column\"><div class=\"fusion-title title fusion-title-1 fusion-sep-none fusion-title-text fusion-title-size-one\" style=\"--awb-margin-right:0px;--awb-margin-left:0px;\"><h1 class=\"fusion-title-heading title-heading-left fusion-responsive-typography-calculated\" style=\"margin:0;--fontSize:46;line-height:1.11;\">Sostenibilidad en los rodajes<\/h1><\/div><\/div><\/div><\/div><\/div><div class=\"fusion-fullwidth fullwidth-box fusion-builder-row-2 fusion-flex-container has-pattern-background has-mask-background nonhundred-percent-fullwidth non-hundred-percent-height-scrolling\" style=\"--awb-border-radius-top-left:0px;--awb-border-radius-top-right:0px;--awb-border-radius-bottom-right:0px;--awb-border-radius-bottom-left:0px;--awb-margin-bottom:40px;--awb-background-color:var(--awb-color1);--awb-flex-wrap:wrap;\" ><div class=\"fusion-builder-row fusion-row fusion-flex-align-items-flex-start fusion-flex-content-wrap\" style=\"max-width:1216.8px;margin-left: calc(-4% \/ 2 );margin-right: calc(-4% \/ 2 );\"><div class=\"fusion-layout-column fusion_builder_column fusion-builder-column-1 fusion_builder_column_1_2 1_2 fusion-flex-column\" style=\"--awb-padding-top:10px;--awb-padding-bottom:40px;--awb-padding-left:40px;--awb-padding-right-small:20px;--awb-padding-bottom-small:20px;--awb-padding-left-small:20px;--awb-bg-size:cover;--awb-width-large:50%;--awb-margin-top-large:0px;--awb-spacing-right-large:20px;--awb-margin-bottom-large:0px;--awb-spacing-left-large:3.84%;--awb-width-medium:100%;--awb-order-medium:0;--awb-spacing-right-medium:1.92%;--awb-spacing-left-medium:1.92%;--awb-width-small:100%;--awb-order-small:0;--awb-spacing-right-small:1.92%;--awb-spacing-left-small:1.92%;\" data-scroll-devices=\"small-visibility,medium-visibility,large-visibility\"><div class=\"fusion-column-wrapper fusion-column-has-shadow fusion-flex-justify-content-flex-start fusion-content-layout-column\"><div class=\"fusion-text fusion-text-1\"><p data-start=\"533\" data-end=\"962\">Desde Sant Cugat City of Film estamos comprometidos con la sostenibilidad en las producciones audiovisuales y queremos trabajar para facilitar que este objetivo sea una realidad en los rodajes que se llevan a cabo en el municipio. Por este motivo, facilitamos informaci\u00f3n y recursos para que las productoras puedan aplicar criterios y acciones responsables que minimicen el impacto ambiental, social y econ\u00f3mico de las producciones en Sant Cugat.<\/p>\n<p data-start=\"964\" data-end=\"1357\">Animamos a todas las producciones a definir estrategias e implementar medidas que contribuyan a esta transici\u00f3n, respondiendo a la evoluci\u00f3n de las pol\u00edticas del sector y ayudando a combatir la crisis clim\u00e1tica que afrontamos hoy. Todo ello con el objetivo de preservar nuestro entorno, fomentar el bienestar de la ciudadan\u00eda y garantizar una actividad audiovisual respetuosa y de calidad en el municipio.<\/p>\n<\/div><\/div><\/div><div class=\"fusion-layout-column fusion_builder_column fusion-builder-column-2 fusion_builder_column_1_2 1_2 fusion-flex-column\" style=\"--awb-padding-top:30px;--awb-padding-left:10px;--awb-padding-top-small:0px;--awb-padding-right-small:20px;--awb-padding-bottom-small:20px;--awb-padding-left-small:10px;--awb-bg-size:cover;--awb-width-large:50%;--awb-margin-top-large:0px;--awb-spacing-right-large:0.768%;--awb-margin-bottom-large:0px;--awb-spacing-left-large:3.84%;--awb-width-medium:100%;--awb-order-medium:0;--awb-spacing-right-medium:1.92%;--awb-spacing-left-medium:1.92%;--awb-width-small:100%;--awb-order-small:0;--awb-spacing-right-small:1.92%;--awb-spacing-left-small:1.92%;\" data-scroll-devices=\"small-visibility,medium-visibility,large-visibility\"><div class=\"fusion-column-wrapper fusion-column-has-shadow fusion-flex-justify-content-flex-start fusion-content-layout-column\"><div class=\"fusion-image-element \" style=\"--awb-max-width:480px;--awb-caption-title-font-family:var(--h2_typography-font-family);--awb-caption-title-font-weight:var(--h2_typography-font-weight);--awb-caption-title-font-style:var(--h2_typography-font-style);--awb-caption-title-size:var(--h2_typography-font-size);--awb-caption-title-transform:var(--h2_typography-text-transform);--awb-caption-title-line-height:var(--h2_typography-line-height);--awb-caption-title-letter-spacing:var(--h2_typography-letter-spacing);\"><span class=\" fusion-imageframe imageframe-none imageframe-1 hover-type-none\"><img decoding=\"async\" width=\"508\" height=\"296\" alt=\"Gr\u00e1fico de una planta con una cinta de cine\" title=\"rodatges sostenibles a sant cugat\" src=\"https:\/\/visit.santcugat.cat\/wp-content\/uploads\/2025\/12\/rodatges-sostenibles-a-sant-cugat-e1767975459464.jpg\" class=\"img-responsive wp-image-46166\"\/><\/span><\/div><\/div><\/div><\/div><\/div><div class=\"fusion-fullwidth fullwidth-box fusion-builder-row-3 fusion-flex-container has-pattern-background has-mask-background hundred-percent-fullwidth non-hundred-percent-height-scrolling\" style=\"--awb-background-position:left top;--awb-border-sizes-top:0px;--awb-border-sizes-bottom:0px;--awb-border-sizes-left:0px;--awb-border-sizes-right:0px;--awb-border-radius-top-left:0px;--awb-border-radius-top-right:0px;--awb-border-radius-bottom-right:0px;--awb-border-radius-bottom-left:0px;--awb-padding-top:0px;--awb-padding-right:0px;--awb-padding-bottom:0px;--awb-padding-left:0px;--awb-margin-bottom:60px;--awb-margin-bottom-small:40px;--awb-background-color:var(--awb-color1);--awb-flex-wrap:wrap;\" ><div class=\"fusion-builder-row fusion-row fusion-flex-align-items-flex-start fusion-flex-content-wrap\" style=\"width:104% !important;max-width:104% !important;margin-left: calc(-4% \/ 2 );margin-right: calc(-4% \/ 2 );\"><div class=\"fusion-layout-column fusion_builder_column fusion-builder-column-3 fusion_builder_column_1_1 1_1 fusion-flex-column\" style=\"--awb-padding-top:40px;--awb-padding-right:40px;--awb-padding-bottom:40px;--awb-padding-left:40px;--awb-padding-top-small:20px;--awb-padding-right-small:20px;--awb-padding-bottom-small:20px;--awb-padding-left-small:20px;--awb-bg-color:#ffffff;--awb-bg-color-hover:#ffffff;--awb-bg-size:cover;--awb-border-color:#dddddd;--awb-border-style:solid;--awb-width-large:100%;--awb-margin-top-large:0px;--awb-spacing-right-large:1.92%;--awb-margin-bottom-large:0px;--awb-spacing-left-large:1.92%;--awb-width-medium:100%;--awb-order-medium:0;--awb-spacing-right-medium:1.92%;--awb-spacing-left-medium:1.92%;--awb-width-small:100%;--awb-order-small:0;--awb-spacing-right-small:1.92%;--awb-spacing-left-small:1.92%;\" data-scroll-devices=\"small-visibility,medium-visibility,large-visibility\"><div class=\"fusion-column-wrapper fusion-column-has-shadow fusion-flex-justify-content-center fusion-content-layout-column\"><div class=\"fusion-text fusion-text-2\" style=\"--awb-text-transform:none;\"><h2 data-start=\"1359\" data-end=\"1383\">Herramientas y recursos para producciones sostenibles<\/h2>\n<h3 data-start=\"1359\" data-end=\"1383\">Gu\u00eda para la incorporaci\u00f3n de criterios de sostenibilidad. Catalunya Film Commission.<\/h3>\n<p data-start=\"1479\" data-end=\"1834\">En esta gu\u00eda encontrar\u00e1s los criterios correspondientes al sistema de certificaci\u00f3n europeo <strong data-start=\"1569\" data-end=\"1583\">Green Film<\/strong>, adem\u00e1s de una referencia espec\u00edfica a los rodajes y filmaciones que se llevan a cabo en el medio natural y agr\u00edcola. La gu\u00eda tambi\u00e9n contiene un cuestionario de autoevaluaci\u00f3n que facilita el seguimiento de los criterios aplicados en la realizaci\u00f3n de una producci\u00f3n.<\/p>\n<p data-start=\"1479\" data-end=\"1834\"><div class=\"fusion-button-wrapper\"><a class=\"fusion-button button-flat fusion-button-default-size button-default fusion-button-default button-1 fusion-button-default-span fusion-button-default-type\" target=\"_self\" href=\"https:\/\/www.bcncatfilmcommission.com\/sites\/default\/files\/Guia-filmacions.pdf\"><span class=\"fusion-button-text awb-button__text awb-button__text--default\">Gu\u00eda de criterios de sostenibilidad para filmaciones y rodajes<\/span><\/a><\/div><\/p>\n<h3 data-start=\"1836\" data-end=\"1925\">Gu\u00eda de buenas pr\u00e1cticas en la producci\u00f3n audiovisual. Barcelona Film Commission.<\/h3>\n<p data-start=\"1926\" data-end=\"2161\">La gu\u00eda expresa y detalla los criterios que la ciudad de Barcelona desea que las productoras vayan aplicando en los rodajes que realizan, con el fin de trabajar de forma m\u00e1s sostenible desde el punto de vista medioambiental y social.<\/p>\n<p data-start=\"1926\" data-end=\"2161\"><div class=\"fusion-button-wrapper\"><a class=\"fusion-button button-flat fusion-button-default-size button-default fusion-button-default button-2 fusion-button-default-span fusion-button-default-type\" target=\"_blank\" rel=\"noopener noreferrer\" href=\"https:\/\/www.bcncatfilmcommission.com\/sites\/default\/files\/GUIA%20SOSTENIBILITAT-CAT-WEB_0.pdf\"><span class=\"fusion-button-text awb-button__text awb-button__text--default\">Gu\u00eda de buenas pr\u00e1cticas sostenibles en la producci\u00f3n audiovisual<\/span><\/a><\/div><\/p>\n<h3 data-start=\"2163\" data-end=\"2198\">Checklist de autodiagn\u00f3stico<\/h3>\n<p data-start=\"2199\" data-end=\"2648\"><br data-start=\"2215\" data-end=\"2218\" \/>Aqu\u00ed ten\u00e9is una <strong data-start=\"2233\" data-end=\"2246\">checklist (en catal\u00e1n, castellano e ingl\u00e9s)<\/strong>, inspirada en las gu\u00edas de la Barcelona Film Commission y la Catalunya Film Commission, que os permite elegir las medidas de sostenibilidad que pod\u00e9is aplicar, hacer su seguimiento y comprobar, una vez finalizado el proyecto, cu\u00e1les hab\u00e9is implementado finalmente.<br data-start=\"2528\" data-end=\"2531\" \/>Es una herramienta pr\u00e1ctica para tomar ideas, marcar compromisos y ver vuestro impacto positivo a lo largo de la producci\u00f3n.<\/p>\n<p data-start=\"2199\" data-end=\"2648\"><div class=\"fusion-button-wrapper\"><a class=\"fusion-button button-flat fusion-button-default-size button-default fusion-button-default button-3 fusion-button-default-span fusion-button-default-type\" target=\"_blank\" rel=\"noopener noreferrer\" href=\"https:\/\/visit.santcugat.cat\/wp-content\/uploads\/2026\/01\/Checklist-Enquesta_Autodiagnosi_Sostenibilitat_per_Produccions_3idiomes.xlsx\"><span class=\"fusion-button-text awb-button__text awb-button__text--default\">Checklist de autodiagn\u00f3stico<\/span><\/a><\/div><\/p>\n<h3 data-start=\"2650\" data-end=\"2697\">Directorio de empresas de sostenibilidad<\/h3>\n<p data-start=\"2698\" data-end=\"2907\">En este directorio puedes encontrar empresas que trabajan la sostenibilidad, desde consultoras, empresas de envases, gesti\u00f3n de residuos, donaci\u00f3n de decorados de rodaje, etc. <a href=\"https:\/\/www.bcncatfilmcommission.com\/ca\/directori-empreses\" target=\"_blank\" rel=\"noopener nofollow\"><strong data-start=\"2864\" data-end=\"2906\">Directorio de empresas de sostenibilidad.<\/strong>.<\/a><\/p>\n<h3 data-start=\"2909\" data-end=\"2932\">M\u00e1s informaci\u00f3n<\/h3>\n<p data-start=\"2933\" data-end=\"3164\" data-is-last-node=\"\" data-is-only-node=\"\">En la web de la <a href=\"https:\/\/www.bcncatfilmcommission.com\/ca\/sostenibilitat\" target=\"_blank\" rel=\"noopener nofollow\"><strong data-start=\"2948\" data-end=\"2977\">Barcelona Film Commission<\/strong> y la <strong data-start=\"2983\" data-end=\"3012\">Catalunya Film Commission<\/strong><\/a> puedes encontrar m\u00e1s informaci\u00f3n, carteles para colgar en el set de rodaje, consejos pr\u00e1cticos para viajar de forma sostenible y noticias de <strong data-start=\"3145\" data-end=\"3163\">sostenibilidad<\/strong>.<\/p>\n<\/div><\/div><\/div><\/div><\/div><div class=\"fusion-fullwidth fullwidth-box fusion-builder-row-4 fusion-flex-container has-pattern-background has-mask-background hundred-percent-fullwidth non-hundred-percent-height-scrolling\" style=\"--awb-background-position:left top;--awb-border-sizes-top:0px;--awb-border-sizes-bottom:0px;--awb-border-sizes-left:0px;--awb-border-sizes-right:0px;--awb-border-radius-top-left:0px;--awb-border-radius-top-right:0px;--awb-border-radius-bottom-right:0px;--awb-border-radius-bottom-left:0px;--awb-margin-bottom:50px;--awb-background-color:var(--awb-color1);--awb-flex-wrap:wrap;\" ><div class=\"fusion-builder-row fusion-row fusion-flex-align-items-flex-start fusion-flex-content-wrap\" style=\"width:104% !important;max-width:104% !important;margin-left: calc(-4% \/ 2 );margin-right: calc(-4% \/ 2 );\"><div class=\"fusion-layout-column fusion_builder_column fusion-builder-column-4 fusion_builder_column_1_1 1_1 fusion-flex-column\" style=\"--awb-padding-top:40px;--awb-padding-right:40px;--awb-padding-bottom:40px;--awb-padding-left:40px;--awb-padding-top-small:20px;--awb-padding-right-small:20px;--awb-padding-bottom-small:20px;--awb-padding-left-small:20px;--awb-bg-color:#ffffff;--awb-bg-color-hover:#ffffff;--awb-bg-size:cover;--awb-border-color:#dddddd;--awb-border-style:solid;--awb-width-large:100%;--awb-margin-top-large:0px;--awb-spacing-right-large:1.92%;--awb-margin-bottom-large:0px;--awb-spacing-left-large:1.92%;--awb-width-medium:100%;--awb-order-medium:0;--awb-spacing-right-medium:1.92%;--awb-spacing-left-medium:1.92%;--awb-width-small:100%;--awb-order-small:0;--awb-spacing-right-small:1.92%;--awb-spacing-left-small:1.92%;\" data-scroll-devices=\"small-visibility,medium-visibility,large-visibility\"><div class=\"fusion-column-wrapper fusion-column-has-shadow fusion-flex-justify-content-center fusion-content-layout-column\"><div class=\"fusion-text fusion-text-3\" style=\"--awb-text-transform:none;\"><h2 data-start=\"3105\" data-end=\"3130\">\u00bfNecesitas ayuda?<\/h2>\n<ul>\n<li>Para permisos y consultas: <a href=\"https:\/\/visit.santcugat.cat\/es\/cityoffilm\/rodar\/\" rel=\"noopener\" data-start=\"3157\" data-end=\"3199\">Rodar en Sant Cugat<\/a><\/li>\n<li>Explora espacios: <a href=\"https:\/\/visit.santcugat.cat\/es\/cityoffilm\/localizaciones\/\" rel=\"noopener\" data-start=\"3218\" data-end=\"3265\">Localizaciones<\/a><\/li>\n<li>Consulta los rodajes: <a href=\"https:\/\/visit.santcugat.cat\/es\/cityoffilm\/filmografia\/\">Filmograf\u00eda<\/a><\/li>\n<li>Contacta con nosotros:\n<ul>\n<li data-start=\"3131\" data-end=\"3333\"><strong>Marta de Castro,<\/strong> Tel. y WhatsApp: 627 437 990, email: <a href=\"mailto:martadecastro@santcugat.cat\" target=\"_blank\" rel=\"noopener nofollow\">martadecastro@santcugat.cat<\/a><\/li>\n<li data-start=\"3131\" data-end=\"3333\">Oficina de Turismo de Sant Cugat, Tel. 936 759 952, WhatsApp: 646 68 68 77, email: <a href=\"mailto:turisme@santcugat.cat\" target=\"_blank\" rel=\"nofollow noopener\" data-hasqtip=\"0\" aria-describedby=\"qtip-0\">turisme@santcugat.cat<\/a><\/li>\n<\/ul>\n<\/li>\n<\/ul>\n<\/div><\/div><\/div><\/div><\/div><\/p>\n","protected":false},"excerpt":{"rendered":"","protected":false},"author":4,"featured_media":0,"parent":30140,"menu_order":0,"comment_status":"closed","ping_status":"closed","template":"","meta":{"_joinchat":[],"footnotes":""},"class_list":["post-49096","page","type-page","status-publish","hentry"],"yoast_head":"<!-- This site is optimized with the Yoast SEO plugin v27.4 - https:\/\/yoast.com\/product\/yoast-seo-wordpress\/ -->\n<title>Sostenibilidad en producciones audiovisuales en Sant Cugat City of Film<\/title>\n<meta name=\"description\" content=\"Si quieres que tus rodajes sean m\u00e1s sostenibles, consulta las gu\u00edas que ponemos a tu disposici\u00f3n y la lista de verificaci\u00f3n para comprobarlo.\" \/>\n<meta name=\"robots\" content=\"index, follow, max-snippet:-1, max-image-preview:large, max-video-preview:-1\" \/>\n<link rel=\"canonical\" href=\"https:\/\/visit.santcugat.cat\/es\/cityoffilm\/sostenibilidad\/\" \/>\n<meta property=\"og:locale\" content=\"es_ES\" \/>\n<meta property=\"og:type\" content=\"article\" \/>\n<meta property=\"og:title\" content=\"Sostenibilidad en producciones audiovisuales en Sant Cugat City of Film\" \/>\n<meta property=\"og:description\" content=\"Si quieres que tus rodajes sean m\u00e1s sostenibles, consulta las gu\u00edas que ponemos a tu disposici\u00f3n y la lista de verificaci\u00f3n para comprobarlo.\" \/>\n<meta property=\"og:url\" content=\"https:\/\/visit.santcugat.cat\/es\/cityoffilm\/sostenibilidad\/\" \/>\n<meta property=\"og:site_name\" content=\"Visit Sant Cugat\" \/>\n<meta property=\"article:publisher\" content=\"https:\/\/www.facebook.com\/visitsantcugat\/\" \/>\n<meta property=\"article:modified_time\" content=\"2026-04-22T08:10:22+00:00\" \/>\n<meta property=\"og:image\" content=\"https:\/\/visit.santcugat.cat\/wp-content\/uploads\/2023\/03\/CLAUSTRE-MONASTERIO-DE-SANT-CUGAT_resultado.webp\" \/>\n\t<meta property=\"og:image:width\" content=\"984\" \/>\n\t<meta property=\"og:image:height\" content=\"502\" \/>\n\t<meta property=\"og:image:type\" content=\"image\/webp\" \/>\n<meta name=\"twitter:card\" content=\"summary_large_image\" \/>\n<meta name=\"twitter:site\" content=\"@ajsantcugat\" \/>\n<meta name=\"twitter:label1\" content=\"Tiempo de lectura\" \/>\n\t<meta name=\"twitter:data1\" content=\"3 minutos\" \/>\n<script type=\"application\/ld+json\" class=\"yoast-schema-graph\">{\"@context\":\"https:\\\/\\\/schema.org\",\"@graph\":[{\"@type\":\"WebPage\",\"@id\":\"https:\\\/\\\/visit.santcugat.cat\\\/es\\\/cityoffilm\\\/sostenibilidad\\\/\",\"url\":\"https:\\\/\\\/visit.santcugat.cat\\\/es\\\/cityoffilm\\\/sostenibilidad\\\/\",\"name\":\"Sostenibilidad en producciones audiovisuales en Sant Cugat City of Film\",\"isPartOf\":{\"@id\":\"https:\\\/\\\/visit.santcugat.cat\\\/fr\\\/#website\"},\"datePublished\":\"2025-12-29T17:00:37+00:00\",\"dateModified\":\"2026-04-22T08:10:22+00:00\",\"description\":\"Si quieres que tus rodajes sean m\u00e1s sostenibles, consulta las gu\u00edas que ponemos a tu disposici\u00f3n y la lista de verificaci\u00f3n para comprobarlo.\",\"breadcrumb\":{\"@id\":\"https:\\\/\\\/visit.santcugat.cat\\\/es\\\/cityoffilm\\\/sostenibilidad\\\/#breadcrumb\"},\"inLanguage\":\"es\",\"potentialAction\":[{\"@type\":\"ReadAction\",\"target\":[\"https:\\\/\\\/visit.santcugat.cat\\\/es\\\/cityoffilm\\\/sostenibilidad\\\/\"]}]},{\"@type\":\"BreadcrumbList\",\"@id\":\"https:\\\/\\\/visit.santcugat.cat\\\/es\\\/cityoffilm\\\/sostenibilidad\\\/#breadcrumb\",\"itemListElement\":[{\"@type\":\"ListItem\",\"position\":1,\"name\":\"Inici\",\"item\":\"https:\\\/\\\/visit.santcugat.cat\\\/es\\\/\"},{\"@type\":\"ListItem\",\"position\":2,\"name\":\"City of Film\",\"item\":\"https:\\\/\\\/visit.santcugat.cat\\\/es\\\/cityoffilm\\\/\"},{\"@type\":\"ListItem\",\"position\":3,\"name\":\"Sostenibilidad\"}]},{\"@type\":\"WebSite\",\"@id\":\"https:\\\/\\\/visit.santcugat.cat\\\/fr\\\/#website\",\"url\":\"https:\\\/\\\/visit.santcugat.cat\\\/fr\\\/\",\"name\":\"Visit Sant Cugat\",\"description\":\"Turisme de Sant Cugat\",\"publisher\":{\"@id\":\"https:\\\/\\\/visit.santcugat.cat\\\/fr\\\/#organization\"},\"potentialAction\":[{\"@type\":\"SearchAction\",\"target\":{\"@type\":\"EntryPoint\",\"urlTemplate\":\"https:\\\/\\\/visit.santcugat.cat\\\/fr\\\/?s={search_term_string}\"},\"query-input\":{\"@type\":\"PropertyValueSpecification\",\"valueRequired\":true,\"valueName\":\"search_term_string\"}}],\"inLanguage\":\"es\"},{\"@type\":\"Organization\",\"@id\":\"https:\\\/\\\/visit.santcugat.cat\\\/fr\\\/#organization\",\"name\":\"Visit Sant Cugat - Turisme de Sant Cugat - Barcelona\",\"url\":\"https:\\\/\\\/visit.santcugat.cat\\\/fr\\\/\",\"logo\":{\"@type\":\"ImageObject\",\"inLanguage\":\"es\",\"@id\":\"https:\\\/\\\/visit.santcugat.cat\\\/fr\\\/#\\\/schema\\\/logo\\\/image\\\/\",\"url\":\"https:\\\/\\\/visit.santcugat.cat\\\/wp-content\\\/uploads\\\/2020\\\/09\\\/logo.png\",\"contentUrl\":\"https:\\\/\\\/visit.santcugat.cat\\\/wp-content\\\/uploads\\\/2020\\\/09\\\/logo.png\",\"width\":200,\"height\":44,\"caption\":\"Visit Sant Cugat - Turisme de Sant Cugat - Barcelona\"},\"image\":{\"@id\":\"https:\\\/\\\/visit.santcugat.cat\\\/fr\\\/#\\\/schema\\\/logo\\\/image\\\/\"},\"sameAs\":[\"https:\\\/\\\/www.facebook.com\\\/visitsantcugat\\\/\",\"https:\\\/\\\/x.com\\\/ajsantcugat\",\"https:\\\/\\\/www.instagram.com\\\/visitsantcugat\\\/\",\"https:\\\/\\\/ca.wikipedia.org\\\/wiki\\\/Sant_Cugat_del_Vall\u00e8s\"]}]}<\/script>\n<!-- \/ Yoast SEO plugin. -->","yoast_head_json":{"title":"Sostenibilidad en producciones audiovisuales en Sant Cugat City of Film","description":"Si quieres que tus rodajes sean m\u00e1s sostenibles, consulta las gu\u00edas que ponemos a tu disposici\u00f3n y la lista de verificaci\u00f3n para comprobarlo.","robots":{"index":"index","follow":"follow","max-snippet":"max-snippet:-1","max-image-preview":"max-image-preview:large","max-video-preview":"max-video-preview:-1"},"canonical":"https:\/\/visit.santcugat.cat\/es\/cityoffilm\/sostenibilidad\/","og_locale":"es_ES","og_type":"article","og_title":"Sostenibilidad en producciones audiovisuales en Sant Cugat City of Film","og_description":"Si quieres que tus rodajes sean m\u00e1s sostenibles, consulta las gu\u00edas que ponemos a tu disposici\u00f3n y la lista de verificaci\u00f3n para comprobarlo.","og_url":"https:\/\/visit.santcugat.cat\/es\/cityoffilm\/sostenibilidad\/","og_site_name":"Visit Sant Cugat","article_publisher":"https:\/\/www.facebook.com\/visitsantcugat\/","article_modified_time":"2026-04-22T08:10:22+00:00","og_image":[{"width":984,"height":502,"url":"https:\/\/visit.santcugat.cat\/wp-content\/uploads\/2023\/03\/CLAUSTRE-MONASTERIO-DE-SANT-CUGAT_resultado.webp","type":"image\/webp"}],"twitter_card":"summary_large_image","twitter_site":"@ajsantcugat","twitter_misc":{"Tiempo de lectura":"3 minutos"},"schema":{"@context":"https:\/\/schema.org","@graph":[{"@type":"WebPage","@id":"https:\/\/visit.santcugat.cat\/es\/cityoffilm\/sostenibilidad\/","url":"https:\/\/visit.santcugat.cat\/es\/cityoffilm\/sostenibilidad\/","name":"Sostenibilidad en producciones audiovisuales en Sant Cugat City of Film","isPartOf":{"@id":"https:\/\/visit.santcugat.cat\/fr\/#website"},"datePublished":"2025-12-29T17:00:37+00:00","dateModified":"2026-04-22T08:10:22+00:00","description":"Si quieres que tus rodajes sean m\u00e1s sostenibles, consulta las gu\u00edas que ponemos a tu disposici\u00f3n y la lista de verificaci\u00f3n para comprobarlo.","breadcrumb":{"@id":"https:\/\/visit.santcugat.cat\/es\/cityoffilm\/sostenibilidad\/#breadcrumb"},"inLanguage":"es","potentialAction":[{"@type":"ReadAction","target":["https:\/\/visit.santcugat.cat\/es\/cityoffilm\/sostenibilidad\/"]}]},{"@type":"BreadcrumbList","@id":"https:\/\/visit.santcugat.cat\/es\/cityoffilm\/sostenibilidad\/#breadcrumb","itemListElement":[{"@type":"ListItem","position":1,"name":"Inici","item":"https:\/\/visit.santcugat.cat\/es\/"},{"@type":"ListItem","position":2,"name":"City of Film","item":"https:\/\/visit.santcugat.cat\/es\/cityoffilm\/"},{"@type":"ListItem","position":3,"name":"Sostenibilidad"}]},{"@type":"WebSite","@id":"https:\/\/visit.santcugat.cat\/fr\/#website","url":"https:\/\/visit.santcugat.cat\/fr\/","name":"Visit Sant Cugat","description":"Turisme de Sant Cugat","publisher":{"@id":"https:\/\/visit.santcugat.cat\/fr\/#organization"},"potentialAction":[{"@type":"SearchAction","target":{"@type":"EntryPoint","urlTemplate":"https:\/\/visit.santcugat.cat\/fr\/?s={search_term_string}"},"query-input":{"@type":"PropertyValueSpecification","valueRequired":true,"valueName":"search_term_string"}}],"inLanguage":"es"},{"@type":"Organization","@id":"https:\/\/visit.santcugat.cat\/fr\/#organization","name":"Visit Sant Cugat - Turisme de Sant Cugat - Barcelona","url":"https:\/\/visit.santcugat.cat\/fr\/","logo":{"@type":"ImageObject","inLanguage":"es","@id":"https:\/\/visit.santcugat.cat\/fr\/#\/schema\/logo\/image\/","url":"https:\/\/visit.santcugat.cat\/wp-content\/uploads\/2020\/09\/logo.png","contentUrl":"https:\/\/visit.santcugat.cat\/wp-content\/uploads\/2020\/09\/logo.png","width":200,"height":44,"caption":"Visit Sant Cugat - Turisme de Sant Cugat - Barcelona"},"image":{"@id":"https:\/\/visit.santcugat.cat\/fr\/#\/schema\/logo\/image\/"},"sameAs":["https:\/\/www.facebook.com\/visitsantcugat\/","https:\/\/x.com\/ajsantcugat","https:\/\/www.instagram.com\/visitsantcugat\/","https:\/\/ca.wikipedia.org\/wiki\/Sant_Cugat_del_Vall\u00e8s"]}]}},"_links":{"self":[{"href":"https:\/\/visit.santcugat.cat\/es\/wp-json\/wp\/v2\/pages\/49096","targetHints":{"allow":["GET"]}}],"collection":[{"href":"https:\/\/visit.santcugat.cat\/es\/wp-json\/wp\/v2\/pages"}],"about":[{"href":"https:\/\/visit.santcugat.cat\/es\/wp-json\/wp\/v2\/types\/page"}],"author":[{"embeddable":true,"href":"https:\/\/visit.santcugat.cat\/es\/wp-json\/wp\/v2\/users\/4"}],"replies":[{"embeddable":true,"href":"https:\/\/visit.santcugat.cat\/es\/wp-json\/wp\/v2\/comments?post=49096"}],"version-history":[{"count":4,"href":"https:\/\/visit.santcugat.cat\/es\/wp-json\/wp\/v2\/pages\/49096\/revisions"}],"predecessor-version":[{"id":49098,"href":"https:\/\/visit.santcugat.cat\/es\/wp-json\/wp\/v2\/pages\/49096\/revisions\/49098"}],"up":[{"embeddable":true,"href":"https:\/\/visit.santcugat.cat\/es\/wp-json\/wp\/v2\/pages\/30140"}],"wp:attachment":[{"href":"https:\/\/visit.santcugat.cat\/es\/wp-json\/wp\/v2\/media?parent=49096"}],"curies":[{"name":"wp","href":"https:\/\/api.w.org\/{rel}","templated":true}]}}