{"id":28978,"date":"2022-02-25T10:51:35","date_gmt":"2022-02-25T09:51:35","guid":{"rendered":"https:\/\/visit.santcugat.cat\/politica-de-privacitat\/"},"modified":"2022-03-03T23:05:16","modified_gmt":"2022-03-03T22:05:16","slug":"politica-de-privacidad","status":"publish","type":"page","link":"https:\/\/visit.santcugat.cat\/es\/politica-de-privacidad\/","title":{"rendered":"Pol\u00edtica de privacidad"},"content":{"rendered":"<div class=\"fusion-fullwidth fullwidth-box fusion-builder-row-1 fusion-flex-container nonhundred-percent-fullwidth non-hundred-percent-height-scrolling\" style=\"--awb-border-radius-top-left:0px;--awb-border-radius-top-right:0px;--awb-border-radius-bottom-right:0px;--awb-border-radius-bottom-left:0px;--awb-flex-wrap:wrap;\" ><div class=\"fusion-builder-row fusion-row fusion-flex-align-items-flex-start fusion-flex-content-wrap\" style=\"max-width:1216.8px;margin-left: calc(-4% \/ 2 );margin-right: calc(-4% \/ 2 );\"><div class=\"fusion-layout-column fusion_builder_column fusion-builder-column-0 fusion_builder_column_1_2 1_2 fusion-flex-column\" style=\"--awb-bg-blend:overlay;--awb-bg-size:cover;--awb-width-large:50%;--awb-margin-top-large:0px;--awb-spacing-right-large:3.84%;--awb-margin-bottom-large:0px;--awb-spacing-left-large:3.84%;--awb-width-medium:100%;--awb-spacing-right-medium:1.92%;--awb-spacing-left-medium:1.92%;--awb-width-small:100%;--awb-spacing-right-small:1.92%;--awb-spacing-left-small:1.92%;\"><div class=\"fusion-column-wrapper fusion-flex-justify-content-flex-start fusion-content-layout-column\"><div class=\"fusion-separator fusion-full-width-sep\" style=\"align-self: center;margin-left: auto;margin-right: auto;margin-top:20px;width:100%;\"><\/div><div class=\"fusion-text fusion-text-1\" style=\"--awb-text-transform:none;\"><p>La presente pol\u00edtica de protecci\u00f3n de datos regula el tratamiento de datos que realiza el Ayuntamiento de Sant Cugat del Vall\u00e9s de los datos que pueda recoger en su portal web.<\/p>\n<p><strong>Identidad del responsable de tratamiento<\/strong><br \/>\nEl responsable del tratamiento de los datos personales recogidos en la web corporativa www.santcugat.cat es:<\/p>\n<p>AYUNTAMIENTO DE SANT CUGAT DEL VALL\u00c8S<br \/>\nPlaza de la Villa, 1<br \/>\n08172 Sant Cugat del Vall\u00e8s<\/p>\n<p><strong>Finalidad de los tratamientos de datos.<\/strong><br \/>\nLos datos que suministra al Ayuntamiento de Sant Cugat del Vall\u00e9s por diferentes medios, formularios de contacto, encuestas o procedimientos utilizados durante la recogida se ejecuta de acuerdo con la legislaci\u00f3n vigente en materia de protecci\u00f3n de datos y con la \u00fanica finalidad de entregarle el servicio que nos solicita.<\/p>\n<p>En cada uno de estos medios informamos detalladamente de la finalidad del tratamiento de los datos que se llevan a cabo \u00fanica y exclusivamente si usted ha autorizado este tratamiento.<\/p>\n<p><strong>Tratamiento<br \/>\n<\/strong>En el Registro de las Actividades de Tratamiento de Sant Cugat, se pueden ver todos los tratamientos registrados. Los puede encontrar en la p\u00e1gina:<\/p>\n<p><a href=\"https:\/\/visit.santcugat.cat\/es\/aviso-legal\/\"><strong>Protecci\u00f3n de datos<\/strong><\/a><\/p>\n<p>\u00danicamente se tratar\u00e1n los datos que haya entregado para la finalidad que se le inform\u00f3 y autoriz\u00f3. No se procede tratamiento por parte de terceros de sus datos y no se ceder\u00e1n los datos a terceros salvo que usted lo haya autorizado expresamente.<\/p>\n<p>La base legal para el tratamiento de sus datos es la ejecuci\u00f3n de las competencias del Ayuntamiento y realizar los servicios que nos ha solicitado.<\/p>\n<p>En ning\u00fan caso se\u00a0realizar\u00e1n decisiones automatizadas a partir de sus datos.<\/p>\n<p>El usuario nos suministra sus datos de forma voluntaria en todo momento y siendo informado del uso y tratamiento que se procede. Toda la informaci\u00f3n que facilita el usuario debe ser veraz. El usuario es el \u00fanico responsable de las manifestaciones falsas o inexactas que efectue y de los perjuicios que cause al Ayuntamiento o\/a terceros. El Ayuntamiento se reserva el derecho a excluir de los servicios a todo usuario que haya facilitado datos falsos, sin perjuicio de las dem\u00e1s acciones que procedan en Derecho.<\/p>\n<\/div><\/div><\/div><div class=\"fusion-layout-column fusion_builder_column fusion-builder-column-1 fusion_builder_column_1_2 1_2 fusion-flex-column\" style=\"--awb-bg-blend:overlay;--awb-bg-size:cover;--awb-width-large:50%;--awb-margin-top-large:0px;--awb-spacing-right-large:3.84%;--awb-margin-bottom-large:0px;--awb-spacing-left-large:3.84%;--awb-width-medium:100%;--awb-spacing-right-medium:1.92%;--awb-spacing-left-medium:1.92%;--awb-width-small:100%;--awb-spacing-right-small:1.92%;--awb-spacing-left-small:1.92%;\"><div class=\"fusion-column-wrapper fusion-flex-justify-content-flex-start fusion-content-layout-column\"><div class=\"fusion-separator fusion-full-width-sep\" style=\"align-self: center;margin-left: auto;margin-right: auto;margin-top:20px;width:100%;\"><\/div><div class=\"fusion-text fusion-text-2\" style=\"--awb-text-transform:none;\"><p><strong>Sus derechos al facilitar sus datos<br \/>\n<\/strong>&#8211; Acceder a sus datos: solicitar qu\u00e9 datos tenemos suyos y qu\u00e9 empleo hacemos e incluso que se los entreguemos para llevarlos a otro organismo.<br \/>\n&#8211; Rectificar sus datos: solicitar la modificaci\u00f3n o rectificaci\u00f3n de los datos inexactos.<br \/>\n&#8211; Suprimir sus datos: solicitar que sus datos sean eliminados y no se haga tratamiento de ellos, fuera de lo que la ley nos exija conservar.<br \/>\n&#8211; Limitar el tratamiento: solicitar que sus datos sean conservados por necesidades legales.<br \/>\n&#8211; Oponerse a un tratamiento: que no hagamos un uso concreto de sus datos.<br \/>\n&#8211; Portabilidad de los datos: que le entreguemos los datos en un formato compatible para que lo entregue a un tercero que deba ofrecerle un servicio.<br \/>\n&#8211; En cualquier momento puede solicitar y obtener informaci\u00f3n de c\u00f3mo y para qu\u00e9 estamos tratando sus datos:<br \/>\nPara ello puede dirigir un escrito indicando qu\u00e9 derecho quiere ejercer (Acceso, Rectificaci\u00f3n, Supresi\u00f3n, Oposici\u00f3n o Portabilidad de los datos) adjuntando una copia de su DNI presencialmente o por correo ordinario al AYUNTAMIENTO DE SANT CUGAT, Atenci\u00f3n Ciudadana, Plaza de la Villa, 1 08172 Sant Cugat del Vall\u00e9s, indicando \u201cRef. Protecci\u00f3n de datos\u201d o por correo electr\u00f3nico a lopd@santcugat.cat<\/p>\n<p><strong>Informaci\u00f3n adicional sobre el tratamiento de datos personales<br \/>\n<\/strong>Si desea conocer m\u00e1s informaci\u00f3n sobre los tratamientos de datos personales que lleva a cabo el Ayuntamiento de Sant Cugat del Vall\u00e9s puede ponerse en contacto con el Delegado de Protecci\u00f3n de Datos en la direcci\u00f3n de correo electr\u00f3nico dpd@santcugat.cat o por correo postal a la atenci\u00f3n del Delegado de Protecci\u00f3n de Datos en Ayuntamiento de Sant Cugat del Vall\u00e9s Plaza de la Vila, 1 08172 Sant Cugat del Vall\u00e8s.<\/p>\n<p>Tambi\u00e9n puede consultar la p\u00e1gina de protecci\u00f3n de datos para obtener informaci\u00f3n detallada de la organizaci\u00f3n interna del Ayuntamiento en esta materia y de otras informaciones de inter\u00e9s.<\/p>\n<p><strong>Presentaci\u00f3n de reclamaciones<\/strong><br \/>\nLa Autoridad Catalana de Protecci\u00f3n de Datos (<a href=\"http:\/\/www.apdcat.cat\" target=\"_blank\" rel=\"nofollow\">www.apdcat.cat<\/a>) es el Organismo Supervisor que vela por el cumplimiento de la legislaci\u00f3n de protecci\u00f3n de datos en la Administraci\u00f3n P\u00fablica Catalana. Si usted considera que el Ayuntamiento ha incumplido alguno de los preceptos establecidos en esta normativa puede dirigirse a ellos para interponer una reclamaci\u00f3n.<\/p>\n<\/div><\/div><\/div><\/div><\/div>\n","protected":false},"excerpt":{"rendered":"","protected":false},"author":1,"featured_media":0,"parent":0,"menu_order":0,"comment_status":"closed","ping_status":"closed","template":"","meta":{"_joinchat":[],"footnotes":""},"class_list":["post-28978","page","type-page","status-publish","hentry"],"yoast_head":"<!-- This site is optimized with the Yoast SEO plugin v27.3 - https:\/\/yoast.com\/product\/yoast-seo-wordpress\/ -->\n<title>Pol\u00edtica de privacidad | Visit Sant Cugat<\/title>\n<meta name=\"robots\" content=\"noindex, nofollow\" \/>\n<meta property=\"og:locale\" content=\"es_ES\" \/>\n<meta property=\"og:type\" content=\"article\" \/>\n<meta property=\"og:title\" content=\"Pol\u00edtica de privacidad | Visit Sant Cugat\" \/>\n<meta property=\"og:url\" content=\"https:\/\/visit.santcugat.cat\/es\/politica-de-privacidad\/\" \/>\n<meta property=\"og:site_name\" content=\"Visit Sant Cugat\" \/>\n<meta property=\"article:publisher\" content=\"https:\/\/www.facebook.com\/visitsantcugat\/\" \/>\n<meta property=\"article:modified_time\" content=\"2022-03-03T22:05:16+00:00\" \/>\n<meta property=\"og:image\" content=\"https:\/\/visit.santcugat.cat\/wp-content\/uploads\/2023\/03\/CLAUSTRE-MONASTERIO-DE-SANT-CUGAT_resultado.webp\" \/>\n\t<meta property=\"og:image:width\" content=\"984\" \/>\n\t<meta property=\"og:image:height\" content=\"502\" \/>\n\t<meta property=\"og:image:type\" content=\"image\/webp\" \/>\n<meta name=\"twitter:card\" content=\"summary_large_image\" \/>\n<meta name=\"twitter:site\" content=\"@ajsantcugat\" \/>\n<meta name=\"twitter:label1\" content=\"Tiempo de lectura\" \/>\n\t<meta name=\"twitter:data1\" content=\"4 minutos\" \/>\n<script type=\"application\/ld+json\" class=\"yoast-schema-graph\">{\"@context\":\"https:\\\/\\\/schema.org\",\"@graph\":[{\"@type\":\"WebPage\",\"@id\":\"https:\\\/\\\/visit.santcugat.cat\\\/es\\\/politica-de-privacidad\\\/\",\"url\":\"https:\\\/\\\/visit.santcugat.cat\\\/es\\\/politica-de-privacidad\\\/\",\"name\":\"Pol\u00edtica de privacidad | Visit Sant Cugat\",\"isPartOf\":{\"@id\":\"https:\\\/\\\/visit.santcugat.cat\\\/fr\\\/#website\"},\"datePublished\":\"2022-02-25T09:51:35+00:00\",\"dateModified\":\"2022-03-03T22:05:16+00:00\",\"breadcrumb\":{\"@id\":\"https:\\\/\\\/visit.santcugat.cat\\\/es\\\/politica-de-privacidad\\\/#breadcrumb\"},\"inLanguage\":\"es\",\"potentialAction\":[{\"@type\":\"ReadAction\",\"target\":[\"https:\\\/\\\/visit.santcugat.cat\\\/es\\\/politica-de-privacidad\\\/\"]}]},{\"@type\":\"BreadcrumbList\",\"@id\":\"https:\\\/\\\/visit.santcugat.cat\\\/es\\\/politica-de-privacidad\\\/#breadcrumb\",\"itemListElement\":[{\"@type\":\"ListItem\",\"position\":1,\"name\":\"Inici\",\"item\":\"https:\\\/\\\/visit.santcugat.cat\\\/es\\\/\"},{\"@type\":\"ListItem\",\"position\":2,\"name\":\"Pol\u00edtica de privacidad\"}]},{\"@type\":\"WebSite\",\"@id\":\"https:\\\/\\\/visit.santcugat.cat\\\/fr\\\/#website\",\"url\":\"https:\\\/\\\/visit.santcugat.cat\\\/fr\\\/\",\"name\":\"Visit Sant Cugat\",\"description\":\"Turisme de Sant Cugat\",\"publisher\":{\"@id\":\"https:\\\/\\\/visit.santcugat.cat\\\/fr\\\/#organization\"},\"potentialAction\":[{\"@type\":\"SearchAction\",\"target\":{\"@type\":\"EntryPoint\",\"urlTemplate\":\"https:\\\/\\\/visit.santcugat.cat\\\/fr\\\/?s={search_term_string}\"},\"query-input\":{\"@type\":\"PropertyValueSpecification\",\"valueRequired\":true,\"valueName\":\"search_term_string\"}}],\"inLanguage\":\"es\"},{\"@type\":\"Organization\",\"@id\":\"https:\\\/\\\/visit.santcugat.cat\\\/fr\\\/#organization\",\"name\":\"Visit Sant Cugat - Turisme de Sant Cugat - Barcelona\",\"url\":\"https:\\\/\\\/visit.santcugat.cat\\\/fr\\\/\",\"logo\":{\"@type\":\"ImageObject\",\"inLanguage\":\"es\",\"@id\":\"https:\\\/\\\/visit.santcugat.cat\\\/fr\\\/#\\\/schema\\\/logo\\\/image\\\/\",\"url\":\"https:\\\/\\\/visit.santcugat.cat\\\/wp-content\\\/uploads\\\/2020\\\/09\\\/logo.png\",\"contentUrl\":\"https:\\\/\\\/visit.santcugat.cat\\\/wp-content\\\/uploads\\\/2020\\\/09\\\/logo.png\",\"width\":200,\"height\":44,\"caption\":\"Visit Sant Cugat - Turisme de Sant Cugat - Barcelona\"},\"image\":{\"@id\":\"https:\\\/\\\/visit.santcugat.cat\\\/fr\\\/#\\\/schema\\\/logo\\\/image\\\/\"},\"sameAs\":[\"https:\\\/\\\/www.facebook.com\\\/visitsantcugat\\\/\",\"https:\\\/\\\/x.com\\\/ajsantcugat\",\"https:\\\/\\\/www.instagram.com\\\/visitsantcugat\\\/\",\"https:\\\/\\\/ca.wikipedia.org\\\/wiki\\\/Sant_Cugat_del_Vall\u00e8s\"]}]}<\/script>\n<!-- \/ Yoast SEO plugin. -->","yoast_head_json":{"title":"Pol\u00edtica de privacidad | Visit Sant Cugat","robots":{"index":"noindex","follow":"nofollow"},"og_locale":"es_ES","og_type":"article","og_title":"Pol\u00edtica de privacidad | Visit Sant Cugat","og_url":"https:\/\/visit.santcugat.cat\/es\/politica-de-privacidad\/","og_site_name":"Visit Sant Cugat","article_publisher":"https:\/\/www.facebook.com\/visitsantcugat\/","article_modified_time":"2022-03-03T22:05:16+00:00","og_image":[{"width":984,"height":502,"url":"https:\/\/visit.santcugat.cat\/wp-content\/uploads\/2023\/03\/CLAUSTRE-MONASTERIO-DE-SANT-CUGAT_resultado.webp","type":"image\/webp"}],"twitter_card":"summary_large_image","twitter_site":"@ajsantcugat","twitter_misc":{"Tiempo de lectura":"4 minutos"},"schema":{"@context":"https:\/\/schema.org","@graph":[{"@type":"WebPage","@id":"https:\/\/visit.santcugat.cat\/es\/politica-de-privacidad\/","url":"https:\/\/visit.santcugat.cat\/es\/politica-de-privacidad\/","name":"Pol\u00edtica de privacidad | Visit Sant Cugat","isPartOf":{"@id":"https:\/\/visit.santcugat.cat\/fr\/#website"},"datePublished":"2022-02-25T09:51:35+00:00","dateModified":"2022-03-03T22:05:16+00:00","breadcrumb":{"@id":"https:\/\/visit.santcugat.cat\/es\/politica-de-privacidad\/#breadcrumb"},"inLanguage":"es","potentialAction":[{"@type":"ReadAction","target":["https:\/\/visit.santcugat.cat\/es\/politica-de-privacidad\/"]}]},{"@type":"BreadcrumbList","@id":"https:\/\/visit.santcugat.cat\/es\/politica-de-privacidad\/#breadcrumb","itemListElement":[{"@type":"ListItem","position":1,"name":"Inici","item":"https:\/\/visit.santcugat.cat\/es\/"},{"@type":"ListItem","position":2,"name":"Pol\u00edtica de privacidad"}]},{"@type":"WebSite","@id":"https:\/\/visit.santcugat.cat\/fr\/#website","url":"https:\/\/visit.santcugat.cat\/fr\/","name":"Visit Sant Cugat","description":"Turisme de Sant Cugat","publisher":{"@id":"https:\/\/visit.santcugat.cat\/fr\/#organization"},"potentialAction":[{"@type":"SearchAction","target":{"@type":"EntryPoint","urlTemplate":"https:\/\/visit.santcugat.cat\/fr\/?s={search_term_string}"},"query-input":{"@type":"PropertyValueSpecification","valueRequired":true,"valueName":"search_term_string"}}],"inLanguage":"es"},{"@type":"Organization","@id":"https:\/\/visit.santcugat.cat\/fr\/#organization","name":"Visit Sant Cugat - Turisme de Sant Cugat - Barcelona","url":"https:\/\/visit.santcugat.cat\/fr\/","logo":{"@type":"ImageObject","inLanguage":"es","@id":"https:\/\/visit.santcugat.cat\/fr\/#\/schema\/logo\/image\/","url":"https:\/\/visit.santcugat.cat\/wp-content\/uploads\/2020\/09\/logo.png","contentUrl":"https:\/\/visit.santcugat.cat\/wp-content\/uploads\/2020\/09\/logo.png","width":200,"height":44,"caption":"Visit Sant Cugat - Turisme de Sant Cugat - Barcelona"},"image":{"@id":"https:\/\/visit.santcugat.cat\/fr\/#\/schema\/logo\/image\/"},"sameAs":["https:\/\/www.facebook.com\/visitsantcugat\/","https:\/\/x.com\/ajsantcugat","https:\/\/www.instagram.com\/visitsantcugat\/","https:\/\/ca.wikipedia.org\/wiki\/Sant_Cugat_del_Vall\u00e8s"]}]}},"_links":{"self":[{"href":"https:\/\/visit.santcugat.cat\/es\/wp-json\/wp\/v2\/pages\/28978","targetHints":{"allow":["GET"]}}],"collection":[{"href":"https:\/\/visit.santcugat.cat\/es\/wp-json\/wp\/v2\/pages"}],"about":[{"href":"https:\/\/visit.santcugat.cat\/es\/wp-json\/wp\/v2\/types\/page"}],"author":[{"embeddable":true,"href":"https:\/\/visit.santcugat.cat\/es\/wp-json\/wp\/v2\/users\/1"}],"replies":[{"embeddable":true,"href":"https:\/\/visit.santcugat.cat\/es\/wp-json\/wp\/v2\/comments?post=28978"}],"version-history":[{"count":4,"href":"https:\/\/visit.santcugat.cat\/es\/wp-json\/wp\/v2\/pages\/28978\/revisions"}],"predecessor-version":[{"id":28988,"href":"https:\/\/visit.santcugat.cat\/es\/wp-json\/wp\/v2\/pages\/28978\/revisions\/28988"}],"wp:attachment":[{"href":"https:\/\/visit.santcugat.cat\/es\/wp-json\/wp\/v2\/media?parent=28978"}],"curies":[{"name":"wp","href":"https:\/\/api.w.org\/{rel}","templated":true}]}}