{"id":20514,"date":"2020-03-05T11:15:48","date_gmt":"2020-03-05T10:15:48","guid":{"rendered":"https:\/\/visit.santcugat.cat\/s-xviii-la-ultima-etapa-constructiva\/"},"modified":"2026-04-29T11:43:43","modified_gmt":"2026-04-29T09:43:43","slug":"s-xviii-la-ultima-etapa-constructiva","status":"publish","type":"page","link":"https:\/\/visit.santcugat.cat\/es\/s-xviii-la-ultima-etapa-constructiva\/","title":{"rendered":"s. XVIII &#8211; La \u00faltima etapa constructiva"},"content":{"rendered":"<div class=\"fusion-fullwidth fullwidth-box fusion-builder-row-1 fusion-flex-container nonhundred-percent-fullwidth non-hundred-percent-height-scrolling\" style=\"--awb-border-radius-top-left:0px;--awb-border-radius-top-right:0px;--awb-border-radius-bottom-right:0px;--awb-border-radius-bottom-left:0px;--awb-padding-top:30px;--awb-padding-bottom:30px;--awb-margin-top:0px;--awb-margin-bottom:0px;--awb-flex-wrap:wrap;\" ><div class=\"fusion-builder-row fusion-row fusion-flex-align-items-stretch fusion-flex-content-wrap\" style=\"max-width:1216.8px;margin-left: calc(-4% \/ 2 );margin-right: calc(-4% \/ 2 );\"><div class=\"fusion-layout-column fusion_builder_column fusion-builder-column-0 fusion_builder_column_1_1 1_1 fusion-flex-column\" style=\"--awb-padding-top:20px;--awb-padding-right:40px;--awb-padding-bottom:20px;--awb-padding-left:40px;--awb-bg-color:#ffffff;--awb-bg-color-hover:#ffffff;--awb-bg-size:cover;--awb-width-large:100%;--awb-margin-top-large:0px;--awb-spacing-right-large:1.92%;--awb-margin-bottom-large:15px;--awb-spacing-left-large:1.92%;--awb-width-medium:100%;--awb-spacing-right-medium:1.92%;--awb-spacing-left-medium:1.92%;--awb-width-small:100%;--awb-spacing-right-small:1.92%;--awb-spacing-left-small:1.92%;\"><div class=\"fusion-column-wrapper fusion-flex-justify-content-flex-start fusion-content-layout-column\"><div class=\"fusion-text fusion-text-1\"><p><img decoding=\"async\" class=\"wp-image-17735 size-full alignleft\" src=\"https:\/\/visit.santcugat.cat\/wp-content\/uploads\/2019\/02\/400_Gravat_FXParcerisses_RecuerdosybellezasdeEspan\u0303a_vol1_dePauPiferrer_any1839.jpg\" alt=\"ravat_FXParcerisses_RecuerdosybellezasdeEspan\u0303a_vol1_dePauPiferrer_any1839\" width=\"400\" height=\"303\" srcset=\"https:\/\/visit.santcugat.cat\/wp-content\/uploads\/2019\/02\/400_Gravat_FXParcerisses_RecuerdosybellezasdeEspan\u0303a_vol1_dePauPiferrer_any1839-200x152.jpg 200w, https:\/\/visit.santcugat.cat\/wp-content\/uploads\/2019\/02\/400_Gravat_FXParcerisses_RecuerdosybellezasdeEspan\u0303a_vol1_dePauPiferrer_any1839-300x227.jpg 300w, https:\/\/visit.santcugat.cat\/wp-content\/uploads\/2019\/02\/400_Gravat_FXParcerisses_RecuerdosybellezasdeEspan\u0303a_vol1_dePauPiferrer_any1839.jpg 400w\" sizes=\"(max-width: 400px) 100vw, 400px\" \/>A finales del siglo XVII, inicios del siglo XVIII, as\u00ed como se introducen cambios importantes en la iglesia. La cuarta nave se divide en tres capillas dedicadas a San Bartolom\u00e9, San Benito y Santa Escol\u00e1stica, que son adornadas con grandes retablos barrocos. Tambi\u00e9n se reforma la capilla de la Piedad, bajo el \u00f3rgano.<br \/>\nDespu\u00e9s de la guerra de Sucesi\u00f3n, la represi\u00f3n sobre las fortificaciones catalanas lleva a desmochar algunas torres de la muralla y sobretodo a alterar la fachada del antiguo Castillo de Octaviano con la apertura de ventanas y balcones, convirti\u00e9ndolo en un Palacio Abacial. El abad Llupi\u00e0 (1728-36) edifica sobre su patio g\u00f3tico y cubre la antigua escala, planificando su escudo her\u00e1ldico en el nuevo portal de acceso.<br \/>\nA\u00f1os despu\u00e9s, el abad Bonaventura de Gayol\u00e0 emprende un ambicioso programa de reformas. Acaba el campanario y hace fundir tres campanas nuevas, trasladando, tambi\u00e9n, las campanas del reloj que hasta entonces hab\u00edan estado sobre lo cimborrio. Enladrilla la iglesia con baldosas y las antiguas losas de piedra son reaprovechadas para pavimentar la <em>llotget<\/em>a o plaza previa al templo. Transforma la antigua capilla de Todos los Santos en la actual sacrist\u00eda, donde hace construir un lavamanos de m\u00e1rmol. Ante el estado ruinoso de la Sala capitular g\u00f3tica, construye una nueva en el espacio de la antigua cocina y parte del refectorio, entonces en desuso, y la transforma en un pante\u00f3n de monjes, aunque \u00e9l ser\u00e1 enterrado en el coro de la iglesia.<br \/>\nEn tiempo del abad Eustaqui de Azara (1782-88), se tapan los viejos fosos perimetrales de las murallas y se dobla el recinto claustral con la edificaci\u00f3n de una nueva tapia perimetral que incluye los huertos privados de diferentes cargos mon\u00e1sticos. Finalmente, el abad Josep Gregori de Montero (1788-1815) lleva a cabo la gran reforma del presbiterio de la iglesia con pavimentos de m\u00e1rmol y la balaustrada neocl\u00e1sica.<\/p>\n<\/div><\/div><\/div><\/div><\/div>\n","protected":false},"excerpt":{"rendered":"","protected":false},"author":2,"featured_media":0,"parent":0,"menu_order":0,"comment_status":"closed","ping_status":"closed","template":"","meta":{"_joinchat":[],"footnotes":""},"class_list":["post-20514","page","type-page","status-publish","hentry"],"yoast_head":"<!-- This site is optimized with the Yoast SEO plugin v27.5 - https:\/\/yoast.com\/product\/yoast-seo-wordpress\/ -->\n<title>s. XVIII - La \u00faltima etapa constructiva | Visit Sant Cugat<\/title>\n<meta name=\"robots\" content=\"index, follow, max-snippet:-1, max-image-preview:large, max-video-preview:-1\" \/>\n<link rel=\"canonical\" href=\"https:\/\/visit.santcugat.cat\/es\/s-xviii-la-ultima-etapa-constructiva\/\" \/>\n<meta property=\"og:locale\" content=\"es_ES\" \/>\n<meta property=\"og:type\" content=\"article\" \/>\n<meta property=\"og:title\" content=\"s. XVIII - La \u00faltima etapa constructiva | Visit Sant Cugat\" \/>\n<meta property=\"og:url\" content=\"https:\/\/visit.santcugat.cat\/es\/s-xviii-la-ultima-etapa-constructiva\/\" \/>\n<meta property=\"og:site_name\" content=\"Visit Sant Cugat\" \/>\n<meta property=\"article:publisher\" content=\"https:\/\/www.facebook.com\/visitsantcugat\/\" \/>\n<meta property=\"article:modified_time\" content=\"2026-04-29T09:43:43+00:00\" \/>\n<meta property=\"og:image\" content=\"https:\/\/visit.santcugat.cat\/wp-content\/uploads\/2023\/03\/CLAUSTRE-MONASTERIO-DE-SANT-CUGAT_resultado.webp\" \/>\n\t<meta property=\"og:image:width\" content=\"984\" \/>\n\t<meta property=\"og:image:height\" content=\"502\" \/>\n\t<meta property=\"og:image:type\" content=\"image\/webp\" \/>\n<meta name=\"twitter:card\" content=\"summary_large_image\" \/>\n<meta name=\"twitter:site\" content=\"@ajsantcugat\" \/>\n<meta name=\"twitter:label1\" content=\"Tiempo de lectura\" \/>\n\t<meta name=\"twitter:data1\" content=\"2 minutos\" \/>\n<script type=\"application\/ld+json\" class=\"yoast-schema-graph\">{\"@context\":\"https:\\\/\\\/schema.org\",\"@graph\":[{\"@type\":\"WebPage\",\"@id\":\"https:\\\/\\\/visit.santcugat.cat\\\/es\\\/s-xviii-la-ultima-etapa-constructiva\\\/\",\"url\":\"https:\\\/\\\/visit.santcugat.cat\\\/es\\\/s-xviii-la-ultima-etapa-constructiva\\\/\",\"name\":\"s. XVIII - La \u00faltima etapa constructiva | Visit Sant Cugat\",\"isPartOf\":{\"@id\":\"https:\\\/\\\/visit.santcugat.cat\\\/fr\\\/#website\"},\"datePublished\":\"2020-03-05T10:15:48+00:00\",\"dateModified\":\"2026-04-29T09:43:43+00:00\",\"breadcrumb\":{\"@id\":\"https:\\\/\\\/visit.santcugat.cat\\\/es\\\/s-xviii-la-ultima-etapa-constructiva\\\/#breadcrumb\"},\"inLanguage\":\"es\",\"potentialAction\":[{\"@type\":\"ReadAction\",\"target\":[\"https:\\\/\\\/visit.santcugat.cat\\\/es\\\/s-xviii-la-ultima-etapa-constructiva\\\/\"]}]},{\"@type\":\"BreadcrumbList\",\"@id\":\"https:\\\/\\\/visit.santcugat.cat\\\/es\\\/s-xviii-la-ultima-etapa-constructiva\\\/#breadcrumb\",\"itemListElement\":[{\"@type\":\"ListItem\",\"position\":1,\"name\":\"Inici\",\"item\":\"https:\\\/\\\/visit.santcugat.cat\\\/es\\\/\"},{\"@type\":\"ListItem\",\"position\":2,\"name\":\"s. XVIII &#8211; La \u00faltima etapa constructiva\"}]},{\"@type\":\"WebSite\",\"@id\":\"https:\\\/\\\/visit.santcugat.cat\\\/fr\\\/#website\",\"url\":\"https:\\\/\\\/visit.santcugat.cat\\\/fr\\\/\",\"name\":\"Visit Sant Cugat\",\"description\":\"Turisme de Sant Cugat\",\"publisher\":{\"@id\":\"https:\\\/\\\/visit.santcugat.cat\\\/fr\\\/#organization\"},\"potentialAction\":[{\"@type\":\"SearchAction\",\"target\":{\"@type\":\"EntryPoint\",\"urlTemplate\":\"https:\\\/\\\/visit.santcugat.cat\\\/fr\\\/?s={search_term_string}\"},\"query-input\":{\"@type\":\"PropertyValueSpecification\",\"valueRequired\":true,\"valueName\":\"search_term_string\"}}],\"inLanguage\":\"es\"},{\"@type\":\"Organization\",\"@id\":\"https:\\\/\\\/visit.santcugat.cat\\\/fr\\\/#organization\",\"name\":\"Visit Sant Cugat - Turisme de Sant Cugat - Barcelona\",\"url\":\"https:\\\/\\\/visit.santcugat.cat\\\/fr\\\/\",\"logo\":{\"@type\":\"ImageObject\",\"inLanguage\":\"es\",\"@id\":\"https:\\\/\\\/visit.santcugat.cat\\\/fr\\\/#\\\/schema\\\/logo\\\/image\\\/\",\"url\":\"https:\\\/\\\/visit.santcugat.cat\\\/wp-content\\\/uploads\\\/2020\\\/09\\\/logo.png\",\"contentUrl\":\"https:\\\/\\\/visit.santcugat.cat\\\/wp-content\\\/uploads\\\/2020\\\/09\\\/logo.png\",\"width\":200,\"height\":44,\"caption\":\"Visit Sant Cugat - Turisme de Sant Cugat - Barcelona\"},\"image\":{\"@id\":\"https:\\\/\\\/visit.santcugat.cat\\\/fr\\\/#\\\/schema\\\/logo\\\/image\\\/\"},\"sameAs\":[\"https:\\\/\\\/www.facebook.com\\\/visitsantcugat\\\/\",\"https:\\\/\\\/x.com\\\/ajsantcugat\",\"https:\\\/\\\/www.instagram.com\\\/visitsantcugat\\\/\",\"https:\\\/\\\/ca.wikipedia.org\\\/wiki\\\/Sant_Cugat_del_Vall\u00e8s\"]}]}<\/script>\n<!-- \/ Yoast SEO plugin. -->","yoast_head_json":{"title":"s. XVIII - La \u00faltima etapa constructiva | Visit Sant Cugat","robots":{"index":"index","follow":"follow","max-snippet":"max-snippet:-1","max-image-preview":"max-image-preview:large","max-video-preview":"max-video-preview:-1"},"canonical":"https:\/\/visit.santcugat.cat\/es\/s-xviii-la-ultima-etapa-constructiva\/","og_locale":"es_ES","og_type":"article","og_title":"s. XVIII - La \u00faltima etapa constructiva | Visit Sant Cugat","og_url":"https:\/\/visit.santcugat.cat\/es\/s-xviii-la-ultima-etapa-constructiva\/","og_site_name":"Visit Sant Cugat","article_publisher":"https:\/\/www.facebook.com\/visitsantcugat\/","article_modified_time":"2026-04-29T09:43:43+00:00","og_image":[{"width":984,"height":502,"url":"https:\/\/visit.santcugat.cat\/wp-content\/uploads\/2023\/03\/CLAUSTRE-MONASTERIO-DE-SANT-CUGAT_resultado.webp","type":"image\/webp"}],"twitter_card":"summary_large_image","twitter_site":"@ajsantcugat","twitter_misc":{"Tiempo de lectura":"2 minutos"},"schema":{"@context":"https:\/\/schema.org","@graph":[{"@type":"WebPage","@id":"https:\/\/visit.santcugat.cat\/es\/s-xviii-la-ultima-etapa-constructiva\/","url":"https:\/\/visit.santcugat.cat\/es\/s-xviii-la-ultima-etapa-constructiva\/","name":"s. XVIII - La \u00faltima etapa constructiva | Visit Sant Cugat","isPartOf":{"@id":"https:\/\/visit.santcugat.cat\/fr\/#website"},"datePublished":"2020-03-05T10:15:48+00:00","dateModified":"2026-04-29T09:43:43+00:00","breadcrumb":{"@id":"https:\/\/visit.santcugat.cat\/es\/s-xviii-la-ultima-etapa-constructiva\/#breadcrumb"},"inLanguage":"es","potentialAction":[{"@type":"ReadAction","target":["https:\/\/visit.santcugat.cat\/es\/s-xviii-la-ultima-etapa-constructiva\/"]}]},{"@type":"BreadcrumbList","@id":"https:\/\/visit.santcugat.cat\/es\/s-xviii-la-ultima-etapa-constructiva\/#breadcrumb","itemListElement":[{"@type":"ListItem","position":1,"name":"Inici","item":"https:\/\/visit.santcugat.cat\/es\/"},{"@type":"ListItem","position":2,"name":"s. XVIII &#8211; La \u00faltima etapa constructiva"}]},{"@type":"WebSite","@id":"https:\/\/visit.santcugat.cat\/fr\/#website","url":"https:\/\/visit.santcugat.cat\/fr\/","name":"Visit Sant Cugat","description":"Turisme de Sant Cugat","publisher":{"@id":"https:\/\/visit.santcugat.cat\/fr\/#organization"},"potentialAction":[{"@type":"SearchAction","target":{"@type":"EntryPoint","urlTemplate":"https:\/\/visit.santcugat.cat\/fr\/?s={search_term_string}"},"query-input":{"@type":"PropertyValueSpecification","valueRequired":true,"valueName":"search_term_string"}}],"inLanguage":"es"},{"@type":"Organization","@id":"https:\/\/visit.santcugat.cat\/fr\/#organization","name":"Visit Sant Cugat - Turisme de Sant Cugat - Barcelona","url":"https:\/\/visit.santcugat.cat\/fr\/","logo":{"@type":"ImageObject","inLanguage":"es","@id":"https:\/\/visit.santcugat.cat\/fr\/#\/schema\/logo\/image\/","url":"https:\/\/visit.santcugat.cat\/wp-content\/uploads\/2020\/09\/logo.png","contentUrl":"https:\/\/visit.santcugat.cat\/wp-content\/uploads\/2020\/09\/logo.png","width":200,"height":44,"caption":"Visit Sant Cugat - Turisme de Sant Cugat - Barcelona"},"image":{"@id":"https:\/\/visit.santcugat.cat\/fr\/#\/schema\/logo\/image\/"},"sameAs":["https:\/\/www.facebook.com\/visitsantcugat\/","https:\/\/x.com\/ajsantcugat","https:\/\/www.instagram.com\/visitsantcugat\/","https:\/\/ca.wikipedia.org\/wiki\/Sant_Cugat_del_Vall\u00e8s"]}]}},"_links":{"self":[{"href":"https:\/\/visit.santcugat.cat\/es\/wp-json\/wp\/v2\/pages\/20514","targetHints":{"allow":["GET"]}}],"collection":[{"href":"https:\/\/visit.santcugat.cat\/es\/wp-json\/wp\/v2\/pages"}],"about":[{"href":"https:\/\/visit.santcugat.cat\/es\/wp-json\/wp\/v2\/types\/page"}],"author":[{"embeddable":true,"href":"https:\/\/visit.santcugat.cat\/es\/wp-json\/wp\/v2\/users\/2"}],"replies":[{"embeddable":true,"href":"https:\/\/visit.santcugat.cat\/es\/wp-json\/wp\/v2\/comments?post=20514"}],"version-history":[{"count":3,"href":"https:\/\/visit.santcugat.cat\/es\/wp-json\/wp\/v2\/pages\/20514\/revisions"}],"predecessor-version":[{"id":50213,"href":"https:\/\/visit.santcugat.cat\/es\/wp-json\/wp\/v2\/pages\/20514\/revisions\/50213"}],"wp:attachment":[{"href":"https:\/\/visit.santcugat.cat\/es\/wp-json\/wp\/v2\/media?parent=20514"}],"curies":[{"name":"wp","href":"https:\/\/api.w.org\/{rel}","templated":true}]}}