{"id":20490,"date":"2020-03-04T12:05:22","date_gmt":"2020-03-04T11:05:22","guid":{"rendered":"https:\/\/visit.santcugat.cat\/el-monasterio-monumento\/"},"modified":"2026-01-05T21:38:23","modified_gmt":"2026-01-05T20:38:23","slug":"el-monasterio-monumento","status":"publish","type":"page","link":"https:\/\/visit.santcugat.cat\/es\/el-monasterio-monumento\/","title":{"rendered":"El Monasterio, monumento"},"content":{"rendered":"<div class=\"fusion-fullwidth fullwidth-box fusion-builder-row-1 nonhundred-percent-fullwidth non-hundred-percent-height-scrolling fusion-equal-height-columns\" style=\"--awb-border-radius-top-left:0px;--awb-border-radius-top-right:0px;--awb-border-radius-bottom-right:0px;--awb-border-radius-bottom-left:0px;--awb-padding-top:30px;--awb-padding-bottom:30px;--awb-margin-top:0px;--awb-margin-bottom:0px;--awb-flex-wrap:wrap;\" ><div class=\"fusion-builder-row fusion-row\"><div class=\"fusion-layout-column fusion_builder_column fusion-builder-column-0 fusion_builder_column_1_1 1_1 fusion-one-full fusion-column-first fusion-column-last\" style=\"--awb-padding-top:20px;--awb-padding-right:40px;--awb-padding-bottom:20px;--awb-padding-left:40px;--awb-bg-color:#ffffff;--awb-bg-color-hover:#ffffff;--awb-bg-size:cover;--awb-margin-bottom:15px;\"><div class=\"fusion-column-wrapper fusion-flex-column-wrapper-legacy\"><div class=\"fusion-text fusion-text-1\"><p><img decoding=\"async\" class=\"alignleft wp-image-17739 size-full\" src=\"https:\/\/visit.santcugat.cat\/wp-content\/uploads\/2019\/02\/400_museu_FotoMane\u0301Espinosa10MUSEU-e1549535873273.jpg\" alt=\"Museu _Monestir de Sant Cugat\" width=\"400\" height=\"308\" srcset=\"https:\/\/visit.santcugat.cat\/wp-content\/uploads\/2019\/02\/400_museu_FotoMane\u0301Espinosa10MUSEU-e1549535873273-200x154.jpg 200w, https:\/\/visit.santcugat.cat\/wp-content\/uploads\/2019\/02\/400_museu_FotoMane\u0301Espinosa10MUSEU-e1549535873273-300x231.jpg 300w, https:\/\/visit.santcugat.cat\/wp-content\/uploads\/2019\/02\/400_museu_FotoMane\u0301Espinosa10MUSEU-e1549535873273.jpg 400w\" sizes=\"(max-width: 400px) 100vw, 400px\" \/>Con el exclaustraci\u00f3n de 1835, las dependencias mon\u00e1sticas pierden su funci\u00f3n. Desde entonces el futuro del conjunto se teje con el esfuerzo por la conservaci\u00f3n el monumento y la oportunidad de asignar nuevos usos al servicio de la poblaci\u00f3n.<br \/>\nEn paralelo a los primeros a\u00f1os de abandono y expolio, el Ayuntamiento de Sant Cugat manifiesta enseguida su inter\u00e9s por el Monasterio. En la d\u00e9cada del 1840, se opone a la venta de los claustros como material de obra y la conversi\u00f3n del terreno en solares, y consigue del Estado la cesi\u00f3n del dominio \u00fatil de la mina de agua, la iglesia y el Palacio Abacial para parroquia y vicar\u00eda, de los claustros para conservarlos y dotarlos de usos p\u00fablicos, y los huertos de los monjes para poder asumir este compromiso con su arrendamiento. Pero las finanzas municipales son insuficientes para abordar la conservaci\u00f3n de los claustros y la actuaci\u00f3n de los otros implicados en la conservaci\u00f3n, la Comisi\u00f3n Provincial de Monumentos y el Obispado de Barcelona, tambi\u00e9n es limitada. Sea como fuere, adem\u00e1s de reparaciones sencillas, se hacen obras de m\u00e1s envergadura, como el atirantado de la galer\u00eda norte del Claustro por parte de Elies Rogent, en 1852, el cimborrio por parte de Villar Lozano, en 1890. Dentro del recinto mon\u00e1stico se ubican el cementerio municipal y el matadero, y dentro de los claustros, la escuela p\u00fablica y las casas consistoriales.<br \/>\nA finales del siglo XIX crece el inter\u00e9s por el monumento y se produce una cierta presi\u00f3n medi\u00e1tica a causa del mal estado de la iglesia. El 1902 se crea la Junta Restauradora del templo del Monasterio, que vende la tabla del martirio de Sant Cugat a la Junta de Museos de Catalu\u00f1a para poder financiar la restauraci\u00f3n de la iglesia.<br \/>\nEl 1931 el Monasterio es declarado Monumento Nacional y la Generalitat de Catalu\u00f1a emprende nuevas intervenciones al Claustro poniendo sobre la mesa, por primera vez, el potencial arqueol\u00f3gico del conjunto con el hallazgo de la bas\u00edlica paleocristiana. La Diputaci\u00f3n de Barcelona durante el franquismo y la Generalitat de Catalu\u00f1a a ra\u00edz de la restauraci\u00f3n democr\u00e1tica contin\u00faan desplegando campa\u00f1as de intervenci\u00f3n arquitect\u00f3nica y arqueol\u00f3gica en el monumento, bajo la mirada de sucesivos patronatos que implican la sociedad civil. La iglesia y el Palacio Abacial han mantenido las funciones parroquiales, pero el Claustro ha acogido nuevos usos y, entre otros, ha sido la Escuela de Pintura Mural (1962-1985), la Facultad de Filosof\u00eda y Letras de la Universitat Aut\u00f2noma de Barcelona (1968-1972) y el Centro de Restauraci\u00f3n de Bienes Muebles de Catalu\u00f1a (1981-2003).<br \/>\nEl 2003 se da un nuevo paso en la definici\u00f3n del monumento. El Ayuntamiento culmina un plan director en el Monasterio con la creaci\u00f3n del Museo de Sant Cugat en el Claustro, con el objetivo de poner en valor el monumento y la historia del municipio. Unos a\u00f1os m\u00e1s tarde asume la propiedad llena del conjunto. Hoy en d\u00eda el uso parroquial del templo perpet\u00faa la tradici\u00f3n cristiana en el Monasterio y el uso cultural del monumento quiere construir un espacio de admiraci\u00f3n y de conocimiento para la ciudadan\u00eda.<\/p>\n<\/div><div class=\"fusion-clearfix\"><\/div><\/div><\/div><\/div><\/div>\n","protected":false},"excerpt":{"rendered":"","protected":false},"author":2,"featured_media":0,"parent":0,"menu_order":0,"comment_status":"closed","ping_status":"closed","template":"","meta":{"_joinchat":[],"footnotes":""},"class_list":["post-20490","page","type-page","status-publish","hentry"],"yoast_head":"<!-- This site is optimized with the Yoast SEO plugin v27.3 - https:\/\/yoast.com\/product\/yoast-seo-wordpress\/ -->\n<title>Monasterio monumento<\/title>\n<meta name=\"robots\" content=\"index, follow, max-snippet:-1, max-image-preview:large, max-video-preview:-1\" \/>\n<link rel=\"canonical\" href=\"https:\/\/visit.santcugat.cat\/es\/el-monasterio-monumento\/\" \/>\n<meta property=\"og:locale\" content=\"es_ES\" \/>\n<meta property=\"og:type\" content=\"article\" \/>\n<meta property=\"og:title\" content=\"Monasterio monumento\" \/>\n<meta property=\"og:url\" content=\"https:\/\/visit.santcugat.cat\/es\/el-monasterio-monumento\/\" \/>\n<meta property=\"og:site_name\" content=\"Visit Sant Cugat\" \/>\n<meta property=\"article:publisher\" content=\"https:\/\/www.facebook.com\/visitsantcugat\/\" \/>\n<meta property=\"article:modified_time\" content=\"2026-01-05T20:38:23+00:00\" \/>\n<meta property=\"og:image\" content=\"https:\/\/visit.santcugat.cat\/wp-content\/uploads\/2023\/03\/CLAUSTRE-MONASTERIO-DE-SANT-CUGAT_resultado.webp\" \/>\n\t<meta property=\"og:image:width\" content=\"984\" \/>\n\t<meta property=\"og:image:height\" content=\"502\" \/>\n\t<meta property=\"og:image:type\" content=\"image\/webp\" \/>\n<meta name=\"twitter:card\" content=\"summary_large_image\" \/>\n<meta name=\"twitter:site\" content=\"@ajsantcugat\" \/>\n<meta name=\"twitter:label1\" content=\"Tiempo de lectura\" \/>\n\t<meta name=\"twitter:data1\" content=\"3 minutos\" \/>\n<script type=\"application\/ld+json\" class=\"yoast-schema-graph\">{\"@context\":\"https:\\\/\\\/schema.org\",\"@graph\":[{\"@type\":\"WebPage\",\"@id\":\"https:\\\/\\\/visit.santcugat.cat\\\/es\\\/el-monasterio-monumento\\\/\",\"url\":\"https:\\\/\\\/visit.santcugat.cat\\\/es\\\/el-monasterio-monumento\\\/\",\"name\":\"Monasterio monumento\",\"isPartOf\":{\"@id\":\"https:\\\/\\\/visit.santcugat.cat\\\/fr\\\/#website\"},\"datePublished\":\"2020-03-04T11:05:22+00:00\",\"dateModified\":\"2026-01-05T20:38:23+00:00\",\"breadcrumb\":{\"@id\":\"https:\\\/\\\/visit.santcugat.cat\\\/es\\\/el-monasterio-monumento\\\/#breadcrumb\"},\"inLanguage\":\"es\",\"potentialAction\":[{\"@type\":\"ReadAction\",\"target\":[\"https:\\\/\\\/visit.santcugat.cat\\\/es\\\/el-monasterio-monumento\\\/\"]}]},{\"@type\":\"BreadcrumbList\",\"@id\":\"https:\\\/\\\/visit.santcugat.cat\\\/es\\\/el-monasterio-monumento\\\/#breadcrumb\",\"itemListElement\":[{\"@type\":\"ListItem\",\"position\":1,\"name\":\"Inici\",\"item\":\"https:\\\/\\\/visit.santcugat.cat\\\/es\\\/\"},{\"@type\":\"ListItem\",\"position\":2,\"name\":\"El Monasterio, monumento\"}]},{\"@type\":\"WebSite\",\"@id\":\"https:\\\/\\\/visit.santcugat.cat\\\/fr\\\/#website\",\"url\":\"https:\\\/\\\/visit.santcugat.cat\\\/fr\\\/\",\"name\":\"Visit Sant Cugat\",\"description\":\"Turisme de Sant Cugat\",\"publisher\":{\"@id\":\"https:\\\/\\\/visit.santcugat.cat\\\/fr\\\/#organization\"},\"potentialAction\":[{\"@type\":\"SearchAction\",\"target\":{\"@type\":\"EntryPoint\",\"urlTemplate\":\"https:\\\/\\\/visit.santcugat.cat\\\/fr\\\/?s={search_term_string}\"},\"query-input\":{\"@type\":\"PropertyValueSpecification\",\"valueRequired\":true,\"valueName\":\"search_term_string\"}}],\"inLanguage\":\"es\"},{\"@type\":\"Organization\",\"@id\":\"https:\\\/\\\/visit.santcugat.cat\\\/fr\\\/#organization\",\"name\":\"Visit Sant Cugat - Turisme de Sant Cugat - Barcelona\",\"url\":\"https:\\\/\\\/visit.santcugat.cat\\\/fr\\\/\",\"logo\":{\"@type\":\"ImageObject\",\"inLanguage\":\"es\",\"@id\":\"https:\\\/\\\/visit.santcugat.cat\\\/fr\\\/#\\\/schema\\\/logo\\\/image\\\/\",\"url\":\"https:\\\/\\\/visit.santcugat.cat\\\/wp-content\\\/uploads\\\/2020\\\/09\\\/logo.png\",\"contentUrl\":\"https:\\\/\\\/visit.santcugat.cat\\\/wp-content\\\/uploads\\\/2020\\\/09\\\/logo.png\",\"width\":200,\"height\":44,\"caption\":\"Visit Sant Cugat - Turisme de Sant Cugat - Barcelona\"},\"image\":{\"@id\":\"https:\\\/\\\/visit.santcugat.cat\\\/fr\\\/#\\\/schema\\\/logo\\\/image\\\/\"},\"sameAs\":[\"https:\\\/\\\/www.facebook.com\\\/visitsantcugat\\\/\",\"https:\\\/\\\/x.com\\\/ajsantcugat\",\"https:\\\/\\\/www.instagram.com\\\/visitsantcugat\\\/\",\"https:\\\/\\\/ca.wikipedia.org\\\/wiki\\\/Sant_Cugat_del_Vall\u00e8s\"]}]}<\/script>\n<!-- \/ Yoast SEO plugin. -->","yoast_head_json":{"title":"Monasterio monumento","robots":{"index":"index","follow":"follow","max-snippet":"max-snippet:-1","max-image-preview":"max-image-preview:large","max-video-preview":"max-video-preview:-1"},"canonical":"https:\/\/visit.santcugat.cat\/es\/el-monasterio-monumento\/","og_locale":"es_ES","og_type":"article","og_title":"Monasterio monumento","og_url":"https:\/\/visit.santcugat.cat\/es\/el-monasterio-monumento\/","og_site_name":"Visit Sant Cugat","article_publisher":"https:\/\/www.facebook.com\/visitsantcugat\/","article_modified_time":"2026-01-05T20:38:23+00:00","og_image":[{"width":984,"height":502,"url":"https:\/\/visit.santcugat.cat\/wp-content\/uploads\/2023\/03\/CLAUSTRE-MONASTERIO-DE-SANT-CUGAT_resultado.webp","type":"image\/webp"}],"twitter_card":"summary_large_image","twitter_site":"@ajsantcugat","twitter_misc":{"Tiempo de lectura":"3 minutos"},"schema":{"@context":"https:\/\/schema.org","@graph":[{"@type":"WebPage","@id":"https:\/\/visit.santcugat.cat\/es\/el-monasterio-monumento\/","url":"https:\/\/visit.santcugat.cat\/es\/el-monasterio-monumento\/","name":"Monasterio monumento","isPartOf":{"@id":"https:\/\/visit.santcugat.cat\/fr\/#website"},"datePublished":"2020-03-04T11:05:22+00:00","dateModified":"2026-01-05T20:38:23+00:00","breadcrumb":{"@id":"https:\/\/visit.santcugat.cat\/es\/el-monasterio-monumento\/#breadcrumb"},"inLanguage":"es","potentialAction":[{"@type":"ReadAction","target":["https:\/\/visit.santcugat.cat\/es\/el-monasterio-monumento\/"]}]},{"@type":"BreadcrumbList","@id":"https:\/\/visit.santcugat.cat\/es\/el-monasterio-monumento\/#breadcrumb","itemListElement":[{"@type":"ListItem","position":1,"name":"Inici","item":"https:\/\/visit.santcugat.cat\/es\/"},{"@type":"ListItem","position":2,"name":"El Monasterio, monumento"}]},{"@type":"WebSite","@id":"https:\/\/visit.santcugat.cat\/fr\/#website","url":"https:\/\/visit.santcugat.cat\/fr\/","name":"Visit Sant Cugat","description":"Turisme de Sant Cugat","publisher":{"@id":"https:\/\/visit.santcugat.cat\/fr\/#organization"},"potentialAction":[{"@type":"SearchAction","target":{"@type":"EntryPoint","urlTemplate":"https:\/\/visit.santcugat.cat\/fr\/?s={search_term_string}"},"query-input":{"@type":"PropertyValueSpecification","valueRequired":true,"valueName":"search_term_string"}}],"inLanguage":"es"},{"@type":"Organization","@id":"https:\/\/visit.santcugat.cat\/fr\/#organization","name":"Visit Sant Cugat - Turisme de Sant Cugat - Barcelona","url":"https:\/\/visit.santcugat.cat\/fr\/","logo":{"@type":"ImageObject","inLanguage":"es","@id":"https:\/\/visit.santcugat.cat\/fr\/#\/schema\/logo\/image\/","url":"https:\/\/visit.santcugat.cat\/wp-content\/uploads\/2020\/09\/logo.png","contentUrl":"https:\/\/visit.santcugat.cat\/wp-content\/uploads\/2020\/09\/logo.png","width":200,"height":44,"caption":"Visit Sant Cugat - Turisme de Sant Cugat - Barcelona"},"image":{"@id":"https:\/\/visit.santcugat.cat\/fr\/#\/schema\/logo\/image\/"},"sameAs":["https:\/\/www.facebook.com\/visitsantcugat\/","https:\/\/x.com\/ajsantcugat","https:\/\/www.instagram.com\/visitsantcugat\/","https:\/\/ca.wikipedia.org\/wiki\/Sant_Cugat_del_Vall\u00e8s"]}]}},"_links":{"self":[{"href":"https:\/\/visit.santcugat.cat\/es\/wp-json\/wp\/v2\/pages\/20490","targetHints":{"allow":["GET"]}}],"collection":[{"href":"https:\/\/visit.santcugat.cat\/es\/wp-json\/wp\/v2\/pages"}],"about":[{"href":"https:\/\/visit.santcugat.cat\/es\/wp-json\/wp\/v2\/types\/page"}],"author":[{"embeddable":true,"href":"https:\/\/visit.santcugat.cat\/es\/wp-json\/wp\/v2\/users\/2"}],"replies":[{"embeddable":true,"href":"https:\/\/visit.santcugat.cat\/es\/wp-json\/wp\/v2\/comments?post=20490"}],"version-history":[{"count":2,"href":"https:\/\/visit.santcugat.cat\/es\/wp-json\/wp\/v2\/pages\/20490\/revisions"}],"predecessor-version":[{"id":46026,"href":"https:\/\/visit.santcugat.cat\/es\/wp-json\/wp\/v2\/pages\/20490\/revisions\/46026"}],"wp:attachment":[{"href":"https:\/\/visit.santcugat.cat\/es\/wp-json\/wp\/v2\/media?parent=20490"}],"curies":[{"name":"wp","href":"https:\/\/api.w.org\/{rel}","templated":true}]}}