{"id":20488,"date":"2020-03-04T11:59:35","date_gmt":"2020-03-04T10:59:35","guid":{"rendered":"https:\/\/visit.santcugat.cat\/el-fin-del-monasterio\/"},"modified":"2026-01-05T21:41:55","modified_gmt":"2026-01-05T20:41:55","slug":"el-fin-del-monasterio","status":"publish","type":"page","link":"https:\/\/visit.santcugat.cat\/es\/el-fin-del-monasterio\/","title":{"rendered":"El fin del Monasterio"},"content":{"rendered":"<div class=\"fusion-fullwidth fullwidth-box fusion-builder-row-1 nonhundred-percent-fullwidth non-hundred-percent-height-scrolling fusion-equal-height-columns\" style=\"--awb-border-radius-top-left:0px;--awb-border-radius-top-right:0px;--awb-border-radius-bottom-right:0px;--awb-border-radius-bottom-left:0px;--awb-padding-top:30px;--awb-padding-bottom:30px;--awb-margin-top:0px;--awb-margin-bottom:0px;--awb-flex-wrap:wrap;\" ><div class=\"fusion-builder-row fusion-row\"><div class=\"fusion-layout-column fusion_builder_column fusion-builder-column-0 fusion_builder_column_1_1 1_1 fusion-one-full fusion-column-first fusion-column-last\" style=\"--awb-padding-top:20px;--awb-padding-right:40px;--awb-padding-bottom:20px;--awb-padding-left:40px;--awb-bg-color:#ffffff;--awb-bg-color-hover:#ffffff;--awb-bg-size:cover;--awb-margin-bottom:15px;\"><div class=\"fusion-column-wrapper fusion-flex-column-wrapper-legacy\"><div class=\"fusion-text fusion-text-1\"><p><img decoding=\"async\" class=\"alignleft wp-image-17731 size-full\" src=\"https:\/\/visit.santcugat.cat\/wp-content\/uploads\/2019\/02\/400_Espan\u0303a-pintoresca-1842.-Pi-i-Margall-claustre.jpg\" alt=\"\" width=\"379\" height=\"361\" srcset=\"https:\/\/visit.santcugat.cat\/wp-content\/uploads\/2019\/02\/400_Espan\u0303a-pintoresca-1842.-Pi-i-Margall-claustre-200x191.jpg 200w, https:\/\/visit.santcugat.cat\/wp-content\/uploads\/2019\/02\/400_Espan\u0303a-pintoresca-1842.-Pi-i-Margall-claustre-300x286.jpg 300w, https:\/\/visit.santcugat.cat\/wp-content\/uploads\/2019\/02\/400_Espan\u0303a-pintoresca-1842.-Pi-i-Margall-claustre.jpg 379w\" sizes=\"(max-width: 379px) 100vw, 379px\" \/>El 26 de julio de 1835, los \u00faltimos monjes de Sant Cugat abandonan el Monasterio por siempre jam\u00e1s y ponen fin a mil a\u00f1os de vida mon\u00e1stica. Unos d\u00edas atr\u00e1s ha estallado una fuerte revuelta anticlerical con asesinatos de religiosos en Reus y quema de conventos en Barcelona. El 25 de julio, entonces fiesta del santo titular, se realiza la celebraci\u00f3n con la pompa habitual. El 26 por la ma\u00f1ana llega la noticia de la quema de conventos y, a pesar de la alarma generada, se decide hacer la misa. Ya solo quedan cinco monjes de una comunidad de quince. Por la tarde el clima de tensi\u00f3n va creciendo hasta que los monjes no soportan m\u00e1s la presi\u00f3n y huyeron cada cual por su cuenta. Por la noche se produce el asalto al Monasterio, con saqueo de bienes muebles, el destrozo de protocolos notariales y documentos del archivo, junto con la quema de algunas edificaciones. El testigo de Felip de Alemany, que con 25 a\u00f1os es uno de los \u00faltimos monjes en abandonar el Monasterio, es revelador respecto a la experiencia vivida por una comunidad ajena a los cambios del mundo.<br \/>\nLa extinci\u00f3n de los monasterios, pero, se gest\u00f3 tiempo atr\u00e1s. Los cambios de mentalidad introducidos por la Ilustraci\u00f3n en el llamado siglo de las luces, el siglo XVIII, aportan la luz de la raz\u00f3n contra la oscuridad de creencias at\u00e1vicas y ponen en cuesti\u00f3n el orden establecido. Las estructuras del Antiguo R\u00e9gimen, como la Iglesia y el monacato, empiezan a tambalear, pero se mantienen firmes en la autodefensa. La Oraci\u00f3n f\u00fanebre escrita por el fraile Benito de Moix\u00f3 el 1789 es un claro ejemplo. Frente a las demandas de supresi\u00f3n de los monasterios, despliega un alegato a favor de la instituci\u00f3n mon\u00e1stica y de su contribuci\u00f3n a la Iglesia y a la sociedad como reducto de santidad, virtud y sabidur\u00eda. Pero lo cierto es, que los monjes han dejado de ser, en los ojos de una parte de la sociedad, un modelo espiritual. En el plan m\u00e1s terrenal, la ideolog\u00eda predominante entre el clero y su estructura econ\u00f3mica choca con las aspiraciones de la revoluci\u00f3n liberal y burguesa. Las \u00f3rdenes mon\u00e1sticas son considerados improductivas, y los privilegios antiguos les permiten acaparar tierras que no rinden bastante y son libres de impuestos. En 1820, durante el Trienio Constitucional, se produce el primer intento de exclaustraci\u00f3n. En Sant Cugat parece que la mayor\u00eda de monjes se queda en el Monasterio, hasta que al 1824 se retoma la vida mon\u00e1stica con normalidad despu\u00e9s de que Fernando VII derogue la orden. Pero la marcha de los monjes el julio de 1835 es definitiva. Unos meses m\u00e1s tarde lleg\u00f3 el decreto de exclaustraci\u00f3n, y en febrero de 1836 la desamortizaci\u00f3n de Mendiz\u00e1bal, por la cual los bienes de los conventos suprimidos son declarados \u201cbienes nacionales\u201d propiedad del Estado. El Monasterio restar\u00e1 abandonado y ser\u00e1 objeto de expolio hasta que en 1838 el Estado no toma posesi\u00f3n formal.<\/p>\n<\/div><div class=\"fusion-clearfix\"><\/div><\/div><\/div><\/div><\/div>\n","protected":false},"excerpt":{"rendered":"","protected":false},"author":2,"featured_media":0,"parent":0,"menu_order":0,"comment_status":"closed","ping_status":"closed","template":"","meta":{"_joinchat":[],"footnotes":""},"class_list":["post-20488","page","type-page","status-publish","hentry"],"yoast_head":"<!-- This site is optimized with the Yoast SEO plugin v27.3 - https:\/\/yoast.com\/product\/yoast-seo-wordpress\/ -->\n<title>Fin del Monasterio<\/title>\n<meta name=\"robots\" content=\"index, follow, max-snippet:-1, max-image-preview:large, max-video-preview:-1\" \/>\n<link rel=\"canonical\" href=\"https:\/\/visit.santcugat.cat\/es\/el-fin-del-monasterio\/\" \/>\n<meta property=\"og:locale\" content=\"es_ES\" \/>\n<meta property=\"og:type\" content=\"article\" \/>\n<meta property=\"og:title\" content=\"Fin del Monasterio\" \/>\n<meta property=\"og:url\" content=\"https:\/\/visit.santcugat.cat\/es\/el-fin-del-monasterio\/\" \/>\n<meta property=\"og:site_name\" content=\"Visit Sant Cugat\" \/>\n<meta property=\"article:publisher\" content=\"https:\/\/www.facebook.com\/visitsantcugat\/\" \/>\n<meta property=\"article:modified_time\" content=\"2026-01-05T20:41:55+00:00\" \/>\n<meta property=\"og:image\" content=\"https:\/\/visit.santcugat.cat\/wp-content\/uploads\/2023\/03\/CLAUSTRE-MONASTERIO-DE-SANT-CUGAT_resultado.webp\" \/>\n\t<meta property=\"og:image:width\" content=\"984\" \/>\n\t<meta property=\"og:image:height\" content=\"502\" \/>\n\t<meta property=\"og:image:type\" content=\"image\/webp\" \/>\n<meta name=\"twitter:card\" content=\"summary_large_image\" \/>\n<meta name=\"twitter:site\" content=\"@ajsantcugat\" \/>\n<meta name=\"twitter:label1\" content=\"Tiempo de lectura\" \/>\n\t<meta name=\"twitter:data1\" content=\"3 minutos\" \/>\n<script type=\"application\/ld+json\" class=\"yoast-schema-graph\">{\"@context\":\"https:\\\/\\\/schema.org\",\"@graph\":[{\"@type\":\"WebPage\",\"@id\":\"https:\\\/\\\/visit.santcugat.cat\\\/es\\\/el-fin-del-monasterio\\\/\",\"url\":\"https:\\\/\\\/visit.santcugat.cat\\\/es\\\/el-fin-del-monasterio\\\/\",\"name\":\"Fin del Monasterio\",\"isPartOf\":{\"@id\":\"https:\\\/\\\/visit.santcugat.cat\\\/es\\\/#website\"},\"datePublished\":\"2020-03-04T10:59:35+00:00\",\"dateModified\":\"2026-01-05T20:41:55+00:00\",\"breadcrumb\":{\"@id\":\"https:\\\/\\\/visit.santcugat.cat\\\/es\\\/el-fin-del-monasterio\\\/#breadcrumb\"},\"inLanguage\":\"es\",\"potentialAction\":[{\"@type\":\"ReadAction\",\"target\":[\"https:\\\/\\\/visit.santcugat.cat\\\/es\\\/el-fin-del-monasterio\\\/\"]}]},{\"@type\":\"BreadcrumbList\",\"@id\":\"https:\\\/\\\/visit.santcugat.cat\\\/es\\\/el-fin-del-monasterio\\\/#breadcrumb\",\"itemListElement\":[{\"@type\":\"ListItem\",\"position\":1,\"name\":\"Inici\",\"item\":\"https:\\\/\\\/visit.santcugat.cat\\\/es\\\/\"},{\"@type\":\"ListItem\",\"position\":2,\"name\":\"El fin del Monasterio\"}]},{\"@type\":\"WebSite\",\"@id\":\"https:\\\/\\\/visit.santcugat.cat\\\/es\\\/#website\",\"url\":\"https:\\\/\\\/visit.santcugat.cat\\\/es\\\/\",\"name\":\"Visit Sant Cugat\",\"description\":\"Turisme de Sant Cugat\",\"publisher\":{\"@id\":\"https:\\\/\\\/visit.santcugat.cat\\\/es\\\/#organization\"},\"potentialAction\":[{\"@type\":\"SearchAction\",\"target\":{\"@type\":\"EntryPoint\",\"urlTemplate\":\"https:\\\/\\\/visit.santcugat.cat\\\/es\\\/?s={search_term_string}\"},\"query-input\":{\"@type\":\"PropertyValueSpecification\",\"valueRequired\":true,\"valueName\":\"search_term_string\"}}],\"inLanguage\":\"es\"},{\"@type\":\"Organization\",\"@id\":\"https:\\\/\\\/visit.santcugat.cat\\\/es\\\/#organization\",\"name\":\"Visit Sant Cugat - Turisme de Sant Cugat - Barcelona\",\"url\":\"https:\\\/\\\/visit.santcugat.cat\\\/es\\\/\",\"logo\":{\"@type\":\"ImageObject\",\"inLanguage\":\"es\",\"@id\":\"https:\\\/\\\/visit.santcugat.cat\\\/es\\\/#\\\/schema\\\/logo\\\/image\\\/\",\"url\":\"https:\\\/\\\/visit.santcugat.cat\\\/wp-content\\\/uploads\\\/2020\\\/09\\\/logo.png\",\"contentUrl\":\"https:\\\/\\\/visit.santcugat.cat\\\/wp-content\\\/uploads\\\/2020\\\/09\\\/logo.png\",\"width\":200,\"height\":44,\"caption\":\"Visit Sant Cugat - Turisme de Sant Cugat - Barcelona\"},\"image\":{\"@id\":\"https:\\\/\\\/visit.santcugat.cat\\\/es\\\/#\\\/schema\\\/logo\\\/image\\\/\"},\"sameAs\":[\"https:\\\/\\\/www.facebook.com\\\/visitsantcugat\\\/\",\"https:\\\/\\\/x.com\\\/ajsantcugat\",\"https:\\\/\\\/www.instagram.com\\\/visitsantcugat\\\/\",\"https:\\\/\\\/ca.wikipedia.org\\\/wiki\\\/Sant_Cugat_del_Vall\u00e8s\"]}]}<\/script>\n<!-- \/ Yoast SEO plugin. -->","yoast_head_json":{"title":"Fin del Monasterio","robots":{"index":"index","follow":"follow","max-snippet":"max-snippet:-1","max-image-preview":"max-image-preview:large","max-video-preview":"max-video-preview:-1"},"canonical":"https:\/\/visit.santcugat.cat\/es\/el-fin-del-monasterio\/","og_locale":"es_ES","og_type":"article","og_title":"Fin del Monasterio","og_url":"https:\/\/visit.santcugat.cat\/es\/el-fin-del-monasterio\/","og_site_name":"Visit Sant Cugat","article_publisher":"https:\/\/www.facebook.com\/visitsantcugat\/","article_modified_time":"2026-01-05T20:41:55+00:00","og_image":[{"width":984,"height":502,"url":"https:\/\/visit.santcugat.cat\/wp-content\/uploads\/2023\/03\/CLAUSTRE-MONASTERIO-DE-SANT-CUGAT_resultado.webp","type":"image\/webp"}],"twitter_card":"summary_large_image","twitter_site":"@ajsantcugat","twitter_misc":{"Tiempo de lectura":"3 minutos"},"schema":{"@context":"https:\/\/schema.org","@graph":[{"@type":"WebPage","@id":"https:\/\/visit.santcugat.cat\/es\/el-fin-del-monasterio\/","url":"https:\/\/visit.santcugat.cat\/es\/el-fin-del-monasterio\/","name":"Fin del Monasterio","isPartOf":{"@id":"https:\/\/visit.santcugat.cat\/es\/#website"},"datePublished":"2020-03-04T10:59:35+00:00","dateModified":"2026-01-05T20:41:55+00:00","breadcrumb":{"@id":"https:\/\/visit.santcugat.cat\/es\/el-fin-del-monasterio\/#breadcrumb"},"inLanguage":"es","potentialAction":[{"@type":"ReadAction","target":["https:\/\/visit.santcugat.cat\/es\/el-fin-del-monasterio\/"]}]},{"@type":"BreadcrumbList","@id":"https:\/\/visit.santcugat.cat\/es\/el-fin-del-monasterio\/#breadcrumb","itemListElement":[{"@type":"ListItem","position":1,"name":"Inici","item":"https:\/\/visit.santcugat.cat\/es\/"},{"@type":"ListItem","position":2,"name":"El fin del Monasterio"}]},{"@type":"WebSite","@id":"https:\/\/visit.santcugat.cat\/es\/#website","url":"https:\/\/visit.santcugat.cat\/es\/","name":"Visit Sant Cugat","description":"Turisme de Sant Cugat","publisher":{"@id":"https:\/\/visit.santcugat.cat\/es\/#organization"},"potentialAction":[{"@type":"SearchAction","target":{"@type":"EntryPoint","urlTemplate":"https:\/\/visit.santcugat.cat\/es\/?s={search_term_string}"},"query-input":{"@type":"PropertyValueSpecification","valueRequired":true,"valueName":"search_term_string"}}],"inLanguage":"es"},{"@type":"Organization","@id":"https:\/\/visit.santcugat.cat\/es\/#organization","name":"Visit Sant Cugat - Turisme de Sant Cugat - Barcelona","url":"https:\/\/visit.santcugat.cat\/es\/","logo":{"@type":"ImageObject","inLanguage":"es","@id":"https:\/\/visit.santcugat.cat\/es\/#\/schema\/logo\/image\/","url":"https:\/\/visit.santcugat.cat\/wp-content\/uploads\/2020\/09\/logo.png","contentUrl":"https:\/\/visit.santcugat.cat\/wp-content\/uploads\/2020\/09\/logo.png","width":200,"height":44,"caption":"Visit Sant Cugat - Turisme de Sant Cugat - Barcelona"},"image":{"@id":"https:\/\/visit.santcugat.cat\/es\/#\/schema\/logo\/image\/"},"sameAs":["https:\/\/www.facebook.com\/visitsantcugat\/","https:\/\/x.com\/ajsantcugat","https:\/\/www.instagram.com\/visitsantcugat\/","https:\/\/ca.wikipedia.org\/wiki\/Sant_Cugat_del_Vall\u00e8s"]}]}},"_links":{"self":[{"href":"https:\/\/visit.santcugat.cat\/es\/wp-json\/wp\/v2\/pages\/20488","targetHints":{"allow":["GET"]}}],"collection":[{"href":"https:\/\/visit.santcugat.cat\/es\/wp-json\/wp\/v2\/pages"}],"about":[{"href":"https:\/\/visit.santcugat.cat\/es\/wp-json\/wp\/v2\/types\/page"}],"author":[{"embeddable":true,"href":"https:\/\/visit.santcugat.cat\/es\/wp-json\/wp\/v2\/users\/2"}],"replies":[{"embeddable":true,"href":"https:\/\/visit.santcugat.cat\/es\/wp-json\/wp\/v2\/comments?post=20488"}],"version-history":[{"count":2,"href":"https:\/\/visit.santcugat.cat\/es\/wp-json\/wp\/v2\/pages\/20488\/revisions"}],"predecessor-version":[{"id":46027,"href":"https:\/\/visit.santcugat.cat\/es\/wp-json\/wp\/v2\/pages\/20488\/revisions\/46027"}],"wp:attachment":[{"href":"https:\/\/visit.santcugat.cat\/es\/wp-json\/wp\/v2\/media?parent=20488"}],"curies":[{"name":"wp","href":"https:\/\/api.w.org\/{rel}","templated":true}]}}