{"id":20485,"date":"2020-03-04T11:56:02","date_gmt":"2020-03-04T10:56:02","guid":{"rendered":"https:\/\/visit.santcugat.cat\/dos-grandes-conflictos-guerra-de-los-segadores-1640-y-guerra-de-sucesion-1701-1714\/"},"modified":"2026-01-05T21:45:58","modified_gmt":"2026-01-05T20:45:58","slug":"dos-grandes-conflictos-guerra-de-los-segadores-1640-y-guerra-de-sucesion-1701-1714","status":"publish","type":"page","link":"https:\/\/visit.santcugat.cat\/es\/dos-grandes-conflictos-guerra-de-los-segadores-1640-y-guerra-de-sucesion-1701-1714\/","title":{"rendered":"Dos grandes conflictos: Guerra de los Segadores (1640) y Guerra de Sucesi\u00f3n (1701-1714)"},"content":{"rendered":"<div class=\"fusion-fullwidth fullwidth-box fusion-builder-row-1 nonhundred-percent-fullwidth non-hundred-percent-height-scrolling fusion-equal-height-columns\" style=\"--awb-border-radius-top-left:0px;--awb-border-radius-top-right:0px;--awb-border-radius-bottom-right:0px;--awb-border-radius-bottom-left:0px;--awb-padding-top:30px;--awb-padding-bottom:30px;--awb-margin-top:0px;--awb-margin-bottom:0px;--awb-flex-wrap:wrap;\" ><div class=\"fusion-builder-row fusion-row\"><div class=\"fusion-layout-column fusion_builder_column fusion-builder-column-0 fusion_builder_column_1_1 1_1 fusion-one-full fusion-column-first fusion-column-last\" style=\"--awb-padding-top:20px;--awb-padding-right:40px;--awb-padding-bottom:20px;--awb-padding-left:40px;--awb-bg-color:#ffffff;--awb-bg-color-hover:#ffffff;--awb-bg-size:cover;--awb-margin-bottom:15px;\"><div class=\"fusion-column-wrapper fusion-flex-column-wrapper-legacy\"><div class=\"fusion-text fusion-text-1\"><p><img decoding=\"async\" class=\"alignleft wp-image-17752 size-full\" src=\"https:\/\/visit.santcugat.cat\/wp-content\/uploads\/2019\/02\/400-consecuencias_de_la_guerra_dels_segadors_2886_600.jpg\" alt=\"\" width=\"400\" height=\"309\" srcset=\"https:\/\/visit.santcugat.cat\/wp-content\/uploads\/2019\/02\/400-consecuencias_de_la_guerra_dels_segadors_2886_600-200x155.jpg 200w, https:\/\/visit.santcugat.cat\/wp-content\/uploads\/2019\/02\/400-consecuencias_de_la_guerra_dels_segadors_2886_600-300x232.jpg 300w, https:\/\/visit.santcugat.cat\/wp-content\/uploads\/2019\/02\/400-consecuencias_de_la_guerra_dels_segadors_2886_600.jpg 400w\" sizes=\"(max-width: 400px) 100vw, 400px\" \/><\/p>\n<p>Durante la \u00e9poca moderna, el papel del Monasterio y sus abades en dos episodios clave de la historia del pa\u00eds, la Guerra de los Segadores y la Guerra de Sucesi\u00f3n, da cuenta de los v\u00ednculos entre la abad\u00eda y la vida pol\u00edtica y social del Principado.<\/p>\n<p>La asignaci\u00f3n de cargos abaciales durante la <strong>Guerra de los Segadores<\/strong> <strong>(1640-1652<\/strong>) ilustra muy bien el uso que hace la monarqu\u00eda. Con la revuelta catalana, el pa\u00eds se posa bajo la protecci\u00f3n de Francia. En 1642 Luis XIII escogi\u00f3 al fraile agustino Gaspar Sala como abad de Sant Cugat. Sala, destacado ide\u00f3logo de la revuelta, escribi\u00f3 La proclamaci\u00f3n cat\u00f3lica, la obra m\u00e1s representativa de la propaganda pol\u00edtica catalana de aquella \u00e9poca; alaba la cultura catalana, critica la pol\u00edtica castellana en Catalu\u00f1a y justifica la posici\u00f3n pol\u00edtica del Principado y un acercamiento en Francia. En 1652 se exilia a Perpi\u00f1\u00e1n siguiendo la retirada de las tropas francesas. El 1656 Felipe IV de Castilla escoge Gispert de Amat como abad, para as\u00ed premiar su fidelidad. Amat hab\u00eda sido monje de Sant Cugat y ser\u00e1 entonces abad de Sant Pere de Galligants. Partidario de Felipe IV, hab\u00eda sido encarcelado acusado de conspiraci\u00f3n contra las autoridades francesas, bajo las cuales estaba Catalu\u00f1a. Con motivo de los acuerdos del Tratado de los Pirineos, el 1662, Amat renuncia a la abad\u00eda de Sant Cugat para asumir la de Ripoll; Sala recuperar\u00e1 la de Sant Cugat, a pesar de que nunca vuelve al Monasterio y lo gobierna mediante vicarios generales.<\/p>\n<p><strong>La Guerra de Sucesi\u00f3n (1702-1715)<\/strong> comporta un rev\u00e9s notable para el preeminente poder pol\u00edtico del Monasterio. En la pugna entre Felipe de Borb\u00f3n y Carlos de Austria por el trono hisp\u00e1nico, el abad Baltasar de Muntaner se muestra partidario de Felipe, y en 1701 asiste a las cortes de Barcelona, en las cuales le jura fidelidad. Cuando Felipe se retira lo sigue a Madrid, donde muere en 1711. En paralelo, el Principado se va declarante abiertamente austracista. A finales del verano de 1705 llegan las tropas austriacistas para tomar Barcelona en nombre de Felipe de Borb\u00f3n. El alto mando se instala en el Monasterio de Sant Cugat, pr\u00f3ximo a la ciudad y protegido por murallas, para dirigir la operaci\u00f3n. Ocupan las casas de la pabordia mayor y la del Pened\u00e8s, mientras que un contingente de caballer\u00eda y de infanter\u00eda ocupa los claustros. El 1713 Carlos de Austria escoge como abad de Sant Cugat a Antoni de Solanell, partidario suyo. Pero una vez acabada la guerra, con el triunfo de Felipe de Borb\u00f3n, el nuevo rey ordena medidas represoras contra Sant Cugat. En relaci\u00f3n con Solanell, secuestra las rentas de la abad\u00eda y, a pesar de que no puede despojarlo del cargo, lo expulsa del Monasterio. El abad es acogido en Sant Jeroni del Valle de Hebr\u00f3n, desde donde dirige el Monasterio de Sant Cugat hasta que puede volver el 1726, pocos antes morir. En cuanto al mismo Monasterio, Felipe V ordena el escombro de una parte de los elementos defensivos \u2013 el matac\u00e1n y las torres de entrada\u2013 para evitar ning\u00fan nuevo desaf\u00edo desde la abad\u00eda.<\/p>\n<\/div><div class=\"fusion-clearfix\"><\/div><\/div><\/div><\/div><\/div>\n","protected":false},"excerpt":{"rendered":"","protected":false},"author":2,"featured_media":0,"parent":0,"menu_order":0,"comment_status":"closed","ping_status":"closed","template":"","meta":{"_joinchat":[],"footnotes":""},"class_list":["post-20485","page","type-page","status-publish","hentry"],"yoast_head":"<!-- This site is optimized with the Yoast SEO plugin v27.4 - https:\/\/yoast.com\/product\/yoast-seo-wordpress\/ -->\n<title>guerra de los segadores<\/title>\n<meta name=\"robots\" content=\"index, follow, max-snippet:-1, max-image-preview:large, max-video-preview:-1\" \/>\n<link rel=\"canonical\" href=\"https:\/\/visit.santcugat.cat\/es\/dos-grandes-conflictos-guerra-de-los-segadores-1640-y-guerra-de-sucesion-1701-1714\/\" \/>\n<meta property=\"og:locale\" content=\"es_ES\" \/>\n<meta property=\"og:type\" content=\"article\" \/>\n<meta property=\"og:title\" content=\"guerra de los segadores\" \/>\n<meta property=\"og:url\" content=\"https:\/\/visit.santcugat.cat\/es\/dos-grandes-conflictos-guerra-de-los-segadores-1640-y-guerra-de-sucesion-1701-1714\/\" \/>\n<meta property=\"og:site_name\" content=\"Visit Sant Cugat\" \/>\n<meta property=\"article:publisher\" content=\"https:\/\/www.facebook.com\/visitsantcugat\/\" \/>\n<meta property=\"article:modified_time\" content=\"2026-01-05T20:45:58+00:00\" \/>\n<meta property=\"og:image\" content=\"https:\/\/visit.santcugat.cat\/wp-content\/uploads\/2019\/02\/400-consecuencias_de_la_guerra_dels_segadors_2886_600.jpg\" \/>\n<meta name=\"twitter:card\" content=\"summary_large_image\" \/>\n<meta name=\"twitter:site\" content=\"@ajsantcugat\" \/>\n<meta name=\"twitter:label1\" content=\"Tiempo de lectura\" \/>\n\t<meta name=\"twitter:data1\" content=\"4 minutos\" \/>\n<script type=\"application\/ld+json\" class=\"yoast-schema-graph\">{\"@context\":\"https:\\\/\\\/schema.org\",\"@graph\":[{\"@type\":\"WebPage\",\"@id\":\"https:\\\/\\\/visit.santcugat.cat\\\/es\\\/dos-grandes-conflictos-guerra-de-los-segadores-1640-y-guerra-de-sucesion-1701-1714\\\/\",\"url\":\"https:\\\/\\\/visit.santcugat.cat\\\/es\\\/dos-grandes-conflictos-guerra-de-los-segadores-1640-y-guerra-de-sucesion-1701-1714\\\/\",\"name\":\"guerra de los segadores\",\"isPartOf\":{\"@id\":\"https:\\\/\\\/visit.santcugat.cat\\\/fr\\\/#website\"},\"primaryImageOfPage\":{\"@id\":\"https:\\\/\\\/visit.santcugat.cat\\\/es\\\/dos-grandes-conflictos-guerra-de-los-segadores-1640-y-guerra-de-sucesion-1701-1714\\\/#primaryimage\"},\"image\":{\"@id\":\"https:\\\/\\\/visit.santcugat.cat\\\/es\\\/dos-grandes-conflictos-guerra-de-los-segadores-1640-y-guerra-de-sucesion-1701-1714\\\/#primaryimage\"},\"thumbnailUrl\":\"https:\\\/\\\/visit.santcugat.cat\\\/wp-content\\\/uploads\\\/2019\\\/02\\\/400-consecuencias_de_la_guerra_dels_segadors_2886_600.jpg\",\"datePublished\":\"2020-03-04T10:56:02+00:00\",\"dateModified\":\"2026-01-05T20:45:58+00:00\",\"breadcrumb\":{\"@id\":\"https:\\\/\\\/visit.santcugat.cat\\\/es\\\/dos-grandes-conflictos-guerra-de-los-segadores-1640-y-guerra-de-sucesion-1701-1714\\\/#breadcrumb\"},\"inLanguage\":\"es\",\"potentialAction\":[{\"@type\":\"ReadAction\",\"target\":[\"https:\\\/\\\/visit.santcugat.cat\\\/es\\\/dos-grandes-conflictos-guerra-de-los-segadores-1640-y-guerra-de-sucesion-1701-1714\\\/\"]}]},{\"@type\":\"ImageObject\",\"inLanguage\":\"es\",\"@id\":\"https:\\\/\\\/visit.santcugat.cat\\\/es\\\/dos-grandes-conflictos-guerra-de-los-segadores-1640-y-guerra-de-sucesion-1701-1714\\\/#primaryimage\",\"url\":\"https:\\\/\\\/visit.santcugat.cat\\\/wp-content\\\/uploads\\\/2019\\\/02\\\/400-consecuencias_de_la_guerra_dels_segadors_2886_600.jpg\",\"contentUrl\":\"https:\\\/\\\/visit.santcugat.cat\\\/wp-content\\\/uploads\\\/2019\\\/02\\\/400-consecuencias_de_la_guerra_dels_segadors_2886_600.jpg\"},{\"@type\":\"BreadcrumbList\",\"@id\":\"https:\\\/\\\/visit.santcugat.cat\\\/es\\\/dos-grandes-conflictos-guerra-de-los-segadores-1640-y-guerra-de-sucesion-1701-1714\\\/#breadcrumb\",\"itemListElement\":[{\"@type\":\"ListItem\",\"position\":1,\"name\":\"Inici\",\"item\":\"https:\\\/\\\/visit.santcugat.cat\\\/es\\\/\"},{\"@type\":\"ListItem\",\"position\":2,\"name\":\"Dos grandes conflictos: Guerra de los Segadores (1640) y Guerra de Sucesi\u00f3n (1701-1714)\"}]},{\"@type\":\"WebSite\",\"@id\":\"https:\\\/\\\/visit.santcugat.cat\\\/fr\\\/#website\",\"url\":\"https:\\\/\\\/visit.santcugat.cat\\\/fr\\\/\",\"name\":\"Visit Sant Cugat\",\"description\":\"Turisme de Sant Cugat\",\"publisher\":{\"@id\":\"https:\\\/\\\/visit.santcugat.cat\\\/fr\\\/#organization\"},\"potentialAction\":[{\"@type\":\"SearchAction\",\"target\":{\"@type\":\"EntryPoint\",\"urlTemplate\":\"https:\\\/\\\/visit.santcugat.cat\\\/fr\\\/?s={search_term_string}\"},\"query-input\":{\"@type\":\"PropertyValueSpecification\",\"valueRequired\":true,\"valueName\":\"search_term_string\"}}],\"inLanguage\":\"es\"},{\"@type\":\"Organization\",\"@id\":\"https:\\\/\\\/visit.santcugat.cat\\\/fr\\\/#organization\",\"name\":\"Visit Sant Cugat - Turisme de Sant Cugat - Barcelona\",\"url\":\"https:\\\/\\\/visit.santcugat.cat\\\/fr\\\/\",\"logo\":{\"@type\":\"ImageObject\",\"inLanguage\":\"es\",\"@id\":\"https:\\\/\\\/visit.santcugat.cat\\\/fr\\\/#\\\/schema\\\/logo\\\/image\\\/\",\"url\":\"https:\\\/\\\/visit.santcugat.cat\\\/wp-content\\\/uploads\\\/2020\\\/09\\\/logo.png\",\"contentUrl\":\"https:\\\/\\\/visit.santcugat.cat\\\/wp-content\\\/uploads\\\/2020\\\/09\\\/logo.png\",\"width\":200,\"height\":44,\"caption\":\"Visit Sant Cugat - Turisme de Sant Cugat - Barcelona\"},\"image\":{\"@id\":\"https:\\\/\\\/visit.santcugat.cat\\\/fr\\\/#\\\/schema\\\/logo\\\/image\\\/\"},\"sameAs\":[\"https:\\\/\\\/www.facebook.com\\\/visitsantcugat\\\/\",\"https:\\\/\\\/x.com\\\/ajsantcugat\",\"https:\\\/\\\/www.instagram.com\\\/visitsantcugat\\\/\",\"https:\\\/\\\/ca.wikipedia.org\\\/wiki\\\/Sant_Cugat_del_Vall\u00e8s\"]}]}<\/script>\n<!-- \/ Yoast SEO plugin. -->","yoast_head_json":{"title":"guerra de los segadores","robots":{"index":"index","follow":"follow","max-snippet":"max-snippet:-1","max-image-preview":"max-image-preview:large","max-video-preview":"max-video-preview:-1"},"canonical":"https:\/\/visit.santcugat.cat\/es\/dos-grandes-conflictos-guerra-de-los-segadores-1640-y-guerra-de-sucesion-1701-1714\/","og_locale":"es_ES","og_type":"article","og_title":"guerra de los segadores","og_url":"https:\/\/visit.santcugat.cat\/es\/dos-grandes-conflictos-guerra-de-los-segadores-1640-y-guerra-de-sucesion-1701-1714\/","og_site_name":"Visit Sant Cugat","article_publisher":"https:\/\/www.facebook.com\/visitsantcugat\/","article_modified_time":"2026-01-05T20:45:58+00:00","og_image":[{"url":"https:\/\/visit.santcugat.cat\/wp-content\/uploads\/2019\/02\/400-consecuencias_de_la_guerra_dels_segadors_2886_600.jpg","type":"","width":"","height":""}],"twitter_card":"summary_large_image","twitter_site":"@ajsantcugat","twitter_misc":{"Tiempo de lectura":"4 minutos"},"schema":{"@context":"https:\/\/schema.org","@graph":[{"@type":"WebPage","@id":"https:\/\/visit.santcugat.cat\/es\/dos-grandes-conflictos-guerra-de-los-segadores-1640-y-guerra-de-sucesion-1701-1714\/","url":"https:\/\/visit.santcugat.cat\/es\/dos-grandes-conflictos-guerra-de-los-segadores-1640-y-guerra-de-sucesion-1701-1714\/","name":"guerra de los segadores","isPartOf":{"@id":"https:\/\/visit.santcugat.cat\/fr\/#website"},"primaryImageOfPage":{"@id":"https:\/\/visit.santcugat.cat\/es\/dos-grandes-conflictos-guerra-de-los-segadores-1640-y-guerra-de-sucesion-1701-1714\/#primaryimage"},"image":{"@id":"https:\/\/visit.santcugat.cat\/es\/dos-grandes-conflictos-guerra-de-los-segadores-1640-y-guerra-de-sucesion-1701-1714\/#primaryimage"},"thumbnailUrl":"https:\/\/visit.santcugat.cat\/wp-content\/uploads\/2019\/02\/400-consecuencias_de_la_guerra_dels_segadors_2886_600.jpg","datePublished":"2020-03-04T10:56:02+00:00","dateModified":"2026-01-05T20:45:58+00:00","breadcrumb":{"@id":"https:\/\/visit.santcugat.cat\/es\/dos-grandes-conflictos-guerra-de-los-segadores-1640-y-guerra-de-sucesion-1701-1714\/#breadcrumb"},"inLanguage":"es","potentialAction":[{"@type":"ReadAction","target":["https:\/\/visit.santcugat.cat\/es\/dos-grandes-conflictos-guerra-de-los-segadores-1640-y-guerra-de-sucesion-1701-1714\/"]}]},{"@type":"ImageObject","inLanguage":"es","@id":"https:\/\/visit.santcugat.cat\/es\/dos-grandes-conflictos-guerra-de-los-segadores-1640-y-guerra-de-sucesion-1701-1714\/#primaryimage","url":"https:\/\/visit.santcugat.cat\/wp-content\/uploads\/2019\/02\/400-consecuencias_de_la_guerra_dels_segadors_2886_600.jpg","contentUrl":"https:\/\/visit.santcugat.cat\/wp-content\/uploads\/2019\/02\/400-consecuencias_de_la_guerra_dels_segadors_2886_600.jpg"},{"@type":"BreadcrumbList","@id":"https:\/\/visit.santcugat.cat\/es\/dos-grandes-conflictos-guerra-de-los-segadores-1640-y-guerra-de-sucesion-1701-1714\/#breadcrumb","itemListElement":[{"@type":"ListItem","position":1,"name":"Inici","item":"https:\/\/visit.santcugat.cat\/es\/"},{"@type":"ListItem","position":2,"name":"Dos grandes conflictos: Guerra de los Segadores (1640) y Guerra de Sucesi\u00f3n (1701-1714)"}]},{"@type":"WebSite","@id":"https:\/\/visit.santcugat.cat\/fr\/#website","url":"https:\/\/visit.santcugat.cat\/fr\/","name":"Visit Sant Cugat","description":"Turisme de Sant Cugat","publisher":{"@id":"https:\/\/visit.santcugat.cat\/fr\/#organization"},"potentialAction":[{"@type":"SearchAction","target":{"@type":"EntryPoint","urlTemplate":"https:\/\/visit.santcugat.cat\/fr\/?s={search_term_string}"},"query-input":{"@type":"PropertyValueSpecification","valueRequired":true,"valueName":"search_term_string"}}],"inLanguage":"es"},{"@type":"Organization","@id":"https:\/\/visit.santcugat.cat\/fr\/#organization","name":"Visit Sant Cugat - Turisme de Sant Cugat - Barcelona","url":"https:\/\/visit.santcugat.cat\/fr\/","logo":{"@type":"ImageObject","inLanguage":"es","@id":"https:\/\/visit.santcugat.cat\/fr\/#\/schema\/logo\/image\/","url":"https:\/\/visit.santcugat.cat\/wp-content\/uploads\/2020\/09\/logo.png","contentUrl":"https:\/\/visit.santcugat.cat\/wp-content\/uploads\/2020\/09\/logo.png","width":200,"height":44,"caption":"Visit Sant Cugat - Turisme de Sant Cugat - Barcelona"},"image":{"@id":"https:\/\/visit.santcugat.cat\/fr\/#\/schema\/logo\/image\/"},"sameAs":["https:\/\/www.facebook.com\/visitsantcugat\/","https:\/\/x.com\/ajsantcugat","https:\/\/www.instagram.com\/visitsantcugat\/","https:\/\/ca.wikipedia.org\/wiki\/Sant_Cugat_del_Vall\u00e8s"]}]}},"_links":{"self":[{"href":"https:\/\/visit.santcugat.cat\/es\/wp-json\/wp\/v2\/pages\/20485","targetHints":{"allow":["GET"]}}],"collection":[{"href":"https:\/\/visit.santcugat.cat\/es\/wp-json\/wp\/v2\/pages"}],"about":[{"href":"https:\/\/visit.santcugat.cat\/es\/wp-json\/wp\/v2\/types\/page"}],"author":[{"embeddable":true,"href":"https:\/\/visit.santcugat.cat\/es\/wp-json\/wp\/v2\/users\/2"}],"replies":[{"embeddable":true,"href":"https:\/\/visit.santcugat.cat\/es\/wp-json\/wp\/v2\/comments?post=20485"}],"version-history":[{"count":3,"href":"https:\/\/visit.santcugat.cat\/es\/wp-json\/wp\/v2\/pages\/20485\/revisions"}],"predecessor-version":[{"id":46029,"href":"https:\/\/visit.santcugat.cat\/es\/wp-json\/wp\/v2\/pages\/20485\/revisions\/46029"}],"wp:attachment":[{"href":"https:\/\/visit.santcugat.cat\/es\/wp-json\/wp\/v2\/media?parent=20485"}],"curies":[{"name":"wp","href":"https:\/\/api.w.org\/{rel}","templated":true}]}}