{"id":20483,"date":"2020-03-04T11:51:06","date_gmt":"2020-03-04T10:51:06","guid":{"rendered":"https:\/\/visit.santcugat.cat\/abades-de-patronazgo-real\/"},"modified":"2026-01-05T21:47:06","modified_gmt":"2026-01-05T20:47:06","slug":"abades-de-patronazgo-real","status":"publish","type":"page","link":"https:\/\/visit.santcugat.cat\/es\/abades-de-patronazgo-real\/","title":{"rendered":"Abades de patronazgo real"},"content":{"rendered":"<div class=\"fusion-fullwidth fullwidth-box fusion-builder-row-1 nonhundred-percent-fullwidth non-hundred-percent-height-scrolling fusion-equal-height-columns\" style=\"--awb-border-radius-top-left:0px;--awb-border-radius-top-right:0px;--awb-border-radius-bottom-right:0px;--awb-border-radius-bottom-left:0px;--awb-padding-top:30px;--awb-padding-bottom:30px;--awb-margin-top:0px;--awb-margin-bottom:0px;--awb-flex-wrap:wrap;\" ><div class=\"fusion-builder-row fusion-row\"><div class=\"fusion-layout-column fusion_builder_column fusion-builder-column-0 fusion_builder_column_1_1 1_1 fusion-one-full fusion-column-first fusion-column-last\" style=\"--awb-padding-top:20px;--awb-padding-right:40px;--awb-padding-bottom:20px;--awb-padding-left:40px;--awb-bg-color:#ffffff;--awb-bg-color-hover:#ffffff;--awb-bg-size:cover;--awb-margin-bottom:15px;\"><div class=\"fusion-column-wrapper fusion-flex-column-wrapper-legacy\"><div class=\"fusion-text fusion-text-1\"><p><img decoding=\"async\" class=\"wp-image-17715 size-full\" src=\"https:\/\/visit.santcugat.cat\/wp-content\/uploads\/2019\/02\/400_abatspatronatgereial_FotoMane\u0301Espinosa_2RETAULE.jpg\" alt=\"\" width=\"400\" height=\"256\" srcset=\"https:\/\/visit.santcugat.cat\/wp-content\/uploads\/2019\/02\/400_abatspatronatgereial_FotoMane\u0301Espinosa_2RETAULE-200x128.jpg 200w, https:\/\/visit.santcugat.cat\/wp-content\/uploads\/2019\/02\/400_abatspatronatgereial_FotoMane\u0301Espinosa_2RETAULE-300x192.jpg 300w, https:\/\/visit.santcugat.cat\/wp-content\/uploads\/2019\/02\/400_abatspatronatgereial_FotoMane\u0301Espinosa_2RETAULE.jpg 400w\" sizes=\"(max-width: 400px) 100vw, 400px\" \/><\/p>\n<p>En el proceso de configuraci\u00f3n de la monarqu\u00eda absoluta, el control de la Iglesia acontece uno de los ejes esenciales de la pol\u00edtica de los monarcas, cosa que afecta de una manera directa al gobierno de los monasterios. La sumisi\u00f3n a Roma deja , a partir del siglo XVI, la sumisi\u00f3n a la realeza, que mantiene el privilegio de elecci\u00f3n de abad hasta el \u00faltimo momento de la exclaustraci\u00f3n, en 1835. Los primeros intentos de intromisi\u00f3n de la realeza en el Principado se producen durante el reinado de Fernando II, que en 1493 sustrae de la Congregaci\u00f3n Claustral Tarraconense la abad\u00eda de Montserrat para ligarla con la Congregaci\u00f3n de la Observancia de Valladolid. Este cambio, realizado con la excusa de la decadencia espiritual de la abad\u00eda, esconde un intento m\u00e1s ambicioso de reforma de la Congregaci\u00f3n. Aun as\u00ed, a partir de la cesi\u00f3n del derecho de patronazgo \u2013derecho de presentar los aspirantes a las dignidades eclesi\u00e1sticas\u2013 por parte del papa Adri\u00e1n VI al rey Carlos I, el 1522, se hace plenamente efectiva la sujeci\u00f3n de los monasterios a la realeza.<\/p>\n<p>Luis de Cervell\u00f3, designado por Felipe II en 1561, es el primer abad de Sant Cugat de elecci\u00f3n real. La intervenci\u00f3n real en el regimiento de la Iglesia, m\u00e1s all\u00e1 de las intenciones reformadoras, va acompa\u00f1ada de motivaciones estrat\u00e9gicas y econ\u00f3micas. El nombramiento de abades afines a las pol\u00edticas reales refuerza la monarqu\u00eda. Por otro lado, Felipe II y sus sucesores practican un expolio sistem\u00e1tico de la renta mon\u00e1stica al mantener durante a\u00f1os parado el nombramiento de abades, dado que las rentas que corresponden al cargo de abad son sustra\u00eddas de los monasterios y pasan a la hacienda real durante los periodos vacantes. El derecho de nombramiento, tal como sucede durante el periodo de sujeci\u00f3n a Roma, tambi\u00e9n permite la fuga de un buen n\u00famero de rentas hacia la corte, a trav\u00e9s de los abades escogidos por los monarcas. Igual que en la mayor\u00eda de monasterios, el descontento de Sant Cugat contra esta pr\u00e1ctica, expresado reiteradamente en los cap\u00edtulos de la Congregaci\u00f3n Claustral, se expresa tambi\u00e9n a trav\u00e9s de su adhesi\u00f3n a la Diputaci\u00f3n del General durante la Guerra de los Segadores (1640).<br \/>\nUna manifestaci\u00f3n art\u00edstica y simb\u00f3lica del patronazgo real sobre el Monasterio se conserva hoy en d\u00eda a la capilla de San Benito. Acompa\u00f1ando la imaginer\u00eda en torno al fundador de la regla benedictina y en torno al castillo de Octaviano, alusi\u00f3n al poder terrenal del Monasterio, encontramos los s\u00edmbolos reales: las \u00e1guilas bic\u00e9falas de los Austria y el le\u00f3n de Borb\u00f3n.<\/p>\n<\/div><div class=\"fusion-clearfix\"><\/div><\/div><\/div><\/div><\/div>\n","protected":false},"excerpt":{"rendered":"","protected":false},"author":2,"featured_media":0,"parent":0,"menu_order":0,"comment_status":"closed","ping_status":"closed","template":"","meta":{"_joinchat":[],"footnotes":""},"class_list":["post-20483","page","type-page","status-publish","hentry"],"yoast_head":"<!-- This site is optimized with the Yoast SEO plugin v27.4 - https:\/\/yoast.com\/product\/yoast-seo-wordpress\/ -->\n<title>Abades reales<\/title>\n<meta name=\"robots\" content=\"index, follow, max-snippet:-1, max-image-preview:large, max-video-preview:-1\" \/>\n<link rel=\"canonical\" href=\"https:\/\/visit.santcugat.cat\/es\/abades-de-patronazgo-real\/\" \/>\n<meta property=\"og:locale\" content=\"es_ES\" \/>\n<meta property=\"og:type\" content=\"article\" \/>\n<meta property=\"og:title\" content=\"Abades reales\" \/>\n<meta property=\"og:url\" content=\"https:\/\/visit.santcugat.cat\/es\/abades-de-patronazgo-real\/\" \/>\n<meta property=\"og:site_name\" content=\"Visit Sant Cugat\" \/>\n<meta property=\"article:publisher\" content=\"https:\/\/www.facebook.com\/visitsantcugat\/\" \/>\n<meta property=\"article:modified_time\" content=\"2026-01-05T20:47:06+00:00\" \/>\n<meta property=\"og:image\" content=\"https:\/\/visit.santcugat.cat\/wp-content\/uploads\/2023\/03\/CLAUSTRE-MONASTERIO-DE-SANT-CUGAT_resultado.webp\" \/>\n\t<meta property=\"og:image:width\" content=\"984\" \/>\n\t<meta property=\"og:image:height\" content=\"502\" \/>\n\t<meta property=\"og:image:type\" content=\"image\/webp\" \/>\n<meta name=\"twitter:card\" content=\"summary_large_image\" \/>\n<meta name=\"twitter:site\" content=\"@ajsantcugat\" \/>\n<meta name=\"twitter:label1\" content=\"Tiempo de lectura\" \/>\n\t<meta name=\"twitter:data1\" content=\"3 minutos\" \/>\n<script type=\"application\/ld+json\" class=\"yoast-schema-graph\">{\"@context\":\"https:\\\/\\\/schema.org\",\"@graph\":[{\"@type\":\"WebPage\",\"@id\":\"https:\\\/\\\/visit.santcugat.cat\\\/es\\\/abades-de-patronazgo-real\\\/\",\"url\":\"https:\\\/\\\/visit.santcugat.cat\\\/es\\\/abades-de-patronazgo-real\\\/\",\"name\":\"Abades reales\",\"isPartOf\":{\"@id\":\"https:\\\/\\\/visit.santcugat.cat\\\/fr\\\/#website\"},\"datePublished\":\"2020-03-04T10:51:06+00:00\",\"dateModified\":\"2026-01-05T20:47:06+00:00\",\"breadcrumb\":{\"@id\":\"https:\\\/\\\/visit.santcugat.cat\\\/es\\\/abades-de-patronazgo-real\\\/#breadcrumb\"},\"inLanguage\":\"es\",\"potentialAction\":[{\"@type\":\"ReadAction\",\"target\":[\"https:\\\/\\\/visit.santcugat.cat\\\/es\\\/abades-de-patronazgo-real\\\/\"]}]},{\"@type\":\"BreadcrumbList\",\"@id\":\"https:\\\/\\\/visit.santcugat.cat\\\/es\\\/abades-de-patronazgo-real\\\/#breadcrumb\",\"itemListElement\":[{\"@type\":\"ListItem\",\"position\":1,\"name\":\"Inici\",\"item\":\"https:\\\/\\\/visit.santcugat.cat\\\/es\\\/\"},{\"@type\":\"ListItem\",\"position\":2,\"name\":\"Abades de patronazgo real\"}]},{\"@type\":\"WebSite\",\"@id\":\"https:\\\/\\\/visit.santcugat.cat\\\/fr\\\/#website\",\"url\":\"https:\\\/\\\/visit.santcugat.cat\\\/fr\\\/\",\"name\":\"Visit Sant Cugat\",\"description\":\"Turisme de Sant Cugat\",\"publisher\":{\"@id\":\"https:\\\/\\\/visit.santcugat.cat\\\/fr\\\/#organization\"},\"potentialAction\":[{\"@type\":\"SearchAction\",\"target\":{\"@type\":\"EntryPoint\",\"urlTemplate\":\"https:\\\/\\\/visit.santcugat.cat\\\/fr\\\/?s={search_term_string}\"},\"query-input\":{\"@type\":\"PropertyValueSpecification\",\"valueRequired\":true,\"valueName\":\"search_term_string\"}}],\"inLanguage\":\"es\"},{\"@type\":\"Organization\",\"@id\":\"https:\\\/\\\/visit.santcugat.cat\\\/fr\\\/#organization\",\"name\":\"Visit Sant Cugat - Turisme de Sant Cugat - Barcelona\",\"url\":\"https:\\\/\\\/visit.santcugat.cat\\\/fr\\\/\",\"logo\":{\"@type\":\"ImageObject\",\"inLanguage\":\"es\",\"@id\":\"https:\\\/\\\/visit.santcugat.cat\\\/fr\\\/#\\\/schema\\\/logo\\\/image\\\/\",\"url\":\"https:\\\/\\\/visit.santcugat.cat\\\/wp-content\\\/uploads\\\/2020\\\/09\\\/logo.png\",\"contentUrl\":\"https:\\\/\\\/visit.santcugat.cat\\\/wp-content\\\/uploads\\\/2020\\\/09\\\/logo.png\",\"width\":200,\"height\":44,\"caption\":\"Visit Sant Cugat - Turisme de Sant Cugat - Barcelona\"},\"image\":{\"@id\":\"https:\\\/\\\/visit.santcugat.cat\\\/fr\\\/#\\\/schema\\\/logo\\\/image\\\/\"},\"sameAs\":[\"https:\\\/\\\/www.facebook.com\\\/visitsantcugat\\\/\",\"https:\\\/\\\/x.com\\\/ajsantcugat\",\"https:\\\/\\\/www.instagram.com\\\/visitsantcugat\\\/\",\"https:\\\/\\\/ca.wikipedia.org\\\/wiki\\\/Sant_Cugat_del_Vall\u00e8s\"]}]}<\/script>\n<!-- \/ Yoast SEO plugin. -->","yoast_head_json":{"title":"Abades reales","robots":{"index":"index","follow":"follow","max-snippet":"max-snippet:-1","max-image-preview":"max-image-preview:large","max-video-preview":"max-video-preview:-1"},"canonical":"https:\/\/visit.santcugat.cat\/es\/abades-de-patronazgo-real\/","og_locale":"es_ES","og_type":"article","og_title":"Abades reales","og_url":"https:\/\/visit.santcugat.cat\/es\/abades-de-patronazgo-real\/","og_site_name":"Visit Sant Cugat","article_publisher":"https:\/\/www.facebook.com\/visitsantcugat\/","article_modified_time":"2026-01-05T20:47:06+00:00","og_image":[{"width":984,"height":502,"url":"https:\/\/visit.santcugat.cat\/wp-content\/uploads\/2023\/03\/CLAUSTRE-MONASTERIO-DE-SANT-CUGAT_resultado.webp","type":"image\/webp"}],"twitter_card":"summary_large_image","twitter_site":"@ajsantcugat","twitter_misc":{"Tiempo de lectura":"3 minutos"},"schema":{"@context":"https:\/\/schema.org","@graph":[{"@type":"WebPage","@id":"https:\/\/visit.santcugat.cat\/es\/abades-de-patronazgo-real\/","url":"https:\/\/visit.santcugat.cat\/es\/abades-de-patronazgo-real\/","name":"Abades reales","isPartOf":{"@id":"https:\/\/visit.santcugat.cat\/fr\/#website"},"datePublished":"2020-03-04T10:51:06+00:00","dateModified":"2026-01-05T20:47:06+00:00","breadcrumb":{"@id":"https:\/\/visit.santcugat.cat\/es\/abades-de-patronazgo-real\/#breadcrumb"},"inLanguage":"es","potentialAction":[{"@type":"ReadAction","target":["https:\/\/visit.santcugat.cat\/es\/abades-de-patronazgo-real\/"]}]},{"@type":"BreadcrumbList","@id":"https:\/\/visit.santcugat.cat\/es\/abades-de-patronazgo-real\/#breadcrumb","itemListElement":[{"@type":"ListItem","position":1,"name":"Inici","item":"https:\/\/visit.santcugat.cat\/es\/"},{"@type":"ListItem","position":2,"name":"Abades de patronazgo real"}]},{"@type":"WebSite","@id":"https:\/\/visit.santcugat.cat\/fr\/#website","url":"https:\/\/visit.santcugat.cat\/fr\/","name":"Visit Sant Cugat","description":"Turisme de Sant Cugat","publisher":{"@id":"https:\/\/visit.santcugat.cat\/fr\/#organization"},"potentialAction":[{"@type":"SearchAction","target":{"@type":"EntryPoint","urlTemplate":"https:\/\/visit.santcugat.cat\/fr\/?s={search_term_string}"},"query-input":{"@type":"PropertyValueSpecification","valueRequired":true,"valueName":"search_term_string"}}],"inLanguage":"es"},{"@type":"Organization","@id":"https:\/\/visit.santcugat.cat\/fr\/#organization","name":"Visit Sant Cugat - Turisme de Sant Cugat - Barcelona","url":"https:\/\/visit.santcugat.cat\/fr\/","logo":{"@type":"ImageObject","inLanguage":"es","@id":"https:\/\/visit.santcugat.cat\/fr\/#\/schema\/logo\/image\/","url":"https:\/\/visit.santcugat.cat\/wp-content\/uploads\/2020\/09\/logo.png","contentUrl":"https:\/\/visit.santcugat.cat\/wp-content\/uploads\/2020\/09\/logo.png","width":200,"height":44,"caption":"Visit Sant Cugat - Turisme de Sant Cugat - Barcelona"},"image":{"@id":"https:\/\/visit.santcugat.cat\/fr\/#\/schema\/logo\/image\/"},"sameAs":["https:\/\/www.facebook.com\/visitsantcugat\/","https:\/\/x.com\/ajsantcugat","https:\/\/www.instagram.com\/visitsantcugat\/","https:\/\/ca.wikipedia.org\/wiki\/Sant_Cugat_del_Vall\u00e8s"]}]}},"_links":{"self":[{"href":"https:\/\/visit.santcugat.cat\/es\/wp-json\/wp\/v2\/pages\/20483","targetHints":{"allow":["GET"]}}],"collection":[{"href":"https:\/\/visit.santcugat.cat\/es\/wp-json\/wp\/v2\/pages"}],"about":[{"href":"https:\/\/visit.santcugat.cat\/es\/wp-json\/wp\/v2\/types\/page"}],"author":[{"embeddable":true,"href":"https:\/\/visit.santcugat.cat\/es\/wp-json\/wp\/v2\/users\/2"}],"replies":[{"embeddable":true,"href":"https:\/\/visit.santcugat.cat\/es\/wp-json\/wp\/v2\/comments?post=20483"}],"version-history":[{"count":2,"href":"https:\/\/visit.santcugat.cat\/es\/wp-json\/wp\/v2\/pages\/20483\/revisions"}],"predecessor-version":[{"id":46031,"href":"https:\/\/visit.santcugat.cat\/es\/wp-json\/wp\/v2\/pages\/20483\/revisions\/46031"}],"wp:attachment":[{"href":"https:\/\/visit.santcugat.cat\/es\/wp-json\/wp\/v2\/media?parent=20483"}],"curies":[{"name":"wp","href":"https:\/\/api.w.org\/{rel}","templated":true}]}}