{"id":20479,"date":"2020-03-04T11:46:37","date_gmt":"2020-03-04T10:46:37","guid":{"rendered":"https:\/\/visit.santcugat.cat\/la-relajacion-de-la-regla-de-san-benito\/"},"modified":"2020-03-04T11:46:38","modified_gmt":"2020-03-04T10:46:38","slug":"la-relajacion-de-la-regla-de-san-benito","status":"publish","type":"page","link":"https:\/\/visit.santcugat.cat\/es\/la-relajacion-de-la-regla-de-san-benito\/","title":{"rendered":"La relajaci\u00f3n de la regla de San Benito"},"content":{"rendered":"<div class=\"fusion-fullwidth fullwidth-box fusion-builder-row-1 nonhundred-percent-fullwidth non-hundred-percent-height-scrolling fusion-equal-height-columns\" style=\"--awb-border-radius-top-left:0px;--awb-border-radius-top-right:0px;--awb-border-radius-bottom-right:0px;--awb-border-radius-bottom-left:0px;--awb-padding-top:30px;--awb-padding-bottom:30px;--awb-margin-top:0px;--awb-margin-bottom:0px;--awb-flex-wrap:wrap;\" ><div class=\"fusion-builder-row fusion-row\"><div class=\"fusion-layout-column fusion_builder_column fusion-builder-column-0 fusion_builder_column_1_1 1_1 fusion-one-full fusion-column-first fusion-column-last\" style=\"--awb-padding-top:20px;--awb-padding-right:40px;--awb-padding-bottom:20px;--awb-padding-left:40px;--awb-bg-color:#ffffff;--awb-bg-color-hover:#ffffff;--awb-bg-size:cover;--awb-margin-bottom:15px;\"><div class=\"fusion-column-wrapper fusion-flex-column-wrapper-legacy\"><div class=\"fusion-text fusion-text-1\"><p><img decoding=\"async\" class=\"alignleft wp-image-17727 size-full\" src=\"https:\/\/visit.santcugat.cat\/wp-content\/uploads\/2019\/02\/400_Espan\u0303a-pintoresca-1842.-Pi-i-Margall-absis.jpg\" alt=\"\" width=\"400\" height=\"256\" srcset=\"https:\/\/visit.santcugat.cat\/wp-content\/uploads\/2019\/02\/400_Espan\u0303a-pintoresca-1842.-Pi-i-Margall-absis-200x128.jpg 200w, https:\/\/visit.santcugat.cat\/wp-content\/uploads\/2019\/02\/400_Espan\u0303a-pintoresca-1842.-Pi-i-Margall-absis-300x192.jpg 300w, https:\/\/visit.santcugat.cat\/wp-content\/uploads\/2019\/02\/400_Espan\u0303a-pintoresca-1842.-Pi-i-Margall-absis.jpg 400w\" sizes=\"(max-width: 400px) 100vw, 400px\" \/><\/p>\n<p>En el siglo XIV se instituye claramente el alejamiento de la regla de san Benito, la abad\u00eda se convierte en fuente de rentas para premiar alianzas y el Monasterio acontece un reducto de la nobleza, la cual libra sus hijos \u201ccabalers\u201d (t\u00e9rmino de derecho tradicional catal\u00e1n, hijos no herederos que reciben una compensaci\u00f3n econ\u00f3mica como herencia) m\u00e1s que en la vida mon\u00e1stica a una pensi\u00f3n vitalicia.<\/p>\n<p>A comienzos de siglo, el papa Juan XXII impulsa una importante reestructuraci\u00f3n de la Iglesia con el objetivo de reordenar la curia romana y las finanzas papales. Entre otras disposiciones, se reserva la elecci\u00f3n y el nombramiento de los obispos y abades. La nueva normativa, lejos de los preceptos de san Benito, rompe siglos de independencia de las comunidades mon\u00e1sticas en el proceso de elecci\u00f3n de abad. La vinculaci\u00f3n a Roma sit\u00faa al papado en la m\u00e1s alta jerarqu\u00eda real de la Iglesia, a la vez que liga estrechamente el gobierno de las abad\u00edas a sus intereses generales. En el Monasterio esta disposici\u00f3n no se hace efectiva hasta el 1385, cuando el papa escoge al monje Bernat Terr\u00e9 como abad. Es el primero de los diez abades catalanes que gobiernan la abad\u00eda de Sant Cugat en nombre de Roma y no, como hasta entonces, en nombre de la comunidad.<\/p>\n<p>Desde el 1471 la dependencia de Roma se acent\u00faa todav\u00eda m\u00e1s. En el periodo 1471-1558 el papa otorga el cargo de abad en comenda, es decir, como un beneficio de renta. Hasta nueve abades comendatarios entre los cuales se encuentran cardenales y arzobispos italianos, que nunca llegar\u00edan a visitar el Monasterio, disfrutan de las rentas de la abad\u00eda y rigen la comunidad a trav\u00e9s de sus procuradores. Alfonso de Arag\u00f3n, abad de Sant Cugat entre los a\u00f1os 1508 y 1519, es el paradigma del cambio de orientaci\u00f3n que toma el monaquismo a finales de la edad mediana: ocupa sucesivamente o simult\u00e1neamente los cargos de arzobispo de Zaragoza, Monreale y Val\u00e8ncia, prior comendatario de Sant Pere de Casserres y Santa Mar\u00eda de Ridaura y abad comendatario de Sant Cugat, Sant Joan de les Abadesses y Veruela.<\/p>\n<p>En paralelo, el cumplimiento de la regla de san Benito se agrieta despacio en otros frentes de la vida comunitaria, un fen\u00f3meno no exclusivo de Sant Cugat, sino propio de los monasterios benedictinos. A mediados de siglo XIV, la comunidad, constituida por unos treinta y cinco monjes, rompe a menudo la clausura, descuida los oficios religiosos y se comporta de una manera m\u00e1s propia de los seglares que no de los hombres dedicados a la vida espiritual. Durante el abadiato de Galceran de Llobet (1306-1339) se lleva a cabo la anulaci\u00f3n de la ceremonia de desapropiaci\u00f3n \u2013momento en que los monjes dan al Monasterio los sobrantes de las rentas que administran\u2013 y, por lo tanto, se acepta por primera vez el enriquecimiento personal de los monjes. A la vez, se limita el n\u00famero de monjes, una medida que durante la abadiato de Pere Despuig (1539-1558) se concreta en la exigencia a los aspirantes de la posesi\u00f3n de cuatro grados de nobleza. Pronto tambi\u00e9n los monjes que se ocupan de la administraci\u00f3n de rentas (pabordes, priores, camareros, limosneros&#8230;) abandonan el dormitorio comunitario y el refectorio y se establecen en casas individuales \u2013a tocar de la muralla norte\u2013, donde son atendidos por su propio servicio.<\/p>\n<\/div><div class=\"fusion-clearfix\"><\/div><\/div><\/div><\/div><\/div>\n","protected":false},"excerpt":{"rendered":"","protected":false},"author":2,"featured_media":0,"parent":0,"menu_order":0,"comment_status":"closed","ping_status":"closed","template":"","meta":{"_joinchat":[],"footnotes":""},"class_list":["post-20479","page","type-page","status-publish","hentry"],"yoast_head":"<!-- This site is optimized with the Yoast SEO plugin v27.3 - https:\/\/yoast.com\/product\/yoast-seo-wordpress\/ -->\n<title>La relajaci\u00f3n de la regla de San Benito | Visit Sant Cugat<\/title>\n<meta name=\"robots\" content=\"index, follow, max-snippet:-1, max-image-preview:large, max-video-preview:-1\" \/>\n<link rel=\"canonical\" href=\"https:\/\/visit.santcugat.cat\/es\/la-relajacion-de-la-regla-de-san-benito\/\" \/>\n<meta property=\"og:locale\" content=\"es_ES\" \/>\n<meta property=\"og:type\" content=\"article\" \/>\n<meta property=\"og:title\" content=\"La relajaci\u00f3n de la regla de San Benito | Visit Sant Cugat\" \/>\n<meta property=\"og:url\" content=\"https:\/\/visit.santcugat.cat\/es\/la-relajacion-de-la-regla-de-san-benito\/\" \/>\n<meta property=\"og:site_name\" content=\"Visit Sant Cugat\" \/>\n<meta property=\"article:publisher\" content=\"https:\/\/www.facebook.com\/visitsantcugat\/\" \/>\n<meta property=\"article:modified_time\" content=\"2020-03-04T10:46:38+00:00\" \/>\n<meta property=\"og:image\" content=\"https:\/\/visit.santcugat.cat\/wp-content\/uploads\/2023\/03\/CLAUSTRE-MONASTERIO-DE-SANT-CUGAT_resultado.webp\" \/>\n\t<meta property=\"og:image:width\" content=\"984\" \/>\n\t<meta property=\"og:image:height\" content=\"502\" \/>\n\t<meta property=\"og:image:type\" content=\"image\/webp\" \/>\n<meta name=\"twitter:card\" content=\"summary_large_image\" \/>\n<meta name=\"twitter:site\" content=\"@ajsantcugat\" \/>\n<meta name=\"twitter:label1\" content=\"Tiempo de lectura\" \/>\n\t<meta name=\"twitter:data1\" content=\"4 minutos\" \/>\n<script type=\"application\/ld+json\" class=\"yoast-schema-graph\">{\"@context\":\"https:\\\/\\\/schema.org\",\"@graph\":[{\"@type\":\"WebPage\",\"@id\":\"https:\\\/\\\/visit.santcugat.cat\\\/es\\\/la-relajacion-de-la-regla-de-san-benito\\\/\",\"url\":\"https:\\\/\\\/visit.santcugat.cat\\\/es\\\/la-relajacion-de-la-regla-de-san-benito\\\/\",\"name\":\"La relajaci\u00f3n de la regla de San Benito | Visit Sant Cugat\",\"isPartOf\":{\"@id\":\"https:\\\/\\\/visit.santcugat.cat\\\/fr\\\/#website\"},\"datePublished\":\"2020-03-04T10:46:37+00:00\",\"dateModified\":\"2020-03-04T10:46:38+00:00\",\"breadcrumb\":{\"@id\":\"https:\\\/\\\/visit.santcugat.cat\\\/es\\\/la-relajacion-de-la-regla-de-san-benito\\\/#breadcrumb\"},\"inLanguage\":\"es\",\"potentialAction\":[{\"@type\":\"ReadAction\",\"target\":[\"https:\\\/\\\/visit.santcugat.cat\\\/es\\\/la-relajacion-de-la-regla-de-san-benito\\\/\"]}]},{\"@type\":\"BreadcrumbList\",\"@id\":\"https:\\\/\\\/visit.santcugat.cat\\\/es\\\/la-relajacion-de-la-regla-de-san-benito\\\/#breadcrumb\",\"itemListElement\":[{\"@type\":\"ListItem\",\"position\":1,\"name\":\"Inici\",\"item\":\"https:\\\/\\\/visit.santcugat.cat\\\/es\\\/\"},{\"@type\":\"ListItem\",\"position\":2,\"name\":\"La relajaci\u00f3n de la regla de San Benito\"}]},{\"@type\":\"WebSite\",\"@id\":\"https:\\\/\\\/visit.santcugat.cat\\\/fr\\\/#website\",\"url\":\"https:\\\/\\\/visit.santcugat.cat\\\/fr\\\/\",\"name\":\"Visit Sant Cugat\",\"description\":\"Turisme de Sant Cugat\",\"publisher\":{\"@id\":\"https:\\\/\\\/visit.santcugat.cat\\\/fr\\\/#organization\"},\"potentialAction\":[{\"@type\":\"SearchAction\",\"target\":{\"@type\":\"EntryPoint\",\"urlTemplate\":\"https:\\\/\\\/visit.santcugat.cat\\\/fr\\\/?s={search_term_string}\"},\"query-input\":{\"@type\":\"PropertyValueSpecification\",\"valueRequired\":true,\"valueName\":\"search_term_string\"}}],\"inLanguage\":\"es\"},{\"@type\":\"Organization\",\"@id\":\"https:\\\/\\\/visit.santcugat.cat\\\/fr\\\/#organization\",\"name\":\"Visit Sant Cugat - Turisme de Sant Cugat - Barcelona\",\"url\":\"https:\\\/\\\/visit.santcugat.cat\\\/fr\\\/\",\"logo\":{\"@type\":\"ImageObject\",\"inLanguage\":\"es\",\"@id\":\"https:\\\/\\\/visit.santcugat.cat\\\/fr\\\/#\\\/schema\\\/logo\\\/image\\\/\",\"url\":\"https:\\\/\\\/visit.santcugat.cat\\\/wp-content\\\/uploads\\\/2020\\\/09\\\/logo.png\",\"contentUrl\":\"https:\\\/\\\/visit.santcugat.cat\\\/wp-content\\\/uploads\\\/2020\\\/09\\\/logo.png\",\"width\":200,\"height\":44,\"caption\":\"Visit Sant Cugat - Turisme de Sant Cugat - Barcelona\"},\"image\":{\"@id\":\"https:\\\/\\\/visit.santcugat.cat\\\/fr\\\/#\\\/schema\\\/logo\\\/image\\\/\"},\"sameAs\":[\"https:\\\/\\\/www.facebook.com\\\/visitsantcugat\\\/\",\"https:\\\/\\\/x.com\\\/ajsantcugat\",\"https:\\\/\\\/www.instagram.com\\\/visitsantcugat\\\/\",\"https:\\\/\\\/ca.wikipedia.org\\\/wiki\\\/Sant_Cugat_del_Vall\u00e8s\"]}]}<\/script>\n<!-- \/ Yoast SEO plugin. -->","yoast_head_json":{"title":"La relajaci\u00f3n de la regla de San Benito | Visit Sant Cugat","robots":{"index":"index","follow":"follow","max-snippet":"max-snippet:-1","max-image-preview":"max-image-preview:large","max-video-preview":"max-video-preview:-1"},"canonical":"https:\/\/visit.santcugat.cat\/es\/la-relajacion-de-la-regla-de-san-benito\/","og_locale":"es_ES","og_type":"article","og_title":"La relajaci\u00f3n de la regla de San Benito | Visit Sant Cugat","og_url":"https:\/\/visit.santcugat.cat\/es\/la-relajacion-de-la-regla-de-san-benito\/","og_site_name":"Visit Sant Cugat","article_publisher":"https:\/\/www.facebook.com\/visitsantcugat\/","article_modified_time":"2020-03-04T10:46:38+00:00","og_image":[{"width":984,"height":502,"url":"https:\/\/visit.santcugat.cat\/wp-content\/uploads\/2023\/03\/CLAUSTRE-MONASTERIO-DE-SANT-CUGAT_resultado.webp","type":"image\/webp"}],"twitter_card":"summary_large_image","twitter_site":"@ajsantcugat","twitter_misc":{"Tiempo de lectura":"4 minutos"},"schema":{"@context":"https:\/\/schema.org","@graph":[{"@type":"WebPage","@id":"https:\/\/visit.santcugat.cat\/es\/la-relajacion-de-la-regla-de-san-benito\/","url":"https:\/\/visit.santcugat.cat\/es\/la-relajacion-de-la-regla-de-san-benito\/","name":"La relajaci\u00f3n de la regla de San Benito | Visit Sant Cugat","isPartOf":{"@id":"https:\/\/visit.santcugat.cat\/fr\/#website"},"datePublished":"2020-03-04T10:46:37+00:00","dateModified":"2020-03-04T10:46:38+00:00","breadcrumb":{"@id":"https:\/\/visit.santcugat.cat\/es\/la-relajacion-de-la-regla-de-san-benito\/#breadcrumb"},"inLanguage":"es","potentialAction":[{"@type":"ReadAction","target":["https:\/\/visit.santcugat.cat\/es\/la-relajacion-de-la-regla-de-san-benito\/"]}]},{"@type":"BreadcrumbList","@id":"https:\/\/visit.santcugat.cat\/es\/la-relajacion-de-la-regla-de-san-benito\/#breadcrumb","itemListElement":[{"@type":"ListItem","position":1,"name":"Inici","item":"https:\/\/visit.santcugat.cat\/es\/"},{"@type":"ListItem","position":2,"name":"La relajaci\u00f3n de la regla de San Benito"}]},{"@type":"WebSite","@id":"https:\/\/visit.santcugat.cat\/fr\/#website","url":"https:\/\/visit.santcugat.cat\/fr\/","name":"Visit Sant Cugat","description":"Turisme de Sant Cugat","publisher":{"@id":"https:\/\/visit.santcugat.cat\/fr\/#organization"},"potentialAction":[{"@type":"SearchAction","target":{"@type":"EntryPoint","urlTemplate":"https:\/\/visit.santcugat.cat\/fr\/?s={search_term_string}"},"query-input":{"@type":"PropertyValueSpecification","valueRequired":true,"valueName":"search_term_string"}}],"inLanguage":"es"},{"@type":"Organization","@id":"https:\/\/visit.santcugat.cat\/fr\/#organization","name":"Visit Sant Cugat - Turisme de Sant Cugat - Barcelona","url":"https:\/\/visit.santcugat.cat\/fr\/","logo":{"@type":"ImageObject","inLanguage":"es","@id":"https:\/\/visit.santcugat.cat\/fr\/#\/schema\/logo\/image\/","url":"https:\/\/visit.santcugat.cat\/wp-content\/uploads\/2020\/09\/logo.png","contentUrl":"https:\/\/visit.santcugat.cat\/wp-content\/uploads\/2020\/09\/logo.png","width":200,"height":44,"caption":"Visit Sant Cugat - Turisme de Sant Cugat - Barcelona"},"image":{"@id":"https:\/\/visit.santcugat.cat\/fr\/#\/schema\/logo\/image\/"},"sameAs":["https:\/\/www.facebook.com\/visitsantcugat\/","https:\/\/x.com\/ajsantcugat","https:\/\/www.instagram.com\/visitsantcugat\/","https:\/\/ca.wikipedia.org\/wiki\/Sant_Cugat_del_Vall\u00e8s"]}]}},"_links":{"self":[{"href":"https:\/\/visit.santcugat.cat\/es\/wp-json\/wp\/v2\/pages\/20479","targetHints":{"allow":["GET"]}}],"collection":[{"href":"https:\/\/visit.santcugat.cat\/es\/wp-json\/wp\/v2\/pages"}],"about":[{"href":"https:\/\/visit.santcugat.cat\/es\/wp-json\/wp\/v2\/types\/page"}],"author":[{"embeddable":true,"href":"https:\/\/visit.santcugat.cat\/es\/wp-json\/wp\/v2\/users\/2"}],"replies":[{"embeddable":true,"href":"https:\/\/visit.santcugat.cat\/es\/wp-json\/wp\/v2\/comments?post=20479"}],"version-history":[{"count":1,"href":"https:\/\/visit.santcugat.cat\/es\/wp-json\/wp\/v2\/pages\/20479\/revisions"}],"predecessor-version":[{"id":20480,"href":"https:\/\/visit.santcugat.cat\/es\/wp-json\/wp\/v2\/pages\/20479\/revisions\/20480"}],"wp:attachment":[{"href":"https:\/\/visit.santcugat.cat\/es\/wp-json\/wp\/v2\/media?parent=20479"}],"curies":[{"name":"wp","href":"https:\/\/api.w.org\/{rel}","templated":true}]}}