{"id":20477,"date":"2020-03-04T11:44:03","date_gmt":"2020-03-04T10:44:03","guid":{"rendered":"https:\/\/visit.santcugat.cat\/el-asesinato-del-abad-biure\/"},"modified":"2024-12-28T20:05:33","modified_gmt":"2024-12-28T19:05:33","slug":"el-asesinato-del-abad-biure","status":"publish","type":"page","link":"https:\/\/visit.santcugat.cat\/es\/el-asesinato-del-abad-biure\/","title":{"rendered":"El asesinato del abad Biure"},"content":{"rendered":"<div class=\"fusion-fullwidth fullwidth-box fusion-builder-row-1 nonhundred-percent-fullwidth non-hundred-percent-height-scrolling fusion-equal-height-columns\" style=\"--awb-border-radius-top-left:0px;--awb-border-radius-top-right:0px;--awb-border-radius-bottom-right:0px;--awb-border-radius-bottom-left:0px;--awb-padding-top:30px;--awb-padding-bottom:30px;--awb-margin-top:0px;--awb-margin-bottom:0px;--awb-flex-wrap:wrap;\" ><div class=\"fusion-builder-row fusion-row\"><div class=\"fusion-layout-column fusion_builder_column fusion-builder-column-0 fusion_builder_column_1_1 1_1 fusion-one-full fusion-column-first fusion-column-last\" style=\"--awb-padding-top:20px;--awb-padding-right:40px;--awb-padding-bottom:20px;--awb-padding-left:40px;--awb-bg-color:#ffffff;--awb-bg-color-hover:#ffffff;--awb-bg-size:cover;--awb-margin-bottom:15px;\"><div class=\"fusion-column-wrapper fusion-flex-column-wrapper-legacy\"><div class=\"fusion-text fusion-text-1\"><p><img decoding=\"async\" class=\"wp-image-17719 size-full alignleft\" src=\"https:\/\/visit.santcugat.cat\/wp-content\/uploads\/2019\/02\/400_assassinatabatBiure_fotoMuseuDiocesa\u0300Bcn_alba-i-capa-abat-Biure-1.jpg\" alt=\"\" width=\"400\" height=\"257\" srcset=\"https:\/\/visit.santcugat.cat\/wp-content\/uploads\/2019\/02\/400_assassinatabatBiure_fotoMuseuDiocesa\u0300Bcn_alba-i-capa-abat-Biure-1-200x129.jpg 200w, https:\/\/visit.santcugat.cat\/wp-content\/uploads\/2019\/02\/400_assassinatabatBiure_fotoMuseuDiocesa\u0300Bcn_alba-i-capa-abat-Biure-1-300x193.jpg 300w, https:\/\/visit.santcugat.cat\/wp-content\/uploads\/2019\/02\/400_assassinatabatBiure_fotoMuseuDiocesa\u0300Bcn_alba-i-capa-abat-Biure-1.jpg 400w\" sizes=\"(max-width: 400px) 100vw, 400px\" \/><\/p>\n<p>La Navidad en el Monasterio de Sant Cugat est\u00e1 marcada en el imaginario colectivo por el asesinato del abad Biure en 1350. Aquel a\u00f1o el noble Berenguer de Saltells, a causa de una disputa testamentaria, asesin\u00f3 al abad de Sant Cugat, dentro de la iglesia la misma noche de Navidad, causando as\u00ed un gran impacto en la comunidad mon\u00e1stica, y tambi\u00e9n en la sociedad de aquella \u00e9poca.<\/p>\n<p>Los Saltells forman una familia de la baja nobleza con base en el mas (mas\u00eda o cortijo) Saltells, en Cerdanyola, y tienen unos v\u00ednculos muy estrechos con el Monasterio. Ram\u00f3n de Saltells, el padre de Berenguer, al morir el 1348 deja sus bienes al Monasterio, con una reserva de 10.000 sueldos para su hijo, que en aquel momento est\u00e1 ausente. La memoria mon\u00e1stica explica esta ausencia atribuyendo a Berenguer una vida disoluta, pero el cierto es que no se conoce el motivo y se ha considerado la posibilidad que estuviera en campa\u00f1a con el ej\u00e9rcito del rey. Sea como fuere, Berenguer volvi\u00f3 un a\u00f1o m\u00e1s tarde y reclam\u00f3 su parte de la herencia. A pesar de las desavenencias con el abad Ram\u00f3n de Biure, acuerdan finalmente una cantidad y un plazo que el abad incumple. Seg\u00fan el relato recogido en las Constituciones de Catalu\u00f1a, la noche de Navidad del 1350 Berenguer de Saltells y sus compa\u00f1eros, miembros de la \u00e9lite vallesana y ayudantes suyos, irrumpieron en el coro de la iglesia durante el oficio de maitines con barbas postizas y las espadas desenvainadas. Finalmente, matan al abad y despu\u00e9s huyen por siempre jam\u00e1s y dejando, detr\u00e1s suyo, toda una leyenda.<\/p>\n<p>Este episodio no modifica el rumbo de la historia del Monasterio, pero deja impronta en su \u00e9poca. El crimen caus\u00f3 conmoci\u00f3n por la relevancia de los implicados y la fecha escogida, y se erige, as\u00ed, en un aviso de la nobleza contra el poder creciente y abusivo de la Iglesia, acaparadora de bienes y riquezas. Las cortes de Perpi\u00f1\u00e1n tratan el caso dos meses despu\u00e9s e imponen penas a los asesinos, pero a la vez legislan sobre herencias para limitar la p\u00e9rdida del patrimonio familiar a causa de las donaciones piadosas a la Iglesia.<\/p>\n<p>Con el tiempo se va construyendo una leyenda en torno a los personajes y lugares implicados, y se ha mantenido la memoria hasta la actualidad. Hoy todav\u00eda se conserva en la iglesia la urna que supuestamente contiene los despojos del abad i en el Museo Diocesano de Barcelona, el alba que vest\u00eda la noche de Navidad, manchada de sangre. La capa, m\u00e1s lujosa, est\u00e1 troceada y repartida por diferentes museos de todo el mundo. Desde el a\u00f1o 2000, se revive cada a\u00f1o el episodio con la obra musicada Piedra y sangre.<\/p>\n<\/div><div class=\"fusion-clearfix\"><\/div><\/div><\/div><\/div><\/div>\n","protected":false},"excerpt":{"rendered":"","protected":false},"author":2,"featured_media":0,"parent":0,"menu_order":0,"comment_status":"closed","ping_status":"closed","template":"","meta":{"_joinchat":[],"footnotes":""},"class_list":["post-20477","page","type-page","status-publish","hentry"],"yoast_head":"<!-- This site is optimized with the Yoast SEO plugin v27.3 - https:\/\/yoast.com\/product\/yoast-seo-wordpress\/ -->\n<title>Abada Biure<\/title>\n<meta name=\"robots\" content=\"index, follow, max-snippet:-1, max-image-preview:large, max-video-preview:-1\" \/>\n<link rel=\"canonical\" href=\"https:\/\/visit.santcugat.cat\/es\/el-asesinato-del-abad-biure\/\" \/>\n<meta property=\"og:locale\" content=\"es_ES\" \/>\n<meta property=\"og:type\" content=\"article\" \/>\n<meta property=\"og:title\" content=\"Abada Biure\" \/>\n<meta property=\"og:url\" content=\"https:\/\/visit.santcugat.cat\/es\/el-asesinato-del-abad-biure\/\" \/>\n<meta property=\"og:site_name\" content=\"Visit Sant Cugat\" \/>\n<meta property=\"article:publisher\" content=\"https:\/\/www.facebook.com\/visitsantcugat\/\" \/>\n<meta property=\"article:modified_time\" content=\"2024-12-28T19:05:33+00:00\" \/>\n<meta property=\"og:image\" content=\"https:\/\/visit.santcugat.cat\/wp-content\/uploads\/2023\/03\/CLAUSTRE-MONASTERIO-DE-SANT-CUGAT_resultado.webp\" \/>\n\t<meta property=\"og:image:width\" content=\"984\" \/>\n\t<meta property=\"og:image:height\" content=\"502\" \/>\n\t<meta property=\"og:image:type\" content=\"image\/webp\" \/>\n<meta name=\"twitter:card\" content=\"summary_large_image\" \/>\n<meta name=\"twitter:site\" content=\"@ajsantcugat\" \/>\n<meta name=\"twitter:label1\" content=\"Tiempo de lectura\" \/>\n\t<meta name=\"twitter:data1\" content=\"3 minutos\" \/>\n<script type=\"application\/ld+json\" class=\"yoast-schema-graph\">{\"@context\":\"https:\\\/\\\/schema.org\",\"@graph\":[{\"@type\":\"WebPage\",\"@id\":\"https:\\\/\\\/visit.santcugat.cat\\\/es\\\/el-asesinato-del-abad-biure\\\/\",\"url\":\"https:\\\/\\\/visit.santcugat.cat\\\/es\\\/el-asesinato-del-abad-biure\\\/\",\"name\":\"Abada Biure\",\"isPartOf\":{\"@id\":\"https:\\\/\\\/visit.santcugat.cat\\\/fr\\\/#website\"},\"datePublished\":\"2020-03-04T10:44:03+00:00\",\"dateModified\":\"2024-12-28T19:05:33+00:00\",\"breadcrumb\":{\"@id\":\"https:\\\/\\\/visit.santcugat.cat\\\/es\\\/el-asesinato-del-abad-biure\\\/#breadcrumb\"},\"inLanguage\":\"es\",\"potentialAction\":[{\"@type\":\"ReadAction\",\"target\":[\"https:\\\/\\\/visit.santcugat.cat\\\/es\\\/el-asesinato-del-abad-biure\\\/\"]}]},{\"@type\":\"BreadcrumbList\",\"@id\":\"https:\\\/\\\/visit.santcugat.cat\\\/es\\\/el-asesinato-del-abad-biure\\\/#breadcrumb\",\"itemListElement\":[{\"@type\":\"ListItem\",\"position\":1,\"name\":\"Inici\",\"item\":\"https:\\\/\\\/visit.santcugat.cat\\\/es\\\/\"},{\"@type\":\"ListItem\",\"position\":2,\"name\":\"El asesinato del abad Biure\"}]},{\"@type\":\"WebSite\",\"@id\":\"https:\\\/\\\/visit.santcugat.cat\\\/fr\\\/#website\",\"url\":\"https:\\\/\\\/visit.santcugat.cat\\\/fr\\\/\",\"name\":\"Visit Sant Cugat\",\"description\":\"Turisme de Sant Cugat\",\"publisher\":{\"@id\":\"https:\\\/\\\/visit.santcugat.cat\\\/fr\\\/#organization\"},\"potentialAction\":[{\"@type\":\"SearchAction\",\"target\":{\"@type\":\"EntryPoint\",\"urlTemplate\":\"https:\\\/\\\/visit.santcugat.cat\\\/fr\\\/?s={search_term_string}\"},\"query-input\":{\"@type\":\"PropertyValueSpecification\",\"valueRequired\":true,\"valueName\":\"search_term_string\"}}],\"inLanguage\":\"es\"},{\"@type\":\"Organization\",\"@id\":\"https:\\\/\\\/visit.santcugat.cat\\\/fr\\\/#organization\",\"name\":\"Visit Sant Cugat - Turisme de Sant Cugat - Barcelona\",\"url\":\"https:\\\/\\\/visit.santcugat.cat\\\/fr\\\/\",\"logo\":{\"@type\":\"ImageObject\",\"inLanguage\":\"es\",\"@id\":\"https:\\\/\\\/visit.santcugat.cat\\\/fr\\\/#\\\/schema\\\/logo\\\/image\\\/\",\"url\":\"https:\\\/\\\/visit.santcugat.cat\\\/wp-content\\\/uploads\\\/2020\\\/09\\\/logo.png\",\"contentUrl\":\"https:\\\/\\\/visit.santcugat.cat\\\/wp-content\\\/uploads\\\/2020\\\/09\\\/logo.png\",\"width\":200,\"height\":44,\"caption\":\"Visit Sant Cugat - Turisme de Sant Cugat - Barcelona\"},\"image\":{\"@id\":\"https:\\\/\\\/visit.santcugat.cat\\\/fr\\\/#\\\/schema\\\/logo\\\/image\\\/\"},\"sameAs\":[\"https:\\\/\\\/www.facebook.com\\\/visitsantcugat\\\/\",\"https:\\\/\\\/x.com\\\/ajsantcugat\",\"https:\\\/\\\/www.instagram.com\\\/visitsantcugat\\\/\",\"https:\\\/\\\/ca.wikipedia.org\\\/wiki\\\/Sant_Cugat_del_Vall\u00e8s\"]}]}<\/script>\n<!-- \/ Yoast SEO plugin. -->","yoast_head_json":{"title":"Abada Biure","robots":{"index":"index","follow":"follow","max-snippet":"max-snippet:-1","max-image-preview":"max-image-preview:large","max-video-preview":"max-video-preview:-1"},"canonical":"https:\/\/visit.santcugat.cat\/es\/el-asesinato-del-abad-biure\/","og_locale":"es_ES","og_type":"article","og_title":"Abada Biure","og_url":"https:\/\/visit.santcugat.cat\/es\/el-asesinato-del-abad-biure\/","og_site_name":"Visit Sant Cugat","article_publisher":"https:\/\/www.facebook.com\/visitsantcugat\/","article_modified_time":"2024-12-28T19:05:33+00:00","og_image":[{"width":984,"height":502,"url":"https:\/\/visit.santcugat.cat\/wp-content\/uploads\/2023\/03\/CLAUSTRE-MONASTERIO-DE-SANT-CUGAT_resultado.webp","type":"image\/webp"}],"twitter_card":"summary_large_image","twitter_site":"@ajsantcugat","twitter_misc":{"Tiempo de lectura":"3 minutos"},"schema":{"@context":"https:\/\/schema.org","@graph":[{"@type":"WebPage","@id":"https:\/\/visit.santcugat.cat\/es\/el-asesinato-del-abad-biure\/","url":"https:\/\/visit.santcugat.cat\/es\/el-asesinato-del-abad-biure\/","name":"Abada Biure","isPartOf":{"@id":"https:\/\/visit.santcugat.cat\/fr\/#website"},"datePublished":"2020-03-04T10:44:03+00:00","dateModified":"2024-12-28T19:05:33+00:00","breadcrumb":{"@id":"https:\/\/visit.santcugat.cat\/es\/el-asesinato-del-abad-biure\/#breadcrumb"},"inLanguage":"es","potentialAction":[{"@type":"ReadAction","target":["https:\/\/visit.santcugat.cat\/es\/el-asesinato-del-abad-biure\/"]}]},{"@type":"BreadcrumbList","@id":"https:\/\/visit.santcugat.cat\/es\/el-asesinato-del-abad-biure\/#breadcrumb","itemListElement":[{"@type":"ListItem","position":1,"name":"Inici","item":"https:\/\/visit.santcugat.cat\/es\/"},{"@type":"ListItem","position":2,"name":"El asesinato del abad Biure"}]},{"@type":"WebSite","@id":"https:\/\/visit.santcugat.cat\/fr\/#website","url":"https:\/\/visit.santcugat.cat\/fr\/","name":"Visit Sant Cugat","description":"Turisme de Sant Cugat","publisher":{"@id":"https:\/\/visit.santcugat.cat\/fr\/#organization"},"potentialAction":[{"@type":"SearchAction","target":{"@type":"EntryPoint","urlTemplate":"https:\/\/visit.santcugat.cat\/fr\/?s={search_term_string}"},"query-input":{"@type":"PropertyValueSpecification","valueRequired":true,"valueName":"search_term_string"}}],"inLanguage":"es"},{"@type":"Organization","@id":"https:\/\/visit.santcugat.cat\/fr\/#organization","name":"Visit Sant Cugat - Turisme de Sant Cugat - Barcelona","url":"https:\/\/visit.santcugat.cat\/fr\/","logo":{"@type":"ImageObject","inLanguage":"es","@id":"https:\/\/visit.santcugat.cat\/fr\/#\/schema\/logo\/image\/","url":"https:\/\/visit.santcugat.cat\/wp-content\/uploads\/2020\/09\/logo.png","contentUrl":"https:\/\/visit.santcugat.cat\/wp-content\/uploads\/2020\/09\/logo.png","width":200,"height":44,"caption":"Visit Sant Cugat - Turisme de Sant Cugat - Barcelona"},"image":{"@id":"https:\/\/visit.santcugat.cat\/fr\/#\/schema\/logo\/image\/"},"sameAs":["https:\/\/www.facebook.com\/visitsantcugat\/","https:\/\/x.com\/ajsantcugat","https:\/\/www.instagram.com\/visitsantcugat\/","https:\/\/ca.wikipedia.org\/wiki\/Sant_Cugat_del_Vall\u00e8s"]}]}},"_links":{"self":[{"href":"https:\/\/visit.santcugat.cat\/es\/wp-json\/wp\/v2\/pages\/20477","targetHints":{"allow":["GET"]}}],"collection":[{"href":"https:\/\/visit.santcugat.cat\/es\/wp-json\/wp\/v2\/pages"}],"about":[{"href":"https:\/\/visit.santcugat.cat\/es\/wp-json\/wp\/v2\/types\/page"}],"author":[{"embeddable":true,"href":"https:\/\/visit.santcugat.cat\/es\/wp-json\/wp\/v2\/users\/2"}],"replies":[{"embeddable":true,"href":"https:\/\/visit.santcugat.cat\/es\/wp-json\/wp\/v2\/comments?post=20477"}],"version-history":[{"count":2,"href":"https:\/\/visit.santcugat.cat\/es\/wp-json\/wp\/v2\/pages\/20477\/revisions"}],"predecessor-version":[{"id":42284,"href":"https:\/\/visit.santcugat.cat\/es\/wp-json\/wp\/v2\/pages\/20477\/revisions\/42284"}],"wp:attachment":[{"href":"https:\/\/visit.santcugat.cat\/es\/wp-json\/wp\/v2\/media?parent=20477"}],"curies":[{"name":"wp","href":"https:\/\/api.w.org\/{rel}","templated":true}]}}