{"id":20474,"date":"2020-03-04T11:39:45","date_gmt":"2020-03-04T10:39:45","guid":{"rendered":"https:\/\/visit.santcugat.cat\/sujecion-al-obispado-de-barcelona\/"},"modified":"2020-03-04T11:39:46","modified_gmt":"2020-03-04T10:39:46","slug":"sujecion-al-obispado-de-barcelona","status":"publish","type":"page","link":"https:\/\/visit.santcugat.cat\/es\/sujecion-al-obispado-de-barcelona\/","title":{"rendered":"Sujeci\u00f3n al obispado de Barcelona"},"content":{"rendered":"<div class=\"fusion-fullwidth fullwidth-box fusion-builder-row-1 nonhundred-percent-fullwidth non-hundred-percent-height-scrolling fusion-equal-height-columns\" style=\"--awb-border-radius-top-left:0px;--awb-border-radius-top-right:0px;--awb-border-radius-bottom-right:0px;--awb-border-radius-bottom-left:0px;--awb-padding-top:30px;--awb-padding-bottom:30px;--awb-margin-top:0px;--awb-margin-bottom:0px;--awb-flex-wrap:wrap;\" ><div class=\"fusion-builder-row fusion-row\"><div class=\"fusion-layout-column fusion_builder_column fusion-builder-column-0 fusion_builder_column_1_1 1_1 fusion-one-full fusion-column-first fusion-column-last\" style=\"--awb-padding-top:20px;--awb-padding-right:40px;--awb-padding-bottom:20px;--awb-padding-left:40px;--awb-bg-color:#ffffff;--awb-bg-color-hover:#ffffff;--awb-bg-size:cover;--awb-margin-bottom:15px;\"><div class=\"fusion-column-wrapper fusion-flex-column-wrapper-legacy\"><div class=\"fusion-text fusion-text-1\"><p>Las relaciones del Monasterio con el obispado de Barcelona est\u00e1n llenas de contradicciones y momentos de abierta crisis, a pesar de los estrechos v\u00ednculos iniciales. Sant Cugat ha acontecido un monasterio rico en tierras y tambi\u00e9n en iglesias, ha entrado en competencia con la sede episcopal y act\u00faa casi como una segunda di\u00f3cesis. El a\u00f1o 1002 la bula de Silvestre II consigna la propiedad de una veintena de iglesias, un n\u00famero que a finales de siglo se duplica \u2013bula de Urbano II (1098)\u2013. A principios del siglo XII, Sant Cugat ya es, con diferencia, el mayor propietario de iglesias de la di\u00f3cesis de Barcelona \u2013ostenta la titularidad de una cincuentena de edificios\u2013, solo superado por el mismo obispado. Los privilegios de inmunidad y exenci\u00f3n otorgados por Roma, los cuales desvinculan a la abad\u00eda de la jurisdicci\u00f3n episcopal, han convertido, de hecho, a los abades de Sant Cugat en los responsables \u00fanicos de la gesti\u00f3n y de la administraci\u00f3n de sus iglesias, con lo cual se reducen las atribuciones pastorales y econ\u00f3micas de los obispos de Barcelona. As\u00ed, derechos como la percepci\u00f3n del diezmo y la primicia o la elecci\u00f3n de los sacerdotes, tradicionalmente ligados con los jefes de la di\u00f3cesis, se encuentran en manos de la abad\u00eda. La creaci\u00f3n de la congregaci\u00f3n de monasterios de Sant Cugat agrava todav\u00eda m\u00e1s este hecho. A pesar de los intentos de los obispos de Barcelona por someter el Monasterio a su jurisdicci\u00f3n, la sujeci\u00f3n directa a Roma y la convinen\u00e7a de los condes de Barcelona \u2013particularmente interesados en contrarrestar el poder de la sede episcopal\u2013 hacen que la abad\u00eda mantenga el control eclesi\u00e1stico en sus dominios hasta comienzos del siglo XIII. Momento en el cual, el obispado inicia una larga disputa para volver a sujetar el Monasterio.<\/p>\n<p>Durante una primera fase, el Monasterio se somete al obispado. El 1211 el abad Berenguer de Santa Oliva jura obediencia al obispo de Barcelona a la galilea, ante las puertas de la iglesia del Monasterio, y unos d\u00edas m\u00e1s tarde repite la ceremonia en el Claustro de la catedral. Su sucesor, Ram\u00f3n de Ba\u00f1eras, firma una concordia con el obispo para mantener el Monasterio bajo su obediencia, y Arnau de Palou repite el juramento. Pero una parte de la comunidad mon\u00e1stica no ve con buenos ojos este sometimiento y lleva el asunto a Roma. El nuevo abad, Pere de Amenys, en esta l\u00ednea, intenta liberarse del obispado y apela tambi\u00e9n al papa. Pero finalmente la sentencia es favorable al obispado y en 1251 devuelven a su jurisdicci\u00f3n todas las iglesias que dependen del Monasterio, excepto la iglesia abacial y San Pedro de Octaviano.<\/p>\n<\/div><div class=\"fusion-clearfix\"><\/div><\/div><\/div><\/div><\/div>\n","protected":false},"excerpt":{"rendered":"","protected":false},"author":2,"featured_media":0,"parent":0,"menu_order":0,"comment_status":"closed","ping_status":"closed","template":"","meta":{"_joinchat":[],"footnotes":""},"class_list":["post-20474","page","type-page","status-publish","hentry"],"yoast_head":"<!-- This site is optimized with the Yoast SEO plugin v27.3 - https:\/\/yoast.com\/product\/yoast-seo-wordpress\/ -->\n<title>Sujeci\u00f3n al obispado de Barcelona | Visit Sant Cugat<\/title>\n<meta name=\"robots\" content=\"index, follow, max-snippet:-1, max-image-preview:large, max-video-preview:-1\" \/>\n<link rel=\"canonical\" href=\"https:\/\/visit.santcugat.cat\/es\/sujecion-al-obispado-de-barcelona\/\" \/>\n<meta property=\"og:locale\" content=\"es_ES\" \/>\n<meta property=\"og:type\" content=\"article\" \/>\n<meta property=\"og:title\" content=\"Sujeci\u00f3n al obispado de Barcelona | Visit Sant Cugat\" \/>\n<meta property=\"og:url\" content=\"https:\/\/visit.santcugat.cat\/es\/sujecion-al-obispado-de-barcelona\/\" \/>\n<meta property=\"og:site_name\" content=\"Visit Sant Cugat\" \/>\n<meta property=\"article:publisher\" content=\"https:\/\/www.facebook.com\/visitsantcugat\/\" \/>\n<meta property=\"article:modified_time\" content=\"2020-03-04T10:39:46+00:00\" \/>\n<meta property=\"og:image\" content=\"https:\/\/visit.santcugat.cat\/wp-content\/uploads\/2023\/03\/CLAUSTRE-MONASTERIO-DE-SANT-CUGAT_resultado.webp\" \/>\n\t<meta property=\"og:image:width\" content=\"984\" \/>\n\t<meta property=\"og:image:height\" content=\"502\" \/>\n\t<meta property=\"og:image:type\" content=\"image\/webp\" \/>\n<meta name=\"twitter:card\" content=\"summary_large_image\" \/>\n<meta name=\"twitter:site\" content=\"@ajsantcugat\" \/>\n<meta name=\"twitter:label1\" content=\"Tiempo de lectura\" \/>\n\t<meta name=\"twitter:data1\" content=\"3 minutos\" \/>\n<script type=\"application\/ld+json\" class=\"yoast-schema-graph\">{\"@context\":\"https:\\\/\\\/schema.org\",\"@graph\":[{\"@type\":\"WebPage\",\"@id\":\"https:\\\/\\\/visit.santcugat.cat\\\/es\\\/sujecion-al-obispado-de-barcelona\\\/\",\"url\":\"https:\\\/\\\/visit.santcugat.cat\\\/es\\\/sujecion-al-obispado-de-barcelona\\\/\",\"name\":\"Sujeci\u00f3n al obispado de Barcelona | Visit Sant Cugat\",\"isPartOf\":{\"@id\":\"https:\\\/\\\/visit.santcugat.cat\\\/es\\\/#website\"},\"datePublished\":\"2020-03-04T10:39:45+00:00\",\"dateModified\":\"2020-03-04T10:39:46+00:00\",\"breadcrumb\":{\"@id\":\"https:\\\/\\\/visit.santcugat.cat\\\/es\\\/sujecion-al-obispado-de-barcelona\\\/#breadcrumb\"},\"inLanguage\":\"es\",\"potentialAction\":[{\"@type\":\"ReadAction\",\"target\":[\"https:\\\/\\\/visit.santcugat.cat\\\/es\\\/sujecion-al-obispado-de-barcelona\\\/\"]}]},{\"@type\":\"BreadcrumbList\",\"@id\":\"https:\\\/\\\/visit.santcugat.cat\\\/es\\\/sujecion-al-obispado-de-barcelona\\\/#breadcrumb\",\"itemListElement\":[{\"@type\":\"ListItem\",\"position\":1,\"name\":\"Inici\",\"item\":\"https:\\\/\\\/visit.santcugat.cat\\\/es\\\/\"},{\"@type\":\"ListItem\",\"position\":2,\"name\":\"Sujeci\u00f3n al obispado de Barcelona\"}]},{\"@type\":\"WebSite\",\"@id\":\"https:\\\/\\\/visit.santcugat.cat\\\/es\\\/#website\",\"url\":\"https:\\\/\\\/visit.santcugat.cat\\\/es\\\/\",\"name\":\"Visit Sant Cugat\",\"description\":\"Turisme de Sant Cugat\",\"publisher\":{\"@id\":\"https:\\\/\\\/visit.santcugat.cat\\\/es\\\/#organization\"},\"potentialAction\":[{\"@type\":\"SearchAction\",\"target\":{\"@type\":\"EntryPoint\",\"urlTemplate\":\"https:\\\/\\\/visit.santcugat.cat\\\/es\\\/?s={search_term_string}\"},\"query-input\":{\"@type\":\"PropertyValueSpecification\",\"valueRequired\":true,\"valueName\":\"search_term_string\"}}],\"inLanguage\":\"es\"},{\"@type\":\"Organization\",\"@id\":\"https:\\\/\\\/visit.santcugat.cat\\\/es\\\/#organization\",\"name\":\"Visit Sant Cugat - Turisme de Sant Cugat - Barcelona\",\"url\":\"https:\\\/\\\/visit.santcugat.cat\\\/es\\\/\",\"logo\":{\"@type\":\"ImageObject\",\"inLanguage\":\"es\",\"@id\":\"https:\\\/\\\/visit.santcugat.cat\\\/es\\\/#\\\/schema\\\/logo\\\/image\\\/\",\"url\":\"https:\\\/\\\/visit.santcugat.cat\\\/wp-content\\\/uploads\\\/2020\\\/09\\\/logo.png\",\"contentUrl\":\"https:\\\/\\\/visit.santcugat.cat\\\/wp-content\\\/uploads\\\/2020\\\/09\\\/logo.png\",\"width\":200,\"height\":44,\"caption\":\"Visit Sant Cugat - Turisme de Sant Cugat - Barcelona\"},\"image\":{\"@id\":\"https:\\\/\\\/visit.santcugat.cat\\\/es\\\/#\\\/schema\\\/logo\\\/image\\\/\"},\"sameAs\":[\"https:\\\/\\\/www.facebook.com\\\/visitsantcugat\\\/\",\"https:\\\/\\\/x.com\\\/ajsantcugat\",\"https:\\\/\\\/www.instagram.com\\\/visitsantcugat\\\/\",\"https:\\\/\\\/ca.wikipedia.org\\\/wiki\\\/Sant_Cugat_del_Vall\u00e8s\"]}]}<\/script>\n<!-- \/ Yoast SEO plugin. -->","yoast_head_json":{"title":"Sujeci\u00f3n al obispado de Barcelona | Visit Sant Cugat","robots":{"index":"index","follow":"follow","max-snippet":"max-snippet:-1","max-image-preview":"max-image-preview:large","max-video-preview":"max-video-preview:-1"},"canonical":"https:\/\/visit.santcugat.cat\/es\/sujecion-al-obispado-de-barcelona\/","og_locale":"es_ES","og_type":"article","og_title":"Sujeci\u00f3n al obispado de Barcelona | Visit Sant Cugat","og_url":"https:\/\/visit.santcugat.cat\/es\/sujecion-al-obispado-de-barcelona\/","og_site_name":"Visit Sant Cugat","article_publisher":"https:\/\/www.facebook.com\/visitsantcugat\/","article_modified_time":"2020-03-04T10:39:46+00:00","og_image":[{"width":984,"height":502,"url":"https:\/\/visit.santcugat.cat\/wp-content\/uploads\/2023\/03\/CLAUSTRE-MONASTERIO-DE-SANT-CUGAT_resultado.webp","type":"image\/webp"}],"twitter_card":"summary_large_image","twitter_site":"@ajsantcugat","twitter_misc":{"Tiempo de lectura":"3 minutos"},"schema":{"@context":"https:\/\/schema.org","@graph":[{"@type":"WebPage","@id":"https:\/\/visit.santcugat.cat\/es\/sujecion-al-obispado-de-barcelona\/","url":"https:\/\/visit.santcugat.cat\/es\/sujecion-al-obispado-de-barcelona\/","name":"Sujeci\u00f3n al obispado de Barcelona | Visit Sant Cugat","isPartOf":{"@id":"https:\/\/visit.santcugat.cat\/es\/#website"},"datePublished":"2020-03-04T10:39:45+00:00","dateModified":"2020-03-04T10:39:46+00:00","breadcrumb":{"@id":"https:\/\/visit.santcugat.cat\/es\/sujecion-al-obispado-de-barcelona\/#breadcrumb"},"inLanguage":"es","potentialAction":[{"@type":"ReadAction","target":["https:\/\/visit.santcugat.cat\/es\/sujecion-al-obispado-de-barcelona\/"]}]},{"@type":"BreadcrumbList","@id":"https:\/\/visit.santcugat.cat\/es\/sujecion-al-obispado-de-barcelona\/#breadcrumb","itemListElement":[{"@type":"ListItem","position":1,"name":"Inici","item":"https:\/\/visit.santcugat.cat\/es\/"},{"@type":"ListItem","position":2,"name":"Sujeci\u00f3n al obispado de Barcelona"}]},{"@type":"WebSite","@id":"https:\/\/visit.santcugat.cat\/es\/#website","url":"https:\/\/visit.santcugat.cat\/es\/","name":"Visit Sant Cugat","description":"Turisme de Sant Cugat","publisher":{"@id":"https:\/\/visit.santcugat.cat\/es\/#organization"},"potentialAction":[{"@type":"SearchAction","target":{"@type":"EntryPoint","urlTemplate":"https:\/\/visit.santcugat.cat\/es\/?s={search_term_string}"},"query-input":{"@type":"PropertyValueSpecification","valueRequired":true,"valueName":"search_term_string"}}],"inLanguage":"es"},{"@type":"Organization","@id":"https:\/\/visit.santcugat.cat\/es\/#organization","name":"Visit Sant Cugat - Turisme de Sant Cugat - Barcelona","url":"https:\/\/visit.santcugat.cat\/es\/","logo":{"@type":"ImageObject","inLanguage":"es","@id":"https:\/\/visit.santcugat.cat\/es\/#\/schema\/logo\/image\/","url":"https:\/\/visit.santcugat.cat\/wp-content\/uploads\/2020\/09\/logo.png","contentUrl":"https:\/\/visit.santcugat.cat\/wp-content\/uploads\/2020\/09\/logo.png","width":200,"height":44,"caption":"Visit Sant Cugat - Turisme de Sant Cugat - Barcelona"},"image":{"@id":"https:\/\/visit.santcugat.cat\/es\/#\/schema\/logo\/image\/"},"sameAs":["https:\/\/www.facebook.com\/visitsantcugat\/","https:\/\/x.com\/ajsantcugat","https:\/\/www.instagram.com\/visitsantcugat\/","https:\/\/ca.wikipedia.org\/wiki\/Sant_Cugat_del_Vall\u00e8s"]}]}},"_links":{"self":[{"href":"https:\/\/visit.santcugat.cat\/es\/wp-json\/wp\/v2\/pages\/20474","targetHints":{"allow":["GET"]}}],"collection":[{"href":"https:\/\/visit.santcugat.cat\/es\/wp-json\/wp\/v2\/pages"}],"about":[{"href":"https:\/\/visit.santcugat.cat\/es\/wp-json\/wp\/v2\/types\/page"}],"author":[{"embeddable":true,"href":"https:\/\/visit.santcugat.cat\/es\/wp-json\/wp\/v2\/users\/2"}],"replies":[{"embeddable":true,"href":"https:\/\/visit.santcugat.cat\/es\/wp-json\/wp\/v2\/comments?post=20474"}],"version-history":[{"count":1,"href":"https:\/\/visit.santcugat.cat\/es\/wp-json\/wp\/v2\/pages\/20474\/revisions"}],"predecessor-version":[{"id":20475,"href":"https:\/\/visit.santcugat.cat\/es\/wp-json\/wp\/v2\/pages\/20474\/revisions\/20475"}],"wp:attachment":[{"href":"https:\/\/visit.santcugat.cat\/es\/wp-json\/wp\/v2\/media?parent=20474"}],"curies":[{"name":"wp","href":"https:\/\/api.w.org\/{rel}","templated":true}]}}