{"id":20472,"date":"2020-03-04T11:32:06","date_gmt":"2020-03-04T10:32:06","guid":{"rendered":"https:\/\/visit.santcugat.cat\/el-castillo-de-octaviano\/"},"modified":"2020-03-04T11:32:07","modified_gmt":"2020-03-04T10:32:07","slug":"el-castillo-de-octaviano","status":"publish","type":"page","link":"https:\/\/visit.santcugat.cat\/es\/el-castillo-de-octaviano\/","title":{"rendered":"El castillo de Octaviano"},"content":{"rendered":"<div class=\"fusion-fullwidth fullwidth-box fusion-builder-row-1 nonhundred-percent-fullwidth non-hundred-percent-height-scrolling fusion-equal-height-columns\" style=\"--awb-border-radius-top-left:0px;--awb-border-radius-top-right:0px;--awb-border-radius-bottom-right:0px;--awb-border-radius-bottom-left:0px;--awb-padding-top:30px;--awb-padding-bottom:30px;--awb-margin-top:0px;--awb-margin-bottom:0px;--awb-flex-wrap:wrap;\" ><div class=\"fusion-builder-row fusion-row\"><div class=\"fusion-layout-column fusion_builder_column fusion-builder-column-0 fusion_builder_column_1_1 1_1 fusion-one-full fusion-column-first fusion-column-last\" style=\"--awb-padding-top:20px;--awb-padding-right:40px;--awb-padding-bottom:20px;--awb-padding-left:40px;--awb-bg-color:#ffffff;--awb-bg-color-hover:#ffffff;--awb-bg-size:cover;--awb-margin-bottom:15px;\"><div class=\"fusion-column-wrapper fusion-flex-column-wrapper-legacy\"><div class=\"fusion-text fusion-text-1\"><p><img decoding=\"async\" class=\"alignleft wp-image-17526 size-full\" src=\"https:\/\/visit.santcugat.cat\/wp-content\/uploads\/2019\/01\/La-domus-de-Sant-Cugat.jpg\" alt=\"La domus de Sant Cugat\" width=\"400\" height=\"256\" srcset=\"https:\/\/visit.santcugat.cat\/wp-content\/uploads\/2019\/01\/La-domus-de-Sant-Cugat-200x128.jpg 200w, https:\/\/visit.santcugat.cat\/wp-content\/uploads\/2019\/01\/La-domus-de-Sant-Cugat-300x192.jpg 300w, https:\/\/visit.santcugat.cat\/wp-content\/uploads\/2019\/01\/La-domus-de-Sant-Cugat.jpg 400w\" sizes=\"(max-width: 400px) 100vw, 400px\" \/><\/p>\n<p>El castillo de Octaviano, el <em>Castrum Octavianum<\/em>, es uno de los nombres hist\u00f3ricos asociados al Monasterio de Sant Cugat. Hace alusi\u00f3n a su condici\u00f3n de castillo fronterizo (<em>castrum<\/em>), un castillo con jurisdicci\u00f3n sobre un territorio asociado \u2013una buena parte del actual t\u00e9rmino municipal de Sant Cugat\u2013, con funciones defensivas, gubernativas y judiciales. Se puede considerar que el castrum Octavianum se consolida con el reconocimiento real en 1234.<\/p>\n<p>En cuanto al origen, en el siglo IX, el Monasterio obtiene la titularidad del lugar donde se levanta y los terrenos inmediatos, que constituyen el alodio mon\u00e1stico concedido y delimitado m\u00e1s tarde por el conde Sunyer (918-938). A lo largo de los siglos X y XI va adquiriendo propiedades en los territorios vecinos \u2013el valle de Gausac, la villa de Cerc\u00e9dol y la villa de Aiguallonga\u2013 y las integra en este alodio. Como alodio se\u00f1orial, el Monasterio debi\u00f3 de ejercer, avalado por la inmunidad que le otorgan los preceptos reales y las bulas papales, una se\u00f1or\u00eda jurisdiccional similar a la de un castillo fronterizo.<\/p>\n<p>Preceptos y bulas, pero, hacen referencia al alodio, y en alg\u00fan momento surge la necesidad de equiparar el alodio mon\u00e1stico con el castillo fronterizo, la unidad de se\u00f1or\u00eda jurisdiccional por excelencia seg\u00fan el derecho feudal. No queda claro el proceso de creaci\u00f3n de la figura del <em>castrum Octavianum<\/em>, una expresi\u00f3n que lo vincula al top\u00f3nimo hist\u00f3rico del lugar, pero todo apunta a una construcci\u00f3n para hacer encajar un se\u00f1or\u00edo efectivo en el ordenamiento jur\u00eddico feudal del momento y asumir todas las prerrogativas. La primera menci\u00f3n a la documentaci\u00f3n medieval, datado en 1054, se sospecha que es falso y que en realidad es de mediados de siglo XIII. El Cartulario de Sant Cugat, compilado entre los a\u00f1os 1225-1239, recoge los dos siguientes menciones conocidas. La bula del papa Calixto II del a\u00f1o 1120, el original de la cual no se conserva, contiene la siguiente referencia. El privilegio expedido por Jaime I el 1234 confirma al Monasterio sus bienes, entre los cuales se incluye \u201cla villa de Sant Cugat con sus t\u00e9rminos, que antiguamente se nombraba como castillo de Octaviano\u201d.<\/p>\n<p>Es precisamente unas d\u00e9cadas m\u00e1s tarde cuando el castillo de Octaviano empieza a aparecer profusamente en la documentaci\u00f3n como encuadre de referencia de mas\u00edas, hombres y mujeres del t\u00e9rmino de Sant Cugat. Por otro lado, el Monasterio esgrime hasta que se disuelve su condici\u00f3n de castillo para argumentar los privilegios y la autoridad que tiene sobre la villa y el t\u00e9rmino de Sant Cugat. Por ejemplo, sirve para justificar la imposici\u00f3n de servidumbres y malos usos al campesinado por la costumbre del castillo, o para reclamar la colaboraci\u00f3n de la poblaci\u00f3n en la reparaci\u00f3n de las murallas. Su s\u00edmbolo, un castillo con almenas, se reproduce all\u00e1 donde el Monasterio tiene inter\u00e9s de arreciar su poder terrenal.<\/p>\n<\/div><div class=\"fusion-clearfix\"><\/div><\/div><\/div><\/div><\/div>\n","protected":false},"excerpt":{"rendered":"","protected":false},"author":2,"featured_media":0,"parent":0,"menu_order":0,"comment_status":"closed","ping_status":"closed","template":"","meta":{"_joinchat":[],"footnotes":""},"class_list":["post-20472","page","type-page","status-publish","hentry"],"yoast_head":"<!-- This site is optimized with the Yoast SEO plugin v27.3 - https:\/\/yoast.com\/product\/yoast-seo-wordpress\/ -->\n<title>castillo de ocataviano<\/title>\n<meta name=\"robots\" content=\"index, follow, max-snippet:-1, max-image-preview:large, max-video-preview:-1\" \/>\n<link rel=\"canonical\" href=\"https:\/\/visit.santcugat.cat\/es\/el-castillo-de-octaviano\/\" \/>\n<meta property=\"og:locale\" content=\"es_ES\" \/>\n<meta property=\"og:type\" content=\"article\" \/>\n<meta property=\"og:title\" content=\"castillo de ocataviano\" \/>\n<meta property=\"og:url\" content=\"https:\/\/visit.santcugat.cat\/es\/el-castillo-de-octaviano\/\" \/>\n<meta property=\"og:site_name\" content=\"Visit Sant Cugat\" \/>\n<meta property=\"article:publisher\" content=\"https:\/\/www.facebook.com\/visitsantcugat\/\" \/>\n<meta property=\"article:modified_time\" content=\"2020-03-04T10:32:07+00:00\" \/>\n<meta property=\"og:image\" content=\"https:\/\/visit.santcugat.cat\/wp-content\/uploads\/2019\/01\/La-domus-de-Sant-Cugat.jpg\" \/>\n<meta name=\"twitter:card\" content=\"summary_large_image\" \/>\n<meta name=\"twitter:site\" content=\"@ajsantcugat\" \/>\n<meta name=\"twitter:label1\" content=\"Tiempo de lectura\" \/>\n\t<meta name=\"twitter:data1\" content=\"4 minutos\" \/>\n<script type=\"application\/ld+json\" class=\"yoast-schema-graph\">{\"@context\":\"https:\\\/\\\/schema.org\",\"@graph\":[{\"@type\":\"WebPage\",\"@id\":\"https:\\\/\\\/visit.santcugat.cat\\\/es\\\/el-castillo-de-octaviano\\\/\",\"url\":\"https:\\\/\\\/visit.santcugat.cat\\\/es\\\/el-castillo-de-octaviano\\\/\",\"name\":\"castillo de ocataviano\",\"isPartOf\":{\"@id\":\"https:\\\/\\\/visit.santcugat.cat\\\/fr\\\/#website\"},\"primaryImageOfPage\":{\"@id\":\"https:\\\/\\\/visit.santcugat.cat\\\/es\\\/el-castillo-de-octaviano\\\/#primaryimage\"},\"image\":{\"@id\":\"https:\\\/\\\/visit.santcugat.cat\\\/es\\\/el-castillo-de-octaviano\\\/#primaryimage\"},\"thumbnailUrl\":\"https:\\\/\\\/visit.santcugat.cat\\\/wp-content\\\/uploads\\\/2019\\\/01\\\/La-domus-de-Sant-Cugat.jpg\",\"datePublished\":\"2020-03-04T10:32:06+00:00\",\"dateModified\":\"2020-03-04T10:32:07+00:00\",\"breadcrumb\":{\"@id\":\"https:\\\/\\\/visit.santcugat.cat\\\/es\\\/el-castillo-de-octaviano\\\/#breadcrumb\"},\"inLanguage\":\"es\",\"potentialAction\":[{\"@type\":\"ReadAction\",\"target\":[\"https:\\\/\\\/visit.santcugat.cat\\\/es\\\/el-castillo-de-octaviano\\\/\"]}]},{\"@type\":\"ImageObject\",\"inLanguage\":\"es\",\"@id\":\"https:\\\/\\\/visit.santcugat.cat\\\/es\\\/el-castillo-de-octaviano\\\/#primaryimage\",\"url\":\"https:\\\/\\\/visit.santcugat.cat\\\/wp-content\\\/uploads\\\/2019\\\/01\\\/La-domus-de-Sant-Cugat.jpg\",\"contentUrl\":\"https:\\\/\\\/visit.santcugat.cat\\\/wp-content\\\/uploads\\\/2019\\\/01\\\/La-domus-de-Sant-Cugat.jpg\"},{\"@type\":\"BreadcrumbList\",\"@id\":\"https:\\\/\\\/visit.santcugat.cat\\\/es\\\/el-castillo-de-octaviano\\\/#breadcrumb\",\"itemListElement\":[{\"@type\":\"ListItem\",\"position\":1,\"name\":\"Inici\",\"item\":\"https:\\\/\\\/visit.santcugat.cat\\\/es\\\/\"},{\"@type\":\"ListItem\",\"position\":2,\"name\":\"El castillo de Octaviano\"}]},{\"@type\":\"WebSite\",\"@id\":\"https:\\\/\\\/visit.santcugat.cat\\\/fr\\\/#website\",\"url\":\"https:\\\/\\\/visit.santcugat.cat\\\/fr\\\/\",\"name\":\"Visit Sant Cugat\",\"description\":\"Turisme de Sant Cugat\",\"publisher\":{\"@id\":\"https:\\\/\\\/visit.santcugat.cat\\\/fr\\\/#organization\"},\"potentialAction\":[{\"@type\":\"SearchAction\",\"target\":{\"@type\":\"EntryPoint\",\"urlTemplate\":\"https:\\\/\\\/visit.santcugat.cat\\\/fr\\\/?s={search_term_string}\"},\"query-input\":{\"@type\":\"PropertyValueSpecification\",\"valueRequired\":true,\"valueName\":\"search_term_string\"}}],\"inLanguage\":\"es\"},{\"@type\":\"Organization\",\"@id\":\"https:\\\/\\\/visit.santcugat.cat\\\/fr\\\/#organization\",\"name\":\"Visit Sant Cugat - Turisme de Sant Cugat - Barcelona\",\"url\":\"https:\\\/\\\/visit.santcugat.cat\\\/fr\\\/\",\"logo\":{\"@type\":\"ImageObject\",\"inLanguage\":\"es\",\"@id\":\"https:\\\/\\\/visit.santcugat.cat\\\/fr\\\/#\\\/schema\\\/logo\\\/image\\\/\",\"url\":\"https:\\\/\\\/visit.santcugat.cat\\\/wp-content\\\/uploads\\\/2020\\\/09\\\/logo.png\",\"contentUrl\":\"https:\\\/\\\/visit.santcugat.cat\\\/wp-content\\\/uploads\\\/2020\\\/09\\\/logo.png\",\"width\":200,\"height\":44,\"caption\":\"Visit Sant Cugat - Turisme de Sant Cugat - Barcelona\"},\"image\":{\"@id\":\"https:\\\/\\\/visit.santcugat.cat\\\/fr\\\/#\\\/schema\\\/logo\\\/image\\\/\"},\"sameAs\":[\"https:\\\/\\\/www.facebook.com\\\/visitsantcugat\\\/\",\"https:\\\/\\\/x.com\\\/ajsantcugat\",\"https:\\\/\\\/www.instagram.com\\\/visitsantcugat\\\/\",\"https:\\\/\\\/ca.wikipedia.org\\\/wiki\\\/Sant_Cugat_del_Vall\u00e8s\"]}]}<\/script>\n<!-- \/ Yoast SEO plugin. -->","yoast_head_json":{"title":"castillo de ocataviano","robots":{"index":"index","follow":"follow","max-snippet":"max-snippet:-1","max-image-preview":"max-image-preview:large","max-video-preview":"max-video-preview:-1"},"canonical":"https:\/\/visit.santcugat.cat\/es\/el-castillo-de-octaviano\/","og_locale":"es_ES","og_type":"article","og_title":"castillo de ocataviano","og_url":"https:\/\/visit.santcugat.cat\/es\/el-castillo-de-octaviano\/","og_site_name":"Visit Sant Cugat","article_publisher":"https:\/\/www.facebook.com\/visitsantcugat\/","article_modified_time":"2020-03-04T10:32:07+00:00","og_image":[{"url":"https:\/\/visit.santcugat.cat\/wp-content\/uploads\/2019\/01\/La-domus-de-Sant-Cugat.jpg","type":"","width":"","height":""}],"twitter_card":"summary_large_image","twitter_site":"@ajsantcugat","twitter_misc":{"Tiempo de lectura":"4 minutos"},"schema":{"@context":"https:\/\/schema.org","@graph":[{"@type":"WebPage","@id":"https:\/\/visit.santcugat.cat\/es\/el-castillo-de-octaviano\/","url":"https:\/\/visit.santcugat.cat\/es\/el-castillo-de-octaviano\/","name":"castillo de ocataviano","isPartOf":{"@id":"https:\/\/visit.santcugat.cat\/fr\/#website"},"primaryImageOfPage":{"@id":"https:\/\/visit.santcugat.cat\/es\/el-castillo-de-octaviano\/#primaryimage"},"image":{"@id":"https:\/\/visit.santcugat.cat\/es\/el-castillo-de-octaviano\/#primaryimage"},"thumbnailUrl":"https:\/\/visit.santcugat.cat\/wp-content\/uploads\/2019\/01\/La-domus-de-Sant-Cugat.jpg","datePublished":"2020-03-04T10:32:06+00:00","dateModified":"2020-03-04T10:32:07+00:00","breadcrumb":{"@id":"https:\/\/visit.santcugat.cat\/es\/el-castillo-de-octaviano\/#breadcrumb"},"inLanguage":"es","potentialAction":[{"@type":"ReadAction","target":["https:\/\/visit.santcugat.cat\/es\/el-castillo-de-octaviano\/"]}]},{"@type":"ImageObject","inLanguage":"es","@id":"https:\/\/visit.santcugat.cat\/es\/el-castillo-de-octaviano\/#primaryimage","url":"https:\/\/visit.santcugat.cat\/wp-content\/uploads\/2019\/01\/La-domus-de-Sant-Cugat.jpg","contentUrl":"https:\/\/visit.santcugat.cat\/wp-content\/uploads\/2019\/01\/La-domus-de-Sant-Cugat.jpg"},{"@type":"BreadcrumbList","@id":"https:\/\/visit.santcugat.cat\/es\/el-castillo-de-octaviano\/#breadcrumb","itemListElement":[{"@type":"ListItem","position":1,"name":"Inici","item":"https:\/\/visit.santcugat.cat\/es\/"},{"@type":"ListItem","position":2,"name":"El castillo de Octaviano"}]},{"@type":"WebSite","@id":"https:\/\/visit.santcugat.cat\/fr\/#website","url":"https:\/\/visit.santcugat.cat\/fr\/","name":"Visit Sant Cugat","description":"Turisme de Sant Cugat","publisher":{"@id":"https:\/\/visit.santcugat.cat\/fr\/#organization"},"potentialAction":[{"@type":"SearchAction","target":{"@type":"EntryPoint","urlTemplate":"https:\/\/visit.santcugat.cat\/fr\/?s={search_term_string}"},"query-input":{"@type":"PropertyValueSpecification","valueRequired":true,"valueName":"search_term_string"}}],"inLanguage":"es"},{"@type":"Organization","@id":"https:\/\/visit.santcugat.cat\/fr\/#organization","name":"Visit Sant Cugat - Turisme de Sant Cugat - Barcelona","url":"https:\/\/visit.santcugat.cat\/fr\/","logo":{"@type":"ImageObject","inLanguage":"es","@id":"https:\/\/visit.santcugat.cat\/fr\/#\/schema\/logo\/image\/","url":"https:\/\/visit.santcugat.cat\/wp-content\/uploads\/2020\/09\/logo.png","contentUrl":"https:\/\/visit.santcugat.cat\/wp-content\/uploads\/2020\/09\/logo.png","width":200,"height":44,"caption":"Visit Sant Cugat - Turisme de Sant Cugat - Barcelona"},"image":{"@id":"https:\/\/visit.santcugat.cat\/fr\/#\/schema\/logo\/image\/"},"sameAs":["https:\/\/www.facebook.com\/visitsantcugat\/","https:\/\/x.com\/ajsantcugat","https:\/\/www.instagram.com\/visitsantcugat\/","https:\/\/ca.wikipedia.org\/wiki\/Sant_Cugat_del_Vall\u00e8s"]}]}},"_links":{"self":[{"href":"https:\/\/visit.santcugat.cat\/es\/wp-json\/wp\/v2\/pages\/20472","targetHints":{"allow":["GET"]}}],"collection":[{"href":"https:\/\/visit.santcugat.cat\/es\/wp-json\/wp\/v2\/pages"}],"about":[{"href":"https:\/\/visit.santcugat.cat\/es\/wp-json\/wp\/v2\/types\/page"}],"author":[{"embeddable":true,"href":"https:\/\/visit.santcugat.cat\/es\/wp-json\/wp\/v2\/users\/2"}],"replies":[{"embeddable":true,"href":"https:\/\/visit.santcugat.cat\/es\/wp-json\/wp\/v2\/comments?post=20472"}],"version-history":[{"count":1,"href":"https:\/\/visit.santcugat.cat\/es\/wp-json\/wp\/v2\/pages\/20472\/revisions"}],"predecessor-version":[{"id":20473,"href":"https:\/\/visit.santcugat.cat\/es\/wp-json\/wp\/v2\/pages\/20472\/revisions\/20473"}],"wp:attachment":[{"href":"https:\/\/visit.santcugat.cat\/es\/wp-json\/wp\/v2\/media?parent=20472"}],"curies":[{"name":"wp","href":"https:\/\/api.w.org\/{rel}","templated":true}]}}