{"id":20470,"date":"2020-03-04T11:29:29","date_gmt":"2020-03-04T10:29:29","guid":{"rendered":"https:\/\/visit.santcugat.cat\/el-costumario-i-el-cartulario\/"},"modified":"2024-09-05T19:48:24","modified_gmt":"2024-09-05T17:48:24","slug":"el-costumario-i-el-cartulario","status":"publish","type":"page","link":"https:\/\/visit.santcugat.cat\/es\/el-costumario-i-el-cartulario\/","title":{"rendered":"El Costumario i el Cartulario"},"content":{"rendered":"<div class=\"fusion-fullwidth fullwidth-box fusion-builder-row-1 nonhundred-percent-fullwidth non-hundred-percent-height-scrolling fusion-equal-height-columns\" style=\"--awb-border-radius-top-left:0px;--awb-border-radius-top-right:0px;--awb-border-radius-bottom-right:0px;--awb-border-radius-bottom-left:0px;--awb-padding-top:30px;--awb-padding-bottom:30px;--awb-margin-top:0px;--awb-margin-bottom:0px;--awb-flex-wrap:wrap;\" ><div class=\"fusion-builder-row fusion-row\"><div class=\"fusion-layout-column fusion_builder_column fusion-builder-column-0 fusion_builder_column_1_1 1_1 fusion-one-full fusion-column-first fusion-column-last\" style=\"--awb-padding-top:20px;--awb-padding-right:40px;--awb-padding-bottom:20px;--awb-padding-left:40px;--awb-bg-color:#ffffff;--awb-bg-color-hover:#ffffff;--awb-bg-size:cover;--awb-margin-bottom:15px;\"><div class=\"fusion-column-wrapper fusion-flex-column-wrapper-legacy\"><div class=\"fusion-text fusion-text-1\"><p><img decoding=\"async\" class=\"alignleft wp-image-17735 size-full\" title=\"Gtabado de 1839\" src=\"https:\/\/visit.santcugat.cat\/wp-content\/uploads\/2019\/02\/400_Gravat_FXParcerisses_RecuerdosybellezasdeEspan\u0303a_vol1_dePauPiferrer_any1839.jpg\" alt=\"ravat_FXParcerisses_RecuerdosybellezasdeEspan\u0303a_vol1_dePauPiferrer_any1839\" width=\"400\" height=\"303\" srcset=\"https:\/\/visit.santcugat.cat\/wp-content\/uploads\/2019\/02\/400_Gravat_FXParcerisses_RecuerdosybellezasdeEspan\u0303a_vol1_dePauPiferrer_any1839-200x152.jpg 200w, https:\/\/visit.santcugat.cat\/wp-content\/uploads\/2019\/02\/400_Gravat_FXParcerisses_RecuerdosybellezasdeEspan\u0303a_vol1_dePauPiferrer_any1839-300x227.jpg 300w, https:\/\/visit.santcugat.cat\/wp-content\/uploads\/2019\/02\/400_Gravat_FXParcerisses_RecuerdosybellezasdeEspan\u0303a_vol1_dePauPiferrer_any1839.jpg 400w\" sizes=\"(max-width: 400px) 100vw, 400px\" \/><\/p>\n<p>En el siglo XIII el Monasterio logra el punto \u00e1lgido de crecimiento y, a la vez, empieza a dar se\u00f1ales de debilidad en cuanto a la gesti\u00f3n tanto de la misma comunidad como de las propiedades. Para poner orden en estos dos ejes, en la d\u00e9cada de 1220 se inician dos compendios manuscritos, los cuales actualmente son dos fuentes excepcionales para entender el funcionamiento del Monasterio. Se trata del Costumario y el Cartulario de Sant Cugat, que hoy en d\u00eda se conservan en el Archivo de la Corona de Arag\u00f3n.<\/p>\n<p>El Costumario recoge por escrito la organizaci\u00f3n del Monasterio en todo aquello relativo al d\u00eda a d\u00eda de la vida de los monjes, la celebraci\u00f3n de la liturgia y las tareas de los diferentes cargos mon\u00e1sticos en la administraci\u00f3n del Monasterio. Los preceptos benedictinos, de orden amplio, logran aqu\u00ed el nivel de concreci\u00f3n necesario para la vida del monje de Sant Cugat. El volumen se redacta entre los a\u00f1os 1221 y 1223 por encargo del abad Ram\u00f3n de Ba\u00f1eras al monje Pere Ferrer, el cual conoce bien la vida del Monasterio ya que ingres\u00f3 de peque\u00f1o (1174), tuvo cargos de responsabilidad y parece que disfrut\u00f3 del respeto de la comunidad por su buen juicio. El Monasterio pasa entonces por una situaci\u00f3n irregular, con una comunidad dividida en cuanto a la gesti\u00f3n del Monasterio, la observancia de la regla y las relaciones con el obispado. Junto con el esp\u00edritu de reforma impulsado desde Roma, el objetivo del Costumario es preservar las costumbres de Sant Cugat y frenar la relajaci\u00f3n de la disciplina mon\u00e1stica.<\/p>\n<p>El Cartulario es un c\u00f3dice monumental que refleja la historia de las relaciones entre la abad\u00eda y sus tenientes, el proceso de formaci\u00f3n del gran dominio se\u00f1orial. Entre los a\u00f1os 1225 y 1249 los monjes de Sant Cugat copian de manera \u00edntegra en 424 folios de pergamino 1120 escrituras datadas entre los a\u00f1os 904 y 1249: son privilegios reales, bulas papales, donaciones, contratos agrarios, pactos feudales, sentencias judiciales que dan fe de la legalidad del dominio de la abad\u00eda. Su confecci\u00f3n, durante abadiato de Pere de Amenys, tiene como trasfondo la gran bajada de la renta del Monasterio entre finales del siglo XII y principios del siglo XIII, a causa de las malas cosechas y de la fuga de muchos de sus tenientes hacia las tierras de la Catalu\u00f1a Nueva. En este contexto, el Monasterio se ve obligado a reordenar la administraci\u00f3n y la captaci\u00f3n de los censos y a hacer recuento de los derechos que, en concepto de jurisdicci\u00f3n y propiedad, puede exigir a sus hombres. Por el contenido y la extensa cronolog\u00eda que presenta, el Cartulario de Sant Cugat ha acontecido el m\u00e1s importante de los cartularios mon\u00e1sticos de Catalu\u00f1a.<\/p>\n<\/div><div class=\"fusion-clearfix\"><\/div><\/div><\/div><\/div><\/div>\n","protected":false},"excerpt":{"rendered":"","protected":false},"author":2,"featured_media":0,"parent":0,"menu_order":0,"comment_status":"closed","ping_status":"closed","template":"","meta":{"_joinchat":[],"footnotes":""},"class_list":["post-20470","page","type-page","status-publish","hentry"],"yoast_head":"<!-- This site is optimized with the Yoast SEO plugin v27.3 - https:\/\/yoast.com\/product\/yoast-seo-wordpress\/ -->\n<title>Costumario<\/title>\n<meta name=\"robots\" content=\"index, follow, max-snippet:-1, max-image-preview:large, max-video-preview:-1\" \/>\n<link rel=\"canonical\" href=\"https:\/\/visit.santcugat.cat\/es\/el-costumario-i-el-cartulario\/\" \/>\n<meta property=\"og:locale\" content=\"es_ES\" \/>\n<meta property=\"og:type\" content=\"article\" \/>\n<meta property=\"og:title\" content=\"Costumario\" \/>\n<meta property=\"og:url\" content=\"https:\/\/visit.santcugat.cat\/es\/el-costumario-i-el-cartulario\/\" \/>\n<meta property=\"og:site_name\" content=\"Visit Sant Cugat\" \/>\n<meta property=\"article:publisher\" content=\"https:\/\/www.facebook.com\/visitsantcugat\/\" \/>\n<meta property=\"article:modified_time\" content=\"2024-09-05T17:48:24+00:00\" \/>\n<meta property=\"og:image\" content=\"https:\/\/visit.santcugat.cat\/wp-content\/uploads\/2023\/03\/CLAUSTRE-MONASTERIO-DE-SANT-CUGAT_resultado.webp\" \/>\n\t<meta property=\"og:image:width\" content=\"984\" \/>\n\t<meta property=\"og:image:height\" content=\"502\" \/>\n\t<meta property=\"og:image:type\" content=\"image\/webp\" \/>\n<meta name=\"twitter:card\" content=\"summary_large_image\" \/>\n<meta name=\"twitter:site\" content=\"@ajsantcugat\" \/>\n<meta name=\"twitter:label1\" content=\"Tiempo de lectura\" \/>\n\t<meta name=\"twitter:data1\" content=\"3 minutos\" \/>\n<script type=\"application\/ld+json\" class=\"yoast-schema-graph\">{\"@context\":\"https:\\\/\\\/schema.org\",\"@graph\":[{\"@type\":\"WebPage\",\"@id\":\"https:\\\/\\\/visit.santcugat.cat\\\/es\\\/el-costumario-i-el-cartulario\\\/\",\"url\":\"https:\\\/\\\/visit.santcugat.cat\\\/es\\\/el-costumario-i-el-cartulario\\\/\",\"name\":\"Costumario\",\"isPartOf\":{\"@id\":\"https:\\\/\\\/visit.santcugat.cat\\\/fr\\\/#website\"},\"datePublished\":\"2020-03-04T10:29:29+00:00\",\"dateModified\":\"2024-09-05T17:48:24+00:00\",\"breadcrumb\":{\"@id\":\"https:\\\/\\\/visit.santcugat.cat\\\/es\\\/el-costumario-i-el-cartulario\\\/#breadcrumb\"},\"inLanguage\":\"es\",\"potentialAction\":[{\"@type\":\"ReadAction\",\"target\":[\"https:\\\/\\\/visit.santcugat.cat\\\/es\\\/el-costumario-i-el-cartulario\\\/\"]}]},{\"@type\":\"BreadcrumbList\",\"@id\":\"https:\\\/\\\/visit.santcugat.cat\\\/es\\\/el-costumario-i-el-cartulario\\\/#breadcrumb\",\"itemListElement\":[{\"@type\":\"ListItem\",\"position\":1,\"name\":\"Inici\",\"item\":\"https:\\\/\\\/visit.santcugat.cat\\\/es\\\/\"},{\"@type\":\"ListItem\",\"position\":2,\"name\":\"El Costumario i el Cartulario\"}]},{\"@type\":\"WebSite\",\"@id\":\"https:\\\/\\\/visit.santcugat.cat\\\/fr\\\/#website\",\"url\":\"https:\\\/\\\/visit.santcugat.cat\\\/fr\\\/\",\"name\":\"Visit Sant Cugat\",\"description\":\"Turisme de Sant Cugat\",\"publisher\":{\"@id\":\"https:\\\/\\\/visit.santcugat.cat\\\/fr\\\/#organization\"},\"potentialAction\":[{\"@type\":\"SearchAction\",\"target\":{\"@type\":\"EntryPoint\",\"urlTemplate\":\"https:\\\/\\\/visit.santcugat.cat\\\/fr\\\/?s={search_term_string}\"},\"query-input\":{\"@type\":\"PropertyValueSpecification\",\"valueRequired\":true,\"valueName\":\"search_term_string\"}}],\"inLanguage\":\"es\"},{\"@type\":\"Organization\",\"@id\":\"https:\\\/\\\/visit.santcugat.cat\\\/fr\\\/#organization\",\"name\":\"Visit Sant Cugat - Turisme de Sant Cugat - Barcelona\",\"url\":\"https:\\\/\\\/visit.santcugat.cat\\\/fr\\\/\",\"logo\":{\"@type\":\"ImageObject\",\"inLanguage\":\"es\",\"@id\":\"https:\\\/\\\/visit.santcugat.cat\\\/fr\\\/#\\\/schema\\\/logo\\\/image\\\/\",\"url\":\"https:\\\/\\\/visit.santcugat.cat\\\/wp-content\\\/uploads\\\/2020\\\/09\\\/logo.png\",\"contentUrl\":\"https:\\\/\\\/visit.santcugat.cat\\\/wp-content\\\/uploads\\\/2020\\\/09\\\/logo.png\",\"width\":200,\"height\":44,\"caption\":\"Visit Sant Cugat - Turisme de Sant Cugat - Barcelona\"},\"image\":{\"@id\":\"https:\\\/\\\/visit.santcugat.cat\\\/fr\\\/#\\\/schema\\\/logo\\\/image\\\/\"},\"sameAs\":[\"https:\\\/\\\/www.facebook.com\\\/visitsantcugat\\\/\",\"https:\\\/\\\/x.com\\\/ajsantcugat\",\"https:\\\/\\\/www.instagram.com\\\/visitsantcugat\\\/\",\"https:\\\/\\\/ca.wikipedia.org\\\/wiki\\\/Sant_Cugat_del_Vall\u00e8s\"]}]}<\/script>\n<!-- \/ Yoast SEO plugin. -->","yoast_head_json":{"title":"Costumario","robots":{"index":"index","follow":"follow","max-snippet":"max-snippet:-1","max-image-preview":"max-image-preview:large","max-video-preview":"max-video-preview:-1"},"canonical":"https:\/\/visit.santcugat.cat\/es\/el-costumario-i-el-cartulario\/","og_locale":"es_ES","og_type":"article","og_title":"Costumario","og_url":"https:\/\/visit.santcugat.cat\/es\/el-costumario-i-el-cartulario\/","og_site_name":"Visit Sant Cugat","article_publisher":"https:\/\/www.facebook.com\/visitsantcugat\/","article_modified_time":"2024-09-05T17:48:24+00:00","og_image":[{"width":984,"height":502,"url":"https:\/\/visit.santcugat.cat\/wp-content\/uploads\/2023\/03\/CLAUSTRE-MONASTERIO-DE-SANT-CUGAT_resultado.webp","type":"image\/webp"}],"twitter_card":"summary_large_image","twitter_site":"@ajsantcugat","twitter_misc":{"Tiempo de lectura":"3 minutos"},"schema":{"@context":"https:\/\/schema.org","@graph":[{"@type":"WebPage","@id":"https:\/\/visit.santcugat.cat\/es\/el-costumario-i-el-cartulario\/","url":"https:\/\/visit.santcugat.cat\/es\/el-costumario-i-el-cartulario\/","name":"Costumario","isPartOf":{"@id":"https:\/\/visit.santcugat.cat\/fr\/#website"},"datePublished":"2020-03-04T10:29:29+00:00","dateModified":"2024-09-05T17:48:24+00:00","breadcrumb":{"@id":"https:\/\/visit.santcugat.cat\/es\/el-costumario-i-el-cartulario\/#breadcrumb"},"inLanguage":"es","potentialAction":[{"@type":"ReadAction","target":["https:\/\/visit.santcugat.cat\/es\/el-costumario-i-el-cartulario\/"]}]},{"@type":"BreadcrumbList","@id":"https:\/\/visit.santcugat.cat\/es\/el-costumario-i-el-cartulario\/#breadcrumb","itemListElement":[{"@type":"ListItem","position":1,"name":"Inici","item":"https:\/\/visit.santcugat.cat\/es\/"},{"@type":"ListItem","position":2,"name":"El Costumario i el Cartulario"}]},{"@type":"WebSite","@id":"https:\/\/visit.santcugat.cat\/fr\/#website","url":"https:\/\/visit.santcugat.cat\/fr\/","name":"Visit Sant Cugat","description":"Turisme de Sant Cugat","publisher":{"@id":"https:\/\/visit.santcugat.cat\/fr\/#organization"},"potentialAction":[{"@type":"SearchAction","target":{"@type":"EntryPoint","urlTemplate":"https:\/\/visit.santcugat.cat\/fr\/?s={search_term_string}"},"query-input":{"@type":"PropertyValueSpecification","valueRequired":true,"valueName":"search_term_string"}}],"inLanguage":"es"},{"@type":"Organization","@id":"https:\/\/visit.santcugat.cat\/fr\/#organization","name":"Visit Sant Cugat - Turisme de Sant Cugat - Barcelona","url":"https:\/\/visit.santcugat.cat\/fr\/","logo":{"@type":"ImageObject","inLanguage":"es","@id":"https:\/\/visit.santcugat.cat\/fr\/#\/schema\/logo\/image\/","url":"https:\/\/visit.santcugat.cat\/wp-content\/uploads\/2020\/09\/logo.png","contentUrl":"https:\/\/visit.santcugat.cat\/wp-content\/uploads\/2020\/09\/logo.png","width":200,"height":44,"caption":"Visit Sant Cugat - Turisme de Sant Cugat - Barcelona"},"image":{"@id":"https:\/\/visit.santcugat.cat\/fr\/#\/schema\/logo\/image\/"},"sameAs":["https:\/\/www.facebook.com\/visitsantcugat\/","https:\/\/x.com\/ajsantcugat","https:\/\/www.instagram.com\/visitsantcugat\/","https:\/\/ca.wikipedia.org\/wiki\/Sant_Cugat_del_Vall\u00e8s"]}]}},"_links":{"self":[{"href":"https:\/\/visit.santcugat.cat\/es\/wp-json\/wp\/v2\/pages\/20470","targetHints":{"allow":["GET"]}}],"collection":[{"href":"https:\/\/visit.santcugat.cat\/es\/wp-json\/wp\/v2\/pages"}],"about":[{"href":"https:\/\/visit.santcugat.cat\/es\/wp-json\/wp\/v2\/types\/page"}],"author":[{"embeddable":true,"href":"https:\/\/visit.santcugat.cat\/es\/wp-json\/wp\/v2\/users\/2"}],"replies":[{"embeddable":true,"href":"https:\/\/visit.santcugat.cat\/es\/wp-json\/wp\/v2\/comments?post=20470"}],"version-history":[{"count":2,"href":"https:\/\/visit.santcugat.cat\/es\/wp-json\/wp\/v2\/pages\/20470\/revisions"}],"predecessor-version":[{"id":40445,"href":"https:\/\/visit.santcugat.cat\/es\/wp-json\/wp\/v2\/pages\/20470\/revisions\/40445"}],"wp:attachment":[{"href":"https:\/\/visit.santcugat.cat\/es\/wp-json\/wp\/v2\/media?parent=20470"}],"curies":[{"name":"wp","href":"https:\/\/api.w.org\/{rel}","templated":true}]}}