{"id":20468,"date":"2020-03-04T11:27:59","date_gmt":"2020-03-04T10:27:59","guid":{"rendered":"https:\/\/visit.santcugat.cat\/el-claustro-de-arnau-cadell\/"},"modified":"2020-03-04T11:28:01","modified_gmt":"2020-03-04T10:28:01","slug":"el-claustro-de-arnau-cadell","status":"publish","type":"page","link":"https:\/\/visit.santcugat.cat\/es\/el-claustro-de-arnau-cadell\/","title":{"rendered":"El Claustro de Arnau Cadell"},"content":{"rendered":"<div class=\"fusion-fullwidth fullwidth-box fusion-builder-row-1 nonhundred-percent-fullwidth non-hundred-percent-height-scrolling fusion-equal-height-columns\" style=\"--awb-border-radius-top-left:0px;--awb-border-radius-top-right:0px;--awb-border-radius-bottom-right:0px;--awb-border-radius-bottom-left:0px;--awb-padding-top:30px;--awb-padding-bottom:30px;--awb-margin-top:0px;--awb-margin-bottom:0px;--awb-flex-wrap:wrap;\" ><div class=\"fusion-builder-row fusion-row\"><div class=\"fusion-layout-column fusion_builder_column fusion-builder-column-0 fusion_builder_column_1_1 1_1 fusion-one-full fusion-column-first fusion-column-last\" style=\"--awb-padding-top:20px;--awb-padding-right:40px;--awb-padding-bottom:20px;--awb-padding-left:40px;--awb-bg-color:#ffffff;--awb-bg-color-hover:#ffffff;--awb-bg-size:cover;--awb-margin-bottom:15px;\"><div class=\"fusion-column-wrapper fusion-flex-column-wrapper-legacy\"><div class=\"fusion-text fusion-text-1\"><p><img decoding=\"async\" class=\"wp-image-17837 alignleft\" src=\"https:\/\/visit.santcugat.cat\/wp-content\/uploads\/2019\/02\/arnau-cadell-monestir-de-sant-cugat-600x442.jpg\" alt=\"arnau cadell sant cugat\" width=\"447\" height=\"329\" srcset=\"https:\/\/visit.santcugat.cat\/wp-content\/uploads\/2019\/02\/arnau-cadell-monestir-de-sant-cugat-200x147.jpg 200w, https:\/\/visit.santcugat.cat\/wp-content\/uploads\/2019\/02\/arnau-cadell-monestir-de-sant-cugat-300x221.jpg 300w, https:\/\/visit.santcugat.cat\/wp-content\/uploads\/2019\/02\/arnau-cadell-monestir-de-sant-cugat-400x295.jpg 400w, https:\/\/visit.santcugat.cat\/wp-content\/uploads\/2019\/02\/arnau-cadell-monestir-de-sant-cugat-500x369.jpg 500w, https:\/\/visit.santcugat.cat\/wp-content\/uploads\/2019\/02\/arnau-cadell-monestir-de-sant-cugat-600x442.jpg 600w, https:\/\/visit.santcugat.cat\/wp-content\/uploads\/2019\/02\/arnau-cadell-monestir-de-sant-cugat-700x516.jpg 700w, https:\/\/visit.santcugat.cat\/wp-content\/uploads\/2019\/02\/arnau-cadell-monestir-de-sant-cugat-768x566.jpg 768w, https:\/\/visit.santcugat.cat\/wp-content\/uploads\/2019\/02\/arnau-cadell-monestir-de-sant-cugat-800x590.jpg 800w, https:\/\/visit.santcugat.cat\/wp-content\/uploads\/2019\/02\/arnau-cadell-monestir-de-sant-cugat.jpg 853w\" sizes=\"(max-width: 447px) 100vw, 447px\" \/><\/p>\n<p>A partir de mediados del siglo XII, empieza la construcci\u00f3n de un nuevo monasterio. El cenobio ha incrementado notablemente sus propiedades y las rentas generadas permitir\u00e1n ir m\u00e1s all\u00e1 del sostentamento de la comunidad mon\u00e1stica y de su funci\u00f3n al servicio de Dios. Se inicia, as\u00ed, un nuevo proyecto arquitect\u00f3nico para adaptar las antiguas edificaciones a las nuevas necesidades de la comunidad y a los nuevos tiempos. Se mantienen tanto la distribuci\u00f3n general en torno al patio claustral, definida en el siglo XI, como, incluso, algunas de estas construcciones, y se emprende un proceso de sustituci\u00f3n. Las obras empiezan por la iglesia, con la construcci\u00f3n de una nueva cabecera. A la vez, se inicia el nuevo Claustro y, finalmente, ya en el siglo XIII, se construye la capilla de Todos los Santos, el cimborrio, la renovada sala capitular y una nueva ventana en el \u00e1bside central.<\/p>\n<p>De todo este conjunto, destaca el Claustro: un espacio central en la arquitectura mon\u00e1stica, de distribuci\u00f3n y a la vez de vida comunitaria, que logra ahora una dimensi\u00f3n simb\u00f3lica y art\u00edstica gracias a la escultura que se desarrolla en sus capiteles. Es una obra que se inicia en torno al 1190, cuando Guillem de Claramunt deja en testamento un dinero para su construcci\u00f3n.<br \/>\nLa obra empieza por la galer\u00eda norte, este y oeste bajo el guiaje de Arnau Cadell, escultor y seguramente tambi\u00e9n arquitecto. La galer\u00eda sur es obra de escultores formados en su taller y continuadores de su proyecto.<\/p>\n<p>Cadell deja un autorretrato y una inscripci\u00f3n de autor\u00eda en el mismo Claustro, un hecho singular y pionero en el pa\u00eds que, a la vez, denota un estatus importante. Por su testamento, redactado en 1221, sabemos que el Monasterio le debe dinero, seguramente a cargo de la obra al Claustro, y que Cadell se lo perdona. En conjunto, el Claustro presenta 144 capiteles que configuran un fabuloso compendio de escultura rom\u00e1nica. Cadell aplica en Sant Cugat un estilo que sintetiza modelos tolosanos y modelos de tradici\u00f3n rosellonesa que ya hab\u00eda experimentado, previamente, en Claustro de la catedral de Girona.<\/p>\n<p>La interpretaci\u00f3n del significado de estos capiteles tambi\u00e9n es una puerta abierta a los s\u00edmbolos y las creencias del mundo cristiano medieval. Los capiteles de la galer\u00eda sur, en paralelo a la iglesia, contienen escenas b\u00edblicas centradas en la historia de la Salvaci\u00f3n. Al conjunto, tambi\u00e9n se le han identificado pasajes b\u00edblicos que, junto con escenas de vida cotidiana de los monjes, est\u00e1n relacionados con espacios donde tienen lugar determinadas actividades y ceremonias mon\u00e1sticas. El grosor de capiteles con motivos vegetales, animales y seres varios se sit\u00faa, m\u00e1s all\u00e1 de su valor decorativo, en un plan simb\u00f3lico muy sugerente.<\/p>\n<\/div><div class=\"fusion-clearfix\"><\/div><\/div><\/div><\/div><\/div>\n","protected":false},"excerpt":{"rendered":"","protected":false},"author":2,"featured_media":0,"parent":0,"menu_order":0,"comment_status":"closed","ping_status":"closed","template":"","meta":{"_joinchat":[],"footnotes":""},"class_list":["post-20468","page","type-page","status-publish","hentry"],"yoast_head":"<!-- This site is optimized with the Yoast SEO plugin v27.3 - https:\/\/yoast.com\/product\/yoast-seo-wordpress\/ -->\n<title>claustro de Arnau Cadell<\/title>\n<meta name=\"robots\" content=\"index, follow, max-snippet:-1, max-image-preview:large, max-video-preview:-1\" \/>\n<link rel=\"canonical\" href=\"https:\/\/visit.santcugat.cat\/es\/el-claustro-de-arnau-cadell\/\" \/>\n<meta property=\"og:locale\" content=\"es_ES\" \/>\n<meta property=\"og:type\" content=\"article\" \/>\n<meta property=\"og:title\" content=\"claustro de Arnau Cadell\" \/>\n<meta property=\"og:url\" content=\"https:\/\/visit.santcugat.cat\/es\/el-claustro-de-arnau-cadell\/\" \/>\n<meta property=\"og:site_name\" content=\"Visit Sant Cugat\" \/>\n<meta property=\"article:publisher\" content=\"https:\/\/www.facebook.com\/visitsantcugat\/\" \/>\n<meta property=\"article:modified_time\" content=\"2020-03-04T10:28:01+00:00\" \/>\n<meta property=\"og:image\" content=\"https:\/\/visit.santcugat.cat\/wp-content\/uploads\/2019\/02\/arnau-cadell-monestir-de-sant-cugat-600x442.jpg\" \/>\n<meta name=\"twitter:card\" content=\"summary_large_image\" \/>\n<meta name=\"twitter:site\" content=\"@ajsantcugat\" \/>\n<meta name=\"twitter:label1\" content=\"Tiempo de lectura\" \/>\n\t<meta name=\"twitter:data1\" content=\"3 minutos\" \/>\n<script type=\"application\/ld+json\" class=\"yoast-schema-graph\">{\"@context\":\"https:\\\/\\\/schema.org\",\"@graph\":[{\"@type\":\"WebPage\",\"@id\":\"https:\\\/\\\/visit.santcugat.cat\\\/es\\\/el-claustro-de-arnau-cadell\\\/\",\"url\":\"https:\\\/\\\/visit.santcugat.cat\\\/es\\\/el-claustro-de-arnau-cadell\\\/\",\"name\":\"claustro de Arnau Cadell\",\"isPartOf\":{\"@id\":\"https:\\\/\\\/visit.santcugat.cat\\\/es\\\/#website\"},\"primaryImageOfPage\":{\"@id\":\"https:\\\/\\\/visit.santcugat.cat\\\/es\\\/el-claustro-de-arnau-cadell\\\/#primaryimage\"},\"image\":{\"@id\":\"https:\\\/\\\/visit.santcugat.cat\\\/es\\\/el-claustro-de-arnau-cadell\\\/#primaryimage\"},\"thumbnailUrl\":\"https:\\\/\\\/visit.santcugat.cat\\\/wp-content\\\/uploads\\\/2019\\\/02\\\/arnau-cadell-monestir-de-sant-cugat-600x442.jpg\",\"datePublished\":\"2020-03-04T10:27:59+00:00\",\"dateModified\":\"2020-03-04T10:28:01+00:00\",\"breadcrumb\":{\"@id\":\"https:\\\/\\\/visit.santcugat.cat\\\/es\\\/el-claustro-de-arnau-cadell\\\/#breadcrumb\"},\"inLanguage\":\"es\",\"potentialAction\":[{\"@type\":\"ReadAction\",\"target\":[\"https:\\\/\\\/visit.santcugat.cat\\\/es\\\/el-claustro-de-arnau-cadell\\\/\"]}]},{\"@type\":\"ImageObject\",\"inLanguage\":\"es\",\"@id\":\"https:\\\/\\\/visit.santcugat.cat\\\/es\\\/el-claustro-de-arnau-cadell\\\/#primaryimage\",\"url\":\"https:\\\/\\\/visit.santcugat.cat\\\/wp-content\\\/uploads\\\/2019\\\/02\\\/arnau-cadell-monestir-de-sant-cugat-600x442.jpg\",\"contentUrl\":\"https:\\\/\\\/visit.santcugat.cat\\\/wp-content\\\/uploads\\\/2019\\\/02\\\/arnau-cadell-monestir-de-sant-cugat-600x442.jpg\"},{\"@type\":\"BreadcrumbList\",\"@id\":\"https:\\\/\\\/visit.santcugat.cat\\\/es\\\/el-claustro-de-arnau-cadell\\\/#breadcrumb\",\"itemListElement\":[{\"@type\":\"ListItem\",\"position\":1,\"name\":\"Inici\",\"item\":\"https:\\\/\\\/visit.santcugat.cat\\\/es\\\/\"},{\"@type\":\"ListItem\",\"position\":2,\"name\":\"El Claustro de Arnau Cadell\"}]},{\"@type\":\"WebSite\",\"@id\":\"https:\\\/\\\/visit.santcugat.cat\\\/es\\\/#website\",\"url\":\"https:\\\/\\\/visit.santcugat.cat\\\/es\\\/\",\"name\":\"Visit Sant Cugat\",\"description\":\"Turisme de Sant Cugat\",\"publisher\":{\"@id\":\"https:\\\/\\\/visit.santcugat.cat\\\/es\\\/#organization\"},\"potentialAction\":[{\"@type\":\"SearchAction\",\"target\":{\"@type\":\"EntryPoint\",\"urlTemplate\":\"https:\\\/\\\/visit.santcugat.cat\\\/es\\\/?s={search_term_string}\"},\"query-input\":{\"@type\":\"PropertyValueSpecification\",\"valueRequired\":true,\"valueName\":\"search_term_string\"}}],\"inLanguage\":\"es\"},{\"@type\":\"Organization\",\"@id\":\"https:\\\/\\\/visit.santcugat.cat\\\/es\\\/#organization\",\"name\":\"Visit Sant Cugat - Turisme de Sant Cugat - Barcelona\",\"url\":\"https:\\\/\\\/visit.santcugat.cat\\\/es\\\/\",\"logo\":{\"@type\":\"ImageObject\",\"inLanguage\":\"es\",\"@id\":\"https:\\\/\\\/visit.santcugat.cat\\\/es\\\/#\\\/schema\\\/logo\\\/image\\\/\",\"url\":\"https:\\\/\\\/visit.santcugat.cat\\\/wp-content\\\/uploads\\\/2020\\\/09\\\/logo.png\",\"contentUrl\":\"https:\\\/\\\/visit.santcugat.cat\\\/wp-content\\\/uploads\\\/2020\\\/09\\\/logo.png\",\"width\":200,\"height\":44,\"caption\":\"Visit Sant Cugat - Turisme de Sant Cugat - Barcelona\"},\"image\":{\"@id\":\"https:\\\/\\\/visit.santcugat.cat\\\/es\\\/#\\\/schema\\\/logo\\\/image\\\/\"},\"sameAs\":[\"https:\\\/\\\/www.facebook.com\\\/visitsantcugat\\\/\",\"https:\\\/\\\/x.com\\\/ajsantcugat\",\"https:\\\/\\\/www.instagram.com\\\/visitsantcugat\\\/\",\"https:\\\/\\\/ca.wikipedia.org\\\/wiki\\\/Sant_Cugat_del_Vall\u00e8s\"]}]}<\/script>\n<!-- \/ Yoast SEO plugin. -->","yoast_head_json":{"title":"claustro de Arnau Cadell","robots":{"index":"index","follow":"follow","max-snippet":"max-snippet:-1","max-image-preview":"max-image-preview:large","max-video-preview":"max-video-preview:-1"},"canonical":"https:\/\/visit.santcugat.cat\/es\/el-claustro-de-arnau-cadell\/","og_locale":"es_ES","og_type":"article","og_title":"claustro de Arnau Cadell","og_url":"https:\/\/visit.santcugat.cat\/es\/el-claustro-de-arnau-cadell\/","og_site_name":"Visit Sant Cugat","article_publisher":"https:\/\/www.facebook.com\/visitsantcugat\/","article_modified_time":"2020-03-04T10:28:01+00:00","og_image":[{"url":"https:\/\/visit.santcugat.cat\/wp-content\/uploads\/2019\/02\/arnau-cadell-monestir-de-sant-cugat-600x442.jpg","type":"","width":"","height":""}],"twitter_card":"summary_large_image","twitter_site":"@ajsantcugat","twitter_misc":{"Tiempo de lectura":"3 minutos"},"schema":{"@context":"https:\/\/schema.org","@graph":[{"@type":"WebPage","@id":"https:\/\/visit.santcugat.cat\/es\/el-claustro-de-arnau-cadell\/","url":"https:\/\/visit.santcugat.cat\/es\/el-claustro-de-arnau-cadell\/","name":"claustro de Arnau Cadell","isPartOf":{"@id":"https:\/\/visit.santcugat.cat\/es\/#website"},"primaryImageOfPage":{"@id":"https:\/\/visit.santcugat.cat\/es\/el-claustro-de-arnau-cadell\/#primaryimage"},"image":{"@id":"https:\/\/visit.santcugat.cat\/es\/el-claustro-de-arnau-cadell\/#primaryimage"},"thumbnailUrl":"https:\/\/visit.santcugat.cat\/wp-content\/uploads\/2019\/02\/arnau-cadell-monestir-de-sant-cugat-600x442.jpg","datePublished":"2020-03-04T10:27:59+00:00","dateModified":"2020-03-04T10:28:01+00:00","breadcrumb":{"@id":"https:\/\/visit.santcugat.cat\/es\/el-claustro-de-arnau-cadell\/#breadcrumb"},"inLanguage":"es","potentialAction":[{"@type":"ReadAction","target":["https:\/\/visit.santcugat.cat\/es\/el-claustro-de-arnau-cadell\/"]}]},{"@type":"ImageObject","inLanguage":"es","@id":"https:\/\/visit.santcugat.cat\/es\/el-claustro-de-arnau-cadell\/#primaryimage","url":"https:\/\/visit.santcugat.cat\/wp-content\/uploads\/2019\/02\/arnau-cadell-monestir-de-sant-cugat-600x442.jpg","contentUrl":"https:\/\/visit.santcugat.cat\/wp-content\/uploads\/2019\/02\/arnau-cadell-monestir-de-sant-cugat-600x442.jpg"},{"@type":"BreadcrumbList","@id":"https:\/\/visit.santcugat.cat\/es\/el-claustro-de-arnau-cadell\/#breadcrumb","itemListElement":[{"@type":"ListItem","position":1,"name":"Inici","item":"https:\/\/visit.santcugat.cat\/es\/"},{"@type":"ListItem","position":2,"name":"El Claustro de Arnau Cadell"}]},{"@type":"WebSite","@id":"https:\/\/visit.santcugat.cat\/es\/#website","url":"https:\/\/visit.santcugat.cat\/es\/","name":"Visit Sant Cugat","description":"Turisme de Sant Cugat","publisher":{"@id":"https:\/\/visit.santcugat.cat\/es\/#organization"},"potentialAction":[{"@type":"SearchAction","target":{"@type":"EntryPoint","urlTemplate":"https:\/\/visit.santcugat.cat\/es\/?s={search_term_string}"},"query-input":{"@type":"PropertyValueSpecification","valueRequired":true,"valueName":"search_term_string"}}],"inLanguage":"es"},{"@type":"Organization","@id":"https:\/\/visit.santcugat.cat\/es\/#organization","name":"Visit Sant Cugat - Turisme de Sant Cugat - Barcelona","url":"https:\/\/visit.santcugat.cat\/es\/","logo":{"@type":"ImageObject","inLanguage":"es","@id":"https:\/\/visit.santcugat.cat\/es\/#\/schema\/logo\/image\/","url":"https:\/\/visit.santcugat.cat\/wp-content\/uploads\/2020\/09\/logo.png","contentUrl":"https:\/\/visit.santcugat.cat\/wp-content\/uploads\/2020\/09\/logo.png","width":200,"height":44,"caption":"Visit Sant Cugat - Turisme de Sant Cugat - Barcelona"},"image":{"@id":"https:\/\/visit.santcugat.cat\/es\/#\/schema\/logo\/image\/"},"sameAs":["https:\/\/www.facebook.com\/visitsantcugat\/","https:\/\/x.com\/ajsantcugat","https:\/\/www.instagram.com\/visitsantcugat\/","https:\/\/ca.wikipedia.org\/wiki\/Sant_Cugat_del_Vall\u00e8s"]}]}},"_links":{"self":[{"href":"https:\/\/visit.santcugat.cat\/es\/wp-json\/wp\/v2\/pages\/20468","targetHints":{"allow":["GET"]}}],"collection":[{"href":"https:\/\/visit.santcugat.cat\/es\/wp-json\/wp\/v2\/pages"}],"about":[{"href":"https:\/\/visit.santcugat.cat\/es\/wp-json\/wp\/v2\/types\/page"}],"author":[{"embeddable":true,"href":"https:\/\/visit.santcugat.cat\/es\/wp-json\/wp\/v2\/users\/2"}],"replies":[{"embeddable":true,"href":"https:\/\/visit.santcugat.cat\/es\/wp-json\/wp\/v2\/comments?post=20468"}],"version-history":[{"count":1,"href":"https:\/\/visit.santcugat.cat\/es\/wp-json\/wp\/v2\/pages\/20468\/revisions"}],"predecessor-version":[{"id":20469,"href":"https:\/\/visit.santcugat.cat\/es\/wp-json\/wp\/v2\/pages\/20468\/revisions\/20469"}],"wp:attachment":[{"href":"https:\/\/visit.santcugat.cat\/es\/wp-json\/wp\/v2\/media?parent=20468"}],"curies":[{"name":"wp","href":"https:\/\/api.w.org\/{rel}","templated":true}]}}