{"id":20466,"date":"2020-03-04T11:26:14","date_gmt":"2020-03-04T10:26:14","guid":{"rendered":"https:\/\/visit.santcugat.cat\/centro-de-congregacion-monastica\/"},"modified":"2020-10-22T16:57:38","modified_gmt":"2020-10-22T14:57:38","slug":"centro-de-congregacion-monastica","status":"publish","type":"page","link":"https:\/\/visit.santcugat.cat\/es\/centro-de-congregacion-monastica\/","title":{"rendered":"Centro de congregaci\u00f3n mon\u00e1stica"},"content":{"rendered":"<div class=\"fusion-fullwidth fullwidth-box fusion-builder-row-1 nonhundred-percent-fullwidth non-hundred-percent-height-scrolling fusion-equal-height-columns\" style=\"--awb-border-radius-top-left:0px;--awb-border-radius-top-right:0px;--awb-border-radius-bottom-right:0px;--awb-border-radius-bottom-left:0px;--awb-padding-top:30px;--awb-padding-bottom:30px;--awb-margin-top:0px;--awb-margin-bottom:0px;--awb-flex-wrap:wrap;\" ><div class=\"fusion-builder-row fusion-row\"><div class=\"fusion-layout-column fusion_builder_column fusion-builder-column-0 fusion_builder_column_1_1 1_1 fusion-one-full fusion-column-first fusion-column-last\" style=\"--awb-padding-top:20px;--awb-padding-right:40px;--awb-padding-bottom:20px;--awb-padding-left:40px;--awb-bg-color:#ffffff;--awb-bg-color-hover:#ffffff;--awb-bg-size:cover;--awb-margin-bottom:15px;\"><div class=\"fusion-column-wrapper fusion-flex-column-wrapper-legacy\"><div class=\"fusion-text fusion-text-1\"><p><img decoding=\"async\" class=\"size-full wp-image-17738 alignleft\" src=\"https:\/\/visit.santcugat.cat\/wp-content\/uploads\/2019\/02\/400_Gravat_FXParcerisses_RecuerdosybellezasdeEspan\u0303a_vol1_dePauPiferrer_any1839.jpg\" alt=\"ravat_FXParcerisses_RecuerdosybellezasdeEspan\u0303a_vol1_dePauPiferrer_any1839\" width=\"400\" height=\"303\" srcset=\"https:\/\/visit.santcugat.cat\/wp-content\/uploads\/2019\/02\/400_Gravat_FXParcerisses_RecuerdosybellezasdeEspan\u0303a_vol1_dePauPiferrer_any1839-200x152.jpg 200w, https:\/\/visit.santcugat.cat\/wp-content\/uploads\/2019\/02\/400_Gravat_FXParcerisses_RecuerdosybellezasdeEspan\u0303a_vol1_dePauPiferrer_any1839-300x227.jpg 300w, https:\/\/visit.santcugat.cat\/wp-content\/uploads\/2019\/02\/400_Gravat_FXParcerisses_RecuerdosybellezasdeEspan\u0303a_vol1_dePauPiferrer_any1839.jpg 400w\" sizes=\"(max-width: 400px) 100vw, 400px\" \/>En el desarrollo del monaquismo benedictino en Catalu\u00f1a, Sant Cugat tiene un papel relevante a partir de finales del siglo XI. El peso pol\u00edtico que le otorga el hecho de ser uno de los mayores se\u00f1or\u00edos mon\u00e1sticos y la proximidad con la corte condal, lo sit\u00faan en el centro de muchos de los cambios y reformas que tienen lugar en el \u00e1mbito eclesi\u00e1stico. Los intereses pol\u00edticos de los condes de Barcelona lo favorecen y ocupa un lugar preeminente dentro de la Iglesia catalana.<\/p>\n<p>A finales del siglo XI, Sant Cugat, como otros muchos monasterios benedictinos, vive un periodo convulso. La coincidencia de intereses del papa Urbano II, dispuesto a librar una fuerte batalla contra la intromisi\u00f3n de los laicos en la Iglesia, y el conde Ram\u00f3n Berenguer II, decidido a cortar la implicaci\u00f3n de la nobleza feudal en los viejos monasterios y en las nuevas fundaciones de las tierras de frontera, supone la vinculaci\u00f3n de los monasterios catalanes con las abad\u00edas de la Provenza y el Languedoc, filiales de Cluny. Sant Cugat, junto con Sant Pere de Rodes y Sant Benet del Bages, es sometido en 1089 a Sant Pon\u00e7 de Tomeres. El episodio, de mucha tensi\u00f3n, comporta la expulsi\u00f3n de los monjes de Sant Cugat y la confiscaci\u00f3n de su documentaci\u00f3n. Pero, a diferencia de la mayor\u00eda de abad\u00edas, Sant Cugat solo rest\u00f3 bajo la sumisi\u00f3n cluniacense durante un corto periodo de tiempo.<\/p>\n<p>Liberada de Sant Pon\u00e7 de Tomeres, la abad\u00eda, con el apoyo de Ram\u00f3n Berenguer III, en 1097 acontece el centro de la primera congregaci\u00f3n de monasterios catalanes. Sant Cugat, siguiendo el modelo jer\u00e1rquico de Cluny, re\u00fane bajo su sujeci\u00f3n los monasterios de Sant Lloren\u00e7 de Munt, Santa Cec\u00edlia de Montserrat, Sant Salvador de Breda y Sant Pau del Camp, y forma as\u00ed uno de los dominios eclesi\u00e1sticos m\u00e1s grandes de los condados catalanes. Si hasta entonces la abad\u00eda hab\u00eda tenido un papel secundario en el monaquismo catal\u00e1n, liderado desde el siglo IX por Ripoll y Cuix\u00e0, a partir de ahora Sant Cugat acontece un referente esencial. La congregaci\u00f3n de Sant Cugat se mantiene vigente hasta el 1215, cuando en el Concilio IV de Letr\u00e1n Inocencio III inicia la reforma de los benedictinos y establece la creaci\u00f3n de una sola congregaci\u00f3n mon\u00e1stica para toda la provincia eclesi\u00e1stica de la Tarraconense. El 1229 se crea la Congregaci\u00f3n Claustral Tarraconense, de la cual Sant Cugat es uno de los monasterios fundadores y en la cual permanecer\u00e1 hasta 1835.<\/p>\n<\/div><div class=\"fusion-clearfix\"><\/div><\/div><\/div><\/div><\/div>\n","protected":false},"excerpt":{"rendered":"","protected":false},"author":2,"featured_media":0,"parent":0,"menu_order":0,"comment_status":"closed","ping_status":"closed","template":"","meta":{"_joinchat":[],"footnotes":""},"class_list":["post-20466","page","type-page","status-publish","hentry"],"yoast_head":"<!-- This site is optimized with the Yoast SEO plugin v27.3 - https:\/\/yoast.com\/product\/yoast-seo-wordpress\/ -->\n<title>Congregaci\u00f3n mon\u00e1stica<\/title>\n<meta name=\"robots\" content=\"index, follow, max-snippet:-1, max-image-preview:large, max-video-preview:-1\" \/>\n<link rel=\"canonical\" href=\"https:\/\/visit.santcugat.cat\/es\/centro-de-congregacion-monastica\/\" \/>\n<meta property=\"og:locale\" content=\"es_ES\" \/>\n<meta property=\"og:type\" content=\"article\" \/>\n<meta property=\"og:title\" content=\"Congregaci\u00f3n mon\u00e1stica\" \/>\n<meta property=\"og:url\" content=\"https:\/\/visit.santcugat.cat\/es\/centro-de-congregacion-monastica\/\" \/>\n<meta property=\"og:site_name\" content=\"Visit Sant Cugat\" \/>\n<meta property=\"article:publisher\" content=\"https:\/\/www.facebook.com\/visitsantcugat\/\" \/>\n<meta property=\"article:modified_time\" content=\"2020-10-22T14:57:38+00:00\" \/>\n<meta property=\"og:image\" content=\"https:\/\/visit.santcugat.cat\/wp-content\/uploads\/2023\/03\/CLAUSTRE-MONASTERIO-DE-SANT-CUGAT_resultado.webp\" \/>\n\t<meta property=\"og:image:width\" content=\"984\" \/>\n\t<meta property=\"og:image:height\" content=\"502\" \/>\n\t<meta property=\"og:image:type\" content=\"image\/webp\" \/>\n<meta name=\"twitter:card\" content=\"summary_large_image\" \/>\n<meta name=\"twitter:site\" content=\"@ajsantcugat\" \/>\n<meta name=\"twitter:label1\" content=\"Tiempo de lectura\" \/>\n\t<meta name=\"twitter:data1\" content=\"4 minutos\" \/>\n<script type=\"application\/ld+json\" class=\"yoast-schema-graph\">{\"@context\":\"https:\\\/\\\/schema.org\",\"@graph\":[{\"@type\":\"WebPage\",\"@id\":\"https:\\\/\\\/visit.santcugat.cat\\\/es\\\/centro-de-congregacion-monastica\\\/\",\"url\":\"https:\\\/\\\/visit.santcugat.cat\\\/es\\\/centro-de-congregacion-monastica\\\/\",\"name\":\"Congregaci\u00f3n mon\u00e1stica\",\"isPartOf\":{\"@id\":\"https:\\\/\\\/visit.santcugat.cat\\\/es\\\/#website\"},\"datePublished\":\"2020-03-04T10:26:14+00:00\",\"dateModified\":\"2020-10-22T14:57:38+00:00\",\"breadcrumb\":{\"@id\":\"https:\\\/\\\/visit.santcugat.cat\\\/es\\\/centro-de-congregacion-monastica\\\/#breadcrumb\"},\"inLanguage\":\"es\",\"potentialAction\":[{\"@type\":\"ReadAction\",\"target\":[\"https:\\\/\\\/visit.santcugat.cat\\\/es\\\/centro-de-congregacion-monastica\\\/\"]}]},{\"@type\":\"BreadcrumbList\",\"@id\":\"https:\\\/\\\/visit.santcugat.cat\\\/es\\\/centro-de-congregacion-monastica\\\/#breadcrumb\",\"itemListElement\":[{\"@type\":\"ListItem\",\"position\":1,\"name\":\"Inici\",\"item\":\"https:\\\/\\\/visit.santcugat.cat\\\/es\\\/\"},{\"@type\":\"ListItem\",\"position\":2,\"name\":\"Centro de congregaci\u00f3n mon\u00e1stica\"}]},{\"@type\":\"WebSite\",\"@id\":\"https:\\\/\\\/visit.santcugat.cat\\\/es\\\/#website\",\"url\":\"https:\\\/\\\/visit.santcugat.cat\\\/es\\\/\",\"name\":\"Visit Sant Cugat\",\"description\":\"Turisme de Sant Cugat\",\"publisher\":{\"@id\":\"https:\\\/\\\/visit.santcugat.cat\\\/es\\\/#organization\"},\"potentialAction\":[{\"@type\":\"SearchAction\",\"target\":{\"@type\":\"EntryPoint\",\"urlTemplate\":\"https:\\\/\\\/visit.santcugat.cat\\\/es\\\/?s={search_term_string}\"},\"query-input\":{\"@type\":\"PropertyValueSpecification\",\"valueRequired\":true,\"valueName\":\"search_term_string\"}}],\"inLanguage\":\"es\"},{\"@type\":\"Organization\",\"@id\":\"https:\\\/\\\/visit.santcugat.cat\\\/es\\\/#organization\",\"name\":\"Visit Sant Cugat - Turisme de Sant Cugat - Barcelona\",\"url\":\"https:\\\/\\\/visit.santcugat.cat\\\/es\\\/\",\"logo\":{\"@type\":\"ImageObject\",\"inLanguage\":\"es\",\"@id\":\"https:\\\/\\\/visit.santcugat.cat\\\/es\\\/#\\\/schema\\\/logo\\\/image\\\/\",\"url\":\"https:\\\/\\\/visit.santcugat.cat\\\/wp-content\\\/uploads\\\/2020\\\/09\\\/logo.png\",\"contentUrl\":\"https:\\\/\\\/visit.santcugat.cat\\\/wp-content\\\/uploads\\\/2020\\\/09\\\/logo.png\",\"width\":200,\"height\":44,\"caption\":\"Visit Sant Cugat - Turisme de Sant Cugat - Barcelona\"},\"image\":{\"@id\":\"https:\\\/\\\/visit.santcugat.cat\\\/es\\\/#\\\/schema\\\/logo\\\/image\\\/\"},\"sameAs\":[\"https:\\\/\\\/www.facebook.com\\\/visitsantcugat\\\/\",\"https:\\\/\\\/x.com\\\/ajsantcugat\",\"https:\\\/\\\/www.instagram.com\\\/visitsantcugat\\\/\",\"https:\\\/\\\/ca.wikipedia.org\\\/wiki\\\/Sant_Cugat_del_Vall\u00e8s\"]}]}<\/script>\n<!-- \/ Yoast SEO plugin. -->","yoast_head_json":{"title":"Congregaci\u00f3n mon\u00e1stica","robots":{"index":"index","follow":"follow","max-snippet":"max-snippet:-1","max-image-preview":"max-image-preview:large","max-video-preview":"max-video-preview:-1"},"canonical":"https:\/\/visit.santcugat.cat\/es\/centro-de-congregacion-monastica\/","og_locale":"es_ES","og_type":"article","og_title":"Congregaci\u00f3n mon\u00e1stica","og_url":"https:\/\/visit.santcugat.cat\/es\/centro-de-congregacion-monastica\/","og_site_name":"Visit Sant Cugat","article_publisher":"https:\/\/www.facebook.com\/visitsantcugat\/","article_modified_time":"2020-10-22T14:57:38+00:00","og_image":[{"width":984,"height":502,"url":"https:\/\/visit.santcugat.cat\/wp-content\/uploads\/2023\/03\/CLAUSTRE-MONASTERIO-DE-SANT-CUGAT_resultado.webp","type":"image\/webp"}],"twitter_card":"summary_large_image","twitter_site":"@ajsantcugat","twitter_misc":{"Tiempo de lectura":"4 minutos"},"schema":{"@context":"https:\/\/schema.org","@graph":[{"@type":"WebPage","@id":"https:\/\/visit.santcugat.cat\/es\/centro-de-congregacion-monastica\/","url":"https:\/\/visit.santcugat.cat\/es\/centro-de-congregacion-monastica\/","name":"Congregaci\u00f3n mon\u00e1stica","isPartOf":{"@id":"https:\/\/visit.santcugat.cat\/es\/#website"},"datePublished":"2020-03-04T10:26:14+00:00","dateModified":"2020-10-22T14:57:38+00:00","breadcrumb":{"@id":"https:\/\/visit.santcugat.cat\/es\/centro-de-congregacion-monastica\/#breadcrumb"},"inLanguage":"es","potentialAction":[{"@type":"ReadAction","target":["https:\/\/visit.santcugat.cat\/es\/centro-de-congregacion-monastica\/"]}]},{"@type":"BreadcrumbList","@id":"https:\/\/visit.santcugat.cat\/es\/centro-de-congregacion-monastica\/#breadcrumb","itemListElement":[{"@type":"ListItem","position":1,"name":"Inici","item":"https:\/\/visit.santcugat.cat\/es\/"},{"@type":"ListItem","position":2,"name":"Centro de congregaci\u00f3n mon\u00e1stica"}]},{"@type":"WebSite","@id":"https:\/\/visit.santcugat.cat\/es\/#website","url":"https:\/\/visit.santcugat.cat\/es\/","name":"Visit Sant Cugat","description":"Turisme de Sant Cugat","publisher":{"@id":"https:\/\/visit.santcugat.cat\/es\/#organization"},"potentialAction":[{"@type":"SearchAction","target":{"@type":"EntryPoint","urlTemplate":"https:\/\/visit.santcugat.cat\/es\/?s={search_term_string}"},"query-input":{"@type":"PropertyValueSpecification","valueRequired":true,"valueName":"search_term_string"}}],"inLanguage":"es"},{"@type":"Organization","@id":"https:\/\/visit.santcugat.cat\/es\/#organization","name":"Visit Sant Cugat - Turisme de Sant Cugat - Barcelona","url":"https:\/\/visit.santcugat.cat\/es\/","logo":{"@type":"ImageObject","inLanguage":"es","@id":"https:\/\/visit.santcugat.cat\/es\/#\/schema\/logo\/image\/","url":"https:\/\/visit.santcugat.cat\/wp-content\/uploads\/2020\/09\/logo.png","contentUrl":"https:\/\/visit.santcugat.cat\/wp-content\/uploads\/2020\/09\/logo.png","width":200,"height":44,"caption":"Visit Sant Cugat - Turisme de Sant Cugat - Barcelona"},"image":{"@id":"https:\/\/visit.santcugat.cat\/es\/#\/schema\/logo\/image\/"},"sameAs":["https:\/\/www.facebook.com\/visitsantcugat\/","https:\/\/x.com\/ajsantcugat","https:\/\/www.instagram.com\/visitsantcugat\/","https:\/\/ca.wikipedia.org\/wiki\/Sant_Cugat_del_Vall\u00e8s"]}]}},"_links":{"self":[{"href":"https:\/\/visit.santcugat.cat\/es\/wp-json\/wp\/v2\/pages\/20466","targetHints":{"allow":["GET"]}}],"collection":[{"href":"https:\/\/visit.santcugat.cat\/es\/wp-json\/wp\/v2\/pages"}],"about":[{"href":"https:\/\/visit.santcugat.cat\/es\/wp-json\/wp\/v2\/types\/page"}],"author":[{"embeddable":true,"href":"https:\/\/visit.santcugat.cat\/es\/wp-json\/wp\/v2\/users\/2"}],"replies":[{"embeddable":true,"href":"https:\/\/visit.santcugat.cat\/es\/wp-json\/wp\/v2\/comments?post=20466"}],"version-history":[{"count":2,"href":"https:\/\/visit.santcugat.cat\/es\/wp-json\/wp\/v2\/pages\/20466\/revisions"}],"predecessor-version":[{"id":24156,"href":"https:\/\/visit.santcugat.cat\/es\/wp-json\/wp\/v2\/pages\/20466\/revisions\/24156"}],"wp:attachment":[{"href":"https:\/\/visit.santcugat.cat\/es\/wp-json\/wp\/v2\/media?parent=20466"}],"curies":[{"name":"wp","href":"https:\/\/api.w.org\/{rel}","templated":true}]}}