{"id":20462,"date":"2020-03-04T11:17:13","date_gmt":"2020-03-04T10:17:13","guid":{"rendered":"https:\/\/visit.santcugat.cat\/el-abad-odo-y-el-impulso-al-monasterio\/"},"modified":"2020-03-04T11:17:15","modified_gmt":"2020-03-04T10:17:15","slug":"el-abad-odo-y-el-impulso-al-monasterio","status":"publish","type":"page","link":"https:\/\/visit.santcugat.cat\/es\/el-abad-odo-y-el-impulso-al-monasterio\/","title":{"rendered":"El abad Od\u00f3 y el impulso al Monasterio"},"content":{"rendered":"<div class=\"fusion-fullwidth fullwidth-box fusion-builder-row-1 nonhundred-percent-fullwidth non-hundred-percent-height-scrolling fusion-equal-height-columns\" style=\"--awb-border-radius-top-left:0px;--awb-border-radius-top-right:0px;--awb-border-radius-bottom-right:0px;--awb-border-radius-bottom-left:0px;--awb-padding-top:30px;--awb-padding-bottom:30px;--awb-margin-top:0px;--awb-margin-bottom:0px;--awb-flex-wrap:wrap;\" ><div class=\"fusion-builder-row fusion-row\"><div class=\"fusion-layout-column fusion_builder_column fusion-builder-column-0 fusion_builder_column_1_1 1_1 fusion-one-full fusion-column-first fusion-column-last\" style=\"--awb-padding-top:20px;--awb-padding-right:40px;--awb-padding-bottom:20px;--awb-padding-left:40px;--awb-bg-color:#ffffff;--awb-bg-color-hover:#ffffff;--awb-bg-size:cover;--awb-margin-bottom:15px;\"><div class=\"fusion-column-wrapper fusion-flex-column-wrapper-legacy\"><div class=\"fusion-text fusion-text-1\"><p><img decoding=\"async\" class=\"wp-image-17421 alignleft\" src=\"https:\/\/visit.santcugat.cat\/wp-content\/uploads\/2019\/01\/SEPULCRE-ABAT-ODO-OK-compressor-600x400.jpg\" alt=\"Sepulcre de l\u2019Abat Od\u00f3_Monestir de Sant Cugat\" width=\"489\" height=\"326\" srcset=\"https:\/\/visit.santcugat.cat\/wp-content\/uploads\/2019\/01\/SEPULCRE-ABAT-ODO-OK-compressor-200x133.jpg 200w, https:\/\/visit.santcugat.cat\/wp-content\/uploads\/2019\/01\/SEPULCRE-ABAT-ODO-OK-compressor-300x200.jpg 300w, https:\/\/visit.santcugat.cat\/wp-content\/uploads\/2019\/01\/SEPULCRE-ABAT-ODO-OK-compressor-400x267.jpg 400w, https:\/\/visit.santcugat.cat\/wp-content\/uploads\/2019\/01\/SEPULCRE-ABAT-ODO-OK-compressor-500x333.jpg 500w, https:\/\/visit.santcugat.cat\/wp-content\/uploads\/2019\/01\/SEPULCRE-ABAT-ODO-OK-compressor.jpg 600w\" sizes=\"(max-width: 489px) 100vw, 489px\" \/><\/p>\n<p>En julio del a\u00f1o 985 se produce el saqueo de Al-Mansur en el Condado de Barcelona. Una parte de la comunidad mon\u00e1stica, alertada, busca refugio en la ciudad. Aun as\u00ed, el abad Joan y algunos de los monjes mueren y el Monasterio es saqueado. Se desconoce el alcance real de la destrucci\u00f3n de los edificios mon\u00e1sticos, pero hay datos relativos sobre la quema del archivo y la p\u00e9rdida de los documentos que prueban las propiedades mon\u00e1sticas.<\/p>\n<p>Uno de los monjes supervivientes, Od\u00f3, asume el abadiato y la tarea de hacer remontar de nuevo el Monasterio. Y en esta tarea sobresale, dado que lo sit\u00faa en el centro preeminente de la organizaci\u00f3n territorial y de poder del Condado de Barcelona. Proveniente de una familia noble, Od\u00f3 forma parte de la curia de los condes de Barcelona y es uno de los hombres de su m\u00e1xima confianza. Este v\u00ednculo con la nobleza y el poder pol\u00edtico ser\u00e1 una constante en el Monasterio y el puntal, para as\u00ed afianzar sus dominios.<\/p>\n<p>Od\u00f3 viaja con el conde Borrell a la corte del rey Lotario (Compi\u00e8gne, Francia) en 986 y obtiene un precepto de confirmaci\u00f3n de las propiedades y de la inmunidad que garantiza la independencia de la abad\u00eda hacia la autoridad condal y episcopal. En 1002 viaja con Ramon Borrell a Roma, donde consigue del papa Silvestre II la nulla diocesis, una condici\u00f3n que libera a el Monasterio del obispado y lo vincula directamente a Roma en el \u00e1mbito eclesi\u00e1stico, con lo cual se arrecia a la libre elecci\u00f3n del abad. En 1007 obtiene de Juan XVIII una nueva bula en el mismo sentido.<\/p>\n<p>Por otro lado, Od\u00f3 despliega totalmente la pol\u00edtica de configuraci\u00f3n del suelo patrimonial del Monasterio iniciada por el abad Joan. Concentra la adquisici\u00f3n de propiedades en el entorno geogr\u00e1fico pr\u00f3ximo (Sant Cugat, Cerdanyola, Ripollet y Reixac) y establece la base en que se fundamenta el poder econ\u00f3mico de la abad\u00eda.<\/p>\n<p>A la vez, inicia la renovaci\u00f3n del conjunto monacal con la construcci\u00f3n de una nueva iglesia, un claustro y el campanario, bajo la direcci\u00f3n del maestro Fedanci. Este nuevo monasterio se ajusta ya a la disposici\u00f3n arquitect\u00f3nica de los monasterios benedictinos, con las dependencias en el entorno de un patio cuadrado, el Claustro.<\/p>\n<p>Su obra siempre es recordada y respetada en el Monasterio. A comienzos del siglo XIV, para preservar la memoria del abad, sus sucesores construyen una tumba monumental que hoy en d\u00eda se puede visitar dentro de la iglesia del Monasterio.<\/p>\n<\/div><div class=\"fusion-clearfix\"><\/div><\/div><\/div><\/div><\/div>\n","protected":false},"excerpt":{"rendered":"","protected":false},"author":2,"featured_media":0,"parent":0,"menu_order":0,"comment_status":"closed","ping_status":"closed","template":"","meta":{"_joinchat":[],"footnotes":""},"class_list":["post-20462","page","type-page","status-publish","hentry"],"yoast_head":"<!-- This site is optimized with the Yoast SEO plugin v27.3 - https:\/\/yoast.com\/product\/yoast-seo-wordpress\/ -->\n<title>Abad Od\u00f3<\/title>\n<meta name=\"robots\" content=\"index, follow, max-snippet:-1, max-image-preview:large, max-video-preview:-1\" \/>\n<link rel=\"canonical\" href=\"https:\/\/visit.santcugat.cat\/es\/el-abad-odo-y-el-impulso-al-monasterio\/\" \/>\n<meta property=\"og:locale\" content=\"es_ES\" \/>\n<meta property=\"og:type\" content=\"article\" \/>\n<meta property=\"og:title\" content=\"Abad Od\u00f3\" \/>\n<meta property=\"og:url\" content=\"https:\/\/visit.santcugat.cat\/es\/el-abad-odo-y-el-impulso-al-monasterio\/\" \/>\n<meta property=\"og:site_name\" content=\"Visit Sant Cugat\" \/>\n<meta property=\"article:publisher\" content=\"https:\/\/www.facebook.com\/visitsantcugat\/\" \/>\n<meta property=\"article:modified_time\" content=\"2020-03-04T10:17:15+00:00\" \/>\n<meta property=\"og:image\" content=\"https:\/\/visit.santcugat.cat\/wp-content\/uploads\/2019\/01\/SEPULCRE-ABAT-ODO-OK-compressor-600x400.jpg\" \/>\n<meta name=\"twitter:card\" content=\"summary_large_image\" \/>\n<meta name=\"twitter:site\" content=\"@ajsantcugat\" \/>\n<meta name=\"twitter:label1\" content=\"Tiempo de lectura\" \/>\n\t<meta name=\"twitter:data1\" content=\"3 minutos\" \/>\n<script type=\"application\/ld+json\" class=\"yoast-schema-graph\">{\"@context\":\"https:\\\/\\\/schema.org\",\"@graph\":[{\"@type\":\"WebPage\",\"@id\":\"https:\\\/\\\/visit.santcugat.cat\\\/es\\\/el-abad-odo-y-el-impulso-al-monasterio\\\/\",\"url\":\"https:\\\/\\\/visit.santcugat.cat\\\/es\\\/el-abad-odo-y-el-impulso-al-monasterio\\\/\",\"name\":\"Abad Od\u00f3\",\"isPartOf\":{\"@id\":\"https:\\\/\\\/visit.santcugat.cat\\\/fr\\\/#website\"},\"primaryImageOfPage\":{\"@id\":\"https:\\\/\\\/visit.santcugat.cat\\\/es\\\/el-abad-odo-y-el-impulso-al-monasterio\\\/#primaryimage\"},\"image\":{\"@id\":\"https:\\\/\\\/visit.santcugat.cat\\\/es\\\/el-abad-odo-y-el-impulso-al-monasterio\\\/#primaryimage\"},\"thumbnailUrl\":\"https:\\\/\\\/visit.santcugat.cat\\\/wp-content\\\/uploads\\\/2019\\\/01\\\/SEPULCRE-ABAT-ODO-OK-compressor-600x400.jpg\",\"datePublished\":\"2020-03-04T10:17:13+00:00\",\"dateModified\":\"2020-03-04T10:17:15+00:00\",\"breadcrumb\":{\"@id\":\"https:\\\/\\\/visit.santcugat.cat\\\/es\\\/el-abad-odo-y-el-impulso-al-monasterio\\\/#breadcrumb\"},\"inLanguage\":\"es\",\"potentialAction\":[{\"@type\":\"ReadAction\",\"target\":[\"https:\\\/\\\/visit.santcugat.cat\\\/es\\\/el-abad-odo-y-el-impulso-al-monasterio\\\/\"]}]},{\"@type\":\"ImageObject\",\"inLanguage\":\"es\",\"@id\":\"https:\\\/\\\/visit.santcugat.cat\\\/es\\\/el-abad-odo-y-el-impulso-al-monasterio\\\/#primaryimage\",\"url\":\"https:\\\/\\\/visit.santcugat.cat\\\/wp-content\\\/uploads\\\/2019\\\/01\\\/SEPULCRE-ABAT-ODO-OK-compressor-600x400.jpg\",\"contentUrl\":\"https:\\\/\\\/visit.santcugat.cat\\\/wp-content\\\/uploads\\\/2019\\\/01\\\/SEPULCRE-ABAT-ODO-OK-compressor-600x400.jpg\"},{\"@type\":\"BreadcrumbList\",\"@id\":\"https:\\\/\\\/visit.santcugat.cat\\\/es\\\/el-abad-odo-y-el-impulso-al-monasterio\\\/#breadcrumb\",\"itemListElement\":[{\"@type\":\"ListItem\",\"position\":1,\"name\":\"Inici\",\"item\":\"https:\\\/\\\/visit.santcugat.cat\\\/es\\\/\"},{\"@type\":\"ListItem\",\"position\":2,\"name\":\"El abad Od\u00f3 y el impulso al Monasterio\"}]},{\"@type\":\"WebSite\",\"@id\":\"https:\\\/\\\/visit.santcugat.cat\\\/fr\\\/#website\",\"url\":\"https:\\\/\\\/visit.santcugat.cat\\\/fr\\\/\",\"name\":\"Visit Sant Cugat\",\"description\":\"Turisme de Sant Cugat\",\"publisher\":{\"@id\":\"https:\\\/\\\/visit.santcugat.cat\\\/fr\\\/#organization\"},\"potentialAction\":[{\"@type\":\"SearchAction\",\"target\":{\"@type\":\"EntryPoint\",\"urlTemplate\":\"https:\\\/\\\/visit.santcugat.cat\\\/fr\\\/?s={search_term_string}\"},\"query-input\":{\"@type\":\"PropertyValueSpecification\",\"valueRequired\":true,\"valueName\":\"search_term_string\"}}],\"inLanguage\":\"es\"},{\"@type\":\"Organization\",\"@id\":\"https:\\\/\\\/visit.santcugat.cat\\\/fr\\\/#organization\",\"name\":\"Visit Sant Cugat - Turisme de Sant Cugat - Barcelona\",\"url\":\"https:\\\/\\\/visit.santcugat.cat\\\/fr\\\/\",\"logo\":{\"@type\":\"ImageObject\",\"inLanguage\":\"es\",\"@id\":\"https:\\\/\\\/visit.santcugat.cat\\\/fr\\\/#\\\/schema\\\/logo\\\/image\\\/\",\"url\":\"https:\\\/\\\/visit.santcugat.cat\\\/wp-content\\\/uploads\\\/2020\\\/09\\\/logo.png\",\"contentUrl\":\"https:\\\/\\\/visit.santcugat.cat\\\/wp-content\\\/uploads\\\/2020\\\/09\\\/logo.png\",\"width\":200,\"height\":44,\"caption\":\"Visit Sant Cugat - Turisme de Sant Cugat - Barcelona\"},\"image\":{\"@id\":\"https:\\\/\\\/visit.santcugat.cat\\\/fr\\\/#\\\/schema\\\/logo\\\/image\\\/\"},\"sameAs\":[\"https:\\\/\\\/www.facebook.com\\\/visitsantcugat\\\/\",\"https:\\\/\\\/x.com\\\/ajsantcugat\",\"https:\\\/\\\/www.instagram.com\\\/visitsantcugat\\\/\",\"https:\\\/\\\/ca.wikipedia.org\\\/wiki\\\/Sant_Cugat_del_Vall\u00e8s\"]}]}<\/script>\n<!-- \/ Yoast SEO plugin. -->","yoast_head_json":{"title":"Abad Od\u00f3","robots":{"index":"index","follow":"follow","max-snippet":"max-snippet:-1","max-image-preview":"max-image-preview:large","max-video-preview":"max-video-preview:-1"},"canonical":"https:\/\/visit.santcugat.cat\/es\/el-abad-odo-y-el-impulso-al-monasterio\/","og_locale":"es_ES","og_type":"article","og_title":"Abad Od\u00f3","og_url":"https:\/\/visit.santcugat.cat\/es\/el-abad-odo-y-el-impulso-al-monasterio\/","og_site_name":"Visit Sant Cugat","article_publisher":"https:\/\/www.facebook.com\/visitsantcugat\/","article_modified_time":"2020-03-04T10:17:15+00:00","og_image":[{"url":"https:\/\/visit.santcugat.cat\/wp-content\/uploads\/2019\/01\/SEPULCRE-ABAT-ODO-OK-compressor-600x400.jpg","type":"","width":"","height":""}],"twitter_card":"summary_large_image","twitter_site":"@ajsantcugat","twitter_misc":{"Tiempo de lectura":"3 minutos"},"schema":{"@context":"https:\/\/schema.org","@graph":[{"@type":"WebPage","@id":"https:\/\/visit.santcugat.cat\/es\/el-abad-odo-y-el-impulso-al-monasterio\/","url":"https:\/\/visit.santcugat.cat\/es\/el-abad-odo-y-el-impulso-al-monasterio\/","name":"Abad Od\u00f3","isPartOf":{"@id":"https:\/\/visit.santcugat.cat\/fr\/#website"},"primaryImageOfPage":{"@id":"https:\/\/visit.santcugat.cat\/es\/el-abad-odo-y-el-impulso-al-monasterio\/#primaryimage"},"image":{"@id":"https:\/\/visit.santcugat.cat\/es\/el-abad-odo-y-el-impulso-al-monasterio\/#primaryimage"},"thumbnailUrl":"https:\/\/visit.santcugat.cat\/wp-content\/uploads\/2019\/01\/SEPULCRE-ABAT-ODO-OK-compressor-600x400.jpg","datePublished":"2020-03-04T10:17:13+00:00","dateModified":"2020-03-04T10:17:15+00:00","breadcrumb":{"@id":"https:\/\/visit.santcugat.cat\/es\/el-abad-odo-y-el-impulso-al-monasterio\/#breadcrumb"},"inLanguage":"es","potentialAction":[{"@type":"ReadAction","target":["https:\/\/visit.santcugat.cat\/es\/el-abad-odo-y-el-impulso-al-monasterio\/"]}]},{"@type":"ImageObject","inLanguage":"es","@id":"https:\/\/visit.santcugat.cat\/es\/el-abad-odo-y-el-impulso-al-monasterio\/#primaryimage","url":"https:\/\/visit.santcugat.cat\/wp-content\/uploads\/2019\/01\/SEPULCRE-ABAT-ODO-OK-compressor-600x400.jpg","contentUrl":"https:\/\/visit.santcugat.cat\/wp-content\/uploads\/2019\/01\/SEPULCRE-ABAT-ODO-OK-compressor-600x400.jpg"},{"@type":"BreadcrumbList","@id":"https:\/\/visit.santcugat.cat\/es\/el-abad-odo-y-el-impulso-al-monasterio\/#breadcrumb","itemListElement":[{"@type":"ListItem","position":1,"name":"Inici","item":"https:\/\/visit.santcugat.cat\/es\/"},{"@type":"ListItem","position":2,"name":"El abad Od\u00f3 y el impulso al Monasterio"}]},{"@type":"WebSite","@id":"https:\/\/visit.santcugat.cat\/fr\/#website","url":"https:\/\/visit.santcugat.cat\/fr\/","name":"Visit Sant Cugat","description":"Turisme de Sant Cugat","publisher":{"@id":"https:\/\/visit.santcugat.cat\/fr\/#organization"},"potentialAction":[{"@type":"SearchAction","target":{"@type":"EntryPoint","urlTemplate":"https:\/\/visit.santcugat.cat\/fr\/?s={search_term_string}"},"query-input":{"@type":"PropertyValueSpecification","valueRequired":true,"valueName":"search_term_string"}}],"inLanguage":"es"},{"@type":"Organization","@id":"https:\/\/visit.santcugat.cat\/fr\/#organization","name":"Visit Sant Cugat - Turisme de Sant Cugat - Barcelona","url":"https:\/\/visit.santcugat.cat\/fr\/","logo":{"@type":"ImageObject","inLanguage":"es","@id":"https:\/\/visit.santcugat.cat\/fr\/#\/schema\/logo\/image\/","url":"https:\/\/visit.santcugat.cat\/wp-content\/uploads\/2020\/09\/logo.png","contentUrl":"https:\/\/visit.santcugat.cat\/wp-content\/uploads\/2020\/09\/logo.png","width":200,"height":44,"caption":"Visit Sant Cugat - Turisme de Sant Cugat - Barcelona"},"image":{"@id":"https:\/\/visit.santcugat.cat\/fr\/#\/schema\/logo\/image\/"},"sameAs":["https:\/\/www.facebook.com\/visitsantcugat\/","https:\/\/x.com\/ajsantcugat","https:\/\/www.instagram.com\/visitsantcugat\/","https:\/\/ca.wikipedia.org\/wiki\/Sant_Cugat_del_Vall\u00e8s"]}]}},"_links":{"self":[{"href":"https:\/\/visit.santcugat.cat\/es\/wp-json\/wp\/v2\/pages\/20462","targetHints":{"allow":["GET"]}}],"collection":[{"href":"https:\/\/visit.santcugat.cat\/es\/wp-json\/wp\/v2\/pages"}],"about":[{"href":"https:\/\/visit.santcugat.cat\/es\/wp-json\/wp\/v2\/types\/page"}],"author":[{"embeddable":true,"href":"https:\/\/visit.santcugat.cat\/es\/wp-json\/wp\/v2\/users\/2"}],"replies":[{"embeddable":true,"href":"https:\/\/visit.santcugat.cat\/es\/wp-json\/wp\/v2\/comments?post=20462"}],"version-history":[{"count":1,"href":"https:\/\/visit.santcugat.cat\/es\/wp-json\/wp\/v2\/pages\/20462\/revisions"}],"predecessor-version":[{"id":20463,"href":"https:\/\/visit.santcugat.cat\/es\/wp-json\/wp\/v2\/pages\/20462\/revisions\/20463"}],"wp:attachment":[{"href":"https:\/\/visit.santcugat.cat\/es\/wp-json\/wp\/v2\/media?parent=20462"}],"curies":[{"name":"wp","href":"https:\/\/api.w.org\/{rel}","templated":true}]}}