{"id":20460,"date":"2020-03-04T11:14:57","date_gmt":"2020-03-04T10:14:57","guid":{"rendered":"https:\/\/visit.santcugat.cat\/s-iv-v-octavianum-los-antecedentes-romanos\/"},"modified":"2020-03-04T11:14:59","modified_gmt":"2020-03-04T10:14:59","slug":"s-iv-v-octavianum-los-antecedentes-romanos","status":"publish","type":"page","link":"https:\/\/visit.santcugat.cat\/es\/s-iv-v-octavianum-los-antecedentes-romanos\/","title":{"rendered":"S. IV-V &#8211; &#8220;Octavianum&#8221;. Los antecedentes romanos"},"content":{"rendered":"<div class=\"fusion-fullwidth fullwidth-box fusion-builder-row-1 nonhundred-percent-fullwidth non-hundred-percent-height-scrolling fusion-equal-height-columns\" style=\"--awb-border-radius-top-left:0px;--awb-border-radius-top-right:0px;--awb-border-radius-bottom-right:0px;--awb-border-radius-bottom-left:0px;--awb-padding-top:30px;--awb-padding-bottom:30px;--awb-margin-top:0px;--awb-margin-bottom:0px;--awb-flex-wrap:wrap;\" ><div class=\"fusion-builder-row fusion-row\"><div class=\"fusion-layout-column fusion_builder_column fusion-builder-column-0 fusion_builder_column_1_1 1_1 fusion-one-full fusion-column-first fusion-column-last\" style=\"--awb-padding-top:20px;--awb-padding-right:40px;--awb-padding-bottom:20px;--awb-padding-left:40px;--awb-bg-color:#ffffff;--awb-bg-color-hover:#ffffff;--awb-bg-size:cover;--awb-margin-bottom:15px;\"><div class=\"fusion-column-wrapper fusion-flex-column-wrapper-legacy\"><div class=\"fusion-text fusion-text-1\"><p><img decoding=\"async\" class=\"alignleft size-400 wp-image-17451\" src=\"https:\/\/visit.santcugat.cat\/wp-content\/uploads\/2018\/09\/01_Octavianum_TSambCrismo\u0301_Alba-1-400x257.jpg\" alt=\"s. IV \u2013 V Octavianum. Els antecedents romans\" width=\"400\" height=\"257\" srcset=\"https:\/\/visit.santcugat.cat\/wp-content\/uploads\/2018\/09\/01_Octavianum_TSambCrismo\u0301_Alba-1-200x128.jpg 200w, https:\/\/visit.santcugat.cat\/wp-content\/uploads\/2018\/09\/01_Octavianum_TSambCrismo\u0301_Alba-1-300x193.jpg 300w, https:\/\/visit.santcugat.cat\/wp-content\/uploads\/2018\/09\/01_Octavianum_TSambCrismo\u0301_Alba-1-400x257.jpg 400w, https:\/\/visit.santcugat.cat\/wp-content\/uploads\/2018\/09\/01_Octavianum_TSambCrismo\u0301_Alba-1-460x295.jpg 460w, https:\/\/visit.santcugat.cat\/wp-content\/uploads\/2018\/09\/01_Octavianum_TSambCrismo\u0301_Alba-1-500x321.jpg 500w, https:\/\/visit.santcugat.cat\/wp-content\/uploads\/2018\/09\/01_Octavianum_TSambCrismo\u0301_Alba-1-600x385.jpg 600w, https:\/\/visit.santcugat.cat\/wp-content\/uploads\/2018\/09\/01_Octavianum_TSambCrismo\u0301_Alba-1-700x450.jpg 700w, https:\/\/visit.santcugat.cat\/wp-content\/uploads\/2018\/09\/01_Octavianum_TSambCrismo\u0301_Alba-1.jpg 735w\" sizes=\"(max-width: 400px) 100vw, 400px\" \/><\/p>\n<p>El lugar donde se establece el Monasterio es un peque\u00f1o cerro en la llanura del Vall\u00e9s, una zona f\u00e9rtil para la agricultura, altamente romanizada y muy comunicada. En su entorno, confluyen la V\u00eda Augusta, o alguno de sus ramales, y el camino que une Egara (Terrassa) con la ciudad de Barcino (Barcelona) a trav\u00e9s de Collserola por el valle de Gausac. En el siglo I d. C. empieza la ocupaci\u00f3n de este cerro, a pesar de que, de momento no se puede precisar el tipo de establecimiento.<\/p>\n<p>Es en la \u00e9poca bajo-imperial cuando se desarrolla un nuevo asentamiento del todo singular. En alg\u00fan momento a partir del 325-350, se inicia la construcci\u00f3n de una fortificaci\u00f3n: un recinto cuadrado, de 40 metros de lado, con muros y torres de refuerzo amplios. Se asocia esta fortificaci\u00f3n con el programa de reforma del sistema defensivo y de la red viaria promovido por Roma desde finales del siglo III, con el objetivo de garantizar tanto el abastecimiento de los ej\u00e9rcitos destacados en la frontera norte del Imperio, como la defensa directa del territorio. Se ha planteado la hip\u00f3tesis de que Rufinus Octavianum, comes de Hispania al menos el 316-317, se habr\u00eda ocupado de este programa y habr\u00eda ordenado, entre otras actuaciones en la provincia, la construcci\u00f3n de la fortificaci\u00f3n (<em>castellum<\/em>) de Sant Cugat. Su nombre habr\u00eda originado, por lo tanto, el top\u00f3nimo del lugar. En efecto, el nombre de Octavianum aparece desde la primera documentaci\u00f3n sobre el Monasterio, en el siglo IX, ligado a su emplazamiento. En cuanto al origen, ha sido objeto de varias hip\u00f3tesis, algunas de las cuales son elaboradas por los mismos monjes y pretenden legitimar el pasado del Monasterio; explicando que este fue fundado por el emperador Octavio Augusto o situando el martirio de Sant Cugat (San Cucufato) a ocho (octo) millas de Barcelona. Otras hip\u00f3tesis, m\u00e1s neutrales y fundamentadas, lo relacionan con un plausible propietario romano del asentamiento, de nombre Octavio.<br \/>\nSea como fuere, la fortificaci\u00f3n no se debi\u00f3 de acabar de construir, porque no se han encontrado vestigios de buena parte de la parte norte del recinto. Precisamente en este lado se construye a mediados de siglo V un edificio sepulcral con una gran sala rectangular y una c\u00e1mara anexa que acoge dos tumbas. Poco despu\u00e9s se a\u00f1ade un elemento que sin duda lo identifica como bas\u00edlica cristiana, un \u00e1bside de planta de herradura en el interior y pentagonal en el exterior, y desarrolla un cementerio justo al lado. De este cementerio se han documentado, de momento, unas cincuenta tumbas.<br \/>\nLa tradici\u00f3n sostenida desde la \u00e9poca medieval sit\u00faa el martirio y el entierro del m\u00e1rtir Cugat en el lugar donde despu\u00e9s se levantar\u00e1 el Monasterio. Una interpretaci\u00f3n superficial de los restos arqueol\u00f3gicos del recinto funerario avalar\u00eda esta tradici\u00f3n, pero una revisi\u00f3n y contraste m\u00e1s profundizado de los datos arqueol\u00f3gicos y documentales no permite confirmarlo.<br \/>\nEl asentamiento constituido por la bas\u00edlica y el recinto funerario se completa con otras edificaciones y estructuras, con lo cual se ocupa un espacio que rebasa el recinto del <em>castellum<\/em> e incluso el actual recinto mon\u00e1stico. La singularidad del asentamiento deja claro que se trata de un punto de referencia para el territorio circundante de marcado car\u00e1cter religioso y funerario, y probablemente tambi\u00e9n de car\u00e1cter administrativo.<\/p>\n<\/div><div class=\"fusion-clearfix\"><\/div><\/div><\/div><\/div><\/div>\n","protected":false},"excerpt":{"rendered":"","protected":false},"author":2,"featured_media":0,"parent":0,"menu_order":0,"comment_status":"closed","ping_status":"closed","template":"","meta":{"_joinchat":[],"footnotes":""},"class_list":["post-20460","page","type-page","status-publish","hentry"],"yoast_head":"<!-- This site is optimized with the Yoast SEO plugin v27.3 - https:\/\/yoast.com\/product\/yoast-seo-wordpress\/ -->\n<title>S. IV-V - &quot;Octavianum&quot;. Los antecedentes romanos | Visit Sant Cugat<\/title>\n<meta name=\"robots\" content=\"index, follow, max-snippet:-1, max-image-preview:large, max-video-preview:-1\" \/>\n<link rel=\"canonical\" href=\"https:\/\/visit.santcugat.cat\/es\/s-iv-v-octavianum-los-antecedentes-romanos\/\" \/>\n<meta property=\"og:locale\" content=\"es_ES\" \/>\n<meta property=\"og:type\" content=\"article\" \/>\n<meta property=\"og:title\" content=\"S. IV-V - &quot;Octavianum&quot;. Los antecedentes romanos | Visit Sant Cugat\" \/>\n<meta property=\"og:url\" content=\"https:\/\/visit.santcugat.cat\/es\/s-iv-v-octavianum-los-antecedentes-romanos\/\" \/>\n<meta property=\"og:site_name\" content=\"Visit Sant Cugat\" \/>\n<meta property=\"article:publisher\" content=\"https:\/\/www.facebook.com\/visitsantcugat\/\" \/>\n<meta property=\"article:modified_time\" content=\"2020-03-04T10:14:59+00:00\" \/>\n<meta property=\"og:image\" content=\"https:\/\/visit.santcugat.cat\/wp-content\/uploads\/2023\/03\/CLAUSTRE-MONASTERIO-DE-SANT-CUGAT_resultado.webp\" \/>\n\t<meta property=\"og:image:width\" content=\"984\" \/>\n\t<meta property=\"og:image:height\" content=\"502\" \/>\n\t<meta property=\"og:image:type\" content=\"image\/webp\" \/>\n<meta name=\"twitter:card\" content=\"summary_large_image\" \/>\n<meta name=\"twitter:site\" content=\"@ajsantcugat\" \/>\n<meta name=\"twitter:label1\" content=\"Tiempo de lectura\" \/>\n\t<meta name=\"twitter:data1\" content=\"4 minutos\" \/>\n<script type=\"application\/ld+json\" class=\"yoast-schema-graph\">{\"@context\":\"https:\\\/\\\/schema.org\",\"@graph\":[{\"@type\":\"WebPage\",\"@id\":\"https:\\\/\\\/visit.santcugat.cat\\\/es\\\/s-iv-v-octavianum-los-antecedentes-romanos\\\/\",\"url\":\"https:\\\/\\\/visit.santcugat.cat\\\/es\\\/s-iv-v-octavianum-los-antecedentes-romanos\\\/\",\"name\":\"S. IV-V - \\\"Octavianum\\\". Los antecedentes romanos | Visit Sant Cugat\",\"isPartOf\":{\"@id\":\"https:\\\/\\\/visit.santcugat.cat\\\/fr\\\/#website\"},\"datePublished\":\"2020-03-04T10:14:57+00:00\",\"dateModified\":\"2020-03-04T10:14:59+00:00\",\"breadcrumb\":{\"@id\":\"https:\\\/\\\/visit.santcugat.cat\\\/es\\\/s-iv-v-octavianum-los-antecedentes-romanos\\\/#breadcrumb\"},\"inLanguage\":\"es\",\"potentialAction\":[{\"@type\":\"ReadAction\",\"target\":[\"https:\\\/\\\/visit.santcugat.cat\\\/es\\\/s-iv-v-octavianum-los-antecedentes-romanos\\\/\"]}]},{\"@type\":\"BreadcrumbList\",\"@id\":\"https:\\\/\\\/visit.santcugat.cat\\\/es\\\/s-iv-v-octavianum-los-antecedentes-romanos\\\/#breadcrumb\",\"itemListElement\":[{\"@type\":\"ListItem\",\"position\":1,\"name\":\"Inici\",\"item\":\"https:\\\/\\\/visit.santcugat.cat\\\/es\\\/\"},{\"@type\":\"ListItem\",\"position\":2,\"name\":\"S. IV-V &#8211; &#8220;Octavianum&#8221;. Los antecedentes romanos\"}]},{\"@type\":\"WebSite\",\"@id\":\"https:\\\/\\\/visit.santcugat.cat\\\/fr\\\/#website\",\"url\":\"https:\\\/\\\/visit.santcugat.cat\\\/fr\\\/\",\"name\":\"Visit Sant Cugat\",\"description\":\"Turisme de Sant Cugat\",\"publisher\":{\"@id\":\"https:\\\/\\\/visit.santcugat.cat\\\/fr\\\/#organization\"},\"potentialAction\":[{\"@type\":\"SearchAction\",\"target\":{\"@type\":\"EntryPoint\",\"urlTemplate\":\"https:\\\/\\\/visit.santcugat.cat\\\/fr\\\/?s={search_term_string}\"},\"query-input\":{\"@type\":\"PropertyValueSpecification\",\"valueRequired\":true,\"valueName\":\"search_term_string\"}}],\"inLanguage\":\"es\"},{\"@type\":\"Organization\",\"@id\":\"https:\\\/\\\/visit.santcugat.cat\\\/fr\\\/#organization\",\"name\":\"Visit Sant Cugat - Turisme de Sant Cugat - Barcelona\",\"url\":\"https:\\\/\\\/visit.santcugat.cat\\\/fr\\\/\",\"logo\":{\"@type\":\"ImageObject\",\"inLanguage\":\"es\",\"@id\":\"https:\\\/\\\/visit.santcugat.cat\\\/fr\\\/#\\\/schema\\\/logo\\\/image\\\/\",\"url\":\"https:\\\/\\\/visit.santcugat.cat\\\/wp-content\\\/uploads\\\/2020\\\/09\\\/logo.png\",\"contentUrl\":\"https:\\\/\\\/visit.santcugat.cat\\\/wp-content\\\/uploads\\\/2020\\\/09\\\/logo.png\",\"width\":200,\"height\":44,\"caption\":\"Visit Sant Cugat - Turisme de Sant Cugat - Barcelona\"},\"image\":{\"@id\":\"https:\\\/\\\/visit.santcugat.cat\\\/fr\\\/#\\\/schema\\\/logo\\\/image\\\/\"},\"sameAs\":[\"https:\\\/\\\/www.facebook.com\\\/visitsantcugat\\\/\",\"https:\\\/\\\/x.com\\\/ajsantcugat\",\"https:\\\/\\\/www.instagram.com\\\/visitsantcugat\\\/\",\"https:\\\/\\\/ca.wikipedia.org\\\/wiki\\\/Sant_Cugat_del_Vall\u00e8s\"]}]}<\/script>\n<!-- \/ Yoast SEO plugin. -->","yoast_head_json":{"title":"S. IV-V - \"Octavianum\". Los antecedentes romanos | Visit Sant Cugat","robots":{"index":"index","follow":"follow","max-snippet":"max-snippet:-1","max-image-preview":"max-image-preview:large","max-video-preview":"max-video-preview:-1"},"canonical":"https:\/\/visit.santcugat.cat\/es\/s-iv-v-octavianum-los-antecedentes-romanos\/","og_locale":"es_ES","og_type":"article","og_title":"S. IV-V - \"Octavianum\". Los antecedentes romanos | Visit Sant Cugat","og_url":"https:\/\/visit.santcugat.cat\/es\/s-iv-v-octavianum-los-antecedentes-romanos\/","og_site_name":"Visit Sant Cugat","article_publisher":"https:\/\/www.facebook.com\/visitsantcugat\/","article_modified_time":"2020-03-04T10:14:59+00:00","og_image":[{"width":984,"height":502,"url":"https:\/\/visit.santcugat.cat\/wp-content\/uploads\/2023\/03\/CLAUSTRE-MONASTERIO-DE-SANT-CUGAT_resultado.webp","type":"image\/webp"}],"twitter_card":"summary_large_image","twitter_site":"@ajsantcugat","twitter_misc":{"Tiempo de lectura":"4 minutos"},"schema":{"@context":"https:\/\/schema.org","@graph":[{"@type":"WebPage","@id":"https:\/\/visit.santcugat.cat\/es\/s-iv-v-octavianum-los-antecedentes-romanos\/","url":"https:\/\/visit.santcugat.cat\/es\/s-iv-v-octavianum-los-antecedentes-romanos\/","name":"S. IV-V - \"Octavianum\". Los antecedentes romanos | Visit Sant Cugat","isPartOf":{"@id":"https:\/\/visit.santcugat.cat\/fr\/#website"},"datePublished":"2020-03-04T10:14:57+00:00","dateModified":"2020-03-04T10:14:59+00:00","breadcrumb":{"@id":"https:\/\/visit.santcugat.cat\/es\/s-iv-v-octavianum-los-antecedentes-romanos\/#breadcrumb"},"inLanguage":"es","potentialAction":[{"@type":"ReadAction","target":["https:\/\/visit.santcugat.cat\/es\/s-iv-v-octavianum-los-antecedentes-romanos\/"]}]},{"@type":"BreadcrumbList","@id":"https:\/\/visit.santcugat.cat\/es\/s-iv-v-octavianum-los-antecedentes-romanos\/#breadcrumb","itemListElement":[{"@type":"ListItem","position":1,"name":"Inici","item":"https:\/\/visit.santcugat.cat\/es\/"},{"@type":"ListItem","position":2,"name":"S. IV-V &#8211; &#8220;Octavianum&#8221;. Los antecedentes romanos"}]},{"@type":"WebSite","@id":"https:\/\/visit.santcugat.cat\/fr\/#website","url":"https:\/\/visit.santcugat.cat\/fr\/","name":"Visit Sant Cugat","description":"Turisme de Sant Cugat","publisher":{"@id":"https:\/\/visit.santcugat.cat\/fr\/#organization"},"potentialAction":[{"@type":"SearchAction","target":{"@type":"EntryPoint","urlTemplate":"https:\/\/visit.santcugat.cat\/fr\/?s={search_term_string}"},"query-input":{"@type":"PropertyValueSpecification","valueRequired":true,"valueName":"search_term_string"}}],"inLanguage":"es"},{"@type":"Organization","@id":"https:\/\/visit.santcugat.cat\/fr\/#organization","name":"Visit Sant Cugat - Turisme de Sant Cugat - Barcelona","url":"https:\/\/visit.santcugat.cat\/fr\/","logo":{"@type":"ImageObject","inLanguage":"es","@id":"https:\/\/visit.santcugat.cat\/fr\/#\/schema\/logo\/image\/","url":"https:\/\/visit.santcugat.cat\/wp-content\/uploads\/2020\/09\/logo.png","contentUrl":"https:\/\/visit.santcugat.cat\/wp-content\/uploads\/2020\/09\/logo.png","width":200,"height":44,"caption":"Visit Sant Cugat - Turisme de Sant Cugat - Barcelona"},"image":{"@id":"https:\/\/visit.santcugat.cat\/fr\/#\/schema\/logo\/image\/"},"sameAs":["https:\/\/www.facebook.com\/visitsantcugat\/","https:\/\/x.com\/ajsantcugat","https:\/\/www.instagram.com\/visitsantcugat\/","https:\/\/ca.wikipedia.org\/wiki\/Sant_Cugat_del_Vall\u00e8s"]}]}},"_links":{"self":[{"href":"https:\/\/visit.santcugat.cat\/es\/wp-json\/wp\/v2\/pages\/20460","targetHints":{"allow":["GET"]}}],"collection":[{"href":"https:\/\/visit.santcugat.cat\/es\/wp-json\/wp\/v2\/pages"}],"about":[{"href":"https:\/\/visit.santcugat.cat\/es\/wp-json\/wp\/v2\/types\/page"}],"author":[{"embeddable":true,"href":"https:\/\/visit.santcugat.cat\/es\/wp-json\/wp\/v2\/users\/2"}],"replies":[{"embeddable":true,"href":"https:\/\/visit.santcugat.cat\/es\/wp-json\/wp\/v2\/comments?post=20460"}],"version-history":[{"count":1,"href":"https:\/\/visit.santcugat.cat\/es\/wp-json\/wp\/v2\/pages\/20460\/revisions"}],"predecessor-version":[{"id":20461,"href":"https:\/\/visit.santcugat.cat\/es\/wp-json\/wp\/v2\/pages\/20460\/revisions\/20461"}],"wp:attachment":[{"href":"https:\/\/visit.santcugat.cat\/es\/wp-json\/wp\/v2\/media?parent=20460"}],"curies":[{"name":"wp","href":"https:\/\/api.w.org\/{rel}","templated":true}]}}