{"id":20149,"date":"2020-02-18T13:20:49","date_gmt":"2020-02-18T12:20:49","guid":{"rendered":"https:\/\/visit.santcugat.cat\/campanario\/"},"modified":"2023-12-03T22:03:43","modified_gmt":"2023-12-03T21:03:43","slug":"campanario","status":"publish","type":"page","link":"https:\/\/visit.santcugat.cat\/es\/campanario\/","title":{"rendered":"Campanario"},"content":{"rendered":"<p><div class=\"fusion-fullwidth fullwidth-box fusion-builder-row-1 nonhundred-percent-fullwidth non-hundred-percent-height-scrolling\" style=\"--awb-border-radius-top-left:0px;--awb-border-radius-top-right:0px;--awb-border-radius-bottom-right:0px;--awb-border-radius-bottom-left:0px;--awb-margin-top:15px;--awb-margin-bottom:0px;--awb-flex-wrap:wrap;\" ><div class=\"fusion-builder-row fusion-row\"><div class=\"fusion-layout-column fusion_builder_column fusion-builder-column-0 fusion_builder_column_1_1 1_1 fusion-one-full fusion-column-first fusion-column-last\" style=\"--awb-padding-top:20px;--awb-padding-right:40px;--awb-padding-bottom:1px;--awb-padding-left:40px;--awb-bg-color:#ffffff;--awb-bg-color-hover:#ffffff;--awb-bg-size:cover;--awb-border-color:#dddddd;--awb-border-top:1px;--awb-border-right:1px;--awb-border-bottom:1px;--awb-border-left:1px;--awb-border-style:solid;\"><div class=\"fusion-column-wrapper fusion-flex-column-wrapper-legacy\"><div class=\"fusion-column-content-centered\"><div class=\"fusion-column-content\"><div class=\"fusion-title title fusion-title-1 fusion-sep-none fusion-title-text fusion-title-size-two\"><h2 class=\"fusion-title-heading title-heading-left fusion-responsive-typography-calculated\" style=\"margin:0;--fontSize:26;line-height:1.69;\"><h2>El campanario, el \u00fanico testigo visible del segundo templo mon\u00e1stico<\/h2><\/h2><\/div><div class=\"fusion-text fusion-text-1\"><p>El campanario de la iglesia es uno de los elementos m\u00e1s emblem\u00e1ticos del complejo mon\u00e1stico. Construido durante varios periodos, esta estructura de cuarenta y dos metros de altura no se termina hasta el siglo XVIII. El repique de las campanas marca el ritmo de vida de los monjes y, a la vez, permite la comunicaci\u00f3n con la villa de Sant Cugat y sus cercan\u00edas bajo un c\u00f3digo de sonidos y ritmos conocido por todo el mundo.<\/p>\n<\/div><\/div><\/div><div class=\"fusion-clearfix\"><\/div><\/div><\/div><div class=\"fusion-layout-column fusion_builder_column fusion-builder-column-1 fusion_builder_column_1_2 1_2 fusion-one-half fusion-column-first fusion-animated\" style=\"--awb-padding-bottom:20px;--awb-bg-color:#f2f5f8;--awb-bg-color-hover:#f2f5f8;--awb-bg-size:cover;width:50%;width:calc(50% - ( ( 25px ) * 0.5 ) );margin-right: 25px;\" data-animationType=\"fadeInLeft\" data-animationDuration=\"0.6\" data-animationOffset=\"top-into-view\"><div class=\"fusion-column-wrapper fusion-flex-column-wrapper-legacy\"><div class=\"fusion-image-element fusion-image-align-center in-legacy-container\" style=\"text-align:center;--awb-caption-title-font-family:var(--h2_typography-font-family);--awb-caption-title-font-weight:var(--h2_typography-font-weight);--awb-caption-title-font-style:var(--h2_typography-font-style);--awb-caption-title-size:var(--h2_typography-font-size);--awb-caption-title-transform:var(--h2_typography-text-transform);--awb-caption-title-line-height:var(--h2_typography-line-height);--awb-caption-title-letter-spacing:var(--h2_typography-letter-spacing);\"><div class=\"imageframe-align-center\"><span class=\" fusion-imageframe imageframe-none imageframe-1 hover-type-none\"><img decoding=\"async\" width=\"600\" height=\"800\" alt=\"El campanario del Monasterio\" title=\"Campanario Iglesia Monasterio de Sant Cugat\" src=\"https:\/\/visit.santcugat.cat\/wp-content\/uploads\/2019\/01\/Campanar-Esglesia-Monestir-de-Sant-Cugat.jpg\" class=\"img-responsive wp-image-16819\" srcset=\"https:\/\/visit.santcugat.cat\/wp-content\/uploads\/2019\/01\/Campanar-Esglesia-Monestir-de-Sant-Cugat-200x267.jpg 200w, https:\/\/visit.santcugat.cat\/wp-content\/uploads\/2019\/01\/Campanar-Esglesia-Monestir-de-Sant-Cugat-400x533.jpg 400w, https:\/\/visit.santcugat.cat\/wp-content\/uploads\/2019\/01\/Campanar-Esglesia-Monestir-de-Sant-Cugat.jpg 600w\" sizes=\"(max-width: 800px) 100vw, 600px\" \/><\/span><\/div><\/div><div class=\"fusion-clearfix\"><\/div><\/div><\/div><div class=\"fusion-layout-column fusion_builder_column fusion-builder-column-2 fusion_builder_column_1_2 1_2 fusion-one-half fusion-column-last fusion-animated\" style=\"--awb-padding-bottom:20px;--awb-bg-color:#f2f5f8;--awb-bg-color-hover:#f2f5f8;--awb-bg-size:cover;width:50%;width:calc(50% - ( ( 25px ) * 0.5 ) );\" data-animationType=\"fadeInDown\" data-animationDuration=\"0.6\" data-animationOffset=\"top-into-view\"><div class=\"fusion-column-wrapper fusion-flex-column-wrapper-legacy\"><div class=\"fusion-image-element fusion-image-align-center in-legacy-container\" style=\"text-align:center;--awb-caption-title-font-family:var(--h2_typography-font-family);--awb-caption-title-font-weight:var(--h2_typography-font-weight);--awb-caption-title-font-style:var(--h2_typography-font-style);--awb-caption-title-size:var(--h2_typography-font-size);--awb-caption-title-transform:var(--h2_typography-text-transform);--awb-caption-title-line-height:var(--h2_typography-line-height);--awb-caption-title-letter-spacing:var(--h2_typography-letter-spacing);\"><div class=\"imageframe-align-center\"><span class=\" fusion-imageframe imageframe-none imageframe-2 hover-type-none\"><img decoding=\"async\" width=\"600\" height=\"800\" alt=\"El campanar de nit\" title=\"Campanario Iglesia Monasterio de Sant Cugat\" src=\"https:\/\/visit.santcugat.cat\/wp-content\/uploads\/2019\/01\/Campanar-Esglesia-Monestir-de-Sant-Cugat-1.jpg\" class=\"img-responsive wp-image-16824\" srcset=\"https:\/\/visit.santcugat.cat\/wp-content\/uploads\/2019\/01\/Campanar-Esglesia-Monestir-de-Sant-Cugat-1-200x267.jpg 200w, https:\/\/visit.santcugat.cat\/wp-content\/uploads\/2019\/01\/Campanar-Esglesia-Monestir-de-Sant-Cugat-1-400x533.jpg 400w, https:\/\/visit.santcugat.cat\/wp-content\/uploads\/2019\/01\/Campanar-Esglesia-Monestir-de-Sant-Cugat-1.jpg 600w\" sizes=\"(max-width: 800px) 100vw, 600px\" \/><\/span><\/div><\/div><div class=\"fusion-clearfix\"><\/div><\/div><\/div><div class=\"fusion-layout-column fusion_builder_column fusion-builder-column-3 fusion_builder_column_1_1 1_1 fusion-one-full fusion-column-first fusion-column-last\" style=\"--awb-padding-top:20px;--awb-padding-right:40px;--awb-padding-bottom:1px;--awb-padding-left:40px;--awb-bg-color:#ffffff;--awb-bg-color-hover:#ffffff;--awb-bg-size:cover;--awb-border-color:#dddddd;--awb-border-top:1px;--awb-border-right:1px;--awb-border-bottom:1px;--awb-border-left:1px;--awb-border-style:solid;\"><div class=\"fusion-column-wrapper fusion-flex-column-wrapper-legacy\"><div class=\"fusion-column-content-centered\"><div class=\"fusion-column-content\"><div class=\"fusion-text fusion-text-2\" style=\"--awb-text-transform:none;\"><p>El campanario es el \u00fanico testigo visible que ha quedado del segundo templo mon\u00e1stico. Inicialmente es concebido como un elemento externo, a pesar de que hoy en d\u00eda lo encontramos integrado en el edificio de la iglesia. Como que la altura y la monumentalidad del campanario requiere una fundamentaci\u00f3n s\u00f3lida, los constructores deciden construirlo encima de una de las torres de la antigua fortaleza romana. Las obras empiezan a partir del a\u00f1o 1062.<\/p>\n<p>El primer tramo de la construcci\u00f3n llega hasta las arcuaciones ciegas, un motivo de decoraci\u00f3n propio del <a href=\"http:\/\/www.arquivoltas.com\/presentacion\/presentacion06.htm\" target=\"_blank\" rel=\"noopener noreferrer nofollow\">estilo lombardo<\/a>, a pesar de que aqu\u00ed se llevan a cabo con dovelas de dos colores, blanco y rojo, de influencia isl\u00e1mica. Sobre estas arcuaciones hay un piso donde se adivinan unas aperturas que hoy encontramos tapadas, pero que serv\u00edan para instalar las primeras campanas, tal como vemos en la pintura del <a href=\"https:\/\/www.museunacional.cat\/es\/colleccio\/martirio-de-san-cucufate\/aine-bru\/015840-000\" target=\"_blank\" rel=\"noopener nofollow\">Martirio de santo Cugat<\/a>, del artista germ\u00e1nico\u00a0Ayne\u00a0Bru, de comienzo del siglo XVI, donde encontramos representada la iglesia del Monasterio tal como era entonces.<\/p>\n<p>El a\u00f1o 1760 la construcci\u00f3n avanza en altura por iniciativa del abad\u00a0Gayol\u00e0, y se construye un nuevo piso superior para las campanas lit\u00fargicas y, encima de este piso, dos peque\u00f1os cuerpos sobrepuestos para las campanas del reloj.<\/p>\n<p>Hoy la torre del campanario se divide en varios pisos, algunos de los cuales se pueden visitar. En la planta baja, actualmente encontramos la capilla de la Piedad, que en el siglo XVI se parti\u00f3 en altura para poder instalar el \u00f3rgano renacentista. En el segundo nivel se localiza el fuelle del \u00f3rgano actual, y en el tercero se observan las primitivas vueltas de ca\u00f1\u00f3n. En este mismo piso, encontramos una pasarela met\u00e1lica que pasa por encima de las capillas barrocas de la iglesia, a tocar de las antiguas vueltas g\u00f3ticas que las acogen en su interior. El cuarto nivel lo ocupa el reloj de finales del siglo XVII, que se ha restaurado recientemente y todav\u00eda se encarga de hacer sonar las campanas. El quinto piso es el espacio reservado para las cuatro campanas lit\u00fargicas. En el sexto se ubica la terraza superior, desde la cual podemos disfrutar de unas vistas extraordinarias y contemplar, en d\u00edas claros, los monasterios de Montserrat y Sant Lloren\u00e7 de Munt.<\/p>\n<\/div><\/div><\/div><div class=\"fusion-clearfix\"><\/div><\/div><\/div><\/div><\/div><div class=\"fusion-fullwidth fullwidth-box fusion-builder-row-2 nonhundred-percent-fullwidth non-hundred-percent-height-scrolling fusion-equal-height-columns\" style=\"--awb-background-position:left top;--awb-border-radius-top-left:0px;--awb-border-radius-top-right:0px;--awb-border-radius-bottom-right:0px;--awb-border-radius-bottom-left:0px;--awb-padding-top:2%;--awb-padding-bottom:2%;--awb-flex-wrap:wrap;\" ><div class=\"fusion-builder-row fusion-row\"><\/div><\/div><\/p>\n","protected":false},"excerpt":{"rendered":"","protected":false},"author":2,"featured_media":0,"parent":0,"menu_order":0,"comment_status":"closed","ping_status":"closed","template":"","meta":{"_joinchat":[],"footnotes":""},"class_list":["post-20149","page","type-page","status-publish","hentry"],"yoast_head":"<!-- This site is optimized with the Yoast SEO plugin v26.7 - https:\/\/yoast.com\/wordpress\/plugins\/seo\/ -->\n<title>Campanario del Monasterio | Visit Sant Cugat<\/title>\n<meta name=\"description\" content=\"El campanario del Monasterio de Sant Cugat es uno de los m\u00e1s bellos miradores de la ciudad (no siempre visitable)\" \/>\n<meta name=\"robots\" content=\"index, follow, max-snippet:-1, max-image-preview:large, max-video-preview:-1\" \/>\n<link rel=\"canonical\" href=\"https:\/\/visit.santcugat.cat\/es\/campanario\/\" \/>\n<meta property=\"og:locale\" content=\"es_ES\" \/>\n<meta property=\"og:type\" content=\"article\" \/>\n<meta property=\"og:title\" content=\"Campanario del Monasterio | Visit Sant Cugat\" \/>\n<meta property=\"og:description\" content=\"El campanario del Monasterio de Sant Cugat es uno de los m\u00e1s bellos miradores de la ciudad (no siempre visitable)\" \/>\n<meta property=\"og:url\" content=\"https:\/\/visit.santcugat.cat\/es\/campanario\/\" \/>\n<meta property=\"og:site_name\" content=\"Visit Sant Cugat\" \/>\n<meta property=\"article:publisher\" content=\"https:\/\/www.facebook.com\/visitsantcugat\/\" \/>\n<meta property=\"article:modified_time\" content=\"2023-12-03T21:03:43+00:00\" \/>\n<meta property=\"og:image\" content=\"https:\/\/visit.santcugat.cat\/wp-content\/uploads\/2023\/03\/CLAUSTRE-MONASTERIO-DE-SANT-CUGAT_resultado.webp\" \/>\n\t<meta property=\"og:image:width\" content=\"984\" \/>\n\t<meta property=\"og:image:height\" content=\"502\" \/>\n\t<meta property=\"og:image:type\" content=\"image\/webp\" \/>\n<meta name=\"twitter:card\" content=\"summary_large_image\" \/>\n<meta name=\"twitter:site\" content=\"@ajsantcugat\" \/>\n<meta name=\"twitter:label1\" content=\"Tiempo de lectura\" \/>\n\t<meta name=\"twitter:data1\" content=\"9 minutos\" \/>\n<script type=\"application\/ld+json\" class=\"yoast-schema-graph\">{\"@context\":\"https:\/\/schema.org\",\"@graph\":[{\"@type\":\"WebPage\",\"@id\":\"https:\/\/visit.santcugat.cat\/es\/campanario\/\",\"url\":\"https:\/\/visit.santcugat.cat\/es\/campanario\/\",\"name\":\"Campanario del Monasterio | Visit Sant Cugat\",\"isPartOf\":{\"@id\":\"https:\/\/visit.santcugat.cat\/fr\/#website\"},\"datePublished\":\"2020-02-18T12:20:49+00:00\",\"dateModified\":\"2023-12-03T21:03:43+00:00\",\"description\":\"El campanario del Monasterio de Sant Cugat es uno de los m\u00e1s bellos miradores de la ciudad (no siempre visitable)\",\"breadcrumb\":{\"@id\":\"https:\/\/visit.santcugat.cat\/es\/campanario\/#breadcrumb\"},\"inLanguage\":\"es\",\"potentialAction\":[{\"@type\":\"ReadAction\",\"target\":[\"https:\/\/visit.santcugat.cat\/es\/campanario\/\"]}]},{\"@type\":\"BreadcrumbList\",\"@id\":\"https:\/\/visit.santcugat.cat\/es\/campanario\/#breadcrumb\",\"itemListElement\":[{\"@type\":\"ListItem\",\"position\":1,\"name\":\"Inici\",\"item\":\"https:\/\/visit.santcugat.cat\/es\/\"},{\"@type\":\"ListItem\",\"position\":2,\"name\":\"Campanario\"}]},{\"@type\":\"WebSite\",\"@id\":\"https:\/\/visit.santcugat.cat\/fr\/#website\",\"url\":\"https:\/\/visit.santcugat.cat\/fr\/\",\"name\":\"Visit Sant Cugat\",\"description\":\"Turisme de Sant Cugat\",\"publisher\":{\"@id\":\"https:\/\/visit.santcugat.cat\/fr\/#organization\"},\"potentialAction\":[{\"@type\":\"SearchAction\",\"target\":{\"@type\":\"EntryPoint\",\"urlTemplate\":\"https:\/\/visit.santcugat.cat\/fr\/?s={search_term_string}\"},\"query-input\":{\"@type\":\"PropertyValueSpecification\",\"valueRequired\":true,\"valueName\":\"search_term_string\"}}],\"inLanguage\":\"es\"},{\"@type\":\"Organization\",\"@id\":\"https:\/\/visit.santcugat.cat\/fr\/#organization\",\"name\":\"Visit Sant Cugat - Turisme de Sant Cugat - Barcelona\",\"url\":\"https:\/\/visit.santcugat.cat\/fr\/\",\"logo\":{\"@type\":\"ImageObject\",\"inLanguage\":\"es\",\"@id\":\"https:\/\/visit.santcugat.cat\/fr\/#\/schema\/logo\/image\/\",\"url\":\"https:\/\/visit.santcugat.cat\/wp-content\/uploads\/2020\/09\/logo.png\",\"contentUrl\":\"https:\/\/visit.santcugat.cat\/wp-content\/uploads\/2020\/09\/logo.png\",\"width\":200,\"height\":44,\"caption\":\"Visit Sant Cugat - Turisme de Sant Cugat - Barcelona\"},\"image\":{\"@id\":\"https:\/\/visit.santcugat.cat\/fr\/#\/schema\/logo\/image\/\"},\"sameAs\":[\"https:\/\/www.facebook.com\/visitsantcugat\/\",\"https:\/\/x.com\/ajsantcugat\",\"https:\/\/www.instagram.com\/visitsantcugat\/\",\"https:\/\/ca.wikipedia.org\/wiki\/Sant_Cugat_del_Vall\u00e8s\"]}]}<\/script>\n<!-- \/ Yoast SEO plugin. -->","yoast_head_json":{"title":"Campanario del Monasterio | Visit Sant Cugat","description":"El campanario del Monasterio de Sant Cugat es uno de los m\u00e1s bellos miradores de la ciudad (no siempre visitable)","robots":{"index":"index","follow":"follow","max-snippet":"max-snippet:-1","max-image-preview":"max-image-preview:large","max-video-preview":"max-video-preview:-1"},"canonical":"https:\/\/visit.santcugat.cat\/es\/campanario\/","og_locale":"es_ES","og_type":"article","og_title":"Campanario del Monasterio | Visit Sant Cugat","og_description":"El campanario del Monasterio de Sant Cugat es uno de los m\u00e1s bellos miradores de la ciudad (no siempre visitable)","og_url":"https:\/\/visit.santcugat.cat\/es\/campanario\/","og_site_name":"Visit Sant Cugat","article_publisher":"https:\/\/www.facebook.com\/visitsantcugat\/","article_modified_time":"2023-12-03T21:03:43+00:00","og_image":[{"width":984,"height":502,"url":"https:\/\/visit.santcugat.cat\/wp-content\/uploads\/2023\/03\/CLAUSTRE-MONASTERIO-DE-SANT-CUGAT_resultado.webp","type":"image\/webp"}],"twitter_card":"summary_large_image","twitter_site":"@ajsantcugat","twitter_misc":{"Tiempo de lectura":"9 minutos"},"schema":{"@context":"https:\/\/schema.org","@graph":[{"@type":"WebPage","@id":"https:\/\/visit.santcugat.cat\/es\/campanario\/","url":"https:\/\/visit.santcugat.cat\/es\/campanario\/","name":"Campanario del Monasterio | Visit Sant Cugat","isPartOf":{"@id":"https:\/\/visit.santcugat.cat\/fr\/#website"},"datePublished":"2020-02-18T12:20:49+00:00","dateModified":"2023-12-03T21:03:43+00:00","description":"El campanario del Monasterio de Sant Cugat es uno de los m\u00e1s bellos miradores de la ciudad (no siempre visitable)","breadcrumb":{"@id":"https:\/\/visit.santcugat.cat\/es\/campanario\/#breadcrumb"},"inLanguage":"es","potentialAction":[{"@type":"ReadAction","target":["https:\/\/visit.santcugat.cat\/es\/campanario\/"]}]},{"@type":"BreadcrumbList","@id":"https:\/\/visit.santcugat.cat\/es\/campanario\/#breadcrumb","itemListElement":[{"@type":"ListItem","position":1,"name":"Inici","item":"https:\/\/visit.santcugat.cat\/es\/"},{"@type":"ListItem","position":2,"name":"Campanario"}]},{"@type":"WebSite","@id":"https:\/\/visit.santcugat.cat\/fr\/#website","url":"https:\/\/visit.santcugat.cat\/fr\/","name":"Visit Sant Cugat","description":"Turisme de Sant Cugat","publisher":{"@id":"https:\/\/visit.santcugat.cat\/fr\/#organization"},"potentialAction":[{"@type":"SearchAction","target":{"@type":"EntryPoint","urlTemplate":"https:\/\/visit.santcugat.cat\/fr\/?s={search_term_string}"},"query-input":{"@type":"PropertyValueSpecification","valueRequired":true,"valueName":"search_term_string"}}],"inLanguage":"es"},{"@type":"Organization","@id":"https:\/\/visit.santcugat.cat\/fr\/#organization","name":"Visit Sant Cugat - Turisme de Sant Cugat - Barcelona","url":"https:\/\/visit.santcugat.cat\/fr\/","logo":{"@type":"ImageObject","inLanguage":"es","@id":"https:\/\/visit.santcugat.cat\/fr\/#\/schema\/logo\/image\/","url":"https:\/\/visit.santcugat.cat\/wp-content\/uploads\/2020\/09\/logo.png","contentUrl":"https:\/\/visit.santcugat.cat\/wp-content\/uploads\/2020\/09\/logo.png","width":200,"height":44,"caption":"Visit Sant Cugat - Turisme de Sant Cugat - Barcelona"},"image":{"@id":"https:\/\/visit.santcugat.cat\/fr\/#\/schema\/logo\/image\/"},"sameAs":["https:\/\/www.facebook.com\/visitsantcugat\/","https:\/\/x.com\/ajsantcugat","https:\/\/www.instagram.com\/visitsantcugat\/","https:\/\/ca.wikipedia.org\/wiki\/Sant_Cugat_del_Vall\u00e8s"]}]}},"_links":{"self":[{"href":"https:\/\/visit.santcugat.cat\/es\/wp-json\/wp\/v2\/pages\/20149","targetHints":{"allow":["GET"]}}],"collection":[{"href":"https:\/\/visit.santcugat.cat\/es\/wp-json\/wp\/v2\/pages"}],"about":[{"href":"https:\/\/visit.santcugat.cat\/es\/wp-json\/wp\/v2\/types\/page"}],"author":[{"embeddable":true,"href":"https:\/\/visit.santcugat.cat\/es\/wp-json\/wp\/v2\/users\/2"}],"replies":[{"embeddable":true,"href":"https:\/\/visit.santcugat.cat\/es\/wp-json\/wp\/v2\/comments?post=20149"}],"version-history":[{"count":5,"href":"https:\/\/visit.santcugat.cat\/es\/wp-json\/wp\/v2\/pages\/20149\/revisions"}],"predecessor-version":[{"id":39089,"href":"https:\/\/visit.santcugat.cat\/es\/wp-json\/wp\/v2\/pages\/20149\/revisions\/39089"}],"wp:attachment":[{"href":"https:\/\/visit.santcugat.cat\/es\/wp-json\/wp\/v2\/media?parent=20149"}],"curies":[{"name":"wp","href":"https:\/\/api.w.org\/{rel}","templated":true}]}}