{"id":20143,"date":"2020-02-18T12:56:18","date_gmt":"2020-02-18T11:56:18","guid":{"rendered":"https:\/\/visit.santcugat.cat\/palacio-abacial\/"},"modified":"2023-12-03T21:54:38","modified_gmt":"2023-12-03T20:54:38","slug":"palacio-abacial","status":"publish","type":"page","link":"https:\/\/visit.santcugat.cat\/es\/palacio-abacial\/","title":{"rendered":"Palacio Abacial"},"content":{"rendered":"<p><div class=\"fusion-fullwidth fullwidth-box fusion-builder-row-1 nonhundred-percent-fullwidth non-hundred-percent-height-scrolling\" style=\"--awb-border-radius-top-left:0px;--awb-border-radius-top-right:0px;--awb-border-radius-bottom-right:0px;--awb-border-radius-bottom-left:0px;--awb-margin-top:15px;--awb-margin-bottom:0px;--awb-flex-wrap:wrap;\" ><div class=\"fusion-builder-row fusion-row\"><div class=\"fusion-layout-column fusion_builder_column fusion-builder-column-0 fusion_builder_column_1_1 1_1 fusion-one-full fusion-column-first fusion-column-last\" style=\"--awb-padding-top:20px;--awb-padding-right:40px;--awb-padding-bottom:1px;--awb-padding-left:40px;--awb-bg-color:#ffffff;--awb-bg-color-hover:#ffffff;--awb-bg-size:cover;--awb-border-color:#dddddd;--awb-border-top:1px;--awb-border-right:1px;--awb-border-bottom:1px;--awb-border-left:1px;--awb-border-style:solid;\"><div class=\"fusion-column-wrapper fusion-flex-column-wrapper-legacy\"><div class=\"fusion-column-content-centered\"><div class=\"fusion-column-content\"><div class=\"fusion-title title fusion-title-1 fusion-sep-none fusion-title-text fusion-title-size-two\"><h2 class=\"fusion-title-heading title-heading-left fusion-responsive-typography-calculated\" style=\"margin:0;--fontSize:26;line-height:1.69;\"><h2>Palacio Abacial, s\u00edmbolo del poder feudal del Monasterio de Sant Cugat<\/h2><\/h2><\/div><div class=\"fusion-text fusion-text-1\"><p>Aprovechando los restos de un edificio m\u00e1s antiguo, seguramente un hospital, en el siglo XIII se construye un castillo donde los diferentes reyes de Arag\u00f3n pasaban algunas temporadas. La fortaleza, s\u00edmbolo del poder feudal del Monasterio, acontece finalmente la residencia del abad a partir del siglo XIV. Dispone de una cisterna anexa y elevada para abastecer de agua a los monjes y el surtidor del Claustro. La orden de Felipe V de destruir los castillos catalanes obliga a transformar el edificio en un palacio, de forma que se alteran las fachadas y se construye encima del antiguo patio g\u00f3tico. Desde la exclaustraci\u00f3n mon\u00e1stica, acoge la casa parroquial.<\/p>\n<\/div><\/div><\/div><div class=\"fusion-clearfix\"><\/div><\/div><\/div><\/div><\/div><div class=\"fusion-fullwidth fullwidth-box fusion-builder-row-2 nonhundred-percent-fullwidth non-hundred-percent-height-scrolling\" style=\"--awb-background-position:left top;--awb-border-radius-top-left:0px;--awb-border-radius-top-right:0px;--awb-border-radius-bottom-right:0px;--awb-border-radius-bottom-left:0px;--awb-padding-top:2%;--awb-padding-bottom:2%;--awb-flex-wrap:wrap;\" ><div class=\"fusion-builder-row fusion-row\"><div class=\"fusion-layout-column fusion_builder_column fusion-builder-column-1 fusion_builder_column_1_2 1_2 fusion-one-half fusion-column-first fusion-animated\" style=\"--awb-padding-bottom:20px;--awb-bg-color:#f2f5f8;--awb-bg-color-hover:#f2f5f8;--awb-bg-size:cover;width:50%;width:calc(50% - ( ( 25px ) * 0.5 ) );margin-right: 25px;\" data-animationType=\"fadeInLeft\" data-animationDuration=\"0.6\" data-animationOffset=\"top-into-view\"><div class=\"fusion-column-wrapper fusion-flex-column-wrapper-legacy\"><div class=\"fusion-image-element fusion-image-align-center in-legacy-container\" style=\"text-align:center;--awb-caption-title-font-family:var(--h2_typography-font-family);--awb-caption-title-font-weight:var(--h2_typography-font-weight);--awb-caption-title-font-style:var(--h2_typography-font-style);--awb-caption-title-size:var(--h2_typography-font-size);--awb-caption-title-transform:var(--h2_typography-text-transform);--awb-caption-title-line-height:var(--h2_typography-line-height);--awb-caption-title-letter-spacing:var(--h2_typography-letter-spacing);\"><div class=\"imageframe-align-center\"><span class=\" fusion-imageframe imageframe-none imageframe-1 hover-type-none\"><img decoding=\"async\" width=\"600\" height=\"400\" alt=\"Palacio abacial\" title=\"41cABACIAL-compressor\" src=\"https:\/\/visit.santcugat.cat\/wp-content\/uploads\/2018\/12\/41cABACIAL-compressor.jpg\" class=\"img-responsive wp-image-16574\" srcset=\"https:\/\/visit.santcugat.cat\/wp-content\/uploads\/2018\/12\/41cABACIAL-compressor-200x133.jpg 200w, https:\/\/visit.santcugat.cat\/wp-content\/uploads\/2018\/12\/41cABACIAL-compressor-400x267.jpg 400w, https:\/\/visit.santcugat.cat\/wp-content\/uploads\/2018\/12\/41cABACIAL-compressor.jpg 600w\" sizes=\"(max-width: 800px) 100vw, 600px\" \/><\/span><\/div><\/div><div class=\"fusion-builder-row fusion-builder-row-inner fusion-row\"><div class=\"fusion-layout-column fusion_builder_column_inner fusion-builder-nested-column-0 fusion_builder_column_inner_1_1 1_1 fusion-one-full fusion-column-first fusion-column-last\" style=\"--awb-padding-top:30px;--awb-padding-right:20px;--awb-padding-bottom:30px;--awb-padding-left:20px;--awb-bg-color:#ffffff;--awb-bg-color-hover:#ffffff;--awb-bg-size:cover;\"><div class=\"fusion-column-wrapper fusion-flex-column-wrapper-legacy\"><div class=\"fusion-title title fusion-title-2 fusion-sep-none fusion-title-center fusion-title-text fusion-title-size-three\" style=\"--awb-margin-bottom:10px;\"><h3 class=\"fusion-title-heading title-heading-center fusion-responsive-typography-calculated\" style=\"margin:0;--fontSize:24;line-height:1.67;\"><h2 style=\"text-align: center;\">De hospital a Palacio Abacial<\/h2><\/h3><\/div><div class=\"fusion-text fusion-text-2\"><p>En el siglo X hay un primer edificio en el lugar que hoy en d\u00eda ocupa el Palacio Abacial, probablemente un hospital para acoger a pobres y peregrinos. Doscientos a\u00f1os m\u00e1s tarde, el hospital se traslada al otro lado de la plaza de Octavi\u00e0, en la calle de nombre hom\u00f3nimo.<\/p>\n<\/div><div class=\"accordian fusion-accordian\" style=\"--awb-border-size:1px;--awb-icon-size:15px;--awb-content-font-size:16px;--awb-icon-alignment:left;--awb-hover-color:#f9f9f9;--awb-border-color:#cccccc;--awb-background-color:#ffffff;--awb-divider-color:#7ac142;--awb-divider-hover-color:#7ac142;--awb-icon-color:#ffffff;--awb-title-color:#7ac142;--awb-content-color:#666666;--awb-icon-box-color:#7ac142;--awb-toggle-hover-accent-color:#64bc47;--awb-title-font-family:&quot;Roboto&quot;;--awb-title-font-weight:400;--awb-title-font-style:normal;--awb-title-font-size:15px;--awb-content-font-family:&quot;Roboto&quot;;--awb-content-font-style:normal;--awb-content-font-weight:400;\"><div class=\"panel-group fusion-toggle-icon-boxed\" id=\"accordion-20143-1\"><div class=\"fusion-panel panel-default panel-80512dcf02b1193c8 fusion-toggle-no-divider\"><div class=\"panel-heading\"><h4 class=\"panel-title toggle\" id=\"toggle_80512dcf02b1193c8\"><a aria-expanded=\"false\" aria-controls=\"80512dcf02b1193c8\" role=\"button\" data-toggle=\"collapse\" data-parent=\"#accordion-20143-1\" data-target=\"#80512dcf02b1193c8\" href=\"#80512dcf02b1193c8\"><span class=\"fusion-toggle-icon-wrapper\" aria-hidden=\"true\"><i class=\"fa-fusion-box active-icon awb-icon-minus\" aria-hidden=\"true\"><\/i><i class=\"fa-fusion-box inactive-icon awb-icon-plus\" aria-hidden=\"true\"><\/i><\/span><span class=\"fusion-toggle-heading\">Lee m\u00e1s<\/span><\/a><\/h4><\/div><div id=\"80512dcf02b1193c8\" class=\"panel-collapse collapse \" aria-labelledby=\"toggle_80512dcf02b1193c8\"><div class=\"panel-body toggle-content fusion-clearfix\">\n<p>Aprovechando los restos del edificio anterior, en el siglo XIII se construye el castillo de Octavi\u00e0, ampliado en el siglo XIV. M\u00e1s que una fortaleza militar, siempre ha sido un elemento de prestigio, s\u00edmbolo del se\u00f1or\u00edo feudal de los monjes. Diferentes reyes de Arag\u00f3n lo empleaban para pasar temporadas, de forma que cumple la misma funci\u00f3n que el palacio real de Poblet o el de Santas Creus. El 1343 sirve de prisi\u00f3n al rey Jaime III de Mallorca, derrotado por Pedro III el Ceremonioso.<\/p>\n<p>Para atender la orden de Felipe V de destruir las fortificaciones, en 1716 los monjes optan por abrir ventanas y balcones en las fachadas con la finalidad de que pierda el aire militar y adopte la fisionom\u00eda de un palacio, el del abad. Sobre las almenas se construyen tejados y los espacios que hay entre ellos se tapian o se transforman en ventanas. Tambi\u00e9n se elevan los techos interiores y se colocan puertas m\u00e1s altas y se\u00f1oriales. El abad Llupi\u00e0 edifica el patio g\u00f3tico y cubre la escalera, y tambi\u00e9n planta su escudo en el front\u00f3n de la nueva puerta de entrada. El 1844 se convierte en casa rectoral, una funci\u00f3n que todav\u00eda desarrolla.<\/p>\n<\/div><\/div><\/div><\/div><\/div><div class=\"fusion-clearfix\"><\/div><\/div><\/div><\/div><div class=\"fusion-clearfix\"><\/div><\/div><\/div><div class=\"fusion-layout-column fusion_builder_column fusion-builder-column-2 fusion_builder_column_1_2 1_2 fusion-one-half fusion-column-last fusion-animated\" style=\"--awb-padding-bottom:20px;--awb-bg-color:#f2f5f8;--awb-bg-color-hover:#f2f5f8;--awb-bg-size:cover;width:50%;width:calc(50% - ( ( 25px ) * 0.5 ) );\" data-animationType=\"fadeInDown\" data-animationDuration=\"0.6\" data-animationOffset=\"top-into-view\"><div class=\"fusion-column-wrapper fusion-flex-column-wrapper-legacy\"><div class=\"fusion-image-element fusion-image-align-center in-legacy-container\" style=\"text-align:center;--awb-caption-title-font-family:var(--h2_typography-font-family);--awb-caption-title-font-weight:var(--h2_typography-font-weight);--awb-caption-title-font-style:var(--h2_typography-font-style);--awb-caption-title-size:var(--h2_typography-font-size);--awb-caption-title-transform:var(--h2_typography-text-transform);--awb-caption-title-line-height:var(--h2_typography-line-height);--awb-caption-title-letter-spacing:var(--h2_typography-letter-spacing);\"><div class=\"imageframe-align-center\"><span class=\" fusion-imageframe imageframe-none imageframe-2 hover-type-none\"><img decoding=\"async\" width=\"600\" height=\"400\" alt=\"cisterna del monasterio\" title=\"Cisterna-del-monasterio_Monasterio-de-Sant-Cugat-compressor\" src=\"https:\/\/visit.santcugat.cat\/wp-content\/uploads\/2018\/12\/Cisterna-del-monestir_Monestir-de-Sant-Cugat-compressor.jpg\" class=\"img-responsive wp-image-16578\" srcset=\"https:\/\/visit.santcugat.cat\/wp-content\/uploads\/2018\/12\/Cisterna-del-monestir_Monestir-de-Sant-Cugat-compressor-200x133.jpg 200w, https:\/\/visit.santcugat.cat\/wp-content\/uploads\/2018\/12\/Cisterna-del-monestir_Monestir-de-Sant-Cugat-compressor-400x267.jpg 400w, https:\/\/visit.santcugat.cat\/wp-content\/uploads\/2018\/12\/Cisterna-del-monestir_Monestir-de-Sant-Cugat-compressor.jpg 600w\" sizes=\"(max-width: 800px) 100vw, 600px\" \/><\/span><\/div><\/div><div class=\"fusion-builder-row fusion-builder-row-inner fusion-row\"><div class=\"fusion-layout-column fusion_builder_column_inner fusion-builder-nested-column-1 fusion_builder_column_inner_1_1 1_1 fusion-one-full fusion-column-first fusion-column-last\" style=\"--awb-padding-top:30px;--awb-padding-right:20px;--awb-padding-bottom:30px;--awb-padding-left:20px;--awb-bg-color:#ffffff;--awb-bg-color-hover:#ffffff;--awb-bg-size:cover;\"><div class=\"fusion-column-wrapper fusion-flex-column-wrapper-legacy\"><div class=\"fusion-title title fusion-title-3 fusion-sep-none fusion-title-center fusion-title-text fusion-title-size-three\" style=\"--awb-margin-bottom:10px;\"><h3 class=\"fusion-title-heading title-heading-center fusion-responsive-typography-calculated\" style=\"margin:0;--fontSize:24;line-height:1.67;\"><h2 style=\"text-align: center;\">Cisterna del Monasterio<\/h2><\/h3><\/div><div class=\"fusion-text fusion-text-3\"><p>El abastecimiento de agua en el Monasterio y la villa de Sant Cugat ha sido siempre por medio de pozos. La construcci\u00f3n del Claustro rom\u00e1nico y la voluntad de querer disponer de un surtidor central obliga a ir a buscar el agua a una cierta distancia y a construir una mina o conducci\u00f3n&#8230;<\/p>\n<\/div><div class=\"accordian fusion-accordian\" style=\"--awb-border-size:1px;--awb-icon-size:15px;--awb-content-font-size:16px;--awb-icon-alignment:left;--awb-hover-color:#f9f9f9;--awb-border-color:#cccccc;--awb-background-color:#ffffff;--awb-divider-color:#7ac142;--awb-divider-hover-color:#7ac142;--awb-icon-color:#ffffff;--awb-title-color:#7ac142;--awb-content-color:#666666;--awb-icon-box-color:#7ac142;--awb-toggle-hover-accent-color:#64bc47;--awb-title-font-family:&quot;Roboto&quot;;--awb-title-font-weight:400;--awb-title-font-style:normal;--awb-title-font-size:15px;--awb-content-font-family:&quot;Roboto&quot;;--awb-content-font-style:normal;--awb-content-font-weight:400;\"><div class=\"panel-group fusion-toggle-icon-boxed\" id=\"accordion-20143-2\"><div class=\"fusion-panel panel-default panel-341c84e01a3da6272 fusion-toggle-no-divider\"><div class=\"panel-heading\"><h4 class=\"panel-title toggle\" id=\"toggle_341c84e01a3da6272\"><a aria-expanded=\"false\" aria-controls=\"341c84e01a3da6272\" role=\"button\" data-toggle=\"collapse\" data-parent=\"#accordion-20143-2\" data-target=\"#341c84e01a3da6272\" href=\"#341c84e01a3da6272\"><span class=\"fusion-toggle-icon-wrapper\" aria-hidden=\"true\"><i class=\"fa-fusion-box active-icon awb-icon-minus\" aria-hidden=\"true\"><\/i><i class=\"fa-fusion-box inactive-icon awb-icon-plus\" aria-hidden=\"true\"><\/i><\/span><span class=\"fusion-toggle-heading\">Lee m\u00e1s<\/span><\/a><\/h4><\/div><div id=\"341c84e01a3da6272\" class=\"panel-collapse collapse \" aria-labelledby=\"toggle_341c84e01a3da6272\"><div class=\"panel-body toggle-content fusion-clearfix\">\n<p>que acabe en una cisterna elevada. De este modo la diferencia de nivel entre la cisterna y el centro del Claustro permite que, por medio de un vaso comunicante, haya bastante presi\u00f3n para hacer salir un rayo vertical.<br \/>\nEl Monasterio est\u00e1 situado entre dos rieras, la de Sant Cugat y la de Vulpelleres. Por razones topogr\u00e1ficas, se escoge la segunda, que facilita el trazado de la conducci\u00f3n desde el origen hasta el cenobio. El agua transportada es de uso exclusivo del Monasterio y solo en un corto periodo del siglo XVIII tambi\u00e9n alcanza la \u00fanica fuente de la villa. En el momento de la desamortizaci\u00f3n, como es natural, es uno de los primeros bienes reclamados.<br \/>\nLa cisterna es un cuerpo prism\u00e1tico construido con sillares, de planta rectangular, actualmente integrado en el Palacio Abacial. En el espacio norte, hay una portezuela de hierro que actuaba de aliviadero, bajo la cual hab\u00eda habido un sepulcro romano de m\u00e1rmol que hac\u00eda de abrevadero, que hoy en d\u00eda se localiza en el Museo de Arqueolog\u00eda de Catalu\u00f1a, sustituido por una pica de piedra. Encima de la portezuela se encuentra la representaci\u00f3n m\u00e1s antigua del escudo her\u00e1ldico del Monasterio, consistente en un castillo: el <em>castrum Octavianum<\/em>.<\/p>\n<\/div><\/div><\/div><\/div><\/div><div class=\"fusion-clearfix\"><\/div><\/div><\/div><\/div><div class=\"fusion-clearfix\"><\/div><\/div><\/div><\/div><\/div><\/p>\n","protected":false},"excerpt":{"rendered":"","protected":false},"author":2,"featured_media":0,"parent":0,"menu_order":0,"comment_status":"closed","ping_status":"closed","template":"","meta":{"_joinchat":[],"footnotes":""},"class_list":["post-20143","page","type-page","status-publish","hentry"],"yoast_head":"<!-- This site is optimized with the Yoast SEO plugin v27.4 - https:\/\/yoast.com\/product\/yoast-seo-wordpress\/ -->\n<title>Palacio Abacial | Visit Sant Cugat<\/title>\n<meta name=\"description\" content=\"Palacio Abacial, s\u00edmbolo del poder feudal del Monasterio de Sant Cugat, anteriormente fue hospital y hubo una cisterna.\" \/>\n<meta name=\"robots\" content=\"index, follow, max-snippet:-1, max-image-preview:large, max-video-preview:-1\" \/>\n<link rel=\"canonical\" href=\"https:\/\/visit.santcugat.cat\/es\/palacio-abacial\/\" \/>\n<meta property=\"og:locale\" content=\"es_ES\" \/>\n<meta property=\"og:type\" content=\"article\" \/>\n<meta property=\"og:title\" content=\"Palacio Abacial | Visit Sant Cugat\" \/>\n<meta property=\"og:description\" content=\"Palacio Abacial, s\u00edmbolo del poder feudal del Monasterio de Sant Cugat, anteriormente fue hospital y hubo una cisterna.\" \/>\n<meta property=\"og:url\" content=\"https:\/\/visit.santcugat.cat\/es\/palacio-abacial\/\" \/>\n<meta property=\"og:site_name\" content=\"Visit Sant Cugat\" \/>\n<meta property=\"article:publisher\" content=\"https:\/\/www.facebook.com\/visitsantcugat\/\" \/>\n<meta property=\"article:modified_time\" content=\"2023-12-03T20:54:38+00:00\" \/>\n<meta property=\"og:image\" content=\"https:\/\/visit.santcugat.cat\/wp-content\/uploads\/2023\/03\/CLAUSTRE-MONASTERIO-DE-SANT-CUGAT_resultado.webp\" \/>\n\t<meta property=\"og:image:width\" content=\"984\" \/>\n\t<meta property=\"og:image:height\" content=\"502\" \/>\n\t<meta property=\"og:image:type\" content=\"image\/webp\" \/>\n<meta name=\"twitter:card\" content=\"summary_large_image\" \/>\n<meta name=\"twitter:site\" content=\"@ajsantcugat\" \/>\n<meta name=\"twitter:label1\" content=\"Tiempo de lectura\" \/>\n\t<meta name=\"twitter:data1\" content=\"12 minutos\" \/>\n<script type=\"application\/ld+json\" class=\"yoast-schema-graph\">{\"@context\":\"https:\\\/\\\/schema.org\",\"@graph\":[{\"@type\":\"WebPage\",\"@id\":\"https:\\\/\\\/visit.santcugat.cat\\\/es\\\/palacio-abacial\\\/\",\"url\":\"https:\\\/\\\/visit.santcugat.cat\\\/es\\\/palacio-abacial\\\/\",\"name\":\"Palacio Abacial | Visit Sant Cugat\",\"isPartOf\":{\"@id\":\"https:\\\/\\\/visit.santcugat.cat\\\/fr\\\/#website\"},\"datePublished\":\"2020-02-18T11:56:18+00:00\",\"dateModified\":\"2023-12-03T20:54:38+00:00\",\"description\":\"Palacio Abacial, s\u00edmbolo del poder feudal del Monasterio de Sant Cugat, anteriormente fue hospital y hubo una cisterna.\",\"breadcrumb\":{\"@id\":\"https:\\\/\\\/visit.santcugat.cat\\\/es\\\/palacio-abacial\\\/#breadcrumb\"},\"inLanguage\":\"es\",\"potentialAction\":[{\"@type\":\"ReadAction\",\"target\":[\"https:\\\/\\\/visit.santcugat.cat\\\/es\\\/palacio-abacial\\\/\"]}]},{\"@type\":\"BreadcrumbList\",\"@id\":\"https:\\\/\\\/visit.santcugat.cat\\\/es\\\/palacio-abacial\\\/#breadcrumb\",\"itemListElement\":[{\"@type\":\"ListItem\",\"position\":1,\"name\":\"Inici\",\"item\":\"https:\\\/\\\/visit.santcugat.cat\\\/es\\\/\"},{\"@type\":\"ListItem\",\"position\":2,\"name\":\"Palacio Abacial\"}]},{\"@type\":\"WebSite\",\"@id\":\"https:\\\/\\\/visit.santcugat.cat\\\/fr\\\/#website\",\"url\":\"https:\\\/\\\/visit.santcugat.cat\\\/fr\\\/\",\"name\":\"Visit Sant Cugat\",\"description\":\"Turisme de Sant Cugat\",\"publisher\":{\"@id\":\"https:\\\/\\\/visit.santcugat.cat\\\/fr\\\/#organization\"},\"potentialAction\":[{\"@type\":\"SearchAction\",\"target\":{\"@type\":\"EntryPoint\",\"urlTemplate\":\"https:\\\/\\\/visit.santcugat.cat\\\/fr\\\/?s={search_term_string}\"},\"query-input\":{\"@type\":\"PropertyValueSpecification\",\"valueRequired\":true,\"valueName\":\"search_term_string\"}}],\"inLanguage\":\"es\"},{\"@type\":\"Organization\",\"@id\":\"https:\\\/\\\/visit.santcugat.cat\\\/fr\\\/#organization\",\"name\":\"Visit Sant Cugat - Turisme de Sant Cugat - Barcelona\",\"url\":\"https:\\\/\\\/visit.santcugat.cat\\\/fr\\\/\",\"logo\":{\"@type\":\"ImageObject\",\"inLanguage\":\"es\",\"@id\":\"https:\\\/\\\/visit.santcugat.cat\\\/fr\\\/#\\\/schema\\\/logo\\\/image\\\/\",\"url\":\"https:\\\/\\\/visit.santcugat.cat\\\/wp-content\\\/uploads\\\/2020\\\/09\\\/logo.png\",\"contentUrl\":\"https:\\\/\\\/visit.santcugat.cat\\\/wp-content\\\/uploads\\\/2020\\\/09\\\/logo.png\",\"width\":200,\"height\":44,\"caption\":\"Visit Sant Cugat - Turisme de Sant Cugat - Barcelona\"},\"image\":{\"@id\":\"https:\\\/\\\/visit.santcugat.cat\\\/fr\\\/#\\\/schema\\\/logo\\\/image\\\/\"},\"sameAs\":[\"https:\\\/\\\/www.facebook.com\\\/visitsantcugat\\\/\",\"https:\\\/\\\/x.com\\\/ajsantcugat\",\"https:\\\/\\\/www.instagram.com\\\/visitsantcugat\\\/\",\"https:\\\/\\\/ca.wikipedia.org\\\/wiki\\\/Sant_Cugat_del_Vall\u00e8s\"]}]}<\/script>\n<!-- \/ Yoast SEO plugin. -->","yoast_head_json":{"title":"Palacio Abacial | Visit Sant Cugat","description":"Palacio Abacial, s\u00edmbolo del poder feudal del Monasterio de Sant Cugat, anteriormente fue hospital y hubo una cisterna.","robots":{"index":"index","follow":"follow","max-snippet":"max-snippet:-1","max-image-preview":"max-image-preview:large","max-video-preview":"max-video-preview:-1"},"canonical":"https:\/\/visit.santcugat.cat\/es\/palacio-abacial\/","og_locale":"es_ES","og_type":"article","og_title":"Palacio Abacial | Visit Sant Cugat","og_description":"Palacio Abacial, s\u00edmbolo del poder feudal del Monasterio de Sant Cugat, anteriormente fue hospital y hubo una cisterna.","og_url":"https:\/\/visit.santcugat.cat\/es\/palacio-abacial\/","og_site_name":"Visit Sant Cugat","article_publisher":"https:\/\/www.facebook.com\/visitsantcugat\/","article_modified_time":"2023-12-03T20:54:38+00:00","og_image":[{"width":984,"height":502,"url":"https:\/\/visit.santcugat.cat\/wp-content\/uploads\/2023\/03\/CLAUSTRE-MONASTERIO-DE-SANT-CUGAT_resultado.webp","type":"image\/webp"}],"twitter_card":"summary_large_image","twitter_site":"@ajsantcugat","twitter_misc":{"Tiempo de lectura":"12 minutos"},"schema":{"@context":"https:\/\/schema.org","@graph":[{"@type":"WebPage","@id":"https:\/\/visit.santcugat.cat\/es\/palacio-abacial\/","url":"https:\/\/visit.santcugat.cat\/es\/palacio-abacial\/","name":"Palacio Abacial | Visit Sant Cugat","isPartOf":{"@id":"https:\/\/visit.santcugat.cat\/fr\/#website"},"datePublished":"2020-02-18T11:56:18+00:00","dateModified":"2023-12-03T20:54:38+00:00","description":"Palacio Abacial, s\u00edmbolo del poder feudal del Monasterio de Sant Cugat, anteriormente fue hospital y hubo una cisterna.","breadcrumb":{"@id":"https:\/\/visit.santcugat.cat\/es\/palacio-abacial\/#breadcrumb"},"inLanguage":"es","potentialAction":[{"@type":"ReadAction","target":["https:\/\/visit.santcugat.cat\/es\/palacio-abacial\/"]}]},{"@type":"BreadcrumbList","@id":"https:\/\/visit.santcugat.cat\/es\/palacio-abacial\/#breadcrumb","itemListElement":[{"@type":"ListItem","position":1,"name":"Inici","item":"https:\/\/visit.santcugat.cat\/es\/"},{"@type":"ListItem","position":2,"name":"Palacio Abacial"}]},{"@type":"WebSite","@id":"https:\/\/visit.santcugat.cat\/fr\/#website","url":"https:\/\/visit.santcugat.cat\/fr\/","name":"Visit Sant Cugat","description":"Turisme de Sant Cugat","publisher":{"@id":"https:\/\/visit.santcugat.cat\/fr\/#organization"},"potentialAction":[{"@type":"SearchAction","target":{"@type":"EntryPoint","urlTemplate":"https:\/\/visit.santcugat.cat\/fr\/?s={search_term_string}"},"query-input":{"@type":"PropertyValueSpecification","valueRequired":true,"valueName":"search_term_string"}}],"inLanguage":"es"},{"@type":"Organization","@id":"https:\/\/visit.santcugat.cat\/fr\/#organization","name":"Visit Sant Cugat - Turisme de Sant Cugat - Barcelona","url":"https:\/\/visit.santcugat.cat\/fr\/","logo":{"@type":"ImageObject","inLanguage":"es","@id":"https:\/\/visit.santcugat.cat\/fr\/#\/schema\/logo\/image\/","url":"https:\/\/visit.santcugat.cat\/wp-content\/uploads\/2020\/09\/logo.png","contentUrl":"https:\/\/visit.santcugat.cat\/wp-content\/uploads\/2020\/09\/logo.png","width":200,"height":44,"caption":"Visit Sant Cugat - Turisme de Sant Cugat - Barcelona"},"image":{"@id":"https:\/\/visit.santcugat.cat\/fr\/#\/schema\/logo\/image\/"},"sameAs":["https:\/\/www.facebook.com\/visitsantcugat\/","https:\/\/x.com\/ajsantcugat","https:\/\/www.instagram.com\/visitsantcugat\/","https:\/\/ca.wikipedia.org\/wiki\/Sant_Cugat_del_Vall\u00e8s"]}]}},"_links":{"self":[{"href":"https:\/\/visit.santcugat.cat\/es\/wp-json\/wp\/v2\/pages\/20143","targetHints":{"allow":["GET"]}}],"collection":[{"href":"https:\/\/visit.santcugat.cat\/es\/wp-json\/wp\/v2\/pages"}],"about":[{"href":"https:\/\/visit.santcugat.cat\/es\/wp-json\/wp\/v2\/types\/page"}],"author":[{"embeddable":true,"href":"https:\/\/visit.santcugat.cat\/es\/wp-json\/wp\/v2\/users\/2"}],"replies":[{"embeddable":true,"href":"https:\/\/visit.santcugat.cat\/es\/wp-json\/wp\/v2\/comments?post=20143"}],"version-history":[{"count":5,"href":"https:\/\/visit.santcugat.cat\/es\/wp-json\/wp\/v2\/pages\/20143\/revisions"}],"predecessor-version":[{"id":39086,"href":"https:\/\/visit.santcugat.cat\/es\/wp-json\/wp\/v2\/pages\/20143\/revisions\/39086"}],"wp:attachment":[{"href":"https:\/\/visit.santcugat.cat\/es\/wp-json\/wp\/v2\/media?parent=20143"}],"curies":[{"name":"wp","href":"https:\/\/api.w.org\/{rel}","templated":true}]}}