{"id":39836,"date":"2024-06-23T14:29:07","date_gmt":"2024-06-23T12:29:07","guid":{"rendered":"https:\/\/visit.santcugat.cat\/how-long\/"},"modified":"2024-07-23T18:16:24","modified_gmt":"2024-07-23T16:16:24","slug":"how-long-do-you-have","status":"publish","type":"page","link":"https:\/\/visit.santcugat.cat\/en\/how-long-do-you-have\/","title":{"rendered":"How long do you have?"},"content":{"rendered":"<p><div class=\"fusion-fullwidth fullwidth-box fusion-builder-row-1 nonhundred-percent-fullwidth non-hundred-percent-height-scrolling\" style=\"--awb-border-radius-top-left:0px;--awb-border-radius-top-right:0px;--awb-border-radius-bottom-right:0px;--awb-border-radius-bottom-left:0px;--awb-margin-bottom:15px;--awb-flex-wrap:wrap;\" ><div class=\"fusion-builder-row fusion-row\"><div class=\"fusion-layout-column fusion_builder_column fusion-builder-column-0 fusion_builder_column_1_1 1_1 fusion-one-full fusion-column-first fusion-column-last\" style=\"--awb-padding-top:20px;--awb-padding-right:40px;--awb-padding-bottom:10px;--awb-padding-left:40px;--awb-bg-color:#ffffff;--awb-bg-color-hover:#ffffff;--awb-bg-size:cover;--awb-border-color:#dddddd;--awb-border-top:1px;--awb-border-right:1px;--awb-border-bottom:1px;--awb-border-left:1px;--awb-border-style:solid;--awb-margin-bottom:25px;\"><div class=\"fusion-column-wrapper fusion-flex-column-wrapper-legacy\"><div class=\"fusion-column-content-centered\"><div class=\"fusion-column-content\"><div class=\"fusion-text fusion-text-1\"><h2 style=\"font-weight: 400;\"><span style=\"color: #7ac142;\">Come to Sant Cugat\u00a0<\/span><\/h2>\n<p>We propose a series of plans to enjoy in Sant Cugat, depending on the time you have to spend in our city and break your routine. We hope you enjoy them as much as we enjoyed preparing them for you.<\/p>\n<p>You will find cultural, leisure, nature, and shopping activities that show what you can do and visit in a few hours, a day, and two days.<\/p>\n<\/div><\/div><\/div><div class=\"fusion-clearfix\"><\/div><\/div><\/div><\/div><\/div><div class=\"fusion-fullwidth fullwidth-box fusion-builder-row-2 nonhundred-percent-fullwidth non-hundred-percent-height-scrolling\" style=\"--awb-border-radius-top-left:0px;--awb-border-radius-top-right:0px;--awb-border-radius-bottom-right:0px;--awb-border-radius-bottom-left:0px;--awb-flex-wrap:wrap;\" id=\"custom_improved_grid\" ><div class=\"fusion-builder-row fusion-row\"><div class=\"fusion-layout-column fusion_builder_column fusion-builder-column-1 fusion_builder_column_1_3 1_3 fusion-one-third fusion-column-first\" style=\"--awb-bg-color:#ffffff;--awb-bg-color-hover:#ffffff;--awb-bg-size:cover;--awb-border-color:#f8f8f8;--awb-border-top:1px;--awb-border-right:1px;--awb-border-bottom:1px;--awb-border-left:1px;--awb-border-style:solid;--awb-margin-bottom:3%;width:30.6666%; margin-right: 4%;\" data-scroll-devices=\"small-visibility,medium-visibility,large-visibility\"><div class=\"fusion-column-wrapper fusion-column-has-shadow fusion-flex-column-wrapper-legacy\"><div class=\"fusion-image-element fusion-image-align-center in-legacy-container\" style=\"text-align:center;--awb-caption-title-font-family:var(--h2_typography-font-family);--awb-caption-title-font-weight:var(--h2_typography-font-weight);--awb-caption-title-font-style:var(--h2_typography-font-style);--awb-caption-title-size:var(--h2_typography-font-size);--awb-caption-title-transform:var(--h2_typography-text-transform);--awb-caption-title-line-height:var(--h2_typography-line-height);--awb-caption-title-letter-spacing:var(--h2_typography-letter-spacing);\"><div class=\"imageframe-align-center\"><span class=\" fusion-imageframe imageframe-none imageframe-1 hover-type-none\" style=\"border:1px solid rgba(246,246,246,0);\"><a class=\"fusion-no-lightbox\" href=\"https:\/\/visit.santcugat.cat\/en\/2-days-in-sant-cugat\/\" target=\"_self\" aria-label=\"itineraris_a_peu\"><img decoding=\"async\" width=\"380\" height=\"253\" alt=\"Collserola: two days in Sant Cugat\" src=\"https:\/\/visit.santcugat.cat\/wp-content\/uploads\/2017\/07\/itineraris_a_peu.jpg\" class=\"img-responsive wp-image-10903\" srcset=\"https:\/\/visit.santcugat.cat\/wp-content\/uploads\/2017\/07\/itineraris_a_peu-200x133.jpg 200w, https:\/\/visit.santcugat.cat\/wp-content\/uploads\/2017\/07\/itineraris_a_peu.jpg 380w\" sizes=\"(max-width: 800px) 100vw, 380px\" \/><\/a><\/span><\/div><\/div><div class=\"fusion-text fusion-text-2\" style=\"--awb-text-color:#8bc34a;\"><h3 style=\"text-align: center;\">2 days<\/h3>\n<\/div><div class=\"fusion-clearfix\"><\/div><\/div><\/div><div class=\"fusion-layout-column fusion_builder_column fusion-builder-column-2 fusion_builder_column_1_3 1_3 fusion-one-third\" style=\"--awb-bg-color:#ffffff;--awb-bg-color-hover:#ffffff;--awb-bg-size:cover;--awb-border-color:#f8f8f8;--awb-border-top:1px;--awb-border-right:1px;--awb-border-bottom:1px;--awb-border-left:1px;--awb-border-style:solid;--awb-margin-bottom:3%;width:30.6666%; margin-right: 4%;\" data-scroll-devices=\"small-visibility,medium-visibility,large-visibility\"><div class=\"fusion-column-wrapper fusion-column-has-shadow fusion-flex-column-wrapper-legacy\"><div class=\"fusion-image-element fusion-image-align-center in-legacy-container\" style=\"text-align:center;--awb-caption-title-font-family:var(--h2_typography-font-family);--awb-caption-title-font-weight:var(--h2_typography-font-weight);--awb-caption-title-font-style:var(--h2_typography-font-style);--awb-caption-title-size:var(--h2_typography-font-size);--awb-caption-title-transform:var(--h2_typography-text-transform);--awb-caption-title-line-height:var(--h2_typography-line-height);--awb-caption-title-letter-spacing:var(--h2_typography-letter-spacing);\"><div class=\"imageframe-align-center\"><span class=\" fusion-imageframe imageframe-none imageframe-2 hover-type-none\" style=\"border:1px solid rgba(246,246,246,0);\"><a class=\"fusion-no-lightbox\" href=\"https:\/\/visit.santcugat.cat\/en\/1-day-in-sant-cugat\/\" target=\"_self\" aria-label=\"ELS-10-IMPRESCINDIBLESmercantic\"><img decoding=\"async\" width=\"370\" height=\"250\" alt=\"Mercantic, a day in Sant Cugat\" src=\"https:\/\/visit.santcugat.cat\/wp-content\/uploads\/2016\/12\/ELS-10-IMPRESCINDIBLESmercantic-1.jpg\" class=\"img-responsive wp-image-7672\" srcset=\"https:\/\/visit.santcugat.cat\/wp-content\/uploads\/2016\/12\/ELS-10-IMPRESCINDIBLESmercantic-1-200x135.jpg 200w, https:\/\/visit.santcugat.cat\/wp-content\/uploads\/2016\/12\/ELS-10-IMPRESCINDIBLESmercantic-1.jpg 370w\" sizes=\"(max-width: 800px) 100vw, 370px\" \/><\/a><\/span><\/div><\/div><div class=\"fusion-text fusion-text-3\"><h3 style=\"text-align: center;\">1 day<\/h3>\n<\/div><div class=\"fusion-clearfix\"><\/div><\/div><\/div><div class=\"fusion-layout-column fusion_builder_column fusion-builder-column-3 fusion_builder_column_1_3 1_3 fusion-one-third fusion-column-last\" style=\"--awb-bg-color:#ffffff;--awb-bg-color-hover:#ffffff;--awb-bg-size:cover;--awb-border-color:#f8f8f8;--awb-border-top:1px;--awb-border-right:1px;--awb-border-bottom:1px;--awb-border-left:1px;--awb-border-style:solid;--awb-margin-bottom:3%;width:30.6666%;\" data-scroll-devices=\"small-visibility,medium-visibility,large-visibility\"><div class=\"fusion-column-wrapper fusion-column-has-shadow fusion-flex-column-wrapper-legacy\"><div class=\"fusion-image-element fusion-image-align-center in-legacy-container\" style=\"text-align:center;--awb-caption-title-font-family:var(--h2_typography-font-family);--awb-caption-title-font-weight:var(--h2_typography-font-weight);--awb-caption-title-font-style:var(--h2_typography-font-style);--awb-caption-title-size:var(--h2_typography-font-size);--awb-caption-title-transform:var(--h2_typography-text-transform);--awb-caption-title-line-height:var(--h2_typography-line-height);--awb-caption-title-letter-spacing:var(--h2_typography-letter-spacing);\"><div class=\"imageframe-align-center\"><span class=\" fusion-imageframe imageframe-none imageframe-3 hover-type-none\" style=\"border:1px solid rgba(246,246,246,0);\"><a class=\"fusion-no-lightbox\" href=\"https:\/\/visit.santcugat.cat\/en\/sant-cugat-in-a-few-hours\/\" target=\"_self\" aria-label=\"PARCS SANT CUGAT\"><img decoding=\"async\" width=\"400\" height=\"273\" alt=\"An afternoon in Sant Cugat. Monastery\" src=\"https:\/\/visit.santcugat.cat\/wp-content\/uploads\/2020\/07\/visita-jardins-monestir-1.jpg\" class=\"img-responsive wp-image-23116\" srcset=\"https:\/\/visit.santcugat.cat\/wp-content\/uploads\/2020\/07\/visita-jardins-monestir-1-200x137.jpg 200w, https:\/\/visit.santcugat.cat\/wp-content\/uploads\/2020\/07\/visita-jardins-monestir-1.jpg 400w\" sizes=\"(max-width: 800px) 100vw, 400px\" \/><\/a><\/span><\/div><\/div><div class=\"fusion-text fusion-text-4\"><h3 style=\"text-align: center;\">A few hours<\/h3>\n<\/div><div class=\"fusion-clearfix\"><\/div><\/div><\/div><\/div><\/div><div class=\"fusion-fullwidth fullwidth-box fusion-builder-row-3 nonhundred-percent-fullwidth non-hundred-percent-height-scrolling\" style=\"--awb-border-radius-top-left:0px;--awb-border-radius-top-right:0px;--awb-border-radius-bottom-right:0px;--awb-border-radius-bottom-left:0px;--awb-flex-wrap:wrap;\" id=\"custom_improved_grid\" ><div class=\"fusion-builder-row fusion-row\"><div class=\"fusion-layout-column fusion_builder_column fusion-builder-column-4 fusion_builder_column_1_3 1_3 fusion-one-third fusion-column-first\" style=\"--awb-bg-color:#ffffff;--awb-bg-color-hover:#ffffff;--awb-bg-size:cover;--awb-border-color:#f8f8f8;--awb-border-top:1px;--awb-border-right:1px;--awb-border-bottom:1px;--awb-border-left:1px;--awb-border-style:solid;--awb-margin-bottom:3%;width:30.6666%; margin-right: 4%;\" data-scroll-devices=\"small-visibility,medium-visibility,large-visibility\"><div class=\"fusion-column-wrapper fusion-column-has-shadow fusion-flex-column-wrapper-legacy\"><div class=\"fusion-image-element fusion-image-align-center in-legacy-container\" style=\"text-align:center;--awb-caption-title-font-family:var(--h2_typography-font-family);--awb-caption-title-font-weight:var(--h2_typography-font-weight);--awb-caption-title-font-style:var(--h2_typography-font-style);--awb-caption-title-size:var(--h2_typography-font-size);--awb-caption-title-transform:var(--h2_typography-text-transform);--awb-caption-title-line-height:var(--h2_typography-line-height);--awb-caption-title-letter-spacing:var(--h2_typography-letter-spacing);\"><div class=\"imageframe-align-center\"><span class=\" fusion-imageframe imageframe-none imageframe-4 hover-type-none\" style=\"border:1px solid rgba(246,246,246,0);\"><a class=\"fusion-no-lightbox\" href=\"https:\/\/visit.santcugat.cat\/en\/audioguide-monastic-ensemble-and-romanesque-cloister\/\" target=\"_self\" aria-label=\"audioguia-postaldigital_sensefrase\"><img decoding=\"async\" width=\"480\" height=\"324\" alt=\"Audio guide of the Monastery of Sant Cugat\" src=\"https:\/\/visit.santcugat.cat\/wp-content\/uploads\/2021\/03\/audioguia-postaldigital_sensefrase-e1615546303367.jpg\" class=\"img-responsive wp-image-25356\"\/><\/a><\/span><\/div><\/div><div class=\"fusion-text fusion-text-5\"><h3 style=\"text-align: center;\">Audio guide of the Monastery<\/h3>\n<\/div><div class=\"fusion-clearfix\"><\/div><\/div><\/div><div class=\"fusion-layout-column fusion_builder_column fusion-builder-column-5 fusion_builder_column_1_3 1_3 fusion-one-third\" style=\"--awb-bg-color:#ffffff;--awb-bg-color-hover:#ffffff;--awb-bg-size:cover;--awb-border-color:#f8f8f8;--awb-border-top:1px;--awb-border-right:1px;--awb-border-bottom:1px;--awb-border-left:1px;--awb-border-style:solid;--awb-margin-bottom:3%;width:30.6666%; margin-right: 4%;\" data-scroll-devices=\"small-visibility,medium-visibility,large-visibility\"><div class=\"fusion-column-wrapper fusion-column-has-shadow fusion-flex-column-wrapper-legacy\"><div class=\"fusion-image-element fusion-image-align-center in-legacy-container\" style=\"text-align:center;--awb-caption-title-font-family:var(--h2_typography-font-family);--awb-caption-title-font-weight:var(--h2_typography-font-weight);--awb-caption-title-font-style:var(--h2_typography-font-style);--awb-caption-title-size:var(--h2_typography-font-size);--awb-caption-title-transform:var(--h2_typography-text-transform);--awb-caption-title-line-height:var(--h2_typography-line-height);--awb-caption-title-letter-spacing:var(--h2_typography-letter-spacing);\"><div class=\"imageframe-align-center\"><span class=\" fusion-imageframe imageframe-none imageframe-5 hover-type-none\" style=\"border:1px solid rgba(246,246,246,0);\"><a class=\"fusion-no-lightbox\" href=\"https:\/\/visit.santcugat.cat\/en\/sant-cugat-hotels\/\" target=\"_self\" aria-label=\"hotelito\"><img decoding=\"async\" width=\"600\" height=\"400\" alt=\"Accommodation in Sant Cugat\" src=\"https:\/\/visit.santcugat.cat\/wp-content\/uploads\/2021\/03\/hotelito.jpg\" class=\"img-responsive wp-image-25304\" srcset=\"https:\/\/visit.santcugat.cat\/wp-content\/uploads\/2021\/03\/hotelito-200x133.jpg 200w, https:\/\/visit.santcugat.cat\/wp-content\/uploads\/2021\/03\/hotelito-400x267.jpg 400w, https:\/\/visit.santcugat.cat\/wp-content\/uploads\/2021\/03\/hotelito.jpg 600w\" sizes=\"(max-width: 800px) 100vw, 400px\" \/><\/a><\/span><\/div><\/div><div class=\"fusion-text fusion-text-6\"><h3 style=\"text-align: center;\">Where to sleep?<\/h3>\n<\/div><div class=\"fusion-clearfix\"><\/div><\/div><\/div><div class=\"fusion-layout-column fusion_builder_column fusion-builder-column-6 fusion_builder_column_1_3 1_3 fusion-one-third fusion-column-last\" style=\"--awb-bg-color:#ffffff;--awb-bg-color-hover:#ffffff;--awb-bg-size:cover;--awb-border-color:#f8f8f8;--awb-border-top:1px;--awb-border-right:1px;--awb-border-bottom:1px;--awb-border-left:1px;--awb-border-style:solid;--awb-margin-bottom:3%;width:30.6666%;\" data-scroll-devices=\"small-visibility,medium-visibility,large-visibility\"><div class=\"fusion-column-wrapper fusion-column-has-shadow fusion-flex-column-wrapper-legacy\"><div class=\"fusion-image-element fusion-image-align-center in-legacy-container\" style=\"text-align:center;--awb-caption-title-font-family:var(--h2_typography-font-family);--awb-caption-title-font-weight:var(--h2_typography-font-weight);--awb-caption-title-font-style:var(--h2_typography-font-style);--awb-caption-title-size:var(--h2_typography-font-size);--awb-caption-title-transform:var(--h2_typography-text-transform);--awb-caption-title-line-height:var(--h2_typography-line-height);--awb-caption-title-letter-spacing:var(--h2_typography-letter-spacing);\"><div class=\"imageframe-align-center\"><span class=\" fusion-imageframe imageframe-none imageframe-6 hover-type-none\" style=\"border:1px solid rgba(246,246,246,0);\"><a class=\"fusion-no-lightbox\" href=\"https:\/\/visit.santcugat.cat\/wp-content\/uploads\/2023\/10\/Mapa-sant-cugat-del-valles-set-2022.pdf\" target=\"_self\" aria-label=\"Planol_Turistic\"><img decoding=\"async\" width=\"1024\" height=\"683\" alt=\"Tourist map\" src=\"https:\/\/visit.santcugat.cat\/wp-content\/uploads\/2018\/10\/Planol_Turistic-e1615379679656.jpg\" class=\"img-responsive wp-image-16129\" srcset=\"https:\/\/visit.santcugat.cat\/wp-content\/uploads\/2018\/10\/Planol_Turistic-e1615379679656-500x333.jpg 500w, https:\/\/visit.santcugat.cat\/wp-content\/uploads\/2018\/10\/Planol_Turistic-e1615379679656-700x467.jpg 700w, https:\/\/visit.santcugat.cat\/wp-content\/uploads\/2018\/10\/Planol_Turistic-e1615379679656.jpg 1024w\" sizes=\"(max-width: 1024px) 100vw, 1024px\" \/><\/a><\/span><\/div><\/div><div class=\"fusion-text fusion-text-7\"><h3 style=\"text-align: center;\">Tourist map<\/h3>\n<\/div><div class=\"fusion-clearfix\"><\/div><\/div><\/div><\/div><\/div><div class=\"fusion-fullwidth fullwidth-box fusion-builder-row-4 fusion-flex-container nonhundred-percent-fullwidth non-hundred-percent-height-scrolling\" style=\"--awb-border-radius-top-left:0px;--awb-border-radius-top-right:0px;--awb-border-radius-bottom-right:0px;--awb-border-radius-bottom-left:0px;--awb-flex-wrap:wrap;\" ><div class=\"fusion-builder-row fusion-row fusion-flex-align-items-flex-start fusion-flex-content-wrap\" style=\"max-width:1216.8px;margin-left: calc(-4% \/ 2 );margin-right: calc(-4% \/ 2 );\"><div class=\"fusion-layout-column fusion_builder_column fusion-builder-column-7 fusion_builder_column_1_1 1_1 fusion-flex-column\" style=\"--awb-padding-top:20px;--awb-padding-right:40px;--awb-padding-bottom:10px;--awb-padding-left:40px;--awb-bg-color:#ffffff;--awb-bg-color-hover:#ffffff;--awb-bg-size:cover;--awb-border-color:#dddddd;--awb-border-top:1px;--awb-border-right:1px;--awb-border-bottom:1px;--awb-border-left:1px;--awb-border-style:solid;--awb-width-large:100%;--awb-margin-top-large:0px;--awb-spacing-right-large:1.92%;--awb-margin-bottom-large:25px;--awb-spacing-left-large:1.92%;--awb-width-medium:100%;--awb-spacing-right-medium:1.92%;--awb-spacing-left-medium:1.92%;--awb-width-small:100%;--awb-spacing-right-small:1.92%;--awb-spacing-left-small:1.92%;\"><div class=\"fusion-column-wrapper fusion-flex-justify-content-center fusion-content-layout-column\"><div class=\"fusion-title title fusion-title-1 fusion-sep-none fusion-title-text fusion-title-size-two\"><h2 class=\"fusion-title-heading title-heading-left fusion-responsive-typography-calculated\" style=\"margin:0;--fontSize:26;line-height:1.69;\"><h2>More information at the Tourist Office<\/h2><\/h2><\/div><div class=\"fusion-text fusion-text-8\"><p>If you would like to receive personalised attention and a plan adapted to your needs, we recommend that you contact the Sant Cugat Tourist Office, where we will provide you with more information on the cultural, tourist, natural and gastronomic attractions that the city has to offer to ensure you have a great stay.<\/p>\n<ul>\n<li>Contact us through this form.<\/li>\n<li>Call us on the telephone: 936 759 952<\/li>\n<li>Visit us at pla\u00e7a d&#8217;Octavi\u00e0, 10, Sant Cugat del Vall\u00e8s.<\/li>\n<\/ul>\n<\/div><\/div><\/div><\/div><\/div><\/p>\n","protected":false},"excerpt":{"rendered":"","protected":false},"author":2,"featured_media":0,"parent":0,"menu_order":0,"comment_status":"closed","ping_status":"closed","template":"","meta":{"_joinchat":[],"footnotes":""},"class_list":["post-39836","page","type-page","status-publish","hentry"],"yoast_head":"<!-- This site is optimized with the Yoast SEO plugin v27.3 - https:\/\/yoast.com\/product\/yoast-seo-wordpress\/ -->\n<title>What to do in an afternoon, 24 or 48 h in Sant Cugat, Barcelona?<\/title>\n<meta name=\"description\" content=\"Do you want to break your routine? Here we propose a series of super interesting plans based on the time you will spend in the city.\" \/>\n<meta name=\"robots\" content=\"index, follow, max-snippet:-1, max-image-preview:large, max-video-preview:-1\" \/>\n<link rel=\"canonical\" href=\"https:\/\/visit.santcugat.cat\/en\/how-long-do-you-have\/\" \/>\n<meta property=\"og:locale\" content=\"en_US\" \/>\n<meta property=\"og:type\" content=\"article\" \/>\n<meta property=\"og:title\" content=\"What to do in an afternoon, 24 or 48 h in Sant Cugat, Barcelona?\" \/>\n<meta property=\"og:description\" content=\"Do you want to break your routine? Here we propose a series of super interesting plans based on the time you will spend in the city.\" \/>\n<meta property=\"og:url\" content=\"https:\/\/visit.santcugat.cat\/en\/how-long-do-you-have\/\" \/>\n<meta property=\"og:site_name\" content=\"Visit Sant Cugat\" \/>\n<meta property=\"article:publisher\" content=\"https:\/\/www.facebook.com\/visitsantcugat\/\" \/>\n<meta property=\"article:modified_time\" content=\"2024-07-23T16:16:24+00:00\" \/>\n<meta property=\"og:image\" content=\"https:\/\/visit.santcugat.cat\/wp-content\/uploads\/2023\/03\/CLAUSTRE-MONASTERIO-DE-SANT-CUGAT_resultado.webp\" \/>\n\t<meta property=\"og:image:width\" content=\"984\" \/>\n\t<meta property=\"og:image:height\" content=\"502\" \/>\n\t<meta property=\"og:image:type\" content=\"image\/webp\" \/>\n<meta name=\"twitter:card\" content=\"summary_large_image\" \/>\n<meta name=\"twitter:site\" content=\"@ajsantcugat\" \/>\n<meta name=\"twitter:label1\" content=\"Est. reading time\" \/>\n\t<meta name=\"twitter:data1\" content=\"3 minutes\" \/>\n<script type=\"application\/ld+json\" class=\"yoast-schema-graph\">{\"@context\":\"https:\\\/\\\/schema.org\",\"@graph\":[{\"@type\":\"WebPage\",\"@id\":\"https:\\\/\\\/visit.santcugat.cat\\\/en\\\/how-long-do-you-have\\\/\",\"url\":\"https:\\\/\\\/visit.santcugat.cat\\\/en\\\/how-long-do-you-have\\\/\",\"name\":\"What to do in an afternoon, 24 or 48 h in Sant Cugat, Barcelona?\",\"isPartOf\":{\"@id\":\"https:\\\/\\\/visit.santcugat.cat\\\/fr\\\/#website\"},\"datePublished\":\"2024-06-23T12:29:07+00:00\",\"dateModified\":\"2024-07-23T16:16:24+00:00\",\"description\":\"Do you want to break your routine? Here we propose a series of super interesting plans based on the time you will spend in the city.\",\"breadcrumb\":{\"@id\":\"https:\\\/\\\/visit.santcugat.cat\\\/en\\\/how-long-do-you-have\\\/#breadcrumb\"},\"inLanguage\":\"en-US\",\"potentialAction\":[{\"@type\":\"ReadAction\",\"target\":[\"https:\\\/\\\/visit.santcugat.cat\\\/en\\\/how-long-do-you-have\\\/\"]}]},{\"@type\":\"BreadcrumbList\",\"@id\":\"https:\\\/\\\/visit.santcugat.cat\\\/en\\\/how-long-do-you-have\\\/#breadcrumb\",\"itemListElement\":[{\"@type\":\"ListItem\",\"position\":1,\"name\":\"Inici\",\"item\":\"https:\\\/\\\/visit.santcugat.cat\\\/en\\\/\"},{\"@type\":\"ListItem\",\"position\":2,\"name\":\"How long do you have?\"}]},{\"@type\":\"WebSite\",\"@id\":\"https:\\\/\\\/visit.santcugat.cat\\\/fr\\\/#website\",\"url\":\"https:\\\/\\\/visit.santcugat.cat\\\/fr\\\/\",\"name\":\"Visit Sant Cugat\",\"description\":\"Turisme de Sant Cugat\",\"publisher\":{\"@id\":\"https:\\\/\\\/visit.santcugat.cat\\\/fr\\\/#organization\"},\"potentialAction\":[{\"@type\":\"SearchAction\",\"target\":{\"@type\":\"EntryPoint\",\"urlTemplate\":\"https:\\\/\\\/visit.santcugat.cat\\\/fr\\\/?s={search_term_string}\"},\"query-input\":{\"@type\":\"PropertyValueSpecification\",\"valueRequired\":true,\"valueName\":\"search_term_string\"}}],\"inLanguage\":\"en-US\"},{\"@type\":\"Organization\",\"@id\":\"https:\\\/\\\/visit.santcugat.cat\\\/fr\\\/#organization\",\"name\":\"Visit Sant Cugat - Turisme de Sant Cugat - Barcelona\",\"url\":\"https:\\\/\\\/visit.santcugat.cat\\\/fr\\\/\",\"logo\":{\"@type\":\"ImageObject\",\"inLanguage\":\"en-US\",\"@id\":\"https:\\\/\\\/visit.santcugat.cat\\\/fr\\\/#\\\/schema\\\/logo\\\/image\\\/\",\"url\":\"https:\\\/\\\/visit.santcugat.cat\\\/wp-content\\\/uploads\\\/2020\\\/09\\\/logo.png\",\"contentUrl\":\"https:\\\/\\\/visit.santcugat.cat\\\/wp-content\\\/uploads\\\/2020\\\/09\\\/logo.png\",\"width\":200,\"height\":44,\"caption\":\"Visit Sant Cugat - Turisme de Sant Cugat - Barcelona\"},\"image\":{\"@id\":\"https:\\\/\\\/visit.santcugat.cat\\\/fr\\\/#\\\/schema\\\/logo\\\/image\\\/\"},\"sameAs\":[\"https:\\\/\\\/www.facebook.com\\\/visitsantcugat\\\/\",\"https:\\\/\\\/x.com\\\/ajsantcugat\",\"https:\\\/\\\/www.instagram.com\\\/visitsantcugat\\\/\",\"https:\\\/\\\/ca.wikipedia.org\\\/wiki\\\/Sant_Cugat_del_Vall\u00e8s\"]}]}<\/script>\n<!-- \/ Yoast SEO plugin. -->","yoast_head_json":{"title":"What to do in an afternoon, 24 or 48 h in Sant Cugat, Barcelona?","description":"Do you want to break your routine? Here we propose a series of super interesting plans based on the time you will spend in the city.","robots":{"index":"index","follow":"follow","max-snippet":"max-snippet:-1","max-image-preview":"max-image-preview:large","max-video-preview":"max-video-preview:-1"},"canonical":"https:\/\/visit.santcugat.cat\/en\/how-long-do-you-have\/","og_locale":"en_US","og_type":"article","og_title":"What to do in an afternoon, 24 or 48 h in Sant Cugat, Barcelona?","og_description":"Do you want to break your routine? Here we propose a series of super interesting plans based on the time you will spend in the city.","og_url":"https:\/\/visit.santcugat.cat\/en\/how-long-do-you-have\/","og_site_name":"Visit Sant Cugat","article_publisher":"https:\/\/www.facebook.com\/visitsantcugat\/","article_modified_time":"2024-07-23T16:16:24+00:00","og_image":[{"width":984,"height":502,"url":"https:\/\/visit.santcugat.cat\/wp-content\/uploads\/2023\/03\/CLAUSTRE-MONASTERIO-DE-SANT-CUGAT_resultado.webp","type":"image\/webp"}],"twitter_card":"summary_large_image","twitter_site":"@ajsantcugat","twitter_misc":{"Est. reading time":"3 minutes"},"schema":{"@context":"https:\/\/schema.org","@graph":[{"@type":"WebPage","@id":"https:\/\/visit.santcugat.cat\/en\/how-long-do-you-have\/","url":"https:\/\/visit.santcugat.cat\/en\/how-long-do-you-have\/","name":"What to do in an afternoon, 24 or 48 h in Sant Cugat, Barcelona?","isPartOf":{"@id":"https:\/\/visit.santcugat.cat\/fr\/#website"},"datePublished":"2024-06-23T12:29:07+00:00","dateModified":"2024-07-23T16:16:24+00:00","description":"Do you want to break your routine? Here we propose a series of super interesting plans based on the time you will spend in the city.","breadcrumb":{"@id":"https:\/\/visit.santcugat.cat\/en\/how-long-do-you-have\/#breadcrumb"},"inLanguage":"en-US","potentialAction":[{"@type":"ReadAction","target":["https:\/\/visit.santcugat.cat\/en\/how-long-do-you-have\/"]}]},{"@type":"BreadcrumbList","@id":"https:\/\/visit.santcugat.cat\/en\/how-long-do-you-have\/#breadcrumb","itemListElement":[{"@type":"ListItem","position":1,"name":"Inici","item":"https:\/\/visit.santcugat.cat\/en\/"},{"@type":"ListItem","position":2,"name":"How long do you have?"}]},{"@type":"WebSite","@id":"https:\/\/visit.santcugat.cat\/fr\/#website","url":"https:\/\/visit.santcugat.cat\/fr\/","name":"Visit Sant Cugat","description":"Turisme de Sant Cugat","publisher":{"@id":"https:\/\/visit.santcugat.cat\/fr\/#organization"},"potentialAction":[{"@type":"SearchAction","target":{"@type":"EntryPoint","urlTemplate":"https:\/\/visit.santcugat.cat\/fr\/?s={search_term_string}"},"query-input":{"@type":"PropertyValueSpecification","valueRequired":true,"valueName":"search_term_string"}}],"inLanguage":"en-US"},{"@type":"Organization","@id":"https:\/\/visit.santcugat.cat\/fr\/#organization","name":"Visit Sant Cugat - Turisme de Sant Cugat - Barcelona","url":"https:\/\/visit.santcugat.cat\/fr\/","logo":{"@type":"ImageObject","inLanguage":"en-US","@id":"https:\/\/visit.santcugat.cat\/fr\/#\/schema\/logo\/image\/","url":"https:\/\/visit.santcugat.cat\/wp-content\/uploads\/2020\/09\/logo.png","contentUrl":"https:\/\/visit.santcugat.cat\/wp-content\/uploads\/2020\/09\/logo.png","width":200,"height":44,"caption":"Visit Sant Cugat - Turisme de Sant Cugat - Barcelona"},"image":{"@id":"https:\/\/visit.santcugat.cat\/fr\/#\/schema\/logo\/image\/"},"sameAs":["https:\/\/www.facebook.com\/visitsantcugat\/","https:\/\/x.com\/ajsantcugat","https:\/\/www.instagram.com\/visitsantcugat\/","https:\/\/ca.wikipedia.org\/wiki\/Sant_Cugat_del_Vall\u00e8s"]}]}},"_links":{"self":[{"href":"https:\/\/visit.santcugat.cat\/en\/wp-json\/wp\/v2\/pages\/39836","targetHints":{"allow":["GET"]}}],"collection":[{"href":"https:\/\/visit.santcugat.cat\/en\/wp-json\/wp\/v2\/pages"}],"about":[{"href":"https:\/\/visit.santcugat.cat\/en\/wp-json\/wp\/v2\/types\/page"}],"author":[{"embeddable":true,"href":"https:\/\/visit.santcugat.cat\/en\/wp-json\/wp\/v2\/users\/2"}],"replies":[{"embeddable":true,"href":"https:\/\/visit.santcugat.cat\/en\/wp-json\/wp\/v2\/comments?post=39836"}],"version-history":[{"count":5,"href":"https:\/\/visit.santcugat.cat\/en\/wp-json\/wp\/v2\/pages\/39836\/revisions"}],"predecessor-version":[{"id":39843,"href":"https:\/\/visit.santcugat.cat\/en\/wp-json\/wp\/v2\/pages\/39836\/revisions\/39843"}],"wp:attachment":[{"href":"https:\/\/visit.santcugat.cat\/en\/wp-json\/wp\/v2\/media?parent=39836"}],"curies":[{"name":"wp","href":"https:\/\/api.w.org\/{rel}","templated":true}]}}